{"id":29748,"date":"2023-03-16T19:24:24","date_gmt":"2023-03-16T23:23:38","guid":{"rendered":"https:\/\/www.qnde.ca\/?post_type=product&#038;p=29748"},"modified":"2025-11-11T14:52:07","modified_gmt":"2025-11-11T19:52:07","slug":"nomad-ascent-lampe-inspection","status":"publish","type":"product","link":"https:\/\/www.qnde.ca\/fr\/produit\/nomad-ascent-lampe-inspection\/","title":{"rendered":"REL NOMAD-ASCENT UV-5400 LAMPE DE POCHE DEL UV"},"content":{"rendered":"<h3><strong>REL<\/strong> <strong>NOMAD-ASCENT UV-5400, LAMPE DE POCHE DEL UV<\/strong><\/h3>\n<p>La lampe de poche DEL UV Nomad-Ascent de REL est utilis\u00e9e pour l&rsquo;inspection aux particules magn\u00e9tiques fluorescentes et l\u2019inspection par ressuage. Certifi\u00e9 IP67, cette l\u00e9g\u00e8re lampe de poche de 7oz (198g) est dot\u00e9e d&rsquo;une poign\u00e9e confortable avec attache pour se fixer \u00e0 la poche, ainsi qu\u2019une base filet\u00e9e \u00bc-20 ainsi que magn\u00e9tique pour une utilisation \u00e0 mains libres en la collant \u00e0 toutes surfaces m\u00e9talliques ferreuses.<\/p>\n<p>Cette lampe de poche \u00e9claire en UV un diam\u00e8tre de 12&Prime; (30cm) \u00e0 plus de 1000 \u00b5W\/cm2 \u00e0 15&Prime; (38cm) pendant 1,5 heure avec chaque batterie Li-ion incluse. Conforme aux normes ASTM E3022, RRES 90061, ISO 3059 et AITM6-1001.<\/p>\n<p>Le kit standard comprend: lampe de poche avec bandeau, une base magn\u00e9tique, quatre batteries rechargeables, un chargeur 120VAC, une attache de poche, valise de transport rigide et une garantie de 5 ans.<\/p>\n","protected":false},"excerpt":{"rendered":"<p>REL NOMAD-ASCENT UV-5400, LAMPE DE POCHE DEL UV La lampe de poche DEL UV Nomad-Ascent de REL est utilis\u00e9e pour l&rsquo;inspection aux particules magn\u00e9tiques fluorescentes et l\u2019inspection par ressuage. Certifi\u00e9 IP67, cette l\u00e9g\u00e8re lampe de poche de 7oz (198g) est dot\u00e9e d&rsquo;une poign\u00e9e confortable avec attache pour se fixer \u00e0 la poche, ainsi qu\u2019une base [&hellip;]<\/p>\n","protected":false},"featured_media":29743,"template":"","meta":{"_monsterinsights_skip_tracking":false,"_monsterinsights_sitenote_active":false,"_monsterinsights_sitenote_note":"","_monsterinsights_sitenote_category":0},"product_brand":[],"product_cat":[397,133],"product_tag":[],"class_list":{"0":"post-29748","1":"product","2":"type-product","3":"status-publish","4":"has-post-thumbnail","6":"product_cat-rel-fr","7":"product_cat-lampes-uv","9":"first","10":"instock","11":"shipping-taxable","12":"purchasable","13":"product-type-simple"},"yoast_head":"<!-- This site is optimized with the Yoast SEO plugin v23.9 - https:\/\/yoast.com\/wordpress\/plugins\/seo\/ -->\n<title>REL NOMAD-ASCENT UV-5400 LAMPE DE POCHE DEL UV &#060; Qualit\u00e9 NDE<\/title>\n<meta name=\"description\" content=\"La lampe UV DEL Nomad-Ascent REL est utilis\u00e9e pour l&#039;inspection par particules magn\u00e9tiques fluorescentes et l\u2019inspection par ressuage. Certifi\u00e9 IP67.\" \/>\n<meta name=\"robots\" content=\"index, follow, max-snippet:-1, max-image-preview:large, max-video-preview:-1\" \/>\n<link rel=\"canonical\" href=\"https:\/\/www.qnde.ca\/fr\/produit\/nomad-ascent-lampe-inspection\/\" \/>\n<meta name=\"twitter:label1\" content=\"Dur\u00e9e de lecture estim\u00e9e\" \/>\n\t<meta name=\"twitter:data1\" content=\"1 minute\" \/>\n<script type=\"application\/ld+json\" class=\"yoast-schema-graph\">{\"@context\":\"https:\/\/schema.org\",\"@graph\":[{\"@type\":[\"WebPage\",\"ItemPage\"],\"@id\":\"https:\/\/www.qnde.ca\/fr\/produit\/nomad-ascent-lampe-inspection\/\",\"url\":\"https:\/\/www.qnde.ca\/fr\/produit\/nomad-ascent-lampe-inspection\/\",\"name\":\"REL NOMAD-ASCENT UV-5400 LAMPE DE POCHE DEL UV &#060; Qualit\u00e9 NDE\",\"isPartOf\":{\"@id\":\"https:\/\/www.qnde.ca\/#website\"},\"primaryImageOfPage\":{\"@id\":\"https:\/\/www.qnde.ca\/fr\/produit\/nomad-ascent-lampe-inspection\/#primaryimage\"},\"image\":{\"@id\":\"https:\/\/www.qnde.ca\/fr\/produit\/nomad-ascent-lampe-inspection\/#primaryimage\"},\"thumbnailUrl\":\"https:\/\/www.qnde.ca\/wp-content\/uploads\/2023\/03\/REL-Nomad-Ascent-LED-UV-Lamp-Flashlight-Headlamp.jpg\",\"datePublished\":\"2023-03-16T23:23:38+00:00\",\"dateModified\":\"2025-11-11T19:52:07+00:00\",\"description\":\"La lampe UV DEL Nomad-Ascent REL est utilis\u00e9e pour l'inspection par particules magn\u00e9tiques fluorescentes et l\u2019inspection par ressuage. Certifi\u00e9 IP67.\",\"breadcrumb\":{\"@id\":\"https:\/\/www.qnde.ca\/fr\/produit\/nomad-ascent-lampe-inspection\/#breadcrumb\"},\"inLanguage\":\"fr-FR\",\"potentialAction\":[{\"@type\":\"ReadAction\",\"target\":[\"https:\/\/www.qnde.ca\/fr\/produit\/nomad-ascent-lampe-inspection\/\"]}]},{\"@type\":\"ImageObject\",\"inLanguage\":\"fr-FR\",\"@id\":\"https:\/\/www.qnde.ca\/fr\/produit\/nomad-ascent-lampe-inspection\/#primaryimage\",\"url\":\"https:\/\/www.qnde.ca\/wp-content\/uploads\/2023\/03\/REL-Nomad-Ascent-LED-UV-Lamp-Flashlight-Headlamp.jpg\",\"contentUrl\":\"https:\/\/www.qnde.ca\/wp-content\/uploads\/2023\/03\/REL-Nomad-Ascent-LED-UV-Lamp-Flashlight-Headlamp.jpg\",\"width\":1000,\"height\":500},{\"@type\":\"BreadcrumbList\",\"@id\":\"https:\/\/www.qnde.ca\/fr\/produit\/nomad-ascent-lampe-inspection\/#breadcrumb\",\"itemListElement\":[{\"@type\":\"ListItem\",\"position\":1,\"name\":\"Accueil\",\"item\":\"https:\/\/www.qnde.ca\/fr\/\"},{\"@type\":\"ListItem\",\"position\":2,\"name\":\"Produits\",\"item\":\"https:\/\/www.qnde.ca\/fr\/produits\/\"},{\"@type\":\"ListItem\",\"position\":3,\"name\":\"Marques\",\"item\":\"https:\/\/www.qnde.ca\/fr\/product-category\/marques\/\"},{\"@type\":\"ListItem\",\"position\":4,\"name\":\"REL Inc.\",\"item\":\"https:\/\/www.qnde.ca\/fr\/product-category\/marques\/rel-fr\/\"},{\"@type\":\"ListItem\",\"position\":5,\"name\":\"REL NOMAD-ASCENT UV-5400 LAMPE DE POCHE DEL UV\"}]},{\"@type\":\"WebSite\",\"@id\":\"https:\/\/www.qnde.ca\/#website\",\"url\":\"https:\/\/www.qnde.ca\/\",\"name\":\"Qualit\u00e9 NDE\",\"description\":\"\u00c9quipements d&#039;essais non destructifs \",\"publisher\":{\"@id\":\"https:\/\/www.qnde.ca\/#organization\"},\"potentialAction\":[{\"@type\":\"SearchAction\",\"target\":{\"@type\":\"EntryPoint\",\"urlTemplate\":\"https:\/\/www.qnde.ca\/?s={search_term_string}\"},\"query-input\":{\"@type\":\"PropertyValueSpecification\",\"valueRequired\":true,\"valueName\":\"search_term_string\"}}],\"inLanguage\":\"fr-FR\"},{\"@type\":\"Organization\",\"@id\":\"https:\/\/www.qnde.ca\/#organization\",\"name\":\"Quality NDT Ltd.\",\"url\":\"https:\/\/www.qnde.ca\/\",\"logo\":{\"@type\":\"ImageObject\",\"inLanguage\":\"fr-FR\",\"@id\":\"https:\/\/www.qnde.ca\/#\/schema\/logo\/image\/\",\"url\":\"https:\/\/www.qnde.ca\/wp-content\/uploads\/2022\/02\/QNDE_logo_RGB-gif.gif\",\"contentUrl\":\"https:\/\/www.qnde.ca\/wp-content\/uploads\/2022\/02\/QNDE_logo_RGB-gif.gif\",\"width\":250,\"height\":64,\"caption\":\"Quality NDT Ltd.\"},\"image\":{\"@id\":\"https:\/\/www.qnde.ca\/#\/schema\/logo\/image\/\"},\"sameAs\":[\"https:\/\/www.linkedin.com\/company\/qnde\/about\/?viewAsMember=true\"]}]}<\/script>\n<!-- \/ Yoast SEO plugin. -->","yoast_head_json":{"title":"REL NOMAD-ASCENT UV-5400 LAMPE DE POCHE DEL UV &#060; Qualit\u00e9 NDE","description":"La lampe UV DEL Nomad-Ascent REL est utilis\u00e9e pour l'inspection par particules magn\u00e9tiques fluorescentes et l\u2019inspection par ressuage. Certifi\u00e9 IP67.","robots":{"index":"index","follow":"follow","max-snippet":"max-snippet:-1","max-image-preview":"max-image-preview:large","max-video-preview":"max-video-preview:-1"},"canonical":"https:\/\/www.qnde.ca\/fr\/produit\/nomad-ascent-lampe-inspection\/","twitter_misc":{"Dur\u00e9e de lecture estim\u00e9e":"1 minute"},"schema":{"@context":"https:\/\/schema.org","@graph":[{"@type":["WebPage","ItemPage"],"@id":"https:\/\/www.qnde.ca\/fr\/produit\/nomad-ascent-lampe-inspection\/","url":"https:\/\/www.qnde.ca\/fr\/produit\/nomad-ascent-lampe-inspection\/","name":"REL NOMAD-ASCENT UV-5400 LAMPE DE POCHE DEL UV &#060; Qualit\u00e9 NDE","isPartOf":{"@id":"https:\/\/www.qnde.ca\/#website"},"primaryImageOfPage":{"@id":"https:\/\/www.qnde.ca\/fr\/produit\/nomad-ascent-lampe-inspection\/#primaryimage"},"image":{"@id":"https:\/\/www.qnde.ca\/fr\/produit\/nomad-ascent-lampe-inspection\/#primaryimage"},"thumbnailUrl":"https:\/\/www.qnde.ca\/wp-content\/uploads\/2023\/03\/REL-Nomad-Ascent-LED-UV-Lamp-Flashlight-Headlamp.jpg","datePublished":"2023-03-16T23:23:38+00:00","dateModified":"2025-11-11T19:52:07+00:00","description":"La lampe UV DEL Nomad-Ascent REL est utilis\u00e9e pour l'inspection par particules magn\u00e9tiques fluorescentes et l\u2019inspection par ressuage. Certifi\u00e9 IP67.","breadcrumb":{"@id":"https:\/\/www.qnde.ca\/fr\/produit\/nomad-ascent-lampe-inspection\/#breadcrumb"},"inLanguage":"fr-FR","potentialAction":[{"@type":"ReadAction","target":["https:\/\/www.qnde.ca\/fr\/produit\/nomad-ascent-lampe-inspection\/"]}]},{"@type":"ImageObject","inLanguage":"fr-FR","@id":"https:\/\/www.qnde.ca\/fr\/produit\/nomad-ascent-lampe-inspection\/#primaryimage","url":"https:\/\/www.qnde.ca\/wp-content\/uploads\/2023\/03\/REL-Nomad-Ascent-LED-UV-Lamp-Flashlight-Headlamp.jpg","contentUrl":"https:\/\/www.qnde.ca\/wp-content\/uploads\/2023\/03\/REL-Nomad-Ascent-LED-UV-Lamp-Flashlight-Headlamp.jpg","width":1000,"height":500},{"@type":"BreadcrumbList","@id":"https:\/\/www.qnde.ca\/fr\/produit\/nomad-ascent-lampe-inspection\/#breadcrumb","itemListElement":[{"@type":"ListItem","position":1,"name":"Accueil","item":"https:\/\/www.qnde.ca\/fr\/"},{"@type":"ListItem","position":2,"name":"Produits","item":"https:\/\/www.qnde.ca\/fr\/produits\/"},{"@type":"ListItem","position":3,"name":"Marques","item":"https:\/\/www.qnde.ca\/fr\/product-category\/marques\/"},{"@type":"ListItem","position":4,"name":"REL Inc.","item":"https:\/\/www.qnde.ca\/fr\/product-category\/marques\/rel-fr\/"},{"@type":"ListItem","position":5,"name":"REL NOMAD-ASCENT UV-5400 LAMPE DE POCHE DEL UV"}]},{"@type":"WebSite","@id":"https:\/\/www.qnde.ca\/#website","url":"https:\/\/www.qnde.ca\/","name":"Qualit\u00e9 NDE","description":"\u00c9quipements d&#039;essais non destructifs ","publisher":{"@id":"https:\/\/www.qnde.ca\/#organization"},"potentialAction":[{"@type":"SearchAction","target":{"@type":"EntryPoint","urlTemplate":"https:\/\/www.qnde.ca\/?s={search_term_string}"},"query-input":{"@type":"PropertyValueSpecification","valueRequired":true,"valueName":"search_term_string"}}],"inLanguage":"fr-FR"},{"@type":"Organization","@id":"https:\/\/www.qnde.ca\/#organization","name":"Quality NDT Ltd.","url":"https:\/\/www.qnde.ca\/","logo":{"@type":"ImageObject","inLanguage":"fr-FR","@id":"https:\/\/www.qnde.ca\/#\/schema\/logo\/image\/","url":"https:\/\/www.qnde.ca\/wp-content\/uploads\/2022\/02\/QNDE_logo_RGB-gif.gif","contentUrl":"https:\/\/www.qnde.ca\/wp-content\/uploads\/2022\/02\/QNDE_logo_RGB-gif.gif","width":250,"height":64,"caption":"Quality NDT Ltd."},"image":{"@id":"https:\/\/www.qnde.ca\/#\/schema\/logo\/image\/"},"sameAs":["https:\/\/www.linkedin.com\/company\/qnde\/about\/?viewAsMember=true"]}]}},"jetpack_sharing_enabled":true,"_links":{"self":[{"href":"https:\/\/www.qnde.ca\/fr\/wp-json\/wp\/v2\/product\/29748","targetHints":{"allow":["GET"]}}],"collection":[{"href":"https:\/\/www.qnde.ca\/fr\/wp-json\/wp\/v2\/product"}],"about":[{"href":"https:\/\/www.qnde.ca\/fr\/wp-json\/wp\/v2\/types\/product"}],"wp:featuredmedia":[{"embeddable":true,"href":"https:\/\/www.qnde.ca\/fr\/wp-json\/wp\/v2\/media\/29743"}],"wp:attachment":[{"href":"https:\/\/www.qnde.ca\/fr\/wp-json\/wp\/v2\/media?parent=29748"}],"wp:term":[{"taxonomy":"product_brand","embeddable":true,"href":"https:\/\/www.qnde.ca\/fr\/wp-json\/wp\/v2\/product_brand?post=29748"},{"taxonomy":"product_cat","embeddable":true,"href":"https:\/\/www.qnde.ca\/fr\/wp-json\/wp\/v2\/product_cat?post=29748"},{"taxonomy":"product_tag","embeddable":true,"href":"https:\/\/www.qnde.ca\/fr\/wp-json\/wp\/v2\/product_tag?post=29748"}],"curies":[{"name":"wp","href":"https:\/\/api.w.org\/{rel}","templated":true}]}}