{"id":29731,"date":"2023-03-16T18:41:49","date_gmt":"2023-03-16T22:43:52","guid":{"rendered":"https:\/\/www.qnde.ca\/?post_type=product&#038;p=29731"},"modified":"2025-11-11T14:54:26","modified_gmt":"2025-11-11T19:54:26","slug":"eagle-eye-2-lampe-frontale","status":"publish","type":"product","link":"https:\/\/www.qnde.ca\/fr\/produit\/eagle-eye-2-lampe-frontale\/","title":{"rendered":"Spectro-UV EagleEye 2 EK-3000 Lampe Frontale DEL UV-A et Blanche"},"content":{"rendered":"<p><strong>Spectro-UV EagleEye 2 EK-3000 Lampe Frontale DEL UV-A et Blanche <\/strong><\/p>\n<p>La lampe frontale EagleEye 2 EK-3000 LED UVA et blanche de Spectro-UV est une lampe d&rsquo;inspection am\u00e9lior\u00e9e de l&rsquo;ancien mod\u00e8le Eagle Eye 1. Cette lampe peut \u00eatre utilis\u00e9e sans les sangles frontales et ainsi \u00eatre mont\u00e9e sur une canette a\u00e9rosol pour une utilisation \u00e0 une seule main. Cela la rend id\u00e9ale pour l&rsquo;inspection avec culasse \u00e9lectromagn\u00e9tique et particules magn\u00e9tiques fluorescentes ou l\u2019inspection par ressuage.<\/p>\n<p>Cette l\u00e9g\u00e8re lampe d&rsquo;inspection de 8oz (226g) \u00e0 un interrupteur \u00e0 bascule pour facilement passer de la lumi\u00e8re UV \u00e0 la lumi\u00e8re blanche pour une autonomie de 75 minutes sans interruption. Intensit\u00e9 nominale constante de 4500\u00b5W\/cm2 avec un \u00e9clairage UV-A de 5&Prime; (12,7cm) avec moins de 2 pieds-chandelles (21,5 lux) de lumi\u00e8re visible. Conforme aux normes ASTM E3022 et ISO 3059.<\/p>\n<p>Le kit standard comprend: lampe d&rsquo;inspection Eagle Eye EE-365 UVA et blanche avec sangles frontales, adaptateur\/pulv\u00e9risateur sur canette a\u00e9rosol, deux pare-\u00e9claboussures avec filtres \u00e0 particules int\u00e9gr\u00e9s, deux batteries Li-ion rechargeables, chargeur \u00e0 batterie 100-240VAC avec fil d\u2019alimentation, fil d\u2019alimentation 12VDC, lunettes absorbant les UV et \u00e9tui de transport souple.<\/p>\n","protected":false},"excerpt":{"rendered":"<p>Spectro-UV EagleEye 2 EK-3000 Lampe Frontale DEL UV-A et Blanche La lampe frontale EagleEye 2 EK-3000 LED UVA et blanche de Spectro-UV est une lampe d&rsquo;inspection am\u00e9lior\u00e9e de l&rsquo;ancien mod\u00e8le Eagle Eye 1. Cette lampe peut \u00eatre utilis\u00e9e sans les sangles frontales et ainsi \u00eatre mont\u00e9e sur une canette a\u00e9rosol pour une utilisation \u00e0 une [&hellip;]<\/p>\n","protected":false},"featured_media":29718,"template":"","meta":{"_monsterinsights_skip_tracking":false,"_monsterinsights_sitenote_active":false,"_monsterinsights_sitenote_note":"","_monsterinsights_sitenote_category":0},"product_brand":[],"product_cat":[400,133],"product_tag":[],"class_list":{"0":"post-29731","1":"product","2":"type-product","3":"status-publish","4":"has-post-thumbnail","6":"product_cat-spectro-uv-fr","7":"product_cat-lampes-uv","9":"first","10":"instock","11":"shipping-taxable","12":"purchasable","13":"product-type-simple"},"yoast_head":"<!-- This site is optimized with the Yoast SEO plugin v23.9 - https:\/\/yoast.com\/wordpress\/plugins\/seo\/ -->\n<title>Spectro-UV EagleEye 2 EK-3000 Lampe Frontale DEL UV-A et Blanche &#060; Qualit\u00e9 NDE<\/title>\n<meta name=\"description\" content=\"La lampe frontale Eagle Eye 2 de Spectro-UV est une lampe frontale sp\u00e9cialis\u00e9e pour l&#039;inspection par ressuage. Utilisation a une seule main disponible.\" \/>\n<meta name=\"robots\" content=\"index, follow, max-snippet:-1, max-image-preview:large, max-video-preview:-1\" \/>\n<link rel=\"canonical\" href=\"https:\/\/www.qnde.ca\/fr\/produit\/eagle-eye-2-lampe-frontale\/\" \/>\n<meta name=\"twitter:label1\" content=\"Dur\u00e9e de lecture estim\u00e9e\" \/>\n\t<meta name=\"twitter:data1\" content=\"2 minutes\" \/>\n<script type=\"application\/ld+json\" class=\"yoast-schema-graph\">{\"@context\":\"https:\/\/schema.org\",\"@graph\":[{\"@type\":[\"WebPage\",\"ItemPage\"],\"@id\":\"https:\/\/www.qnde.ca\/fr\/produit\/eagle-eye-2-lampe-frontale\/\",\"url\":\"https:\/\/www.qnde.ca\/fr\/produit\/eagle-eye-2-lampe-frontale\/\",\"name\":\"Spectro-UV EagleEye 2 EK-3000 Lampe Frontale DEL UV-A et Blanche &#060; Qualit\u00e9 NDE\",\"isPartOf\":{\"@id\":\"https:\/\/www.qnde.ca\/#website\"},\"primaryImageOfPage\":{\"@id\":\"https:\/\/www.qnde.ca\/fr\/produit\/eagle-eye-2-lampe-frontale\/#primaryimage\"},\"image\":{\"@id\":\"https:\/\/www.qnde.ca\/fr\/produit\/eagle-eye-2-lampe-frontale\/#primaryimage\"},\"thumbnailUrl\":\"https:\/\/www.qnde.ca\/wp-content\/uploads\/2023\/03\/Spectro-UV-EK-3000-Eagle-Eye-2-Headlamp.png\",\"datePublished\":\"2023-03-16T22:43:52+00:00\",\"dateModified\":\"2025-11-11T19:54:26+00:00\",\"description\":\"La lampe frontale Eagle Eye 2 de Spectro-UV est une lampe frontale sp\u00e9cialis\u00e9e pour l'inspection par ressuage. Utilisation a une seule main disponible.\",\"breadcrumb\":{\"@id\":\"https:\/\/www.qnde.ca\/fr\/produit\/eagle-eye-2-lampe-frontale\/#breadcrumb\"},\"inLanguage\":\"fr-FR\",\"potentialAction\":[{\"@type\":\"ReadAction\",\"target\":[\"https:\/\/www.qnde.ca\/fr\/produit\/eagle-eye-2-lampe-frontale\/\"]}]},{\"@type\":\"ImageObject\",\"inLanguage\":\"fr-FR\",\"@id\":\"https:\/\/www.qnde.ca\/fr\/produit\/eagle-eye-2-lampe-frontale\/#primaryimage\",\"url\":\"https:\/\/www.qnde.ca\/wp-content\/uploads\/2023\/03\/Spectro-UV-EK-3000-Eagle-Eye-2-Headlamp.png\",\"contentUrl\":\"https:\/\/www.qnde.ca\/wp-content\/uploads\/2023\/03\/Spectro-UV-EK-3000-Eagle-Eye-2-Headlamp.png\",\"width\":1220,\"height\":954},{\"@type\":\"BreadcrumbList\",\"@id\":\"https:\/\/www.qnde.ca\/fr\/produit\/eagle-eye-2-lampe-frontale\/#breadcrumb\",\"itemListElement\":[{\"@type\":\"ListItem\",\"position\":1,\"name\":\"Accueil\",\"item\":\"https:\/\/www.qnde.ca\/fr\/\"},{\"@type\":\"ListItem\",\"position\":2,\"name\":\"Produits\",\"item\":\"https:\/\/www.qnde.ca\/fr\/produits\/\"},{\"@type\":\"ListItem\",\"position\":3,\"name\":\"Marques\",\"item\":\"https:\/\/www.qnde.ca\/fr\/product-category\/marques\/\"},{\"@type\":\"ListItem\",\"position\":4,\"name\":\"Spectro-UV\",\"item\":\"https:\/\/www.qnde.ca\/fr\/product-category\/marques\/spectro-uv-fr\/\"},{\"@type\":\"ListItem\",\"position\":5,\"name\":\"Spectro-UV EagleEye 2 EK-3000 Lampe Frontale DEL UV-A et Blanche\"}]},{\"@type\":\"WebSite\",\"@id\":\"https:\/\/www.qnde.ca\/#website\",\"url\":\"https:\/\/www.qnde.ca\/\",\"name\":\"Qualit\u00e9 NDE\",\"description\":\"\u00c9quipements d&#039;essais non destructifs \",\"publisher\":{\"@id\":\"https:\/\/www.qnde.ca\/#organization\"},\"potentialAction\":[{\"@type\":\"SearchAction\",\"target\":{\"@type\":\"EntryPoint\",\"urlTemplate\":\"https:\/\/www.qnde.ca\/?s={search_term_string}\"},\"query-input\":{\"@type\":\"PropertyValueSpecification\",\"valueRequired\":true,\"valueName\":\"search_term_string\"}}],\"inLanguage\":\"fr-FR\"},{\"@type\":\"Organization\",\"@id\":\"https:\/\/www.qnde.ca\/#organization\",\"name\":\"Quality NDT Ltd.\",\"url\":\"https:\/\/www.qnde.ca\/\",\"logo\":{\"@type\":\"ImageObject\",\"inLanguage\":\"fr-FR\",\"@id\":\"https:\/\/www.qnde.ca\/#\/schema\/logo\/image\/\",\"url\":\"https:\/\/www.qnde.ca\/wp-content\/uploads\/2022\/02\/QNDE_logo_RGB-gif.gif\",\"contentUrl\":\"https:\/\/www.qnde.ca\/wp-content\/uploads\/2022\/02\/QNDE_logo_RGB-gif.gif\",\"width\":250,\"height\":64,\"caption\":\"Quality NDT Ltd.\"},\"image\":{\"@id\":\"https:\/\/www.qnde.ca\/#\/schema\/logo\/image\/\"},\"sameAs\":[\"https:\/\/www.linkedin.com\/company\/qnde\/about\/?viewAsMember=true\"]}]}<\/script>\n<!-- \/ Yoast SEO plugin. -->","yoast_head_json":{"title":"Spectro-UV EagleEye 2 EK-3000 Lampe Frontale DEL UV-A et Blanche &#060; Qualit\u00e9 NDE","description":"La lampe frontale Eagle Eye 2 de Spectro-UV est une lampe frontale sp\u00e9cialis\u00e9e pour l'inspection par ressuage. Utilisation a une seule main disponible.","robots":{"index":"index","follow":"follow","max-snippet":"max-snippet:-1","max-image-preview":"max-image-preview:large","max-video-preview":"max-video-preview:-1"},"canonical":"https:\/\/www.qnde.ca\/fr\/produit\/eagle-eye-2-lampe-frontale\/","twitter_misc":{"Dur\u00e9e de lecture estim\u00e9e":"2 minutes"},"schema":{"@context":"https:\/\/schema.org","@graph":[{"@type":["WebPage","ItemPage"],"@id":"https:\/\/www.qnde.ca\/fr\/produit\/eagle-eye-2-lampe-frontale\/","url":"https:\/\/www.qnde.ca\/fr\/produit\/eagle-eye-2-lampe-frontale\/","name":"Spectro-UV EagleEye 2 EK-3000 Lampe Frontale DEL UV-A et Blanche &#060; Qualit\u00e9 NDE","isPartOf":{"@id":"https:\/\/www.qnde.ca\/#website"},"primaryImageOfPage":{"@id":"https:\/\/www.qnde.ca\/fr\/produit\/eagle-eye-2-lampe-frontale\/#primaryimage"},"image":{"@id":"https:\/\/www.qnde.ca\/fr\/produit\/eagle-eye-2-lampe-frontale\/#primaryimage"},"thumbnailUrl":"https:\/\/www.qnde.ca\/wp-content\/uploads\/2023\/03\/Spectro-UV-EK-3000-Eagle-Eye-2-Headlamp.png","datePublished":"2023-03-16T22:43:52+00:00","dateModified":"2025-11-11T19:54:26+00:00","description":"La lampe frontale Eagle Eye 2 de Spectro-UV est une lampe frontale sp\u00e9cialis\u00e9e pour l'inspection par ressuage. Utilisation a une seule main disponible.","breadcrumb":{"@id":"https:\/\/www.qnde.ca\/fr\/produit\/eagle-eye-2-lampe-frontale\/#breadcrumb"},"inLanguage":"fr-FR","potentialAction":[{"@type":"ReadAction","target":["https:\/\/www.qnde.ca\/fr\/produit\/eagle-eye-2-lampe-frontale\/"]}]},{"@type":"ImageObject","inLanguage":"fr-FR","@id":"https:\/\/www.qnde.ca\/fr\/produit\/eagle-eye-2-lampe-frontale\/#primaryimage","url":"https:\/\/www.qnde.ca\/wp-content\/uploads\/2023\/03\/Spectro-UV-EK-3000-Eagle-Eye-2-Headlamp.png","contentUrl":"https:\/\/www.qnde.ca\/wp-content\/uploads\/2023\/03\/Spectro-UV-EK-3000-Eagle-Eye-2-Headlamp.png","width":1220,"height":954},{"@type":"BreadcrumbList","@id":"https:\/\/www.qnde.ca\/fr\/produit\/eagle-eye-2-lampe-frontale\/#breadcrumb","itemListElement":[{"@type":"ListItem","position":1,"name":"Accueil","item":"https:\/\/www.qnde.ca\/fr\/"},{"@type":"ListItem","position":2,"name":"Produits","item":"https:\/\/www.qnde.ca\/fr\/produits\/"},{"@type":"ListItem","position":3,"name":"Marques","item":"https:\/\/www.qnde.ca\/fr\/product-category\/marques\/"},{"@type":"ListItem","position":4,"name":"Spectro-UV","item":"https:\/\/www.qnde.ca\/fr\/product-category\/marques\/spectro-uv-fr\/"},{"@type":"ListItem","position":5,"name":"Spectro-UV EagleEye 2 EK-3000 Lampe Frontale DEL UV-A et Blanche"}]},{"@type":"WebSite","@id":"https:\/\/www.qnde.ca\/#website","url":"https:\/\/www.qnde.ca\/","name":"Qualit\u00e9 NDE","description":"\u00c9quipements d&#039;essais non destructifs ","publisher":{"@id":"https:\/\/www.qnde.ca\/#organization"},"potentialAction":[{"@type":"SearchAction","target":{"@type":"EntryPoint","urlTemplate":"https:\/\/www.qnde.ca\/?s={search_term_string}"},"query-input":{"@type":"PropertyValueSpecification","valueRequired":true,"valueName":"search_term_string"}}],"inLanguage":"fr-FR"},{"@type":"Organization","@id":"https:\/\/www.qnde.ca\/#organization","name":"Quality NDT Ltd.","url":"https:\/\/www.qnde.ca\/","logo":{"@type":"ImageObject","inLanguage":"fr-FR","@id":"https:\/\/www.qnde.ca\/#\/schema\/logo\/image\/","url":"https:\/\/www.qnde.ca\/wp-content\/uploads\/2022\/02\/QNDE_logo_RGB-gif.gif","contentUrl":"https:\/\/www.qnde.ca\/wp-content\/uploads\/2022\/02\/QNDE_logo_RGB-gif.gif","width":250,"height":64,"caption":"Quality NDT Ltd."},"image":{"@id":"https:\/\/www.qnde.ca\/#\/schema\/logo\/image\/"},"sameAs":["https:\/\/www.linkedin.com\/company\/qnde\/about\/?viewAsMember=true"]}]}},"jetpack_sharing_enabled":true,"_links":{"self":[{"href":"https:\/\/www.qnde.ca\/fr\/wp-json\/wp\/v2\/product\/29731","targetHints":{"allow":["GET"]}}],"collection":[{"href":"https:\/\/www.qnde.ca\/fr\/wp-json\/wp\/v2\/product"}],"about":[{"href":"https:\/\/www.qnde.ca\/fr\/wp-json\/wp\/v2\/types\/product"}],"wp:featuredmedia":[{"embeddable":true,"href":"https:\/\/www.qnde.ca\/fr\/wp-json\/wp\/v2\/media\/29718"}],"wp:attachment":[{"href":"https:\/\/www.qnde.ca\/fr\/wp-json\/wp\/v2\/media?parent=29731"}],"wp:term":[{"taxonomy":"product_brand","embeddable":true,"href":"https:\/\/www.qnde.ca\/fr\/wp-json\/wp\/v2\/product_brand?post=29731"},{"taxonomy":"product_cat","embeddable":true,"href":"https:\/\/www.qnde.ca\/fr\/wp-json\/wp\/v2\/product_cat?post=29731"},{"taxonomy":"product_tag","embeddable":true,"href":"https:\/\/www.qnde.ca\/fr\/wp-json\/wp\/v2\/product_tag?post=29731"}],"curies":[{"name":"wp","href":"https:\/\/api.w.org\/{rel}","templated":true}]}}