{"id":29708,"date":"2023-03-16T17:49:25","date_gmt":"2023-03-16T21:49:25","guid":{"rendered":"https:\/\/www.qnde.ca\/?post_type=product&#038;p=29708"},"modified":"2025-09-23T11:12:53","modified_gmt":"2025-09-23T15:12:53","slug":"rel-panneau-tam","status":"publish","type":"product","link":"https:\/\/www.qnde.ca\/fr\/produit\/rel-panneau-tam\/","title":{"rendered":"REL Panneau TAM"},"content":{"rendered":"<h3><strong>REL Panneau TAM<\/strong><\/h3>\n<p>Le panneau TAM de REL est con\u00e7u pour valider que votre processus d&rsquo;inspection par ressuage est appropri\u00e9, soit qu&rsquo;il s&rsquo;agisse d&rsquo;un ressuage fluorescent lavable \u00e0 l&rsquo;eau, d&rsquo;un ressuage lipophile, ou hydrophile.<\/p>\n<p>Le panneau TAM poli est conforme aux normes ASTM E1417, MIL-STO-6866,Pratt &amp; Whitney 146040<strong>,<\/strong> TO-33B-1-1, NAVAIR 01-1A-16-1 et TM-1-1500-335-23. Fabriqu\u00e9 sans utiliser de chrome hexavalent, il rencontre les normes RoHS, REACH, WEE, ELV et Proposition 65.<\/p>\n<p>Le kit standard comprend: panneau TAM s\u00e9rialis\u00e9 REL (POLI), certificat \u00a0avec dimensions des \u00e9toiles et images (5x), certificats et valise de rangement rigide.<\/p>\n<p>\u2022 <strong data-start=\"86\" data-end=\"99\">250-00104<\/strong> : Panneau TAM de test REL Star, poli simple, avec \u00e9tui de rangement et certificat de mesures.<br data-start=\"193\" data-end=\"196\" \/>\u2022 <strong data-start=\"198\" data-end=\"211\">250-00103<\/strong> : Panneau TAM de test REL Star, poli double, avec \u00e9tui de rangement et certificat de mesures.<br data-start=\"305\" data-end=\"308\" data-is-only-node=\"\" \/>\u2022 <strong data-start=\"310\" data-end=\"323\">250-00105<\/strong> : Panneau TAM de test REL Star, grain simple, avec \u00e9tui de rangement et certificat de mesures.<br data-start=\"418\" data-end=\"421\" \/>\u2022 <strong data-start=\"423\" data-end=\"436\">250-00106<\/strong> : Panneau TAM de test REL Star, grain double, avec \u00e9tui de rangement et certificat de mesures.<\/p>\n<p>&nbsp;<\/p>\n<p>&nbsp;<\/p>\n","protected":false},"excerpt":{"rendered":"<p>REL Panneau TAM Le panneau TAM de REL est con\u00e7u pour valider que votre processus d&rsquo;inspection par ressuage est appropri\u00e9, soit qu&rsquo;il s&rsquo;agisse d&rsquo;un ressuage fluorescent lavable \u00e0 l&rsquo;eau, d&rsquo;un ressuage lipophile, ou hydrophile. Le panneau TAM poli est conforme aux normes ASTM E1417, MIL-STO-6866,Pratt &amp; Whitney 146040, TO-33B-1-1, NAVAIR 01-1A-16-1 et TM-1-1500-335-23. Fabriqu\u00e9 sans [&hellip;]<\/p>\n","protected":false},"featured_media":29709,"template":"","meta":{"_monsterinsights_skip_tracking":false,"_monsterinsights_sitenote_active":false,"_monsterinsights_sitenote_note":"","_monsterinsights_sitenote_category":0},"product_brand":[],"product_cat":[397,118,123],"product_tag":[],"class_list":{"0":"post-29708","1":"product","2":"type-product","3":"status-publish","4":"has-post-thumbnail","6":"product_cat-rel-fr","7":"product_cat-ressuage","8":"product_cat-accessoires-ressuage","10":"first","11":"instock","12":"shipping-taxable","13":"purchasable","14":"product-type-variable"},"yoast_head":"<!-- This site is optimized with the Yoast SEO plugin v23.9 - https:\/\/yoast.com\/wordpress\/plugins\/seo\/ -->\n<title>REL Panneau TAM &#060; Qualit\u00e9 NDE<\/title>\n<meta name=\"description\" content=\"Le panneau TAM de REL est con\u00e7u pour valider que votre processus d&#039;inspection par fluorescent lavable \u00e0 l&#039;eau, lipophile ou hydrophile est appropri\u00e9.\" \/>\n<meta name=\"robots\" content=\"index, follow, max-snippet:-1, max-image-preview:large, max-video-preview:-1\" \/>\n<link rel=\"canonical\" href=\"https:\/\/www.qnde.ca\/fr\/produit\/rel-panneau-tam\/\" \/>\n<meta name=\"twitter:label1\" content=\"Dur\u00e9e de lecture estim\u00e9e\" \/>\n\t<meta name=\"twitter:data1\" content=\"1 minute\" \/>\n<script type=\"application\/ld+json\" class=\"yoast-schema-graph\">{\"@context\":\"https:\/\/schema.org\",\"@graph\":[{\"@type\":[\"WebPage\",\"ItemPage\"],\"@id\":\"https:\/\/www.qnde.ca\/fr\/produit\/rel-panneau-tam\/\",\"url\":\"https:\/\/www.qnde.ca\/fr\/produit\/rel-panneau-tam\/\",\"name\":\"REL Panneau TAM &#060; Qualit\u00e9 NDE\",\"isPartOf\":{\"@id\":\"https:\/\/www.qnde.ca\/#website\"},\"primaryImageOfPage\":{\"@id\":\"https:\/\/www.qnde.ca\/fr\/produit\/rel-panneau-tam\/#primaryimage\"},\"image\":{\"@id\":\"https:\/\/www.qnde.ca\/fr\/produit\/rel-panneau-tam\/#primaryimage\"},\"thumbnailUrl\":\"https:\/\/www.qnde.ca\/wp-content\/uploads\/2023\/03\/REL-Star-TAM-Panel-Polished.jpg\",\"datePublished\":\"2023-03-16T21:49:25+00:00\",\"dateModified\":\"2025-09-23T15:12:53+00:00\",\"description\":\"Le panneau TAM de REL est con\u00e7u pour valider que votre processus d'inspection par fluorescent lavable \u00e0 l'eau, lipophile ou hydrophile est appropri\u00e9.\",\"breadcrumb\":{\"@id\":\"https:\/\/www.qnde.ca\/fr\/produit\/rel-panneau-tam\/#breadcrumb\"},\"inLanguage\":\"fr-FR\",\"potentialAction\":[{\"@type\":\"ReadAction\",\"target\":[\"https:\/\/www.qnde.ca\/fr\/produit\/rel-panneau-tam\/\"]}]},{\"@type\":\"ImageObject\",\"inLanguage\":\"fr-FR\",\"@id\":\"https:\/\/www.qnde.ca\/fr\/produit\/rel-panneau-tam\/#primaryimage\",\"url\":\"https:\/\/www.qnde.ca\/wp-content\/uploads\/2023\/03\/REL-Star-TAM-Panel-Polished.jpg\",\"contentUrl\":\"https:\/\/www.qnde.ca\/wp-content\/uploads\/2023\/03\/REL-Star-TAM-Panel-Polished.jpg\",\"width\":500,\"height\":500},{\"@type\":\"BreadcrumbList\",\"@id\":\"https:\/\/www.qnde.ca\/fr\/produit\/rel-panneau-tam\/#breadcrumb\",\"itemListElement\":[{\"@type\":\"ListItem\",\"position\":1,\"name\":\"Accueil\",\"item\":\"https:\/\/www.qnde.ca\/fr\/\"},{\"@type\":\"ListItem\",\"position\":2,\"name\":\"Produits\",\"item\":\"https:\/\/www.qnde.ca\/fr\/produits\/\"},{\"@type\":\"ListItem\",\"position\":3,\"name\":\"Marques\",\"item\":\"https:\/\/www.qnde.ca\/fr\/product-category\/marques\/\"},{\"@type\":\"ListItem\",\"position\":4,\"name\":\"REL Inc.\",\"item\":\"https:\/\/www.qnde.ca\/fr\/product-category\/marques\/rel-fr\/\"},{\"@type\":\"ListItem\",\"position\":5,\"name\":\"REL Panneau TAM\"}]},{\"@type\":\"WebSite\",\"@id\":\"https:\/\/www.qnde.ca\/#website\",\"url\":\"https:\/\/www.qnde.ca\/\",\"name\":\"Qualit\u00e9 NDE\",\"description\":\"\u00c9quipements d&#039;essais non destructifs \",\"publisher\":{\"@id\":\"https:\/\/www.qnde.ca\/#organization\"},\"potentialAction\":[{\"@type\":\"SearchAction\",\"target\":{\"@type\":\"EntryPoint\",\"urlTemplate\":\"https:\/\/www.qnde.ca\/?s={search_term_string}\"},\"query-input\":{\"@type\":\"PropertyValueSpecification\",\"valueRequired\":true,\"valueName\":\"search_term_string\"}}],\"inLanguage\":\"fr-FR\"},{\"@type\":\"Organization\",\"@id\":\"https:\/\/www.qnde.ca\/#organization\",\"name\":\"Quality NDT Ltd.\",\"url\":\"https:\/\/www.qnde.ca\/\",\"logo\":{\"@type\":\"ImageObject\",\"inLanguage\":\"fr-FR\",\"@id\":\"https:\/\/www.qnde.ca\/#\/schema\/logo\/image\/\",\"url\":\"https:\/\/www.qnde.ca\/wp-content\/uploads\/2022\/02\/QNDE_logo_RGB-gif.gif\",\"contentUrl\":\"https:\/\/www.qnde.ca\/wp-content\/uploads\/2022\/02\/QNDE_logo_RGB-gif.gif\",\"width\":250,\"height\":64,\"caption\":\"Quality NDT Ltd.\"},\"image\":{\"@id\":\"https:\/\/www.qnde.ca\/#\/schema\/logo\/image\/\"},\"sameAs\":[\"https:\/\/www.linkedin.com\/company\/qnde\/about\/?viewAsMember=true\"]}]}<\/script>\n<!-- \/ Yoast SEO plugin. -->","yoast_head_json":{"title":"REL Panneau TAM &#060; Qualit\u00e9 NDE","description":"Le panneau TAM de REL est con\u00e7u pour valider que votre processus d'inspection par fluorescent lavable \u00e0 l'eau, lipophile ou hydrophile est appropri\u00e9.","robots":{"index":"index","follow":"follow","max-snippet":"max-snippet:-1","max-image-preview":"max-image-preview:large","max-video-preview":"max-video-preview:-1"},"canonical":"https:\/\/www.qnde.ca\/fr\/produit\/rel-panneau-tam\/","twitter_misc":{"Dur\u00e9e de lecture estim\u00e9e":"1 minute"},"schema":{"@context":"https:\/\/schema.org","@graph":[{"@type":["WebPage","ItemPage"],"@id":"https:\/\/www.qnde.ca\/fr\/produit\/rel-panneau-tam\/","url":"https:\/\/www.qnde.ca\/fr\/produit\/rel-panneau-tam\/","name":"REL Panneau TAM &#060; Qualit\u00e9 NDE","isPartOf":{"@id":"https:\/\/www.qnde.ca\/#website"},"primaryImageOfPage":{"@id":"https:\/\/www.qnde.ca\/fr\/produit\/rel-panneau-tam\/#primaryimage"},"image":{"@id":"https:\/\/www.qnde.ca\/fr\/produit\/rel-panneau-tam\/#primaryimage"},"thumbnailUrl":"https:\/\/www.qnde.ca\/wp-content\/uploads\/2023\/03\/REL-Star-TAM-Panel-Polished.jpg","datePublished":"2023-03-16T21:49:25+00:00","dateModified":"2025-09-23T15:12:53+00:00","description":"Le panneau TAM de REL est con\u00e7u pour valider que votre processus d'inspection par fluorescent lavable \u00e0 l'eau, lipophile ou hydrophile est appropri\u00e9.","breadcrumb":{"@id":"https:\/\/www.qnde.ca\/fr\/produit\/rel-panneau-tam\/#breadcrumb"},"inLanguage":"fr-FR","potentialAction":[{"@type":"ReadAction","target":["https:\/\/www.qnde.ca\/fr\/produit\/rel-panneau-tam\/"]}]},{"@type":"ImageObject","inLanguage":"fr-FR","@id":"https:\/\/www.qnde.ca\/fr\/produit\/rel-panneau-tam\/#primaryimage","url":"https:\/\/www.qnde.ca\/wp-content\/uploads\/2023\/03\/REL-Star-TAM-Panel-Polished.jpg","contentUrl":"https:\/\/www.qnde.ca\/wp-content\/uploads\/2023\/03\/REL-Star-TAM-Panel-Polished.jpg","width":500,"height":500},{"@type":"BreadcrumbList","@id":"https:\/\/www.qnde.ca\/fr\/produit\/rel-panneau-tam\/#breadcrumb","itemListElement":[{"@type":"ListItem","position":1,"name":"Accueil","item":"https:\/\/www.qnde.ca\/fr\/"},{"@type":"ListItem","position":2,"name":"Produits","item":"https:\/\/www.qnde.ca\/fr\/produits\/"},{"@type":"ListItem","position":3,"name":"Marques","item":"https:\/\/www.qnde.ca\/fr\/product-category\/marques\/"},{"@type":"ListItem","position":4,"name":"REL Inc.","item":"https:\/\/www.qnde.ca\/fr\/product-category\/marques\/rel-fr\/"},{"@type":"ListItem","position":5,"name":"REL Panneau TAM"}]},{"@type":"WebSite","@id":"https:\/\/www.qnde.ca\/#website","url":"https:\/\/www.qnde.ca\/","name":"Qualit\u00e9 NDE","description":"\u00c9quipements d&#039;essais non destructifs ","publisher":{"@id":"https:\/\/www.qnde.ca\/#organization"},"potentialAction":[{"@type":"SearchAction","target":{"@type":"EntryPoint","urlTemplate":"https:\/\/www.qnde.ca\/?s={search_term_string}"},"query-input":{"@type":"PropertyValueSpecification","valueRequired":true,"valueName":"search_term_string"}}],"inLanguage":"fr-FR"},{"@type":"Organization","@id":"https:\/\/www.qnde.ca\/#organization","name":"Quality NDT Ltd.","url":"https:\/\/www.qnde.ca\/","logo":{"@type":"ImageObject","inLanguage":"fr-FR","@id":"https:\/\/www.qnde.ca\/#\/schema\/logo\/image\/","url":"https:\/\/www.qnde.ca\/wp-content\/uploads\/2022\/02\/QNDE_logo_RGB-gif.gif","contentUrl":"https:\/\/www.qnde.ca\/wp-content\/uploads\/2022\/02\/QNDE_logo_RGB-gif.gif","width":250,"height":64,"caption":"Quality NDT Ltd."},"image":{"@id":"https:\/\/www.qnde.ca\/#\/schema\/logo\/image\/"},"sameAs":["https:\/\/www.linkedin.com\/company\/qnde\/about\/?viewAsMember=true"]}]}},"jetpack_sharing_enabled":true,"_links":{"self":[{"href":"https:\/\/www.qnde.ca\/fr\/wp-json\/wp\/v2\/product\/29708","targetHints":{"allow":["GET"]}}],"collection":[{"href":"https:\/\/www.qnde.ca\/fr\/wp-json\/wp\/v2\/product"}],"about":[{"href":"https:\/\/www.qnde.ca\/fr\/wp-json\/wp\/v2\/types\/product"}],"wp:featuredmedia":[{"embeddable":true,"href":"https:\/\/www.qnde.ca\/fr\/wp-json\/wp\/v2\/media\/29709"}],"wp:attachment":[{"href":"https:\/\/www.qnde.ca\/fr\/wp-json\/wp\/v2\/media?parent=29708"}],"wp:term":[{"taxonomy":"product_brand","embeddable":true,"href":"https:\/\/www.qnde.ca\/fr\/wp-json\/wp\/v2\/product_brand?post=29708"},{"taxonomy":"product_cat","embeddable":true,"href":"https:\/\/www.qnde.ca\/fr\/wp-json\/wp\/v2\/product_cat?post=29708"},{"taxonomy":"product_tag","embeddable":true,"href":"https:\/\/www.qnde.ca\/fr\/wp-json\/wp\/v2\/product_tag?post=29708"}],"curies":[{"name":"wp","href":"https:\/\/api.w.org\/{rel}","templated":true}]}}