{"id":29182,"date":"2022-12-09T09:33:37","date_gmt":"2022-12-09T14:13:56","guid":{"rendered":"https:\/\/www.qnde.ca\/?post_type=product&#038;p=29182"},"modified":"2025-08-11T11:11:39","modified_gmt":"2025-08-11T15:11:39","slug":"mesureur-de-durete-leeb-reed-r9030","status":"publish","type":"product","link":"https:\/\/www.qnde.ca\/fr\/produit\/mesureur-de-durete-leeb-reed-r9030\/","title":{"rendered":"REED R9030 Mesureur de Duret\u00e9 LEEB"},"content":{"rendered":"<h3>REED R9030 Mesureur de Duret\u00e9 LEEB<\/h3>\n<p>Le mesureur de duret\u00e9 LEEB R9030 est un mesureur \u00e0 rebond dynamique portatif qui enregistre automatiquement jusqu\u2019\u00e0 350 r\u00e9sultats. Les lectures HL sont convertibles \u00e0 HV, HB, HRB, HRC, HRA, et HS.<\/p>\n<p>&nbsp;<\/p>\n<p>Ensemble standard inclus: R9030 mesureur de duret\u00e9 LEEB, bloc de r\u00e9f\u00e9rence de duret\u00e9, anneau de support, brosse de nettoyage pour tube, batterie rechargeable, alimentation 120VAC avec c\u00e2ble USB, manuel de l\u2019utilisateur et valise de transport rigide.<\/p>\n<ul>\n<li>R9030: REED R9030 mesurer de duret\u00e9 LEEB.<\/li>\n<li>R9030-C: REED R9030 mesurer de duret\u00e9 LEEB avec certificat de calibration.<\/li>\n<\/ul>\n","protected":false},"excerpt":{"rendered":"<p>REED R9030 Mesureur de Duret\u00e9 LEEB Le mesureur de duret\u00e9 LEEB R9030 est un mesureur \u00e0 rebond dynamique portatif qui enregistre automatiquement jusqu\u2019\u00e0 350 r\u00e9sultats. Les lectures HL sont convertibles \u00e0 HV, HB, HRB, HRC, HRA, et HS. &nbsp; Ensemble standard inclus: R9030 mesureur de duret\u00e9 LEEB, bloc de r\u00e9f\u00e9rence de duret\u00e9, anneau de support, [&hellip;]<\/p>\n","protected":false},"featured_media":29181,"template":"","meta":{"_monsterinsights_skip_tracking":false,"_monsterinsights_sitenote_active":false,"_monsterinsights_sitenote_note":"","_monsterinsights_sitenote_category":0},"product_brand":[],"product_cat":[402,145,340],"product_tag":[],"class_list":{"0":"post-29182","1":"product","2":"type-product","3":"status-publish","4":"has-post-thumbnail","6":"product_cat-autres-marques","7":"product_cat-essai-durete","8":"product_cat-leeb-fr","10":"first","11":"instock","12":"shipping-taxable","13":"product-type-simple"},"yoast_head":"<!-- This site is optimized with the Yoast SEO plugin v23.9 - https:\/\/yoast.com\/wordpress\/plugins\/seo\/ -->\n<title>REED R9030 Mesureur de Duret\u00e9 LEEB &#060; Qualit\u00e9 NDE<\/title>\n<meta name=\"description\" content=\"REED R9030 : mesureur de duret\u00e9 LEEB portatif avec conversion multi-\u00e9chelles et m\u00e9moire de 350 r\u00e9sultats. Id\u00e9al pour tests rapides sur le terrain.\" \/>\n<meta name=\"robots\" content=\"index, follow, max-snippet:-1, max-image-preview:large, max-video-preview:-1\" \/>\n<link rel=\"canonical\" href=\"https:\/\/www.qnde.ca\/fr\/produit\/mesureur-de-durete-leeb-reed-r9030\/\" \/>\n<meta name=\"twitter:label1\" content=\"Dur\u00e9e de lecture estim\u00e9e\" \/>\n\t<meta name=\"twitter:data1\" content=\"1 minute\" \/>\n<script type=\"application\/ld+json\" class=\"yoast-schema-graph\">{\"@context\":\"https:\/\/schema.org\",\"@graph\":[{\"@type\":[\"WebPage\",\"ItemPage\"],\"@id\":\"https:\/\/www.qnde.ca\/fr\/produit\/mesureur-de-durete-leeb-reed-r9030\/\",\"url\":\"https:\/\/www.qnde.ca\/fr\/produit\/mesureur-de-durete-leeb-reed-r9030\/\",\"name\":\"REED R9030 Mesureur de Duret\u00e9 LEEB &#060; Qualit\u00e9 NDE\",\"isPartOf\":{\"@id\":\"https:\/\/www.qnde.ca\/#website\"},\"primaryImageOfPage\":{\"@id\":\"https:\/\/www.qnde.ca\/fr\/produit\/mesureur-de-durete-leeb-reed-r9030\/#primaryimage\"},\"image\":{\"@id\":\"https:\/\/www.qnde.ca\/fr\/produit\/mesureur-de-durete-leeb-reed-r9030\/#primaryimage\"},\"thumbnailUrl\":\"https:\/\/www.qnde.ca\/wp-content\/uploads\/2022\/12\/REED-R9030-LEEB-Hardness-Tester.jpg\",\"datePublished\":\"2022-12-09T14:13:56+00:00\",\"dateModified\":\"2025-08-11T15:11:39+00:00\",\"description\":\"REED R9030 : mesureur de duret\u00e9 LEEB portatif avec conversion multi-\u00e9chelles et m\u00e9moire de 350 r\u00e9sultats. Id\u00e9al pour tests rapides sur le terrain.\",\"breadcrumb\":{\"@id\":\"https:\/\/www.qnde.ca\/fr\/produit\/mesureur-de-durete-leeb-reed-r9030\/#breadcrumb\"},\"inLanguage\":\"fr-FR\",\"potentialAction\":[{\"@type\":\"ReadAction\",\"target\":[\"https:\/\/www.qnde.ca\/fr\/produit\/mesureur-de-durete-leeb-reed-r9030\/\"]}]},{\"@type\":\"ImageObject\",\"inLanguage\":\"fr-FR\",\"@id\":\"https:\/\/www.qnde.ca\/fr\/produit\/mesureur-de-durete-leeb-reed-r9030\/#primaryimage\",\"url\":\"https:\/\/www.qnde.ca\/wp-content\/uploads\/2022\/12\/REED-R9030-LEEB-Hardness-Tester.jpg\",\"contentUrl\":\"https:\/\/www.qnde.ca\/wp-content\/uploads\/2022\/12\/REED-R9030-LEEB-Hardness-Tester.jpg\",\"width\":1000,\"height\":351},{\"@type\":\"BreadcrumbList\",\"@id\":\"https:\/\/www.qnde.ca\/fr\/produit\/mesureur-de-durete-leeb-reed-r9030\/#breadcrumb\",\"itemListElement\":[{\"@type\":\"ListItem\",\"position\":1,\"name\":\"Accueil\",\"item\":\"https:\/\/www.qnde.ca\/fr\/\"},{\"@type\":\"ListItem\",\"position\":2,\"name\":\"Produits\",\"item\":\"https:\/\/www.qnde.ca\/fr\/produits\/\"},{\"@type\":\"ListItem\",\"position\":3,\"name\":\"Marques\",\"item\":\"https:\/\/www.qnde.ca\/fr\/product-category\/marques\/\"},{\"@type\":\"ListItem\",\"position\":4,\"name\":\"Autres Marques\",\"item\":\"https:\/\/www.qnde.ca\/fr\/product-category\/marques\/autres-marques\/\"},{\"@type\":\"ListItem\",\"position\":5,\"name\":\"REED R9030 Mesureur de Duret\u00e9 LEEB\"}]},{\"@type\":\"WebSite\",\"@id\":\"https:\/\/www.qnde.ca\/#website\",\"url\":\"https:\/\/www.qnde.ca\/\",\"name\":\"Qualit\u00e9 NDE\",\"description\":\"\u00c9quipements d&#039;essais non destructifs \",\"publisher\":{\"@id\":\"https:\/\/www.qnde.ca\/#organization\"},\"potentialAction\":[{\"@type\":\"SearchAction\",\"target\":{\"@type\":\"EntryPoint\",\"urlTemplate\":\"https:\/\/www.qnde.ca\/?s={search_term_string}\"},\"query-input\":{\"@type\":\"PropertyValueSpecification\",\"valueRequired\":true,\"valueName\":\"search_term_string\"}}],\"inLanguage\":\"fr-FR\"},{\"@type\":\"Organization\",\"@id\":\"https:\/\/www.qnde.ca\/#organization\",\"name\":\"Quality NDT Ltd.\",\"url\":\"https:\/\/www.qnde.ca\/\",\"logo\":{\"@type\":\"ImageObject\",\"inLanguage\":\"fr-FR\",\"@id\":\"https:\/\/www.qnde.ca\/#\/schema\/logo\/image\/\",\"url\":\"https:\/\/www.qnde.ca\/wp-content\/uploads\/2022\/02\/QNDE_logo_RGB-gif.gif\",\"contentUrl\":\"https:\/\/www.qnde.ca\/wp-content\/uploads\/2022\/02\/QNDE_logo_RGB-gif.gif\",\"width\":250,\"height\":64,\"caption\":\"Quality NDT Ltd.\"},\"image\":{\"@id\":\"https:\/\/www.qnde.ca\/#\/schema\/logo\/image\/\"},\"sameAs\":[\"https:\/\/www.linkedin.com\/company\/qnde\/about\/?viewAsMember=true\"]}]}<\/script>\n<!-- \/ Yoast SEO plugin. -->","yoast_head_json":{"title":"REED R9030 Mesureur de Duret\u00e9 LEEB &#060; Qualit\u00e9 NDE","description":"REED R9030 : mesureur de duret\u00e9 LEEB portatif avec conversion multi-\u00e9chelles et m\u00e9moire de 350 r\u00e9sultats. Id\u00e9al pour tests rapides sur le terrain.","robots":{"index":"index","follow":"follow","max-snippet":"max-snippet:-1","max-image-preview":"max-image-preview:large","max-video-preview":"max-video-preview:-1"},"canonical":"https:\/\/www.qnde.ca\/fr\/produit\/mesureur-de-durete-leeb-reed-r9030\/","twitter_misc":{"Dur\u00e9e de lecture estim\u00e9e":"1 minute"},"schema":{"@context":"https:\/\/schema.org","@graph":[{"@type":["WebPage","ItemPage"],"@id":"https:\/\/www.qnde.ca\/fr\/produit\/mesureur-de-durete-leeb-reed-r9030\/","url":"https:\/\/www.qnde.ca\/fr\/produit\/mesureur-de-durete-leeb-reed-r9030\/","name":"REED R9030 Mesureur de Duret\u00e9 LEEB &#060; Qualit\u00e9 NDE","isPartOf":{"@id":"https:\/\/www.qnde.ca\/#website"},"primaryImageOfPage":{"@id":"https:\/\/www.qnde.ca\/fr\/produit\/mesureur-de-durete-leeb-reed-r9030\/#primaryimage"},"image":{"@id":"https:\/\/www.qnde.ca\/fr\/produit\/mesureur-de-durete-leeb-reed-r9030\/#primaryimage"},"thumbnailUrl":"https:\/\/www.qnde.ca\/wp-content\/uploads\/2022\/12\/REED-R9030-LEEB-Hardness-Tester.jpg","datePublished":"2022-12-09T14:13:56+00:00","dateModified":"2025-08-11T15:11:39+00:00","description":"REED R9030 : mesureur de duret\u00e9 LEEB portatif avec conversion multi-\u00e9chelles et m\u00e9moire de 350 r\u00e9sultats. Id\u00e9al pour tests rapides sur le terrain.","breadcrumb":{"@id":"https:\/\/www.qnde.ca\/fr\/produit\/mesureur-de-durete-leeb-reed-r9030\/#breadcrumb"},"inLanguage":"fr-FR","potentialAction":[{"@type":"ReadAction","target":["https:\/\/www.qnde.ca\/fr\/produit\/mesureur-de-durete-leeb-reed-r9030\/"]}]},{"@type":"ImageObject","inLanguage":"fr-FR","@id":"https:\/\/www.qnde.ca\/fr\/produit\/mesureur-de-durete-leeb-reed-r9030\/#primaryimage","url":"https:\/\/www.qnde.ca\/wp-content\/uploads\/2022\/12\/REED-R9030-LEEB-Hardness-Tester.jpg","contentUrl":"https:\/\/www.qnde.ca\/wp-content\/uploads\/2022\/12\/REED-R9030-LEEB-Hardness-Tester.jpg","width":1000,"height":351},{"@type":"BreadcrumbList","@id":"https:\/\/www.qnde.ca\/fr\/produit\/mesureur-de-durete-leeb-reed-r9030\/#breadcrumb","itemListElement":[{"@type":"ListItem","position":1,"name":"Accueil","item":"https:\/\/www.qnde.ca\/fr\/"},{"@type":"ListItem","position":2,"name":"Produits","item":"https:\/\/www.qnde.ca\/fr\/produits\/"},{"@type":"ListItem","position":3,"name":"Marques","item":"https:\/\/www.qnde.ca\/fr\/product-category\/marques\/"},{"@type":"ListItem","position":4,"name":"Autres Marques","item":"https:\/\/www.qnde.ca\/fr\/product-category\/marques\/autres-marques\/"},{"@type":"ListItem","position":5,"name":"REED R9030 Mesureur de Duret\u00e9 LEEB"}]},{"@type":"WebSite","@id":"https:\/\/www.qnde.ca\/#website","url":"https:\/\/www.qnde.ca\/","name":"Qualit\u00e9 NDE","description":"\u00c9quipements d&#039;essais non destructifs ","publisher":{"@id":"https:\/\/www.qnde.ca\/#organization"},"potentialAction":[{"@type":"SearchAction","target":{"@type":"EntryPoint","urlTemplate":"https:\/\/www.qnde.ca\/?s={search_term_string}"},"query-input":{"@type":"PropertyValueSpecification","valueRequired":true,"valueName":"search_term_string"}}],"inLanguage":"fr-FR"},{"@type":"Organization","@id":"https:\/\/www.qnde.ca\/#organization","name":"Quality NDT Ltd.","url":"https:\/\/www.qnde.ca\/","logo":{"@type":"ImageObject","inLanguage":"fr-FR","@id":"https:\/\/www.qnde.ca\/#\/schema\/logo\/image\/","url":"https:\/\/www.qnde.ca\/wp-content\/uploads\/2022\/02\/QNDE_logo_RGB-gif.gif","contentUrl":"https:\/\/www.qnde.ca\/wp-content\/uploads\/2022\/02\/QNDE_logo_RGB-gif.gif","width":250,"height":64,"caption":"Quality NDT Ltd."},"image":{"@id":"https:\/\/www.qnde.ca\/#\/schema\/logo\/image\/"},"sameAs":["https:\/\/www.linkedin.com\/company\/qnde\/about\/?viewAsMember=true"]}]}},"jetpack_sharing_enabled":true,"_links":{"self":[{"href":"https:\/\/www.qnde.ca\/fr\/wp-json\/wp\/v2\/product\/29182","targetHints":{"allow":["GET"]}}],"collection":[{"href":"https:\/\/www.qnde.ca\/fr\/wp-json\/wp\/v2\/product"}],"about":[{"href":"https:\/\/www.qnde.ca\/fr\/wp-json\/wp\/v2\/types\/product"}],"wp:featuredmedia":[{"embeddable":true,"href":"https:\/\/www.qnde.ca\/fr\/wp-json\/wp\/v2\/media\/29181"}],"wp:attachment":[{"href":"https:\/\/www.qnde.ca\/fr\/wp-json\/wp\/v2\/media?parent=29182"}],"wp:term":[{"taxonomy":"product_brand","embeddable":true,"href":"https:\/\/www.qnde.ca\/fr\/wp-json\/wp\/v2\/product_brand?post=29182"},{"taxonomy":"product_cat","embeddable":true,"href":"https:\/\/www.qnde.ca\/fr\/wp-json\/wp\/v2\/product_cat?post=29182"},{"taxonomy":"product_tag","embeddable":true,"href":"https:\/\/www.qnde.ca\/fr\/wp-json\/wp\/v2\/product_tag?post=29182"}],"curies":[{"name":"wp","href":"https:\/\/api.w.org\/{rel}","templated":true}]}}