{"id":29167,"date":"2022-12-09T08:55:19","date_gmt":"2022-12-09T14:13:52","guid":{"rendered":"https:\/\/www.qnde.ca\/?post_type=product&#038;p=29167"},"modified":"2025-08-12T15:00:41","modified_gmt":"2025-08-12T19:00:41","slug":"qnde-ameliorations-dune-salle-de-radiographie","status":"publish","type":"product","link":"https:\/\/www.qnde.ca\/fr\/produit\/qnde-ameliorations-dune-salle-de-radiographie\/","title":{"rendered":"QNDE Am\u00e9liorations d\u2019une salle de radiographie"},"content":{"rendered":"<h3><strong>QNDE Am\u00e9liorations d\u2019une salle de radiographie<\/strong><\/h3>\n<p><strong>Qualit\u00e9 NDE peut effectuer une mise \u00e0 niveau, clef en main, de votre salle de radiographie industrielle existante.<\/strong><\/p>\n<ul>\n<li>L\u2019ajout de blindage en plomb minimise la perte d\u2019espace dans votre salle de radiographie lors de l\u2019installation d\u2019un syst\u00e8me plus puissant.<\/li>\n<li>Ajout de blindage \u00e0 une porte existente pour r\u00e9pondre \u00e0 de nouvelles exigences.\n<ul>\n<li>Porte, ajout de blindage de plomb.<\/li>\n<li>Porte, ajout d\u2019une tranch\u00e9e dans le bas.<\/li>\n<li>Porte, ajout d\u2019une but\u00e9e.<\/li>\n<\/ul>\n<\/li>\n<li>Ajout d\u2019une chicane pour c\u00e2ble haut-voltage, gicleur, conduits \u00e9lectriques ou autres.<\/li>\n<li>Ajout\/remplacement de composantes de sant\u00e9 et s\u00e9curit\u00e9.\n<ul>\n<li>Interrupteur de s\u00e9curit\u00e9 avec deux contacts bas-voltage (s\u00e9curit\u00e9 niveau 4).<\/li>\n<li>Ext\u00e9rieur, panneau d\u2019avertissement lumineux rouge, \u00ab\u00a0RAYON-X ALLUM\u00c9\u00a0\u00bb, un c\u00f4t\u00e9.<\/li>\n<li>Ext\u00e9rieur, panneau d\u2019avertissement lumineux jaune, \u00ab\u00a0RAYON-X IMMINENT\u00a0\u00bb, un c\u00f4t\u00e9.<\/li>\n<li>Int\u00e9rieur, tour lumineuse LED (rouge, jaune, vert) avec buzzer et arr\u00eat d\u2019urgence).<\/li>\n<\/ul>\n<\/li>\n<li>Mesure des fuites de rayonnements et certification du cabinet.<\/li>\n<li>Certification, Sant\u00e9 et S\u00e9curit\u00e9 CODE 34.<\/li>\n<\/ul>\n<p>&nbsp;<\/p>\n<p>La salle de radiographie peut p\u00eatre mise \u00e0 niveau selon vos besoins sp\u00e9cifiques. Les dessins et\/ou sp\u00e9cifications seront fournis pour votre approbation avant la fabrication.<\/p>\n","protected":false},"excerpt":{"rendered":"<p>QNDE Am\u00e9liorations d\u2019une salle de radiographie Qualit\u00e9 NDE peut effectuer une mise \u00e0 niveau, clef en main, de votre salle de radiographie industrielle existante. L\u2019ajout de blindage en plomb minimise la perte d\u2019espace dans votre salle de radiographie lors de l\u2019installation d\u2019un syst\u00e8me plus puissant. Ajout de blindage \u00e0 une porte existente pour r\u00e9pondre \u00e0 [&hellip;]<\/p>\n","protected":false},"featured_media":29169,"template":"","meta":{"_monsterinsights_skip_tracking":false,"_monsterinsights_sitenote_active":false,"_monsterinsights_sitenote_note":"","_monsterinsights_sitenote_category":0},"product_brand":[],"product_cat":[392,138,320],"product_tag":[],"class_list":{"0":"post-29167","1":"product","2":"type-product","3":"status-publish","4":"has-post-thumbnail","6":"product_cat-qnde-fr","7":"product_cat-radiographie","8":"product_cat-cabinets-chambre-portes-rayons-x","10":"first","11":"instock","12":"shipping-taxable","13":"product-type-simple"},"yoast_head":"<!-- This site is optimized with the Yoast SEO plugin v23.9 - https:\/\/yoast.com\/wordpress\/plugins\/seo\/ -->\n<title>QNDE Am\u00e9liorations d\u2019une salle de radiographie &#060; Qualit\u00e9 NDE<\/title>\n<meta name=\"description\" content=\"Mise \u00e0 niveau cl\u00e9 en main de salles radiographie industrielles. Ajout blindage plomb, s\u00e9curit\u00e9, panneaux lumineux, mesure fuites et certification CODE 34.\" \/>\n<meta name=\"robots\" content=\"index, follow, max-snippet:-1, max-image-preview:large, max-video-preview:-1\" \/>\n<link rel=\"canonical\" href=\"https:\/\/www.qnde.ca\/fr\/produit\/qnde-ameliorations-dune-salle-de-radiographie\/\" \/>\n<meta name=\"twitter:label1\" content=\"Dur\u00e9e de lecture estim\u00e9e\" \/>\n\t<meta name=\"twitter:data1\" content=\"1 minute\" \/>\n<script type=\"application\/ld+json\" class=\"yoast-schema-graph\">{\"@context\":\"https:\/\/schema.org\",\"@graph\":[{\"@type\":[\"WebPage\",\"ItemPage\"],\"@id\":\"https:\/\/www.qnde.ca\/fr\/produit\/qnde-ameliorations-dune-salle-de-radiographie\/\",\"url\":\"https:\/\/www.qnde.ca\/fr\/produit\/qnde-ameliorations-dune-salle-de-radiographie\/\",\"name\":\"QNDE Am\u00e9liorations d\u2019une salle de radiographie &#060; Qualit\u00e9 NDE\",\"isPartOf\":{\"@id\":\"https:\/\/www.qnde.ca\/#website\"},\"primaryImageOfPage\":{\"@id\":\"https:\/\/www.qnde.ca\/fr\/produit\/qnde-ameliorations-dune-salle-de-radiographie\/#primaryimage\"},\"image\":{\"@id\":\"https:\/\/www.qnde.ca\/fr\/produit\/qnde-ameliorations-dune-salle-de-radiographie\/#primaryimage\"},\"thumbnailUrl\":\"https:\/\/www.qnde.ca\/wp-content\/uploads\/2022\/12\/X-ray-bunker-door-upgrade-and-safety-compliance-scaled-scaled.jpg\",\"datePublished\":\"2022-12-09T14:13:52+00:00\",\"dateModified\":\"2025-08-12T19:00:41+00:00\",\"description\":\"Mise \u00e0 niveau cl\u00e9 en main de salles radiographie industrielles. Ajout blindage plomb, s\u00e9curit\u00e9, panneaux lumineux, mesure fuites et certification CODE 34.\",\"breadcrumb\":{\"@id\":\"https:\/\/www.qnde.ca\/fr\/produit\/qnde-ameliorations-dune-salle-de-radiographie\/#breadcrumb\"},\"inLanguage\":\"fr-FR\",\"potentialAction\":[{\"@type\":\"ReadAction\",\"target\":[\"https:\/\/www.qnde.ca\/fr\/produit\/qnde-ameliorations-dune-salle-de-radiographie\/\"]}]},{\"@type\":\"ImageObject\",\"inLanguage\":\"fr-FR\",\"@id\":\"https:\/\/www.qnde.ca\/fr\/produit\/qnde-ameliorations-dune-salle-de-radiographie\/#primaryimage\",\"url\":\"https:\/\/www.qnde.ca\/wp-content\/uploads\/2022\/12\/X-ray-bunker-door-upgrade-and-safety-compliance-scaled-scaled.jpg\",\"contentUrl\":\"https:\/\/www.qnde.ca\/wp-content\/uploads\/2022\/12\/X-ray-bunker-door-upgrade-and-safety-compliance-scaled-scaled.jpg\",\"width\":2048,\"height\":1536},{\"@type\":\"BreadcrumbList\",\"@id\":\"https:\/\/www.qnde.ca\/fr\/produit\/qnde-ameliorations-dune-salle-de-radiographie\/#breadcrumb\",\"itemListElement\":[{\"@type\":\"ListItem\",\"position\":1,\"name\":\"Accueil\",\"item\":\"https:\/\/www.qnde.ca\/fr\/\"},{\"@type\":\"ListItem\",\"position\":2,\"name\":\"Produits\",\"item\":\"https:\/\/www.qnde.ca\/fr\/produits\/\"},{\"@type\":\"ListItem\",\"position\":3,\"name\":\"Radiography\",\"item\":\"https:\/\/www.qnde.ca\/product-category\/radiography\/\"},{\"@type\":\"ListItem\",\"position\":4,\"name\":\"QNDE Am\u00e9liorations d\u2019une salle de radiographie\"}]},{\"@type\":\"WebSite\",\"@id\":\"https:\/\/www.qnde.ca\/#website\",\"url\":\"https:\/\/www.qnde.ca\/\",\"name\":\"Qualit\u00e9 NDE\",\"description\":\"\u00c9quipements d&#039;essais non destructifs \",\"publisher\":{\"@id\":\"https:\/\/www.qnde.ca\/#organization\"},\"potentialAction\":[{\"@type\":\"SearchAction\",\"target\":{\"@type\":\"EntryPoint\",\"urlTemplate\":\"https:\/\/www.qnde.ca\/?s={search_term_string}\"},\"query-input\":{\"@type\":\"PropertyValueSpecification\",\"valueRequired\":true,\"valueName\":\"search_term_string\"}}],\"inLanguage\":\"fr-FR\"},{\"@type\":\"Organization\",\"@id\":\"https:\/\/www.qnde.ca\/#organization\",\"name\":\"Quality NDT Ltd.\",\"url\":\"https:\/\/www.qnde.ca\/\",\"logo\":{\"@type\":\"ImageObject\",\"inLanguage\":\"fr-FR\",\"@id\":\"https:\/\/www.qnde.ca\/#\/schema\/logo\/image\/\",\"url\":\"https:\/\/www.qnde.ca\/wp-content\/uploads\/2022\/02\/QNDE_logo_RGB-gif.gif\",\"contentUrl\":\"https:\/\/www.qnde.ca\/wp-content\/uploads\/2022\/02\/QNDE_logo_RGB-gif.gif\",\"width\":250,\"height\":64,\"caption\":\"Quality NDT Ltd.\"},\"image\":{\"@id\":\"https:\/\/www.qnde.ca\/#\/schema\/logo\/image\/\"},\"sameAs\":[\"https:\/\/www.linkedin.com\/company\/qnde\/about\/?viewAsMember=true\"]}]}<\/script>\n<!-- \/ Yoast SEO plugin. -->","yoast_head_json":{"title":"QNDE Am\u00e9liorations d\u2019une salle de radiographie &#060; Qualit\u00e9 NDE","description":"Mise \u00e0 niveau cl\u00e9 en main de salles radiographie industrielles. Ajout blindage plomb, s\u00e9curit\u00e9, panneaux lumineux, mesure fuites et certification CODE 34.","robots":{"index":"index","follow":"follow","max-snippet":"max-snippet:-1","max-image-preview":"max-image-preview:large","max-video-preview":"max-video-preview:-1"},"canonical":"https:\/\/www.qnde.ca\/fr\/produit\/qnde-ameliorations-dune-salle-de-radiographie\/","twitter_misc":{"Dur\u00e9e de lecture estim\u00e9e":"1 minute"},"schema":{"@context":"https:\/\/schema.org","@graph":[{"@type":["WebPage","ItemPage"],"@id":"https:\/\/www.qnde.ca\/fr\/produit\/qnde-ameliorations-dune-salle-de-radiographie\/","url":"https:\/\/www.qnde.ca\/fr\/produit\/qnde-ameliorations-dune-salle-de-radiographie\/","name":"QNDE Am\u00e9liorations d\u2019une salle de radiographie &#060; Qualit\u00e9 NDE","isPartOf":{"@id":"https:\/\/www.qnde.ca\/#website"},"primaryImageOfPage":{"@id":"https:\/\/www.qnde.ca\/fr\/produit\/qnde-ameliorations-dune-salle-de-radiographie\/#primaryimage"},"image":{"@id":"https:\/\/www.qnde.ca\/fr\/produit\/qnde-ameliorations-dune-salle-de-radiographie\/#primaryimage"},"thumbnailUrl":"https:\/\/www.qnde.ca\/wp-content\/uploads\/2022\/12\/X-ray-bunker-door-upgrade-and-safety-compliance-scaled-scaled.jpg","datePublished":"2022-12-09T14:13:52+00:00","dateModified":"2025-08-12T19:00:41+00:00","description":"Mise \u00e0 niveau cl\u00e9 en main de salles radiographie industrielles. Ajout blindage plomb, s\u00e9curit\u00e9, panneaux lumineux, mesure fuites et certification CODE 34.","breadcrumb":{"@id":"https:\/\/www.qnde.ca\/fr\/produit\/qnde-ameliorations-dune-salle-de-radiographie\/#breadcrumb"},"inLanguage":"fr-FR","potentialAction":[{"@type":"ReadAction","target":["https:\/\/www.qnde.ca\/fr\/produit\/qnde-ameliorations-dune-salle-de-radiographie\/"]}]},{"@type":"ImageObject","inLanguage":"fr-FR","@id":"https:\/\/www.qnde.ca\/fr\/produit\/qnde-ameliorations-dune-salle-de-radiographie\/#primaryimage","url":"https:\/\/www.qnde.ca\/wp-content\/uploads\/2022\/12\/X-ray-bunker-door-upgrade-and-safety-compliance-scaled-scaled.jpg","contentUrl":"https:\/\/www.qnde.ca\/wp-content\/uploads\/2022\/12\/X-ray-bunker-door-upgrade-and-safety-compliance-scaled-scaled.jpg","width":2048,"height":1536},{"@type":"BreadcrumbList","@id":"https:\/\/www.qnde.ca\/fr\/produit\/qnde-ameliorations-dune-salle-de-radiographie\/#breadcrumb","itemListElement":[{"@type":"ListItem","position":1,"name":"Accueil","item":"https:\/\/www.qnde.ca\/fr\/"},{"@type":"ListItem","position":2,"name":"Produits","item":"https:\/\/www.qnde.ca\/fr\/produits\/"},{"@type":"ListItem","position":3,"name":"Radiography","item":"https:\/\/www.qnde.ca\/product-category\/radiography\/"},{"@type":"ListItem","position":4,"name":"QNDE Am\u00e9liorations d\u2019une salle de radiographie"}]},{"@type":"WebSite","@id":"https:\/\/www.qnde.ca\/#website","url":"https:\/\/www.qnde.ca\/","name":"Qualit\u00e9 NDE","description":"\u00c9quipements d&#039;essais non destructifs ","publisher":{"@id":"https:\/\/www.qnde.ca\/#organization"},"potentialAction":[{"@type":"SearchAction","target":{"@type":"EntryPoint","urlTemplate":"https:\/\/www.qnde.ca\/?s={search_term_string}"},"query-input":{"@type":"PropertyValueSpecification","valueRequired":true,"valueName":"search_term_string"}}],"inLanguage":"fr-FR"},{"@type":"Organization","@id":"https:\/\/www.qnde.ca\/#organization","name":"Quality NDT Ltd.","url":"https:\/\/www.qnde.ca\/","logo":{"@type":"ImageObject","inLanguage":"fr-FR","@id":"https:\/\/www.qnde.ca\/#\/schema\/logo\/image\/","url":"https:\/\/www.qnde.ca\/wp-content\/uploads\/2022\/02\/QNDE_logo_RGB-gif.gif","contentUrl":"https:\/\/www.qnde.ca\/wp-content\/uploads\/2022\/02\/QNDE_logo_RGB-gif.gif","width":250,"height":64,"caption":"Quality NDT Ltd."},"image":{"@id":"https:\/\/www.qnde.ca\/#\/schema\/logo\/image\/"},"sameAs":["https:\/\/www.linkedin.com\/company\/qnde\/about\/?viewAsMember=true"]}]}},"jetpack_sharing_enabled":true,"_links":{"self":[{"href":"https:\/\/www.qnde.ca\/fr\/wp-json\/wp\/v2\/product\/29167","targetHints":{"allow":["GET"]}}],"collection":[{"href":"https:\/\/www.qnde.ca\/fr\/wp-json\/wp\/v2\/product"}],"about":[{"href":"https:\/\/www.qnde.ca\/fr\/wp-json\/wp\/v2\/types\/product"}],"wp:featuredmedia":[{"embeddable":true,"href":"https:\/\/www.qnde.ca\/fr\/wp-json\/wp\/v2\/media\/29169"}],"wp:attachment":[{"href":"https:\/\/www.qnde.ca\/fr\/wp-json\/wp\/v2\/media?parent=29167"}],"wp:term":[{"taxonomy":"product_brand","embeddable":true,"href":"https:\/\/www.qnde.ca\/fr\/wp-json\/wp\/v2\/product_brand?post=29167"},{"taxonomy":"product_cat","embeddable":true,"href":"https:\/\/www.qnde.ca\/fr\/wp-json\/wp\/v2\/product_cat?post=29167"},{"taxonomy":"product_tag","embeddable":true,"href":"https:\/\/www.qnde.ca\/fr\/wp-json\/wp\/v2\/product_tag?post=29167"}],"curies":[{"name":"wp","href":"https:\/\/api.w.org\/{rel}","templated":true}]}}