{"id":29147,"date":"2022-12-09T08:55:18","date_gmt":"2022-12-09T14:00:59","guid":{"rendered":"https:\/\/www.qnde.ca\/?post_type=product&#038;p=29147"},"modified":"2025-08-18T13:18:30","modified_gmt":"2025-08-18T17:18:30","slug":"qnde-salle","status":"publish","type":"product","link":"https:\/\/www.qnde.ca\/fr\/produit\/qnde-salle\/","title":{"rendered":"QNDE Salle \u00e0 Rayons-X SUR MESURE"},"content":{"rendered":"<h3><strong>Salle \u00e0 Rayon-X &#8211; CUSTOM<\/strong><\/h3>\n<p><strong>Salle de radiographie industrielle de plomb<\/strong><\/p>\n<ul>\n<li>G\u00e9n\u00e9ralement fait de panneaux d\u2019acier\/plomb\/acier, il peut \u00e9galement \u00eatre fabriqu\u00e9 de b\u00e9ton\/plomb\/placopl\u00e2tre ou d&rsquo;autres mat\u00e9riaux (b\u00e9ton, blocs de b\u00e9ton, bois, contreplaqu\u00e9, etc.).<\/li>\n<li>L\u2019\u00e9paisseur du plomb est d\u00e9termin\u00e9e par le niveau d\u2019\u00e9nergie ainsi que la technique de radiographie.<\/li>\n<li>Les dimensions sont dict\u00e9es par la dimension des pi\u00e8ces ainsi que les techniques de radiographies.<\/li>\n<li>Peut-\u00eatre \u00e9quip\u00e9 d\u2019une ou deux portes coulissantes; manuelle ou pneumatique.<\/li>\n<li>Composantes de sant\u00e9 et s\u00e9curit\u00e9 (conform\u00e9ment aux exigences internationales):\n<ul>\n<li>Interrupteur de s\u00e9curit\u00e9 avec deux contacts bas-voltage (s\u00e9curit\u00e9 niveau 4).<\/li>\n<li>Ext\u00e9rieur, panneau d\u2019avertissement lumineux rouge, \u00ab\u00a0RAYON-X ALLUM\u00c9\u00a0\u00bb, un c\u00f4t\u00e9.<\/li>\n<li>Ext\u00e9rieur, panneau d\u2019avertissement lumineux jaune, \u00ab\u00a0RAYON-X IMMINENT\u00a0\u00bb, un c\u00f4t\u00e9.<\/li>\n<li>Int\u00e9rieur, tour lumineuse LED (rouge, jaune, vert) avec buzzer et arr\u00eat d\u2019urgence).<\/li>\n<\/ul>\n<\/li>\n<li>Mesure des fuites de rayonnements et certification du cabinet.<\/li>\n<li>Certification, Sant\u00e9 &amp; S\u00e9curit\u00e9 CODE 34.<\/li>\n<\/ul>\n<p>&nbsp;<\/p>\n<p>La salle de radiographie peut \u00eatre construite selon vos dimensions et vos sp\u00e9cifications. Les dessins vous seront fournis pour votre approbation avant la fabrication.<\/p>\n","protected":false},"excerpt":{"rendered":"<p>Salle \u00e0 Rayon-X &#8211; CUSTOM Salle de radiographie industrielle de plomb G\u00e9n\u00e9ralement fait de panneaux d\u2019acier\/plomb\/acier, il peut \u00e9galement \u00eatre fabriqu\u00e9 de b\u00e9ton\/plomb\/placopl\u00e2tre ou d&rsquo;autres mat\u00e9riaux (b\u00e9ton, blocs de b\u00e9ton, bois, contreplaqu\u00e9, etc.). L\u2019\u00e9paisseur du plomb est d\u00e9termin\u00e9e par le niveau d\u2019\u00e9nergie ainsi que la technique de radiographie. Les dimensions sont dict\u00e9es par la dimension [&hellip;]<\/p>\n","protected":false},"featured_media":29210,"template":"","meta":{"_monsterinsights_skip_tracking":false,"_monsterinsights_sitenote_active":false,"_monsterinsights_sitenote_note":"","_monsterinsights_sitenote_category":0},"product_brand":[],"product_cat":[392,138,320],"product_tag":[],"class_list":{"0":"post-29147","1":"product","2":"type-product","3":"status-publish","4":"has-post-thumbnail","6":"product_cat-qnde-fr","7":"product_cat-radiographie","8":"product_cat-cabinets-chambre-portes-rayons-x","10":"first","11":"instock","12":"shipping-taxable","13":"product-type-simple"},"yoast_head":"<!-- This site is optimized with the Yoast SEO plugin v23.9 - https:\/\/yoast.com\/wordpress\/plugins\/seo\/ -->\n<title>QNDE Salle \u00e0 Rayons-X SUR MESURE &#060; Qualit\u00e9 NDE<\/title>\n<meta name=\"description\" content=\"Salle de radiographie industrielle sur mesure en plomb, conforme au Code 34. Mat\u00e9riaux et dimensions adapt\u00e9s \u00e0 vos besoins en radioprotection.\" \/>\n<meta name=\"robots\" content=\"index, follow, max-snippet:-1, max-image-preview:large, max-video-preview:-1\" \/>\n<link rel=\"canonical\" href=\"https:\/\/www.qnde.ca\/fr\/produit\/qnde-salle\/\" \/>\n<meta name=\"twitter:label1\" content=\"Dur\u00e9e de lecture estim\u00e9e\" \/>\n\t<meta name=\"twitter:data1\" content=\"1 minute\" \/>\n<script type=\"application\/ld+json\" class=\"yoast-schema-graph\">{\"@context\":\"https:\/\/schema.org\",\"@graph\":[{\"@type\":[\"WebPage\",\"ItemPage\"],\"@id\":\"https:\/\/www.qnde.ca\/fr\/produit\/qnde-salle\/\",\"url\":\"https:\/\/www.qnde.ca\/fr\/produit\/qnde-salle\/\",\"name\":\"QNDE Salle \u00e0 Rayons-X SUR MESURE &#060; Qualit\u00e9 NDE\",\"isPartOf\":{\"@id\":\"https:\/\/www.qnde.ca\/#website\"},\"primaryImageOfPage\":{\"@id\":\"https:\/\/www.qnde.ca\/fr\/produit\/qnde-salle\/#primaryimage\"},\"image\":{\"@id\":\"https:\/\/www.qnde.ca\/fr\/produit\/qnde-salle\/#primaryimage\"},\"thumbnailUrl\":\"https:\/\/www.qnde.ca\/wp-content\/uploads\/2022\/12\/X-ray-bunker-225kV-with-sliding-door-scaled-scaled.jpg\",\"datePublished\":\"2022-12-09T14:00:59+00:00\",\"dateModified\":\"2025-08-18T17:18:30+00:00\",\"description\":\"Salle de radiographie industrielle sur mesure en plomb, conforme au Code 34. Mat\u00e9riaux et dimensions adapt\u00e9s \u00e0 vos besoins en radioprotection.\",\"breadcrumb\":{\"@id\":\"https:\/\/www.qnde.ca\/fr\/produit\/qnde-salle\/#breadcrumb\"},\"inLanguage\":\"fr-FR\",\"potentialAction\":[{\"@type\":\"ReadAction\",\"target\":[\"https:\/\/www.qnde.ca\/fr\/produit\/qnde-salle\/\"]}]},{\"@type\":\"ImageObject\",\"inLanguage\":\"fr-FR\",\"@id\":\"https:\/\/www.qnde.ca\/fr\/produit\/qnde-salle\/#primaryimage\",\"url\":\"https:\/\/www.qnde.ca\/wp-content\/uploads\/2022\/12\/X-ray-bunker-225kV-with-sliding-door-scaled-scaled.jpg\",\"contentUrl\":\"https:\/\/www.qnde.ca\/wp-content\/uploads\/2022\/12\/X-ray-bunker-225kV-with-sliding-door-scaled-scaled.jpg\",\"width\":1536,\"height\":2048},{\"@type\":\"BreadcrumbList\",\"@id\":\"https:\/\/www.qnde.ca\/fr\/produit\/qnde-salle\/#breadcrumb\",\"itemListElement\":[{\"@type\":\"ListItem\",\"position\":1,\"name\":\"Accueil\",\"item\":\"https:\/\/www.qnde.ca\/fr\/\"},{\"@type\":\"ListItem\",\"position\":2,\"name\":\"Produits\",\"item\":\"https:\/\/www.qnde.ca\/fr\/produits\/\"},{\"@type\":\"ListItem\",\"position\":3,\"name\":\"Marques\",\"item\":\"https:\/\/www.qnde.ca\/fr\/product-category\/marques\/\"},{\"@type\":\"ListItem\",\"position\":4,\"name\":\"QNDE\",\"item\":\"https:\/\/www.qnde.ca\/fr\/product-category\/marques\/qnde-fr\/\"},{\"@type\":\"ListItem\",\"position\":5,\"name\":\"QNDE Salle \u00e0 Rayons-X SUR MESURE\"}]},{\"@type\":\"WebSite\",\"@id\":\"https:\/\/www.qnde.ca\/#website\",\"url\":\"https:\/\/www.qnde.ca\/\",\"name\":\"Qualit\u00e9 NDE\",\"description\":\"\u00c9quipements d&#039;essais non destructifs \",\"publisher\":{\"@id\":\"https:\/\/www.qnde.ca\/#organization\"},\"potentialAction\":[{\"@type\":\"SearchAction\",\"target\":{\"@type\":\"EntryPoint\",\"urlTemplate\":\"https:\/\/www.qnde.ca\/?s={search_term_string}\"},\"query-input\":{\"@type\":\"PropertyValueSpecification\",\"valueRequired\":true,\"valueName\":\"search_term_string\"}}],\"inLanguage\":\"fr-FR\"},{\"@type\":\"Organization\",\"@id\":\"https:\/\/www.qnde.ca\/#organization\",\"name\":\"Quality NDT Ltd.\",\"url\":\"https:\/\/www.qnde.ca\/\",\"logo\":{\"@type\":\"ImageObject\",\"inLanguage\":\"fr-FR\",\"@id\":\"https:\/\/www.qnde.ca\/#\/schema\/logo\/image\/\",\"url\":\"https:\/\/www.qnde.ca\/wp-content\/uploads\/2022\/02\/QNDE_logo_RGB-gif.gif\",\"contentUrl\":\"https:\/\/www.qnde.ca\/wp-content\/uploads\/2022\/02\/QNDE_logo_RGB-gif.gif\",\"width\":250,\"height\":64,\"caption\":\"Quality NDT Ltd.\"},\"image\":{\"@id\":\"https:\/\/www.qnde.ca\/#\/schema\/logo\/image\/\"},\"sameAs\":[\"https:\/\/www.linkedin.com\/company\/qnde\/about\/?viewAsMember=true\"]}]}<\/script>\n<!-- \/ Yoast SEO plugin. -->","yoast_head_json":{"title":"QNDE Salle \u00e0 Rayons-X SUR MESURE &#060; Qualit\u00e9 NDE","description":"Salle de radiographie industrielle sur mesure en plomb, conforme au Code 34. Mat\u00e9riaux et dimensions adapt\u00e9s \u00e0 vos besoins en radioprotection.","robots":{"index":"index","follow":"follow","max-snippet":"max-snippet:-1","max-image-preview":"max-image-preview:large","max-video-preview":"max-video-preview:-1"},"canonical":"https:\/\/www.qnde.ca\/fr\/produit\/qnde-salle\/","twitter_misc":{"Dur\u00e9e de lecture estim\u00e9e":"1 minute"},"schema":{"@context":"https:\/\/schema.org","@graph":[{"@type":["WebPage","ItemPage"],"@id":"https:\/\/www.qnde.ca\/fr\/produit\/qnde-salle\/","url":"https:\/\/www.qnde.ca\/fr\/produit\/qnde-salle\/","name":"QNDE Salle \u00e0 Rayons-X SUR MESURE &#060; Qualit\u00e9 NDE","isPartOf":{"@id":"https:\/\/www.qnde.ca\/#website"},"primaryImageOfPage":{"@id":"https:\/\/www.qnde.ca\/fr\/produit\/qnde-salle\/#primaryimage"},"image":{"@id":"https:\/\/www.qnde.ca\/fr\/produit\/qnde-salle\/#primaryimage"},"thumbnailUrl":"https:\/\/www.qnde.ca\/wp-content\/uploads\/2022\/12\/X-ray-bunker-225kV-with-sliding-door-scaled-scaled.jpg","datePublished":"2022-12-09T14:00:59+00:00","dateModified":"2025-08-18T17:18:30+00:00","description":"Salle de radiographie industrielle sur mesure en plomb, conforme au Code 34. Mat\u00e9riaux et dimensions adapt\u00e9s \u00e0 vos besoins en radioprotection.","breadcrumb":{"@id":"https:\/\/www.qnde.ca\/fr\/produit\/qnde-salle\/#breadcrumb"},"inLanguage":"fr-FR","potentialAction":[{"@type":"ReadAction","target":["https:\/\/www.qnde.ca\/fr\/produit\/qnde-salle\/"]}]},{"@type":"ImageObject","inLanguage":"fr-FR","@id":"https:\/\/www.qnde.ca\/fr\/produit\/qnde-salle\/#primaryimage","url":"https:\/\/www.qnde.ca\/wp-content\/uploads\/2022\/12\/X-ray-bunker-225kV-with-sliding-door-scaled-scaled.jpg","contentUrl":"https:\/\/www.qnde.ca\/wp-content\/uploads\/2022\/12\/X-ray-bunker-225kV-with-sliding-door-scaled-scaled.jpg","width":1536,"height":2048},{"@type":"BreadcrumbList","@id":"https:\/\/www.qnde.ca\/fr\/produit\/qnde-salle\/#breadcrumb","itemListElement":[{"@type":"ListItem","position":1,"name":"Accueil","item":"https:\/\/www.qnde.ca\/fr\/"},{"@type":"ListItem","position":2,"name":"Produits","item":"https:\/\/www.qnde.ca\/fr\/produits\/"},{"@type":"ListItem","position":3,"name":"Marques","item":"https:\/\/www.qnde.ca\/fr\/product-category\/marques\/"},{"@type":"ListItem","position":4,"name":"QNDE","item":"https:\/\/www.qnde.ca\/fr\/product-category\/marques\/qnde-fr\/"},{"@type":"ListItem","position":5,"name":"QNDE Salle \u00e0 Rayons-X SUR MESURE"}]},{"@type":"WebSite","@id":"https:\/\/www.qnde.ca\/#website","url":"https:\/\/www.qnde.ca\/","name":"Qualit\u00e9 NDE","description":"\u00c9quipements d&#039;essais non destructifs ","publisher":{"@id":"https:\/\/www.qnde.ca\/#organization"},"potentialAction":[{"@type":"SearchAction","target":{"@type":"EntryPoint","urlTemplate":"https:\/\/www.qnde.ca\/?s={search_term_string}"},"query-input":{"@type":"PropertyValueSpecification","valueRequired":true,"valueName":"search_term_string"}}],"inLanguage":"fr-FR"},{"@type":"Organization","@id":"https:\/\/www.qnde.ca\/#organization","name":"Quality NDT Ltd.","url":"https:\/\/www.qnde.ca\/","logo":{"@type":"ImageObject","inLanguage":"fr-FR","@id":"https:\/\/www.qnde.ca\/#\/schema\/logo\/image\/","url":"https:\/\/www.qnde.ca\/wp-content\/uploads\/2022\/02\/QNDE_logo_RGB-gif.gif","contentUrl":"https:\/\/www.qnde.ca\/wp-content\/uploads\/2022\/02\/QNDE_logo_RGB-gif.gif","width":250,"height":64,"caption":"Quality NDT Ltd."},"image":{"@id":"https:\/\/www.qnde.ca\/#\/schema\/logo\/image\/"},"sameAs":["https:\/\/www.linkedin.com\/company\/qnde\/about\/?viewAsMember=true"]}]}},"jetpack_sharing_enabled":true,"_links":{"self":[{"href":"https:\/\/www.qnde.ca\/fr\/wp-json\/wp\/v2\/product\/29147","targetHints":{"allow":["GET"]}}],"collection":[{"href":"https:\/\/www.qnde.ca\/fr\/wp-json\/wp\/v2\/product"}],"about":[{"href":"https:\/\/www.qnde.ca\/fr\/wp-json\/wp\/v2\/types\/product"}],"wp:featuredmedia":[{"embeddable":true,"href":"https:\/\/www.qnde.ca\/fr\/wp-json\/wp\/v2\/media\/29210"}],"wp:attachment":[{"href":"https:\/\/www.qnde.ca\/fr\/wp-json\/wp\/v2\/media?parent=29147"}],"wp:term":[{"taxonomy":"product_brand","embeddable":true,"href":"https:\/\/www.qnde.ca\/fr\/wp-json\/wp\/v2\/product_brand?post=29147"},{"taxonomy":"product_cat","embeddable":true,"href":"https:\/\/www.qnde.ca\/fr\/wp-json\/wp\/v2\/product_cat?post=29147"},{"taxonomy":"product_tag","embeddable":true,"href":"https:\/\/www.qnde.ca\/fr\/wp-json\/wp\/v2\/product_tag?post=29147"}],"curies":[{"name":"wp","href":"https:\/\/api.w.org\/{rel}","templated":true}]}}