{"id":29133,"date":"2022-12-09T08:55:18","date_gmt":"2022-12-09T14:00:59","guid":{"rendered":"https:\/\/www.qnde.ca\/?post_type=product&#038;p=29133"},"modified":"2025-08-12T15:02:20","modified_gmt":"2025-08-12T19:02:20","slug":"qnde-cabinet-de-radiographie-type-refrigerateur-sur-mesure","status":"publish","type":"product","link":"https:\/\/www.qnde.ca\/fr\/produit\/qnde-cabinet-de-radiographie-type-refrigerateur-sur-mesure\/","title":{"rendered":"QNDE Cabinet de Radiographie Type R\u00e9frig\u00e9rateur SUR MESURE"},"content":{"rendered":"<h3><strong>QNDE Cabinet de Radiographie Type R\u00e9frig\u00e9rateur \u2013 SUR MESURE<\/strong><\/h3>\n<p><strong>Cabinet de plomb avec verrouillages et enseignes \u2013 Finition de qualit\u00e9 m\u00e9dicale.<\/strong><\/p>\n<ul>\n<li>Dimensions externes\u00a0: 852mm de largeur x 921mm de profondeur x 2114mm en hauteur.<\/li>\n<li>Dimensions internes\u00a0: 710mm de largeur x 533mm de profondeur x 1650mm de hauteur.\n<ul>\n<li>Pieds ajustables pour le nivellement.<\/li>\n<li>Poids approximatif de 1460kg (3\u00a0200 lb).<\/li>\n<\/ul>\n<\/li>\n<li>Construction en acier\/plomb\/acier (couleur au choix du client)<\/li>\n<li>Dispositif de chicane sur penture pour le c\u00e2ble haut-voltage, pour simplifier l\u2019entretien pr\u00e9ventif.<\/li>\n<li>Deux ports de ventilation et chicanes pour connexion d\u2019un conduit de ventilation de 100mm.<\/li>\n<li>Porte de chargement frontale sur charni\u00e8res avec acc\u00e8s complet; verrouillable avec loquet industriel (ouverture sur la gauche).<\/li>\n<li>Composantes de sant\u00e9 et s\u00e9curit\u00e9 (conform\u00e9ment aux exigences internationales):\n<ul>\n<li>Interrupteur de s\u00e9curit\u00e9 avec deux contacts bas-voltage (s\u00e9curit\u00e9 niveau 4).<\/li>\n<li>Ext\u00e9rieur, panneau d\u2019avertissement lumineux rouge, \u00ab\u00a0RAYON-X ALLUM\u00c9\u00a0\u00bb, un c\u00f4t\u00e9.<\/li>\n<li>Ext\u00e9rieur, panneau d\u2019avertissement lumineux jaune, \u00ab\u00a0RAYON-X IMMINENT\u00a0\u00bb, un c\u00f4t\u00e9.<\/li>\n<\/ul>\n<\/li>\n<li>Mesure des fuites de rayonnements et certification du cabinet.<\/li>\n<li>Certification, Sant\u00e9 et S\u00e9curit\u00e9 CODE 34.<\/li>\n<\/ul>\n<p>&nbsp;<\/p>\n<p>Le cabinet de plomb peut \u00eatre construit selon vos dimensions et vos sp\u00e9cifications. Les dessins vous seront fournis pour votre approbation avant la fabrication.<\/p>\n","protected":false},"excerpt":{"rendered":"<p>QNDE Cabinet de Radiographie Type R\u00e9frig\u00e9rateur \u2013 SUR MESURE Cabinet de plomb avec verrouillages et enseignes \u2013 Finition de qualit\u00e9 m\u00e9dicale. Dimensions externes\u00a0: 852mm de largeur x 921mm de profondeur x 2114mm en hauteur. Dimensions internes\u00a0: 710mm de largeur x 533mm de profondeur x 1650mm de hauteur. Pieds ajustables pour le nivellement. Poids approximatif de [&hellip;]<\/p>\n","protected":false},"featured_media":29137,"template":"","meta":{"_monsterinsights_skip_tracking":false,"_monsterinsights_sitenote_active":false,"_monsterinsights_sitenote_note":"","_monsterinsights_sitenote_category":0},"product_brand":[],"product_cat":[392,138,320],"product_tag":[],"class_list":{"0":"post-29133","1":"product","2":"type-product","3":"status-publish","4":"has-post-thumbnail","6":"product_cat-qnde-fr","7":"product_cat-radiographie","8":"product_cat-cabinets-chambre-portes-rayons-x","10":"first","11":"instock","12":"shipping-taxable","13":"product-type-simple"},"yoast_head":"<!-- This site is optimized with the Yoast SEO plugin v23.9 - https:\/\/yoast.com\/wordpress\/plugins\/seo\/ -->\n<title>QNDE Cabinet de Radiographie Type R\u00e9frig\u00e9rateur SUR MESURE &#060; Qualit\u00e9 NDE<\/title>\n<meta name=\"description\" content=\"Cabinet radiographie sur mesure en plomb, s\u00e9curit\u00e9 niveau 4, panneaux lumineux, ventilation, porte verrouillable et certification CODE 34 incluse.\" \/>\n<meta name=\"robots\" content=\"index, follow, max-snippet:-1, max-image-preview:large, max-video-preview:-1\" \/>\n<link rel=\"canonical\" href=\"https:\/\/www.qnde.ca\/fr\/produit\/qnde-cabinet-de-radiographie-type-refrigerateur-sur-mesure\/\" \/>\n<meta name=\"twitter:label1\" content=\"Dur\u00e9e de lecture estim\u00e9e\" \/>\n\t<meta name=\"twitter:data1\" content=\"2 minutes\" \/>\n<script type=\"application\/ld+json\" class=\"yoast-schema-graph\">{\"@context\":\"https:\/\/schema.org\",\"@graph\":[{\"@type\":[\"WebPage\",\"ItemPage\"],\"@id\":\"https:\/\/www.qnde.ca\/fr\/produit\/qnde-cabinet-de-radiographie-type-refrigerateur-sur-mesure\/\",\"url\":\"https:\/\/www.qnde.ca\/fr\/produit\/qnde-cabinet-de-radiographie-type-refrigerateur-sur-mesure\/\",\"name\":\"QNDE Cabinet de Radiographie Type R\u00e9frig\u00e9rateur SUR MESURE &#060; Qualit\u00e9 NDE\",\"isPartOf\":{\"@id\":\"https:\/\/www.qnde.ca\/#website\"},\"primaryImageOfPage\":{\"@id\":\"https:\/\/www.qnde.ca\/fr\/produit\/qnde-cabinet-de-radiographie-type-refrigerateur-sur-mesure\/#primaryimage\"},\"image\":{\"@id\":\"https:\/\/www.qnde.ca\/fr\/produit\/qnde-cabinet-de-radiographie-type-refrigerateur-sur-mesure\/#primaryimage\"},\"thumbnailUrl\":\"https:\/\/www.qnde.ca\/wp-content\/uploads\/2022\/12\/CUSTOM-X-RAY-CABINET-FRIDGE-DESIGN.png\",\"datePublished\":\"2022-12-09T14:00:59+00:00\",\"dateModified\":\"2025-08-12T19:02:20+00:00\",\"description\":\"Cabinet radiographie sur mesure en plomb, s\u00e9curit\u00e9 niveau 4, panneaux lumineux, ventilation, porte verrouillable et certification CODE 34 incluse.\",\"breadcrumb\":{\"@id\":\"https:\/\/www.qnde.ca\/fr\/produit\/qnde-cabinet-de-radiographie-type-refrigerateur-sur-mesure\/#breadcrumb\"},\"inLanguage\":\"fr-FR\",\"potentialAction\":[{\"@type\":\"ReadAction\",\"target\":[\"https:\/\/www.qnde.ca\/fr\/produit\/qnde-cabinet-de-radiographie-type-refrigerateur-sur-mesure\/\"]}]},{\"@type\":\"ImageObject\",\"inLanguage\":\"fr-FR\",\"@id\":\"https:\/\/www.qnde.ca\/fr\/produit\/qnde-cabinet-de-radiographie-type-refrigerateur-sur-mesure\/#primaryimage\",\"url\":\"https:\/\/www.qnde.ca\/wp-content\/uploads\/2022\/12\/CUSTOM-X-RAY-CABINET-FRIDGE-DESIGN.png\",\"contentUrl\":\"https:\/\/www.qnde.ca\/wp-content\/uploads\/2022\/12\/CUSTOM-X-RAY-CABINET-FRIDGE-DESIGN.png\",\"width\":2048,\"height\":2731},{\"@type\":\"BreadcrumbList\",\"@id\":\"https:\/\/www.qnde.ca\/fr\/produit\/qnde-cabinet-de-radiographie-type-refrigerateur-sur-mesure\/#breadcrumb\",\"itemListElement\":[{\"@type\":\"ListItem\",\"position\":1,\"name\":\"Accueil\",\"item\":\"https:\/\/www.qnde.ca\/fr\/\"},{\"@type\":\"ListItem\",\"position\":2,\"name\":\"Produits\",\"item\":\"https:\/\/www.qnde.ca\/fr\/produits\/\"},{\"@type\":\"ListItem\",\"position\":3,\"name\":\"Brands\",\"item\":\"https:\/\/www.qnde.ca\/product-category\/brands\/\"},{\"@type\":\"ListItem\",\"position\":4,\"name\":\"QNDE\",\"item\":\"https:\/\/www.qnde.ca\/product-category\/brands\/qnde\/\"},{\"@type\":\"ListItem\",\"position\":5,\"name\":\"QNDE Cabinet de Radiographie Type R\u00e9frig\u00e9rateur SUR MESURE\"}]},{\"@type\":\"WebSite\",\"@id\":\"https:\/\/www.qnde.ca\/#website\",\"url\":\"https:\/\/www.qnde.ca\/\",\"name\":\"Qualit\u00e9 NDE\",\"description\":\"\u00c9quipements d&#039;essais non destructifs \",\"publisher\":{\"@id\":\"https:\/\/www.qnde.ca\/#organization\"},\"potentialAction\":[{\"@type\":\"SearchAction\",\"target\":{\"@type\":\"EntryPoint\",\"urlTemplate\":\"https:\/\/www.qnde.ca\/?s={search_term_string}\"},\"query-input\":{\"@type\":\"PropertyValueSpecification\",\"valueRequired\":true,\"valueName\":\"search_term_string\"}}],\"inLanguage\":\"fr-FR\"},{\"@type\":\"Organization\",\"@id\":\"https:\/\/www.qnde.ca\/#organization\",\"name\":\"Quality NDT Ltd.\",\"url\":\"https:\/\/www.qnde.ca\/\",\"logo\":{\"@type\":\"ImageObject\",\"inLanguage\":\"fr-FR\",\"@id\":\"https:\/\/www.qnde.ca\/#\/schema\/logo\/image\/\",\"url\":\"https:\/\/www.qnde.ca\/wp-content\/uploads\/2022\/02\/QNDE_logo_RGB-gif.gif\",\"contentUrl\":\"https:\/\/www.qnde.ca\/wp-content\/uploads\/2022\/02\/QNDE_logo_RGB-gif.gif\",\"width\":250,\"height\":64,\"caption\":\"Quality NDT Ltd.\"},\"image\":{\"@id\":\"https:\/\/www.qnde.ca\/#\/schema\/logo\/image\/\"},\"sameAs\":[\"https:\/\/www.linkedin.com\/company\/qnde\/about\/?viewAsMember=true\"]}]}<\/script>\n<!-- \/ Yoast SEO plugin. -->","yoast_head_json":{"title":"QNDE Cabinet de Radiographie Type R\u00e9frig\u00e9rateur SUR MESURE &#060; Qualit\u00e9 NDE","description":"Cabinet radiographie sur mesure en plomb, s\u00e9curit\u00e9 niveau 4, panneaux lumineux, ventilation, porte verrouillable et certification CODE 34 incluse.","robots":{"index":"index","follow":"follow","max-snippet":"max-snippet:-1","max-image-preview":"max-image-preview:large","max-video-preview":"max-video-preview:-1"},"canonical":"https:\/\/www.qnde.ca\/fr\/produit\/qnde-cabinet-de-radiographie-type-refrigerateur-sur-mesure\/","twitter_misc":{"Dur\u00e9e de lecture estim\u00e9e":"2 minutes"},"schema":{"@context":"https:\/\/schema.org","@graph":[{"@type":["WebPage","ItemPage"],"@id":"https:\/\/www.qnde.ca\/fr\/produit\/qnde-cabinet-de-radiographie-type-refrigerateur-sur-mesure\/","url":"https:\/\/www.qnde.ca\/fr\/produit\/qnde-cabinet-de-radiographie-type-refrigerateur-sur-mesure\/","name":"QNDE Cabinet de Radiographie Type R\u00e9frig\u00e9rateur SUR MESURE &#060; Qualit\u00e9 NDE","isPartOf":{"@id":"https:\/\/www.qnde.ca\/#website"},"primaryImageOfPage":{"@id":"https:\/\/www.qnde.ca\/fr\/produit\/qnde-cabinet-de-radiographie-type-refrigerateur-sur-mesure\/#primaryimage"},"image":{"@id":"https:\/\/www.qnde.ca\/fr\/produit\/qnde-cabinet-de-radiographie-type-refrigerateur-sur-mesure\/#primaryimage"},"thumbnailUrl":"https:\/\/www.qnde.ca\/wp-content\/uploads\/2022\/12\/CUSTOM-X-RAY-CABINET-FRIDGE-DESIGN.png","datePublished":"2022-12-09T14:00:59+00:00","dateModified":"2025-08-12T19:02:20+00:00","description":"Cabinet radiographie sur mesure en plomb, s\u00e9curit\u00e9 niveau 4, panneaux lumineux, ventilation, porte verrouillable et certification CODE 34 incluse.","breadcrumb":{"@id":"https:\/\/www.qnde.ca\/fr\/produit\/qnde-cabinet-de-radiographie-type-refrigerateur-sur-mesure\/#breadcrumb"},"inLanguage":"fr-FR","potentialAction":[{"@type":"ReadAction","target":["https:\/\/www.qnde.ca\/fr\/produit\/qnde-cabinet-de-radiographie-type-refrigerateur-sur-mesure\/"]}]},{"@type":"ImageObject","inLanguage":"fr-FR","@id":"https:\/\/www.qnde.ca\/fr\/produit\/qnde-cabinet-de-radiographie-type-refrigerateur-sur-mesure\/#primaryimage","url":"https:\/\/www.qnde.ca\/wp-content\/uploads\/2022\/12\/CUSTOM-X-RAY-CABINET-FRIDGE-DESIGN.png","contentUrl":"https:\/\/www.qnde.ca\/wp-content\/uploads\/2022\/12\/CUSTOM-X-RAY-CABINET-FRIDGE-DESIGN.png","width":2048,"height":2731},{"@type":"BreadcrumbList","@id":"https:\/\/www.qnde.ca\/fr\/produit\/qnde-cabinet-de-radiographie-type-refrigerateur-sur-mesure\/#breadcrumb","itemListElement":[{"@type":"ListItem","position":1,"name":"Accueil","item":"https:\/\/www.qnde.ca\/fr\/"},{"@type":"ListItem","position":2,"name":"Produits","item":"https:\/\/www.qnde.ca\/fr\/produits\/"},{"@type":"ListItem","position":3,"name":"Brands","item":"https:\/\/www.qnde.ca\/product-category\/brands\/"},{"@type":"ListItem","position":4,"name":"QNDE","item":"https:\/\/www.qnde.ca\/product-category\/brands\/qnde\/"},{"@type":"ListItem","position":5,"name":"QNDE Cabinet de Radiographie Type R\u00e9frig\u00e9rateur SUR MESURE"}]},{"@type":"WebSite","@id":"https:\/\/www.qnde.ca\/#website","url":"https:\/\/www.qnde.ca\/","name":"Qualit\u00e9 NDE","description":"\u00c9quipements d&#039;essais non destructifs ","publisher":{"@id":"https:\/\/www.qnde.ca\/#organization"},"potentialAction":[{"@type":"SearchAction","target":{"@type":"EntryPoint","urlTemplate":"https:\/\/www.qnde.ca\/?s={search_term_string}"},"query-input":{"@type":"PropertyValueSpecification","valueRequired":true,"valueName":"search_term_string"}}],"inLanguage":"fr-FR"},{"@type":"Organization","@id":"https:\/\/www.qnde.ca\/#organization","name":"Quality NDT Ltd.","url":"https:\/\/www.qnde.ca\/","logo":{"@type":"ImageObject","inLanguage":"fr-FR","@id":"https:\/\/www.qnde.ca\/#\/schema\/logo\/image\/","url":"https:\/\/www.qnde.ca\/wp-content\/uploads\/2022\/02\/QNDE_logo_RGB-gif.gif","contentUrl":"https:\/\/www.qnde.ca\/wp-content\/uploads\/2022\/02\/QNDE_logo_RGB-gif.gif","width":250,"height":64,"caption":"Quality NDT Ltd."},"image":{"@id":"https:\/\/www.qnde.ca\/#\/schema\/logo\/image\/"},"sameAs":["https:\/\/www.linkedin.com\/company\/qnde\/about\/?viewAsMember=true"]}]}},"jetpack_sharing_enabled":true,"_links":{"self":[{"href":"https:\/\/www.qnde.ca\/fr\/wp-json\/wp\/v2\/product\/29133","targetHints":{"allow":["GET"]}}],"collection":[{"href":"https:\/\/www.qnde.ca\/fr\/wp-json\/wp\/v2\/product"}],"about":[{"href":"https:\/\/www.qnde.ca\/fr\/wp-json\/wp\/v2\/types\/product"}],"wp:featuredmedia":[{"embeddable":true,"href":"https:\/\/www.qnde.ca\/fr\/wp-json\/wp\/v2\/media\/29137"}],"wp:attachment":[{"href":"https:\/\/www.qnde.ca\/fr\/wp-json\/wp\/v2\/media?parent=29133"}],"wp:term":[{"taxonomy":"product_brand","embeddable":true,"href":"https:\/\/www.qnde.ca\/fr\/wp-json\/wp\/v2\/product_brand?post=29133"},{"taxonomy":"product_cat","embeddable":true,"href":"https:\/\/www.qnde.ca\/fr\/wp-json\/wp\/v2\/product_cat?post=29133"},{"taxonomy":"product_tag","embeddable":true,"href":"https:\/\/www.qnde.ca\/fr\/wp-json\/wp\/v2\/product_tag?post=29133"}],"curies":[{"name":"wp","href":"https:\/\/api.w.org\/{rel}","templated":true}]}}