{"id":29121,"date":"2022-12-09T08:55:28","date_gmt":"2022-12-09T14:00:23","guid":{"rendered":"https:\/\/www.qnde.ca\/?post_type=product&#038;p=29121"},"modified":"2025-12-03T08:41:28","modified_gmt":"2025-12-03T13:41:28","slug":"kowotest-td-densitometre-de-table","status":"publish","type":"product","link":"https:\/\/www.qnde.ca\/fr\/produit\/kowotest-td-densitometre-de-table\/","title":{"rendered":"Kowotest TD Densitom\u00e8tre de Table"},"content":{"rendered":"<p><strong>Kowotest TD Densitom\u00e8tre de Table<\/strong><\/p>\n<p>Le densitom\u00e8tre Kowotest TD est un densitom\u00e8tre de table de qualit\u00e9 allemande con\u00e7u pour mesurer la densit\u00e9 de film de 0 \u00e0 5.50D avec une pr\u00e9cision de 0.02D. Table lumineuse DEL avec cinq niveaux de luminosit\u00e9 et deux sections lumineuses.<\/p>\n<ul>\n<li>KOWO-TD\u00a0: Densitom\u00e8tre de table Kowotest TD avec trois ouvertures (trou de 1mm, 2mm, et 3mm), alimentation 100-246VAC, 50-60Hz, manuel de l\u2019utilisateur et certificat.<\/li>\n<\/ul>\n","protected":false},"excerpt":{"rendered":"<p>Kowotest TD Densitom\u00e8tre de Table Le densitom\u00e8tre Kowotest TD est un densitom\u00e8tre de table de qualit\u00e9 allemande con\u00e7u pour mesurer la densit\u00e9 de film de 0 \u00e0 5.50D avec une pr\u00e9cision de 0.02D. Table lumineuse DEL avec cinq niveaux de luminosit\u00e9 et deux sections lumineuses. KOWO-TD\u00a0: Densitom\u00e8tre de table Kowotest TD avec trois ouvertures (trou [&hellip;]<\/p>\n","protected":false},"featured_media":29114,"template":"","meta":{"_monsterinsights_skip_tracking":false,"_monsterinsights_sitenote_active":false,"_monsterinsights_sitenote_note":"","_monsterinsights_sitenote_category":0},"product_brand":[],"product_cat":[402,144],"product_tag":[],"class_list":{"0":"post-29121","1":"product","2":"type-product","3":"status-publish","4":"has-post-thumbnail","6":"product_cat-autres-marques","7":"product_cat-accessoires-exposition","9":"first","10":"instock","11":"shipping-taxable","12":"product-type-simple"},"yoast_head":"<!-- This site is optimized with the Yoast SEO plugin v23.9 - https:\/\/yoast.com\/wordpress\/plugins\/seo\/ -->\n<title>Kowotest TD Densitom\u00e8tre de Table &#060; Qualit\u00e9 NDE<\/title>\n<meta name=\"description\" content=\"Kowotest TD Densitom\u00e8tre de table de qualit\u00e9 avec trois ouverture (trou de 1mm, 2mm, et 3mm), manuel de l&#039;utilisateur et certificat.\" \/>\n<meta name=\"robots\" content=\"index, follow, max-snippet:-1, max-image-preview:large, max-video-preview:-1\" \/>\n<link rel=\"canonical\" href=\"https:\/\/www.qnde.ca\/fr\/produit\/kowotest-td-densitometre-de-table\/\" \/>\n<meta name=\"twitter:label1\" content=\"Dur\u00e9e de lecture estim\u00e9e\" \/>\n\t<meta name=\"twitter:data1\" content=\"1 minute\" \/>\n<script type=\"application\/ld+json\" class=\"yoast-schema-graph\">{\"@context\":\"https:\/\/schema.org\",\"@graph\":[{\"@type\":[\"WebPage\",\"ItemPage\"],\"@id\":\"https:\/\/www.qnde.ca\/fr\/produit\/kowotest-td-densitometre-de-table\/\",\"url\":\"https:\/\/www.qnde.ca\/fr\/produit\/kowotest-td-densitometre-de-table\/\",\"name\":\"Kowotest TD Densitom\u00e8tre de Table &#060; Qualit\u00e9 NDE\",\"isPartOf\":{\"@id\":\"https:\/\/www.qnde.ca\/#website\"},\"primaryImageOfPage\":{\"@id\":\"https:\/\/www.qnde.ca\/fr\/produit\/kowotest-td-densitometre-de-table\/#primaryimage\"},\"image\":{\"@id\":\"https:\/\/www.qnde.ca\/fr\/produit\/kowotest-td-densitometre-de-table\/#primaryimage\"},\"thumbnailUrl\":\"https:\/\/www.qnde.ca\/wp-content\/uploads\/2022\/12\/KOWODENS-TD-Transmission-Densitometer.jpg\",\"datePublished\":\"2022-12-09T14:00:23+00:00\",\"dateModified\":\"2025-12-03T13:41:28+00:00\",\"description\":\"Kowotest TD Densitom\u00e8tre de table de qualit\u00e9 avec trois ouverture (trou de 1mm, 2mm, et 3mm), manuel de l'utilisateur et certificat.\",\"breadcrumb\":{\"@id\":\"https:\/\/www.qnde.ca\/fr\/produit\/kowotest-td-densitometre-de-table\/#breadcrumb\"},\"inLanguage\":\"fr-FR\",\"potentialAction\":[{\"@type\":\"ReadAction\",\"target\":[\"https:\/\/www.qnde.ca\/fr\/produit\/kowotest-td-densitometre-de-table\/\"]}]},{\"@type\":\"ImageObject\",\"inLanguage\":\"fr-FR\",\"@id\":\"https:\/\/www.qnde.ca\/fr\/produit\/kowotest-td-densitometre-de-table\/#primaryimage\",\"url\":\"https:\/\/www.qnde.ca\/wp-content\/uploads\/2022\/12\/KOWODENS-TD-Transmission-Densitometer.jpg\",\"contentUrl\":\"https:\/\/www.qnde.ca\/wp-content\/uploads\/2022\/12\/KOWODENS-TD-Transmission-Densitometer.jpg\",\"width\":1024,\"height\":684,\"caption\":\"Une machine bleu et blanc avec un affichage num\u00e9rique, con\u00e7ue comme un densitom\u00e8tre de table pour l\u2019optique.\"},{\"@type\":\"BreadcrumbList\",\"@id\":\"https:\/\/www.qnde.ca\/fr\/produit\/kowotest-td-densitometre-de-table\/#breadcrumb\",\"itemListElement\":[{\"@type\":\"ListItem\",\"position\":1,\"name\":\"Accueil\",\"item\":\"https:\/\/www.qnde.ca\/fr\/\"},{\"@type\":\"ListItem\",\"position\":2,\"name\":\"Produits\",\"item\":\"https:\/\/www.qnde.ca\/fr\/produits\/\"},{\"@type\":\"ListItem\",\"position\":3,\"name\":\"Marques\",\"item\":\"https:\/\/www.qnde.ca\/fr\/product-category\/marques\/\"},{\"@type\":\"ListItem\",\"position\":4,\"name\":\"Autres Marques\",\"item\":\"https:\/\/www.qnde.ca\/fr\/product-category\/marques\/autres-marques\/\"},{\"@type\":\"ListItem\",\"position\":5,\"name\":\"Kowotest TD Densitom\u00e8tre de Table\"}]},{\"@type\":\"WebSite\",\"@id\":\"https:\/\/www.qnde.ca\/#website\",\"url\":\"https:\/\/www.qnde.ca\/\",\"name\":\"Qualit\u00e9 NDE\",\"description\":\"\u00c9quipements d&#039;essais non destructifs \",\"publisher\":{\"@id\":\"https:\/\/www.qnde.ca\/#organization\"},\"potentialAction\":[{\"@type\":\"SearchAction\",\"target\":{\"@type\":\"EntryPoint\",\"urlTemplate\":\"https:\/\/www.qnde.ca\/?s={search_term_string}\"},\"query-input\":{\"@type\":\"PropertyValueSpecification\",\"valueRequired\":true,\"valueName\":\"search_term_string\"}}],\"inLanguage\":\"fr-FR\"},{\"@type\":\"Organization\",\"@id\":\"https:\/\/www.qnde.ca\/#organization\",\"name\":\"Quality NDT Ltd.\",\"url\":\"https:\/\/www.qnde.ca\/\",\"logo\":{\"@type\":\"ImageObject\",\"inLanguage\":\"fr-FR\",\"@id\":\"https:\/\/www.qnde.ca\/#\/schema\/logo\/image\/\",\"url\":\"https:\/\/www.qnde.ca\/wp-content\/uploads\/2022\/02\/QNDE_logo_RGB-gif.gif\",\"contentUrl\":\"https:\/\/www.qnde.ca\/wp-content\/uploads\/2022\/02\/QNDE_logo_RGB-gif.gif\",\"width\":250,\"height\":64,\"caption\":\"Quality NDT Ltd.\"},\"image\":{\"@id\":\"https:\/\/www.qnde.ca\/#\/schema\/logo\/image\/\"},\"sameAs\":[\"https:\/\/www.linkedin.com\/company\/qnde\/about\/?viewAsMember=true\"]}]}<\/script>\n<!-- \/ Yoast SEO plugin. -->","yoast_head_json":{"title":"Kowotest TD Densitom\u00e8tre de Table &#060; Qualit\u00e9 NDE","description":"Kowotest TD Densitom\u00e8tre de table de qualit\u00e9 avec trois ouverture (trou de 1mm, 2mm, et 3mm), manuel de l'utilisateur et certificat.","robots":{"index":"index","follow":"follow","max-snippet":"max-snippet:-1","max-image-preview":"max-image-preview:large","max-video-preview":"max-video-preview:-1"},"canonical":"https:\/\/www.qnde.ca\/fr\/produit\/kowotest-td-densitometre-de-table\/","twitter_misc":{"Dur\u00e9e de lecture estim\u00e9e":"1 minute"},"schema":{"@context":"https:\/\/schema.org","@graph":[{"@type":["WebPage","ItemPage"],"@id":"https:\/\/www.qnde.ca\/fr\/produit\/kowotest-td-densitometre-de-table\/","url":"https:\/\/www.qnde.ca\/fr\/produit\/kowotest-td-densitometre-de-table\/","name":"Kowotest TD Densitom\u00e8tre de Table &#060; Qualit\u00e9 NDE","isPartOf":{"@id":"https:\/\/www.qnde.ca\/#website"},"primaryImageOfPage":{"@id":"https:\/\/www.qnde.ca\/fr\/produit\/kowotest-td-densitometre-de-table\/#primaryimage"},"image":{"@id":"https:\/\/www.qnde.ca\/fr\/produit\/kowotest-td-densitometre-de-table\/#primaryimage"},"thumbnailUrl":"https:\/\/www.qnde.ca\/wp-content\/uploads\/2022\/12\/KOWODENS-TD-Transmission-Densitometer.jpg","datePublished":"2022-12-09T14:00:23+00:00","dateModified":"2025-12-03T13:41:28+00:00","description":"Kowotest TD Densitom\u00e8tre de table de qualit\u00e9 avec trois ouverture (trou de 1mm, 2mm, et 3mm), manuel de l'utilisateur et certificat.","breadcrumb":{"@id":"https:\/\/www.qnde.ca\/fr\/produit\/kowotest-td-densitometre-de-table\/#breadcrumb"},"inLanguage":"fr-FR","potentialAction":[{"@type":"ReadAction","target":["https:\/\/www.qnde.ca\/fr\/produit\/kowotest-td-densitometre-de-table\/"]}]},{"@type":"ImageObject","inLanguage":"fr-FR","@id":"https:\/\/www.qnde.ca\/fr\/produit\/kowotest-td-densitometre-de-table\/#primaryimage","url":"https:\/\/www.qnde.ca\/wp-content\/uploads\/2022\/12\/KOWODENS-TD-Transmission-Densitometer.jpg","contentUrl":"https:\/\/www.qnde.ca\/wp-content\/uploads\/2022\/12\/KOWODENS-TD-Transmission-Densitometer.jpg","width":1024,"height":684,"caption":"Une machine bleu et blanc avec un affichage num\u00e9rique, con\u00e7ue comme un densitom\u00e8tre de table pour l\u2019optique."},{"@type":"BreadcrumbList","@id":"https:\/\/www.qnde.ca\/fr\/produit\/kowotest-td-densitometre-de-table\/#breadcrumb","itemListElement":[{"@type":"ListItem","position":1,"name":"Accueil","item":"https:\/\/www.qnde.ca\/fr\/"},{"@type":"ListItem","position":2,"name":"Produits","item":"https:\/\/www.qnde.ca\/fr\/produits\/"},{"@type":"ListItem","position":3,"name":"Marques","item":"https:\/\/www.qnde.ca\/fr\/product-category\/marques\/"},{"@type":"ListItem","position":4,"name":"Autres Marques","item":"https:\/\/www.qnde.ca\/fr\/product-category\/marques\/autres-marques\/"},{"@type":"ListItem","position":5,"name":"Kowotest TD Densitom\u00e8tre de Table"}]},{"@type":"WebSite","@id":"https:\/\/www.qnde.ca\/#website","url":"https:\/\/www.qnde.ca\/","name":"Qualit\u00e9 NDE","description":"\u00c9quipements d&#039;essais non destructifs ","publisher":{"@id":"https:\/\/www.qnde.ca\/#organization"},"potentialAction":[{"@type":"SearchAction","target":{"@type":"EntryPoint","urlTemplate":"https:\/\/www.qnde.ca\/?s={search_term_string}"},"query-input":{"@type":"PropertyValueSpecification","valueRequired":true,"valueName":"search_term_string"}}],"inLanguage":"fr-FR"},{"@type":"Organization","@id":"https:\/\/www.qnde.ca\/#organization","name":"Quality NDT Ltd.","url":"https:\/\/www.qnde.ca\/","logo":{"@type":"ImageObject","inLanguage":"fr-FR","@id":"https:\/\/www.qnde.ca\/#\/schema\/logo\/image\/","url":"https:\/\/www.qnde.ca\/wp-content\/uploads\/2022\/02\/QNDE_logo_RGB-gif.gif","contentUrl":"https:\/\/www.qnde.ca\/wp-content\/uploads\/2022\/02\/QNDE_logo_RGB-gif.gif","width":250,"height":64,"caption":"Quality NDT Ltd."},"image":{"@id":"https:\/\/www.qnde.ca\/#\/schema\/logo\/image\/"},"sameAs":["https:\/\/www.linkedin.com\/company\/qnde\/about\/?viewAsMember=true"]}]}},"jetpack_sharing_enabled":true,"_links":{"self":[{"href":"https:\/\/www.qnde.ca\/fr\/wp-json\/wp\/v2\/product\/29121","targetHints":{"allow":["GET"]}}],"collection":[{"href":"https:\/\/www.qnde.ca\/fr\/wp-json\/wp\/v2\/product"}],"about":[{"href":"https:\/\/www.qnde.ca\/fr\/wp-json\/wp\/v2\/types\/product"}],"wp:featuredmedia":[{"embeddable":true,"href":"https:\/\/www.qnde.ca\/fr\/wp-json\/wp\/v2\/media\/29114"}],"wp:attachment":[{"href":"https:\/\/www.qnde.ca\/fr\/wp-json\/wp\/v2\/media?parent=29121"}],"wp:term":[{"taxonomy":"product_brand","embeddable":true,"href":"https:\/\/www.qnde.ca\/fr\/wp-json\/wp\/v2\/product_brand?post=29121"},{"taxonomy":"product_cat","embeddable":true,"href":"https:\/\/www.qnde.ca\/fr\/wp-json\/wp\/v2\/product_cat?post=29121"},{"taxonomy":"product_tag","embeddable":true,"href":"https:\/\/www.qnde.ca\/fr\/wp-json\/wp\/v2\/product_tag?post=29121"}],"curies":[{"name":"wp","href":"https:\/\/api.w.org\/{rel}","templated":true}]}}