{"id":29055,"date":"2022-12-09T08:55:32","date_gmt":"2022-12-09T13:59:58","guid":{"rendered":"https:\/\/www.qnde.ca\/?post_type=product&#038;p=29055"},"modified":"2025-11-25T14:45:53","modified_gmt":"2025-11-25T19:45:53","slug":"western-instruments-wp-series-bobines-ac-et-dc","status":"publish","type":"product","link":"https:\/\/www.qnde.ca\/fr\/produit\/western-instruments-wp-series-bobines-ac-et-dc\/","title":{"rendered":"Western Instruments WP-Series Bobines AC et DC"},"content":{"rendered":"<h3>Western Instruments WP-Series Bobines AC et DC<\/h3>\n<p>&nbsp;<\/p>\n<p>Bobines portatives de moyenne puissance, magn\u00e9tisation\/d\u00e9magn\u00e9tisation AC et DC. Plusieurs options disponibles: AC, DC, DC variable, DC variable \u00e0 polarit\u00e9 invers\u00e9e, interrupteur au pied, interrupteur au pied amovible, 120VAC-60Hz ou 240VAC-60Hz.<\/p>\n<p>Voir les chartes ci-dessous pour les options de bobines.<\/p>\n<p>Communiquez avec nous pour discuter des options disponibles et\/ou recevoir une soumission.<\/p>\n<p>&nbsp;<\/p>\n<h4>Bobines AC<\/h4>\n\n<table id=\"tablepress-69\" class=\"tablepress tablepress-id-69\">\n<thead>\n<tr class=\"row-1\">\n\t<th class=\"column-1\">No. d'article<\/th><th class=\"column-2\">Taille<\/th><th class=\"column-3\">Sortie AC<\/th>\n<\/tr>\n<\/thead>\n<tbody class=\"row-striping row-hover\">\n<tr class=\"row-2\">\n\t<td class=\"column-1\">WP-8<\/td><td class=\"column-2\">8\" (20.3cm)<\/td><td class=\"column-3\">4 250Amp<\/td>\n<\/tr>\n<tr class=\"row-3\">\n\t<td class=\"column-1\">WP-10<\/td><td class=\"column-2\">10\" (25.4cm)<\/td><td class=\"column-3\">4 150Amp<\/td>\n<\/tr>\n<tr class=\"row-4\">\n\t<td class=\"column-1\">WP-12<\/td><td class=\"column-2\">12\" (30.5cm)<\/td><td class=\"column-3\">4 050Amp<\/td>\n<\/tr>\n<tr class=\"row-5\">\n\t<td class=\"column-1\">WP-14<\/td><td class=\"column-2\">14\" (35.5cm)<\/td><td class=\"column-3\">3 875Amp<\/td>\n<\/tr>\n<\/tbody>\n<\/table>\n\n<p>&nbsp;<\/p>\n<h4>Bobines AC\/DC<\/h4>\n\n<table id=\"tablepress-70\" class=\"tablepress tablepress-id-70\">\n<thead>\n<tr class=\"row-1\">\n\t<th class=\"column-1\">No. d'article<\/th><th class=\"column-2\">Taille<\/th><th class=\"column-3\">Sortie AC<\/th><th class=\"column-4\">Sortie DC<\/th>\n<\/tr>\n<\/thead>\n<tbody class=\"row-striping row-hover\">\n<tr class=\"row-2\">\n\t<td class=\"column-1\">WP-8D<\/td><td class=\"column-2\">8\" (20.3)<\/td><td class=\"column-3\">4 150Amp<\/td><td class=\"column-4\">0 - 6 000Amp<\/td>\n<\/tr>\n<tr class=\"row-3\">\n\t<td class=\"column-1\">WP-10D<\/td><td class=\"column-2\">10\" (25.4cm)<\/td><td class=\"column-3\">4 150Amp<\/td><td class=\"column-4\">0 - 6 000Amp<\/td>\n<\/tr>\n<tr class=\"row-4\">\n\t<td class=\"column-1\">WP-12D<\/td><td class=\"column-2\">12\" (30.5cm)<\/td><td class=\"column-3\">4 050Amp<\/td><td class=\"column-4\">0 - 6 000Amp<\/td>\n<\/tr>\n<tr class=\"row-5\">\n\t<td class=\"column-1\">WP-14D<\/td><td class=\"column-2\">14\" (35.5cm) <\/td><td class=\"column-3\">3 875Amp<\/td><td class=\"column-4\">0 - 6 000Amp<\/td>\n<\/tr>\n<\/tbody>\n<\/table>\n\n<p>&nbsp;<\/p>\n<h4>Bobines AC\/DC variable<\/h4>\n\n<table id=\"tablepress-71\" class=\"tablepress tablepress-id-71\">\n<thead>\n<tr class=\"row-1\">\n\t<th class=\"column-1\">No. d'article<\/th><th class=\"column-2\">Taille<\/th><th class=\"column-3\">Sortie AC<\/th><th class=\"column-4\">Sortie DC<\/th>\n<\/tr>\n<\/thead>\n<tbody class=\"row-striping row-hover\">\n<tr class=\"row-2\">\n\t<td class=\"column-1\">WP-8DV<\/td><td class=\"column-2\">8\" (20.3cm)<\/td><td class=\"column-3\">4 150Amp<\/td><td class=\"column-4\">0 - 6 000Amp<\/td>\n<\/tr>\n<tr class=\"row-3\">\n\t<td class=\"column-1\">WP-10DV<\/td><td class=\"column-2\">10\" (25.4cm)<\/td><td class=\"column-3\">4 150Amp<\/td><td class=\"column-4\">0 - 6 000Amp<\/td>\n<\/tr>\n<tr class=\"row-4\">\n\t<td class=\"column-1\">WP-12DV<\/td><td class=\"column-2\">12\" (30.5cm)<\/td><td class=\"column-3\">4 050Amp<\/td><td class=\"column-4\">0 - 6 000Amp<\/td>\n<\/tr>\n<tr class=\"row-5\">\n\t<td class=\"column-1\">AP-14DV<\/td><td class=\"column-2\">14\" (35.5cm)<\/td><td class=\"column-3\">3 875 Amp<\/td><td class=\"column-4\">0 - 6 000Amp<\/td>\n<\/tr>\n<\/tbody>\n<\/table>\n\n<p>&nbsp;<\/p>\n<h4>Bobines AC\/DC <strong>variable \u00e0 polarit\u00e9 invers\u00e9e<\/strong><\/h4>\n\n<table id=\"tablepress-72\" class=\"tablepress tablepress-id-72\">\n<thead>\n<tr class=\"row-1\">\n\t<th class=\"column-1\">No. d'article<\/th><th class=\"column-2\">Taille<\/th><th class=\"column-3\">Sortie AC<\/th><th class=\"column-4\">Sortie DC<\/th>\n<\/tr>\n<\/thead>\n<tbody class=\"row-striping row-hover\">\n<tr class=\"row-2\">\n\t<td class=\"column-1\">WP-8DVR<\/td><td class=\"column-2\">8\" (20.3cm)<\/td><td class=\"column-3\">4 150Amp<\/td><td class=\"column-4\">0 - 6 000Amp<\/td>\n<\/tr>\n<tr class=\"row-3\">\n\t<td class=\"column-1\">WP-10DVR<\/td><td class=\"column-2\">10\" (25.4cm)<\/td><td class=\"column-3\">4 150Amp<\/td><td class=\"column-4\">0 - 6 000Amp<\/td>\n<\/tr>\n<tr class=\"row-4\">\n\t<td class=\"column-1\">WP-12DVR<\/td><td class=\"column-2\">12\" (30.5cm)<\/td><td class=\"column-3\">4 050Amp<\/td><td class=\"column-4\">0 - 6 000Amp<\/td>\n<\/tr>\n<tr class=\"row-5\">\n\t<td class=\"column-1\">WP-14DVR<\/td><td class=\"column-2\">14\" (35.5cm)<\/td><td class=\"column-3\">3 875Amp<\/td><td class=\"column-4\">0 - 6 000Amp<\/td>\n<\/tr>\n<\/tbody>\n<\/table>\n\n","protected":false},"excerpt":{"rendered":"<p>Western Instruments WP-Series Bobines AC et DC &nbsp; Bobines portatives de moyenne puissance, magn\u00e9tisation\/d\u00e9magn\u00e9tisation AC et DC. Plusieurs options disponibles: AC, DC, DC variable, DC variable \u00e0 polarit\u00e9 invers\u00e9e, interrupteur au pied, interrupteur au pied amovible, 120VAC-60Hz ou 240VAC-60Hz. Voir les chartes ci-dessous pour les options de bobines. Communiquez avec nous pour discuter des options [&hellip;]<\/p>\n","protected":false},"featured_media":29110,"template":"","meta":{"_monsterinsights_skip_tracking":false,"_monsterinsights_sitenote_active":false,"_monsterinsights_sitenote_note":"","_monsterinsights_sitenote_category":0},"product_brand":[],"product_cat":[402,129,134],"product_tag":[],"class_list":{"0":"post-29055","1":"product","2":"type-product","3":"status-publish","4":"has-post-thumbnail","6":"product_cat-autres-marques","7":"product_cat-magnetoscopie","8":"product_cat-accessoires-magnetoscopie","10":"first","11":"instock","12":"shipping-taxable","13":"purchasable","14":"product-type-variable"},"yoast_head":"<!-- This site is optimized with the Yoast SEO plugin v23.9 - https:\/\/yoast.com\/wordpress\/plugins\/seo\/ -->\n<title>Western Instruments WP-Series Bobines AC et DC &#060; Qualit\u00e9 NDE<\/title>\n<meta name=\"description\" content=\"Western Instruments WP-Series : bobines portatives AC\/DC moyenne puissance pour magn\u00e9tisation et d\u00e9magn\u00e9tisation. Plusieurs options et tensions dispo.\" \/>\n<meta name=\"robots\" content=\"index, follow, max-snippet:-1, max-image-preview:large, max-video-preview:-1\" \/>\n<link rel=\"canonical\" href=\"https:\/\/www.qnde.ca\/fr\/produit\/western-instruments-wp-series-bobines-ac-et-dc\/\" \/>\n<meta name=\"twitter:label1\" content=\"Dur\u00e9e de lecture estim\u00e9e\" \/>\n\t<meta name=\"twitter:data1\" content=\"1 minute\" \/>\n<script type=\"application\/ld+json\" class=\"yoast-schema-graph\">{\"@context\":\"https:\/\/schema.org\",\"@graph\":[{\"@type\":[\"WebPage\",\"ItemPage\"],\"@id\":\"https:\/\/www.qnde.ca\/fr\/produit\/western-instruments-wp-series-bobines-ac-et-dc\/\",\"url\":\"https:\/\/www.qnde.ca\/fr\/produit\/western-instruments-wp-series-bobines-ac-et-dc\/\",\"name\":\"Western Instruments WP-Series Bobines AC et DC &#060; Qualit\u00e9 NDE\",\"isPartOf\":{\"@id\":\"https:\/\/www.qnde.ca\/#website\"},\"primaryImageOfPage\":{\"@id\":\"https:\/\/www.qnde.ca\/fr\/produit\/western-instruments-wp-series-bobines-ac-et-dc\/#primaryimage\"},\"image\":{\"@id\":\"https:\/\/www.qnde.ca\/fr\/produit\/western-instruments-wp-series-bobines-ac-et-dc\/#primaryimage\"},\"thumbnailUrl\":\"https:\/\/www.qnde.ca\/wp-content\/uploads\/2022\/12\/WDV-coils.jpg\",\"datePublished\":\"2022-12-09T13:59:58+00:00\",\"dateModified\":\"2025-11-25T19:45:53+00:00\",\"description\":\"Western Instruments WP-Series : bobines portatives AC\/DC moyenne puissance pour magn\u00e9tisation et d\u00e9magn\u00e9tisation. Plusieurs options et tensions dispo.\",\"breadcrumb\":{\"@id\":\"https:\/\/www.qnde.ca\/fr\/produit\/western-instruments-wp-series-bobines-ac-et-dc\/#breadcrumb\"},\"inLanguage\":\"fr-FR\",\"potentialAction\":[{\"@type\":\"ReadAction\",\"target\":[\"https:\/\/www.qnde.ca\/fr\/produit\/western-instruments-wp-series-bobines-ac-et-dc\/\"]}]},{\"@type\":\"ImageObject\",\"inLanguage\":\"fr-FR\",\"@id\":\"https:\/\/www.qnde.ca\/fr\/produit\/western-instruments-wp-series-bobines-ac-et-dc\/#primaryimage\",\"url\":\"https:\/\/www.qnde.ca\/wp-content\/uploads\/2022\/12\/WDV-coils.jpg\",\"contentUrl\":\"https:\/\/www.qnde.ca\/wp-content\/uploads\/2022\/12\/WDV-coils.jpg\",\"width\":240,\"height\":240,\"caption\":\"Bobine portable Western Instruments pr\u00e9sent\u00e9e sur un fond blanc.\"},{\"@type\":\"BreadcrumbList\",\"@id\":\"https:\/\/www.qnde.ca\/fr\/produit\/western-instruments-wp-series-bobines-ac-et-dc\/#breadcrumb\",\"itemListElement\":[{\"@type\":\"ListItem\",\"position\":1,\"name\":\"Accueil\",\"item\":\"https:\/\/www.qnde.ca\/fr\/\"},{\"@type\":\"ListItem\",\"position\":2,\"name\":\"Produits\",\"item\":\"https:\/\/www.qnde.ca\/fr\/produits\/\"},{\"@type\":\"ListItem\",\"position\":3,\"name\":\"Brands\",\"item\":\"https:\/\/www.qnde.ca\/product-category\/brands\/\"},{\"@type\":\"ListItem\",\"position\":4,\"name\":\"Other Brands\",\"item\":\"https:\/\/www.qnde.ca\/product-category\/brands\/other-brands\/\"},{\"@type\":\"ListItem\",\"position\":5,\"name\":\"Western Instruments WP-Series Bobines AC et DC\"}]},{\"@type\":\"WebSite\",\"@id\":\"https:\/\/www.qnde.ca\/#website\",\"url\":\"https:\/\/www.qnde.ca\/\",\"name\":\"Qualit\u00e9 NDE\",\"description\":\"\u00c9quipements d&#039;essais non destructifs \",\"publisher\":{\"@id\":\"https:\/\/www.qnde.ca\/#organization\"},\"potentialAction\":[{\"@type\":\"SearchAction\",\"target\":{\"@type\":\"EntryPoint\",\"urlTemplate\":\"https:\/\/www.qnde.ca\/?s={search_term_string}\"},\"query-input\":{\"@type\":\"PropertyValueSpecification\",\"valueRequired\":true,\"valueName\":\"search_term_string\"}}],\"inLanguage\":\"fr-FR\"},{\"@type\":\"Organization\",\"@id\":\"https:\/\/www.qnde.ca\/#organization\",\"name\":\"Quality NDT Ltd.\",\"url\":\"https:\/\/www.qnde.ca\/\",\"logo\":{\"@type\":\"ImageObject\",\"inLanguage\":\"fr-FR\",\"@id\":\"https:\/\/www.qnde.ca\/#\/schema\/logo\/image\/\",\"url\":\"https:\/\/www.qnde.ca\/wp-content\/uploads\/2022\/02\/QNDE_logo_RGB-gif.gif\",\"contentUrl\":\"https:\/\/www.qnde.ca\/wp-content\/uploads\/2022\/02\/QNDE_logo_RGB-gif.gif\",\"width\":250,\"height\":64,\"caption\":\"Quality NDT Ltd.\"},\"image\":{\"@id\":\"https:\/\/www.qnde.ca\/#\/schema\/logo\/image\/\"},\"sameAs\":[\"https:\/\/www.linkedin.com\/company\/qnde\/about\/?viewAsMember=true\"]}]}<\/script>\n<!-- \/ Yoast SEO plugin. -->","yoast_head_json":{"title":"Western Instruments WP-Series Bobines AC et DC &#060; Qualit\u00e9 NDE","description":"Western Instruments WP-Series : bobines portatives AC\/DC moyenne puissance pour magn\u00e9tisation et d\u00e9magn\u00e9tisation. Plusieurs options et tensions dispo.","robots":{"index":"index","follow":"follow","max-snippet":"max-snippet:-1","max-image-preview":"max-image-preview:large","max-video-preview":"max-video-preview:-1"},"canonical":"https:\/\/www.qnde.ca\/fr\/produit\/western-instruments-wp-series-bobines-ac-et-dc\/","twitter_misc":{"Dur\u00e9e de lecture estim\u00e9e":"1 minute"},"schema":{"@context":"https:\/\/schema.org","@graph":[{"@type":["WebPage","ItemPage"],"@id":"https:\/\/www.qnde.ca\/fr\/produit\/western-instruments-wp-series-bobines-ac-et-dc\/","url":"https:\/\/www.qnde.ca\/fr\/produit\/western-instruments-wp-series-bobines-ac-et-dc\/","name":"Western Instruments WP-Series Bobines AC et DC &#060; Qualit\u00e9 NDE","isPartOf":{"@id":"https:\/\/www.qnde.ca\/#website"},"primaryImageOfPage":{"@id":"https:\/\/www.qnde.ca\/fr\/produit\/western-instruments-wp-series-bobines-ac-et-dc\/#primaryimage"},"image":{"@id":"https:\/\/www.qnde.ca\/fr\/produit\/western-instruments-wp-series-bobines-ac-et-dc\/#primaryimage"},"thumbnailUrl":"https:\/\/www.qnde.ca\/wp-content\/uploads\/2022\/12\/WDV-coils.jpg","datePublished":"2022-12-09T13:59:58+00:00","dateModified":"2025-11-25T19:45:53+00:00","description":"Western Instruments WP-Series : bobines portatives AC\/DC moyenne puissance pour magn\u00e9tisation et d\u00e9magn\u00e9tisation. Plusieurs options et tensions dispo.","breadcrumb":{"@id":"https:\/\/www.qnde.ca\/fr\/produit\/western-instruments-wp-series-bobines-ac-et-dc\/#breadcrumb"},"inLanguage":"fr-FR","potentialAction":[{"@type":"ReadAction","target":["https:\/\/www.qnde.ca\/fr\/produit\/western-instruments-wp-series-bobines-ac-et-dc\/"]}]},{"@type":"ImageObject","inLanguage":"fr-FR","@id":"https:\/\/www.qnde.ca\/fr\/produit\/western-instruments-wp-series-bobines-ac-et-dc\/#primaryimage","url":"https:\/\/www.qnde.ca\/wp-content\/uploads\/2022\/12\/WDV-coils.jpg","contentUrl":"https:\/\/www.qnde.ca\/wp-content\/uploads\/2022\/12\/WDV-coils.jpg","width":240,"height":240,"caption":"Bobine portable Western Instruments pr\u00e9sent\u00e9e sur un fond blanc."},{"@type":"BreadcrumbList","@id":"https:\/\/www.qnde.ca\/fr\/produit\/western-instruments-wp-series-bobines-ac-et-dc\/#breadcrumb","itemListElement":[{"@type":"ListItem","position":1,"name":"Accueil","item":"https:\/\/www.qnde.ca\/fr\/"},{"@type":"ListItem","position":2,"name":"Produits","item":"https:\/\/www.qnde.ca\/fr\/produits\/"},{"@type":"ListItem","position":3,"name":"Brands","item":"https:\/\/www.qnde.ca\/product-category\/brands\/"},{"@type":"ListItem","position":4,"name":"Other Brands","item":"https:\/\/www.qnde.ca\/product-category\/brands\/other-brands\/"},{"@type":"ListItem","position":5,"name":"Western Instruments WP-Series Bobines AC et DC"}]},{"@type":"WebSite","@id":"https:\/\/www.qnde.ca\/#website","url":"https:\/\/www.qnde.ca\/","name":"Qualit\u00e9 NDE","description":"\u00c9quipements d&#039;essais non destructifs ","publisher":{"@id":"https:\/\/www.qnde.ca\/#organization"},"potentialAction":[{"@type":"SearchAction","target":{"@type":"EntryPoint","urlTemplate":"https:\/\/www.qnde.ca\/?s={search_term_string}"},"query-input":{"@type":"PropertyValueSpecification","valueRequired":true,"valueName":"search_term_string"}}],"inLanguage":"fr-FR"},{"@type":"Organization","@id":"https:\/\/www.qnde.ca\/#organization","name":"Quality NDT Ltd.","url":"https:\/\/www.qnde.ca\/","logo":{"@type":"ImageObject","inLanguage":"fr-FR","@id":"https:\/\/www.qnde.ca\/#\/schema\/logo\/image\/","url":"https:\/\/www.qnde.ca\/wp-content\/uploads\/2022\/02\/QNDE_logo_RGB-gif.gif","contentUrl":"https:\/\/www.qnde.ca\/wp-content\/uploads\/2022\/02\/QNDE_logo_RGB-gif.gif","width":250,"height":64,"caption":"Quality NDT Ltd."},"image":{"@id":"https:\/\/www.qnde.ca\/#\/schema\/logo\/image\/"},"sameAs":["https:\/\/www.linkedin.com\/company\/qnde\/about\/?viewAsMember=true"]}]}},"jetpack_sharing_enabled":true,"_links":{"self":[{"href":"https:\/\/www.qnde.ca\/fr\/wp-json\/wp\/v2\/product\/29055","targetHints":{"allow":["GET"]}}],"collection":[{"href":"https:\/\/www.qnde.ca\/fr\/wp-json\/wp\/v2\/product"}],"about":[{"href":"https:\/\/www.qnde.ca\/fr\/wp-json\/wp\/v2\/types\/product"}],"wp:featuredmedia":[{"embeddable":true,"href":"https:\/\/www.qnde.ca\/fr\/wp-json\/wp\/v2\/media\/29110"}],"wp:attachment":[{"href":"https:\/\/www.qnde.ca\/fr\/wp-json\/wp\/v2\/media?parent=29055"}],"wp:term":[{"taxonomy":"product_brand","embeddable":true,"href":"https:\/\/www.qnde.ca\/fr\/wp-json\/wp\/v2\/product_brand?post=29055"},{"taxonomy":"product_cat","embeddable":true,"href":"https:\/\/www.qnde.ca\/fr\/wp-json\/wp\/v2\/product_cat?post=29055"},{"taxonomy":"product_tag","embeddable":true,"href":"https:\/\/www.qnde.ca\/fr\/wp-json\/wp\/v2\/product_tag?post=29055"}],"curies":[{"name":"wp","href":"https:\/\/api.w.org\/{rel}","templated":true}]}}