{"id":29041,"date":"2022-12-09T08:55:44","date_gmt":"2022-12-09T13:59:49","guid":{"rendered":"https:\/\/www.qnde.ca\/?post_type=product&#038;p=29041"},"modified":"2025-08-11T11:25:42","modified_gmt":"2025-08-11T15:25:42","slug":"durometre-de-durete-shore-reed-ht-6510a","status":"publish","type":"product","link":"https:\/\/www.qnde.ca\/fr\/produit\/durometre-de-durete-shore-reed-ht-6510a\/","title":{"rendered":"REED HT-6510A Durom\u00e8tre de Duret\u00e9 Shore"},"content":{"rendered":"<h3>REED HT-6510A Durom\u00e8tre de Duret\u00e9 Shore<\/h3>\n<p>Le durom\u00e8tre num\u00e9rique Shore HT-6510A est con\u00e7u pour mesurer la duret\u00e9 du caoutchouc, \u00e9lastom\u00e8res, n\u00e9opr\u00e8ne, silicone, vinyle et autres mat\u00e9riaux dans la plage de 0 \u00e0 90A. Conforme aux normes DIN53505, ASTM D2240, ISO 76119, et JISK 7215. Livr\u00e9 avec dragonne, bloc de r\u00e9f\u00e9rence, batteries AAA et valise de transport.<\/p>\n<ul>\n<li>HT-6510A: Ensemble de durom\u00e8tre de duret\u00e9 Shore.<\/li>\n<li>HT-6510A-C: Ensemble de durom\u00e8tre de duret\u00e9 Shore avec certificat de calibration.<\/li>\n<\/ul>\n<p>Contactez-nous afin de discuter de votre application, vos exigences, les options disponibles et\/ou recevoir une soumission.<\/p>\n","protected":false},"excerpt":{"rendered":"<p>REED HT-6510A Durom\u00e8tre de Duret\u00e9 Shore Le durom\u00e8tre num\u00e9rique Shore HT-6510A est con\u00e7u pour mesurer la duret\u00e9 du caoutchouc, \u00e9lastom\u00e8res, n\u00e9opr\u00e8ne, silicone, vinyle et autres mat\u00e9riaux dans la plage de 0 \u00e0 90A. Conforme aux normes DIN53505, ASTM D2240, ISO 76119, et JISK 7215. Livr\u00e9 avec dragonne, bloc de r\u00e9f\u00e9rence, batteries AAA et valise de [&hellip;]<\/p>\n","protected":false},"featured_media":29043,"template":"","meta":{"_monsterinsights_skip_tracking":false,"_monsterinsights_sitenote_active":false,"_monsterinsights_sitenote_note":"","_monsterinsights_sitenote_category":0},"product_brand":[],"product_cat":[402,145,348],"product_tag":[],"class_list":{"0":"post-29041","1":"product","2":"type-product","3":"status-publish","4":"has-post-thumbnail","6":"product_cat-autres-marques","7":"product_cat-essai-durete","8":"product_cat-shore-fr","10":"first","11":"instock","12":"shipping-taxable","13":"product-type-simple"},"yoast_head":"<!-- This site is optimized with the Yoast SEO plugin v23.9 - https:\/\/yoast.com\/wordpress\/plugins\/seo\/ -->\n<title>REED HT-6510A Durom\u00e8tre de Duret\u00e9 Shore &#060; Qualit\u00e9 NDE<\/title>\n<meta name=\"description\" content=\"Positector SHD : durom\u00e8tre Shore pr\u00e9cis, durable, compatible sondes, avec connectivit\u00e9 USB, Wi-Fi, Bluetooth et enregistrement jusqu\u2019\u00e0 100,000 lectures.\" \/>\n<meta name=\"robots\" content=\"index, follow, max-snippet:-1, max-image-preview:large, max-video-preview:-1\" \/>\n<link rel=\"canonical\" href=\"https:\/\/www.qnde.ca\/fr\/produit\/durometre-de-durete-shore-reed-ht-6510a\/\" \/>\n<meta name=\"twitter:label1\" content=\"Dur\u00e9e de lecture estim\u00e9e\" \/>\n\t<meta name=\"twitter:data1\" content=\"1 minute\" \/>\n<script type=\"application\/ld+json\" class=\"yoast-schema-graph\">{\"@context\":\"https:\/\/schema.org\",\"@graph\":[{\"@type\":[\"WebPage\",\"ItemPage\"],\"@id\":\"https:\/\/www.qnde.ca\/fr\/produit\/durometre-de-durete-shore-reed-ht-6510a\/\",\"url\":\"https:\/\/www.qnde.ca\/fr\/produit\/durometre-de-durete-shore-reed-ht-6510a\/\",\"name\":\"REED HT-6510A Durom\u00e8tre de Duret\u00e9 Shore &#060; Qualit\u00e9 NDE\",\"isPartOf\":{\"@id\":\"https:\/\/www.qnde.ca\/#website\"},\"primaryImageOfPage\":{\"@id\":\"https:\/\/www.qnde.ca\/fr\/produit\/durometre-de-durete-shore-reed-ht-6510a\/#primaryimage\"},\"image\":{\"@id\":\"https:\/\/www.qnde.ca\/fr\/produit\/durometre-de-durete-shore-reed-ht-6510a\/#primaryimage\"},\"thumbnailUrl\":\"https:\/\/www.qnde.ca\/wp-content\/uploads\/2022\/12\/REED-HT-6510A-Shore-Hardness-Durometer.jpg\",\"datePublished\":\"2022-12-09T13:59:49+00:00\",\"dateModified\":\"2025-08-11T15:25:42+00:00\",\"description\":\"Positector SHD : durom\u00e8tre Shore pr\u00e9cis, durable, compatible sondes, avec connectivit\u00e9 USB, Wi-Fi, Bluetooth et enregistrement jusqu\u2019\u00e0 100,000 lectures.\",\"breadcrumb\":{\"@id\":\"https:\/\/www.qnde.ca\/fr\/produit\/durometre-de-durete-shore-reed-ht-6510a\/#breadcrumb\"},\"inLanguage\":\"fr-FR\",\"potentialAction\":[{\"@type\":\"ReadAction\",\"target\":[\"https:\/\/www.qnde.ca\/fr\/produit\/durometre-de-durete-shore-reed-ht-6510a\/\"]}]},{\"@type\":\"ImageObject\",\"inLanguage\":\"fr-FR\",\"@id\":\"https:\/\/www.qnde.ca\/fr\/produit\/durometre-de-durete-shore-reed-ht-6510a\/#primaryimage\",\"url\":\"https:\/\/www.qnde.ca\/wp-content\/uploads\/2022\/12\/REED-HT-6510A-Shore-Hardness-Durometer.jpg\",\"contentUrl\":\"https:\/\/www.qnde.ca\/wp-content\/uploads\/2022\/12\/REED-HT-6510A-Shore-Hardness-Durometer.jpg\",\"width\":2000,\"height\":2000},{\"@type\":\"BreadcrumbList\",\"@id\":\"https:\/\/www.qnde.ca\/fr\/produit\/durometre-de-durete-shore-reed-ht-6510a\/#breadcrumb\",\"itemListElement\":[{\"@type\":\"ListItem\",\"position\":1,\"name\":\"Accueil\",\"item\":\"https:\/\/www.qnde.ca\/fr\/\"},{\"@type\":\"ListItem\",\"position\":2,\"name\":\"Produits\",\"item\":\"https:\/\/www.qnde.ca\/fr\/produits\/\"},{\"@type\":\"ListItem\",\"position\":3,\"name\":\"Hardness Testing\",\"item\":\"https:\/\/www.qnde.ca\/product-category\/hardness-testing\/\"},{\"@type\":\"ListItem\",\"position\":4,\"name\":\"Shore\",\"item\":\"https:\/\/www.qnde.ca\/product-category\/hardness-testing\/shore-en\/\"},{\"@type\":\"ListItem\",\"position\":5,\"name\":\"REED HT-6510A Durom\u00e8tre de Duret\u00e9 Shore\"}]},{\"@type\":\"WebSite\",\"@id\":\"https:\/\/www.qnde.ca\/#website\",\"url\":\"https:\/\/www.qnde.ca\/\",\"name\":\"Qualit\u00e9 NDE\",\"description\":\"\u00c9quipements d&#039;essais non destructifs \",\"publisher\":{\"@id\":\"https:\/\/www.qnde.ca\/#organization\"},\"potentialAction\":[{\"@type\":\"SearchAction\",\"target\":{\"@type\":\"EntryPoint\",\"urlTemplate\":\"https:\/\/www.qnde.ca\/?s={search_term_string}\"},\"query-input\":{\"@type\":\"PropertyValueSpecification\",\"valueRequired\":true,\"valueName\":\"search_term_string\"}}],\"inLanguage\":\"fr-FR\"},{\"@type\":\"Organization\",\"@id\":\"https:\/\/www.qnde.ca\/#organization\",\"name\":\"Quality NDT Ltd.\",\"url\":\"https:\/\/www.qnde.ca\/\",\"logo\":{\"@type\":\"ImageObject\",\"inLanguage\":\"fr-FR\",\"@id\":\"https:\/\/www.qnde.ca\/#\/schema\/logo\/image\/\",\"url\":\"https:\/\/www.qnde.ca\/wp-content\/uploads\/2022\/02\/QNDE_logo_RGB-gif.gif\",\"contentUrl\":\"https:\/\/www.qnde.ca\/wp-content\/uploads\/2022\/02\/QNDE_logo_RGB-gif.gif\",\"width\":250,\"height\":64,\"caption\":\"Quality NDT Ltd.\"},\"image\":{\"@id\":\"https:\/\/www.qnde.ca\/#\/schema\/logo\/image\/\"},\"sameAs\":[\"https:\/\/www.linkedin.com\/company\/qnde\/about\/?viewAsMember=true\"]}]}<\/script>\n<!-- \/ Yoast SEO plugin. -->","yoast_head_json":{"title":"REED HT-6510A Durom\u00e8tre de Duret\u00e9 Shore &#060; Qualit\u00e9 NDE","description":"Positector SHD : durom\u00e8tre Shore pr\u00e9cis, durable, compatible sondes, avec connectivit\u00e9 USB, Wi-Fi, Bluetooth et enregistrement jusqu\u2019\u00e0 100,000 lectures.","robots":{"index":"index","follow":"follow","max-snippet":"max-snippet:-1","max-image-preview":"max-image-preview:large","max-video-preview":"max-video-preview:-1"},"canonical":"https:\/\/www.qnde.ca\/fr\/produit\/durometre-de-durete-shore-reed-ht-6510a\/","twitter_misc":{"Dur\u00e9e de lecture estim\u00e9e":"1 minute"},"schema":{"@context":"https:\/\/schema.org","@graph":[{"@type":["WebPage","ItemPage"],"@id":"https:\/\/www.qnde.ca\/fr\/produit\/durometre-de-durete-shore-reed-ht-6510a\/","url":"https:\/\/www.qnde.ca\/fr\/produit\/durometre-de-durete-shore-reed-ht-6510a\/","name":"REED HT-6510A Durom\u00e8tre de Duret\u00e9 Shore &#060; Qualit\u00e9 NDE","isPartOf":{"@id":"https:\/\/www.qnde.ca\/#website"},"primaryImageOfPage":{"@id":"https:\/\/www.qnde.ca\/fr\/produit\/durometre-de-durete-shore-reed-ht-6510a\/#primaryimage"},"image":{"@id":"https:\/\/www.qnde.ca\/fr\/produit\/durometre-de-durete-shore-reed-ht-6510a\/#primaryimage"},"thumbnailUrl":"https:\/\/www.qnde.ca\/wp-content\/uploads\/2022\/12\/REED-HT-6510A-Shore-Hardness-Durometer.jpg","datePublished":"2022-12-09T13:59:49+00:00","dateModified":"2025-08-11T15:25:42+00:00","description":"Positector SHD : durom\u00e8tre Shore pr\u00e9cis, durable, compatible sondes, avec connectivit\u00e9 USB, Wi-Fi, Bluetooth et enregistrement jusqu\u2019\u00e0 100,000 lectures.","breadcrumb":{"@id":"https:\/\/www.qnde.ca\/fr\/produit\/durometre-de-durete-shore-reed-ht-6510a\/#breadcrumb"},"inLanguage":"fr-FR","potentialAction":[{"@type":"ReadAction","target":["https:\/\/www.qnde.ca\/fr\/produit\/durometre-de-durete-shore-reed-ht-6510a\/"]}]},{"@type":"ImageObject","inLanguage":"fr-FR","@id":"https:\/\/www.qnde.ca\/fr\/produit\/durometre-de-durete-shore-reed-ht-6510a\/#primaryimage","url":"https:\/\/www.qnde.ca\/wp-content\/uploads\/2022\/12\/REED-HT-6510A-Shore-Hardness-Durometer.jpg","contentUrl":"https:\/\/www.qnde.ca\/wp-content\/uploads\/2022\/12\/REED-HT-6510A-Shore-Hardness-Durometer.jpg","width":2000,"height":2000},{"@type":"BreadcrumbList","@id":"https:\/\/www.qnde.ca\/fr\/produit\/durometre-de-durete-shore-reed-ht-6510a\/#breadcrumb","itemListElement":[{"@type":"ListItem","position":1,"name":"Accueil","item":"https:\/\/www.qnde.ca\/fr\/"},{"@type":"ListItem","position":2,"name":"Produits","item":"https:\/\/www.qnde.ca\/fr\/produits\/"},{"@type":"ListItem","position":3,"name":"Hardness Testing","item":"https:\/\/www.qnde.ca\/product-category\/hardness-testing\/"},{"@type":"ListItem","position":4,"name":"Shore","item":"https:\/\/www.qnde.ca\/product-category\/hardness-testing\/shore-en\/"},{"@type":"ListItem","position":5,"name":"REED HT-6510A Durom\u00e8tre de Duret\u00e9 Shore"}]},{"@type":"WebSite","@id":"https:\/\/www.qnde.ca\/#website","url":"https:\/\/www.qnde.ca\/","name":"Qualit\u00e9 NDE","description":"\u00c9quipements d&#039;essais non destructifs ","publisher":{"@id":"https:\/\/www.qnde.ca\/#organization"},"potentialAction":[{"@type":"SearchAction","target":{"@type":"EntryPoint","urlTemplate":"https:\/\/www.qnde.ca\/?s={search_term_string}"},"query-input":{"@type":"PropertyValueSpecification","valueRequired":true,"valueName":"search_term_string"}}],"inLanguage":"fr-FR"},{"@type":"Organization","@id":"https:\/\/www.qnde.ca\/#organization","name":"Quality NDT Ltd.","url":"https:\/\/www.qnde.ca\/","logo":{"@type":"ImageObject","inLanguage":"fr-FR","@id":"https:\/\/www.qnde.ca\/#\/schema\/logo\/image\/","url":"https:\/\/www.qnde.ca\/wp-content\/uploads\/2022\/02\/QNDE_logo_RGB-gif.gif","contentUrl":"https:\/\/www.qnde.ca\/wp-content\/uploads\/2022\/02\/QNDE_logo_RGB-gif.gif","width":250,"height":64,"caption":"Quality NDT Ltd."},"image":{"@id":"https:\/\/www.qnde.ca\/#\/schema\/logo\/image\/"},"sameAs":["https:\/\/www.linkedin.com\/company\/qnde\/about\/?viewAsMember=true"]}]}},"jetpack_sharing_enabled":true,"_links":{"self":[{"href":"https:\/\/www.qnde.ca\/fr\/wp-json\/wp\/v2\/product\/29041","targetHints":{"allow":["GET"]}}],"collection":[{"href":"https:\/\/www.qnde.ca\/fr\/wp-json\/wp\/v2\/product"}],"about":[{"href":"https:\/\/www.qnde.ca\/fr\/wp-json\/wp\/v2\/types\/product"}],"wp:featuredmedia":[{"embeddable":true,"href":"https:\/\/www.qnde.ca\/fr\/wp-json\/wp\/v2\/media\/29043"}],"wp:attachment":[{"href":"https:\/\/www.qnde.ca\/fr\/wp-json\/wp\/v2\/media?parent=29041"}],"wp:term":[{"taxonomy":"product_brand","embeddable":true,"href":"https:\/\/www.qnde.ca\/fr\/wp-json\/wp\/v2\/product_brand?post=29041"},{"taxonomy":"product_cat","embeddable":true,"href":"https:\/\/www.qnde.ca\/fr\/wp-json\/wp\/v2\/product_cat?post=29041"},{"taxonomy":"product_tag","embeddable":true,"href":"https:\/\/www.qnde.ca\/fr\/wp-json\/wp\/v2\/product_tag?post=29041"}],"curies":[{"name":"wp","href":"https:\/\/api.w.org\/{rel}","templated":true}]}}