{"id":29008,"date":"2022-12-09T08:55:48","date_gmt":"2022-12-09T13:59:36","guid":{"rendered":"https:\/\/www.qnde.ca\/?post_type=product&#038;p=29008"},"modified":"2025-08-18T11:58:46","modified_gmt":"2025-08-18T15:58:46","slug":"reed-valise-de-transport-rigide-on-plastique-moyenne","status":"publish","type":"product","link":"https:\/\/www.qnde.ca\/fr\/produit\/reed-valise-de-transport-rigide-on-plastique-moyenne\/","title":{"rendered":"REED R8888 Valise de Transport Rigide en Plastique Moyenne"},"content":{"rendered":"<h3>REED R8888 Valise de Transport Rigide en Plastique Moyenne<\/h3>\n<p>Valise de transport rigide en plastique avec joints \u00e9tanches \u00e0 l&rsquo;eau et vanne d&rsquo;\u00e9quilibrage de pr\u00e9ssion. Syst\u00e8me \u00e0 deux loquets et barrures. Int\u00e9rieur de mousse personnalisable.<\/p>\n<ul>\n<li>R8888: REED R888 moyenne valise de transport rigide en plastique. Dimensions int\u00e9rieures: 12&Prime;L x 9.6&Prime;W x 5.4&Prime;T (305 x 244 x 114mm). Dimensions ext\u00e9rieures: 13&Prime;L x 12&Prime;W x 5.8&Prime;T (330 x 305 x 148mm).<\/li>\n<li>R8890: REED R8890 large valise de transport rigide en plastique. Dimensions int\u00e9rieures: 14.2&Prime;L x 10.1&Prime;W x 4.5&Prime;T (361 x 257 x 114mm).\u00a0 Dimensions ext\u00e9rieures: 15.7&Prime;L x 12.6&Prime;W x 6.7&Prime;T (399 x 320 x 170mm).<\/li>\n<\/ul>\n<p>Contactez-nous pour d&rsquo;autres grandeurs et mod\u00e8les et\/ou recevoir\u00a0 une soumission.<\/p>\n","protected":false},"excerpt":{"rendered":"<p>REED R8888 Valise de Transport Rigide en Plastique Moyenne Valise de transport rigide en plastique avec joints \u00e9tanches \u00e0 l&rsquo;eau et vanne d&rsquo;\u00e9quilibrage de pr\u00e9ssion. Syst\u00e8me \u00e0 deux loquets et barrures. Int\u00e9rieur de mousse personnalisable. R8888: REED R888 moyenne valise de transport rigide en plastique. Dimensions int\u00e9rieures: 12&Prime;L x 9.6&Prime;W x 5.4&Prime;T (305 x 244 [&hellip;]<\/p>\n","protected":false},"featured_media":29015,"template":"","meta":{"_monsterinsights_skip_tracking":false,"_monsterinsights_sitenote_active":false,"_monsterinsights_sitenote_note":"","_monsterinsights_sitenote_category":0},"product_brand":[],"product_cat":[402,156,128],"product_tag":[],"class_list":{"0":"post-29008","1":"product","2":"type-product","3":"status-publish","4":"has-post-thumbnail","6":"product_cat-autres-marques","7":"product_cat-autres-produits","8":"product_cat-accessoires-ultrasons","10":"first","11":"instock","12":"shipping-taxable","13":"product-type-simple"},"yoast_head":"<!-- This site is optimized with the Yoast SEO plugin v23.9 - https:\/\/yoast.com\/wordpress\/plugins\/seo\/ -->\n<title>REED R8888 Valise de Transport Rigide en Plastique Moyenne &#060; Qualit\u00e9 NDE<\/title>\n<meta name=\"description\" content=\"Valise rigide REED R8888 \u00e9tanche avec loquets s\u00e9curis\u00e9s, vanne de pression et mousse personnalisable. Dimensions int. : 305 x 244 x 114 mm.\" \/>\n<meta name=\"robots\" content=\"index, follow, max-snippet:-1, max-image-preview:large, max-video-preview:-1\" \/>\n<link rel=\"canonical\" href=\"https:\/\/www.qnde.ca\/fr\/produit\/reed-valise-de-transport-rigide-on-plastique-moyenne\/\" \/>\n<meta name=\"twitter:label1\" content=\"Dur\u00e9e de lecture estim\u00e9e\" \/>\n\t<meta name=\"twitter:data1\" content=\"1 minute\" \/>\n<script type=\"application\/ld+json\" class=\"yoast-schema-graph\">{\"@context\":\"https:\/\/schema.org\",\"@graph\":[{\"@type\":[\"WebPage\",\"ItemPage\"],\"@id\":\"https:\/\/www.qnde.ca\/fr\/produit\/reed-valise-de-transport-rigide-on-plastique-moyenne\/\",\"url\":\"https:\/\/www.qnde.ca\/fr\/produit\/reed-valise-de-transport-rigide-on-plastique-moyenne\/\",\"name\":\"REED R8888 Valise de Transport Rigide en Plastique Moyenne &#060; Qualit\u00e9 NDE\",\"isPartOf\":{\"@id\":\"https:\/\/www.qnde.ca\/#website\"},\"primaryImageOfPage\":{\"@id\":\"https:\/\/www.qnde.ca\/fr\/produit\/reed-valise-de-transport-rigide-on-plastique-moyenne\/#primaryimage\"},\"image\":{\"@id\":\"https:\/\/www.qnde.ca\/fr\/produit\/reed-valise-de-transport-rigide-on-plastique-moyenne\/#primaryimage\"},\"thumbnailUrl\":\"https:\/\/www.qnde.ca\/wp-content\/uploads\/2022\/12\/REED-R8888-Medium-size-rigid-plastic-transport-case.jpg\",\"datePublished\":\"2022-12-09T13:59:36+00:00\",\"dateModified\":\"2025-08-18T15:58:46+00:00\",\"description\":\"Valise rigide REED R8888 \u00e9tanche avec loquets s\u00e9curis\u00e9s, vanne de pression et mousse personnalisable. Dimensions int. : 305 x 244 x 114 mm.\",\"breadcrumb\":{\"@id\":\"https:\/\/www.qnde.ca\/fr\/produit\/reed-valise-de-transport-rigide-on-plastique-moyenne\/#breadcrumb\"},\"inLanguage\":\"fr-FR\",\"potentialAction\":[{\"@type\":\"ReadAction\",\"target\":[\"https:\/\/www.qnde.ca\/fr\/produit\/reed-valise-de-transport-rigide-on-plastique-moyenne\/\"]}]},{\"@type\":\"ImageObject\",\"inLanguage\":\"fr-FR\",\"@id\":\"https:\/\/www.qnde.ca\/fr\/produit\/reed-valise-de-transport-rigide-on-plastique-moyenne\/#primaryimage\",\"url\":\"https:\/\/www.qnde.ca\/wp-content\/uploads\/2022\/12\/REED-R8888-Medium-size-rigid-plastic-transport-case.jpg\",\"contentUrl\":\"https:\/\/www.qnde.ca\/wp-content\/uploads\/2022\/12\/REED-R8888-Medium-size-rigid-plastic-transport-case.jpg\",\"width\":800,\"height\":821},{\"@type\":\"BreadcrumbList\",\"@id\":\"https:\/\/www.qnde.ca\/fr\/produit\/reed-valise-de-transport-rigide-on-plastique-moyenne\/#breadcrumb\",\"itemListElement\":[{\"@type\":\"ListItem\",\"position\":1,\"name\":\"Accueil\",\"item\":\"https:\/\/www.qnde.ca\/fr\/\"},{\"@type\":\"ListItem\",\"position\":2,\"name\":\"Produits\",\"item\":\"https:\/\/www.qnde.ca\/fr\/produits\/\"},{\"@type\":\"ListItem\",\"position\":3,\"name\":\"Marques\",\"item\":\"https:\/\/www.qnde.ca\/fr\/product-category\/marques\/\"},{\"@type\":\"ListItem\",\"position\":4,\"name\":\"Autres Marques\",\"item\":\"https:\/\/www.qnde.ca\/fr\/product-category\/marques\/autres-marques\/\"},{\"@type\":\"ListItem\",\"position\":5,\"name\":\"REED R8888 Valise de Transport Rigide en Plastique Moyenne\"}]},{\"@type\":\"WebSite\",\"@id\":\"https:\/\/www.qnde.ca\/#website\",\"url\":\"https:\/\/www.qnde.ca\/\",\"name\":\"Qualit\u00e9 NDE\",\"description\":\"\u00c9quipements d&#039;essais non destructifs \",\"publisher\":{\"@id\":\"https:\/\/www.qnde.ca\/#organization\"},\"potentialAction\":[{\"@type\":\"SearchAction\",\"target\":{\"@type\":\"EntryPoint\",\"urlTemplate\":\"https:\/\/www.qnde.ca\/?s={search_term_string}\"},\"query-input\":{\"@type\":\"PropertyValueSpecification\",\"valueRequired\":true,\"valueName\":\"search_term_string\"}}],\"inLanguage\":\"fr-FR\"},{\"@type\":\"Organization\",\"@id\":\"https:\/\/www.qnde.ca\/#organization\",\"name\":\"Quality NDT Ltd.\",\"url\":\"https:\/\/www.qnde.ca\/\",\"logo\":{\"@type\":\"ImageObject\",\"inLanguage\":\"fr-FR\",\"@id\":\"https:\/\/www.qnde.ca\/#\/schema\/logo\/image\/\",\"url\":\"https:\/\/www.qnde.ca\/wp-content\/uploads\/2022\/02\/QNDE_logo_RGB-gif.gif\",\"contentUrl\":\"https:\/\/www.qnde.ca\/wp-content\/uploads\/2022\/02\/QNDE_logo_RGB-gif.gif\",\"width\":250,\"height\":64,\"caption\":\"Quality NDT Ltd.\"},\"image\":{\"@id\":\"https:\/\/www.qnde.ca\/#\/schema\/logo\/image\/\"},\"sameAs\":[\"https:\/\/www.linkedin.com\/company\/qnde\/about\/?viewAsMember=true\"]}]}<\/script>\n<!-- \/ Yoast SEO plugin. -->","yoast_head_json":{"title":"REED R8888 Valise de Transport Rigide en Plastique Moyenne &#060; Qualit\u00e9 NDE","description":"Valise rigide REED R8888 \u00e9tanche avec loquets s\u00e9curis\u00e9s, vanne de pression et mousse personnalisable. Dimensions int. : 305 x 244 x 114 mm.","robots":{"index":"index","follow":"follow","max-snippet":"max-snippet:-1","max-image-preview":"max-image-preview:large","max-video-preview":"max-video-preview:-1"},"canonical":"https:\/\/www.qnde.ca\/fr\/produit\/reed-valise-de-transport-rigide-on-plastique-moyenne\/","twitter_misc":{"Dur\u00e9e de lecture estim\u00e9e":"1 minute"},"schema":{"@context":"https:\/\/schema.org","@graph":[{"@type":["WebPage","ItemPage"],"@id":"https:\/\/www.qnde.ca\/fr\/produit\/reed-valise-de-transport-rigide-on-plastique-moyenne\/","url":"https:\/\/www.qnde.ca\/fr\/produit\/reed-valise-de-transport-rigide-on-plastique-moyenne\/","name":"REED R8888 Valise de Transport Rigide en Plastique Moyenne &#060; Qualit\u00e9 NDE","isPartOf":{"@id":"https:\/\/www.qnde.ca\/#website"},"primaryImageOfPage":{"@id":"https:\/\/www.qnde.ca\/fr\/produit\/reed-valise-de-transport-rigide-on-plastique-moyenne\/#primaryimage"},"image":{"@id":"https:\/\/www.qnde.ca\/fr\/produit\/reed-valise-de-transport-rigide-on-plastique-moyenne\/#primaryimage"},"thumbnailUrl":"https:\/\/www.qnde.ca\/wp-content\/uploads\/2022\/12\/REED-R8888-Medium-size-rigid-plastic-transport-case.jpg","datePublished":"2022-12-09T13:59:36+00:00","dateModified":"2025-08-18T15:58:46+00:00","description":"Valise rigide REED R8888 \u00e9tanche avec loquets s\u00e9curis\u00e9s, vanne de pression et mousse personnalisable. Dimensions int. : 305 x 244 x 114 mm.","breadcrumb":{"@id":"https:\/\/www.qnde.ca\/fr\/produit\/reed-valise-de-transport-rigide-on-plastique-moyenne\/#breadcrumb"},"inLanguage":"fr-FR","potentialAction":[{"@type":"ReadAction","target":["https:\/\/www.qnde.ca\/fr\/produit\/reed-valise-de-transport-rigide-on-plastique-moyenne\/"]}]},{"@type":"ImageObject","inLanguage":"fr-FR","@id":"https:\/\/www.qnde.ca\/fr\/produit\/reed-valise-de-transport-rigide-on-plastique-moyenne\/#primaryimage","url":"https:\/\/www.qnde.ca\/wp-content\/uploads\/2022\/12\/REED-R8888-Medium-size-rigid-plastic-transport-case.jpg","contentUrl":"https:\/\/www.qnde.ca\/wp-content\/uploads\/2022\/12\/REED-R8888-Medium-size-rigid-plastic-transport-case.jpg","width":800,"height":821},{"@type":"BreadcrumbList","@id":"https:\/\/www.qnde.ca\/fr\/produit\/reed-valise-de-transport-rigide-on-plastique-moyenne\/#breadcrumb","itemListElement":[{"@type":"ListItem","position":1,"name":"Accueil","item":"https:\/\/www.qnde.ca\/fr\/"},{"@type":"ListItem","position":2,"name":"Produits","item":"https:\/\/www.qnde.ca\/fr\/produits\/"},{"@type":"ListItem","position":3,"name":"Marques","item":"https:\/\/www.qnde.ca\/fr\/product-category\/marques\/"},{"@type":"ListItem","position":4,"name":"Autres Marques","item":"https:\/\/www.qnde.ca\/fr\/product-category\/marques\/autres-marques\/"},{"@type":"ListItem","position":5,"name":"REED R8888 Valise de Transport Rigide en Plastique Moyenne"}]},{"@type":"WebSite","@id":"https:\/\/www.qnde.ca\/#website","url":"https:\/\/www.qnde.ca\/","name":"Qualit\u00e9 NDE","description":"\u00c9quipements d&#039;essais non destructifs ","publisher":{"@id":"https:\/\/www.qnde.ca\/#organization"},"potentialAction":[{"@type":"SearchAction","target":{"@type":"EntryPoint","urlTemplate":"https:\/\/www.qnde.ca\/?s={search_term_string}"},"query-input":{"@type":"PropertyValueSpecification","valueRequired":true,"valueName":"search_term_string"}}],"inLanguage":"fr-FR"},{"@type":"Organization","@id":"https:\/\/www.qnde.ca\/#organization","name":"Quality NDT Ltd.","url":"https:\/\/www.qnde.ca\/","logo":{"@type":"ImageObject","inLanguage":"fr-FR","@id":"https:\/\/www.qnde.ca\/#\/schema\/logo\/image\/","url":"https:\/\/www.qnde.ca\/wp-content\/uploads\/2022\/02\/QNDE_logo_RGB-gif.gif","contentUrl":"https:\/\/www.qnde.ca\/wp-content\/uploads\/2022\/02\/QNDE_logo_RGB-gif.gif","width":250,"height":64,"caption":"Quality NDT Ltd."},"image":{"@id":"https:\/\/www.qnde.ca\/#\/schema\/logo\/image\/"},"sameAs":["https:\/\/www.linkedin.com\/company\/qnde\/about\/?viewAsMember=true"]}]}},"jetpack_sharing_enabled":true,"_links":{"self":[{"href":"https:\/\/www.qnde.ca\/fr\/wp-json\/wp\/v2\/product\/29008","targetHints":{"allow":["GET"]}}],"collection":[{"href":"https:\/\/www.qnde.ca\/fr\/wp-json\/wp\/v2\/product"}],"about":[{"href":"https:\/\/www.qnde.ca\/fr\/wp-json\/wp\/v2\/types\/product"}],"wp:featuredmedia":[{"embeddable":true,"href":"https:\/\/www.qnde.ca\/fr\/wp-json\/wp\/v2\/media\/29015"}],"wp:attachment":[{"href":"https:\/\/www.qnde.ca\/fr\/wp-json\/wp\/v2\/media?parent=29008"}],"wp:term":[{"taxonomy":"product_brand","embeddable":true,"href":"https:\/\/www.qnde.ca\/fr\/wp-json\/wp\/v2\/product_brand?post=29008"},{"taxonomy":"product_cat","embeddable":true,"href":"https:\/\/www.qnde.ca\/fr\/wp-json\/wp\/v2\/product_cat?post=29008"},{"taxonomy":"product_tag","embeddable":true,"href":"https:\/\/www.qnde.ca\/fr\/wp-json\/wp\/v2\/product_tag?post=29008"}],"curies":[{"name":"wp","href":"https:\/\/api.w.org\/{rel}","templated":true}]}}