{"id":28331,"date":"2022-09-30T11:21:13","date_gmt":"2022-09-30T15:24:00","guid":{"rendered":"https:\/\/www.qnde.ca\/?post_type=product&#038;p=28331"},"modified":"2023-01-19T14:55:49","modified_gmt":"2023-01-19T19:55:49","slug":"bande-de-densite-carestream","status":"publish","type":"product","link":"https:\/\/www.qnde.ca\/fr\/produit\/bande-de-densite-carestream\/","title":{"rendered":"Carestream Bande de Densit\u00e9 Certifi\u00e9e"},"content":{"rendered":"<h3>Carestream Bande de Densit\u00e9 Certifi\u00e9e<\/h3>\n<p>La bande de densit\u00e9 a 17-paliers certifi\u00e9e AGFA est couramment utilis\u00e9e pour surveiller la pr\u00e9cision du densim\u00e8tre de 0.2D \u00e0 plus de 4.0D. Mesures 10\u2033 L x 1.38\u2033 P (25.4cm x 3.5cm).<\/p>\n<p>&nbsp;<\/p>\n<p>184-2137: Bande de densit\u00e9 certifi\u00e9e Carestream a 17-paliers.<\/p>\n","protected":false},"excerpt":{"rendered":"<p>Carestream Bande de Densit\u00e9 Certifi\u00e9e La bande de densit\u00e9 a 17-paliers certifi\u00e9e AGFA est couramment utilis\u00e9e pour surveiller la pr\u00e9cision du densim\u00e8tre de 0.2D \u00e0 plus de 4.0D. Mesures 10\u2033 L x 1.38\u2033 P (25.4cm x 3.5cm). &nbsp; 184-2137: Bande de densit\u00e9 certifi\u00e9e Carestream a 17-paliers.<\/p>\n","protected":false},"featured_media":28302,"template":"","meta":{"_monsterinsights_skip_tracking":false,"_monsterinsights_sitenote_active":false,"_monsterinsights_sitenote_note":"","_monsterinsights_sitenote_category":0},"product_brand":[],"product_cat":[388,138,144],"product_tag":[],"class_list":{"0":"post-28331","1":"product","2":"type-product","3":"status-publish","4":"has-post-thumbnail","6":"product_cat-carestream-fr","7":"product_cat-radiographie","8":"product_cat-accessoires-exposition","10":"first","11":"instock","12":"shipping-taxable","13":"purchasable","14":"product-type-simple"},"yoast_head":"<!-- This site is optimized with the Yoast SEO plugin v23.9 - https:\/\/yoast.com\/wordpress\/plugins\/seo\/ -->\n<title>Carestream Bande de Densit\u00e9 Certifi\u00e9e &#060; Qualit\u00e9 NDE<\/title>\n<meta name=\"description\" content=\"La bande de densit\u00e9 a 17-paliers certifi\u00e9e AGFA est couramment utilis\u00e9e pour surveiller la pr\u00e9cision du densim\u00e8tre de 0.16D \u00e0 plus de 4.0D.\" \/>\n<meta name=\"robots\" content=\"index, follow, max-snippet:-1, max-image-preview:large, max-video-preview:-1\" \/>\n<link rel=\"canonical\" href=\"https:\/\/www.qnde.ca\/fr\/produit\/bande-de-densite-carestream\/\" \/>\n<meta name=\"twitter:label1\" content=\"Dur\u00e9e de lecture estim\u00e9e\" \/>\n\t<meta name=\"twitter:data1\" content=\"1 minute\" \/>\n<script type=\"application\/ld+json\" class=\"yoast-schema-graph\">{\"@context\":\"https:\/\/schema.org\",\"@graph\":[{\"@type\":[\"WebPage\",\"ItemPage\"],\"@id\":\"https:\/\/www.qnde.ca\/fr\/produit\/bande-de-densite-carestream\/\",\"url\":\"https:\/\/www.qnde.ca\/fr\/produit\/bande-de-densite-carestream\/\",\"name\":\"Carestream Bande de Densit\u00e9 Certifi\u00e9e &#060; Qualit\u00e9 NDE\",\"isPartOf\":{\"@id\":\"https:\/\/www.qnde.ca\/#website\"},\"primaryImageOfPage\":{\"@id\":\"https:\/\/www.qnde.ca\/fr\/produit\/bande-de-densite-carestream\/#primaryimage\"},\"image\":{\"@id\":\"https:\/\/www.qnde.ca\/fr\/produit\/bande-de-densite-carestream\/#primaryimage\"},\"thumbnailUrl\":\"https:\/\/www.qnde.ca\/wp-content\/uploads\/2016\/01\/Carestream-Certified-Density-Strip-17-steps.png\",\"datePublished\":\"2022-09-30T15:24:00+00:00\",\"dateModified\":\"2023-01-19T19:55:49+00:00\",\"description\":\"La bande de densit\u00e9 a 17-paliers certifi\u00e9e AGFA est couramment utilis\u00e9e pour surveiller la pr\u00e9cision du densim\u00e8tre de 0.16D \u00e0 plus de 4.0D.\",\"breadcrumb\":{\"@id\":\"https:\/\/www.qnde.ca\/fr\/produit\/bande-de-densite-carestream\/#breadcrumb\"},\"inLanguage\":\"fr-FR\",\"potentialAction\":[{\"@type\":\"ReadAction\",\"target\":[\"https:\/\/www.qnde.ca\/fr\/produit\/bande-de-densite-carestream\/\"]}]},{\"@type\":\"ImageObject\",\"inLanguage\":\"fr-FR\",\"@id\":\"https:\/\/www.qnde.ca\/fr\/produit\/bande-de-densite-carestream\/#primaryimage\",\"url\":\"https:\/\/www.qnde.ca\/wp-content\/uploads\/2016\/01\/Carestream-Certified-Density-Strip-17-steps.png\",\"contentUrl\":\"https:\/\/www.qnde.ca\/wp-content\/uploads\/2016\/01\/Carestream-Certified-Density-Strip-17-steps.png\",\"width\":1125,\"height\":1125},{\"@type\":\"BreadcrumbList\",\"@id\":\"https:\/\/www.qnde.ca\/fr\/produit\/bande-de-densite-carestream\/#breadcrumb\",\"itemListElement\":[{\"@type\":\"ListItem\",\"position\":1,\"name\":\"Accueil\",\"item\":\"https:\/\/www.qnde.ca\/fr\/\"},{\"@type\":\"ListItem\",\"position\":2,\"name\":\"Produits\",\"item\":\"https:\/\/www.qnde.ca\/fr\/produits\/\"},{\"@type\":\"ListItem\",\"position\":3,\"name\":\"Radiographie\",\"item\":\"https:\/\/www.qnde.ca\/fr\/product-category\/radiographie\/\"},{\"@type\":\"ListItem\",\"position\":4,\"name\":\"Exposure Accessories\",\"item\":\"https:\/\/www.qnde.ca\/product-category\/radiographie\/exposure-accessories-radiographie\/\"},{\"@type\":\"ListItem\",\"position\":5,\"name\":\"Carestream Bande de Densit\u00e9 Certifi\u00e9e\"}]},{\"@type\":\"WebSite\",\"@id\":\"https:\/\/www.qnde.ca\/#website\",\"url\":\"https:\/\/www.qnde.ca\/\",\"name\":\"Qualit\u00e9 NDE\",\"description\":\"\u00c9quipements d&#039;essais non destructifs \",\"publisher\":{\"@id\":\"https:\/\/www.qnde.ca\/#organization\"},\"potentialAction\":[{\"@type\":\"SearchAction\",\"target\":{\"@type\":\"EntryPoint\",\"urlTemplate\":\"https:\/\/www.qnde.ca\/?s={search_term_string}\"},\"query-input\":{\"@type\":\"PropertyValueSpecification\",\"valueRequired\":true,\"valueName\":\"search_term_string\"}}],\"inLanguage\":\"fr-FR\"},{\"@type\":\"Organization\",\"@id\":\"https:\/\/www.qnde.ca\/#organization\",\"name\":\"Quality NDT Ltd.\",\"url\":\"https:\/\/www.qnde.ca\/\",\"logo\":{\"@type\":\"ImageObject\",\"inLanguage\":\"fr-FR\",\"@id\":\"https:\/\/www.qnde.ca\/#\/schema\/logo\/image\/\",\"url\":\"https:\/\/www.qnde.ca\/wp-content\/uploads\/2022\/02\/QNDE_logo_RGB-gif.gif\",\"contentUrl\":\"https:\/\/www.qnde.ca\/wp-content\/uploads\/2022\/02\/QNDE_logo_RGB-gif.gif\",\"width\":250,\"height\":64,\"caption\":\"Quality NDT Ltd.\"},\"image\":{\"@id\":\"https:\/\/www.qnde.ca\/#\/schema\/logo\/image\/\"},\"sameAs\":[\"https:\/\/www.linkedin.com\/company\/qnde\/about\/?viewAsMember=true\"]}]}<\/script>\n<!-- \/ Yoast SEO plugin. -->","yoast_head_json":{"title":"Carestream Bande de Densit\u00e9 Certifi\u00e9e &#060; Qualit\u00e9 NDE","description":"La bande de densit\u00e9 a 17-paliers certifi\u00e9e AGFA est couramment utilis\u00e9e pour surveiller la pr\u00e9cision du densim\u00e8tre de 0.16D \u00e0 plus de 4.0D.","robots":{"index":"index","follow":"follow","max-snippet":"max-snippet:-1","max-image-preview":"max-image-preview:large","max-video-preview":"max-video-preview:-1"},"canonical":"https:\/\/www.qnde.ca\/fr\/produit\/bande-de-densite-carestream\/","twitter_misc":{"Dur\u00e9e de lecture estim\u00e9e":"1 minute"},"schema":{"@context":"https:\/\/schema.org","@graph":[{"@type":["WebPage","ItemPage"],"@id":"https:\/\/www.qnde.ca\/fr\/produit\/bande-de-densite-carestream\/","url":"https:\/\/www.qnde.ca\/fr\/produit\/bande-de-densite-carestream\/","name":"Carestream Bande de Densit\u00e9 Certifi\u00e9e &#060; Qualit\u00e9 NDE","isPartOf":{"@id":"https:\/\/www.qnde.ca\/#website"},"primaryImageOfPage":{"@id":"https:\/\/www.qnde.ca\/fr\/produit\/bande-de-densite-carestream\/#primaryimage"},"image":{"@id":"https:\/\/www.qnde.ca\/fr\/produit\/bande-de-densite-carestream\/#primaryimage"},"thumbnailUrl":"https:\/\/www.qnde.ca\/wp-content\/uploads\/2016\/01\/Carestream-Certified-Density-Strip-17-steps.png","datePublished":"2022-09-30T15:24:00+00:00","dateModified":"2023-01-19T19:55:49+00:00","description":"La bande de densit\u00e9 a 17-paliers certifi\u00e9e AGFA est couramment utilis\u00e9e pour surveiller la pr\u00e9cision du densim\u00e8tre de 0.16D \u00e0 plus de 4.0D.","breadcrumb":{"@id":"https:\/\/www.qnde.ca\/fr\/produit\/bande-de-densite-carestream\/#breadcrumb"},"inLanguage":"fr-FR","potentialAction":[{"@type":"ReadAction","target":["https:\/\/www.qnde.ca\/fr\/produit\/bande-de-densite-carestream\/"]}]},{"@type":"ImageObject","inLanguage":"fr-FR","@id":"https:\/\/www.qnde.ca\/fr\/produit\/bande-de-densite-carestream\/#primaryimage","url":"https:\/\/www.qnde.ca\/wp-content\/uploads\/2016\/01\/Carestream-Certified-Density-Strip-17-steps.png","contentUrl":"https:\/\/www.qnde.ca\/wp-content\/uploads\/2016\/01\/Carestream-Certified-Density-Strip-17-steps.png","width":1125,"height":1125},{"@type":"BreadcrumbList","@id":"https:\/\/www.qnde.ca\/fr\/produit\/bande-de-densite-carestream\/#breadcrumb","itemListElement":[{"@type":"ListItem","position":1,"name":"Accueil","item":"https:\/\/www.qnde.ca\/fr\/"},{"@type":"ListItem","position":2,"name":"Produits","item":"https:\/\/www.qnde.ca\/fr\/produits\/"},{"@type":"ListItem","position":3,"name":"Radiographie","item":"https:\/\/www.qnde.ca\/fr\/product-category\/radiographie\/"},{"@type":"ListItem","position":4,"name":"Exposure Accessories","item":"https:\/\/www.qnde.ca\/product-category\/radiographie\/exposure-accessories-radiographie\/"},{"@type":"ListItem","position":5,"name":"Carestream Bande de Densit\u00e9 Certifi\u00e9e"}]},{"@type":"WebSite","@id":"https:\/\/www.qnde.ca\/#website","url":"https:\/\/www.qnde.ca\/","name":"Qualit\u00e9 NDE","description":"\u00c9quipements d&#039;essais non destructifs ","publisher":{"@id":"https:\/\/www.qnde.ca\/#organization"},"potentialAction":[{"@type":"SearchAction","target":{"@type":"EntryPoint","urlTemplate":"https:\/\/www.qnde.ca\/?s={search_term_string}"},"query-input":{"@type":"PropertyValueSpecification","valueRequired":true,"valueName":"search_term_string"}}],"inLanguage":"fr-FR"},{"@type":"Organization","@id":"https:\/\/www.qnde.ca\/#organization","name":"Quality NDT Ltd.","url":"https:\/\/www.qnde.ca\/","logo":{"@type":"ImageObject","inLanguage":"fr-FR","@id":"https:\/\/www.qnde.ca\/#\/schema\/logo\/image\/","url":"https:\/\/www.qnde.ca\/wp-content\/uploads\/2022\/02\/QNDE_logo_RGB-gif.gif","contentUrl":"https:\/\/www.qnde.ca\/wp-content\/uploads\/2022\/02\/QNDE_logo_RGB-gif.gif","width":250,"height":64,"caption":"Quality NDT Ltd."},"image":{"@id":"https:\/\/www.qnde.ca\/#\/schema\/logo\/image\/"},"sameAs":["https:\/\/www.linkedin.com\/company\/qnde\/about\/?viewAsMember=true"]}]}},"jetpack_sharing_enabled":true,"_links":{"self":[{"href":"https:\/\/www.qnde.ca\/fr\/wp-json\/wp\/v2\/product\/28331","targetHints":{"allow":["GET"]}}],"collection":[{"href":"https:\/\/www.qnde.ca\/fr\/wp-json\/wp\/v2\/product"}],"about":[{"href":"https:\/\/www.qnde.ca\/fr\/wp-json\/wp\/v2\/types\/product"}],"wp:featuredmedia":[{"embeddable":true,"href":"https:\/\/www.qnde.ca\/fr\/wp-json\/wp\/v2\/media\/28302"}],"wp:attachment":[{"href":"https:\/\/www.qnde.ca\/fr\/wp-json\/wp\/v2\/media?parent=28331"}],"wp:term":[{"taxonomy":"product_brand","embeddable":true,"href":"https:\/\/www.qnde.ca\/fr\/wp-json\/wp\/v2\/product_brand?post=28331"},{"taxonomy":"product_cat","embeddable":true,"href":"https:\/\/www.qnde.ca\/fr\/wp-json\/wp\/v2\/product_cat?post=28331"},{"taxonomy":"product_tag","embeddable":true,"href":"https:\/\/www.qnde.ca\/fr\/wp-json\/wp\/v2\/product_tag?post=28331"}],"curies":[{"name":"wp","href":"https:\/\/api.w.org\/{rel}","templated":true}]}}