{"id":28029,"date":"2022-11-17T10:11:05","date_gmt":"2022-11-17T15:10:41","guid":{"rendered":"https:\/\/www.qnde.ca\/?post_type=product&#038;p=28029"},"modified":"2025-11-11T14:57:37","modified_gmt":"2025-11-11T19:57:37","slug":"qnde-regle-magnetique","status":"publish","type":"product","link":"https:\/\/www.qnde.ca\/fr\/produit\/qnde-regle-magnetique\/","title":{"rendered":"QNDE R\u00e8gle Magn\u00e9tique"},"content":{"rendered":"<p>La r\u00e8gle magn\u00e9tique QNDE peut \u00eatre utilis\u00e9 sur des surfaces m\u00e9talliques pour une mesure facile et \u00e0 mains libres. Cette r\u00e8gle est extr\u00eamement flexible et peut \u00eatre enroul\u00e9e pour un rangement facile.<\/p>\n<p>12 pouces (30 cm) de longueur, avec des mesures m\u00e9triques.<\/p>\n","protected":false},"excerpt":{"rendered":"<p>La r\u00e8gle magn\u00e9tique QNDE peut \u00eatre utilis\u00e9 sur des surfaces m\u00e9talliques pour une mesure facile et \u00e0 mains libres. Cette r\u00e8gle est extr\u00eamement flexible et peut \u00eatre enroul\u00e9e pour un rangement facile. 12 pouces (30 cm) de longueur, avec des mesures m\u00e9triques.<\/p>\n","protected":false},"featured_media":28028,"template":"","meta":{"_monsterinsights_skip_tracking":false,"_monsterinsights_sitenote_active":false,"_monsterinsights_sitenote_note":"","_monsterinsights_sitenote_category":0},"product_brand":[],"product_cat":[392,156],"product_tag":[],"class_list":{"0":"post-28029","1":"product","2":"type-product","3":"status-publish","4":"has-post-thumbnail","6":"product_cat-qnde-fr","7":"product_cat-autres-produits","9":"first","10":"instock","11":"shipping-taxable","12":"purchasable","13":"product-type-simple"},"yoast_head":"<!-- This site is optimized with the Yoast SEO plugin v23.9 - https:\/\/yoast.com\/wordpress\/plugins\/seo\/ -->\n<title>QNDE R\u00e8gle Magn\u00e9tique &#060; Qualit\u00e9 NDE<\/title>\n<meta name=\"description\" content=\"La r\u00e8gle magn\u00e9tique QNDE peut \u00eatre utilis\u00e9 sur des surfaces m\u00e9talliques pour une mesure facile et \u00e0 mains libres. Avec mesure m\u00e9triques.\" \/>\n<meta name=\"robots\" content=\"index, follow, max-snippet:-1, max-image-preview:large, max-video-preview:-1\" \/>\n<link rel=\"canonical\" href=\"https:\/\/www.qnde.ca\/fr\/produit\/qnde-regle-magnetique\/\" \/>\n<meta name=\"twitter:label1\" content=\"Dur\u00e9e de lecture estim\u00e9e\" \/>\n\t<meta name=\"twitter:data1\" content=\"1 minute\" \/>\n<script type=\"application\/ld+json\" class=\"yoast-schema-graph\">{\"@context\":\"https:\/\/schema.org\",\"@graph\":[{\"@type\":[\"WebPage\",\"ItemPage\"],\"@id\":\"https:\/\/www.qnde.ca\/fr\/produit\/qnde-regle-magnetique\/\",\"url\":\"https:\/\/www.qnde.ca\/fr\/produit\/qnde-regle-magnetique\/\",\"name\":\"QNDE R\u00e8gle Magn\u00e9tique &#060; Qualit\u00e9 NDE\",\"isPartOf\":{\"@id\":\"https:\/\/www.qnde.ca\/#website\"},\"primaryImageOfPage\":{\"@id\":\"https:\/\/www.qnde.ca\/fr\/produit\/qnde-regle-magnetique\/#primaryimage\"},\"image\":{\"@id\":\"https:\/\/www.qnde.ca\/fr\/produit\/qnde-regle-magnetique\/#primaryimage\"},\"thumbnailUrl\":\"https:\/\/www.qnde.ca\/wp-content\/uploads\/2022\/07\/Lying-flat.png\",\"datePublished\":\"2022-11-17T15:10:41+00:00\",\"dateModified\":\"2025-11-11T19:57:37+00:00\",\"description\":\"La r\u00e8gle magn\u00e9tique QNDE peut \u00eatre utilis\u00e9 sur des surfaces m\u00e9talliques pour une mesure facile et \u00e0 mains libres. Avec mesure m\u00e9triques.\",\"breadcrumb\":{\"@id\":\"https:\/\/www.qnde.ca\/fr\/produit\/qnde-regle-magnetique\/#breadcrumb\"},\"inLanguage\":\"fr-FR\",\"potentialAction\":[{\"@type\":\"ReadAction\",\"target\":[\"https:\/\/www.qnde.ca\/fr\/produit\/qnde-regle-magnetique\/\"]}]},{\"@type\":\"ImageObject\",\"inLanguage\":\"fr-FR\",\"@id\":\"https:\/\/www.qnde.ca\/fr\/produit\/qnde-regle-magnetique\/#primaryimage\",\"url\":\"https:\/\/www.qnde.ca\/wp-content\/uploads\/2022\/07\/Lying-flat.png\",\"contentUrl\":\"https:\/\/www.qnde.ca\/wp-content\/uploads\/2022\/07\/Lying-flat.png\",\"width\":2048,\"height\":1536},{\"@type\":\"BreadcrumbList\",\"@id\":\"https:\/\/www.qnde.ca\/fr\/produit\/qnde-regle-magnetique\/#breadcrumb\",\"itemListElement\":[{\"@type\":\"ListItem\",\"position\":1,\"name\":\"Accueil\",\"item\":\"https:\/\/www.qnde.ca\/fr\/\"},{\"@type\":\"ListItem\",\"position\":2,\"name\":\"Produits\",\"item\":\"https:\/\/www.qnde.ca\/fr\/produits\/\"},{\"@type\":\"ListItem\",\"position\":3,\"name\":\"Marques\",\"item\":\"https:\/\/www.qnde.ca\/fr\/product-category\/marques\/\"},{\"@type\":\"ListItem\",\"position\":4,\"name\":\"QNDE\",\"item\":\"https:\/\/www.qnde.ca\/fr\/product-category\/marques\/qnde-fr\/\"},{\"@type\":\"ListItem\",\"position\":5,\"name\":\"QNDE R\u00e8gle Magn\u00e9tique\"}]},{\"@type\":\"WebSite\",\"@id\":\"https:\/\/www.qnde.ca\/#website\",\"url\":\"https:\/\/www.qnde.ca\/\",\"name\":\"Qualit\u00e9 NDE\",\"description\":\"\u00c9quipements d&#039;essais non destructifs \",\"publisher\":{\"@id\":\"https:\/\/www.qnde.ca\/#organization\"},\"potentialAction\":[{\"@type\":\"SearchAction\",\"target\":{\"@type\":\"EntryPoint\",\"urlTemplate\":\"https:\/\/www.qnde.ca\/?s={search_term_string}\"},\"query-input\":{\"@type\":\"PropertyValueSpecification\",\"valueRequired\":true,\"valueName\":\"search_term_string\"}}],\"inLanguage\":\"fr-FR\"},{\"@type\":\"Organization\",\"@id\":\"https:\/\/www.qnde.ca\/#organization\",\"name\":\"Quality NDT Ltd.\",\"url\":\"https:\/\/www.qnde.ca\/\",\"logo\":{\"@type\":\"ImageObject\",\"inLanguage\":\"fr-FR\",\"@id\":\"https:\/\/www.qnde.ca\/#\/schema\/logo\/image\/\",\"url\":\"https:\/\/www.qnde.ca\/wp-content\/uploads\/2022\/02\/QNDE_logo_RGB-gif.gif\",\"contentUrl\":\"https:\/\/www.qnde.ca\/wp-content\/uploads\/2022\/02\/QNDE_logo_RGB-gif.gif\",\"width\":250,\"height\":64,\"caption\":\"Quality NDT Ltd.\"},\"image\":{\"@id\":\"https:\/\/www.qnde.ca\/#\/schema\/logo\/image\/\"},\"sameAs\":[\"https:\/\/www.linkedin.com\/company\/qnde\/about\/?viewAsMember=true\"]}]}<\/script>\n<!-- \/ Yoast SEO plugin. -->","yoast_head_json":{"title":"QNDE R\u00e8gle Magn\u00e9tique &#060; Qualit\u00e9 NDE","description":"La r\u00e8gle magn\u00e9tique QNDE peut \u00eatre utilis\u00e9 sur des surfaces m\u00e9talliques pour une mesure facile et \u00e0 mains libres. Avec mesure m\u00e9triques.","robots":{"index":"index","follow":"follow","max-snippet":"max-snippet:-1","max-image-preview":"max-image-preview:large","max-video-preview":"max-video-preview:-1"},"canonical":"https:\/\/www.qnde.ca\/fr\/produit\/qnde-regle-magnetique\/","twitter_misc":{"Dur\u00e9e de lecture estim\u00e9e":"1 minute"},"schema":{"@context":"https:\/\/schema.org","@graph":[{"@type":["WebPage","ItemPage"],"@id":"https:\/\/www.qnde.ca\/fr\/produit\/qnde-regle-magnetique\/","url":"https:\/\/www.qnde.ca\/fr\/produit\/qnde-regle-magnetique\/","name":"QNDE R\u00e8gle Magn\u00e9tique &#060; Qualit\u00e9 NDE","isPartOf":{"@id":"https:\/\/www.qnde.ca\/#website"},"primaryImageOfPage":{"@id":"https:\/\/www.qnde.ca\/fr\/produit\/qnde-regle-magnetique\/#primaryimage"},"image":{"@id":"https:\/\/www.qnde.ca\/fr\/produit\/qnde-regle-magnetique\/#primaryimage"},"thumbnailUrl":"https:\/\/www.qnde.ca\/wp-content\/uploads\/2022\/07\/Lying-flat.png","datePublished":"2022-11-17T15:10:41+00:00","dateModified":"2025-11-11T19:57:37+00:00","description":"La r\u00e8gle magn\u00e9tique QNDE peut \u00eatre utilis\u00e9 sur des surfaces m\u00e9talliques pour une mesure facile et \u00e0 mains libres. Avec mesure m\u00e9triques.","breadcrumb":{"@id":"https:\/\/www.qnde.ca\/fr\/produit\/qnde-regle-magnetique\/#breadcrumb"},"inLanguage":"fr-FR","potentialAction":[{"@type":"ReadAction","target":["https:\/\/www.qnde.ca\/fr\/produit\/qnde-regle-magnetique\/"]}]},{"@type":"ImageObject","inLanguage":"fr-FR","@id":"https:\/\/www.qnde.ca\/fr\/produit\/qnde-regle-magnetique\/#primaryimage","url":"https:\/\/www.qnde.ca\/wp-content\/uploads\/2022\/07\/Lying-flat.png","contentUrl":"https:\/\/www.qnde.ca\/wp-content\/uploads\/2022\/07\/Lying-flat.png","width":2048,"height":1536},{"@type":"BreadcrumbList","@id":"https:\/\/www.qnde.ca\/fr\/produit\/qnde-regle-magnetique\/#breadcrumb","itemListElement":[{"@type":"ListItem","position":1,"name":"Accueil","item":"https:\/\/www.qnde.ca\/fr\/"},{"@type":"ListItem","position":2,"name":"Produits","item":"https:\/\/www.qnde.ca\/fr\/produits\/"},{"@type":"ListItem","position":3,"name":"Marques","item":"https:\/\/www.qnde.ca\/fr\/product-category\/marques\/"},{"@type":"ListItem","position":4,"name":"QNDE","item":"https:\/\/www.qnde.ca\/fr\/product-category\/marques\/qnde-fr\/"},{"@type":"ListItem","position":5,"name":"QNDE R\u00e8gle Magn\u00e9tique"}]},{"@type":"WebSite","@id":"https:\/\/www.qnde.ca\/#website","url":"https:\/\/www.qnde.ca\/","name":"Qualit\u00e9 NDE","description":"\u00c9quipements d&#039;essais non destructifs ","publisher":{"@id":"https:\/\/www.qnde.ca\/#organization"},"potentialAction":[{"@type":"SearchAction","target":{"@type":"EntryPoint","urlTemplate":"https:\/\/www.qnde.ca\/?s={search_term_string}"},"query-input":{"@type":"PropertyValueSpecification","valueRequired":true,"valueName":"search_term_string"}}],"inLanguage":"fr-FR"},{"@type":"Organization","@id":"https:\/\/www.qnde.ca\/#organization","name":"Quality NDT Ltd.","url":"https:\/\/www.qnde.ca\/","logo":{"@type":"ImageObject","inLanguage":"fr-FR","@id":"https:\/\/www.qnde.ca\/#\/schema\/logo\/image\/","url":"https:\/\/www.qnde.ca\/wp-content\/uploads\/2022\/02\/QNDE_logo_RGB-gif.gif","contentUrl":"https:\/\/www.qnde.ca\/wp-content\/uploads\/2022\/02\/QNDE_logo_RGB-gif.gif","width":250,"height":64,"caption":"Quality NDT Ltd."},"image":{"@id":"https:\/\/www.qnde.ca\/#\/schema\/logo\/image\/"},"sameAs":["https:\/\/www.linkedin.com\/company\/qnde\/about\/?viewAsMember=true"]}]}},"jetpack_sharing_enabled":true,"_links":{"self":[{"href":"https:\/\/www.qnde.ca\/fr\/wp-json\/wp\/v2\/product\/28029","targetHints":{"allow":["GET"]}}],"collection":[{"href":"https:\/\/www.qnde.ca\/fr\/wp-json\/wp\/v2\/product"}],"about":[{"href":"https:\/\/www.qnde.ca\/fr\/wp-json\/wp\/v2\/types\/product"}],"wp:featuredmedia":[{"embeddable":true,"href":"https:\/\/www.qnde.ca\/fr\/wp-json\/wp\/v2\/media\/28028"}],"wp:attachment":[{"href":"https:\/\/www.qnde.ca\/fr\/wp-json\/wp\/v2\/media?parent=28029"}],"wp:term":[{"taxonomy":"product_brand","embeddable":true,"href":"https:\/\/www.qnde.ca\/fr\/wp-json\/wp\/v2\/product_brand?post=28029"},{"taxonomy":"product_cat","embeddable":true,"href":"https:\/\/www.qnde.ca\/fr\/wp-json\/wp\/v2\/product_cat?post=28029"},{"taxonomy":"product_tag","embeddable":true,"href":"https:\/\/www.qnde.ca\/fr\/wp-json\/wp\/v2\/product_tag?post=28029"}],"curies":[{"name":"wp","href":"https:\/\/api.w.org\/{rel}","templated":true}]}}