{"id":27859,"date":"2022-05-26T09:42:09","date_gmt":"2022-05-26T13:43:06","guid":{"rendered":"https:\/\/www.qnde.ca\/?post_type=product&#038;p=27859"},"modified":"2025-08-18T13:24:28","modified_gmt":"2025-08-18T17:24:28","slug":"detecteur-haute-vitesse-carestream","status":"publish","type":"product","link":"https:\/\/www.qnde.ca\/fr\/produit\/detecteur-haute-vitesse-carestream\/","title":{"rendered":"Carestream D\u00e9tecteur Haute Vitesse HPX-DR 2530 PC"},"content":{"rendered":"<h3>Carestream D\u00e9tecteur Haute Vitesse HPX-DR 2530 PC de Carestream<\/h3>\n<p>&nbsp;<\/p>\n<p>Le D\u00e9tecteur DR HPX-DR 2530 PC de Carestream est compacte, sans fil, haute vitesse, sans verre et antichoc. Ce module viens avec un ordinateur zBook portable,\u00a0 un ensemble de filage, 2 batteries, et un chargeur. Le logiciel tout-en-un permet d&rsquo;instantan\u00e9ment sauvegarder ou rechercher \u00e0 travers des ann\u00e9es d&rsquo;images en utilisant des mots cl\u00e9s, num\u00e9ros de s\u00e9ries, dates, etc. En \u00e9tant un mod\u00e8le compacte, the nouveau HPX-DR 2530 PC est id\u00e9al pour des applications d&rsquo;imagerie en milieus confin\u00e9s.<\/p>\n<p>&nbsp;<\/p>\n<p>Ce produit inclut aussi:<\/p>\n<ul>\n<li>Sans-fil au blindage en tungst\u00e8ne certifi\u00e9 jusqu&rsquo;\u00e0 3MeV.<\/li>\n<li>Pas de pixel a 145um.<\/li>\n<li>Espacement de pixels de 145 microns.<\/li>\n<li>Surface d&rsquo;imagerie compacte de 10&Prime; x 12&Prime; x 0.58&Prime; (250 x 300 x 14.7mm).<\/li>\n<li>Poids de seulement 11.9 lb (5.3kg).<\/li>\n<li>\u00a0IP57 (sans \u00e9tui de protection).<\/li>\n<li>Conforme DICONDE avec tous les autres fabricants.<\/li>\n<li>Logiciel tout-en-un qui inclut tous les modules pour la radiographie CR, DR, et la gestion des images.<\/li>\n<\/ul>\n<p>&nbsp;<\/p>\n<p>Quelques options pour ce produit:<\/p>\n<ul>\n<li>\u00c9tui de protection de surcharge sans verre pour le HPX-DR.<\/li>\n<li>Bo\u00eetier d&rsquo;interface pour tubes \u00e0 rayons-x \u00e0 batterie de Golden.<\/li>\n<li>Unit\u00e9 de viosnnement avec \u00e9cran monochrome 5MP et ordinateur de table.<\/li>\n<li>Unit\u00e9 de visionnement couleur 3MP et ordinateur de table.<\/li>\n<li>Unit\u00e9 de visionnement avec ordinateur portable zBook.<\/li>\n<li>Valise de transport pour unit\u00e9 de visionnement.<\/li>\n<\/ul>\n<p>&nbsp;<\/p>\n<p>Avec le bo\u00eetier \u00e9tanche vous pouvez continuer de travailler sous la pluie, la neige, la boue ou tout sortes de conditions m\u00e9t\u00e9orologiques.<\/p>\n<p>&nbsp;<\/p>\n<p>Contactez-nous afin de discuter de votre application, de vos exigences, des options disponibles et\/ou recevoir une soumission.<\/p>\n","protected":false},"excerpt":{"rendered":"<p>Carestream D\u00e9tecteur Haute Vitesse HPX-DR 2530 PC de Carestream &nbsp; Le D\u00e9tecteur DR HPX-DR 2530 PC de Carestream est compacte, sans fil, haute vitesse, sans verre et antichoc. Ce module viens avec un ordinateur zBook portable,\u00a0 un ensemble de filage, 2 batteries, et un chargeur. Le logiciel tout-en-un permet d&rsquo;instantan\u00e9ment sauvegarder ou rechercher \u00e0 travers [&hellip;]<\/p>\n","protected":false},"featured_media":13643,"template":"","meta":{"_monsterinsights_skip_tracking":false,"_monsterinsights_sitenote_active":false,"_monsterinsights_sitenote_note":"","_monsterinsights_sitenote_category":0},"product_brand":[],"product_cat":[388,142],"product_tag":[],"class_list":{"0":"post-27859","1":"product","2":"type-product","3":"status-publish","4":"has-post-thumbnail","6":"product_cat-carestream-fr","7":"product_cat-radiologie-numerique-dr","9":"first","10":"instock","11":"shipping-taxable","12":"purchasable","13":"product-type-simple"},"yoast_head":"<!-- This site is optimized with the Yoast SEO plugin v23.9 - https:\/\/yoast.com\/wordpress\/plugins\/seo\/ -->\n<title>Carestream D\u00e9tecteur Haute Vitesse HPX-DR 2530 PC &#060; Qualit\u00e9 NDE<\/title>\n<meta name=\"description\" content=\"D\u00e9tecteur DR compact et rapide Carestream HPX-DR 2530 PC, sans fil, 145\u03bcm, IP57. Id\u00e9al pour milieux confin\u00e9s. Logiciel tout-en-un inclus.\" \/>\n<meta name=\"robots\" content=\"index, follow, max-snippet:-1, max-image-preview:large, max-video-preview:-1\" \/>\n<link rel=\"canonical\" href=\"https:\/\/www.qnde.ca\/fr\/produit\/detecteur-haute-vitesse-carestream\/\" \/>\n<meta name=\"twitter:label1\" content=\"Dur\u00e9e de lecture estim\u00e9e\" \/>\n\t<meta name=\"twitter:data1\" content=\"2 minutes\" \/>\n<script type=\"application\/ld+json\" class=\"yoast-schema-graph\">{\"@context\":\"https:\/\/schema.org\",\"@graph\":[{\"@type\":[\"WebPage\",\"ItemPage\"],\"@id\":\"https:\/\/www.qnde.ca\/fr\/produit\/detecteur-haute-vitesse-carestream\/\",\"url\":\"https:\/\/www.qnde.ca\/fr\/produit\/detecteur-haute-vitesse-carestream\/\",\"name\":\"Carestream D\u00e9tecteur Haute Vitesse HPX-DR 2530 PC &#060; Qualit\u00e9 NDE\",\"isPartOf\":{\"@id\":\"https:\/\/www.qnde.ca\/#website\"},\"primaryImageOfPage\":{\"@id\":\"https:\/\/www.qnde.ca\/fr\/produit\/detecteur-haute-vitesse-carestream\/#primaryimage\"},\"image\":{\"@id\":\"https:\/\/www.qnde.ca\/fr\/produit\/detecteur-haute-vitesse-carestream\/#primaryimage\"},\"thumbnailUrl\":\"https:\/\/www.qnde.ca\/wp-content\/uploads\/2021\/02\/Carestream-HPX-DR-Plus-Back-and-front-view-scaled-scaled.jpg\",\"datePublished\":\"2022-05-26T13:43:06+00:00\",\"dateModified\":\"2025-08-18T17:24:28+00:00\",\"description\":\"D\u00e9tecteur DR compact et rapide Carestream HPX-DR 2530 PC, sans fil, 145\u03bcm, IP57. Id\u00e9al pour milieux confin\u00e9s. Logiciel tout-en-un inclus.\",\"breadcrumb\":{\"@id\":\"https:\/\/www.qnde.ca\/fr\/produit\/detecteur-haute-vitesse-carestream\/#breadcrumb\"},\"inLanguage\":\"fr-FR\",\"potentialAction\":[{\"@type\":\"ReadAction\",\"target\":[\"https:\/\/www.qnde.ca\/fr\/produit\/detecteur-haute-vitesse-carestream\/\"]}]},{\"@type\":\"ImageObject\",\"inLanguage\":\"fr-FR\",\"@id\":\"https:\/\/www.qnde.ca\/fr\/produit\/detecteur-haute-vitesse-carestream\/#primaryimage\",\"url\":\"https:\/\/www.qnde.ca\/wp-content\/uploads\/2021\/02\/Carestream-HPX-DR-Plus-Back-and-front-view-scaled-scaled.jpg\",\"contentUrl\":\"https:\/\/www.qnde.ca\/wp-content\/uploads\/2021\/02\/Carestream-HPX-DR-Plus-Back-and-front-view-scaled-scaled.jpg\",\"width\":2048,\"height\":1444},{\"@type\":\"BreadcrumbList\",\"@id\":\"https:\/\/www.qnde.ca\/fr\/produit\/detecteur-haute-vitesse-carestream\/#breadcrumb\",\"itemListElement\":[{\"@type\":\"ListItem\",\"position\":1,\"name\":\"Accueil\",\"item\":\"https:\/\/www.qnde.ca\/fr\/\"},{\"@type\":\"ListItem\",\"position\":2,\"name\":\"Produits\",\"item\":\"https:\/\/www.qnde.ca\/fr\/produits\/\"},{\"@type\":\"ListItem\",\"position\":3,\"name\":\"Marques\",\"item\":\"https:\/\/www.qnde.ca\/fr\/product-category\/marques\/\"},{\"@type\":\"ListItem\",\"position\":4,\"name\":\"Carestream\",\"item\":\"https:\/\/www.qnde.ca\/fr\/product-category\/marques\/carestream-fr\/\"},{\"@type\":\"ListItem\",\"position\":5,\"name\":\"Carestream D\u00e9tecteur Haute Vitesse HPX-DR 2530 PC\"}]},{\"@type\":\"WebSite\",\"@id\":\"https:\/\/www.qnde.ca\/#website\",\"url\":\"https:\/\/www.qnde.ca\/\",\"name\":\"Qualit\u00e9 NDE\",\"description\":\"\u00c9quipements d&#039;essais non destructifs \",\"publisher\":{\"@id\":\"https:\/\/www.qnde.ca\/#organization\"},\"potentialAction\":[{\"@type\":\"SearchAction\",\"target\":{\"@type\":\"EntryPoint\",\"urlTemplate\":\"https:\/\/www.qnde.ca\/?s={search_term_string}\"},\"query-input\":{\"@type\":\"PropertyValueSpecification\",\"valueRequired\":true,\"valueName\":\"search_term_string\"}}],\"inLanguage\":\"fr-FR\"},{\"@type\":\"Organization\",\"@id\":\"https:\/\/www.qnde.ca\/#organization\",\"name\":\"Quality NDT Ltd.\",\"url\":\"https:\/\/www.qnde.ca\/\",\"logo\":{\"@type\":\"ImageObject\",\"inLanguage\":\"fr-FR\",\"@id\":\"https:\/\/www.qnde.ca\/#\/schema\/logo\/image\/\",\"url\":\"https:\/\/www.qnde.ca\/wp-content\/uploads\/2022\/02\/QNDE_logo_RGB-gif.gif\",\"contentUrl\":\"https:\/\/www.qnde.ca\/wp-content\/uploads\/2022\/02\/QNDE_logo_RGB-gif.gif\",\"width\":250,\"height\":64,\"caption\":\"Quality NDT Ltd.\"},\"image\":{\"@id\":\"https:\/\/www.qnde.ca\/#\/schema\/logo\/image\/\"},\"sameAs\":[\"https:\/\/www.linkedin.com\/company\/qnde\/about\/?viewAsMember=true\"]}]}<\/script>\n<!-- \/ Yoast SEO plugin. -->","yoast_head_json":{"title":"Carestream D\u00e9tecteur Haute Vitesse HPX-DR 2530 PC &#060; Qualit\u00e9 NDE","description":"D\u00e9tecteur DR compact et rapide Carestream HPX-DR 2530 PC, sans fil, 145\u03bcm, IP57. Id\u00e9al pour milieux confin\u00e9s. Logiciel tout-en-un inclus.","robots":{"index":"index","follow":"follow","max-snippet":"max-snippet:-1","max-image-preview":"max-image-preview:large","max-video-preview":"max-video-preview:-1"},"canonical":"https:\/\/www.qnde.ca\/fr\/produit\/detecteur-haute-vitesse-carestream\/","twitter_misc":{"Dur\u00e9e de lecture estim\u00e9e":"2 minutes"},"schema":{"@context":"https:\/\/schema.org","@graph":[{"@type":["WebPage","ItemPage"],"@id":"https:\/\/www.qnde.ca\/fr\/produit\/detecteur-haute-vitesse-carestream\/","url":"https:\/\/www.qnde.ca\/fr\/produit\/detecteur-haute-vitesse-carestream\/","name":"Carestream D\u00e9tecteur Haute Vitesse HPX-DR 2530 PC &#060; Qualit\u00e9 NDE","isPartOf":{"@id":"https:\/\/www.qnde.ca\/#website"},"primaryImageOfPage":{"@id":"https:\/\/www.qnde.ca\/fr\/produit\/detecteur-haute-vitesse-carestream\/#primaryimage"},"image":{"@id":"https:\/\/www.qnde.ca\/fr\/produit\/detecteur-haute-vitesse-carestream\/#primaryimage"},"thumbnailUrl":"https:\/\/www.qnde.ca\/wp-content\/uploads\/2021\/02\/Carestream-HPX-DR-Plus-Back-and-front-view-scaled-scaled.jpg","datePublished":"2022-05-26T13:43:06+00:00","dateModified":"2025-08-18T17:24:28+00:00","description":"D\u00e9tecteur DR compact et rapide Carestream HPX-DR 2530 PC, sans fil, 145\u03bcm, IP57. Id\u00e9al pour milieux confin\u00e9s. Logiciel tout-en-un inclus.","breadcrumb":{"@id":"https:\/\/www.qnde.ca\/fr\/produit\/detecteur-haute-vitesse-carestream\/#breadcrumb"},"inLanguage":"fr-FR","potentialAction":[{"@type":"ReadAction","target":["https:\/\/www.qnde.ca\/fr\/produit\/detecteur-haute-vitesse-carestream\/"]}]},{"@type":"ImageObject","inLanguage":"fr-FR","@id":"https:\/\/www.qnde.ca\/fr\/produit\/detecteur-haute-vitesse-carestream\/#primaryimage","url":"https:\/\/www.qnde.ca\/wp-content\/uploads\/2021\/02\/Carestream-HPX-DR-Plus-Back-and-front-view-scaled-scaled.jpg","contentUrl":"https:\/\/www.qnde.ca\/wp-content\/uploads\/2021\/02\/Carestream-HPX-DR-Plus-Back-and-front-view-scaled-scaled.jpg","width":2048,"height":1444},{"@type":"BreadcrumbList","@id":"https:\/\/www.qnde.ca\/fr\/produit\/detecteur-haute-vitesse-carestream\/#breadcrumb","itemListElement":[{"@type":"ListItem","position":1,"name":"Accueil","item":"https:\/\/www.qnde.ca\/fr\/"},{"@type":"ListItem","position":2,"name":"Produits","item":"https:\/\/www.qnde.ca\/fr\/produits\/"},{"@type":"ListItem","position":3,"name":"Marques","item":"https:\/\/www.qnde.ca\/fr\/product-category\/marques\/"},{"@type":"ListItem","position":4,"name":"Carestream","item":"https:\/\/www.qnde.ca\/fr\/product-category\/marques\/carestream-fr\/"},{"@type":"ListItem","position":5,"name":"Carestream D\u00e9tecteur Haute Vitesse HPX-DR 2530 PC"}]},{"@type":"WebSite","@id":"https:\/\/www.qnde.ca\/#website","url":"https:\/\/www.qnde.ca\/","name":"Qualit\u00e9 NDE","description":"\u00c9quipements d&#039;essais non destructifs ","publisher":{"@id":"https:\/\/www.qnde.ca\/#organization"},"potentialAction":[{"@type":"SearchAction","target":{"@type":"EntryPoint","urlTemplate":"https:\/\/www.qnde.ca\/?s={search_term_string}"},"query-input":{"@type":"PropertyValueSpecification","valueRequired":true,"valueName":"search_term_string"}}],"inLanguage":"fr-FR"},{"@type":"Organization","@id":"https:\/\/www.qnde.ca\/#organization","name":"Quality NDT Ltd.","url":"https:\/\/www.qnde.ca\/","logo":{"@type":"ImageObject","inLanguage":"fr-FR","@id":"https:\/\/www.qnde.ca\/#\/schema\/logo\/image\/","url":"https:\/\/www.qnde.ca\/wp-content\/uploads\/2022\/02\/QNDE_logo_RGB-gif.gif","contentUrl":"https:\/\/www.qnde.ca\/wp-content\/uploads\/2022\/02\/QNDE_logo_RGB-gif.gif","width":250,"height":64,"caption":"Quality NDT Ltd."},"image":{"@id":"https:\/\/www.qnde.ca\/#\/schema\/logo\/image\/"},"sameAs":["https:\/\/www.linkedin.com\/company\/qnde\/about\/?viewAsMember=true"]}]}},"jetpack_sharing_enabled":true,"_links":{"self":[{"href":"https:\/\/www.qnde.ca\/fr\/wp-json\/wp\/v2\/product\/27859","targetHints":{"allow":["GET"]}}],"collection":[{"href":"https:\/\/www.qnde.ca\/fr\/wp-json\/wp\/v2\/product"}],"about":[{"href":"https:\/\/www.qnde.ca\/fr\/wp-json\/wp\/v2\/types\/product"}],"wp:featuredmedia":[{"embeddable":true,"href":"https:\/\/www.qnde.ca\/fr\/wp-json\/wp\/v2\/media\/13643"}],"wp:attachment":[{"href":"https:\/\/www.qnde.ca\/fr\/wp-json\/wp\/v2\/media?parent=27859"}],"wp:term":[{"taxonomy":"product_brand","embeddable":true,"href":"https:\/\/www.qnde.ca\/fr\/wp-json\/wp\/v2\/product_brand?post=27859"},{"taxonomy":"product_cat","embeddable":true,"href":"https:\/\/www.qnde.ca\/fr\/wp-json\/wp\/v2\/product_cat?post=27859"},{"taxonomy":"product_tag","embeddable":true,"href":"https:\/\/www.qnde.ca\/fr\/wp-json\/wp\/v2\/product_tag?post=27859"}],"curies":[{"name":"wp","href":"https:\/\/api.w.org\/{rel}","templated":true}]}}