{"id":26586,"date":"2022-04-20T16:17:53","date_gmt":"2022-04-20T20:17:53","guid":{"rendered":"https:\/\/www.qnde.ca\/?post_type=product&#038;p=26586"},"modified":"2025-06-16T09:32:14","modified_gmt":"2025-06-16T13:32:14","slug":"videoscope-avec-mesures-iplex-nx-olympus","status":"publish","type":"product","link":"https:\/\/www.qnde.ca\/fr\/produit\/videoscope-avec-mesures-iplex-nx-olympus\/","title":{"rendered":"Olympus Vid\u00e9oscope avec Mesures IPLEX NX"},"content":{"rendered":"<h2><strong>Olympus Vid\u00e9oscope avec Mesures IPLEX NX<\/strong><\/h2>\n<p>&nbsp;<\/p>\n<p>Le vid\u00e9oscope IPLEX NX combine des images de haute qualit\u00e9 sur un grand \u00e9cran tactile, une interface intuitive, une conception ergonomique et une grande durabilit\u00e9. Ses images claires et lumineuses ainsi que ses puissantes fonctions de mesure sont con\u00e7ues pour d\u00e9passer les attentes.<\/p>\n<p>La s\u00e9rie IPLEX est disponible en cinq mod\u00e8les (NX, GX, GT, G Lite et TX) avec un tube de diff\u00e9rents diam\u00e8tres et longueurs. Chaque tube peut recevoir divers adaptateurs optiques pour un champ de vision, directions de vision et profondeur de champ sur mesure. Six accessoires de r\u00e9cup\u00e9ration internes disponibles. L&rsquo;IPLEX peut \u00eatre configur\u00e9 de six mani\u00e8res diff\u00e9rentes pour optimiser le confort de l&rsquo;utilisateur.<\/p>\n<p>&nbsp;<\/p>\n<p>Consultez la fiche technique et la vid\u00e9o pour plus d&rsquo;informations.<\/p>\n<p>Contactez-nous pour discuter de votre application, vos exigences, des options disponibles et\/ou recevoir une soumission.<\/p>\n","protected":false},"excerpt":{"rendered":"<p>Olympus Vid\u00e9oscope avec Mesures IPLEX NX &nbsp; Le vid\u00e9oscope IPLEX NX combine des images de haute qualit\u00e9 sur un grand \u00e9cran tactile, une interface intuitive, une conception ergonomique et une grande durabilit\u00e9. Ses images claires et lumineuses ainsi que ses puissantes fonctions de mesure sont con\u00e7ues pour d\u00e9passer les attentes. La s\u00e9rie IPLEX est disponible [&hellip;]<\/p>\n","protected":false},"featured_media":26591,"template":"","meta":{"_monsterinsights_skip_tracking":false,"_monsterinsights_sitenote_active":false,"_monsterinsights_sitenote_note":"","_monsterinsights_sitenote_category":0},"product_brand":[],"product_cat":[389,148,152],"product_tag":[],"class_list":{"0":"post-26586","1":"product","2":"type-product","3":"status-publish","4":"has-post-thumbnail","6":"product_cat-olympus-evident-fr","7":"product_cat-visuel","8":"product_cat-videoscopes-fr","10":"first","11":"instock","12":"shipping-taxable","13":"purchasable","14":"product-type-variable"},"yoast_head":"<!-- This site is optimized with the Yoast SEO plugin v23.9 - https:\/\/yoast.com\/wordpress\/plugins\/seo\/ -->\n<title>Olympus Vid\u00e9oscope avec Mesures IPLEX NX &#060; Qualit\u00e9 NDE<\/title>\n<meta name=\"description\" content=\"Le vid\u00e9oscope IPLEX NX combine des images de haute qualit\u00e9, \u00e9cran tactile, interface intuitive, conception ergonomique, et grande durabilit\u00e9.\" \/>\n<meta name=\"robots\" content=\"index, follow, max-snippet:-1, max-image-preview:large, max-video-preview:-1\" \/>\n<link rel=\"canonical\" href=\"https:\/\/www.qnde.ca\/fr\/produit\/videoscope-avec-mesures-iplex-nx-olympus\/\" \/>\n<meta name=\"twitter:label1\" content=\"Dur\u00e9e de lecture estim\u00e9e\" \/>\n\t<meta name=\"twitter:data1\" content=\"1 minute\" \/>\n<script type=\"application\/ld+json\" class=\"yoast-schema-graph\">{\"@context\":\"https:\/\/schema.org\",\"@graph\":[{\"@type\":[\"WebPage\",\"ItemPage\"],\"@id\":\"https:\/\/www.qnde.ca\/fr\/produit\/videoscope-avec-mesures-iplex-nx-olympus\/\",\"url\":\"https:\/\/www.qnde.ca\/fr\/produit\/videoscope-avec-mesures-iplex-nx-olympus\/\",\"name\":\"Olympus Vid\u00e9oscope avec Mesures IPLEX NX &#060; Qualit\u00e9 NDE\",\"isPartOf\":{\"@id\":\"https:\/\/www.qnde.ca\/#website\"},\"primaryImageOfPage\":{\"@id\":\"https:\/\/www.qnde.ca\/fr\/produit\/videoscope-avec-mesures-iplex-nx-olympus\/#primaryimage\"},\"image\":{\"@id\":\"https:\/\/www.qnde.ca\/fr\/produit\/videoscope-avec-mesures-iplex-nx-olympus\/#primaryimage\"},\"thumbnailUrl\":\"https:\/\/www.qnde.ca\/wp-content\/uploads\/2022\/04\/Olympus-IPLEX-NX-Videoscope-with-Measurements.jpg\",\"datePublished\":\"2022-04-20T20:17:53+00:00\",\"dateModified\":\"2025-06-16T13:32:14+00:00\",\"description\":\"Le vid\u00e9oscope IPLEX NX combine des images de haute qualit\u00e9, \u00e9cran tactile, interface intuitive, conception ergonomique, et grande durabilit\u00e9.\",\"breadcrumb\":{\"@id\":\"https:\/\/www.qnde.ca\/fr\/produit\/videoscope-avec-mesures-iplex-nx-olympus\/#breadcrumb\"},\"inLanguage\":\"fr-FR\",\"potentialAction\":[{\"@type\":\"ReadAction\",\"target\":[\"https:\/\/www.qnde.ca\/fr\/produit\/videoscope-avec-mesures-iplex-nx-olympus\/\"]}]},{\"@type\":\"ImageObject\",\"inLanguage\":\"fr-FR\",\"@id\":\"https:\/\/www.qnde.ca\/fr\/produit\/videoscope-avec-mesures-iplex-nx-olympus\/#primaryimage\",\"url\":\"https:\/\/www.qnde.ca\/wp-content\/uploads\/2022\/04\/Olympus-IPLEX-NX-Videoscope-with-Measurements.jpg\",\"contentUrl\":\"https:\/\/www.qnde.ca\/wp-content\/uploads\/2022\/04\/Olympus-IPLEX-NX-Videoscope-with-Measurements.jpg\",\"width\":1395,\"height\":1046},{\"@type\":\"BreadcrumbList\",\"@id\":\"https:\/\/www.qnde.ca\/fr\/produit\/videoscope-avec-mesures-iplex-nx-olympus\/#breadcrumb\",\"itemListElement\":[{\"@type\":\"ListItem\",\"position\":1,\"name\":\"Accueil\",\"item\":\"https:\/\/www.qnde.ca\/fr\/\"},{\"@type\":\"ListItem\",\"position\":2,\"name\":\"Produits\",\"item\":\"https:\/\/www.qnde.ca\/fr\/produits\/\"},{\"@type\":\"ListItem\",\"position\":3,\"name\":\"Visuel\",\"item\":\"https:\/\/www.qnde.ca\/fr\/product-category\/visuel\/\"},{\"@type\":\"ListItem\",\"position\":4,\"name\":\"Vid\u00e9oscopes\",\"item\":\"https:\/\/www.qnde.ca\/fr\/product-category\/visuel\/videoscopes-fr\/\"},{\"@type\":\"ListItem\",\"position\":5,\"name\":\"Olympus Vid\u00e9oscope avec Mesures IPLEX NX\"}]},{\"@type\":\"WebSite\",\"@id\":\"https:\/\/www.qnde.ca\/#website\",\"url\":\"https:\/\/www.qnde.ca\/\",\"name\":\"Qualit\u00e9 NDE\",\"description\":\"\u00c9quipements d&#039;essais non destructifs \",\"publisher\":{\"@id\":\"https:\/\/www.qnde.ca\/#organization\"},\"potentialAction\":[{\"@type\":\"SearchAction\",\"target\":{\"@type\":\"EntryPoint\",\"urlTemplate\":\"https:\/\/www.qnde.ca\/?s={search_term_string}\"},\"query-input\":{\"@type\":\"PropertyValueSpecification\",\"valueRequired\":true,\"valueName\":\"search_term_string\"}}],\"inLanguage\":\"fr-FR\"},{\"@type\":\"Organization\",\"@id\":\"https:\/\/www.qnde.ca\/#organization\",\"name\":\"Quality NDT Ltd.\",\"url\":\"https:\/\/www.qnde.ca\/\",\"logo\":{\"@type\":\"ImageObject\",\"inLanguage\":\"fr-FR\",\"@id\":\"https:\/\/www.qnde.ca\/#\/schema\/logo\/image\/\",\"url\":\"https:\/\/www.qnde.ca\/wp-content\/uploads\/2022\/02\/QNDE_logo_RGB-gif.gif\",\"contentUrl\":\"https:\/\/www.qnde.ca\/wp-content\/uploads\/2022\/02\/QNDE_logo_RGB-gif.gif\",\"width\":250,\"height\":64,\"caption\":\"Quality NDT Ltd.\"},\"image\":{\"@id\":\"https:\/\/www.qnde.ca\/#\/schema\/logo\/image\/\"},\"sameAs\":[\"https:\/\/www.linkedin.com\/company\/qnde\/about\/?viewAsMember=true\"]}]}<\/script>\n<!-- \/ Yoast SEO plugin. -->","yoast_head_json":{"title":"Olympus Vid\u00e9oscope avec Mesures IPLEX NX &#060; Qualit\u00e9 NDE","description":"Le vid\u00e9oscope IPLEX NX combine des images de haute qualit\u00e9, \u00e9cran tactile, interface intuitive, conception ergonomique, et grande durabilit\u00e9.","robots":{"index":"index","follow":"follow","max-snippet":"max-snippet:-1","max-image-preview":"max-image-preview:large","max-video-preview":"max-video-preview:-1"},"canonical":"https:\/\/www.qnde.ca\/fr\/produit\/videoscope-avec-mesures-iplex-nx-olympus\/","twitter_misc":{"Dur\u00e9e de lecture estim\u00e9e":"1 minute"},"schema":{"@context":"https:\/\/schema.org","@graph":[{"@type":["WebPage","ItemPage"],"@id":"https:\/\/www.qnde.ca\/fr\/produit\/videoscope-avec-mesures-iplex-nx-olympus\/","url":"https:\/\/www.qnde.ca\/fr\/produit\/videoscope-avec-mesures-iplex-nx-olympus\/","name":"Olympus Vid\u00e9oscope avec Mesures IPLEX NX &#060; Qualit\u00e9 NDE","isPartOf":{"@id":"https:\/\/www.qnde.ca\/#website"},"primaryImageOfPage":{"@id":"https:\/\/www.qnde.ca\/fr\/produit\/videoscope-avec-mesures-iplex-nx-olympus\/#primaryimage"},"image":{"@id":"https:\/\/www.qnde.ca\/fr\/produit\/videoscope-avec-mesures-iplex-nx-olympus\/#primaryimage"},"thumbnailUrl":"https:\/\/www.qnde.ca\/wp-content\/uploads\/2022\/04\/Olympus-IPLEX-NX-Videoscope-with-Measurements.jpg","datePublished":"2022-04-20T20:17:53+00:00","dateModified":"2025-06-16T13:32:14+00:00","description":"Le vid\u00e9oscope IPLEX NX combine des images de haute qualit\u00e9, \u00e9cran tactile, interface intuitive, conception ergonomique, et grande durabilit\u00e9.","breadcrumb":{"@id":"https:\/\/www.qnde.ca\/fr\/produit\/videoscope-avec-mesures-iplex-nx-olympus\/#breadcrumb"},"inLanguage":"fr-FR","potentialAction":[{"@type":"ReadAction","target":["https:\/\/www.qnde.ca\/fr\/produit\/videoscope-avec-mesures-iplex-nx-olympus\/"]}]},{"@type":"ImageObject","inLanguage":"fr-FR","@id":"https:\/\/www.qnde.ca\/fr\/produit\/videoscope-avec-mesures-iplex-nx-olympus\/#primaryimage","url":"https:\/\/www.qnde.ca\/wp-content\/uploads\/2022\/04\/Olympus-IPLEX-NX-Videoscope-with-Measurements.jpg","contentUrl":"https:\/\/www.qnde.ca\/wp-content\/uploads\/2022\/04\/Olympus-IPLEX-NX-Videoscope-with-Measurements.jpg","width":1395,"height":1046},{"@type":"BreadcrumbList","@id":"https:\/\/www.qnde.ca\/fr\/produit\/videoscope-avec-mesures-iplex-nx-olympus\/#breadcrumb","itemListElement":[{"@type":"ListItem","position":1,"name":"Accueil","item":"https:\/\/www.qnde.ca\/fr\/"},{"@type":"ListItem","position":2,"name":"Produits","item":"https:\/\/www.qnde.ca\/fr\/produits\/"},{"@type":"ListItem","position":3,"name":"Visuel","item":"https:\/\/www.qnde.ca\/fr\/product-category\/visuel\/"},{"@type":"ListItem","position":4,"name":"Vid\u00e9oscopes","item":"https:\/\/www.qnde.ca\/fr\/product-category\/visuel\/videoscopes-fr\/"},{"@type":"ListItem","position":5,"name":"Olympus Vid\u00e9oscope avec Mesures IPLEX NX"}]},{"@type":"WebSite","@id":"https:\/\/www.qnde.ca\/#website","url":"https:\/\/www.qnde.ca\/","name":"Qualit\u00e9 NDE","description":"\u00c9quipements d&#039;essais non destructifs ","publisher":{"@id":"https:\/\/www.qnde.ca\/#organization"},"potentialAction":[{"@type":"SearchAction","target":{"@type":"EntryPoint","urlTemplate":"https:\/\/www.qnde.ca\/?s={search_term_string}"},"query-input":{"@type":"PropertyValueSpecification","valueRequired":true,"valueName":"search_term_string"}}],"inLanguage":"fr-FR"},{"@type":"Organization","@id":"https:\/\/www.qnde.ca\/#organization","name":"Quality NDT Ltd.","url":"https:\/\/www.qnde.ca\/","logo":{"@type":"ImageObject","inLanguage":"fr-FR","@id":"https:\/\/www.qnde.ca\/#\/schema\/logo\/image\/","url":"https:\/\/www.qnde.ca\/wp-content\/uploads\/2022\/02\/QNDE_logo_RGB-gif.gif","contentUrl":"https:\/\/www.qnde.ca\/wp-content\/uploads\/2022\/02\/QNDE_logo_RGB-gif.gif","width":250,"height":64,"caption":"Quality NDT Ltd."},"image":{"@id":"https:\/\/www.qnde.ca\/#\/schema\/logo\/image\/"},"sameAs":["https:\/\/www.linkedin.com\/company\/qnde\/about\/?viewAsMember=true"]}]}},"jetpack_sharing_enabled":true,"_links":{"self":[{"href":"https:\/\/www.qnde.ca\/fr\/wp-json\/wp\/v2\/product\/26586","targetHints":{"allow":["GET"]}}],"collection":[{"href":"https:\/\/www.qnde.ca\/fr\/wp-json\/wp\/v2\/product"}],"about":[{"href":"https:\/\/www.qnde.ca\/fr\/wp-json\/wp\/v2\/types\/product"}],"wp:featuredmedia":[{"embeddable":true,"href":"https:\/\/www.qnde.ca\/fr\/wp-json\/wp\/v2\/media\/26591"}],"wp:attachment":[{"href":"https:\/\/www.qnde.ca\/fr\/wp-json\/wp\/v2\/media?parent=26586"}],"wp:term":[{"taxonomy":"product_brand","embeddable":true,"href":"https:\/\/www.qnde.ca\/fr\/wp-json\/wp\/v2\/product_brand?post=26586"},{"taxonomy":"product_cat","embeddable":true,"href":"https:\/\/www.qnde.ca\/fr\/wp-json\/wp\/v2\/product_cat?post=26586"},{"taxonomy":"product_tag","embeddable":true,"href":"https:\/\/www.qnde.ca\/fr\/wp-json\/wp\/v2\/product_tag?post=26586"}],"curies":[{"name":"wp","href":"https:\/\/api.w.org\/{rel}","templated":true}]}}