{"id":26578,"date":"2022-04-20T15:47:26","date_gmt":"2022-04-20T19:47:26","guid":{"rendered":"https:\/\/www.qnde.ca\/?post_type=product&#038;p=26578"},"modified":"2025-12-03T11:56:40","modified_gmt":"2025-12-03T16:56:40","slug":"mesureur-epaisseur-olympus","status":"publish","type":"product","link":"https:\/\/www.qnde.ca\/fr\/produit\/mesureur-epaisseur-olympus\/","title":{"rendered":"Olympus Mesureur d&rsquo;\u00c9paisseur 38DL PLUS"},"content":{"rendered":"<h3><strong>Olympus\u00a0<\/strong><strong style=\"font-size: 16px;\">Mesureur d\u2019\u00c9paisseur <\/strong><strong style=\"font-size: 16px;\">38DL PLUS\u00a0<\/strong><\/h3>\n<p>Le 38DL PLUS est un mesureur d&rsquo;\u00e9paisseur \u00e0 ultrasons de pr\u00e9cision qui peut \u00eatre utilis\u00e9e avec des palpeurs \u00e0 double \u00e9l\u00e9ments et simple. L&rsquo;unit\u00e9 peut \u00eatre utilis\u00e9e pour des mesures de 0,003 \u00e0 25,000&Prime; (0,08 \u00e0 635 mm) avec une r\u00e9solution s\u00e9lectionnable (3 niveaux), \u00e0 travers la peinture Echo-to-Echo, \u00e0 travers le rev\u00eatement, compatibilit\u00e9 EMAT, mode MIN\/MAX, deux modes d&rsquo;alarme, mode diff\u00e9rentiel, B-scan (option), rappel automatique de l&rsquo;application, compensation de temp\u00e9rature, mode moyenne\/min. IP67, certifi\u00e9 MIL contre les chocs et les vibrations, s\u00e9curitaire en atmosph\u00e8res explosives (voir ci-joint pour plus de d\u00e9tails), il est con\u00e7u pour les conditions difficiles. Garantie de 2 ans.<\/p>\n<ul>\n<li>L\u2019ensemble standard inclut: Mesureur d&rsquo;\u00e9paisseur \u00e0 ultrasons num\u00e9rique 38DL Plus avec palpeur (selon l\u2019ensemble command\u00e9), c\u00e2ble, piles rechargeables, chargeur 100-120VAC, enregistreur de donn\u00e9es internes (10\u00a0000\u00a0lectures), logiciel d&rsquo;interface GageView, bloc \u00e9talon avec bouteille de couplant de 2\u00a0oz, c\u00e2ble USB, \u00e9tui protecteur en caoutchouc avec support pour l\u2019appareil et bandouli\u00e8re, manuel de l\u2019utilisateur&rsquo;utilisation et certificat de conformit\u00e9.<\/li>\n<\/ul>\n<p>&nbsp;<\/p>\n<p>Consultez la fiche technique et la vid\u00e9o pour plus d&rsquo;informations.<\/p>\n<p>Contactez-nous pour discuter de votre application, vos exigences, des options disponibles et\/ou recevoir une soumission.<\/p>\n","protected":false},"excerpt":{"rendered":"<p>Olympus\u00a0Mesureur d\u2019\u00c9paisseur 38DL PLUS\u00a0 Le 38DL PLUS est un mesureur d&rsquo;\u00e9paisseur \u00e0 ultrasons de pr\u00e9cision qui peut \u00eatre utilis\u00e9e avec des palpeurs \u00e0 double \u00e9l\u00e9ments et simple. L&rsquo;unit\u00e9 peut \u00eatre utilis\u00e9e pour des mesures de 0,003 \u00e0 25,000&Prime; (0,08 \u00e0 635 mm) avec une r\u00e9solution s\u00e9lectionnable (3 niveaux), \u00e0 travers la peinture Echo-to-Echo, \u00e0 travers [&hellip;]<\/p>\n","protected":false},"featured_media":26579,"template":"","meta":{"_monsterinsights_skip_tracking":false,"_monsterinsights_sitenote_active":false,"_monsterinsights_sitenote_note":"","_monsterinsights_sitenote_category":0},"product_brand":[],"product_cat":[389,126],"product_tag":[],"class_list":{"0":"post-26578","1":"product","2":"type-product","3":"status-publish","4":"has-post-thumbnail","6":"product_cat-olympus-evident-fr","7":"product_cat-mesureurs-epaisseur","9":"first","10":"instock","11":"shipping-taxable","12":"purchasable","13":"product-type-simple"},"yoast_head":"<!-- This site is optimized with the Yoast SEO plugin v23.9 - https:\/\/yoast.com\/wordpress\/plugins\/seo\/ -->\n<title>Olympus Mesureur d&#039;\u00c9paisseur 38DL PLUS &#060; Qualit\u00e9 NDE<\/title>\n<meta name=\"description\" content=\"Le 38DL PLUS d&#039;Olympus est un mesureur d&#039;\u00e9paisseur \u00e0 ultrasons de pr\u00e9cision qui peut \u00eatre utilis\u00e9 avec de palpeurs double ou simple \u00e9l\u00e9ments.\" \/>\n<meta name=\"robots\" content=\"index, follow, max-snippet:-1, max-image-preview:large, max-video-preview:-1\" \/>\n<link rel=\"canonical\" href=\"https:\/\/www.qnde.ca\/fr\/produit\/mesureur-epaisseur-olympus\/\" \/>\n<meta name=\"twitter:label1\" content=\"Dur\u00e9e de lecture estim\u00e9e\" \/>\n\t<meta name=\"twitter:data1\" content=\"2 minutes\" \/>\n<script type=\"application\/ld+json\" class=\"yoast-schema-graph\">{\"@context\":\"https:\/\/schema.org\",\"@graph\":[{\"@type\":[\"WebPage\",\"ItemPage\"],\"@id\":\"https:\/\/www.qnde.ca\/fr\/produit\/mesureur-epaisseur-olympus\/\",\"url\":\"https:\/\/www.qnde.ca\/fr\/produit\/mesureur-epaisseur-olympus\/\",\"name\":\"Olympus Mesureur d'\u00c9paisseur 38DL PLUS &#060; Qualit\u00e9 NDE\",\"isPartOf\":{\"@id\":\"https:\/\/www.qnde.ca\/#website\"},\"primaryImageOfPage\":{\"@id\":\"https:\/\/www.qnde.ca\/fr\/produit\/mesureur-epaisseur-olympus\/#primaryimage\"},\"image\":{\"@id\":\"https:\/\/www.qnde.ca\/fr\/produit\/mesureur-epaisseur-olympus\/#primaryimage\"},\"thumbnailUrl\":\"https:\/\/www.qnde.ca\/wp-content\/uploads\/2022\/04\/Olympus-38DL-PLUS-Thickness-Gauge.jpg\",\"datePublished\":\"2022-04-20T19:47:26+00:00\",\"dateModified\":\"2025-12-03T16:56:40+00:00\",\"description\":\"Le 38DL PLUS d'Olympus est un mesureur d'\u00e9paisseur \u00e0 ultrasons de pr\u00e9cision qui peut \u00eatre utilis\u00e9 avec de palpeurs double ou simple \u00e9l\u00e9ments.\",\"breadcrumb\":{\"@id\":\"https:\/\/www.qnde.ca\/fr\/produit\/mesureur-epaisseur-olympus\/#breadcrumb\"},\"inLanguage\":\"fr-FR\",\"potentialAction\":[{\"@type\":\"ReadAction\",\"target\":[\"https:\/\/www.qnde.ca\/fr\/produit\/mesureur-epaisseur-olympus\/\"]}]},{\"@type\":\"ImageObject\",\"inLanguage\":\"fr-FR\",\"@id\":\"https:\/\/www.qnde.ca\/fr\/produit\/mesureur-epaisseur-olympus\/#primaryimage\",\"url\":\"https:\/\/www.qnde.ca\/wp-content\/uploads\/2022\/04\/Olympus-38DL-PLUS-Thickness-Gauge.jpg\",\"contentUrl\":\"https:\/\/www.qnde.ca\/wp-content\/uploads\/2022\/04\/Olympus-38DL-PLUS-Thickness-Gauge.jpg\",\"width\":500,\"height\":493,\"caption\":\"Jauge d'\u00e9paisseur Delfesko pr\u00e9sent\u00e9e sur un fond neutre, mettant en valeur son design et ses caract\u00e9ristiques pour les besoins d'inspection.\"},{\"@type\":\"BreadcrumbList\",\"@id\":\"https:\/\/www.qnde.ca\/fr\/produit\/mesureur-epaisseur-olympus\/#breadcrumb\",\"itemListElement\":[{\"@type\":\"ListItem\",\"position\":1,\"name\":\"Accueil\",\"item\":\"https:\/\/www.qnde.ca\/fr\/\"},{\"@type\":\"ListItem\",\"position\":2,\"name\":\"Produits\",\"item\":\"https:\/\/www.qnde.ca\/fr\/produits\/\"},{\"@type\":\"ListItem\",\"position\":3,\"name\":\"Ultrasons\",\"item\":\"https:\/\/www.qnde.ca\/fr\/product-category\/ultrasons\/\"},{\"@type\":\"ListItem\",\"position\":4,\"name\":\"Mesureurs d\u2019\u00c9paisseur\",\"item\":\"https:\/\/www.qnde.ca\/fr\/product-category\/ultrasons\/mesureurs-epaisseur\/\"},{\"@type\":\"ListItem\",\"position\":5,\"name\":\"Olympus Mesureur d&#8217;\u00c9paisseur 38DL PLUS\"}]},{\"@type\":\"WebSite\",\"@id\":\"https:\/\/www.qnde.ca\/#website\",\"url\":\"https:\/\/www.qnde.ca\/\",\"name\":\"Qualit\u00e9 NDE\",\"description\":\"\u00c9quipements d&#039;essais non destructifs \",\"publisher\":{\"@id\":\"https:\/\/www.qnde.ca\/#organization\"},\"potentialAction\":[{\"@type\":\"SearchAction\",\"target\":{\"@type\":\"EntryPoint\",\"urlTemplate\":\"https:\/\/www.qnde.ca\/?s={search_term_string}\"},\"query-input\":{\"@type\":\"PropertyValueSpecification\",\"valueRequired\":true,\"valueName\":\"search_term_string\"}}],\"inLanguage\":\"fr-FR\"},{\"@type\":\"Organization\",\"@id\":\"https:\/\/www.qnde.ca\/#organization\",\"name\":\"Quality NDT Ltd.\",\"url\":\"https:\/\/www.qnde.ca\/\",\"logo\":{\"@type\":\"ImageObject\",\"inLanguage\":\"fr-FR\",\"@id\":\"https:\/\/www.qnde.ca\/#\/schema\/logo\/image\/\",\"url\":\"https:\/\/www.qnde.ca\/wp-content\/uploads\/2022\/02\/QNDE_logo_RGB-gif.gif\",\"contentUrl\":\"https:\/\/www.qnde.ca\/wp-content\/uploads\/2022\/02\/QNDE_logo_RGB-gif.gif\",\"width\":250,\"height\":64,\"caption\":\"Quality NDT Ltd.\"},\"image\":{\"@id\":\"https:\/\/www.qnde.ca\/#\/schema\/logo\/image\/\"},\"sameAs\":[\"https:\/\/www.linkedin.com\/company\/qnde\/about\/?viewAsMember=true\"]}]}<\/script>\n<!-- \/ Yoast SEO plugin. -->","yoast_head_json":{"title":"Olympus Mesureur d'\u00c9paisseur 38DL PLUS &#060; Qualit\u00e9 NDE","description":"Le 38DL PLUS d'Olympus est un mesureur d'\u00e9paisseur \u00e0 ultrasons de pr\u00e9cision qui peut \u00eatre utilis\u00e9 avec de palpeurs double ou simple \u00e9l\u00e9ments.","robots":{"index":"index","follow":"follow","max-snippet":"max-snippet:-1","max-image-preview":"max-image-preview:large","max-video-preview":"max-video-preview:-1"},"canonical":"https:\/\/www.qnde.ca\/fr\/produit\/mesureur-epaisseur-olympus\/","twitter_misc":{"Dur\u00e9e de lecture estim\u00e9e":"2 minutes"},"schema":{"@context":"https:\/\/schema.org","@graph":[{"@type":["WebPage","ItemPage"],"@id":"https:\/\/www.qnde.ca\/fr\/produit\/mesureur-epaisseur-olympus\/","url":"https:\/\/www.qnde.ca\/fr\/produit\/mesureur-epaisseur-olympus\/","name":"Olympus Mesureur d'\u00c9paisseur 38DL PLUS &#060; Qualit\u00e9 NDE","isPartOf":{"@id":"https:\/\/www.qnde.ca\/#website"},"primaryImageOfPage":{"@id":"https:\/\/www.qnde.ca\/fr\/produit\/mesureur-epaisseur-olympus\/#primaryimage"},"image":{"@id":"https:\/\/www.qnde.ca\/fr\/produit\/mesureur-epaisseur-olympus\/#primaryimage"},"thumbnailUrl":"https:\/\/www.qnde.ca\/wp-content\/uploads\/2022\/04\/Olympus-38DL-PLUS-Thickness-Gauge.jpg","datePublished":"2022-04-20T19:47:26+00:00","dateModified":"2025-12-03T16:56:40+00:00","description":"Le 38DL PLUS d'Olympus est un mesureur d'\u00e9paisseur \u00e0 ultrasons de pr\u00e9cision qui peut \u00eatre utilis\u00e9 avec de palpeurs double ou simple \u00e9l\u00e9ments.","breadcrumb":{"@id":"https:\/\/www.qnde.ca\/fr\/produit\/mesureur-epaisseur-olympus\/#breadcrumb"},"inLanguage":"fr-FR","potentialAction":[{"@type":"ReadAction","target":["https:\/\/www.qnde.ca\/fr\/produit\/mesureur-epaisseur-olympus\/"]}]},{"@type":"ImageObject","inLanguage":"fr-FR","@id":"https:\/\/www.qnde.ca\/fr\/produit\/mesureur-epaisseur-olympus\/#primaryimage","url":"https:\/\/www.qnde.ca\/wp-content\/uploads\/2022\/04\/Olympus-38DL-PLUS-Thickness-Gauge.jpg","contentUrl":"https:\/\/www.qnde.ca\/wp-content\/uploads\/2022\/04\/Olympus-38DL-PLUS-Thickness-Gauge.jpg","width":500,"height":493,"caption":"Jauge d'\u00e9paisseur Delfesko pr\u00e9sent\u00e9e sur un fond neutre, mettant en valeur son design et ses caract\u00e9ristiques pour les besoins d'inspection."},{"@type":"BreadcrumbList","@id":"https:\/\/www.qnde.ca\/fr\/produit\/mesureur-epaisseur-olympus\/#breadcrumb","itemListElement":[{"@type":"ListItem","position":1,"name":"Accueil","item":"https:\/\/www.qnde.ca\/fr\/"},{"@type":"ListItem","position":2,"name":"Produits","item":"https:\/\/www.qnde.ca\/fr\/produits\/"},{"@type":"ListItem","position":3,"name":"Ultrasons","item":"https:\/\/www.qnde.ca\/fr\/product-category\/ultrasons\/"},{"@type":"ListItem","position":4,"name":"Mesureurs d\u2019\u00c9paisseur","item":"https:\/\/www.qnde.ca\/fr\/product-category\/ultrasons\/mesureurs-epaisseur\/"},{"@type":"ListItem","position":5,"name":"Olympus Mesureur d&#8217;\u00c9paisseur 38DL PLUS"}]},{"@type":"WebSite","@id":"https:\/\/www.qnde.ca\/#website","url":"https:\/\/www.qnde.ca\/","name":"Qualit\u00e9 NDE","description":"\u00c9quipements d&#039;essais non destructifs ","publisher":{"@id":"https:\/\/www.qnde.ca\/#organization"},"potentialAction":[{"@type":"SearchAction","target":{"@type":"EntryPoint","urlTemplate":"https:\/\/www.qnde.ca\/?s={search_term_string}"},"query-input":{"@type":"PropertyValueSpecification","valueRequired":true,"valueName":"search_term_string"}}],"inLanguage":"fr-FR"},{"@type":"Organization","@id":"https:\/\/www.qnde.ca\/#organization","name":"Quality NDT Ltd.","url":"https:\/\/www.qnde.ca\/","logo":{"@type":"ImageObject","inLanguage":"fr-FR","@id":"https:\/\/www.qnde.ca\/#\/schema\/logo\/image\/","url":"https:\/\/www.qnde.ca\/wp-content\/uploads\/2022\/02\/QNDE_logo_RGB-gif.gif","contentUrl":"https:\/\/www.qnde.ca\/wp-content\/uploads\/2022\/02\/QNDE_logo_RGB-gif.gif","width":250,"height":64,"caption":"Quality NDT Ltd."},"image":{"@id":"https:\/\/www.qnde.ca\/#\/schema\/logo\/image\/"},"sameAs":["https:\/\/www.linkedin.com\/company\/qnde\/about\/?viewAsMember=true"]}]}},"jetpack_sharing_enabled":true,"_links":{"self":[{"href":"https:\/\/www.qnde.ca\/fr\/wp-json\/wp\/v2\/product\/26578","targetHints":{"allow":["GET"]}}],"collection":[{"href":"https:\/\/www.qnde.ca\/fr\/wp-json\/wp\/v2\/product"}],"about":[{"href":"https:\/\/www.qnde.ca\/fr\/wp-json\/wp\/v2\/types\/product"}],"wp:featuredmedia":[{"embeddable":true,"href":"https:\/\/www.qnde.ca\/fr\/wp-json\/wp\/v2\/media\/26579"}],"wp:attachment":[{"href":"https:\/\/www.qnde.ca\/fr\/wp-json\/wp\/v2\/media?parent=26578"}],"wp:term":[{"taxonomy":"product_brand","embeddable":true,"href":"https:\/\/www.qnde.ca\/fr\/wp-json\/wp\/v2\/product_brand?post=26578"},{"taxonomy":"product_cat","embeddable":true,"href":"https:\/\/www.qnde.ca\/fr\/wp-json\/wp\/v2\/product_cat?post=26578"},{"taxonomy":"product_tag","embeddable":true,"href":"https:\/\/www.qnde.ca\/fr\/wp-json\/wp\/v2\/product_tag?post=26578"}],"curies":[{"name":"wp","href":"https:\/\/api.w.org\/{rel}","templated":true}]}}