{"id":26567,"date":"2022-04-20T14:56:58","date_gmt":"2022-04-20T18:56:58","guid":{"rendered":"https:\/\/www.qnde.ca\/?post_type=product&#038;p=26567"},"modified":"2025-08-11T10:33:15","modified_gmt":"2025-08-11T14:33:15","slug":"detecteur-defauts-nortec","status":"publish","type":"product","link":"https:\/\/www.qnde.ca\/fr\/produit\/detecteur-defauts-nortec\/","title":{"rendered":"Olympus D\u00e9tecteur de D\u00e9fauts par Courants de Foucault NORTEC 600"},"content":{"rendered":"<h3><strong>Olympus D\u00e9tecteur de D\u00e9fauts par Courants de Foucault NORTEC 600<\/strong><\/h3>\n<p>Le NORTEC 600 int\u00e8gre les derni\u00e8res avanc\u00e9es en mati\u00e8re de d\u00e9tection de d\u00e9fauts par courants de Foucault dans une unit\u00e9 compacte et durable. Avec son \u00e9cran lumineux de couleur VGA de 5,7 pouces et son v\u00e9ritable mode plein \u00e9cran, le NORTEC 600 affiche les signaux s\u00e9lectionnables de courant de Foucault avec un contraste \u00e9lev\u00e9.<\/p>\n<p>Disponible en quatre mod\u00e8les polyvalents (N600 de base, N600C conductivit\u00e9, N600S scanner, N600D \u00a0double fr\u00e9quence); chaque mod\u00e8le est couvert d\u2019une garantie de 1 an.<\/p>\n<ul>\n<li>L\u2019ensemble standard inclus: D\u00e9tecteur de d\u00e9fauts \u00e0 courants de Foucault NORTEC 600, IP65, certifi\u00e9 contre les chocs, protecteur de moniteur antireflet; logiciel d&rsquo;inspection et d&rsquo;analyse PAUT, TOFD et TFM et plus (voir ci-joint pour plus de d\u00e9tails), sortie vid\u00e9o pour la formation et bien plus encore; batterie lithium-ion; chargeur 100-120VAC et adaptateur d&rsquo;alimentation DC; cl\u00e9 USB avec manuels d&rsquo;utilisation; certificat de conformit\u00e9 et certificat d&rsquo;\u00e9talonnage, \u00e9tui de transport souple avec bandouli\u00e8re.<\/li>\n<\/ul>\n<p>&nbsp;<\/p>\n<p>Consultez la fiche technique et la vid\u00e9o pour plus d&rsquo;informations.<\/p>\n<p>Contactez-nous pour discuter de votre application, vos exigences, des options disponibles et\/ou recevoir une soumission.<\/p>\n","protected":false},"excerpt":{"rendered":"<p>Olympus D\u00e9tecteur de D\u00e9fauts par Courants de Foucault NORTEC 600 Le NORTEC 600 int\u00e8gre les derni\u00e8res avanc\u00e9es en mati\u00e8re de d\u00e9tection de d\u00e9fauts par courants de Foucault dans une unit\u00e9 compacte et durable. Avec son \u00e9cran lumineux de couleur VGA de 5,7 pouces et son v\u00e9ritable mode plein \u00e9cran, le NORTEC 600 affiche les signaux [&hellip;]<\/p>\n","protected":false},"featured_media":26568,"template":"","meta":{"_monsterinsights_skip_tracking":false,"_monsterinsights_sitenote_active":false,"_monsterinsights_sitenote_note":"","_monsterinsights_sitenote_category":0},"product_brand":[],"product_cat":[389,135,136],"product_tag":[],"class_list":{"0":"post-26567","1":"product","2":"type-product","3":"status-publish","4":"has-post-thumbnail","6":"product_cat-olympus-evident-fr","7":"product_cat-courants-foucault","8":"product_cat-equipements-courants-foucault","10":"first","11":"instock","12":"shipping-taxable","13":"purchasable","14":"product-type-variable"},"yoast_head":"<!-- This site is optimized with the Yoast SEO plugin v23.9 - https:\/\/yoast.com\/wordpress\/plugins\/seo\/ -->\n<title>Olympus D\u00e9tecteur de D\u00e9fauts par Courants de Foucault NORTEC 600 &#060; Qualit\u00e9 NDE<\/title>\n<meta name=\"description\" content=\"D\u00e9tecteur de d\u00e9fauts par courant de foucault NORTEC 600 d&#039;Olympus. \u00c9cran lumineux qui affiche les signaux s\u00e9lectionnables avec contrast elev\u00e9e.\" \/>\n<meta name=\"robots\" content=\"index, follow, max-snippet:-1, max-image-preview:large, max-video-preview:-1\" \/>\n<link rel=\"canonical\" href=\"https:\/\/www.qnde.ca\/fr\/produit\/detecteur-defauts-nortec\/\" \/>\n<meta name=\"twitter:label1\" content=\"Dur\u00e9e de lecture estim\u00e9e\" \/>\n\t<meta name=\"twitter:data1\" content=\"2 minutes\" \/>\n<script type=\"application\/ld+json\" class=\"yoast-schema-graph\">{\"@context\":\"https:\/\/schema.org\",\"@graph\":[{\"@type\":[\"WebPage\",\"ItemPage\"],\"@id\":\"https:\/\/www.qnde.ca\/fr\/produit\/detecteur-defauts-nortec\/\",\"url\":\"https:\/\/www.qnde.ca\/fr\/produit\/detecteur-defauts-nortec\/\",\"name\":\"Olympus D\u00e9tecteur de D\u00e9fauts par Courants de Foucault NORTEC 600 &#060; Qualit\u00e9 NDE\",\"isPartOf\":{\"@id\":\"https:\/\/www.qnde.ca\/#website\"},\"primaryImageOfPage\":{\"@id\":\"https:\/\/www.qnde.ca\/fr\/produit\/detecteur-defauts-nortec\/#primaryimage\"},\"image\":{\"@id\":\"https:\/\/www.qnde.ca\/fr\/produit\/detecteur-defauts-nortec\/#primaryimage\"},\"thumbnailUrl\":\"https:\/\/www.qnde.ca\/wp-content\/uploads\/2022\/04\/Olympus-Nortec-600-Eddy-Current-Flaw-Detector.jpg\",\"datePublished\":\"2022-04-20T18:56:58+00:00\",\"dateModified\":\"2025-08-11T14:33:15+00:00\",\"description\":\"D\u00e9tecteur de d\u00e9fauts par courant de foucault NORTEC 600 d'Olympus. \u00c9cran lumineux qui affiche les signaux s\u00e9lectionnables avec contrast elev\u00e9e.\",\"breadcrumb\":{\"@id\":\"https:\/\/www.qnde.ca\/fr\/produit\/detecteur-defauts-nortec\/#breadcrumb\"},\"inLanguage\":\"fr-FR\",\"potentialAction\":[{\"@type\":\"ReadAction\",\"target\":[\"https:\/\/www.qnde.ca\/fr\/produit\/detecteur-defauts-nortec\/\"]}]},{\"@type\":\"ImageObject\",\"inLanguage\":\"fr-FR\",\"@id\":\"https:\/\/www.qnde.ca\/fr\/produit\/detecteur-defauts-nortec\/#primaryimage\",\"url\":\"https:\/\/www.qnde.ca\/wp-content\/uploads\/2022\/04\/Olympus-Nortec-600-Eddy-Current-Flaw-Detector.jpg\",\"contentUrl\":\"https:\/\/www.qnde.ca\/wp-content\/uploads\/2022\/04\/Olympus-Nortec-600-Eddy-Current-Flaw-Detector.jpg\",\"width\":428,\"height\":275},{\"@type\":\"BreadcrumbList\",\"@id\":\"https:\/\/www.qnde.ca\/fr\/produit\/detecteur-defauts-nortec\/#breadcrumb\",\"itemListElement\":[{\"@type\":\"ListItem\",\"position\":1,\"name\":\"Accueil\",\"item\":\"https:\/\/www.qnde.ca\/fr\/\"},{\"@type\":\"ListItem\",\"position\":2,\"name\":\"Produits\",\"item\":\"https:\/\/www.qnde.ca\/fr\/produits\/\"},{\"@type\":\"ListItem\",\"position\":3,\"name\":\"Courants de Foucault\",\"item\":\"https:\/\/www.qnde.ca\/fr\/product-category\/courants-foucault\/\"},{\"@type\":\"ListItem\",\"position\":4,\"name\":\"\u00c9quipements\",\"item\":\"https:\/\/www.qnde.ca\/fr\/product-category\/courants-foucault\/equipements-courants-foucault\/\"},{\"@type\":\"ListItem\",\"position\":5,\"name\":\"Olympus D\u00e9tecteur de D\u00e9fauts par Courants de Foucault NORTEC 600\"}]},{\"@type\":\"WebSite\",\"@id\":\"https:\/\/www.qnde.ca\/#website\",\"url\":\"https:\/\/www.qnde.ca\/\",\"name\":\"Qualit\u00e9 NDE\",\"description\":\"\u00c9quipements d&#039;essais non destructifs \",\"publisher\":{\"@id\":\"https:\/\/www.qnde.ca\/#organization\"},\"potentialAction\":[{\"@type\":\"SearchAction\",\"target\":{\"@type\":\"EntryPoint\",\"urlTemplate\":\"https:\/\/www.qnde.ca\/?s={search_term_string}\"},\"query-input\":{\"@type\":\"PropertyValueSpecification\",\"valueRequired\":true,\"valueName\":\"search_term_string\"}}],\"inLanguage\":\"fr-FR\"},{\"@type\":\"Organization\",\"@id\":\"https:\/\/www.qnde.ca\/#organization\",\"name\":\"Quality NDT Ltd.\",\"url\":\"https:\/\/www.qnde.ca\/\",\"logo\":{\"@type\":\"ImageObject\",\"inLanguage\":\"fr-FR\",\"@id\":\"https:\/\/www.qnde.ca\/#\/schema\/logo\/image\/\",\"url\":\"https:\/\/www.qnde.ca\/wp-content\/uploads\/2022\/02\/QNDE_logo_RGB-gif.gif\",\"contentUrl\":\"https:\/\/www.qnde.ca\/wp-content\/uploads\/2022\/02\/QNDE_logo_RGB-gif.gif\",\"width\":250,\"height\":64,\"caption\":\"Quality NDT Ltd.\"},\"image\":{\"@id\":\"https:\/\/www.qnde.ca\/#\/schema\/logo\/image\/\"},\"sameAs\":[\"https:\/\/www.linkedin.com\/company\/qnde\/about\/?viewAsMember=true\"]}]}<\/script>\n<!-- \/ Yoast SEO plugin. -->","yoast_head_json":{"title":"Olympus D\u00e9tecteur de D\u00e9fauts par Courants de Foucault NORTEC 600 &#060; Qualit\u00e9 NDE","description":"D\u00e9tecteur de d\u00e9fauts par courant de foucault NORTEC 600 d'Olympus. \u00c9cran lumineux qui affiche les signaux s\u00e9lectionnables avec contrast elev\u00e9e.","robots":{"index":"index","follow":"follow","max-snippet":"max-snippet:-1","max-image-preview":"max-image-preview:large","max-video-preview":"max-video-preview:-1"},"canonical":"https:\/\/www.qnde.ca\/fr\/produit\/detecteur-defauts-nortec\/","twitter_misc":{"Dur\u00e9e de lecture estim\u00e9e":"2 minutes"},"schema":{"@context":"https:\/\/schema.org","@graph":[{"@type":["WebPage","ItemPage"],"@id":"https:\/\/www.qnde.ca\/fr\/produit\/detecteur-defauts-nortec\/","url":"https:\/\/www.qnde.ca\/fr\/produit\/detecteur-defauts-nortec\/","name":"Olympus D\u00e9tecteur de D\u00e9fauts par Courants de Foucault NORTEC 600 &#060; Qualit\u00e9 NDE","isPartOf":{"@id":"https:\/\/www.qnde.ca\/#website"},"primaryImageOfPage":{"@id":"https:\/\/www.qnde.ca\/fr\/produit\/detecteur-defauts-nortec\/#primaryimage"},"image":{"@id":"https:\/\/www.qnde.ca\/fr\/produit\/detecteur-defauts-nortec\/#primaryimage"},"thumbnailUrl":"https:\/\/www.qnde.ca\/wp-content\/uploads\/2022\/04\/Olympus-Nortec-600-Eddy-Current-Flaw-Detector.jpg","datePublished":"2022-04-20T18:56:58+00:00","dateModified":"2025-08-11T14:33:15+00:00","description":"D\u00e9tecteur de d\u00e9fauts par courant de foucault NORTEC 600 d'Olympus. \u00c9cran lumineux qui affiche les signaux s\u00e9lectionnables avec contrast elev\u00e9e.","breadcrumb":{"@id":"https:\/\/www.qnde.ca\/fr\/produit\/detecteur-defauts-nortec\/#breadcrumb"},"inLanguage":"fr-FR","potentialAction":[{"@type":"ReadAction","target":["https:\/\/www.qnde.ca\/fr\/produit\/detecteur-defauts-nortec\/"]}]},{"@type":"ImageObject","inLanguage":"fr-FR","@id":"https:\/\/www.qnde.ca\/fr\/produit\/detecteur-defauts-nortec\/#primaryimage","url":"https:\/\/www.qnde.ca\/wp-content\/uploads\/2022\/04\/Olympus-Nortec-600-Eddy-Current-Flaw-Detector.jpg","contentUrl":"https:\/\/www.qnde.ca\/wp-content\/uploads\/2022\/04\/Olympus-Nortec-600-Eddy-Current-Flaw-Detector.jpg","width":428,"height":275},{"@type":"BreadcrumbList","@id":"https:\/\/www.qnde.ca\/fr\/produit\/detecteur-defauts-nortec\/#breadcrumb","itemListElement":[{"@type":"ListItem","position":1,"name":"Accueil","item":"https:\/\/www.qnde.ca\/fr\/"},{"@type":"ListItem","position":2,"name":"Produits","item":"https:\/\/www.qnde.ca\/fr\/produits\/"},{"@type":"ListItem","position":3,"name":"Courants de Foucault","item":"https:\/\/www.qnde.ca\/fr\/product-category\/courants-foucault\/"},{"@type":"ListItem","position":4,"name":"\u00c9quipements","item":"https:\/\/www.qnde.ca\/fr\/product-category\/courants-foucault\/equipements-courants-foucault\/"},{"@type":"ListItem","position":5,"name":"Olympus D\u00e9tecteur de D\u00e9fauts par Courants de Foucault NORTEC 600"}]},{"@type":"WebSite","@id":"https:\/\/www.qnde.ca\/#website","url":"https:\/\/www.qnde.ca\/","name":"Qualit\u00e9 NDE","description":"\u00c9quipements d&#039;essais non destructifs ","publisher":{"@id":"https:\/\/www.qnde.ca\/#organization"},"potentialAction":[{"@type":"SearchAction","target":{"@type":"EntryPoint","urlTemplate":"https:\/\/www.qnde.ca\/?s={search_term_string}"},"query-input":{"@type":"PropertyValueSpecification","valueRequired":true,"valueName":"search_term_string"}}],"inLanguage":"fr-FR"},{"@type":"Organization","@id":"https:\/\/www.qnde.ca\/#organization","name":"Quality NDT Ltd.","url":"https:\/\/www.qnde.ca\/","logo":{"@type":"ImageObject","inLanguage":"fr-FR","@id":"https:\/\/www.qnde.ca\/#\/schema\/logo\/image\/","url":"https:\/\/www.qnde.ca\/wp-content\/uploads\/2022\/02\/QNDE_logo_RGB-gif.gif","contentUrl":"https:\/\/www.qnde.ca\/wp-content\/uploads\/2022\/02\/QNDE_logo_RGB-gif.gif","width":250,"height":64,"caption":"Quality NDT Ltd."},"image":{"@id":"https:\/\/www.qnde.ca\/#\/schema\/logo\/image\/"},"sameAs":["https:\/\/www.linkedin.com\/company\/qnde\/about\/?viewAsMember=true"]}]}},"jetpack_sharing_enabled":true,"_links":{"self":[{"href":"https:\/\/www.qnde.ca\/fr\/wp-json\/wp\/v2\/product\/26567","targetHints":{"allow":["GET"]}}],"collection":[{"href":"https:\/\/www.qnde.ca\/fr\/wp-json\/wp\/v2\/product"}],"about":[{"href":"https:\/\/www.qnde.ca\/fr\/wp-json\/wp\/v2\/types\/product"}],"wp:featuredmedia":[{"embeddable":true,"href":"https:\/\/www.qnde.ca\/fr\/wp-json\/wp\/v2\/media\/26568"}],"wp:attachment":[{"href":"https:\/\/www.qnde.ca\/fr\/wp-json\/wp\/v2\/media?parent=26567"}],"wp:term":[{"taxonomy":"product_brand","embeddable":true,"href":"https:\/\/www.qnde.ca\/fr\/wp-json\/wp\/v2\/product_brand?post=26567"},{"taxonomy":"product_cat","embeddable":true,"href":"https:\/\/www.qnde.ca\/fr\/wp-json\/wp\/v2\/product_cat?post=26567"},{"taxonomy":"product_tag","embeddable":true,"href":"https:\/\/www.qnde.ca\/fr\/wp-json\/wp\/v2\/product_tag?post=26567"}],"curies":[{"name":"wp","href":"https:\/\/api.w.org\/{rel}","templated":true}]}}