{"id":26551,"date":"2022-04-19T15:33:26","date_gmt":"2022-04-19T19:33:26","guid":{"rendered":"https:\/\/www.qnde.ca\/?post_type=product&#038;p=26551"},"modified":"2025-06-04T13:19:30","modified_gmt":"2025-06-04T17:19:30","slug":"palpeurs-a-face-protegee-olympus","status":"publish","type":"product","link":"https:\/\/www.qnde.ca\/fr\/produit\/palpeurs-a-face-protegee-olympus\/","title":{"rendered":"Olympus Palpeurs \u00e0 Face Prot\u00e9g\u00e9e"},"content":{"rendered":"<h3><strong>Olympus Palpeurs \u00e0 Face Prot\u00e9g\u00e9e<\/strong><\/h3>\n<p>Ces polyvalents palpeurs de contact \u00e0 un \u00e9l\u00e9ment, \u00e0 onde longitudinale, \u00a0peuvent \u00eatre utilis\u00e9s avec un d\u00e9lai, une membrane protectrice ou un capuchon de protection d\u2019usure. Lorsque le palpeur est utilis\u00e9 seul, la face d&rsquo;usure en \u00e9poxy offre une bonne couche d\u2019adaptation acoustique aux plastiques, de nombreux plastiques et autres mat\u00e9riaux \u00e0 faible imp\u00e9dance. Ces palpeurs sont utilis\u00e9s pour la d\u00e9tection de d\u00e9fauts avec un faisceau droit, la mesure d&rsquo;\u00e9paisseur, l\u2019inspection \u00e0 haute temp\u00e9rature, et l&rsquo;inspection de plaques, billettes, barres et de pi\u00e8ces forg\u00e9es.<\/p>\n<p>&nbsp;<\/p>\n<p>Palpeurs \u00e0 Face Prot\u00e9g\u00e9e Standard<\/p>\n\n<table id=\"tablepress-62\" class=\"tablepress tablepress-id-62\">\n<thead>\n<tr class=\"row-1\">\n\t<th class=\"column-1\">Taille Nominale de l'\u00c9l\u00e9ment<\/th><th class=\"column-2\">0.5 MHz<\/th><th class=\"column-3\">1 MHz<\/th><th class=\"column-4\">2.25 MHz<\/th><th class=\"column-5\">3.5 MHz<\/th><th class=\"column-6\">5 MHz<\/th><th class=\"column-7\">10 MHz<\/th>\n<\/tr>\n<\/thead>\n<tbody class=\"row-striping row-hover\">\n<tr class=\"row-2\">\n\t<td class=\"column-1\">0.5\" (13mm)<\/td><td class=\"column-2\">-<\/td><td class=\"column-3\">A603S-RB<\/td><td class=\"column-4\">A606S-RB<\/td><td class=\"column-5\">A682S-RB<\/td><td class=\"column-6\">A609S-RB<\/td><td class=\"column-7\">A611S-RB<\/td>\n<\/tr>\n<tr class=\"row-3\">\n\t<td class=\"column-1\">0.75\" (19mm)<\/td><td class=\"column-2\">-<\/td><td class=\"column-3\">-<\/td><td class=\"column-4\">A605S-RB<\/td><td class=\"column-5\">A681S-RB<\/td><td class=\"column-6\">A608S-RB<\/td><td class=\"column-7\">-<\/td>\n<\/tr>\n<tr class=\"row-4\">\n\t<td class=\"column-1\">1\" (25mm)<\/td><td class=\"column-2\">A601S-RB<\/td><td class=\"column-3\">A602S-RB<\/td><td class=\"column-4\">A604S-RB<\/td><td class=\"column-5\">A680S-RB<\/td><td class=\"column-6\">A607S-RB<\/td><td class=\"column-7\">-<\/td>\n<\/tr>\n<tr class=\"row-5\">\n\t<td class=\"column-1\">1.5\" (39mm)<\/td><td class=\"column-2\">A689S-RB<\/td><td class=\"column-3\">-<\/td><td class=\"column-4\">-<\/td><td class=\"column-5\">-<\/td><td class=\"column-6\">-<\/td><td class=\"column-7\">-<\/td>\n<\/tr>\n<\/tbody>\n<\/table>\n<!-- #tablepress-62 from cache -->\n<p>&nbsp;<\/p>\n<p>Membranes et Capuchons de Protection<\/p>\n\n<table id=\"tablepress-64\" class=\"tablepress tablepress-id-64\">\n<thead>\n<tr class=\"row-1\">\n\t<th class=\"column-1\">Taille<\/th><th class=\"column-2\">12 Pack Membrane<\/th><th class=\"column-3\">Membrane Retaining Ring<\/th><th class=\"column-4\">Wear Cap<\/th>\n<\/tr>\n<\/thead>\n<tbody class=\"row-striping row-hover\">\n<tr class=\"row-2\">\n\t<td class=\"column-1\">0.5\" (13mm)<\/td><td class=\"column-2\">PM-5-12<\/td><td class=\"column-3\">MRN-5<\/td><td class=\"column-4\">NWC-5<\/td>\n<\/tr>\n<tr class=\"row-3\">\n\t<td class=\"column-1\">0.75\" (19mm)<\/td><td class=\"column-2\">PM-4-12<\/td><td class=\"column-3\">MRN-4<\/td><td class=\"column-4\">NWC-4<\/td>\n<\/tr>\n<tr class=\"row-4\">\n\t<td class=\"column-1\">1\" (25mm)<\/td><td class=\"column-2\">PM-3-12<\/td><td class=\"column-3\">MRN-3<\/td><td class=\"column-4\">NWC-3<\/td>\n<\/tr>\n<tr class=\"row-5\">\n\t<td class=\"column-1\">1.125\" (29mm)<\/td><td class=\"column-2\">PM-2-12<\/td><td class=\"column-3\">MRN-2<\/td><td class=\"column-4\">NWC-2<\/td>\n<\/tr>\n<tr class=\"row-6\">\n\t<td class=\"column-1\">1.5\" (39mm)<\/td><td class=\"column-2\">PM-1-12<\/td><td class=\"column-3\">MRN-1<\/td><td class=\"column-4\">NWC-1<\/td>\n<\/tr>\n<\/tbody>\n<\/table>\n<!-- #tablepress-64 from cache -->\n<p>Consultez le catalogue pour plus d&rsquo;informations.<\/p>\n<p>Contactez-nous pour discuter de votre application, vos exigences, des options disponibles et\/ou recevoir une soumission.<\/p>\n","protected":false},"excerpt":{"rendered":"<p>Olympus Palpeurs \u00e0 Face Prot\u00e9g\u00e9e Ces polyvalents palpeurs de contact \u00e0 un \u00e9l\u00e9ment, \u00e0 onde longitudinale, \u00a0peuvent \u00eatre utilis\u00e9s avec un d\u00e9lai, une membrane protectrice ou un capuchon de protection d\u2019usure. Lorsque le palpeur est utilis\u00e9 seul, la face d&rsquo;usure en \u00e9poxy offre une bonne couche d\u2019adaptation acoustique aux plastiques, de nombreux plastiques et autres [&hellip;]<\/p>\n","protected":false},"featured_media":26563,"template":"","meta":{"_monsterinsights_skip_tracking":false,"_monsterinsights_sitenote_active":false,"_monsterinsights_sitenote_note":"","_monsterinsights_sitenote_category":0},"product_brand":[],"product_cat":[389,330],"product_tag":[],"class_list":{"0":"post-26551","1":"product","2":"type-product","3":"status-publish","4":"has-post-thumbnail","6":"product_cat-olympus-evident-fr","7":"product_cat-palpeurs","9":"first","10":"instock","11":"shipping-taxable","12":"purchasable","13":"product-type-variable"},"yoast_head":"<!-- This site is optimized with the Yoast SEO plugin v23.9 - https:\/\/yoast.com\/wordpress\/plugins\/seo\/ -->\n<title>Olympus Palpeurs \u00e0 Face Prot\u00e9g\u00e9e &#060; Qualit\u00e9 NDE<\/title>\n<meta name=\"description\" content=\"Palpeur de contact \u00e0 un \u00e9l\u00e9ment - peut \u00eatre utilis\u00e9 avec un d\u00e9lai, une membrane protectrice ou un capuchon de protection d\u2019usure.\" \/>\n<meta name=\"robots\" content=\"index, follow, max-snippet:-1, max-image-preview:large, max-video-preview:-1\" \/>\n<link rel=\"canonical\" href=\"https:\/\/www.qnde.ca\/fr\/produit\/palpeurs-a-face-protegee-olympus\/\" \/>\n<meta name=\"twitter:label1\" content=\"Dur\u00e9e de lecture estim\u00e9e\" \/>\n\t<meta name=\"twitter:data1\" content=\"1 minute\" \/>\n<script type=\"application\/ld+json\" class=\"yoast-schema-graph\">{\"@context\":\"https:\/\/schema.org\",\"@graph\":[{\"@type\":[\"WebPage\",\"ItemPage\"],\"@id\":\"https:\/\/www.qnde.ca\/fr\/produit\/palpeurs-a-face-protegee-olympus\/\",\"url\":\"https:\/\/www.qnde.ca\/fr\/produit\/palpeurs-a-face-protegee-olympus\/\",\"name\":\"Olympus Palpeurs \u00e0 Face Prot\u00e9g\u00e9e &#060; Qualit\u00e9 NDE\",\"isPartOf\":{\"@id\":\"https:\/\/www.qnde.ca\/#website\"},\"primaryImageOfPage\":{\"@id\":\"https:\/\/www.qnde.ca\/fr\/produit\/palpeurs-a-face-protegee-olympus\/#primaryimage\"},\"image\":{\"@id\":\"https:\/\/www.qnde.ca\/fr\/produit\/palpeurs-a-face-protegee-olympus\/#primaryimage\"},\"thumbnailUrl\":\"https:\/\/www.qnde.ca\/wp-content\/uploads\/2022\/04\/Olympus-Protected-Face-Transducers.jpg\",\"datePublished\":\"2022-04-19T19:33:26+00:00\",\"dateModified\":\"2025-06-04T17:19:30+00:00\",\"description\":\"Palpeur de contact \u00e0 un \u00e9l\u00e9ment - peut \u00eatre utilis\u00e9 avec un d\u00e9lai, une membrane protectrice ou un capuchon de protection d\u2019usure.\",\"breadcrumb\":{\"@id\":\"https:\/\/www.qnde.ca\/fr\/produit\/palpeurs-a-face-protegee-olympus\/#breadcrumb\"},\"inLanguage\":\"fr-FR\",\"potentialAction\":[{\"@type\":\"ReadAction\",\"target\":[\"https:\/\/www.qnde.ca\/fr\/produit\/palpeurs-a-face-protegee-olympus\/\"]}]},{\"@type\":\"ImageObject\",\"inLanguage\":\"fr-FR\",\"@id\":\"https:\/\/www.qnde.ca\/fr\/produit\/palpeurs-a-face-protegee-olympus\/#primaryimage\",\"url\":\"https:\/\/www.qnde.ca\/wp-content\/uploads\/2022\/04\/Olympus-Protected-Face-Transducers.jpg\",\"contentUrl\":\"https:\/\/www.qnde.ca\/wp-content\/uploads\/2022\/04\/Olympus-Protected-Face-Transducers.jpg\",\"width\":654,\"height\":253},{\"@type\":\"BreadcrumbList\",\"@id\":\"https:\/\/www.qnde.ca\/fr\/produit\/palpeurs-a-face-protegee-olympus\/#breadcrumb\",\"itemListElement\":[{\"@type\":\"ListItem\",\"position\":1,\"name\":\"Accueil\",\"item\":\"https:\/\/www.qnde.ca\/fr\/\"},{\"@type\":\"ListItem\",\"position\":2,\"name\":\"Produits\",\"item\":\"https:\/\/www.qnde.ca\/fr\/produits\/\"},{\"@type\":\"ListItem\",\"position\":3,\"name\":\"Ultrasons\",\"item\":\"https:\/\/www.qnde.ca\/fr\/product-category\/ultrasons\/\"},{\"@type\":\"ListItem\",\"position\":4,\"name\":\"Palpeurs\",\"item\":\"https:\/\/www.qnde.ca\/fr\/product-category\/ultrasons\/palpeurs\/\"},{\"@type\":\"ListItem\",\"position\":5,\"name\":\"Olympus Palpeurs \u00e0 Face Prot\u00e9g\u00e9e\"}]},{\"@type\":\"WebSite\",\"@id\":\"https:\/\/www.qnde.ca\/#website\",\"url\":\"https:\/\/www.qnde.ca\/\",\"name\":\"Qualit\u00e9 NDE\",\"description\":\"\u00c9quipements d&#039;essais non destructifs \",\"publisher\":{\"@id\":\"https:\/\/www.qnde.ca\/#organization\"},\"potentialAction\":[{\"@type\":\"SearchAction\",\"target\":{\"@type\":\"EntryPoint\",\"urlTemplate\":\"https:\/\/www.qnde.ca\/?s={search_term_string}\"},\"query-input\":{\"@type\":\"PropertyValueSpecification\",\"valueRequired\":true,\"valueName\":\"search_term_string\"}}],\"inLanguage\":\"fr-FR\"},{\"@type\":\"Organization\",\"@id\":\"https:\/\/www.qnde.ca\/#organization\",\"name\":\"Quality NDT Ltd.\",\"url\":\"https:\/\/www.qnde.ca\/\",\"logo\":{\"@type\":\"ImageObject\",\"inLanguage\":\"fr-FR\",\"@id\":\"https:\/\/www.qnde.ca\/#\/schema\/logo\/image\/\",\"url\":\"https:\/\/www.qnde.ca\/wp-content\/uploads\/2022\/02\/QNDE_logo_RGB-gif.gif\",\"contentUrl\":\"https:\/\/www.qnde.ca\/wp-content\/uploads\/2022\/02\/QNDE_logo_RGB-gif.gif\",\"width\":250,\"height\":64,\"caption\":\"Quality NDT Ltd.\"},\"image\":{\"@id\":\"https:\/\/www.qnde.ca\/#\/schema\/logo\/image\/\"},\"sameAs\":[\"https:\/\/www.linkedin.com\/company\/qnde\/about\/?viewAsMember=true\"]}]}<\/script>\n<!-- \/ Yoast SEO plugin. -->","yoast_head_json":{"title":"Olympus Palpeurs \u00e0 Face Prot\u00e9g\u00e9e &#060; Qualit\u00e9 NDE","description":"Palpeur de contact \u00e0 un \u00e9l\u00e9ment - peut \u00eatre utilis\u00e9 avec un d\u00e9lai, une membrane protectrice ou un capuchon de protection d\u2019usure.","robots":{"index":"index","follow":"follow","max-snippet":"max-snippet:-1","max-image-preview":"max-image-preview:large","max-video-preview":"max-video-preview:-1"},"canonical":"https:\/\/www.qnde.ca\/fr\/produit\/palpeurs-a-face-protegee-olympus\/","twitter_misc":{"Dur\u00e9e de lecture estim\u00e9e":"1 minute"},"schema":{"@context":"https:\/\/schema.org","@graph":[{"@type":["WebPage","ItemPage"],"@id":"https:\/\/www.qnde.ca\/fr\/produit\/palpeurs-a-face-protegee-olympus\/","url":"https:\/\/www.qnde.ca\/fr\/produit\/palpeurs-a-face-protegee-olympus\/","name":"Olympus Palpeurs \u00e0 Face Prot\u00e9g\u00e9e &#060; Qualit\u00e9 NDE","isPartOf":{"@id":"https:\/\/www.qnde.ca\/#website"},"primaryImageOfPage":{"@id":"https:\/\/www.qnde.ca\/fr\/produit\/palpeurs-a-face-protegee-olympus\/#primaryimage"},"image":{"@id":"https:\/\/www.qnde.ca\/fr\/produit\/palpeurs-a-face-protegee-olympus\/#primaryimage"},"thumbnailUrl":"https:\/\/www.qnde.ca\/wp-content\/uploads\/2022\/04\/Olympus-Protected-Face-Transducers.jpg","datePublished":"2022-04-19T19:33:26+00:00","dateModified":"2025-06-04T17:19:30+00:00","description":"Palpeur de contact \u00e0 un \u00e9l\u00e9ment - peut \u00eatre utilis\u00e9 avec un d\u00e9lai, une membrane protectrice ou un capuchon de protection d\u2019usure.","breadcrumb":{"@id":"https:\/\/www.qnde.ca\/fr\/produit\/palpeurs-a-face-protegee-olympus\/#breadcrumb"},"inLanguage":"fr-FR","potentialAction":[{"@type":"ReadAction","target":["https:\/\/www.qnde.ca\/fr\/produit\/palpeurs-a-face-protegee-olympus\/"]}]},{"@type":"ImageObject","inLanguage":"fr-FR","@id":"https:\/\/www.qnde.ca\/fr\/produit\/palpeurs-a-face-protegee-olympus\/#primaryimage","url":"https:\/\/www.qnde.ca\/wp-content\/uploads\/2022\/04\/Olympus-Protected-Face-Transducers.jpg","contentUrl":"https:\/\/www.qnde.ca\/wp-content\/uploads\/2022\/04\/Olympus-Protected-Face-Transducers.jpg","width":654,"height":253},{"@type":"BreadcrumbList","@id":"https:\/\/www.qnde.ca\/fr\/produit\/palpeurs-a-face-protegee-olympus\/#breadcrumb","itemListElement":[{"@type":"ListItem","position":1,"name":"Accueil","item":"https:\/\/www.qnde.ca\/fr\/"},{"@type":"ListItem","position":2,"name":"Produits","item":"https:\/\/www.qnde.ca\/fr\/produits\/"},{"@type":"ListItem","position":3,"name":"Ultrasons","item":"https:\/\/www.qnde.ca\/fr\/product-category\/ultrasons\/"},{"@type":"ListItem","position":4,"name":"Palpeurs","item":"https:\/\/www.qnde.ca\/fr\/product-category\/ultrasons\/palpeurs\/"},{"@type":"ListItem","position":5,"name":"Olympus Palpeurs \u00e0 Face Prot\u00e9g\u00e9e"}]},{"@type":"WebSite","@id":"https:\/\/www.qnde.ca\/#website","url":"https:\/\/www.qnde.ca\/","name":"Qualit\u00e9 NDE","description":"\u00c9quipements d&#039;essais non destructifs ","publisher":{"@id":"https:\/\/www.qnde.ca\/#organization"},"potentialAction":[{"@type":"SearchAction","target":{"@type":"EntryPoint","urlTemplate":"https:\/\/www.qnde.ca\/?s={search_term_string}"},"query-input":{"@type":"PropertyValueSpecification","valueRequired":true,"valueName":"search_term_string"}}],"inLanguage":"fr-FR"},{"@type":"Organization","@id":"https:\/\/www.qnde.ca\/#organization","name":"Quality NDT Ltd.","url":"https:\/\/www.qnde.ca\/","logo":{"@type":"ImageObject","inLanguage":"fr-FR","@id":"https:\/\/www.qnde.ca\/#\/schema\/logo\/image\/","url":"https:\/\/www.qnde.ca\/wp-content\/uploads\/2022\/02\/QNDE_logo_RGB-gif.gif","contentUrl":"https:\/\/www.qnde.ca\/wp-content\/uploads\/2022\/02\/QNDE_logo_RGB-gif.gif","width":250,"height":64,"caption":"Quality NDT Ltd."},"image":{"@id":"https:\/\/www.qnde.ca\/#\/schema\/logo\/image\/"},"sameAs":["https:\/\/www.linkedin.com\/company\/qnde\/about\/?viewAsMember=true"]}]}},"jetpack_sharing_enabled":true,"_links":{"self":[{"href":"https:\/\/www.qnde.ca\/fr\/wp-json\/wp\/v2\/product\/26551","targetHints":{"allow":["GET"]}}],"collection":[{"href":"https:\/\/www.qnde.ca\/fr\/wp-json\/wp\/v2\/product"}],"about":[{"href":"https:\/\/www.qnde.ca\/fr\/wp-json\/wp\/v2\/types\/product"}],"wp:featuredmedia":[{"embeddable":true,"href":"https:\/\/www.qnde.ca\/fr\/wp-json\/wp\/v2\/media\/26563"}],"wp:attachment":[{"href":"https:\/\/www.qnde.ca\/fr\/wp-json\/wp\/v2\/media?parent=26551"}],"wp:term":[{"taxonomy":"product_brand","embeddable":true,"href":"https:\/\/www.qnde.ca\/fr\/wp-json\/wp\/v2\/product_brand?post=26551"},{"taxonomy":"product_cat","embeddable":true,"href":"https:\/\/www.qnde.ca\/fr\/wp-json\/wp\/v2\/product_cat?post=26551"},{"taxonomy":"product_tag","embeddable":true,"href":"https:\/\/www.qnde.ca\/fr\/wp-json\/wp\/v2\/product_tag?post=26551"}],"curies":[{"name":"wp","href":"https:\/\/api.w.org\/{rel}","templated":true}]}}