{"id":26541,"date":"2022-04-19T14:06:19","date_gmt":"2022-04-19T18:06:19","guid":{"rendered":"https:\/\/www.qnde.ca\/?post_type=product&#038;p=26541"},"modified":"2025-12-03T09:05:49","modified_gmt":"2025-12-03T14:05:49","slug":"palpeur-dimmersion-olympus","status":"publish","type":"product","link":"https:\/\/www.qnde.ca\/fr\/produit\/palpeur-dimmersion-olympus\/","title":{"rendered":"Olympus Palpeur d&rsquo;Immersion"},"content":{"rendered":"<h3>Olympus Palpeur d&rsquo;Immersion<\/h3>\n<p>&nbsp;<\/p>\n<p>Un palpeur d\u2019immersion se compose d\u2019un \u00e9l\u00e9ment \u00e9metteur d\u2019ondes longitudinales muni d\u2019une couche d\u2019adaptation acoustique d\u2019un quart de la longueur d\u2019onde de l\u2019eau. Ils transmettent des ultrasons dans les applications o\u00f9 les pi\u00e8ces \u00e0 tester sont partiellement ou totalement immerg\u00e9es dans l&rsquo;eau, permettant un couplage uniforme et rapide pour balayer rapidement les pi\u00e8ces. Ajoutez une lentille de focalisation pour augmenter la sensibilit\u00e9 et les performances du transducteur dans une zone particuli\u00e8re d&rsquo;une pi\u00e8ce.<\/p>\n<p>Les transducteurs sont disponibles dans les styles standard, grand diam\u00e8tre, petit diam\u00e8tre et de type \u00ab\u00a0crayon\u00a0\u00bb. Tous sont fabriqu\u00e9s avec une enveloppe d\u2019acier inoxydable 303 r\u00e9sistant \u00e0 la corrosion avec des connecteurs en laiton chrom\u00e9 et un blindage contre les radiofr\u00e9quences qui am\u00e9liore le rapport signal\/bruit. Ils sont utilis\u00e9s pour le balayage automatis\u00e9, la mesure d&rsquo;\u00e9paisseur en ligne et l&rsquo;inspection \u00e0 grande vitesse de tuyaux, de barres, de tubes et de plaques.<\/p>\n<p>&nbsp;<\/p>\n<p>Palpeurs \u00e0 immersion standard list\u00e9s ci-dessous:<\/p>\n\n<table id=\"tablepress-60\" class=\"tablepress tablepress-id-60\">\n<thead>\n<tr class=\"row-1\">\n\t<th class=\"column-1\">Taille Nominale de L'\u00c9l\u00e9ment<\/th><th class=\"column-2\">1MHz<\/th><th class=\"column-3\">2.25MHz<\/th><th class=\"column-4\">3.5MHz<\/th><th class=\"column-5\">5MHz<\/th><th class=\"column-6\">10MHz<\/th>\n<\/tr>\n<\/thead>\n<tbody class=\"row-striping row-hover\">\n<tr class=\"row-2\">\n\t<td class=\"column-1\">0.25\" (6mm)<\/td><td class=\"column-2\">-<\/td><td class=\"column-3\">I3-0204-S-SU<\/td><td class=\"column-4\">-<\/td><td class=\"column-5\">I3-0504-S-SU<\/td><td class=\"column-6\">I3-1004-S-SU<\/td>\n<\/tr>\n<tr class=\"row-3\">\n\t<td class=\"column-1\">0.5\" (13mm)<\/td><td class=\"column-2\">I3-0108-S-SU<\/td><td class=\"column-3\">I3-0208-S-SU<\/td><td class=\"column-4\">I3-0308-S-SU<\/td><td class=\"column-5\">I3-0508-S-SU<\/td><td class=\"column-6\">I3-1008-S-SU<\/td>\n<\/tr>\n<\/tbody>\n<\/table>\n<!-- #tablepress-60 from cache -->\n<p>&nbsp;<\/p>\n<p>Consultez le catalogue pour plus d&rsquo;informations.<\/p>\n<p>Contactez-nous pour discuter de votre application, vos exigences, des options disponibles et\/ou recevoir une soumission.<\/p>\n","protected":false},"excerpt":{"rendered":"<p>Olympus Palpeur d&rsquo;Immersion &nbsp; Un palpeur d\u2019immersion se compose d\u2019un \u00e9l\u00e9ment \u00e9metteur d\u2019ondes longitudinales muni d\u2019une couche d\u2019adaptation acoustique d\u2019un quart de la longueur d\u2019onde de l\u2019eau. Ils transmettent des ultrasons dans les applications o\u00f9 les pi\u00e8ces \u00e0 tester sont partiellement ou totalement immerg\u00e9es dans l&rsquo;eau, permettant un couplage uniforme et rapide pour balayer rapidement [&hellip;]<\/p>\n","protected":false},"featured_media":26546,"template":"","meta":{"_monsterinsights_skip_tracking":false,"_monsterinsights_sitenote_active":false,"_monsterinsights_sitenote_note":"","_monsterinsights_sitenote_category":0},"product_brand":[],"product_cat":[389,330],"product_tag":[],"class_list":{"0":"post-26541","1":"product","2":"type-product","3":"status-publish","4":"has-post-thumbnail","6":"product_cat-olympus-evident-fr","7":"product_cat-palpeurs","9":"first","10":"instock","11":"shipping-taxable","12":"purchasable","13":"product-type-variable"},"yoast_head":"<!-- This site is optimized with the Yoast SEO plugin v23.9 - https:\/\/yoast.com\/wordpress\/plugins\/seo\/ -->\n<title>Olympus Palpeur d&#039;Immersion &#060; Qualit\u00e9 NDE<\/title>\n<meta name=\"description\" content=\"Palpeur d&#039;immersion compos\u00e9 d&#039;un \u00e9l\u00e9ment pour transmettent des ultrasons dans les applications partiellement ou compl\u00e8tement dans l&#039;eau.\" \/>\n<meta name=\"robots\" content=\"index, follow, max-snippet:-1, max-image-preview:large, max-video-preview:-1\" \/>\n<link rel=\"canonical\" href=\"https:\/\/www.qnde.ca\/fr\/produit\/palpeur-dimmersion-olympus\/\" \/>\n<meta name=\"twitter:label1\" content=\"Dur\u00e9e de lecture estim\u00e9e\" \/>\n\t<meta name=\"twitter:data1\" content=\"1 minute\" \/>\n<script type=\"application\/ld+json\" class=\"yoast-schema-graph\">{\"@context\":\"https:\/\/schema.org\",\"@graph\":[{\"@type\":[\"WebPage\",\"ItemPage\"],\"@id\":\"https:\/\/www.qnde.ca\/fr\/produit\/palpeur-dimmersion-olympus\/\",\"url\":\"https:\/\/www.qnde.ca\/fr\/produit\/palpeur-dimmersion-olympus\/\",\"name\":\"Olympus Palpeur d'Immersion &#060; Qualit\u00e9 NDE\",\"isPartOf\":{\"@id\":\"https:\/\/www.qnde.ca\/#website\"},\"primaryImageOfPage\":{\"@id\":\"https:\/\/www.qnde.ca\/fr\/produit\/palpeur-dimmersion-olympus\/#primaryimage\"},\"image\":{\"@id\":\"https:\/\/www.qnde.ca\/fr\/produit\/palpeur-dimmersion-olympus\/#primaryimage\"},\"thumbnailUrl\":\"https:\/\/www.qnde.ca\/wp-content\/uploads\/2022\/04\/Olympus-Immersion-Transducers.jpg\",\"datePublished\":\"2022-04-19T18:06:19+00:00\",\"dateModified\":\"2025-12-03T14:05:49+00:00\",\"description\":\"Palpeur d'immersion compos\u00e9 d'un \u00e9l\u00e9ment pour transmettent des ultrasons dans les applications partiellement ou compl\u00e8tement dans l'eau.\",\"breadcrumb\":{\"@id\":\"https:\/\/www.qnde.ca\/fr\/produit\/palpeur-dimmersion-olympus\/#breadcrumb\"},\"inLanguage\":\"fr-FR\",\"potentialAction\":[{\"@type\":\"ReadAction\",\"target\":[\"https:\/\/www.qnde.ca\/fr\/produit\/palpeur-dimmersion-olympus\/\"]}]},{\"@type\":\"ImageObject\",\"inLanguage\":\"fr-FR\",\"@id\":\"https:\/\/www.qnde.ca\/fr\/produit\/palpeur-dimmersion-olympus\/#primaryimage\",\"url\":\"https:\/\/www.qnde.ca\/wp-content\/uploads\/2022\/04\/Olympus-Immersion-Transducers.jpg\",\"contentUrl\":\"https:\/\/www.qnde.ca\/wp-content\/uploads\/2022\/04\/Olympus-Immersion-Transducers.jpg\",\"width\":551,\"height\":276,\"caption\":\"Un ensemble de divers raccords m\u00e9talliques, comprenant des transducteurs d\u2019immersion, pr\u00e9sent\u00e9s ensemble sur un fond neutre.\"},{\"@type\":\"BreadcrumbList\",\"@id\":\"https:\/\/www.qnde.ca\/fr\/produit\/palpeur-dimmersion-olympus\/#breadcrumb\",\"itemListElement\":[{\"@type\":\"ListItem\",\"position\":1,\"name\":\"Accueil\",\"item\":\"https:\/\/www.qnde.ca\/fr\/\"},{\"@type\":\"ListItem\",\"position\":2,\"name\":\"Produits\",\"item\":\"https:\/\/www.qnde.ca\/fr\/produits\/\"},{\"@type\":\"ListItem\",\"position\":3,\"name\":\"Ultrasons\",\"item\":\"https:\/\/www.qnde.ca\/fr\/product-category\/ultrasons\/\"},{\"@type\":\"ListItem\",\"position\":4,\"name\":\"Palpeurs\",\"item\":\"https:\/\/www.qnde.ca\/fr\/product-category\/ultrasons\/palpeurs\/\"},{\"@type\":\"ListItem\",\"position\":5,\"name\":\"Olympus Palpeur d&#8217;Immersion\"}]},{\"@type\":\"WebSite\",\"@id\":\"https:\/\/www.qnde.ca\/#website\",\"url\":\"https:\/\/www.qnde.ca\/\",\"name\":\"Qualit\u00e9 NDE\",\"description\":\"\u00c9quipements d&#039;essais non destructifs \",\"publisher\":{\"@id\":\"https:\/\/www.qnde.ca\/#organization\"},\"potentialAction\":[{\"@type\":\"SearchAction\",\"target\":{\"@type\":\"EntryPoint\",\"urlTemplate\":\"https:\/\/www.qnde.ca\/?s={search_term_string}\"},\"query-input\":{\"@type\":\"PropertyValueSpecification\",\"valueRequired\":true,\"valueName\":\"search_term_string\"}}],\"inLanguage\":\"fr-FR\"},{\"@type\":\"Organization\",\"@id\":\"https:\/\/www.qnde.ca\/#organization\",\"name\":\"Quality NDT Ltd.\",\"url\":\"https:\/\/www.qnde.ca\/\",\"logo\":{\"@type\":\"ImageObject\",\"inLanguage\":\"fr-FR\",\"@id\":\"https:\/\/www.qnde.ca\/#\/schema\/logo\/image\/\",\"url\":\"https:\/\/www.qnde.ca\/wp-content\/uploads\/2022\/02\/QNDE_logo_RGB-gif.gif\",\"contentUrl\":\"https:\/\/www.qnde.ca\/wp-content\/uploads\/2022\/02\/QNDE_logo_RGB-gif.gif\",\"width\":250,\"height\":64,\"caption\":\"Quality NDT Ltd.\"},\"image\":{\"@id\":\"https:\/\/www.qnde.ca\/#\/schema\/logo\/image\/\"},\"sameAs\":[\"https:\/\/www.linkedin.com\/company\/qnde\/about\/?viewAsMember=true\"]}]}<\/script>\n<!-- \/ Yoast SEO plugin. -->","yoast_head_json":{"title":"Olympus Palpeur d'Immersion &#060; Qualit\u00e9 NDE","description":"Palpeur d'immersion compos\u00e9 d'un \u00e9l\u00e9ment pour transmettent des ultrasons dans les applications partiellement ou compl\u00e8tement dans l'eau.","robots":{"index":"index","follow":"follow","max-snippet":"max-snippet:-1","max-image-preview":"max-image-preview:large","max-video-preview":"max-video-preview:-1"},"canonical":"https:\/\/www.qnde.ca\/fr\/produit\/palpeur-dimmersion-olympus\/","twitter_misc":{"Dur\u00e9e de lecture estim\u00e9e":"1 minute"},"schema":{"@context":"https:\/\/schema.org","@graph":[{"@type":["WebPage","ItemPage"],"@id":"https:\/\/www.qnde.ca\/fr\/produit\/palpeur-dimmersion-olympus\/","url":"https:\/\/www.qnde.ca\/fr\/produit\/palpeur-dimmersion-olympus\/","name":"Olympus Palpeur d'Immersion &#060; Qualit\u00e9 NDE","isPartOf":{"@id":"https:\/\/www.qnde.ca\/#website"},"primaryImageOfPage":{"@id":"https:\/\/www.qnde.ca\/fr\/produit\/palpeur-dimmersion-olympus\/#primaryimage"},"image":{"@id":"https:\/\/www.qnde.ca\/fr\/produit\/palpeur-dimmersion-olympus\/#primaryimage"},"thumbnailUrl":"https:\/\/www.qnde.ca\/wp-content\/uploads\/2022\/04\/Olympus-Immersion-Transducers.jpg","datePublished":"2022-04-19T18:06:19+00:00","dateModified":"2025-12-03T14:05:49+00:00","description":"Palpeur d'immersion compos\u00e9 d'un \u00e9l\u00e9ment pour transmettent des ultrasons dans les applications partiellement ou compl\u00e8tement dans l'eau.","breadcrumb":{"@id":"https:\/\/www.qnde.ca\/fr\/produit\/palpeur-dimmersion-olympus\/#breadcrumb"},"inLanguage":"fr-FR","potentialAction":[{"@type":"ReadAction","target":["https:\/\/www.qnde.ca\/fr\/produit\/palpeur-dimmersion-olympus\/"]}]},{"@type":"ImageObject","inLanguage":"fr-FR","@id":"https:\/\/www.qnde.ca\/fr\/produit\/palpeur-dimmersion-olympus\/#primaryimage","url":"https:\/\/www.qnde.ca\/wp-content\/uploads\/2022\/04\/Olympus-Immersion-Transducers.jpg","contentUrl":"https:\/\/www.qnde.ca\/wp-content\/uploads\/2022\/04\/Olympus-Immersion-Transducers.jpg","width":551,"height":276,"caption":"Un ensemble de divers raccords m\u00e9talliques, comprenant des transducteurs d\u2019immersion, pr\u00e9sent\u00e9s ensemble sur un fond neutre."},{"@type":"BreadcrumbList","@id":"https:\/\/www.qnde.ca\/fr\/produit\/palpeur-dimmersion-olympus\/#breadcrumb","itemListElement":[{"@type":"ListItem","position":1,"name":"Accueil","item":"https:\/\/www.qnde.ca\/fr\/"},{"@type":"ListItem","position":2,"name":"Produits","item":"https:\/\/www.qnde.ca\/fr\/produits\/"},{"@type":"ListItem","position":3,"name":"Ultrasons","item":"https:\/\/www.qnde.ca\/fr\/product-category\/ultrasons\/"},{"@type":"ListItem","position":4,"name":"Palpeurs","item":"https:\/\/www.qnde.ca\/fr\/product-category\/ultrasons\/palpeurs\/"},{"@type":"ListItem","position":5,"name":"Olympus Palpeur d&#8217;Immersion"}]},{"@type":"WebSite","@id":"https:\/\/www.qnde.ca\/#website","url":"https:\/\/www.qnde.ca\/","name":"Qualit\u00e9 NDE","description":"\u00c9quipements d&#039;essais non destructifs ","publisher":{"@id":"https:\/\/www.qnde.ca\/#organization"},"potentialAction":[{"@type":"SearchAction","target":{"@type":"EntryPoint","urlTemplate":"https:\/\/www.qnde.ca\/?s={search_term_string}"},"query-input":{"@type":"PropertyValueSpecification","valueRequired":true,"valueName":"search_term_string"}}],"inLanguage":"fr-FR"},{"@type":"Organization","@id":"https:\/\/www.qnde.ca\/#organization","name":"Quality NDT Ltd.","url":"https:\/\/www.qnde.ca\/","logo":{"@type":"ImageObject","inLanguage":"fr-FR","@id":"https:\/\/www.qnde.ca\/#\/schema\/logo\/image\/","url":"https:\/\/www.qnde.ca\/wp-content\/uploads\/2022\/02\/QNDE_logo_RGB-gif.gif","contentUrl":"https:\/\/www.qnde.ca\/wp-content\/uploads\/2022\/02\/QNDE_logo_RGB-gif.gif","width":250,"height":64,"caption":"Quality NDT Ltd."},"image":{"@id":"https:\/\/www.qnde.ca\/#\/schema\/logo\/image\/"},"sameAs":["https:\/\/www.linkedin.com\/company\/qnde\/about\/?viewAsMember=true"]}]}},"jetpack_sharing_enabled":true,"_links":{"self":[{"href":"https:\/\/www.qnde.ca\/fr\/wp-json\/wp\/v2\/product\/26541","targetHints":{"allow":["GET"]}}],"collection":[{"href":"https:\/\/www.qnde.ca\/fr\/wp-json\/wp\/v2\/product"}],"about":[{"href":"https:\/\/www.qnde.ca\/fr\/wp-json\/wp\/v2\/types\/product"}],"wp:featuredmedia":[{"embeddable":true,"href":"https:\/\/www.qnde.ca\/fr\/wp-json\/wp\/v2\/media\/26546"}],"wp:attachment":[{"href":"https:\/\/www.qnde.ca\/fr\/wp-json\/wp\/v2\/media?parent=26541"}],"wp:term":[{"taxonomy":"product_brand","embeddable":true,"href":"https:\/\/www.qnde.ca\/fr\/wp-json\/wp\/v2\/product_brand?post=26541"},{"taxonomy":"product_cat","embeddable":true,"href":"https:\/\/www.qnde.ca\/fr\/wp-json\/wp\/v2\/product_cat?post=26541"},{"taxonomy":"product_tag","embeddable":true,"href":"https:\/\/www.qnde.ca\/fr\/wp-json\/wp\/v2\/product_tag?post=26541"}],"curies":[{"name":"wp","href":"https:\/\/api.w.org\/{rel}","templated":true}]}}