{"id":26501,"date":"2022-04-19T13:15:16","date_gmt":"2022-04-19T17:15:16","guid":{"rendered":"https:\/\/www.qnde.ca\/?post_type=product&#038;p=26501"},"modified":"2025-12-03T09:33:13","modified_gmt":"2025-12-03T14:33:13","slug":"palpeur-double-element-olympus","status":"publish","type":"product","link":"https:\/\/www.qnde.ca\/fr\/produit\/palpeur-double-element-olympus\/","title":{"rendered":"Olympus Palpeur Double \u00c9l\u00e9ment"},"content":{"rendered":"<h3>Olympus Palpeur Double \u00c9l\u00e9ment<\/h3>\n<p>&nbsp;<\/p>\n<p>Palpeur \u00e0 deux \u00e9l\u00e9ments cristallins log\u00e9s dans le m\u00eame b\u00e2ti, s\u00e9par\u00e9s par une barri\u00e8re acoustique. Un \u00e9l\u00e9ment transmet des ondes longitudinales tandis que l&rsquo;autre agit comme un r\u00e9cepteur. Les \u00e9l\u00e9ments sont inclin\u00e9s, cr\u00e9ant parcours ultrason en forme de V qui am\u00e9liore la r\u00e9solution dans la zone focale. Ces palpeurs offrent une meilleure r\u00e9solution \u00e0 faible profondeur, un bon couplage sur les surfaces rugueuses ou courbes, et un bruit de r\u00e9trodiffusion r\u00e9duit dans les mat\u00e9riaux \u00e0 gros grains ou diffusants. Ils sont utilis\u00e9s dans de nombreuses applications telles que la mesure de l&rsquo;\u00e9paisseur de paroi restante, la surveillance de la corrosion\/\u00e9rosion, l&rsquo;inspection de la superposition de soudures et l&rsquo;inspection de l\u2019adh\u00e9rence\/d\u00e9collement de rev\u00eatement.<\/p>\n<p>&nbsp;<\/p>\n<p>Consultez le catalogue pour plus d&rsquo;informations.<\/p>\n<p>Contactez-nous pour discuter de votre application, vos exigences, des options disponibles et\/ou recevoir une soumission.<\/p>\n<p>&nbsp;<\/p>\n<h4>Palpeur et Sabots Dual pour Corrosion, S\u00e9rie DC, Connecteur \u00e0 Angle Droit<\/h4>\n\n<table id=\"tablepress-56\" class=\"tablepress tablepress-id-56\">\n<thead>\n<tr class=\"row-1\">\n\t<th class=\"column-1\">Taille nominale de l'\u00e9l\u00e9ment<\/th><th class=\"column-2\">LEMO 00 - 7.5MHz<\/th><th class=\"column-3\">BNC - 7.5MHz<\/th><th class=\"column-4\">Microdot - 5MHz<\/th><th class=\"column-5\">Wedge<\/th>\n<\/tr>\n<\/thead>\n<tbody class=\"row-striping row-hover\">\n<tr class=\"row-2\">\n\t<td class=\"column-1\">DC1 Standard 0.375\" (9.52mm)<\/td><td class=\"column-2\">7.5DS-0.375-OLW-DC1-P-1-RPL<\/td><td class=\"column-3\">7.5DS-0.375-OLW-DC1-P-1-RP<\/td><td class=\"column-4\">-<\/td><td class=\"column-5\">-<\/td>\n<\/tr>\n<tr class=\"row-3\">\n\t<td class=\"column-1\">DC2 Thick-Walled 0.375\" (9.52mm)<\/td><td class=\"column-2\">7.5DS-0.375-OLW-DC2-P-1-RPL<\/td><td class=\"column-3\">7.5DS-0.375-OLW-DC2-P-1-RP<\/td><td class=\"column-4\">-<\/td><td class=\"column-5\">-<\/td>\n<\/tr>\n<tr class=\"row-4\">\n\t<td class=\"column-1\">DC3 0.2\" x 0.3\"<\/td><td class=\"column-2\">-<\/td><td class=\"column-3\">-<\/td><td class=\"column-4\">5DS-5.08X7.62-DC3-RM<\/td><td class=\"column-5\">-<\/td>\n<\/tr>\n<tr class=\"row-5\">\n\t<td class=\"column-1\">DC4 0.5\" x 0.5\"<\/td><td class=\"column-2\">-<\/td><td class=\"column-3\">-<\/td><td class=\"column-4\">4DS-12.7X12.7-0LW-DC4-RM-RW<\/td><td class=\"column-5\">SDL4-OL kit<\/td>\n<\/tr>\n<tr class=\"row-6\">\n\t<td class=\"column-1\">DC5 0.5\" x 1.0\"<\/td><td class=\"column-2\">-<\/td><td class=\"column-3\">-<\/td><td class=\"column-4\">4DS-12.7X25.4-0LW-DC5-RM-RW<\/td><td class=\"column-5\">SDL5-OL kit<\/td>\n<\/tr>\n<\/tbody>\n<\/table>\n<!-- #tablepress-56 from cache -->\n<p>R\u00e9solution entre 0.030&Prime; et 2.000&Prime; (0.76mm et 50.8mm) dans l&rsquo;acier.<\/p>\n<p>&nbsp;<\/p>\n<p>&nbsp;<\/p>\n<h4>Palpeurs doubles de type \u00ab\u00a0Fingertip\u00a0\u00bb et doubles avec pointe miniature.<\/h4>\n\n<table id=\"tablepress-58\" class=\"tablepress tablepress-id-58\">\n<thead>\n<tr class=\"row-1\">\n\t<th class=\"column-1\">Taille nominale de l'\u00e9l\u00e9ment<\/th><th class=\"column-2\">3.5 MHz<\/th><th class=\"column-3\">5.0 MHz<\/th>\n<\/tr>\n<\/thead>\n<tbody class=\"row-striping row-hover\">\n<tr class=\"row-2\">\n\t<td class=\"column-1\">0.15\" (3.8mm)<\/td><td class=\"column-2\">-<\/td><td class=\"column-3\">MTD705<\/td>\n<\/tr>\n<tr class=\"row-3\">\n\t<td class=\"column-1\">0.25 (6mm)<\/td><td class=\"column-2\">D784-RP<\/td><td class=\"column-3\">-<\/td>\n<\/tr>\n<tr class=\"row-4\">\n\t<td class=\"column-1\">0.375\" (9.52mm)<\/td><td class=\"column-2\">D783-RP<\/td><td class=\"column-3\">-<\/td>\n<\/tr>\n<\/tbody>\n<\/table>\n<!-- #tablepress-58 from cache -->\n","protected":false},"excerpt":{"rendered":"<p>Olympus Palpeur Double \u00c9l\u00e9ment &nbsp; Palpeur \u00e0 deux \u00e9l\u00e9ments cristallins log\u00e9s dans le m\u00eame b\u00e2ti, s\u00e9par\u00e9s par une barri\u00e8re acoustique. Un \u00e9l\u00e9ment transmet des ondes longitudinales tandis que l&rsquo;autre agit comme un r\u00e9cepteur. Les \u00e9l\u00e9ments sont inclin\u00e9s, cr\u00e9ant parcours ultrason en forme de V qui am\u00e9liore la r\u00e9solution dans la zone focale. Ces palpeurs offrent [&hellip;]<\/p>\n","protected":false},"featured_media":26503,"template":"","meta":{"_monsterinsights_skip_tracking":false,"_monsterinsights_sitenote_active":false,"_monsterinsights_sitenote_note":"","_monsterinsights_sitenote_category":0},"product_brand":[],"product_cat":[389,330],"product_tag":[],"class_list":{"0":"post-26501","1":"product","2":"type-product","3":"status-publish","4":"has-post-thumbnail","6":"product_cat-olympus-evident-fr","7":"product_cat-palpeurs","9":"first","10":"instock","11":"shipping-taxable","12":"purchasable","13":"product-type-variable"},"yoast_head":"<!-- This site is optimized with the Yoast SEO plugin v23.9 - https:\/\/yoast.com\/wordpress\/plugins\/seo\/ -->\n<title>Olympus Palpeur Double \u00c9l\u00e9ment &#060; Qualit\u00e9 NDE<\/title>\n<meta name=\"description\" content=\"Palpeur \u00e0 deux \u00e9l\u00e9ments cristallins log\u00e9s dans le m\u00eame b\u00e2ti, s\u00e9par\u00e9s par une barri\u00e8re acoustique.\" \/>\n<meta name=\"robots\" content=\"index, follow, max-snippet:-1, max-image-preview:large, max-video-preview:-1\" \/>\n<link rel=\"canonical\" href=\"https:\/\/www.qnde.ca\/fr\/produit\/palpeur-double-element-olympus\/\" \/>\n<meta name=\"twitter:label1\" content=\"Dur\u00e9e de lecture estim\u00e9e\" \/>\n\t<meta name=\"twitter:data1\" content=\"1 minute\" \/>\n<script type=\"application\/ld+json\" class=\"yoast-schema-graph\">{\"@context\":\"https:\/\/schema.org\",\"@graph\":[{\"@type\":[\"WebPage\",\"ItemPage\"],\"@id\":\"https:\/\/www.qnde.ca\/fr\/produit\/palpeur-double-element-olympus\/\",\"url\":\"https:\/\/www.qnde.ca\/fr\/produit\/palpeur-double-element-olympus\/\",\"name\":\"Olympus Palpeur Double \u00c9l\u00e9ment &#060; Qualit\u00e9 NDE\",\"isPartOf\":{\"@id\":\"https:\/\/www.qnde.ca\/#website\"},\"primaryImageOfPage\":{\"@id\":\"https:\/\/www.qnde.ca\/fr\/produit\/palpeur-double-element-olympus\/#primaryimage\"},\"image\":{\"@id\":\"https:\/\/www.qnde.ca\/fr\/produit\/palpeur-double-element-olympus\/#primaryimage\"},\"thumbnailUrl\":\"https:\/\/www.qnde.ca\/wp-content\/uploads\/2022\/04\/Olympus-Dual-Element-Transducers.jpg\",\"datePublished\":\"2022-04-19T17:15:16+00:00\",\"dateModified\":\"2025-12-03T14:33:13+00:00\",\"description\":\"Palpeur \u00e0 deux \u00e9l\u00e9ments cristallins log\u00e9s dans le m\u00eame b\u00e2ti, s\u00e9par\u00e9s par une barri\u00e8re acoustique.\",\"breadcrumb\":{\"@id\":\"https:\/\/www.qnde.ca\/fr\/produit\/palpeur-double-element-olympus\/#breadcrumb\"},\"inLanguage\":\"fr-FR\",\"potentialAction\":[{\"@type\":\"ReadAction\",\"target\":[\"https:\/\/www.qnde.ca\/fr\/produit\/palpeur-double-element-olympus\/\"]}]},{\"@type\":\"ImageObject\",\"inLanguage\":\"fr-FR\",\"@id\":\"https:\/\/www.qnde.ca\/fr\/produit\/palpeur-double-element-olympus\/#primaryimage\",\"url\":\"https:\/\/www.qnde.ca\/wp-content\/uploads\/2022\/04\/Olympus-Dual-Element-Transducers.jpg\",\"contentUrl\":\"https:\/\/www.qnde.ca\/wp-content\/uploads\/2022\/04\/Olympus-Dual-Element-Transducers.jpg\",\"width\":663,\"height\":292,\"caption\":\"Une collection de divers transducteurs et cales Olympus.\"},{\"@type\":\"BreadcrumbList\",\"@id\":\"https:\/\/www.qnde.ca\/fr\/produit\/palpeur-double-element-olympus\/#breadcrumb\",\"itemListElement\":[{\"@type\":\"ListItem\",\"position\":1,\"name\":\"Accueil\",\"item\":\"https:\/\/www.qnde.ca\/fr\/\"},{\"@type\":\"ListItem\",\"position\":2,\"name\":\"Produits\",\"item\":\"https:\/\/www.qnde.ca\/fr\/produits\/\"},{\"@type\":\"ListItem\",\"position\":3,\"name\":\"Ultrasons\",\"item\":\"https:\/\/www.qnde.ca\/fr\/product-category\/ultrasons\/\"},{\"@type\":\"ListItem\",\"position\":4,\"name\":\"Palpeurs\",\"item\":\"https:\/\/www.qnde.ca\/fr\/product-category\/ultrasons\/palpeurs\/\"},{\"@type\":\"ListItem\",\"position\":5,\"name\":\"Olympus Palpeur Double \u00c9l\u00e9ment\"}]},{\"@type\":\"WebSite\",\"@id\":\"https:\/\/www.qnde.ca\/#website\",\"url\":\"https:\/\/www.qnde.ca\/\",\"name\":\"Qualit\u00e9 NDE\",\"description\":\"\u00c9quipements d&#039;essais non destructifs \",\"publisher\":{\"@id\":\"https:\/\/www.qnde.ca\/#organization\"},\"potentialAction\":[{\"@type\":\"SearchAction\",\"target\":{\"@type\":\"EntryPoint\",\"urlTemplate\":\"https:\/\/www.qnde.ca\/?s={search_term_string}\"},\"query-input\":{\"@type\":\"PropertyValueSpecification\",\"valueRequired\":true,\"valueName\":\"search_term_string\"}}],\"inLanguage\":\"fr-FR\"},{\"@type\":\"Organization\",\"@id\":\"https:\/\/www.qnde.ca\/#organization\",\"name\":\"Quality NDT Ltd.\",\"url\":\"https:\/\/www.qnde.ca\/\",\"logo\":{\"@type\":\"ImageObject\",\"inLanguage\":\"fr-FR\",\"@id\":\"https:\/\/www.qnde.ca\/#\/schema\/logo\/image\/\",\"url\":\"https:\/\/www.qnde.ca\/wp-content\/uploads\/2022\/02\/QNDE_logo_RGB-gif.gif\",\"contentUrl\":\"https:\/\/www.qnde.ca\/wp-content\/uploads\/2022\/02\/QNDE_logo_RGB-gif.gif\",\"width\":250,\"height\":64,\"caption\":\"Quality NDT Ltd.\"},\"image\":{\"@id\":\"https:\/\/www.qnde.ca\/#\/schema\/logo\/image\/\"},\"sameAs\":[\"https:\/\/www.linkedin.com\/company\/qnde\/about\/?viewAsMember=true\"]}]}<\/script>\n<!-- \/ Yoast SEO plugin. -->","yoast_head_json":{"title":"Olympus Palpeur Double \u00c9l\u00e9ment &#060; Qualit\u00e9 NDE","description":"Palpeur \u00e0 deux \u00e9l\u00e9ments cristallins log\u00e9s dans le m\u00eame b\u00e2ti, s\u00e9par\u00e9s par une barri\u00e8re acoustique.","robots":{"index":"index","follow":"follow","max-snippet":"max-snippet:-1","max-image-preview":"max-image-preview:large","max-video-preview":"max-video-preview:-1"},"canonical":"https:\/\/www.qnde.ca\/fr\/produit\/palpeur-double-element-olympus\/","twitter_misc":{"Dur\u00e9e de lecture estim\u00e9e":"1 minute"},"schema":{"@context":"https:\/\/schema.org","@graph":[{"@type":["WebPage","ItemPage"],"@id":"https:\/\/www.qnde.ca\/fr\/produit\/palpeur-double-element-olympus\/","url":"https:\/\/www.qnde.ca\/fr\/produit\/palpeur-double-element-olympus\/","name":"Olympus Palpeur Double \u00c9l\u00e9ment &#060; Qualit\u00e9 NDE","isPartOf":{"@id":"https:\/\/www.qnde.ca\/#website"},"primaryImageOfPage":{"@id":"https:\/\/www.qnde.ca\/fr\/produit\/palpeur-double-element-olympus\/#primaryimage"},"image":{"@id":"https:\/\/www.qnde.ca\/fr\/produit\/palpeur-double-element-olympus\/#primaryimage"},"thumbnailUrl":"https:\/\/www.qnde.ca\/wp-content\/uploads\/2022\/04\/Olympus-Dual-Element-Transducers.jpg","datePublished":"2022-04-19T17:15:16+00:00","dateModified":"2025-12-03T14:33:13+00:00","description":"Palpeur \u00e0 deux \u00e9l\u00e9ments cristallins log\u00e9s dans le m\u00eame b\u00e2ti, s\u00e9par\u00e9s par une barri\u00e8re acoustique.","breadcrumb":{"@id":"https:\/\/www.qnde.ca\/fr\/produit\/palpeur-double-element-olympus\/#breadcrumb"},"inLanguage":"fr-FR","potentialAction":[{"@type":"ReadAction","target":["https:\/\/www.qnde.ca\/fr\/produit\/palpeur-double-element-olympus\/"]}]},{"@type":"ImageObject","inLanguage":"fr-FR","@id":"https:\/\/www.qnde.ca\/fr\/produit\/palpeur-double-element-olympus\/#primaryimage","url":"https:\/\/www.qnde.ca\/wp-content\/uploads\/2022\/04\/Olympus-Dual-Element-Transducers.jpg","contentUrl":"https:\/\/www.qnde.ca\/wp-content\/uploads\/2022\/04\/Olympus-Dual-Element-Transducers.jpg","width":663,"height":292,"caption":"Une collection de divers transducteurs et cales Olympus."},{"@type":"BreadcrumbList","@id":"https:\/\/www.qnde.ca\/fr\/produit\/palpeur-double-element-olympus\/#breadcrumb","itemListElement":[{"@type":"ListItem","position":1,"name":"Accueil","item":"https:\/\/www.qnde.ca\/fr\/"},{"@type":"ListItem","position":2,"name":"Produits","item":"https:\/\/www.qnde.ca\/fr\/produits\/"},{"@type":"ListItem","position":3,"name":"Ultrasons","item":"https:\/\/www.qnde.ca\/fr\/product-category\/ultrasons\/"},{"@type":"ListItem","position":4,"name":"Palpeurs","item":"https:\/\/www.qnde.ca\/fr\/product-category\/ultrasons\/palpeurs\/"},{"@type":"ListItem","position":5,"name":"Olympus Palpeur Double \u00c9l\u00e9ment"}]},{"@type":"WebSite","@id":"https:\/\/www.qnde.ca\/#website","url":"https:\/\/www.qnde.ca\/","name":"Qualit\u00e9 NDE","description":"\u00c9quipements d&#039;essais non destructifs ","publisher":{"@id":"https:\/\/www.qnde.ca\/#organization"},"potentialAction":[{"@type":"SearchAction","target":{"@type":"EntryPoint","urlTemplate":"https:\/\/www.qnde.ca\/?s={search_term_string}"},"query-input":{"@type":"PropertyValueSpecification","valueRequired":true,"valueName":"search_term_string"}}],"inLanguage":"fr-FR"},{"@type":"Organization","@id":"https:\/\/www.qnde.ca\/#organization","name":"Quality NDT Ltd.","url":"https:\/\/www.qnde.ca\/","logo":{"@type":"ImageObject","inLanguage":"fr-FR","@id":"https:\/\/www.qnde.ca\/#\/schema\/logo\/image\/","url":"https:\/\/www.qnde.ca\/wp-content\/uploads\/2022\/02\/QNDE_logo_RGB-gif.gif","contentUrl":"https:\/\/www.qnde.ca\/wp-content\/uploads\/2022\/02\/QNDE_logo_RGB-gif.gif","width":250,"height":64,"caption":"Quality NDT Ltd."},"image":{"@id":"https:\/\/www.qnde.ca\/#\/schema\/logo\/image\/"},"sameAs":["https:\/\/www.linkedin.com\/company\/qnde\/about\/?viewAsMember=true"]}]}},"jetpack_sharing_enabled":true,"_links":{"self":[{"href":"https:\/\/www.qnde.ca\/fr\/wp-json\/wp\/v2\/product\/26501","targetHints":{"allow":["GET"]}}],"collection":[{"href":"https:\/\/www.qnde.ca\/fr\/wp-json\/wp\/v2\/product"}],"about":[{"href":"https:\/\/www.qnde.ca\/fr\/wp-json\/wp\/v2\/types\/product"}],"wp:featuredmedia":[{"embeddable":true,"href":"https:\/\/www.qnde.ca\/fr\/wp-json\/wp\/v2\/media\/26503"}],"wp:attachment":[{"href":"https:\/\/www.qnde.ca\/fr\/wp-json\/wp\/v2\/media?parent=26501"}],"wp:term":[{"taxonomy":"product_brand","embeddable":true,"href":"https:\/\/www.qnde.ca\/fr\/wp-json\/wp\/v2\/product_brand?post=26501"},{"taxonomy":"product_cat","embeddable":true,"href":"https:\/\/www.qnde.ca\/fr\/wp-json\/wp\/v2\/product_cat?post=26501"},{"taxonomy":"product_tag","embeddable":true,"href":"https:\/\/www.qnde.ca\/fr\/wp-json\/wp\/v2\/product_tag?post=26501"}],"curies":[{"name":"wp","href":"https:\/\/api.w.org\/{rel}","templated":true}]}}