{"id":26494,"date":"2022-04-07T13:24:14","date_gmt":"2022-04-07T17:24:14","guid":{"rendered":"https:\/\/www.qnde.ca\/?post_type=product&#038;p=26494"},"modified":"2025-06-04T13:17:34","modified_gmt":"2025-06-04T17:17:34","slug":"palpeur-de-type-crayon-avec-delai-remplacable-olympus","status":"publish","type":"product","link":"https:\/\/www.qnde.ca\/fr\/produit\/palpeur-de-type-crayon-avec-delai-remplacable-olympus\/","title":{"rendered":"Olympus Palpeur de type Crayon avec D\u00e9lai Rempla\u00e7able"},"content":{"rendered":"<h3>Olympus Palpeur de type Crayon avec D\u00e9lai Rempla\u00e7able<\/h3>\n<p>Ces palpeurs haute fr\u00e9quence focalis\u00e9s, avec d\u00e9lai, sont compatibles avec tout instrument \u00e0 ultrasons capable d&rsquo;afficher un \u00e9cho de retour \u00e0 des profondeurs aussi petites que 0,010 pouce dans l&rsquo;acier. La plage typique est d&rsquo;environ 0,010 pouce \u00e0 0,250 pouce dans l&rsquo;acier. La face de contact circulaire de 0,060 pouce permet de prendre des mesures sur des surfaces courbes.<\/p>\n<p>Options:<\/p>\n<ul>\n<li>HC-398-RDL-L: Palpeur de type crayon avec d\u00e9lai rempla\u00e7able, 10 MHz, \u00e9l\u00e9ment nominal 1\/8\u201d (3 mm). Crayon droit.<\/li>\n<li>HC-398-RA-RDL-L: Palpeur de type crayon avec d\u00e9lai rempla\u00e7able, 10 MHz, \u00e9l\u00e9ment nominal 1\/8\u201d (3 mm). Crayon avec bout \u00e0 angle droit.<\/li>\n<li>HAX-398: D\u00e9lai de remplacement (10 ms).<\/li>\n<li>HC-876-L: Palpeur de type crayon avec d\u00e9lai rempla\u00e7able, 20 MHz, \u00e9l\u00e9ment nominal 1\/8\u201d (3 mm). Crayon droit.<\/li>\n<li>HC-876-RA-L: Palpeur de type crayon avec d\u00e9lai rempla\u00e7able, 10 MHz, \u00e9l\u00e9ment nominal 1\/8\u201d (3 mm). Crayon avec bout \u00e0 angle droit.<\/li>\n<\/ul>\n<p>&nbsp;<\/p>\n<p>Consultez le catalogue pour plus d&rsquo;informations.<\/p>\n<p>Contactez-nous pour discuter de votre application, vos exigences, des options disponibles et\/ou recevoir une soumission.<\/p>\n","protected":false},"excerpt":{"rendered":"<p>Olympus Palpeur de type Crayon avec D\u00e9lai Rempla\u00e7able Ces palpeurs haute fr\u00e9quence focalis\u00e9s, avec d\u00e9lai, sont compatibles avec tout instrument \u00e0 ultrasons capable d&rsquo;afficher un \u00e9cho de retour \u00e0 des profondeurs aussi petites que 0,010 pouce dans l&rsquo;acier. La plage typique est d&rsquo;environ 0,010 pouce \u00e0 0,250 pouce dans l&rsquo;acier. La face de contact circulaire [&hellip;]<\/p>\n","protected":false},"featured_media":26495,"template":"","meta":{"_monsterinsights_skip_tracking":false,"_monsterinsights_sitenote_active":false,"_monsterinsights_sitenote_note":"","_monsterinsights_sitenote_category":0},"product_brand":[],"product_cat":[389,330],"product_tag":[],"class_list":{"0":"post-26494","1":"product","2":"type-product","3":"status-publish","4":"has-post-thumbnail","6":"product_cat-olympus-evident-fr","7":"product_cat-palpeurs","9":"first","10":"instock","11":"shipping-taxable","12":"purchasable","13":"product-type-variable"},"yoast_head":"<!-- This site is optimized with the Yoast SEO plugin v23.9 - https:\/\/yoast.com\/wordpress\/plugins\/seo\/ -->\n<title>Olympus Palpeur de type Crayon avec D\u00e9lai Rempla\u00e7able &#060; Qualit\u00e9 NDE<\/title>\n<meta name=\"description\" content=\"Palpeur de haute fr\u00e9quence focalis\u00e9 avec d\u00e9lai. Compatibles avec tout instruments ultrasons capable d&#039;afficher un \u00e9cho \u00e0 0.010 pouces de profondeur.\" \/>\n<meta name=\"robots\" content=\"index, follow, max-snippet:-1, max-image-preview:large, max-video-preview:-1\" \/>\n<link rel=\"canonical\" href=\"https:\/\/www.qnde.ca\/fr\/produit\/palpeur-de-type-crayon-avec-delai-remplacable-olympus\/\" \/>\n<meta name=\"twitter:label1\" content=\"Dur\u00e9e de lecture estim\u00e9e\" \/>\n\t<meta name=\"twitter:data1\" content=\"1 minute\" \/>\n<script type=\"application\/ld+json\" class=\"yoast-schema-graph\">{\"@context\":\"https:\/\/schema.org\",\"@graph\":[{\"@type\":[\"WebPage\",\"ItemPage\"],\"@id\":\"https:\/\/www.qnde.ca\/fr\/produit\/palpeur-de-type-crayon-avec-delai-remplacable-olympus\/\",\"url\":\"https:\/\/www.qnde.ca\/fr\/produit\/palpeur-de-type-crayon-avec-delai-remplacable-olympus\/\",\"name\":\"Olympus Palpeur de type Crayon avec D\u00e9lai Rempla\u00e7able &#060; Qualit\u00e9 NDE\",\"isPartOf\":{\"@id\":\"https:\/\/www.qnde.ca\/#website\"},\"primaryImageOfPage\":{\"@id\":\"https:\/\/www.qnde.ca\/fr\/produit\/palpeur-de-type-crayon-avec-delai-remplacable-olympus\/#primaryimage\"},\"image\":{\"@id\":\"https:\/\/www.qnde.ca\/fr\/produit\/palpeur-de-type-crayon-avec-delai-remplacable-olympus\/#primaryimage\"},\"thumbnailUrl\":\"https:\/\/www.qnde.ca\/wp-content\/uploads\/2022\/04\/Olympus-Replaceable-Delay-Line-Transducers-and-Pencil-Transducers-1.jpg\",\"datePublished\":\"2022-04-07T17:24:14+00:00\",\"dateModified\":\"2025-06-04T17:17:34+00:00\",\"description\":\"Palpeur de haute fr\u00e9quence focalis\u00e9 avec d\u00e9lai. Compatibles avec tout instruments ultrasons capable d'afficher un \u00e9cho \u00e0 0.010 pouces de profondeur.\",\"breadcrumb\":{\"@id\":\"https:\/\/www.qnde.ca\/fr\/produit\/palpeur-de-type-crayon-avec-delai-remplacable-olympus\/#breadcrumb\"},\"inLanguage\":\"fr-FR\",\"potentialAction\":[{\"@type\":\"ReadAction\",\"target\":[\"https:\/\/www.qnde.ca\/fr\/produit\/palpeur-de-type-crayon-avec-delai-remplacable-olympus\/\"]}]},{\"@type\":\"ImageObject\",\"inLanguage\":\"fr-FR\",\"@id\":\"https:\/\/www.qnde.ca\/fr\/produit\/palpeur-de-type-crayon-avec-delai-remplacable-olympus\/#primaryimage\",\"url\":\"https:\/\/www.qnde.ca\/wp-content\/uploads\/2022\/04\/Olympus-Replaceable-Delay-Line-Transducers-and-Pencil-Transducers-1.jpg\",\"contentUrl\":\"https:\/\/www.qnde.ca\/wp-content\/uploads\/2022\/04\/Olympus-Replaceable-Delay-Line-Transducers-and-Pencil-Transducers-1.jpg\",\"width\":614,\"height\":297},{\"@type\":\"BreadcrumbList\",\"@id\":\"https:\/\/www.qnde.ca\/fr\/produit\/palpeur-de-type-crayon-avec-delai-remplacable-olympus\/#breadcrumb\",\"itemListElement\":[{\"@type\":\"ListItem\",\"position\":1,\"name\":\"Accueil\",\"item\":\"https:\/\/www.qnde.ca\/fr\/\"},{\"@type\":\"ListItem\",\"position\":2,\"name\":\"Produits\",\"item\":\"https:\/\/www.qnde.ca\/fr\/produits\/\"},{\"@type\":\"ListItem\",\"position\":3,\"name\":\"Ultrasons\",\"item\":\"https:\/\/www.qnde.ca\/fr\/product-category\/ultrasons\/\"},{\"@type\":\"ListItem\",\"position\":4,\"name\":\"Palpeurs\",\"item\":\"https:\/\/www.qnde.ca\/fr\/product-category\/ultrasons\/palpeurs\/\"},{\"@type\":\"ListItem\",\"position\":5,\"name\":\"Olympus Palpeur de type Crayon avec D\u00e9lai Rempla\u00e7able\"}]},{\"@type\":\"WebSite\",\"@id\":\"https:\/\/www.qnde.ca\/#website\",\"url\":\"https:\/\/www.qnde.ca\/\",\"name\":\"Qualit\u00e9 NDE\",\"description\":\"\u00c9quipements d&#039;essais non destructifs \",\"publisher\":{\"@id\":\"https:\/\/www.qnde.ca\/#organization\"},\"potentialAction\":[{\"@type\":\"SearchAction\",\"target\":{\"@type\":\"EntryPoint\",\"urlTemplate\":\"https:\/\/www.qnde.ca\/?s={search_term_string}\"},\"query-input\":{\"@type\":\"PropertyValueSpecification\",\"valueRequired\":true,\"valueName\":\"search_term_string\"}}],\"inLanguage\":\"fr-FR\"},{\"@type\":\"Organization\",\"@id\":\"https:\/\/www.qnde.ca\/#organization\",\"name\":\"Quality NDT Ltd.\",\"url\":\"https:\/\/www.qnde.ca\/\",\"logo\":{\"@type\":\"ImageObject\",\"inLanguage\":\"fr-FR\",\"@id\":\"https:\/\/www.qnde.ca\/#\/schema\/logo\/image\/\",\"url\":\"https:\/\/www.qnde.ca\/wp-content\/uploads\/2022\/02\/QNDE_logo_RGB-gif.gif\",\"contentUrl\":\"https:\/\/www.qnde.ca\/wp-content\/uploads\/2022\/02\/QNDE_logo_RGB-gif.gif\",\"width\":250,\"height\":64,\"caption\":\"Quality NDT Ltd.\"},\"image\":{\"@id\":\"https:\/\/www.qnde.ca\/#\/schema\/logo\/image\/\"},\"sameAs\":[\"https:\/\/www.linkedin.com\/company\/qnde\/about\/?viewAsMember=true\"]}]}<\/script>\n<!-- \/ Yoast SEO plugin. -->","yoast_head_json":{"title":"Olympus Palpeur de type Crayon avec D\u00e9lai Rempla\u00e7able &#060; Qualit\u00e9 NDE","description":"Palpeur de haute fr\u00e9quence focalis\u00e9 avec d\u00e9lai. Compatibles avec tout instruments ultrasons capable d'afficher un \u00e9cho \u00e0 0.010 pouces de profondeur.","robots":{"index":"index","follow":"follow","max-snippet":"max-snippet:-1","max-image-preview":"max-image-preview:large","max-video-preview":"max-video-preview:-1"},"canonical":"https:\/\/www.qnde.ca\/fr\/produit\/palpeur-de-type-crayon-avec-delai-remplacable-olympus\/","twitter_misc":{"Dur\u00e9e de lecture estim\u00e9e":"1 minute"},"schema":{"@context":"https:\/\/schema.org","@graph":[{"@type":["WebPage","ItemPage"],"@id":"https:\/\/www.qnde.ca\/fr\/produit\/palpeur-de-type-crayon-avec-delai-remplacable-olympus\/","url":"https:\/\/www.qnde.ca\/fr\/produit\/palpeur-de-type-crayon-avec-delai-remplacable-olympus\/","name":"Olympus Palpeur de type Crayon avec D\u00e9lai Rempla\u00e7able &#060; Qualit\u00e9 NDE","isPartOf":{"@id":"https:\/\/www.qnde.ca\/#website"},"primaryImageOfPage":{"@id":"https:\/\/www.qnde.ca\/fr\/produit\/palpeur-de-type-crayon-avec-delai-remplacable-olympus\/#primaryimage"},"image":{"@id":"https:\/\/www.qnde.ca\/fr\/produit\/palpeur-de-type-crayon-avec-delai-remplacable-olympus\/#primaryimage"},"thumbnailUrl":"https:\/\/www.qnde.ca\/wp-content\/uploads\/2022\/04\/Olympus-Replaceable-Delay-Line-Transducers-and-Pencil-Transducers-1.jpg","datePublished":"2022-04-07T17:24:14+00:00","dateModified":"2025-06-04T17:17:34+00:00","description":"Palpeur de haute fr\u00e9quence focalis\u00e9 avec d\u00e9lai. Compatibles avec tout instruments ultrasons capable d'afficher un \u00e9cho \u00e0 0.010 pouces de profondeur.","breadcrumb":{"@id":"https:\/\/www.qnde.ca\/fr\/produit\/palpeur-de-type-crayon-avec-delai-remplacable-olympus\/#breadcrumb"},"inLanguage":"fr-FR","potentialAction":[{"@type":"ReadAction","target":["https:\/\/www.qnde.ca\/fr\/produit\/palpeur-de-type-crayon-avec-delai-remplacable-olympus\/"]}]},{"@type":"ImageObject","inLanguage":"fr-FR","@id":"https:\/\/www.qnde.ca\/fr\/produit\/palpeur-de-type-crayon-avec-delai-remplacable-olympus\/#primaryimage","url":"https:\/\/www.qnde.ca\/wp-content\/uploads\/2022\/04\/Olympus-Replaceable-Delay-Line-Transducers-and-Pencil-Transducers-1.jpg","contentUrl":"https:\/\/www.qnde.ca\/wp-content\/uploads\/2022\/04\/Olympus-Replaceable-Delay-Line-Transducers-and-Pencil-Transducers-1.jpg","width":614,"height":297},{"@type":"BreadcrumbList","@id":"https:\/\/www.qnde.ca\/fr\/produit\/palpeur-de-type-crayon-avec-delai-remplacable-olympus\/#breadcrumb","itemListElement":[{"@type":"ListItem","position":1,"name":"Accueil","item":"https:\/\/www.qnde.ca\/fr\/"},{"@type":"ListItem","position":2,"name":"Produits","item":"https:\/\/www.qnde.ca\/fr\/produits\/"},{"@type":"ListItem","position":3,"name":"Ultrasons","item":"https:\/\/www.qnde.ca\/fr\/product-category\/ultrasons\/"},{"@type":"ListItem","position":4,"name":"Palpeurs","item":"https:\/\/www.qnde.ca\/fr\/product-category\/ultrasons\/palpeurs\/"},{"@type":"ListItem","position":5,"name":"Olympus Palpeur de type Crayon avec D\u00e9lai Rempla\u00e7able"}]},{"@type":"WebSite","@id":"https:\/\/www.qnde.ca\/#website","url":"https:\/\/www.qnde.ca\/","name":"Qualit\u00e9 NDE","description":"\u00c9quipements d&#039;essais non destructifs ","publisher":{"@id":"https:\/\/www.qnde.ca\/#organization"},"potentialAction":[{"@type":"SearchAction","target":{"@type":"EntryPoint","urlTemplate":"https:\/\/www.qnde.ca\/?s={search_term_string}"},"query-input":{"@type":"PropertyValueSpecification","valueRequired":true,"valueName":"search_term_string"}}],"inLanguage":"fr-FR"},{"@type":"Organization","@id":"https:\/\/www.qnde.ca\/#organization","name":"Quality NDT Ltd.","url":"https:\/\/www.qnde.ca\/","logo":{"@type":"ImageObject","inLanguage":"fr-FR","@id":"https:\/\/www.qnde.ca\/#\/schema\/logo\/image\/","url":"https:\/\/www.qnde.ca\/wp-content\/uploads\/2022\/02\/QNDE_logo_RGB-gif.gif","contentUrl":"https:\/\/www.qnde.ca\/wp-content\/uploads\/2022\/02\/QNDE_logo_RGB-gif.gif","width":250,"height":64,"caption":"Quality NDT Ltd."},"image":{"@id":"https:\/\/www.qnde.ca\/#\/schema\/logo\/image\/"},"sameAs":["https:\/\/www.linkedin.com\/company\/qnde\/about\/?viewAsMember=true"]}]}},"jetpack_sharing_enabled":true,"_links":{"self":[{"href":"https:\/\/www.qnde.ca\/fr\/wp-json\/wp\/v2\/product\/26494","targetHints":{"allow":["GET"]}}],"collection":[{"href":"https:\/\/www.qnde.ca\/fr\/wp-json\/wp\/v2\/product"}],"about":[{"href":"https:\/\/www.qnde.ca\/fr\/wp-json\/wp\/v2\/types\/product"}],"wp:featuredmedia":[{"embeddable":true,"href":"https:\/\/www.qnde.ca\/fr\/wp-json\/wp\/v2\/media\/26495"}],"wp:attachment":[{"href":"https:\/\/www.qnde.ca\/fr\/wp-json\/wp\/v2\/media?parent=26494"}],"wp:term":[{"taxonomy":"product_brand","embeddable":true,"href":"https:\/\/www.qnde.ca\/fr\/wp-json\/wp\/v2\/product_brand?post=26494"},{"taxonomy":"product_cat","embeddable":true,"href":"https:\/\/www.qnde.ca\/fr\/wp-json\/wp\/v2\/product_cat?post=26494"},{"taxonomy":"product_tag","embeddable":true,"href":"https:\/\/www.qnde.ca\/fr\/wp-json\/wp\/v2\/product_tag?post=26494"}],"curies":[{"name":"wp","href":"https:\/\/api.w.org\/{rel}","templated":true}]}}