{"id":26480,"date":"2022-04-06T14:15:48","date_gmt":"2022-04-06T18:15:48","guid":{"rendered":"https:\/\/www.qnde.ca\/?post_type=product&#038;p=26480"},"modified":"2025-06-04T11:34:30","modified_gmt":"2025-06-04T15:34:30","slug":"palpeurs-contact-olympus","status":"publish","type":"product","link":"https:\/\/www.qnde.ca\/fr\/produit\/palpeurs-contact-olympus\/","title":{"rendered":"Olympus Palpeurs Contacts"},"content":{"rendered":"<h3><span style=\"font-size: 16px;\">Olympus <\/span>Palpeurs Contacts<\/h3>\n<p>&nbsp;<\/p>\n<p>Palpeurs \u00e0 un \u00e9l\u00e9ment \u00e0 ondes longitudinales pour utilisation en contact direct avec la pi\u00e8ce inspect\u00e9e. Ils sont disponibles dans plusieurs styles, y compris standard, \u00ab\u00a0fingertip\u00a0\u00bb pour les zones difficiles d&rsquo;acc\u00e8s, et \u00e0 maintien magn\u00e9tique pour un positionnement fixe sur des mat\u00e9riaux ferreux. Tous sont durables pour une utilisation industrielle et ont une imp\u00e9dance acoustique qui correspond \u00e0 la plupart des m\u00e9taux. Ils sont utilis\u00e9s dans de nombreuses applications telles que la d\u00e9tection de d\u00e9fauts avec un faisceau droit, la mesure d&rsquo;\u00e9paisseur, la d\u00e9tection et le dimensionnement de d\u00e9laminations, l\u2019inspection de plaques, billettes, barres et autres composants m\u00e9talliques et non-m\u00e9talliques.<\/p>\n<p>&nbsp;<\/p>\n<p>Consultez le catalogue pour plus d&rsquo;informations.<\/p>\n<p>Contactez-nous pour discuter de votre application, vos exigences, des options disponibles et\/ou recevoir une soumission.<\/p>\n<p>&nbsp;<\/p>\n<p>&nbsp;<\/p>\n<h4>Palpeurs contacts Accuscan-S Standard<\/h4>\n\n<table id=\"tablepress-52\" class=\"tablepress tablepress-id-52\">\n<thead>\n<tr class=\"row-1\">\n\t<th class=\"column-1\">Taille nominale de l'\u00e9l\u00e9ment<\/th><th class=\"column-2\">0.5MHz<\/th><th class=\"column-3\">1MHz<\/th><th class=\"column-4\">2.25MHz<\/th><th class=\"column-5\">3.5Mhz<\/th><th class=\"column-6\">5MHz<\/th><th class=\"column-7\">10MHz<\/th>\n<\/tr>\n<\/thead>\n<tbody class=\"row-striping row-hover\">\n<tr class=\"row-2\">\n\t<td class=\"column-1\">0.5\" (3mm)<\/td><td class=\"column-2\">-<\/td><td class=\"column-3\">A103S-RB<\/td><td class=\"column-4\">A106S-RB<\/td><td class=\"column-5\">A182S-RB<\/td><td class=\"column-6\">A109S-RB<\/td><td class=\"column-7\">A111S-RB<\/td>\n<\/tr>\n<tr class=\"row-3\">\n\t<td class=\"column-1\">0.75\" (19mm)<\/td><td class=\"column-2\">A114S-RB<\/td><td class=\"column-3\">A105S-RB<\/td><td class=\"column-4\">A181S-RB<\/td><td class=\"column-5\">A108S-RB<\/td><td class=\"column-6\">-<\/td><td class=\"column-7\">-<\/td>\n<\/tr>\n<tr class=\"row-4\">\n\t<td class=\"column-1\">1\" (25mm)<\/td><td class=\"column-2\">A101S-RB<\/td><td class=\"column-3\">A102S-RB<\/td><td class=\"column-4\">A104S-RB<\/td><td class=\"column-5\">-<\/td><td class=\"column-6\">A107S-RB<\/td><td class=\"column-7\">-<\/td>\n<\/tr>\n<tr class=\"row-5\">\n\t<td class=\"column-1\">1.25\" (32mm)<\/td><td class=\"column-2\">A191S-RB<\/td><td class=\"column-3\">A194S-RB<\/td><td class=\"column-4\">-<\/td><td class=\"column-5\">-<\/td><td class=\"column-6\">-<\/td><td class=\"column-7\">-<\/td>\n<\/tr>\n<tr class=\"row-6\">\n\t<td class=\"column-1\">1.5\" (39mm)<\/td><td class=\"column-2\">A189S-RB<\/td><td class=\"column-3\">A192S-RB<\/td><td class=\"column-4\">A195S-RB<\/td><td class=\"column-5\">-<\/td><td class=\"column-6\">-<\/td><td class=\"column-7\">-<\/td>\n<\/tr>\n<\/tbody>\n<\/table>\n<!-- #tablepress-52 from cache -->\n<p>Palpeur contact de type \u201cFingertip\u201d et palpeur contact magn\u00e9tique aussi disponible<\/p>\n<p>&nbsp;<\/p>\n<h4>Palpeur de contact type \u00ab\u00a0Fingertip\u00a0\u00bb<\/h4>\n\n<table id=\"tablepress-54\" class=\"tablepress tablepress-id-54\">\n<thead>\n<tr class=\"row-1\">\n\t<th class=\"column-1\">Taille nominale de l'\u00e9l\u00e9ment<\/th><th class=\"column-2\">1 MHz<\/th><th class=\"column-3\">2.25 MHz<\/th><th class=\"column-4\">5 MHz<\/th><th class=\"column-5\">7.5 MHz<\/th><th class=\"column-6\">10 MHz<\/th><th class=\"column-7\">15 MHz<\/th>\n<\/tr>\n<\/thead>\n<tbody class=\"row-striping row-hover\">\n<tr class=\"row-2\">\n\t<td class=\"column-1\">0.25\" (6mm)<\/td><td class=\"column-2\">-<\/td><td class=\"column-3\">A133S-RM<\/td><td class=\"column-4\">A110S-RM<\/td><td class=\"column-5\">A121S-RM<\/td><td class=\"column-6\">A112S-RM<\/td><td class=\"column-7\">A113S-RM<\/td>\n<\/tr>\n<tr class=\"row-3\">\n\t<td class=\"column-1\">0.375\" (10mm)<\/td><td class=\"column-2\">-<\/td><td class=\"column-3\">A125S-RM<\/td><td class=\"column-4\">A126S-RM<\/td><td class=\"column-5\">A122S-RM<\/td><td class=\"column-6\">A127S-RM<\/td><td class=\"column-7\">-<\/td>\n<\/tr>\n<tr class=\"row-4\">\n\t<td class=\"column-1\">0.5\" (13mm)<\/td><td class=\"column-2\">A103S-RM<\/td><td class=\"column-3\">A106S-RM<\/td><td class=\"column-4\">A109S-RM<\/td><td class=\"column-5\">A120S-RM<\/td><td class=\"column-6\">A111S-RM<\/td><td class=\"column-7\">-<\/td>\n<\/tr>\n<tr class=\"row-5\">\n\t<td class=\"column-1\">0.75\" (19mm)<\/td><td class=\"column-2\">A114S-RM<\/td><td class=\"column-3\">A105S-RM<\/td><td class=\"column-4\">A103S-RM<\/td><td class=\"column-5\">A103S-RM<\/td><td class=\"column-6\">A103S-RM<\/td><td class=\"column-7\">A103S-RM<\/td>\n<\/tr>\n<tr class=\"row-6\">\n\t<td class=\"column-1\">1\" (25mm)<\/td><td class=\"column-2\">A102S-RM<\/td><td class=\"column-3\">A104S-RM<\/td><td class=\"column-4\">A103S-RM<\/td><td class=\"column-5\">A103S-RM<\/td><td class=\"column-6\">A103S-RM<\/td><td class=\"column-7\">A103S-RM<\/td>\n<\/tr>\n<\/tbody>\n<\/table>\n<!-- #tablepress-54 from cache -->\n","protected":false},"excerpt":{"rendered":"<p>Olympus Palpeurs Contacts &nbsp; Palpeurs \u00e0 un \u00e9l\u00e9ment \u00e0 ondes longitudinales pour utilisation en contact direct avec la pi\u00e8ce inspect\u00e9e. Ils sont disponibles dans plusieurs styles, y compris standard, \u00ab\u00a0fingertip\u00a0\u00bb pour les zones difficiles d&rsquo;acc\u00e8s, et \u00e0 maintien magn\u00e9tique pour un positionnement fixe sur des mat\u00e9riaux ferreux. Tous sont durables pour une utilisation industrielle et [&hellip;]<\/p>\n","protected":false},"featured_media":26481,"template":"","meta":{"_monsterinsights_skip_tracking":false,"_monsterinsights_sitenote_active":false,"_monsterinsights_sitenote_note":"","_monsterinsights_sitenote_category":0},"product_brand":[],"product_cat":[389,124,330],"product_tag":[],"class_list":{"0":"post-26480","1":"product","2":"type-product","3":"status-publish","4":"has-post-thumbnail","6":"product_cat-olympus-evident-fr","7":"product_cat-ultrasons","8":"product_cat-palpeurs","10":"first","11":"instock","12":"shipping-taxable","13":"purchasable","14":"product-type-variable"},"yoast_head":"<!-- This site is optimized with the Yoast SEO plugin v23.9 - https:\/\/yoast.com\/wordpress\/plugins\/seo\/ -->\n<title>Olympus Palpeurs Contacts &#060; Qualit\u00e9 NDE<\/title>\n<meta name=\"description\" content=\"Palpeur contact de type &quot;fingertip&quot; \u00e0 un \u00e9l\u00e9ment \u00e0 ondes longitudinales pour utilisation en contact direct avec la pi\u00e8ce inspect\u00e9e.\" \/>\n<meta name=\"robots\" content=\"index, follow, max-snippet:-1, max-image-preview:large, max-video-preview:-1\" \/>\n<link rel=\"canonical\" href=\"https:\/\/www.qnde.ca\/fr\/produit\/palpeurs-contact-olympus\/\" \/>\n<meta name=\"twitter:label1\" content=\"Dur\u00e9e de lecture estim\u00e9e\" \/>\n\t<meta name=\"twitter:data1\" content=\"1 minute\" \/>\n<script type=\"application\/ld+json\" class=\"yoast-schema-graph\">{\"@context\":\"https:\/\/schema.org\",\"@graph\":[{\"@type\":[\"WebPage\",\"ItemPage\"],\"@id\":\"https:\/\/www.qnde.ca\/fr\/produit\/palpeurs-contact-olympus\/\",\"url\":\"https:\/\/www.qnde.ca\/fr\/produit\/palpeurs-contact-olympus\/\",\"name\":\"Olympus Palpeurs Contacts &#060; Qualit\u00e9 NDE\",\"isPartOf\":{\"@id\":\"https:\/\/www.qnde.ca\/#website\"},\"primaryImageOfPage\":{\"@id\":\"https:\/\/www.qnde.ca\/fr\/produit\/palpeurs-contact-olympus\/#primaryimage\"},\"image\":{\"@id\":\"https:\/\/www.qnde.ca\/fr\/produit\/palpeurs-contact-olympus\/#primaryimage\"},\"thumbnailUrl\":\"https:\/\/www.qnde.ca\/wp-content\/uploads\/2022\/04\/Olympus-Contact-Transducers.jpg\",\"datePublished\":\"2022-04-06T18:15:48+00:00\",\"dateModified\":\"2025-06-04T15:34:30+00:00\",\"description\":\"Palpeur contact de type \\\"fingertip\\\" \u00e0 un \u00e9l\u00e9ment \u00e0 ondes longitudinales pour utilisation en contact direct avec la pi\u00e8ce inspect\u00e9e.\",\"breadcrumb\":{\"@id\":\"https:\/\/www.qnde.ca\/fr\/produit\/palpeurs-contact-olympus\/#breadcrumb\"},\"inLanguage\":\"fr-FR\",\"potentialAction\":[{\"@type\":\"ReadAction\",\"target\":[\"https:\/\/www.qnde.ca\/fr\/produit\/palpeurs-contact-olympus\/\"]}]},{\"@type\":\"ImageObject\",\"inLanguage\":\"fr-FR\",\"@id\":\"https:\/\/www.qnde.ca\/fr\/produit\/palpeurs-contact-olympus\/#primaryimage\",\"url\":\"https:\/\/www.qnde.ca\/wp-content\/uploads\/2022\/04\/Olympus-Contact-Transducers.jpg\",\"contentUrl\":\"https:\/\/www.qnde.ca\/wp-content\/uploads\/2022\/04\/Olympus-Contact-Transducers.jpg\",\"width\":498,\"height\":267},{\"@type\":\"BreadcrumbList\",\"@id\":\"https:\/\/www.qnde.ca\/fr\/produit\/palpeurs-contact-olympus\/#breadcrumb\",\"itemListElement\":[{\"@type\":\"ListItem\",\"position\":1,\"name\":\"Accueil\",\"item\":\"https:\/\/www.qnde.ca\/fr\/\"},{\"@type\":\"ListItem\",\"position\":2,\"name\":\"Produits\",\"item\":\"https:\/\/www.qnde.ca\/fr\/produits\/\"},{\"@type\":\"ListItem\",\"position\":3,\"name\":\"Ultrasons\",\"item\":\"https:\/\/www.qnde.ca\/fr\/product-category\/ultrasons\/\"},{\"@type\":\"ListItem\",\"position\":4,\"name\":\"Palpeurs\",\"item\":\"https:\/\/www.qnde.ca\/fr\/product-category\/ultrasons\/palpeurs\/\"},{\"@type\":\"ListItem\",\"position\":5,\"name\":\"Olympus Palpeurs Contacts\"}]},{\"@type\":\"WebSite\",\"@id\":\"https:\/\/www.qnde.ca\/#website\",\"url\":\"https:\/\/www.qnde.ca\/\",\"name\":\"Qualit\u00e9 NDE\",\"description\":\"\u00c9quipements d&#039;essais non destructifs \",\"publisher\":{\"@id\":\"https:\/\/www.qnde.ca\/#organization\"},\"potentialAction\":[{\"@type\":\"SearchAction\",\"target\":{\"@type\":\"EntryPoint\",\"urlTemplate\":\"https:\/\/www.qnde.ca\/?s={search_term_string}\"},\"query-input\":{\"@type\":\"PropertyValueSpecification\",\"valueRequired\":true,\"valueName\":\"search_term_string\"}}],\"inLanguage\":\"fr-FR\"},{\"@type\":\"Organization\",\"@id\":\"https:\/\/www.qnde.ca\/#organization\",\"name\":\"Quality NDT Ltd.\",\"url\":\"https:\/\/www.qnde.ca\/\",\"logo\":{\"@type\":\"ImageObject\",\"inLanguage\":\"fr-FR\",\"@id\":\"https:\/\/www.qnde.ca\/#\/schema\/logo\/image\/\",\"url\":\"https:\/\/www.qnde.ca\/wp-content\/uploads\/2022\/02\/QNDE_logo_RGB-gif.gif\",\"contentUrl\":\"https:\/\/www.qnde.ca\/wp-content\/uploads\/2022\/02\/QNDE_logo_RGB-gif.gif\",\"width\":250,\"height\":64,\"caption\":\"Quality NDT Ltd.\"},\"image\":{\"@id\":\"https:\/\/www.qnde.ca\/#\/schema\/logo\/image\/\"},\"sameAs\":[\"https:\/\/www.linkedin.com\/company\/qnde\/about\/?viewAsMember=true\"]}]}<\/script>\n<!-- \/ Yoast SEO plugin. -->","yoast_head_json":{"title":"Olympus Palpeurs Contacts &#060; Qualit\u00e9 NDE","description":"Palpeur contact de type \"fingertip\" \u00e0 un \u00e9l\u00e9ment \u00e0 ondes longitudinales pour utilisation en contact direct avec la pi\u00e8ce inspect\u00e9e.","robots":{"index":"index","follow":"follow","max-snippet":"max-snippet:-1","max-image-preview":"max-image-preview:large","max-video-preview":"max-video-preview:-1"},"canonical":"https:\/\/www.qnde.ca\/fr\/produit\/palpeurs-contact-olympus\/","twitter_misc":{"Dur\u00e9e de lecture estim\u00e9e":"1 minute"},"schema":{"@context":"https:\/\/schema.org","@graph":[{"@type":["WebPage","ItemPage"],"@id":"https:\/\/www.qnde.ca\/fr\/produit\/palpeurs-contact-olympus\/","url":"https:\/\/www.qnde.ca\/fr\/produit\/palpeurs-contact-olympus\/","name":"Olympus Palpeurs Contacts &#060; Qualit\u00e9 NDE","isPartOf":{"@id":"https:\/\/www.qnde.ca\/#website"},"primaryImageOfPage":{"@id":"https:\/\/www.qnde.ca\/fr\/produit\/palpeurs-contact-olympus\/#primaryimage"},"image":{"@id":"https:\/\/www.qnde.ca\/fr\/produit\/palpeurs-contact-olympus\/#primaryimage"},"thumbnailUrl":"https:\/\/www.qnde.ca\/wp-content\/uploads\/2022\/04\/Olympus-Contact-Transducers.jpg","datePublished":"2022-04-06T18:15:48+00:00","dateModified":"2025-06-04T15:34:30+00:00","description":"Palpeur contact de type \"fingertip\" \u00e0 un \u00e9l\u00e9ment \u00e0 ondes longitudinales pour utilisation en contact direct avec la pi\u00e8ce inspect\u00e9e.","breadcrumb":{"@id":"https:\/\/www.qnde.ca\/fr\/produit\/palpeurs-contact-olympus\/#breadcrumb"},"inLanguage":"fr-FR","potentialAction":[{"@type":"ReadAction","target":["https:\/\/www.qnde.ca\/fr\/produit\/palpeurs-contact-olympus\/"]}]},{"@type":"ImageObject","inLanguage":"fr-FR","@id":"https:\/\/www.qnde.ca\/fr\/produit\/palpeurs-contact-olympus\/#primaryimage","url":"https:\/\/www.qnde.ca\/wp-content\/uploads\/2022\/04\/Olympus-Contact-Transducers.jpg","contentUrl":"https:\/\/www.qnde.ca\/wp-content\/uploads\/2022\/04\/Olympus-Contact-Transducers.jpg","width":498,"height":267},{"@type":"BreadcrumbList","@id":"https:\/\/www.qnde.ca\/fr\/produit\/palpeurs-contact-olympus\/#breadcrumb","itemListElement":[{"@type":"ListItem","position":1,"name":"Accueil","item":"https:\/\/www.qnde.ca\/fr\/"},{"@type":"ListItem","position":2,"name":"Produits","item":"https:\/\/www.qnde.ca\/fr\/produits\/"},{"@type":"ListItem","position":3,"name":"Ultrasons","item":"https:\/\/www.qnde.ca\/fr\/product-category\/ultrasons\/"},{"@type":"ListItem","position":4,"name":"Palpeurs","item":"https:\/\/www.qnde.ca\/fr\/product-category\/ultrasons\/palpeurs\/"},{"@type":"ListItem","position":5,"name":"Olympus Palpeurs Contacts"}]},{"@type":"WebSite","@id":"https:\/\/www.qnde.ca\/#website","url":"https:\/\/www.qnde.ca\/","name":"Qualit\u00e9 NDE","description":"\u00c9quipements d&#039;essais non destructifs ","publisher":{"@id":"https:\/\/www.qnde.ca\/#organization"},"potentialAction":[{"@type":"SearchAction","target":{"@type":"EntryPoint","urlTemplate":"https:\/\/www.qnde.ca\/?s={search_term_string}"},"query-input":{"@type":"PropertyValueSpecification","valueRequired":true,"valueName":"search_term_string"}}],"inLanguage":"fr-FR"},{"@type":"Organization","@id":"https:\/\/www.qnde.ca\/#organization","name":"Quality NDT Ltd.","url":"https:\/\/www.qnde.ca\/","logo":{"@type":"ImageObject","inLanguage":"fr-FR","@id":"https:\/\/www.qnde.ca\/#\/schema\/logo\/image\/","url":"https:\/\/www.qnde.ca\/wp-content\/uploads\/2022\/02\/QNDE_logo_RGB-gif.gif","contentUrl":"https:\/\/www.qnde.ca\/wp-content\/uploads\/2022\/02\/QNDE_logo_RGB-gif.gif","width":250,"height":64,"caption":"Quality NDT Ltd."},"image":{"@id":"https:\/\/www.qnde.ca\/#\/schema\/logo\/image\/"},"sameAs":["https:\/\/www.linkedin.com\/company\/qnde\/about\/?viewAsMember=true"]}]}},"jetpack_sharing_enabled":true,"_links":{"self":[{"href":"https:\/\/www.qnde.ca\/fr\/wp-json\/wp\/v2\/product\/26480","targetHints":{"allow":["GET"]}}],"collection":[{"href":"https:\/\/www.qnde.ca\/fr\/wp-json\/wp\/v2\/product"}],"about":[{"href":"https:\/\/www.qnde.ca\/fr\/wp-json\/wp\/v2\/types\/product"}],"wp:featuredmedia":[{"embeddable":true,"href":"https:\/\/www.qnde.ca\/fr\/wp-json\/wp\/v2\/media\/26481"}],"wp:attachment":[{"href":"https:\/\/www.qnde.ca\/fr\/wp-json\/wp\/v2\/media?parent=26480"}],"wp:term":[{"taxonomy":"product_brand","embeddable":true,"href":"https:\/\/www.qnde.ca\/fr\/wp-json\/wp\/v2\/product_brand?post=26480"},{"taxonomy":"product_cat","embeddable":true,"href":"https:\/\/www.qnde.ca\/fr\/wp-json\/wp\/v2\/product_cat?post=26480"},{"taxonomy":"product_tag","embeddable":true,"href":"https:\/\/www.qnde.ca\/fr\/wp-json\/wp\/v2\/product_tag?post=26480"}],"curies":[{"name":"wp","href":"https:\/\/api.w.org\/{rel}","templated":true}]}}