{"id":26212,"date":"2022-04-05T14:38:04","date_gmt":"2022-04-05T18:38:04","guid":{"rendered":"https:\/\/www.qnde.ca\/?post_type=product&#038;p=26212"},"modified":"2025-06-04T13:24:55","modified_gmt":"2025-06-04T17:24:55","slug":"palpeurs-a-delai-templacable-olympus","status":"publish","type":"product","link":"https:\/\/www.qnde.ca\/fr\/produit\/palpeurs-a-delai-templacable-olympus\/","title":{"rendered":"Olympus Palpeurs \u00e0 D\u00e9lai Rempla\u00e7able"},"content":{"rendered":"<h3><strong>Olympus Palpeur \u00e0 D\u00e9lai Rempla\u00e7able<\/strong><\/h3>\n<p>Palpeur \u00e0 d\u00e9lai \u00e0 un seul \u00e9l\u00e9ment qui est fortement amorti afin d\u2019avoir une excellente r\u00e9solution proche de la surface. Leur fr\u00e9quence plus \u00e9lev\u00e9e est \u00e9galement id\u00e9ale pour mesurer des mat\u00e9riaux tr\u00e8s minces ou localiser de petits d\u00e9fauts en utilisant la m\u00e9thode de contact direct. De nombreux styles sont disponibles, et ils sont souvent utilis\u00e9s pour mesurer avec pr\u00e9cision l&rsquo;\u00e9paisseur, pour d\u00e9tecter les d\u00e9fauts avec un faisceau droit, et pour inspecter des pi\u00e8ces dont l\u2019acc\u00e8s est limit\u00e9.<\/p>\n<p>&nbsp;<\/p>\n<p>Consultez le catalogue pour plus d&rsquo;informations.<\/p>\n<p>Contactez-nous pour discuter de votre application, vos exigences, des options disponibles et\/ou pour re\u00e7evoir une soumission.<\/p>\n<p>&nbsp;<\/p>\n<p>&nbsp;<\/p>\n<h4>Palpeur \u00e0 D\u00e9lai Rempla\u00e7able<\/h4>\n\n<table id=\"tablepress-47\" class=\"tablepress tablepress-id-47\">\n<thead>\n<tr class=\"row-1\">\n\t<th class=\"column-1\">Taille Nominale de l'\u00e9l\u00e9ment<\/th><th class=\"column-2\">2.25MHz<\/th><th class=\"column-3\">5 MHz<\/th><th class=\"column-4\">10MHz<\/th><th class=\"column-5\">15MHz<\/th><th class=\"column-6\">20MHz<\/th>\n<\/tr>\n<\/thead>\n<tbody class=\"row-striping row-hover\">\n<tr class=\"row-2\">\n\t<td class=\"column-1\">0.125\" (3mm)<\/td><td class=\"column-2\">-<\/td><td class=\"column-3\">-<\/td><td class=\"column-4\">V203-RM<\/td><td class=\"column-5\">-<\/td><td class=\"column-6\">V208-RM<\/td>\n<\/tr>\n<tr class=\"row-3\">\n\t<td class=\"column-1\">0.25\" (6mm)<\/td><td class=\"column-2\">V204-RM<\/td><td class=\"column-3\">V201-RM<\/td><td class=\"column-4\">V202-RM<\/td><td class=\"column-5\">V205-RM<\/td><td class=\"column-6\">-<\/td>\n<\/tr>\n<tr class=\"row-4\">\n\t<td class=\"column-1\">0.5\" (13mm)<\/td><td class=\"column-2\">-<\/td><td class=\"column-3\">V206-RM<\/td><td class=\"column-4\">-<\/td><td class=\"column-5\">-<\/td><td class=\"column-6\">-<\/td>\n<\/tr>\n<\/tbody>\n<\/table>\n<!-- #tablepress-47 from cache -->\n<p>&nbsp;<\/p>\n<h4>D\u00e9lai Rempla\u00e7able<\/h4>\n\n<table id=\"tablepress-50\" class=\"tablepress tablepress-id-50\">\n<thead>\n<tr class=\"row-1\">\n\t<th class=\"column-1\">Taille nominale de l'\u00e9l\u00e9ment<\/th><th class=\"column-2\">Standard<\/th><th class=\"column-3\">Haute Temp\u00e9rature (Max 350\u00b0F | 175\u00b0C)<\/th><th class=\"column-4\">Haute Temp\u00e9rature (Max 500\u00b0F | 260\u00b0C)<\/th><th class=\"column-5\">Haute Temp\u00e9rature (Max 900\u00b0F | 480\u00b0C)<\/th><th class=\"column-6\">Couplage \u00e0 sec<\/th><th class=\"column-7\">Bague de retenue - remplacement<\/th>\n<\/tr>\n<\/thead>\n<tbody class=\"row-striping row-hover\">\n<tr class=\"row-2\">\n\t<td class=\"column-1\">0.125\" (3mm)<\/td><td class=\"column-2\">DLH-3<\/td><td class=\"column-3\">DLHT-301<\/td><td class=\"column-4\">DLHT-3<\/td><td class=\"column-5\">DLHT-3G<\/td><td class=\"column-6\">DLS-3<\/td><td class=\"column-7\">DRR-3<\/td>\n<\/tr>\n<tr class=\"row-3\">\n\t<td class=\"column-1\">0.25\" (6mm)<\/td><td class=\"column-2\">DLH-1<\/td><td class=\"column-3\">DLHT-101<\/td><td class=\"column-4\">DLHT-1<\/td><td class=\"column-5\">DLHT-1G<\/td><td class=\"column-6\">DLS-1<\/td><td class=\"column-7\">DRR-1<\/td>\n<\/tr>\n<tr class=\"row-4\">\n\t<td class=\"column-1\">0.5\" (13mm)<\/td><td class=\"column-2\">DLH-2<\/td><td class=\"column-3\">DLHT-201<\/td><td class=\"column-4\">DLHT-2<\/td><td class=\"column-5\">DLHT-2G<\/td><td class=\"column-6\">DLS-2<\/td><td class=\"column-7\">DRR-2<\/td>\n<\/tr>\n<\/tbody>\n<\/table>\n<!-- #tablepress-50 from cache -->\n","protected":false},"excerpt":{"rendered":"<p>Olympus Palpeur \u00e0 D\u00e9lai Rempla\u00e7able Palpeur \u00e0 d\u00e9lai \u00e0 un seul \u00e9l\u00e9ment qui est fortement amorti afin d\u2019avoir une excellente r\u00e9solution proche de la surface. Leur fr\u00e9quence plus \u00e9lev\u00e9e est \u00e9galement id\u00e9ale pour mesurer des mat\u00e9riaux tr\u00e8s minces ou localiser de petits d\u00e9fauts en utilisant la m\u00e9thode de contact direct. De nombreux styles sont disponibles, [&hellip;]<\/p>\n","protected":false},"featured_media":26213,"template":"","meta":{"_monsterinsights_skip_tracking":false,"_monsterinsights_sitenote_active":false,"_monsterinsights_sitenote_note":"","_monsterinsights_sitenote_category":0},"product_brand":[],"product_cat":[389,124,330],"product_tag":[],"class_list":{"0":"post-26212","1":"product","2":"type-product","3":"status-publish","4":"has-post-thumbnail","6":"product_cat-olympus-evident-fr","7":"product_cat-ultrasons","8":"product_cat-palpeurs","10":"first","11":"instock","12":"shipping-taxable","13":"product-type-variable"},"yoast_head":"<!-- This site is optimized with the Yoast SEO plugin v23.9 - https:\/\/yoast.com\/wordpress\/plugins\/seo\/ -->\n<title>Olympus Palpeurs \u00e0 D\u00e9lai Rempla\u00e7able &#060; Qualit\u00e9 NDE<\/title>\n<meta name=\"description\" content=\"Palpeur \u00e0 d\u00e9lai \u00e0 un seul \u00e9l\u00e9ment. Fortement amorti afin d&#039;avoir une excellente resolution prochede la surface.\" \/>\n<meta name=\"robots\" content=\"index, follow, max-snippet:-1, max-image-preview:large, max-video-preview:-1\" \/>\n<link rel=\"canonical\" href=\"https:\/\/www.qnde.ca\/fr\/produit\/palpeurs-a-delai-templacable-olympus\/\" \/>\n<meta name=\"twitter:label1\" content=\"Dur\u00e9e de lecture estim\u00e9e\" \/>\n\t<meta name=\"twitter:data1\" content=\"1 minute\" \/>\n<script type=\"application\/ld+json\" class=\"yoast-schema-graph\">{\"@context\":\"https:\/\/schema.org\",\"@graph\":[{\"@type\":[\"WebPage\",\"ItemPage\"],\"@id\":\"https:\/\/www.qnde.ca\/fr\/produit\/palpeurs-a-delai-templacable-olympus\/\",\"url\":\"https:\/\/www.qnde.ca\/fr\/produit\/palpeurs-a-delai-templacable-olympus\/\",\"name\":\"Olympus Palpeurs \u00e0 D\u00e9lai Rempla\u00e7able &#060; Qualit\u00e9 NDE\",\"isPartOf\":{\"@id\":\"https:\/\/www.qnde.ca\/#website\"},\"primaryImageOfPage\":{\"@id\":\"https:\/\/www.qnde.ca\/fr\/produit\/palpeurs-a-delai-templacable-olympus\/#primaryimage\"},\"image\":{\"@id\":\"https:\/\/www.qnde.ca\/fr\/produit\/palpeurs-a-delai-templacable-olympus\/#primaryimage\"},\"thumbnailUrl\":\"https:\/\/www.qnde.ca\/wp-content\/uploads\/2022\/04\/Olympus-Replaceable-Delay-Line-Transducers-and-Pencil-Transducers.jpg\",\"datePublished\":\"2022-04-05T18:38:04+00:00\",\"dateModified\":\"2025-06-04T17:24:55+00:00\",\"description\":\"Palpeur \u00e0 d\u00e9lai \u00e0 un seul \u00e9l\u00e9ment. Fortement amorti afin d'avoir une excellente resolution prochede la surface.\",\"breadcrumb\":{\"@id\":\"https:\/\/www.qnde.ca\/fr\/produit\/palpeurs-a-delai-templacable-olympus\/#breadcrumb\"},\"inLanguage\":\"fr-FR\",\"potentialAction\":[{\"@type\":\"ReadAction\",\"target\":[\"https:\/\/www.qnde.ca\/fr\/produit\/palpeurs-a-delai-templacable-olympus\/\"]}]},{\"@type\":\"ImageObject\",\"inLanguage\":\"fr-FR\",\"@id\":\"https:\/\/www.qnde.ca\/fr\/produit\/palpeurs-a-delai-templacable-olympus\/#primaryimage\",\"url\":\"https:\/\/www.qnde.ca\/wp-content\/uploads\/2022\/04\/Olympus-Replaceable-Delay-Line-Transducers-and-Pencil-Transducers.jpg\",\"contentUrl\":\"https:\/\/www.qnde.ca\/wp-content\/uploads\/2022\/04\/Olympus-Replaceable-Delay-Line-Transducers-and-Pencil-Transducers.jpg\",\"width\":614,\"height\":297},{\"@type\":\"BreadcrumbList\",\"@id\":\"https:\/\/www.qnde.ca\/fr\/produit\/palpeurs-a-delai-templacable-olympus\/#breadcrumb\",\"itemListElement\":[{\"@type\":\"ListItem\",\"position\":1,\"name\":\"Accueil\",\"item\":\"https:\/\/www.qnde.ca\/fr\/\"},{\"@type\":\"ListItem\",\"position\":2,\"name\":\"Produits\",\"item\":\"https:\/\/www.qnde.ca\/fr\/produits\/\"},{\"@type\":\"ListItem\",\"position\":3,\"name\":\"Ultrasons\",\"item\":\"https:\/\/www.qnde.ca\/fr\/product-category\/ultrasons\/\"},{\"@type\":\"ListItem\",\"position\":4,\"name\":\"Palpeurs\",\"item\":\"https:\/\/www.qnde.ca\/fr\/product-category\/ultrasons\/palpeurs\/\"},{\"@type\":\"ListItem\",\"position\":5,\"name\":\"Olympus Palpeurs \u00e0 D\u00e9lai Rempla\u00e7able\"}]},{\"@type\":\"WebSite\",\"@id\":\"https:\/\/www.qnde.ca\/#website\",\"url\":\"https:\/\/www.qnde.ca\/\",\"name\":\"Qualit\u00e9 NDE\",\"description\":\"\u00c9quipements d&#039;essais non destructifs \",\"publisher\":{\"@id\":\"https:\/\/www.qnde.ca\/#organization\"},\"potentialAction\":[{\"@type\":\"SearchAction\",\"target\":{\"@type\":\"EntryPoint\",\"urlTemplate\":\"https:\/\/www.qnde.ca\/?s={search_term_string}\"},\"query-input\":{\"@type\":\"PropertyValueSpecification\",\"valueRequired\":true,\"valueName\":\"search_term_string\"}}],\"inLanguage\":\"fr-FR\"},{\"@type\":\"Organization\",\"@id\":\"https:\/\/www.qnde.ca\/#organization\",\"name\":\"Quality NDT Ltd.\",\"url\":\"https:\/\/www.qnde.ca\/\",\"logo\":{\"@type\":\"ImageObject\",\"inLanguage\":\"fr-FR\",\"@id\":\"https:\/\/www.qnde.ca\/#\/schema\/logo\/image\/\",\"url\":\"https:\/\/www.qnde.ca\/wp-content\/uploads\/2022\/02\/QNDE_logo_RGB-gif.gif\",\"contentUrl\":\"https:\/\/www.qnde.ca\/wp-content\/uploads\/2022\/02\/QNDE_logo_RGB-gif.gif\",\"width\":250,\"height\":64,\"caption\":\"Quality NDT Ltd.\"},\"image\":{\"@id\":\"https:\/\/www.qnde.ca\/#\/schema\/logo\/image\/\"},\"sameAs\":[\"https:\/\/www.linkedin.com\/company\/qnde\/about\/?viewAsMember=true\"]}]}<\/script>\n<!-- \/ Yoast SEO plugin. -->","yoast_head_json":{"title":"Olympus Palpeurs \u00e0 D\u00e9lai Rempla\u00e7able &#060; Qualit\u00e9 NDE","description":"Palpeur \u00e0 d\u00e9lai \u00e0 un seul \u00e9l\u00e9ment. Fortement amorti afin d'avoir une excellente resolution prochede la surface.","robots":{"index":"index","follow":"follow","max-snippet":"max-snippet:-1","max-image-preview":"max-image-preview:large","max-video-preview":"max-video-preview:-1"},"canonical":"https:\/\/www.qnde.ca\/fr\/produit\/palpeurs-a-delai-templacable-olympus\/","twitter_misc":{"Dur\u00e9e de lecture estim\u00e9e":"1 minute"},"schema":{"@context":"https:\/\/schema.org","@graph":[{"@type":["WebPage","ItemPage"],"@id":"https:\/\/www.qnde.ca\/fr\/produit\/palpeurs-a-delai-templacable-olympus\/","url":"https:\/\/www.qnde.ca\/fr\/produit\/palpeurs-a-delai-templacable-olympus\/","name":"Olympus Palpeurs \u00e0 D\u00e9lai Rempla\u00e7able &#060; Qualit\u00e9 NDE","isPartOf":{"@id":"https:\/\/www.qnde.ca\/#website"},"primaryImageOfPage":{"@id":"https:\/\/www.qnde.ca\/fr\/produit\/palpeurs-a-delai-templacable-olympus\/#primaryimage"},"image":{"@id":"https:\/\/www.qnde.ca\/fr\/produit\/palpeurs-a-delai-templacable-olympus\/#primaryimage"},"thumbnailUrl":"https:\/\/www.qnde.ca\/wp-content\/uploads\/2022\/04\/Olympus-Replaceable-Delay-Line-Transducers-and-Pencil-Transducers.jpg","datePublished":"2022-04-05T18:38:04+00:00","dateModified":"2025-06-04T17:24:55+00:00","description":"Palpeur \u00e0 d\u00e9lai \u00e0 un seul \u00e9l\u00e9ment. Fortement amorti afin d'avoir une excellente resolution prochede la surface.","breadcrumb":{"@id":"https:\/\/www.qnde.ca\/fr\/produit\/palpeurs-a-delai-templacable-olympus\/#breadcrumb"},"inLanguage":"fr-FR","potentialAction":[{"@type":"ReadAction","target":["https:\/\/www.qnde.ca\/fr\/produit\/palpeurs-a-delai-templacable-olympus\/"]}]},{"@type":"ImageObject","inLanguage":"fr-FR","@id":"https:\/\/www.qnde.ca\/fr\/produit\/palpeurs-a-delai-templacable-olympus\/#primaryimage","url":"https:\/\/www.qnde.ca\/wp-content\/uploads\/2022\/04\/Olympus-Replaceable-Delay-Line-Transducers-and-Pencil-Transducers.jpg","contentUrl":"https:\/\/www.qnde.ca\/wp-content\/uploads\/2022\/04\/Olympus-Replaceable-Delay-Line-Transducers-and-Pencil-Transducers.jpg","width":614,"height":297},{"@type":"BreadcrumbList","@id":"https:\/\/www.qnde.ca\/fr\/produit\/palpeurs-a-delai-templacable-olympus\/#breadcrumb","itemListElement":[{"@type":"ListItem","position":1,"name":"Accueil","item":"https:\/\/www.qnde.ca\/fr\/"},{"@type":"ListItem","position":2,"name":"Produits","item":"https:\/\/www.qnde.ca\/fr\/produits\/"},{"@type":"ListItem","position":3,"name":"Ultrasons","item":"https:\/\/www.qnde.ca\/fr\/product-category\/ultrasons\/"},{"@type":"ListItem","position":4,"name":"Palpeurs","item":"https:\/\/www.qnde.ca\/fr\/product-category\/ultrasons\/palpeurs\/"},{"@type":"ListItem","position":5,"name":"Olympus Palpeurs \u00e0 D\u00e9lai Rempla\u00e7able"}]},{"@type":"WebSite","@id":"https:\/\/www.qnde.ca\/#website","url":"https:\/\/www.qnde.ca\/","name":"Qualit\u00e9 NDE","description":"\u00c9quipements d&#039;essais non destructifs ","publisher":{"@id":"https:\/\/www.qnde.ca\/#organization"},"potentialAction":[{"@type":"SearchAction","target":{"@type":"EntryPoint","urlTemplate":"https:\/\/www.qnde.ca\/?s={search_term_string}"},"query-input":{"@type":"PropertyValueSpecification","valueRequired":true,"valueName":"search_term_string"}}],"inLanguage":"fr-FR"},{"@type":"Organization","@id":"https:\/\/www.qnde.ca\/#organization","name":"Quality NDT Ltd.","url":"https:\/\/www.qnde.ca\/","logo":{"@type":"ImageObject","inLanguage":"fr-FR","@id":"https:\/\/www.qnde.ca\/#\/schema\/logo\/image\/","url":"https:\/\/www.qnde.ca\/wp-content\/uploads\/2022\/02\/QNDE_logo_RGB-gif.gif","contentUrl":"https:\/\/www.qnde.ca\/wp-content\/uploads\/2022\/02\/QNDE_logo_RGB-gif.gif","width":250,"height":64,"caption":"Quality NDT Ltd."},"image":{"@id":"https:\/\/www.qnde.ca\/#\/schema\/logo\/image\/"},"sameAs":["https:\/\/www.linkedin.com\/company\/qnde\/about\/?viewAsMember=true"]}]}},"jetpack_sharing_enabled":true,"_links":{"self":[{"href":"https:\/\/www.qnde.ca\/fr\/wp-json\/wp\/v2\/product\/26212","targetHints":{"allow":["GET"]}}],"collection":[{"href":"https:\/\/www.qnde.ca\/fr\/wp-json\/wp\/v2\/product"}],"about":[{"href":"https:\/\/www.qnde.ca\/fr\/wp-json\/wp\/v2\/types\/product"}],"wp:featuredmedia":[{"embeddable":true,"href":"https:\/\/www.qnde.ca\/fr\/wp-json\/wp\/v2\/media\/26213"}],"wp:attachment":[{"href":"https:\/\/www.qnde.ca\/fr\/wp-json\/wp\/v2\/media?parent=26212"}],"wp:term":[{"taxonomy":"product_brand","embeddable":true,"href":"https:\/\/www.qnde.ca\/fr\/wp-json\/wp\/v2\/product_brand?post=26212"},{"taxonomy":"product_cat","embeddable":true,"href":"https:\/\/www.qnde.ca\/fr\/wp-json\/wp\/v2\/product_cat?post=26212"},{"taxonomy":"product_tag","embeddable":true,"href":"https:\/\/www.qnde.ca\/fr\/wp-json\/wp\/v2\/product_tag?post=26212"}],"curies":[{"name":"wp","href":"https:\/\/api.w.org\/{rel}","templated":true}]}}