{"id":23685,"date":"2022-03-24T15:03:19","date_gmt":"2022-03-24T19:03:19","guid":{"rendered":"https:\/\/www.qnde.ca\/?post_type=product&#038;p=23685"},"modified":"2025-08-18T13:42:50","modified_gmt":"2025-08-18T17:42:50","slug":"olympus-palpeurs-et-sabots-a-angle-grand-element","status":"publish","type":"product","link":"https:\/\/www.qnde.ca\/fr\/produit\/olympus-palpeurs-et-sabots-a-angle-grand-element\/","title":{"rendered":"Olympus Palpeurs et Sabots \u00e0 Angle &#8211; Grand \u00c9l\u00e9ment"},"content":{"rendered":"<h2>Olympus Palpeurs et Sabots \u00e0 Angle &#8211; Grand \u00c9l\u00e9ment<\/h2>\n<p>&nbsp;<\/p>\n<p>Les palpeurs \u00e0 angle standard ont un \u00e9l\u00e9ment de grande taille, permettant l&rsquo;inspection de composants \u00e9pais et fournissant un grand axe de balayage. Ils sont utilis\u00e9s avec un sabot pour \u00e9mettre une onde transversale ou longitudinale dans la pi\u00e8ce inspect\u00e9e. Disponible dans une vari\u00e9t\u00e9 de styles, y compris des vari\u00e9t\u00e9s \u00e0 haute temp\u00e9rature, et avec des fr\u00e9quences aussi basses que 0,5 MHz. Des sabots standard, avec r\u00e9fractions transversales, ou avec profil\u00e9es sont \u00e9galement disponibles.<\/p>\n<p>&nbsp;<\/p>\n<p>Consultez le catalogue pour plus d&rsquo;informations.<\/p>\n<p>Contactez-nous pour discuter de votre application, vos exigences, des options disponibles et\/ou recevoir une soumission.<\/p>\n<h4><\/h4>\n<h4>Olympus Palpeurs et Sabots \u00e0 Angle &#8211; Grand \u00c9l\u00e9ment par Fr\u00e9quence et Taille Nominale de l&rsquo;\u00c9l\u00e9ment<\/h4>\n\n<table id=\"tablepress-39\" class=\"tablepress tablepress-id-39\">\n<thead>\n<tr class=\"row-1\">\n\t<th class=\"column-1\">Taille nominale de l'\u00e9l\u00e9ment<\/th><th class=\"column-2\">0.5MHz<\/th><th class=\"column-3\">1MHz<\/th><th class=\"column-4\">2.25MHz<\/th><th class=\"column-5\">3.5MHz<\/th><th class=\"column-6\">5MHz<\/th>\n<\/tr>\n<\/thead>\n<tbody class=\"row-striping row-hover\">\n<tr class=\"row-2\">\n\t<td class=\"column-1\">0.5\" (13mm)<\/td><td class=\"column-2\">-<\/td><td class=\"column-3\">A402S-SB<\/td><td class=\"column-4\">A404S-SB<\/td><td class=\"column-5\">A415S-SB<\/td><td class=\"column-6\">A406S-SB<\/td>\n<\/tr>\n<tr class=\"row-3\">\n\t<td class=\"column-1\">0.5\"x1.00\" (13X25mm)<\/td><td class=\"column-2\">A413S-SB<\/td><td class=\"column-3\">A401S-SB<\/td><td class=\"column-4\">A403S-SB<\/td><td class=\"column-5\">A412S-SB<\/td><td class=\"column-6\">A405S-SB<\/td>\n<\/tr>\n<tr class=\"row-4\">\n\t<td class=\"column-1\">1\" (25mm)<\/td><td class=\"column-2\">A414S-SB<\/td><td class=\"column-3\">A407S-SB<\/td><td class=\"column-4\">A408S-SB<\/td><td class=\"column-5\">A411S-SB<\/td><td class=\"column-6\">A409S-SB<\/td>\n<\/tr>\n<\/tbody>\n<\/table>\n<!-- #tablepress-39 from cache -->\n<p>&nbsp;<\/p>\n<h4>Sabots pour l&rsquo;Acier &#8211; par Angle et Temperature Standard ou \u00c9lev\u00e9 et Taille Nominale de l&rsquo;\u00c9l\u00e9ment<\/h4>\n\n<table id=\"tablepress-41\" class=\"tablepress tablepress-id-41\">\n<thead>\n<tr class=\"row-1\">\n\t<th class=\"column-1\">Taille nominale de l'\u00e9l\u00e9ment<\/th><th class=\"column-2\">Standard 30\u00b0<\/th><th class=\"column-3\">Standard 45\u00b0<\/th><th class=\"column-4\">Standard 60\u00b0<\/th><th class=\"column-5\">Standard 70\u00b0<\/th><th class=\"column-6\">Standard 90\u00b0<\/th><th class=\"column-7\">\u00c9lev\u00e9 30\u00b0<\/th><th class=\"column-8\">\u00c9lev\u00e9 45\u00b0<\/th><th class=\"column-9\">\u00c9lev\u00e9 60\u00b0<\/th><th class=\"column-10\">\u00c9lev\u00e9 70\u00b0<\/th>\n<\/tr>\n<\/thead>\n<tbody class=\"row-striping row-hover\">\n<tr class=\"row-2\">\n\t<td class=\"column-1\">0.5\" (13mm)<\/td><td class=\"column-2\">ABWS-1-30<\/td><td class=\"column-3\">ABWS-1-45<\/td><td class=\"column-4\">ABWS-1-60<\/td><td class=\"column-5\">ABWS-1-70<\/td><td class=\"column-6\">ABWS-1-90<\/td><td class=\"column-7\">ABWHT-1-30<\/td><td class=\"column-8\">ABWHT-1-45<\/td><td class=\"column-9\">ABWHT-1-60<\/td><td class=\"column-10\">ABWHT-1-70<\/td>\n<\/tr>\n<tr class=\"row-3\">\n\t<td class=\"column-1\">0.5\"x1.00\" (13x25mm)<\/td><td class=\"column-2\">ABWS-2-30<\/td><td class=\"column-3\">ABWS-2-45<\/td><td class=\"column-4\">ABWS-2-60<\/td><td class=\"column-5\">ABWS-2-70<\/td><td class=\"column-6\">ABWS-2-90<\/td><td class=\"column-7\">ABWHT-2-30<\/td><td class=\"column-8\">ABWHT-2-45<\/td><td class=\"column-9\">ABWHT-2-60<\/td><td class=\"column-10\">ABWHT-2-70<\/td>\n<\/tr>\n<tr class=\"row-4\">\n\t<td class=\"column-1\">1\" (25mm)<\/td><td class=\"column-2\">ABWS-3-30<\/td><td class=\"column-3\">ABWS-3-45<\/td><td class=\"column-4\">ABWS-3-60<\/td><td class=\"column-5\">ABWS-3-70<\/td><td class=\"column-6\">ABWS-3-90<\/td><td class=\"column-7\">ABWHT-3-30<\/td><td class=\"column-8\">ABWHT-3-45<\/td><td class=\"column-9\">ABWHT-3-60<\/td><td class=\"column-10\">ABWHT-3-70<\/td>\n<\/tr>\n<\/tbody>\n<\/table>\n<!-- #tablepress-41 from cache -->\n<p>&nbsp;<\/p>\n<h4>Sabots pour l&rsquo;Aluminium &#8211; par Angle et Type Standard ou Vissable et Taille Nominale de l&rsquo;\u00c9l\u00e9ment<\/h4>\n\n<table id=\"tablepress-43\" class=\"tablepress tablepress-id-43\">\n<thead>\n<tr class=\"row-1\">\n\t<th class=\"column-1\">Taille Nominale de l'\u00e9l\u00e9ment<\/th><th class=\"column-2\">Standard 30\u00b0<\/th><th class=\"column-3\">Standard 45\u00b0<\/th><th class=\"column-4\">Standard 60\u00b0<\/th><th class=\"column-5\">Standard 70\u00b0<\/th><th class=\"column-6\">Standard 90\u00b0 Longitudinale<\/th><th class=\"column-7\">Vissable 30\u00b0<\/th><th class=\"column-8\">Vissable 45\u00b0<\/th><th class=\"column-9\">Vissable 60\u00b0<\/th><th class=\"column-10\">Vissable 70\u00b0<\/th><th class=\"column-11\">Vissable 90\u00b0 Longitudinale<\/th>\n<\/tr>\n<\/thead>\n<tbody class=\"row-striping row-hover\">\n<tr class=\"row-2\">\n\t<td class=\"column-1\">0.25\" (6mm)<\/td><td class=\"column-2\">-<\/td><td class=\"column-3\">-<\/td><td class=\"column-4\">-<\/td><td class=\"column-5\">-<\/td><td class=\"column-6\">-<\/td><td class=\"column-7\">ABWM-4086T<\/td><td class=\"column-8\">ABWM-4087T<\/td><td class=\"column-9\">ABWM-4088T<\/td><td class=\"column-10\">ABWM4089T<\/td><td class=\"column-11\">ABWML-4074T<\/td>\n<\/tr>\n<tr class=\"row-3\">\n\t<td class=\"column-1\">0.375\" (10mm)<\/td><td class=\"column-2\">-<\/td><td class=\"column-3\">-<\/td><td class=\"column-4\">-<\/td><td class=\"column-5\">-<\/td><td class=\"column-6\">-<\/td><td class=\"column-7\">ABWM-7024T<\/td><td class=\"column-8\">ABWM-7025T<\/td><td class=\"column-9\">ABWM-7026T<\/td><td class=\"column-10\">ABWM-7027T<\/td><td class=\"column-11\">ABWML-7028T<\/td>\n<\/tr>\n<tr class=\"row-4\">\n\t<td class=\"column-1\">0.5\" (13mm)<\/td><td class=\"column-2\">ABWS-1033<\/td><td class=\"column-3\">ABWS-1034<\/td><td class=\"column-4\">ABWS-1035<\/td><td class=\"column-5\">`ABWS-1036<\/td><td class=\"column-6\">ABWSL-1045<\/td><td class=\"column-7\">ABWM-5053T<\/td><td class=\"column-8\">ABWM-5027T<\/td><td class=\"column-9\">ABWM-5028T<\/td><td class=\"column-10\">ABWM-5029T<\/td><td class=\"column-11\">ABWML-5041T<\/td>\n<\/tr>\n<tr class=\"row-5\">\n\t<td class=\"column-1\">0.5\"x1.00\" (13x25mm)<\/td><td class=\"column-2\">ABWS-2021<\/td><td class=\"column-3\">ABWS-2022<\/td><td class=\"column-4\">ABWS-2023<\/td><td class=\"column-5\">ABWS-2024<\/td><td class=\"column-6\">ABWSL-2056<\/td><td class=\"column-7\">-<\/td><td class=\"column-8\">-<\/td><td class=\"column-9\">-<\/td><td class=\"column-10\">-<\/td><td class=\"column-11\">-<\/td>\n<\/tr>\n<tr class=\"row-6\">\n\t<td class=\"column-1\">1\" (25mm)<\/td><td class=\"column-2\">ABWS-3028<\/td><td class=\"column-3\">ABWS-3016<\/td><td class=\"column-4\">ABWS-3029<\/td><td class=\"column-5\">ABWS-3030<\/td><td class=\"column-6\">ABWSL-3039<\/td><td class=\"column-7\">-<\/td><td class=\"column-8\">-<\/td><td class=\"column-9\">-<\/td><td class=\"column-10\">-<\/td><td class=\"column-11\">-<\/td>\n<\/tr>\n<\/tbody>\n<\/table>\n<!-- #tablepress-43 from cache -->\n","protected":false},"excerpt":{"rendered":"<p>Olympus Palpeurs et Sabots \u00e0 Angle &#8211; Grand \u00c9l\u00e9ment &nbsp; Les palpeurs \u00e0 angle standard ont un \u00e9l\u00e9ment de grande taille, permettant l&rsquo;inspection de composants \u00e9pais et fournissant un grand axe de balayage. Ils sont utilis\u00e9s avec un sabot pour \u00e9mettre une onde transversale ou longitudinale dans la pi\u00e8ce inspect\u00e9e. Disponible dans une vari\u00e9t\u00e9 de [&hellip;]<\/p>\n","protected":false},"featured_media":23690,"template":"","meta":{"_monsterinsights_skip_tracking":false,"_monsterinsights_sitenote_active":false,"_monsterinsights_sitenote_note":"","_monsterinsights_sitenote_category":0},"product_brand":[],"product_cat":[389,124,330],"product_tag":[],"class_list":{"0":"post-23685","1":"product","2":"type-product","3":"status-publish","4":"has-post-thumbnail","6":"product_cat-olympus-evident-fr","7":"product_cat-ultrasons","8":"product_cat-palpeurs","10":"first","11":"instock","12":"shipping-taxable","13":"purchasable","14":"product-type-variable"},"yoast_head":"<!-- This site is optimized with the Yoast SEO plugin v23.9 - https:\/\/yoast.com\/wordpress\/plugins\/seo\/ -->\n<title>Olympus Palpeurs et Sabots \u00e0 Angle - Grand \u00c9l\u00e9ment &#060; Qualit\u00e9 NDE<\/title>\n<meta name=\"description\" content=\"Palpeurs \u00e0 angle standard pour inspection de pi\u00e8ces \u00e9paisses. Grande couverture, basse fr\u00e9quence, sabots standard ou profil\u00e9s disponibles.\" \/>\n<meta name=\"robots\" content=\"index, follow, max-snippet:-1, max-image-preview:large, max-video-preview:-1\" \/>\n<link rel=\"canonical\" href=\"https:\/\/www.qnde.ca\/fr\/produit\/olympus-palpeurs-et-sabots-a-angle-grand-element\/\" \/>\n<meta name=\"twitter:label1\" content=\"Dur\u00e9e de lecture estim\u00e9e\" \/>\n\t<meta name=\"twitter:data1\" content=\"1 minute\" \/>\n<script type=\"application\/ld+json\" class=\"yoast-schema-graph\">{\"@context\":\"https:\/\/schema.org\",\"@graph\":[{\"@type\":[\"WebPage\",\"ItemPage\"],\"@id\":\"https:\/\/www.qnde.ca\/fr\/produit\/olympus-palpeurs-et-sabots-a-angle-grand-element\/\",\"url\":\"https:\/\/www.qnde.ca\/fr\/produit\/olympus-palpeurs-et-sabots-a-angle-grand-element\/\",\"name\":\"Olympus Palpeurs et Sabots \u00e0 Angle - Grand \u00c9l\u00e9ment &#060; Qualit\u00e9 NDE\",\"isPartOf\":{\"@id\":\"https:\/\/www.qnde.ca\/#website\"},\"primaryImageOfPage\":{\"@id\":\"https:\/\/www.qnde.ca\/fr\/produit\/olympus-palpeurs-et-sabots-a-angle-grand-element\/#primaryimage\"},\"image\":{\"@id\":\"https:\/\/www.qnde.ca\/fr\/produit\/olympus-palpeurs-et-sabots-a-angle-grand-element\/#primaryimage\"},\"thumbnailUrl\":\"https:\/\/www.qnde.ca\/wp-content\/uploads\/2022\/03\/Olympus-AWS-Transducers-and-Wedges.jpg\",\"datePublished\":\"2022-03-24T19:03:19+00:00\",\"dateModified\":\"2025-08-18T17:42:50+00:00\",\"description\":\"Palpeurs \u00e0 angle standard pour inspection de pi\u00e8ces \u00e9paisses. Grande couverture, basse fr\u00e9quence, sabots standard ou profil\u00e9s disponibles.\",\"breadcrumb\":{\"@id\":\"https:\/\/www.qnde.ca\/fr\/produit\/olympus-palpeurs-et-sabots-a-angle-grand-element\/#breadcrumb\"},\"inLanguage\":\"fr-FR\",\"potentialAction\":[{\"@type\":\"ReadAction\",\"target\":[\"https:\/\/www.qnde.ca\/fr\/produit\/olympus-palpeurs-et-sabots-a-angle-grand-element\/\"]}]},{\"@type\":\"ImageObject\",\"inLanguage\":\"fr-FR\",\"@id\":\"https:\/\/www.qnde.ca\/fr\/produit\/olympus-palpeurs-et-sabots-a-angle-grand-element\/#primaryimage\",\"url\":\"https:\/\/www.qnde.ca\/wp-content\/uploads\/2022\/03\/Olympus-AWS-Transducers-and-Wedges.jpg\",\"contentUrl\":\"https:\/\/www.qnde.ca\/wp-content\/uploads\/2022\/03\/Olympus-AWS-Transducers-and-Wedges.jpg\",\"width\":722,\"height\":270},{\"@type\":\"BreadcrumbList\",\"@id\":\"https:\/\/www.qnde.ca\/fr\/produit\/olympus-palpeurs-et-sabots-a-angle-grand-element\/#breadcrumb\",\"itemListElement\":[{\"@type\":\"ListItem\",\"position\":1,\"name\":\"Accueil\",\"item\":\"https:\/\/www.qnde.ca\/fr\/\"},{\"@type\":\"ListItem\",\"position\":2,\"name\":\"Produits\",\"item\":\"https:\/\/www.qnde.ca\/fr\/produits\/\"},{\"@type\":\"ListItem\",\"position\":3,\"name\":\"Ultrasons\",\"item\":\"https:\/\/www.qnde.ca\/fr\/product-category\/ultrasons\/\"},{\"@type\":\"ListItem\",\"position\":4,\"name\":\"Palpeurs\",\"item\":\"https:\/\/www.qnde.ca\/fr\/product-category\/ultrasons\/palpeurs\/\"},{\"@type\":\"ListItem\",\"position\":5,\"name\":\"Olympus Palpeurs et Sabots \u00e0 Angle &#8211; Grand \u00c9l\u00e9ment\"}]},{\"@type\":\"WebSite\",\"@id\":\"https:\/\/www.qnde.ca\/#website\",\"url\":\"https:\/\/www.qnde.ca\/\",\"name\":\"Qualit\u00e9 NDE\",\"description\":\"\u00c9quipements d&#039;essais non destructifs \",\"publisher\":{\"@id\":\"https:\/\/www.qnde.ca\/#organization\"},\"potentialAction\":[{\"@type\":\"SearchAction\",\"target\":{\"@type\":\"EntryPoint\",\"urlTemplate\":\"https:\/\/www.qnde.ca\/?s={search_term_string}\"},\"query-input\":{\"@type\":\"PropertyValueSpecification\",\"valueRequired\":true,\"valueName\":\"search_term_string\"}}],\"inLanguage\":\"fr-FR\"},{\"@type\":\"Organization\",\"@id\":\"https:\/\/www.qnde.ca\/#organization\",\"name\":\"Quality NDT Ltd.\",\"url\":\"https:\/\/www.qnde.ca\/\",\"logo\":{\"@type\":\"ImageObject\",\"inLanguage\":\"fr-FR\",\"@id\":\"https:\/\/www.qnde.ca\/#\/schema\/logo\/image\/\",\"url\":\"https:\/\/www.qnde.ca\/wp-content\/uploads\/2022\/02\/QNDE_logo_RGB-gif.gif\",\"contentUrl\":\"https:\/\/www.qnde.ca\/wp-content\/uploads\/2022\/02\/QNDE_logo_RGB-gif.gif\",\"width\":250,\"height\":64,\"caption\":\"Quality NDT Ltd.\"},\"image\":{\"@id\":\"https:\/\/www.qnde.ca\/#\/schema\/logo\/image\/\"},\"sameAs\":[\"https:\/\/www.linkedin.com\/company\/qnde\/about\/?viewAsMember=true\"]}]}<\/script>\n<!-- \/ Yoast SEO plugin. -->","yoast_head_json":{"title":"Olympus Palpeurs et Sabots \u00e0 Angle - Grand \u00c9l\u00e9ment &#060; Qualit\u00e9 NDE","description":"Palpeurs \u00e0 angle standard pour inspection de pi\u00e8ces \u00e9paisses. Grande couverture, basse fr\u00e9quence, sabots standard ou profil\u00e9s disponibles.","robots":{"index":"index","follow":"follow","max-snippet":"max-snippet:-1","max-image-preview":"max-image-preview:large","max-video-preview":"max-video-preview:-1"},"canonical":"https:\/\/www.qnde.ca\/fr\/produit\/olympus-palpeurs-et-sabots-a-angle-grand-element\/","twitter_misc":{"Dur\u00e9e de lecture estim\u00e9e":"1 minute"},"schema":{"@context":"https:\/\/schema.org","@graph":[{"@type":["WebPage","ItemPage"],"@id":"https:\/\/www.qnde.ca\/fr\/produit\/olympus-palpeurs-et-sabots-a-angle-grand-element\/","url":"https:\/\/www.qnde.ca\/fr\/produit\/olympus-palpeurs-et-sabots-a-angle-grand-element\/","name":"Olympus Palpeurs et Sabots \u00e0 Angle - Grand \u00c9l\u00e9ment &#060; Qualit\u00e9 NDE","isPartOf":{"@id":"https:\/\/www.qnde.ca\/#website"},"primaryImageOfPage":{"@id":"https:\/\/www.qnde.ca\/fr\/produit\/olympus-palpeurs-et-sabots-a-angle-grand-element\/#primaryimage"},"image":{"@id":"https:\/\/www.qnde.ca\/fr\/produit\/olympus-palpeurs-et-sabots-a-angle-grand-element\/#primaryimage"},"thumbnailUrl":"https:\/\/www.qnde.ca\/wp-content\/uploads\/2022\/03\/Olympus-AWS-Transducers-and-Wedges.jpg","datePublished":"2022-03-24T19:03:19+00:00","dateModified":"2025-08-18T17:42:50+00:00","description":"Palpeurs \u00e0 angle standard pour inspection de pi\u00e8ces \u00e9paisses. Grande couverture, basse fr\u00e9quence, sabots standard ou profil\u00e9s disponibles.","breadcrumb":{"@id":"https:\/\/www.qnde.ca\/fr\/produit\/olympus-palpeurs-et-sabots-a-angle-grand-element\/#breadcrumb"},"inLanguage":"fr-FR","potentialAction":[{"@type":"ReadAction","target":["https:\/\/www.qnde.ca\/fr\/produit\/olympus-palpeurs-et-sabots-a-angle-grand-element\/"]}]},{"@type":"ImageObject","inLanguage":"fr-FR","@id":"https:\/\/www.qnde.ca\/fr\/produit\/olympus-palpeurs-et-sabots-a-angle-grand-element\/#primaryimage","url":"https:\/\/www.qnde.ca\/wp-content\/uploads\/2022\/03\/Olympus-AWS-Transducers-and-Wedges.jpg","contentUrl":"https:\/\/www.qnde.ca\/wp-content\/uploads\/2022\/03\/Olympus-AWS-Transducers-and-Wedges.jpg","width":722,"height":270},{"@type":"BreadcrumbList","@id":"https:\/\/www.qnde.ca\/fr\/produit\/olympus-palpeurs-et-sabots-a-angle-grand-element\/#breadcrumb","itemListElement":[{"@type":"ListItem","position":1,"name":"Accueil","item":"https:\/\/www.qnde.ca\/fr\/"},{"@type":"ListItem","position":2,"name":"Produits","item":"https:\/\/www.qnde.ca\/fr\/produits\/"},{"@type":"ListItem","position":3,"name":"Ultrasons","item":"https:\/\/www.qnde.ca\/fr\/product-category\/ultrasons\/"},{"@type":"ListItem","position":4,"name":"Palpeurs","item":"https:\/\/www.qnde.ca\/fr\/product-category\/ultrasons\/palpeurs\/"},{"@type":"ListItem","position":5,"name":"Olympus Palpeurs et Sabots \u00e0 Angle &#8211; Grand \u00c9l\u00e9ment"}]},{"@type":"WebSite","@id":"https:\/\/www.qnde.ca\/#website","url":"https:\/\/www.qnde.ca\/","name":"Qualit\u00e9 NDE","description":"\u00c9quipements d&#039;essais non destructifs ","publisher":{"@id":"https:\/\/www.qnde.ca\/#organization"},"potentialAction":[{"@type":"SearchAction","target":{"@type":"EntryPoint","urlTemplate":"https:\/\/www.qnde.ca\/?s={search_term_string}"},"query-input":{"@type":"PropertyValueSpecification","valueRequired":true,"valueName":"search_term_string"}}],"inLanguage":"fr-FR"},{"@type":"Organization","@id":"https:\/\/www.qnde.ca\/#organization","name":"Quality NDT Ltd.","url":"https:\/\/www.qnde.ca\/","logo":{"@type":"ImageObject","inLanguage":"fr-FR","@id":"https:\/\/www.qnde.ca\/#\/schema\/logo\/image\/","url":"https:\/\/www.qnde.ca\/wp-content\/uploads\/2022\/02\/QNDE_logo_RGB-gif.gif","contentUrl":"https:\/\/www.qnde.ca\/wp-content\/uploads\/2022\/02\/QNDE_logo_RGB-gif.gif","width":250,"height":64,"caption":"Quality NDT Ltd."},"image":{"@id":"https:\/\/www.qnde.ca\/#\/schema\/logo\/image\/"},"sameAs":["https:\/\/www.linkedin.com\/company\/qnde\/about\/?viewAsMember=true"]}]}},"jetpack_sharing_enabled":true,"_links":{"self":[{"href":"https:\/\/www.qnde.ca\/fr\/wp-json\/wp\/v2\/product\/23685","targetHints":{"allow":["GET"]}}],"collection":[{"href":"https:\/\/www.qnde.ca\/fr\/wp-json\/wp\/v2\/product"}],"about":[{"href":"https:\/\/www.qnde.ca\/fr\/wp-json\/wp\/v2\/types\/product"}],"wp:featuredmedia":[{"embeddable":true,"href":"https:\/\/www.qnde.ca\/fr\/wp-json\/wp\/v2\/media\/23690"}],"wp:attachment":[{"href":"https:\/\/www.qnde.ca\/fr\/wp-json\/wp\/v2\/media?parent=23685"}],"wp:term":[{"taxonomy":"product_brand","embeddable":true,"href":"https:\/\/www.qnde.ca\/fr\/wp-json\/wp\/v2\/product_brand?post=23685"},{"taxonomy":"product_cat","embeddable":true,"href":"https:\/\/www.qnde.ca\/fr\/wp-json\/wp\/v2\/product_cat?post=23685"},{"taxonomy":"product_tag","embeddable":true,"href":"https:\/\/www.qnde.ca\/fr\/wp-json\/wp\/v2\/product_tag?post=23685"}],"curies":[{"name":"wp","href":"https:\/\/api.w.org\/{rel}","templated":true}]}}