{"id":23371,"date":"2022-03-23T10:56:28","date_gmt":"2022-03-23T14:56:28","guid":{"rendered":"https:\/\/www.qnde.ca\/?post_type=product&#038;p=23371"},"modified":"2025-06-04T11:09:28","modified_gmt":"2025-06-04T15:09:28","slug":"olympus-palpeurs-et-sabots-a-angle","status":"publish","type":"product","link":"https:\/\/www.qnde.ca\/fr\/produit\/olympus-palpeurs-et-sabots-a-angle\/","title":{"rendered":"Olympus Palpeurs et Sabots \u00e0 Angle"},"content":{"rendered":"<h3>Olympus Palpeurs et Sabots \u00e0 Angle<\/h3>\n<p>&nbsp;<\/p>\n<p>Palpeurs \u00e0 angle pour l&rsquo;inspection de soudures. Ce sont des palpeurs \u00e0 un \u00e9l\u00e9ment pour utilisation avec un sabot pour g\u00e9n\u00e9rer une onde longitudinale ou une onde transversale de r\u00e9fraction dans la pi\u00e8ce et pour la diffraction en temps de vol.<\/p>\n<p>&nbsp;<\/p>\n<p>Consultez la fiche technique et la vid\u00e9o pour plus d&rsquo;informations.<\/p>\n<p>Contactez-nous pour discuter de votre application, vos exigences, des options disponibles et\/ou recevoir une soumission.<\/p>\n<p>&nbsp;<\/p>\n<h4>Palpeurs Viss\u00e9es &#8211; Taille nominale de l&rsquo;\u00e9l\u00e9ment et Fr\u00e9quence (MHz) &#8211; Accuscan-S list\u00e9 ci-dessous<\/h4>\n<h2 id=\"tablepress-34-name\" class=\"tablepress-table-name tablepress-table-name-id-34\">Palpeurs Viss\u00e9es - Fr\u00e9quence (MHz) - Accuscan-S list\u00e9 ci-dessous<\/h2>\n\n<table id=\"tablepress-34\" class=\"tablepress tablepress-id-34\" aria-labelledby=\"tablepress-34-name\">\n<thead>\n<tr class=\"row-1\">\n\t<th class=\"column-1\">Taille nominale de l'\u00e9l\u00e9ment<\/th><th class=\"column-2\">1 MHz<\/th><th class=\"column-3\">1.5 MHz<\/th><th class=\"column-4\">2.25 MHz<\/th><th class=\"column-5\">3.5 MHz<\/th><th class=\"column-6\">5 MHz<\/th><th class=\"column-7\">10 MHz<\/th>\n<\/tr>\n<\/thead>\n<tbody class=\"row-striping row-hover\">\n<tr class=\"row-2\">\n\t<td class=\"column-1\">0.25\" (6mm)<\/td><td class=\"column-2\">-<\/td><td class=\"column-3\">-<\/td><td class=\"column-4\">A542S-SM<\/td><td class=\"column-5\">A546S-SM<\/td><td class=\"column-6\">A543S-SM<\/td><td class=\"column-7\">A544S-SM<\/td>\n<\/tr>\n<tr class=\"row-3\">\n\t<td class=\"column-1\">0.5\" (13mm)<\/td><td class=\"column-2\">A539S-SM<\/td><td class=\"column-3\">-<\/td><td class=\"column-4\">A540S-SM<\/td><td class=\"column-5\">A545S-SM<\/td><td class=\"column-6\">A541S-SM<\/td><td class=\"column-7\">A547S-SM<\/td>\n<\/tr>\n<tr class=\"row-4\">\n\t<td class=\"column-1\">0.375\" (10mm)<\/td><td class=\"column-2\">-<\/td><td class=\"column-3\">A548S-SM<\/td><td class=\"column-4\">A549S-SM<\/td><td class=\"column-5\">A550S-SM<\/td><td class=\"column-6\">A551S-SM<\/td><td class=\"column-7\">A552S-SM<\/td>\n<\/tr>\n<\/tbody>\n<\/table>\n<!-- #tablepress-34 from cache -->\n<p>&nbsp;<\/p>\n<p>&nbsp;<\/p>\n<h4>Sabots &#8211; Miniature \u00e0 courte distance d&rsquo;approche vissable. Temp\u00e9ratures Standards et \u00c9lev\u00e9s.<\/h4>\n<h2 id=\"tablepress-37-name\" class=\"tablepress-table-name tablepress-table-name-id-37\">Sabots - Miniature \u00e0 courte distance d;approche vissable<\/h2>\n\n<table id=\"tablepress-37\" class=\"tablepress tablepress-id-37\" aria-labelledby=\"tablepress-37-name\">\n<thead>\n<tr class=\"row-1\">\n\t<th class=\"column-1\">Taille nominal de l'\u00e9l\u00e9ment<\/th><th class=\"column-2\">Standard 45\u00b0<\/th><th class=\"column-3\">Standard 60\u00b0<\/th><th class=\"column-4\">Standard 70\u00b0<\/th><th class=\"column-5\">Ondes de surface 90\u00b0<\/th><th class=\"column-6\">\u00c9lev\u00e9 30\u00b0<\/th><th class=\"column-7\">\u00c9lev\u00e9 45\u00b0<\/th><th class=\"column-8\">\u00c9lev\u00e9 60\u00b0<\/th><th class=\"column-9\">\u00c9lev\u00e9 70\u00b0<\/th>\n<\/tr>\n<\/thead>\n<tbody class=\"row-striping row-hover\">\n<tr class=\"row-2\">\n\t<td class=\"column-1\">0.25\" (6mm)<\/td><td class=\"column-2\">ABSA-4T-45<\/td><td class=\"column-3\">ABSA-4T-60<\/td><td class=\"column-4\">ABSA-4T-70<\/td><td class=\"column-5\">ABWML-4T-90<\/td><td class=\"column-6\">ABWHT-4T-30<\/td><td class=\"column-7\">ABWHT-4T-45<\/td><td class=\"column-8\">ABWHT-4T-60<\/td><td class=\"column-9\">ABWHT-4T-70<\/td>\n<\/tr>\n<tr class=\"row-3\">\n\t<td class=\"column-1\">0.5\" (13mm)<\/td><td class=\"column-2\">ABSA-5T-45<\/td><td class=\"column-3\">ABSA-5T-60<\/td><td class=\"column-4\">ABSA-5T-70<\/td><td class=\"column-5\">ABWML-5T-90<\/td><td class=\"column-6\">ABWHT-5T-30<\/td><td class=\"column-7\">ABWHT-5T-45<\/td><td class=\"column-8\">ABWHT-5T-60<\/td><td class=\"column-9\">ABWHT-5T-70<\/td>\n<\/tr>\n<tr class=\"row-4\">\n\t<td class=\"column-1\">0.375\" (10mm)<\/td><td class=\"column-2\">ABSA-7T-45<\/td><td class=\"column-3\">ABSA-7T-60<\/td><td class=\"column-4\">ABSA-7T-70<\/td><td class=\"column-5\">ABWML-7T-90<\/td><td class=\"column-6\">ABWHT-7T-30<\/td><td class=\"column-7\">ABWHT-7T-45<\/td><td class=\"column-8\">ABWHT-7T-60<\/td><td class=\"column-9\">ABWHT-7T-70<\/td>\n<\/tr>\n<\/tbody>\n<\/table>\n<!-- #tablepress-37 from cache -->\n<p>&nbsp;<\/p>\n<p>&nbsp;<\/p>\n","protected":false},"excerpt":{"rendered":"<p>Olympus Palpeurs et Sabots \u00e0 Angle &nbsp; Palpeurs \u00e0 angle pour l&rsquo;inspection de soudures. Ce sont des palpeurs \u00e0 un \u00e9l\u00e9ment pour utilisation avec un sabot pour g\u00e9n\u00e9rer une onde longitudinale ou une onde transversale de r\u00e9fraction dans la pi\u00e8ce et pour la diffraction en temps de vol. &nbsp; Consultez la fiche technique et la [&hellip;]<\/p>\n","protected":false},"featured_media":23375,"template":"","meta":{"_monsterinsights_skip_tracking":false,"_monsterinsights_sitenote_active":false,"_monsterinsights_sitenote_note":"","_monsterinsights_sitenote_category":0},"product_brand":[],"product_cat":[389,124,330],"product_tag":[],"class_list":{"0":"post-23371","1":"product","2":"type-product","3":"status-publish","4":"has-post-thumbnail","6":"product_cat-olympus-evident-fr","7":"product_cat-ultrasons","8":"product_cat-palpeurs","10":"first","11":"instock","12":"shipping-taxable","13":"purchasable","14":"product-type-variable"},"yoast_head":"<!-- This site is optimized with the Yoast SEO plugin v23.9 - https:\/\/yoast.com\/wordpress\/plugins\/seo\/ -->\n<title>Olympus Palpeurs et Sabots \u00e0 Angle &#060; Qualit\u00e9 NDE<\/title>\n<meta name=\"description\" content=\"Palpeurs \u00e0 angle pour l&#039;inspection de soudures. Ce sont des palpeurs \u00e0 un \u00e9l\u00e9ment pour utilisation avec un sabot pour g\u00e9n\u00e9rer une onde longitudinale ou une onde transversale de r\u00e9fraction dans la pi\u00e8ce et pour la diffraction en temps de vol.\" \/>\n<meta name=\"robots\" content=\"index, follow, max-snippet:-1, max-image-preview:large, max-video-preview:-1\" \/>\n<link rel=\"canonical\" href=\"https:\/\/www.qnde.ca\/fr\/produit\/olympus-palpeurs-et-sabots-a-angle\/\" \/>\n<meta name=\"twitter:label1\" content=\"Dur\u00e9e de lecture estim\u00e9e\" \/>\n\t<meta name=\"twitter:data1\" content=\"1 minute\" \/>\n<script type=\"application\/ld+json\" class=\"yoast-schema-graph\">{\"@context\":\"https:\/\/schema.org\",\"@graph\":[{\"@type\":[\"WebPage\",\"ItemPage\"],\"@id\":\"https:\/\/www.qnde.ca\/fr\/produit\/olympus-palpeurs-et-sabots-a-angle\/\",\"url\":\"https:\/\/www.qnde.ca\/fr\/produit\/olympus-palpeurs-et-sabots-a-angle\/\",\"name\":\"Olympus Palpeurs et Sabots \u00e0 Angle &#060; Qualit\u00e9 NDE\",\"isPartOf\":{\"@id\":\"https:\/\/www.qnde.ca\/#website\"},\"primaryImageOfPage\":{\"@id\":\"https:\/\/www.qnde.ca\/fr\/produit\/olympus-palpeurs-et-sabots-a-angle\/#primaryimage\"},\"image\":{\"@id\":\"https:\/\/www.qnde.ca\/fr\/produit\/olympus-palpeurs-et-sabots-a-angle\/#primaryimage\"},\"thumbnailUrl\":\"https:\/\/www.qnde.ca\/wp-content\/uploads\/2022\/03\/Olympus-Angle-Beam-Transducers-and-Wedges.jpg\",\"datePublished\":\"2022-03-23T14:56:28+00:00\",\"dateModified\":\"2025-06-04T15:09:28+00:00\",\"description\":\"Palpeurs \u00e0 angle pour l'inspection de soudures. Ce sont des palpeurs \u00e0 un \u00e9l\u00e9ment pour utilisation avec un sabot pour g\u00e9n\u00e9rer une onde longitudinale ou une onde transversale de r\u00e9fraction dans la pi\u00e8ce et pour la diffraction en temps de vol.\",\"breadcrumb\":{\"@id\":\"https:\/\/www.qnde.ca\/fr\/produit\/olympus-palpeurs-et-sabots-a-angle\/#breadcrumb\"},\"inLanguage\":\"fr-FR\",\"potentialAction\":[{\"@type\":\"ReadAction\",\"target\":[\"https:\/\/www.qnde.ca\/fr\/produit\/olympus-palpeurs-et-sabots-a-angle\/\"]}]},{\"@type\":\"ImageObject\",\"inLanguage\":\"fr-FR\",\"@id\":\"https:\/\/www.qnde.ca\/fr\/produit\/olympus-palpeurs-et-sabots-a-angle\/#primaryimage\",\"url\":\"https:\/\/www.qnde.ca\/wp-content\/uploads\/2022\/03\/Olympus-Angle-Beam-Transducers-and-Wedges.jpg\",\"contentUrl\":\"https:\/\/www.qnde.ca\/wp-content\/uploads\/2022\/03\/Olympus-Angle-Beam-Transducers-and-Wedges.jpg\",\"width\":649,\"height\":278},{\"@type\":\"BreadcrumbList\",\"@id\":\"https:\/\/www.qnde.ca\/fr\/produit\/olympus-palpeurs-et-sabots-a-angle\/#breadcrumb\",\"itemListElement\":[{\"@type\":\"ListItem\",\"position\":1,\"name\":\"Accueil\",\"item\":\"https:\/\/www.qnde.ca\/fr\/\"},{\"@type\":\"ListItem\",\"position\":2,\"name\":\"Produits\",\"item\":\"https:\/\/www.qnde.ca\/fr\/produits\/\"},{\"@type\":\"ListItem\",\"position\":3,\"name\":\"Ultrasons\",\"item\":\"https:\/\/www.qnde.ca\/fr\/product-category\/ultrasons\/\"},{\"@type\":\"ListItem\",\"position\":4,\"name\":\"Palpeurs\",\"item\":\"https:\/\/www.qnde.ca\/fr\/product-category\/ultrasons\/palpeurs\/\"},{\"@type\":\"ListItem\",\"position\":5,\"name\":\"Olympus Palpeurs et Sabots \u00e0 Angle\"}]},{\"@type\":\"WebSite\",\"@id\":\"https:\/\/www.qnde.ca\/#website\",\"url\":\"https:\/\/www.qnde.ca\/\",\"name\":\"Qualit\u00e9 NDE\",\"description\":\"\u00c9quipements d&#039;essais non destructifs \",\"publisher\":{\"@id\":\"https:\/\/www.qnde.ca\/#organization\"},\"potentialAction\":[{\"@type\":\"SearchAction\",\"target\":{\"@type\":\"EntryPoint\",\"urlTemplate\":\"https:\/\/www.qnde.ca\/?s={search_term_string}\"},\"query-input\":{\"@type\":\"PropertyValueSpecification\",\"valueRequired\":true,\"valueName\":\"search_term_string\"}}],\"inLanguage\":\"fr-FR\"},{\"@type\":\"Organization\",\"@id\":\"https:\/\/www.qnde.ca\/#organization\",\"name\":\"Quality NDT Ltd.\",\"url\":\"https:\/\/www.qnde.ca\/\",\"logo\":{\"@type\":\"ImageObject\",\"inLanguage\":\"fr-FR\",\"@id\":\"https:\/\/www.qnde.ca\/#\/schema\/logo\/image\/\",\"url\":\"https:\/\/www.qnde.ca\/wp-content\/uploads\/2022\/02\/QNDE_logo_RGB-gif.gif\",\"contentUrl\":\"https:\/\/www.qnde.ca\/wp-content\/uploads\/2022\/02\/QNDE_logo_RGB-gif.gif\",\"width\":250,\"height\":64,\"caption\":\"Quality NDT Ltd.\"},\"image\":{\"@id\":\"https:\/\/www.qnde.ca\/#\/schema\/logo\/image\/\"},\"sameAs\":[\"https:\/\/www.linkedin.com\/company\/qnde\/about\/?viewAsMember=true\"]}]}<\/script>\n<!-- \/ Yoast SEO plugin. -->","yoast_head_json":{"title":"Olympus Palpeurs et Sabots \u00e0 Angle &#060; Qualit\u00e9 NDE","description":"Palpeurs \u00e0 angle pour l'inspection de soudures. Ce sont des palpeurs \u00e0 un \u00e9l\u00e9ment pour utilisation avec un sabot pour g\u00e9n\u00e9rer une onde longitudinale ou une onde transversale de r\u00e9fraction dans la pi\u00e8ce et pour la diffraction en temps de vol.","robots":{"index":"index","follow":"follow","max-snippet":"max-snippet:-1","max-image-preview":"max-image-preview:large","max-video-preview":"max-video-preview:-1"},"canonical":"https:\/\/www.qnde.ca\/fr\/produit\/olympus-palpeurs-et-sabots-a-angle\/","twitter_misc":{"Dur\u00e9e de lecture estim\u00e9e":"1 minute"},"schema":{"@context":"https:\/\/schema.org","@graph":[{"@type":["WebPage","ItemPage"],"@id":"https:\/\/www.qnde.ca\/fr\/produit\/olympus-palpeurs-et-sabots-a-angle\/","url":"https:\/\/www.qnde.ca\/fr\/produit\/olympus-palpeurs-et-sabots-a-angle\/","name":"Olympus Palpeurs et Sabots \u00e0 Angle &#060; Qualit\u00e9 NDE","isPartOf":{"@id":"https:\/\/www.qnde.ca\/#website"},"primaryImageOfPage":{"@id":"https:\/\/www.qnde.ca\/fr\/produit\/olympus-palpeurs-et-sabots-a-angle\/#primaryimage"},"image":{"@id":"https:\/\/www.qnde.ca\/fr\/produit\/olympus-palpeurs-et-sabots-a-angle\/#primaryimage"},"thumbnailUrl":"https:\/\/www.qnde.ca\/wp-content\/uploads\/2022\/03\/Olympus-Angle-Beam-Transducers-and-Wedges.jpg","datePublished":"2022-03-23T14:56:28+00:00","dateModified":"2025-06-04T15:09:28+00:00","description":"Palpeurs \u00e0 angle pour l'inspection de soudures. Ce sont des palpeurs \u00e0 un \u00e9l\u00e9ment pour utilisation avec un sabot pour g\u00e9n\u00e9rer une onde longitudinale ou une onde transversale de r\u00e9fraction dans la pi\u00e8ce et pour la diffraction en temps de vol.","breadcrumb":{"@id":"https:\/\/www.qnde.ca\/fr\/produit\/olympus-palpeurs-et-sabots-a-angle\/#breadcrumb"},"inLanguage":"fr-FR","potentialAction":[{"@type":"ReadAction","target":["https:\/\/www.qnde.ca\/fr\/produit\/olympus-palpeurs-et-sabots-a-angle\/"]}]},{"@type":"ImageObject","inLanguage":"fr-FR","@id":"https:\/\/www.qnde.ca\/fr\/produit\/olympus-palpeurs-et-sabots-a-angle\/#primaryimage","url":"https:\/\/www.qnde.ca\/wp-content\/uploads\/2022\/03\/Olympus-Angle-Beam-Transducers-and-Wedges.jpg","contentUrl":"https:\/\/www.qnde.ca\/wp-content\/uploads\/2022\/03\/Olympus-Angle-Beam-Transducers-and-Wedges.jpg","width":649,"height":278},{"@type":"BreadcrumbList","@id":"https:\/\/www.qnde.ca\/fr\/produit\/olympus-palpeurs-et-sabots-a-angle\/#breadcrumb","itemListElement":[{"@type":"ListItem","position":1,"name":"Accueil","item":"https:\/\/www.qnde.ca\/fr\/"},{"@type":"ListItem","position":2,"name":"Produits","item":"https:\/\/www.qnde.ca\/fr\/produits\/"},{"@type":"ListItem","position":3,"name":"Ultrasons","item":"https:\/\/www.qnde.ca\/fr\/product-category\/ultrasons\/"},{"@type":"ListItem","position":4,"name":"Palpeurs","item":"https:\/\/www.qnde.ca\/fr\/product-category\/ultrasons\/palpeurs\/"},{"@type":"ListItem","position":5,"name":"Olympus Palpeurs et Sabots \u00e0 Angle"}]},{"@type":"WebSite","@id":"https:\/\/www.qnde.ca\/#website","url":"https:\/\/www.qnde.ca\/","name":"Qualit\u00e9 NDE","description":"\u00c9quipements d&#039;essais non destructifs ","publisher":{"@id":"https:\/\/www.qnde.ca\/#organization"},"potentialAction":[{"@type":"SearchAction","target":{"@type":"EntryPoint","urlTemplate":"https:\/\/www.qnde.ca\/?s={search_term_string}"},"query-input":{"@type":"PropertyValueSpecification","valueRequired":true,"valueName":"search_term_string"}}],"inLanguage":"fr-FR"},{"@type":"Organization","@id":"https:\/\/www.qnde.ca\/#organization","name":"Quality NDT Ltd.","url":"https:\/\/www.qnde.ca\/","logo":{"@type":"ImageObject","inLanguage":"fr-FR","@id":"https:\/\/www.qnde.ca\/#\/schema\/logo\/image\/","url":"https:\/\/www.qnde.ca\/wp-content\/uploads\/2022\/02\/QNDE_logo_RGB-gif.gif","contentUrl":"https:\/\/www.qnde.ca\/wp-content\/uploads\/2022\/02\/QNDE_logo_RGB-gif.gif","width":250,"height":64,"caption":"Quality NDT Ltd."},"image":{"@id":"https:\/\/www.qnde.ca\/#\/schema\/logo\/image\/"},"sameAs":["https:\/\/www.linkedin.com\/company\/qnde\/about\/?viewAsMember=true"]}]}},"jetpack_sharing_enabled":true,"_links":{"self":[{"href":"https:\/\/www.qnde.ca\/fr\/wp-json\/wp\/v2\/product\/23371","targetHints":{"allow":["GET"]}}],"collection":[{"href":"https:\/\/www.qnde.ca\/fr\/wp-json\/wp\/v2\/product"}],"about":[{"href":"https:\/\/www.qnde.ca\/fr\/wp-json\/wp\/v2\/types\/product"}],"wp:featuredmedia":[{"embeddable":true,"href":"https:\/\/www.qnde.ca\/fr\/wp-json\/wp\/v2\/media\/23375"}],"wp:attachment":[{"href":"https:\/\/www.qnde.ca\/fr\/wp-json\/wp\/v2\/media?parent=23371"}],"wp:term":[{"taxonomy":"product_brand","embeddable":true,"href":"https:\/\/www.qnde.ca\/fr\/wp-json\/wp\/v2\/product_brand?post=23371"},{"taxonomy":"product_cat","embeddable":true,"href":"https:\/\/www.qnde.ca\/fr\/wp-json\/wp\/v2\/product_cat?post=23371"},{"taxonomy":"product_tag","embeddable":true,"href":"https:\/\/www.qnde.ca\/fr\/wp-json\/wp\/v2\/product_tag?post=23371"}],"curies":[{"name":"wp","href":"https:\/\/api.w.org\/{rel}","templated":true}]}}