{"id":23355,"date":"2022-03-22T14:47:07","date_gmt":"2022-03-22T18:47:07","guid":{"rendered":"https:\/\/www.qnde.ca\/?post_type=product&#038;p=23355"},"modified":"2025-08-14T13:48:54","modified_gmt":"2025-08-14T17:48:54","slug":"olympus-epoch-650-detecteur-de-defauts","status":"publish","type":"product","link":"https:\/\/www.qnde.ca\/fr\/produit\/olympus-epoch-650-detecteur-de-defauts\/","title":{"rendered":"Olympus EPOCH 650, D\u00e9tecteur de D\u00e9fauts"},"content":{"rendered":"<h1>Olympus EPOCH 650, D\u00e9tecteur de D\u00e9fauts<\/h1>\n<p>&nbsp;<\/p>\n<p>L\u2019EPOCH 650 est un d\u00e9tecteur de d\u00e9fauts \u00e0 ultrasons simple d\u2019utilisation et tr\u00e8s performant adapt\u00e9 \u00e0 un grand nombre d\u2019applications. Cet instrument intuitif et robuste remplace le populaire EPOCH 600 avec des fonctions suppl\u00e9mentaires.<\/p>\n<p>L\u2019ensemble standard inclut:<\/p>\n<ul>\n<li>\u00a0IP66, certifi\u00e9 MIL contre les chocs et les vibrations.<\/li>\n<li>S\u00e9curitaire en atmosph\u00e8res explosives (voir ci-joint pour plus de d\u00e9tails).<\/li>\n<li>Protecteur de moniteur antireflets; Porte 1 et 2, Echo-to-Echo, DAC\/TCG dynamique, DGS\/AVS, AWS D1.1 et D1.5, ERS, sortie vid\u00e9o pour la formation et bien plus encore.<\/li>\n<li>Batterie lithium-ion.<\/li>\n<li>Chargeur 100-264VAC.<\/li>\n<li>C\u00e2ble USB.<\/li>\n<li>Manuel de l&rsquo;utilisateur.<\/li>\n<li>Certificat de conformit\u00e9 et certificat d&rsquo;\u00e9talonnage.<\/li>\n<li>\u00c9tui de transport souple avec bandouli\u00e8re.<\/li>\n<\/ul>\n<p>&nbsp;<\/p>\n<p>Options logicielles:<\/p>\n<ul>\n<li>Porte d&rsquo;interface.<\/li>\n<li>Corrosion B\/Scan.<\/li>\n<li>Stockage de mod\u00e8les.<\/li>\n<li>Att\u00e9nuation de l&rsquo;\u00e9cho de fond,<\/li>\n<li>Dimensionnement des d\u00e9fauts API 5UE,<\/li>\n<li>Moyenne des formes d&rsquo;onde,<\/li>\n<li>Gestion des donn\u00e9es,<\/li>\n<li>Rapport int\u00e9gr\u00e9.<\/li>\n<\/ul>\n<p>&nbsp;<\/p>\n<p>Consultez la fiche technique et la vid\u00e9o pour plus d&rsquo;informations.<\/p>\n<p>Contactez-nous pour discuter de votre application, vos exigences, des options disponibles et\/ou recevoir une soumission.<\/p>\n","protected":false},"excerpt":{"rendered":"<p>Olympus EPOCH 650, D\u00e9tecteur de D\u00e9fauts &nbsp; L\u2019EPOCH 650 est un d\u00e9tecteur de d\u00e9fauts \u00e0 ultrasons simple d\u2019utilisation et tr\u00e8s performant adapt\u00e9 \u00e0 un grand nombre d\u2019applications. Cet instrument intuitif et robuste remplace le populaire EPOCH 600 avec des fonctions suppl\u00e9mentaires. L\u2019ensemble standard inclut: \u00a0IP66, certifi\u00e9 MIL contre les chocs et les vibrations. S\u00e9curitaire en [&hellip;]<\/p>\n","protected":false},"featured_media":23356,"template":"","meta":{"_monsterinsights_skip_tracking":false,"_monsterinsights_sitenote_active":false,"_monsterinsights_sitenote_note":"","_monsterinsights_sitenote_category":0},"product_brand":[],"product_cat":[389,124,125],"product_tag":[],"class_list":{"0":"post-23355","1":"product","2":"type-product","3":"status-publish","4":"has-post-thumbnail","6":"product_cat-olympus-evident-fr","7":"product_cat-ultrasons","8":"product_cat-detecteurs-defauts","10":"first","11":"instock","12":"shipping-taxable","13":"purchasable","14":"product-type-simple"},"yoast_head":"<!-- This site is optimized with the Yoast SEO plugin v23.9 - https:\/\/yoast.com\/wordpress\/plugins\/seo\/ -->\n<title>Olympus EPOCH 650, D\u00e9tecteur de D\u00e9fauts &#060; Qualit\u00e9 NDE<\/title>\n<meta name=\"description\" content=\"EPOCH 650 d\u00e9tecteur de d\u00e9fauts \u00e0 ultrasons adapt\u00e9 \u00e0 un grand nombre d\u2019applications. Remplace le EPOCH 600 avec des fonctions suppl\u00e9mentaires.\" \/>\n<meta name=\"robots\" content=\"index, follow, max-snippet:-1, max-image-preview:large, max-video-preview:-1\" \/>\n<link rel=\"canonical\" href=\"https:\/\/www.qnde.ca\/fr\/produit\/olympus-epoch-650-detecteur-de-defauts\/\" \/>\n<meta name=\"twitter:label1\" content=\"Dur\u00e9e de lecture estim\u00e9e\" \/>\n\t<meta name=\"twitter:data1\" content=\"1 minute\" \/>\n<script type=\"application\/ld+json\" class=\"yoast-schema-graph\">{\"@context\":\"https:\/\/schema.org\",\"@graph\":[{\"@type\":[\"WebPage\",\"ItemPage\"],\"@id\":\"https:\/\/www.qnde.ca\/fr\/produit\/olympus-epoch-650-detecteur-de-defauts\/\",\"url\":\"https:\/\/www.qnde.ca\/fr\/produit\/olympus-epoch-650-detecteur-de-defauts\/\",\"name\":\"Olympus EPOCH 650, D\u00e9tecteur de D\u00e9fauts &#060; Qualit\u00e9 NDE\",\"isPartOf\":{\"@id\":\"https:\/\/www.qnde.ca\/#website\"},\"primaryImageOfPage\":{\"@id\":\"https:\/\/www.qnde.ca\/fr\/produit\/olympus-epoch-650-detecteur-de-defauts\/#primaryimage\"},\"image\":{\"@id\":\"https:\/\/www.qnde.ca\/fr\/produit\/olympus-epoch-650-detecteur-de-defauts\/#primaryimage\"},\"thumbnailUrl\":\"https:\/\/www.qnde.ca\/wp-content\/uploads\/2022\/03\/Olympus-EPOCH-650-Flaw-Detector.jpg\",\"datePublished\":\"2022-03-22T18:47:07+00:00\",\"dateModified\":\"2025-08-14T17:48:54+00:00\",\"description\":\"EPOCH 650 d\u00e9tecteur de d\u00e9fauts \u00e0 ultrasons adapt\u00e9 \u00e0 un grand nombre d\u2019applications. Remplace le EPOCH 600 avec des fonctions suppl\u00e9mentaires.\",\"breadcrumb\":{\"@id\":\"https:\/\/www.qnde.ca\/fr\/produit\/olympus-epoch-650-detecteur-de-defauts\/#breadcrumb\"},\"inLanguage\":\"fr-FR\",\"potentialAction\":[{\"@type\":\"ReadAction\",\"target\":[\"https:\/\/www.qnde.ca\/fr\/produit\/olympus-epoch-650-detecteur-de-defauts\/\"]}]},{\"@type\":\"ImageObject\",\"inLanguage\":\"fr-FR\",\"@id\":\"https:\/\/www.qnde.ca\/fr\/produit\/olympus-epoch-650-detecteur-de-defauts\/#primaryimage\",\"url\":\"https:\/\/www.qnde.ca\/wp-content\/uploads\/2022\/03\/Olympus-EPOCH-650-Flaw-Detector.jpg\",\"contentUrl\":\"https:\/\/www.qnde.ca\/wp-content\/uploads\/2022\/03\/Olympus-EPOCH-650-Flaw-Detector.jpg\",\"width\":500,\"height\":500},{\"@type\":\"BreadcrumbList\",\"@id\":\"https:\/\/www.qnde.ca\/fr\/produit\/olympus-epoch-650-detecteur-de-defauts\/#breadcrumb\",\"itemListElement\":[{\"@type\":\"ListItem\",\"position\":1,\"name\":\"Accueil\",\"item\":\"https:\/\/www.qnde.ca\/fr\/\"},{\"@type\":\"ListItem\",\"position\":2,\"name\":\"Produits\",\"item\":\"https:\/\/www.qnde.ca\/fr\/produits\/\"},{\"@type\":\"ListItem\",\"position\":3,\"name\":\"Ultrasons\",\"item\":\"https:\/\/www.qnde.ca\/fr\/product-category\/ultrasons\/\"},{\"@type\":\"ListItem\",\"position\":4,\"name\":\"D\u00e9tecteurs de D\u00e9fauts\",\"item\":\"https:\/\/www.qnde.ca\/fr\/product-category\/ultrasons\/detecteurs-defauts\/\"},{\"@type\":\"ListItem\",\"position\":5,\"name\":\"Olympus EPOCH 650, D\u00e9tecteur de D\u00e9fauts\"}]},{\"@type\":\"WebSite\",\"@id\":\"https:\/\/www.qnde.ca\/#website\",\"url\":\"https:\/\/www.qnde.ca\/\",\"name\":\"Qualit\u00e9 NDE\",\"description\":\"\u00c9quipements d&#039;essais non destructifs \",\"publisher\":{\"@id\":\"https:\/\/www.qnde.ca\/#organization\"},\"potentialAction\":[{\"@type\":\"SearchAction\",\"target\":{\"@type\":\"EntryPoint\",\"urlTemplate\":\"https:\/\/www.qnde.ca\/?s={search_term_string}\"},\"query-input\":{\"@type\":\"PropertyValueSpecification\",\"valueRequired\":true,\"valueName\":\"search_term_string\"}}],\"inLanguage\":\"fr-FR\"},{\"@type\":\"Organization\",\"@id\":\"https:\/\/www.qnde.ca\/#organization\",\"name\":\"Quality NDT Ltd.\",\"url\":\"https:\/\/www.qnde.ca\/\",\"logo\":{\"@type\":\"ImageObject\",\"inLanguage\":\"fr-FR\",\"@id\":\"https:\/\/www.qnde.ca\/#\/schema\/logo\/image\/\",\"url\":\"https:\/\/www.qnde.ca\/wp-content\/uploads\/2022\/02\/QNDE_logo_RGB-gif.gif\",\"contentUrl\":\"https:\/\/www.qnde.ca\/wp-content\/uploads\/2022\/02\/QNDE_logo_RGB-gif.gif\",\"width\":250,\"height\":64,\"caption\":\"Quality NDT Ltd.\"},\"image\":{\"@id\":\"https:\/\/www.qnde.ca\/#\/schema\/logo\/image\/\"},\"sameAs\":[\"https:\/\/www.linkedin.com\/company\/qnde\/about\/?viewAsMember=true\"]}]}<\/script>\n<!-- \/ Yoast SEO plugin. -->","yoast_head_json":{"title":"Olympus EPOCH 650, D\u00e9tecteur de D\u00e9fauts &#060; Qualit\u00e9 NDE","description":"EPOCH 650 d\u00e9tecteur de d\u00e9fauts \u00e0 ultrasons adapt\u00e9 \u00e0 un grand nombre d\u2019applications. Remplace le EPOCH 600 avec des fonctions suppl\u00e9mentaires.","robots":{"index":"index","follow":"follow","max-snippet":"max-snippet:-1","max-image-preview":"max-image-preview:large","max-video-preview":"max-video-preview:-1"},"canonical":"https:\/\/www.qnde.ca\/fr\/produit\/olympus-epoch-650-detecteur-de-defauts\/","twitter_misc":{"Dur\u00e9e de lecture estim\u00e9e":"1 minute"},"schema":{"@context":"https:\/\/schema.org","@graph":[{"@type":["WebPage","ItemPage"],"@id":"https:\/\/www.qnde.ca\/fr\/produit\/olympus-epoch-650-detecteur-de-defauts\/","url":"https:\/\/www.qnde.ca\/fr\/produit\/olympus-epoch-650-detecteur-de-defauts\/","name":"Olympus EPOCH 650, D\u00e9tecteur de D\u00e9fauts &#060; Qualit\u00e9 NDE","isPartOf":{"@id":"https:\/\/www.qnde.ca\/#website"},"primaryImageOfPage":{"@id":"https:\/\/www.qnde.ca\/fr\/produit\/olympus-epoch-650-detecteur-de-defauts\/#primaryimage"},"image":{"@id":"https:\/\/www.qnde.ca\/fr\/produit\/olympus-epoch-650-detecteur-de-defauts\/#primaryimage"},"thumbnailUrl":"https:\/\/www.qnde.ca\/wp-content\/uploads\/2022\/03\/Olympus-EPOCH-650-Flaw-Detector.jpg","datePublished":"2022-03-22T18:47:07+00:00","dateModified":"2025-08-14T17:48:54+00:00","description":"EPOCH 650 d\u00e9tecteur de d\u00e9fauts \u00e0 ultrasons adapt\u00e9 \u00e0 un grand nombre d\u2019applications. Remplace le EPOCH 600 avec des fonctions suppl\u00e9mentaires.","breadcrumb":{"@id":"https:\/\/www.qnde.ca\/fr\/produit\/olympus-epoch-650-detecteur-de-defauts\/#breadcrumb"},"inLanguage":"fr-FR","potentialAction":[{"@type":"ReadAction","target":["https:\/\/www.qnde.ca\/fr\/produit\/olympus-epoch-650-detecteur-de-defauts\/"]}]},{"@type":"ImageObject","inLanguage":"fr-FR","@id":"https:\/\/www.qnde.ca\/fr\/produit\/olympus-epoch-650-detecteur-de-defauts\/#primaryimage","url":"https:\/\/www.qnde.ca\/wp-content\/uploads\/2022\/03\/Olympus-EPOCH-650-Flaw-Detector.jpg","contentUrl":"https:\/\/www.qnde.ca\/wp-content\/uploads\/2022\/03\/Olympus-EPOCH-650-Flaw-Detector.jpg","width":500,"height":500},{"@type":"BreadcrumbList","@id":"https:\/\/www.qnde.ca\/fr\/produit\/olympus-epoch-650-detecteur-de-defauts\/#breadcrumb","itemListElement":[{"@type":"ListItem","position":1,"name":"Accueil","item":"https:\/\/www.qnde.ca\/fr\/"},{"@type":"ListItem","position":2,"name":"Produits","item":"https:\/\/www.qnde.ca\/fr\/produits\/"},{"@type":"ListItem","position":3,"name":"Ultrasons","item":"https:\/\/www.qnde.ca\/fr\/product-category\/ultrasons\/"},{"@type":"ListItem","position":4,"name":"D\u00e9tecteurs de D\u00e9fauts","item":"https:\/\/www.qnde.ca\/fr\/product-category\/ultrasons\/detecteurs-defauts\/"},{"@type":"ListItem","position":5,"name":"Olympus EPOCH 650, D\u00e9tecteur de D\u00e9fauts"}]},{"@type":"WebSite","@id":"https:\/\/www.qnde.ca\/#website","url":"https:\/\/www.qnde.ca\/","name":"Qualit\u00e9 NDE","description":"\u00c9quipements d&#039;essais non destructifs ","publisher":{"@id":"https:\/\/www.qnde.ca\/#organization"},"potentialAction":[{"@type":"SearchAction","target":{"@type":"EntryPoint","urlTemplate":"https:\/\/www.qnde.ca\/?s={search_term_string}"},"query-input":{"@type":"PropertyValueSpecification","valueRequired":true,"valueName":"search_term_string"}}],"inLanguage":"fr-FR"},{"@type":"Organization","@id":"https:\/\/www.qnde.ca\/#organization","name":"Quality NDT Ltd.","url":"https:\/\/www.qnde.ca\/","logo":{"@type":"ImageObject","inLanguage":"fr-FR","@id":"https:\/\/www.qnde.ca\/#\/schema\/logo\/image\/","url":"https:\/\/www.qnde.ca\/wp-content\/uploads\/2022\/02\/QNDE_logo_RGB-gif.gif","contentUrl":"https:\/\/www.qnde.ca\/wp-content\/uploads\/2022\/02\/QNDE_logo_RGB-gif.gif","width":250,"height":64,"caption":"Quality NDT Ltd."},"image":{"@id":"https:\/\/www.qnde.ca\/#\/schema\/logo\/image\/"},"sameAs":["https:\/\/www.linkedin.com\/company\/qnde\/about\/?viewAsMember=true"]}]}},"jetpack_sharing_enabled":true,"_links":{"self":[{"href":"https:\/\/www.qnde.ca\/fr\/wp-json\/wp\/v2\/product\/23355","targetHints":{"allow":["GET"]}}],"collection":[{"href":"https:\/\/www.qnde.ca\/fr\/wp-json\/wp\/v2\/product"}],"about":[{"href":"https:\/\/www.qnde.ca\/fr\/wp-json\/wp\/v2\/types\/product"}],"wp:featuredmedia":[{"embeddable":true,"href":"https:\/\/www.qnde.ca\/fr\/wp-json\/wp\/v2\/media\/23356"}],"wp:attachment":[{"href":"https:\/\/www.qnde.ca\/fr\/wp-json\/wp\/v2\/media?parent=23355"}],"wp:term":[{"taxonomy":"product_brand","embeddable":true,"href":"https:\/\/www.qnde.ca\/fr\/wp-json\/wp\/v2\/product_brand?post=23355"},{"taxonomy":"product_cat","embeddable":true,"href":"https:\/\/www.qnde.ca\/fr\/wp-json\/wp\/v2\/product_cat?post=23355"},{"taxonomy":"product_tag","embeddable":true,"href":"https:\/\/www.qnde.ca\/fr\/wp-json\/wp\/v2\/product_tag?post=23355"}],"curies":[{"name":"wp","href":"https:\/\/api.w.org\/{rel}","templated":true}]}}