{"id":23333,"date":"2022-03-17T16:00:11","date_gmt":"2022-03-17T20:00:11","guid":{"rendered":"https:\/\/www.qnde.ca\/?post_type=product&#038;p=23333"},"modified":"2025-08-11T10:13:58","modified_gmt":"2025-08-11T14:13:58","slug":"olympus-analyseur-xrf-vanta-e-vanta-element","status":"publish","type":"product","link":"https:\/\/www.qnde.ca\/fr\/produit\/olympus-analyseur-xrf-vanta-e-vanta-element\/","title":{"rendered":"Olympus Analyseur XRF Vanta-E Vanta Element"},"content":{"rendered":"<h3>Olympus Analyseur XRF Vanta-E Vanta Element<\/h3>\n<p>Les analyseurs XRF \u00e0 main Vanta<sup>&#x2122;<\/sup> fournissent des mesures \u00e9l\u00e9mentaires imm\u00e9diates sur le terrain pour toute une s\u00e9rie d\u2019applications mini\u00e8res et g\u00e9ochimiques, tout en assurant une flexibilit\u00e9 sur l\u2019ensemble du cycle des ressources min\u00e9rales. La s\u00e9rie VANTA ELEMENT offre une facilit\u00e9 d&rsquo;utilisation et une gestion efficace des donn\u00e9es dans un package d&rsquo;entr\u00e9e de gamme avec des fonctionnalit\u00e9s rationalis\u00e9es.<\/p>\n<p>&nbsp;<\/p>\n<p>Chaque unit\u00e9 est \u00e9quip\u00e9e de:<\/p>\n<ul>\n<li>IP54, d\u00e9tecteur PIN silicium et tungst\u00e8ne (W) : anode 35kV.<\/li>\n<li>Garantie du fabricant de 1 an.<\/li>\n<li>Transformateur de 18 V (de 100 V c.a. \u00e0 240 V c.a.), de 50 Hz \u00e0 60 Hz, 70 W ma.<\/li>\n<li>\u00c9cran LCD tactile capacitif de 800 \u00d7 480 pixels (WVGA) prenant en charge la commande gestuelle.<\/li>\n<\/ul>\n<p>&nbsp;<\/p>\n<p>Consultez la fiche technique et les vid\u00e9os pour plus d&rsquo;informations.<\/p>\n<p>Contactez-nous pour discuter un application, vos exigences, des options disponibles et\/ou recevoir une soumission.<\/p>\n","protected":false},"excerpt":{"rendered":"<p>Olympus Analyseur XRF Vanta-E Vanta Element Les analyseurs XRF \u00e0 main Vanta&#x2122; fournissent des mesures \u00e9l\u00e9mentaires imm\u00e9diates sur le terrain pour toute une s\u00e9rie d\u2019applications mini\u00e8res et g\u00e9ochimiques, tout en assurant une flexibilit\u00e9 sur l\u2019ensemble du cycle des ressources min\u00e9rales. La s\u00e9rie VANTA ELEMENT offre une facilit\u00e9 d&rsquo;utilisation et une gestion efficace des donn\u00e9es dans [&hellip;]<\/p>\n","protected":false},"featured_media":23211,"template":"","meta":{"_monsterinsights_skip_tracking":false,"_monsterinsights_sitenote_active":false,"_monsterinsights_sitenote_note":"","_monsterinsights_sitenote_category":0},"product_brand":[],"product_cat":[389,410,255],"product_tag":[],"class_list":{"0":"post-23333","1":"product","2":"type-product","3":"status-publish","4":"has-post-thumbnail","6":"product_cat-olympus-evident-fr","7":"product_cat-recyclage-metaux","8":"product_cat-analyseurs-xrf","10":"first","11":"instock","12":"shipping-taxable","13":"purchasable","14":"product-type-simple"},"yoast_head":"<!-- This site is optimized with the Yoast SEO plugin v23.9 - https:\/\/yoast.com\/wordpress\/plugins\/seo\/ -->\n<title>Olympus Analyseur XRF Vanta-E Vanta Element &#060; Qualit\u00e9 NDE<\/title>\n<meta name=\"description\" content=\"Olympus Vanta-E : analyseur XRF portable, rapide et simple pour l\u2019analyse \u00e9l\u00e9mentaire en g\u00e9ochimie et exploration mini\u00e8re.\" \/>\n<meta name=\"robots\" content=\"index, follow, max-snippet:-1, max-image-preview:large, max-video-preview:-1\" \/>\n<link rel=\"canonical\" href=\"https:\/\/www.qnde.ca\/fr\/produit\/olympus-analyseur-xrf-vanta-e-vanta-element\/\" \/>\n<meta name=\"twitter:label1\" content=\"Dur\u00e9e de lecture estim\u00e9e\" \/>\n\t<meta name=\"twitter:data1\" content=\"1 minute\" \/>\n<script type=\"application\/ld+json\" class=\"yoast-schema-graph\">{\"@context\":\"https:\/\/schema.org\",\"@graph\":[{\"@type\":[\"WebPage\",\"ItemPage\"],\"@id\":\"https:\/\/www.qnde.ca\/fr\/produit\/olympus-analyseur-xrf-vanta-e-vanta-element\/\",\"url\":\"https:\/\/www.qnde.ca\/fr\/produit\/olympus-analyseur-xrf-vanta-e-vanta-element\/\",\"name\":\"Olympus Analyseur XRF Vanta-E Vanta Element &#060; Qualit\u00e9 NDE\",\"isPartOf\":{\"@id\":\"https:\/\/www.qnde.ca\/#website\"},\"primaryImageOfPage\":{\"@id\":\"https:\/\/www.qnde.ca\/fr\/produit\/olympus-analyseur-xrf-vanta-e-vanta-element\/#primaryimage\"},\"image\":{\"@id\":\"https:\/\/www.qnde.ca\/fr\/produit\/olympus-analyseur-xrf-vanta-e-vanta-element\/#primaryimage\"},\"thumbnailUrl\":\"https:\/\/www.qnde.ca\/wp-content\/uploads\/2022\/02\/Olympus-Vanta-Handhelf-XRF-Analyzer-Family-M-Series-C-Series-Element-1.jpg\",\"datePublished\":\"2022-03-17T20:00:11+00:00\",\"dateModified\":\"2025-08-11T14:13:58+00:00\",\"description\":\"Olympus Vanta-E : analyseur XRF portable, rapide et simple pour l\u2019analyse \u00e9l\u00e9mentaire en g\u00e9ochimie et exploration mini\u00e8re.\",\"breadcrumb\":{\"@id\":\"https:\/\/www.qnde.ca\/fr\/produit\/olympus-analyseur-xrf-vanta-e-vanta-element\/#breadcrumb\"},\"inLanguage\":\"fr-FR\",\"potentialAction\":[{\"@type\":\"ReadAction\",\"target\":[\"https:\/\/www.qnde.ca\/fr\/produit\/olympus-analyseur-xrf-vanta-e-vanta-element\/\"]}]},{\"@type\":\"ImageObject\",\"inLanguage\":\"fr-FR\",\"@id\":\"https:\/\/www.qnde.ca\/fr\/produit\/olympus-analyseur-xrf-vanta-e-vanta-element\/#primaryimage\",\"url\":\"https:\/\/www.qnde.ca\/wp-content\/uploads\/2022\/02\/Olympus-Vanta-Handhelf-XRF-Analyzer-Family-M-Series-C-Series-Element-1.jpg\",\"contentUrl\":\"https:\/\/www.qnde.ca\/wp-content\/uploads\/2022\/02\/Olympus-Vanta-Handhelf-XRF-Analyzer-Family-M-Series-C-Series-Element-1.jpg\",\"width\":900,\"height\":599},{\"@type\":\"BreadcrumbList\",\"@id\":\"https:\/\/www.qnde.ca\/fr\/produit\/olympus-analyseur-xrf-vanta-e-vanta-element\/#breadcrumb\",\"itemListElement\":[{\"@type\":\"ListItem\",\"position\":1,\"name\":\"Accueil\",\"item\":\"https:\/\/www.qnde.ca\/fr\/\"},{\"@type\":\"ListItem\",\"position\":2,\"name\":\"Produits\",\"item\":\"https:\/\/www.qnde.ca\/fr\/produits\/\"},{\"@type\":\"ListItem\",\"position\":3,\"name\":\"Analyseurs XRF\",\"item\":\"https:\/\/www.qnde.ca\/fr\/product-category\/analyseurs-xrf\/\"},{\"@type\":\"ListItem\",\"position\":4,\"name\":\"Olympus Analyseur XRF Vanta-E Vanta Element\"}]},{\"@type\":\"WebSite\",\"@id\":\"https:\/\/www.qnde.ca\/#website\",\"url\":\"https:\/\/www.qnde.ca\/\",\"name\":\"Qualit\u00e9 NDE\",\"description\":\"\u00c9quipements d&#039;essais non destructifs \",\"publisher\":{\"@id\":\"https:\/\/www.qnde.ca\/#organization\"},\"potentialAction\":[{\"@type\":\"SearchAction\",\"target\":{\"@type\":\"EntryPoint\",\"urlTemplate\":\"https:\/\/www.qnde.ca\/?s={search_term_string}\"},\"query-input\":{\"@type\":\"PropertyValueSpecification\",\"valueRequired\":true,\"valueName\":\"search_term_string\"}}],\"inLanguage\":\"fr-FR\"},{\"@type\":\"Organization\",\"@id\":\"https:\/\/www.qnde.ca\/#organization\",\"name\":\"Quality NDT Ltd.\",\"url\":\"https:\/\/www.qnde.ca\/\",\"logo\":{\"@type\":\"ImageObject\",\"inLanguage\":\"fr-FR\",\"@id\":\"https:\/\/www.qnde.ca\/#\/schema\/logo\/image\/\",\"url\":\"https:\/\/www.qnde.ca\/wp-content\/uploads\/2022\/02\/QNDE_logo_RGB-gif.gif\",\"contentUrl\":\"https:\/\/www.qnde.ca\/wp-content\/uploads\/2022\/02\/QNDE_logo_RGB-gif.gif\",\"width\":250,\"height\":64,\"caption\":\"Quality NDT Ltd.\"},\"image\":{\"@id\":\"https:\/\/www.qnde.ca\/#\/schema\/logo\/image\/\"},\"sameAs\":[\"https:\/\/www.linkedin.com\/company\/qnde\/about\/?viewAsMember=true\"]}]}<\/script>\n<!-- \/ Yoast SEO plugin. -->","yoast_head_json":{"title":"Olympus Analyseur XRF Vanta-E Vanta Element &#060; Qualit\u00e9 NDE","description":"Olympus Vanta-E : analyseur XRF portable, rapide et simple pour l\u2019analyse \u00e9l\u00e9mentaire en g\u00e9ochimie et exploration mini\u00e8re.","robots":{"index":"index","follow":"follow","max-snippet":"max-snippet:-1","max-image-preview":"max-image-preview:large","max-video-preview":"max-video-preview:-1"},"canonical":"https:\/\/www.qnde.ca\/fr\/produit\/olympus-analyseur-xrf-vanta-e-vanta-element\/","twitter_misc":{"Dur\u00e9e de lecture estim\u00e9e":"1 minute"},"schema":{"@context":"https:\/\/schema.org","@graph":[{"@type":["WebPage","ItemPage"],"@id":"https:\/\/www.qnde.ca\/fr\/produit\/olympus-analyseur-xrf-vanta-e-vanta-element\/","url":"https:\/\/www.qnde.ca\/fr\/produit\/olympus-analyseur-xrf-vanta-e-vanta-element\/","name":"Olympus Analyseur XRF Vanta-E Vanta Element &#060; Qualit\u00e9 NDE","isPartOf":{"@id":"https:\/\/www.qnde.ca\/#website"},"primaryImageOfPage":{"@id":"https:\/\/www.qnde.ca\/fr\/produit\/olympus-analyseur-xrf-vanta-e-vanta-element\/#primaryimage"},"image":{"@id":"https:\/\/www.qnde.ca\/fr\/produit\/olympus-analyseur-xrf-vanta-e-vanta-element\/#primaryimage"},"thumbnailUrl":"https:\/\/www.qnde.ca\/wp-content\/uploads\/2022\/02\/Olympus-Vanta-Handhelf-XRF-Analyzer-Family-M-Series-C-Series-Element-1.jpg","datePublished":"2022-03-17T20:00:11+00:00","dateModified":"2025-08-11T14:13:58+00:00","description":"Olympus Vanta-E : analyseur XRF portable, rapide et simple pour l\u2019analyse \u00e9l\u00e9mentaire en g\u00e9ochimie et exploration mini\u00e8re.","breadcrumb":{"@id":"https:\/\/www.qnde.ca\/fr\/produit\/olympus-analyseur-xrf-vanta-e-vanta-element\/#breadcrumb"},"inLanguage":"fr-FR","potentialAction":[{"@type":"ReadAction","target":["https:\/\/www.qnde.ca\/fr\/produit\/olympus-analyseur-xrf-vanta-e-vanta-element\/"]}]},{"@type":"ImageObject","inLanguage":"fr-FR","@id":"https:\/\/www.qnde.ca\/fr\/produit\/olympus-analyseur-xrf-vanta-e-vanta-element\/#primaryimage","url":"https:\/\/www.qnde.ca\/wp-content\/uploads\/2022\/02\/Olympus-Vanta-Handhelf-XRF-Analyzer-Family-M-Series-C-Series-Element-1.jpg","contentUrl":"https:\/\/www.qnde.ca\/wp-content\/uploads\/2022\/02\/Olympus-Vanta-Handhelf-XRF-Analyzer-Family-M-Series-C-Series-Element-1.jpg","width":900,"height":599},{"@type":"BreadcrumbList","@id":"https:\/\/www.qnde.ca\/fr\/produit\/olympus-analyseur-xrf-vanta-e-vanta-element\/#breadcrumb","itemListElement":[{"@type":"ListItem","position":1,"name":"Accueil","item":"https:\/\/www.qnde.ca\/fr\/"},{"@type":"ListItem","position":2,"name":"Produits","item":"https:\/\/www.qnde.ca\/fr\/produits\/"},{"@type":"ListItem","position":3,"name":"Analyseurs XRF","item":"https:\/\/www.qnde.ca\/fr\/product-category\/analyseurs-xrf\/"},{"@type":"ListItem","position":4,"name":"Olympus Analyseur XRF Vanta-E Vanta Element"}]},{"@type":"WebSite","@id":"https:\/\/www.qnde.ca\/#website","url":"https:\/\/www.qnde.ca\/","name":"Qualit\u00e9 NDE","description":"\u00c9quipements d&#039;essais non destructifs ","publisher":{"@id":"https:\/\/www.qnde.ca\/#organization"},"potentialAction":[{"@type":"SearchAction","target":{"@type":"EntryPoint","urlTemplate":"https:\/\/www.qnde.ca\/?s={search_term_string}"},"query-input":{"@type":"PropertyValueSpecification","valueRequired":true,"valueName":"search_term_string"}}],"inLanguage":"fr-FR"},{"@type":"Organization","@id":"https:\/\/www.qnde.ca\/#organization","name":"Quality NDT Ltd.","url":"https:\/\/www.qnde.ca\/","logo":{"@type":"ImageObject","inLanguage":"fr-FR","@id":"https:\/\/www.qnde.ca\/#\/schema\/logo\/image\/","url":"https:\/\/www.qnde.ca\/wp-content\/uploads\/2022\/02\/QNDE_logo_RGB-gif.gif","contentUrl":"https:\/\/www.qnde.ca\/wp-content\/uploads\/2022\/02\/QNDE_logo_RGB-gif.gif","width":250,"height":64,"caption":"Quality NDT Ltd."},"image":{"@id":"https:\/\/www.qnde.ca\/#\/schema\/logo\/image\/"},"sameAs":["https:\/\/www.linkedin.com\/company\/qnde\/about\/?viewAsMember=true"]}]}},"jetpack_sharing_enabled":true,"_links":{"self":[{"href":"https:\/\/www.qnde.ca\/fr\/wp-json\/wp\/v2\/product\/23333","targetHints":{"allow":["GET"]}}],"collection":[{"href":"https:\/\/www.qnde.ca\/fr\/wp-json\/wp\/v2\/product"}],"about":[{"href":"https:\/\/www.qnde.ca\/fr\/wp-json\/wp\/v2\/types\/product"}],"wp:featuredmedia":[{"embeddable":true,"href":"https:\/\/www.qnde.ca\/fr\/wp-json\/wp\/v2\/media\/23211"}],"wp:attachment":[{"href":"https:\/\/www.qnde.ca\/fr\/wp-json\/wp\/v2\/media?parent=23333"}],"wp:term":[{"taxonomy":"product_brand","embeddable":true,"href":"https:\/\/www.qnde.ca\/fr\/wp-json\/wp\/v2\/product_brand?post=23333"},{"taxonomy":"product_cat","embeddable":true,"href":"https:\/\/www.qnde.ca\/fr\/wp-json\/wp\/v2\/product_cat?post=23333"},{"taxonomy":"product_tag","embeddable":true,"href":"https:\/\/www.qnde.ca\/fr\/wp-json\/wp\/v2\/product_tag?post=23333"}],"curies":[{"name":"wp","href":"https:\/\/api.w.org\/{rel}","templated":true}]}}