{"id":23202,"date":"2022-03-08T14:41:30","date_gmt":"2022-03-08T19:41:30","guid":{"rendered":"https:\/\/www.qnde.ca\/?post_type=product&#038;p=23202"},"modified":"2025-08-11T10:17:55","modified_gmt":"2025-08-11T14:17:55","slug":"analyseur-xrf-vanta-m","status":"publish","type":"product","link":"https:\/\/www.qnde.ca\/fr\/produit\/analyseur-xrf-vanta-m\/","title":{"rendered":"Olympus Analyseur XRF Vanta-M"},"content":{"rendered":"<h3><\/h3>\n<h3>Olympus Analyseur XRF Vanta-M<\/h3>\n<p>Les analyseurs XRF \u00e0 main Vanta<sup>&#x2122;<\/sup> fournissent des mesures \u00e9l\u00e9mentaires imm\u00e9diates sur le terrain pour toute une s\u00e9rie d\u2019applications mini\u00e8res et g\u00e9ochimiques, tout en assurant une flexibilit\u00e9 sur l\u2019ensemble du cycle des ressources min\u00e9rales.\u00a0 La s\u00e9ries VANTA-M est l&rsquo;analyseur le plus rapide et puissant avec performance exceptionnel.<\/p>\n<p>&nbsp;<\/p>\n<p>Chaque unit\u00e9 est \u00e9quip\u00e9e de:<\/p>\n<ul>\n<li>F\u00e9tecteur de d\u00e9rive au silicium de grande surface, au choix d&rsquo;une anode en rhodium (Rh) ou en tungst\u00e8ne (W)<\/li>\n<li>Tube \u00e0 rayons X de 50 kV.<\/li>\n<li>IP54, obturateur de d\u00e9tecteur solide pour \u00e9viter d&rsquo;endommager le d\u00e9tecteur.<\/li>\n<li>Batterie Li-ion 14,4 V amovible avec capacit\u00e9 de remplacement \u00e0 chaud.<\/li>\n<li>Barom\u00e8tre int\u00e9gr\u00e9 pour la correction automatique d&rsquo;altitude et de densit\u00e9 d&rsquo;air et bien plus encore.<\/li>\n<li>Garantie du fabricant de 3 ans.<\/li>\n<li>Transformateur de 18 V (de 100 V c.a. \u00e0 240 V c.a.), de 50 Hz \u00e0 60 Hz, 70 W ma.<\/li>\n<li>\u00c9cran LCD tactile capacitif de 800 \u00d7 480 pixels (WVGA) prenant en charge la commande gestuelle.<\/li>\n<\/ul>\n<p>&nbsp;<\/p>\n<p>Tout les mod\u00e8les VANTA-M viennent avec tube \u00e0 rayons X de 4 W avec anode optimis\u00e9e selon l\u2019application (en rhodium [Rh], en argent [Ag] ou en tungst\u00e8ne [W]).<\/p>\n<p>&nbsp;<\/p>\n<p>Consultez la fiche technique et les vid\u00e9os pour plus d&rsquo;informations.<\/p>\n<p>Contactez-nous pour discuter un application, vos exigences, des options disponibles et\/ou recevoir une soumission.<\/p>\n","protected":false},"excerpt":{"rendered":"<p>Olympus Analyseur XRF Vanta-M Les analyseurs XRF \u00e0 main Vanta&#x2122; fournissent des mesures \u00e9l\u00e9mentaires imm\u00e9diates sur le terrain pour toute une s\u00e9rie d\u2019applications mini\u00e8res et g\u00e9ochimiques, tout en assurant une flexibilit\u00e9 sur l\u2019ensemble du cycle des ressources min\u00e9rales.\u00a0 La s\u00e9ries VANTA-M est l&rsquo;analyseur le plus rapide et puissant avec performance exceptionnel. &nbsp; Chaque unit\u00e9 est [&hellip;]<\/p>\n","protected":false},"featured_media":23215,"template":"","meta":{"_monsterinsights_skip_tracking":false,"_monsterinsights_sitenote_active":false,"_monsterinsights_sitenote_note":"","_monsterinsights_sitenote_category":0},"product_brand":[],"product_cat":[389,410,255],"product_tag":[],"class_list":{"0":"post-23202","1":"product","2":"type-product","3":"status-publish","4":"has-post-thumbnail","6":"product_cat-olympus-evident-fr","7":"product_cat-recyclage-metaux","8":"product_cat-analyseurs-xrf","10":"first","11":"instock","12":"shipping-taxable","13":"purchasable","14":"product-type-simple"},"yoast_head":"<!-- This site is optimized with the Yoast SEO plugin v23.9 - https:\/\/yoast.com\/wordpress\/plugins\/seo\/ -->\n<title>Olympus Analyseur XRF Vanta-M &#060; Qualit\u00e9 NDE<\/title>\n<meta name=\"description\" content=\"Olympus Vanta-M : analyseur XRF portable le plus rapide et puissant, id\u00e9al pour analyses mini\u00e8res et g\u00e9ochimiques de haute performance.\" \/>\n<meta name=\"robots\" content=\"index, follow, max-snippet:-1, max-image-preview:large, max-video-preview:-1\" \/>\n<link rel=\"canonical\" href=\"https:\/\/www.qnde.ca\/fr\/produit\/analyseur-xrf-vanta-m\/\" \/>\n<meta name=\"twitter:label1\" content=\"Dur\u00e9e de lecture estim\u00e9e\" \/>\n\t<meta name=\"twitter:data1\" content=\"2 minutes\" \/>\n<script type=\"application\/ld+json\" class=\"yoast-schema-graph\">{\"@context\":\"https:\/\/schema.org\",\"@graph\":[{\"@type\":[\"WebPage\",\"ItemPage\"],\"@id\":\"https:\/\/www.qnde.ca\/fr\/produit\/analyseur-xrf-vanta-m\/\",\"url\":\"https:\/\/www.qnde.ca\/fr\/produit\/analyseur-xrf-vanta-m\/\",\"name\":\"Olympus Analyseur XRF Vanta-M &#060; Qualit\u00e9 NDE\",\"isPartOf\":{\"@id\":\"https:\/\/www.qnde.ca\/#website\"},\"primaryImageOfPage\":{\"@id\":\"https:\/\/www.qnde.ca\/fr\/produit\/analyseur-xrf-vanta-m\/#primaryimage\"},\"image\":{\"@id\":\"https:\/\/www.qnde.ca\/fr\/produit\/analyseur-xrf-vanta-m\/#primaryimage\"},\"thumbnailUrl\":\"https:\/\/www.qnde.ca\/wp-content\/uploads\/2022\/02\/Olympus-Vanta-M-with-Field-Stand-for-small-samples-in-cups-or-bags.jpg\",\"datePublished\":\"2022-03-08T19:41:30+00:00\",\"dateModified\":\"2025-08-11T14:17:55+00:00\",\"description\":\"Olympus Vanta-M : analyseur XRF portable le plus rapide et puissant, id\u00e9al pour analyses mini\u00e8res et g\u00e9ochimiques de haute performance.\",\"breadcrumb\":{\"@id\":\"https:\/\/www.qnde.ca\/fr\/produit\/analyseur-xrf-vanta-m\/#breadcrumb\"},\"inLanguage\":\"fr-FR\",\"potentialAction\":[{\"@type\":\"ReadAction\",\"target\":[\"https:\/\/www.qnde.ca\/fr\/produit\/analyseur-xrf-vanta-m\/\"]}]},{\"@type\":\"ImageObject\",\"inLanguage\":\"fr-FR\",\"@id\":\"https:\/\/www.qnde.ca\/fr\/produit\/analyseur-xrf-vanta-m\/#primaryimage\",\"url\":\"https:\/\/www.qnde.ca\/wp-content\/uploads\/2022\/02\/Olympus-Vanta-M-with-Field-Stand-for-small-samples-in-cups-or-bags.jpg\",\"contentUrl\":\"https:\/\/www.qnde.ca\/wp-content\/uploads\/2022\/02\/Olympus-Vanta-M-with-Field-Stand-for-small-samples-in-cups-or-bags.jpg\",\"width\":1640,\"height\":1094},{\"@type\":\"BreadcrumbList\",\"@id\":\"https:\/\/www.qnde.ca\/fr\/produit\/analyseur-xrf-vanta-m\/#breadcrumb\",\"itemListElement\":[{\"@type\":\"ListItem\",\"position\":1,\"name\":\"Accueil\",\"item\":\"https:\/\/www.qnde.ca\/fr\/\"},{\"@type\":\"ListItem\",\"position\":2,\"name\":\"Produits\",\"item\":\"https:\/\/www.qnde.ca\/fr\/produits\/\"},{\"@type\":\"ListItem\",\"position\":3,\"name\":\"Analyseurs XRF\",\"item\":\"https:\/\/www.qnde.ca\/fr\/product-category\/analyseurs-xrf\/\"},{\"@type\":\"ListItem\",\"position\":4,\"name\":\"Olympus Analyseur XRF Vanta-M\"}]},{\"@type\":\"WebSite\",\"@id\":\"https:\/\/www.qnde.ca\/#website\",\"url\":\"https:\/\/www.qnde.ca\/\",\"name\":\"Qualit\u00e9 NDE\",\"description\":\"\u00c9quipements d&#039;essais non destructifs \",\"publisher\":{\"@id\":\"https:\/\/www.qnde.ca\/#organization\"},\"potentialAction\":[{\"@type\":\"SearchAction\",\"target\":{\"@type\":\"EntryPoint\",\"urlTemplate\":\"https:\/\/www.qnde.ca\/?s={search_term_string}\"},\"query-input\":{\"@type\":\"PropertyValueSpecification\",\"valueRequired\":true,\"valueName\":\"search_term_string\"}}],\"inLanguage\":\"fr-FR\"},{\"@type\":\"Organization\",\"@id\":\"https:\/\/www.qnde.ca\/#organization\",\"name\":\"Quality NDT Ltd.\",\"url\":\"https:\/\/www.qnde.ca\/\",\"logo\":{\"@type\":\"ImageObject\",\"inLanguage\":\"fr-FR\",\"@id\":\"https:\/\/www.qnde.ca\/#\/schema\/logo\/image\/\",\"url\":\"https:\/\/www.qnde.ca\/wp-content\/uploads\/2022\/02\/QNDE_logo_RGB-gif.gif\",\"contentUrl\":\"https:\/\/www.qnde.ca\/wp-content\/uploads\/2022\/02\/QNDE_logo_RGB-gif.gif\",\"width\":250,\"height\":64,\"caption\":\"Quality NDT Ltd.\"},\"image\":{\"@id\":\"https:\/\/www.qnde.ca\/#\/schema\/logo\/image\/\"},\"sameAs\":[\"https:\/\/www.linkedin.com\/company\/qnde\/about\/?viewAsMember=true\"]}]}<\/script>\n<!-- \/ Yoast SEO plugin. -->","yoast_head_json":{"title":"Olympus Analyseur XRF Vanta-M &#060; Qualit\u00e9 NDE","description":"Olympus Vanta-M : analyseur XRF portable le plus rapide et puissant, id\u00e9al pour analyses mini\u00e8res et g\u00e9ochimiques de haute performance.","robots":{"index":"index","follow":"follow","max-snippet":"max-snippet:-1","max-image-preview":"max-image-preview:large","max-video-preview":"max-video-preview:-1"},"canonical":"https:\/\/www.qnde.ca\/fr\/produit\/analyseur-xrf-vanta-m\/","twitter_misc":{"Dur\u00e9e de lecture estim\u00e9e":"2 minutes"},"schema":{"@context":"https:\/\/schema.org","@graph":[{"@type":["WebPage","ItemPage"],"@id":"https:\/\/www.qnde.ca\/fr\/produit\/analyseur-xrf-vanta-m\/","url":"https:\/\/www.qnde.ca\/fr\/produit\/analyseur-xrf-vanta-m\/","name":"Olympus Analyseur XRF Vanta-M &#060; Qualit\u00e9 NDE","isPartOf":{"@id":"https:\/\/www.qnde.ca\/#website"},"primaryImageOfPage":{"@id":"https:\/\/www.qnde.ca\/fr\/produit\/analyseur-xrf-vanta-m\/#primaryimage"},"image":{"@id":"https:\/\/www.qnde.ca\/fr\/produit\/analyseur-xrf-vanta-m\/#primaryimage"},"thumbnailUrl":"https:\/\/www.qnde.ca\/wp-content\/uploads\/2022\/02\/Olympus-Vanta-M-with-Field-Stand-for-small-samples-in-cups-or-bags.jpg","datePublished":"2022-03-08T19:41:30+00:00","dateModified":"2025-08-11T14:17:55+00:00","description":"Olympus Vanta-M : analyseur XRF portable le plus rapide et puissant, id\u00e9al pour analyses mini\u00e8res et g\u00e9ochimiques de haute performance.","breadcrumb":{"@id":"https:\/\/www.qnde.ca\/fr\/produit\/analyseur-xrf-vanta-m\/#breadcrumb"},"inLanguage":"fr-FR","potentialAction":[{"@type":"ReadAction","target":["https:\/\/www.qnde.ca\/fr\/produit\/analyseur-xrf-vanta-m\/"]}]},{"@type":"ImageObject","inLanguage":"fr-FR","@id":"https:\/\/www.qnde.ca\/fr\/produit\/analyseur-xrf-vanta-m\/#primaryimage","url":"https:\/\/www.qnde.ca\/wp-content\/uploads\/2022\/02\/Olympus-Vanta-M-with-Field-Stand-for-small-samples-in-cups-or-bags.jpg","contentUrl":"https:\/\/www.qnde.ca\/wp-content\/uploads\/2022\/02\/Olympus-Vanta-M-with-Field-Stand-for-small-samples-in-cups-or-bags.jpg","width":1640,"height":1094},{"@type":"BreadcrumbList","@id":"https:\/\/www.qnde.ca\/fr\/produit\/analyseur-xrf-vanta-m\/#breadcrumb","itemListElement":[{"@type":"ListItem","position":1,"name":"Accueil","item":"https:\/\/www.qnde.ca\/fr\/"},{"@type":"ListItem","position":2,"name":"Produits","item":"https:\/\/www.qnde.ca\/fr\/produits\/"},{"@type":"ListItem","position":3,"name":"Analyseurs XRF","item":"https:\/\/www.qnde.ca\/fr\/product-category\/analyseurs-xrf\/"},{"@type":"ListItem","position":4,"name":"Olympus Analyseur XRF Vanta-M"}]},{"@type":"WebSite","@id":"https:\/\/www.qnde.ca\/#website","url":"https:\/\/www.qnde.ca\/","name":"Qualit\u00e9 NDE","description":"\u00c9quipements d&#039;essais non destructifs ","publisher":{"@id":"https:\/\/www.qnde.ca\/#organization"},"potentialAction":[{"@type":"SearchAction","target":{"@type":"EntryPoint","urlTemplate":"https:\/\/www.qnde.ca\/?s={search_term_string}"},"query-input":{"@type":"PropertyValueSpecification","valueRequired":true,"valueName":"search_term_string"}}],"inLanguage":"fr-FR"},{"@type":"Organization","@id":"https:\/\/www.qnde.ca\/#organization","name":"Quality NDT Ltd.","url":"https:\/\/www.qnde.ca\/","logo":{"@type":"ImageObject","inLanguage":"fr-FR","@id":"https:\/\/www.qnde.ca\/#\/schema\/logo\/image\/","url":"https:\/\/www.qnde.ca\/wp-content\/uploads\/2022\/02\/QNDE_logo_RGB-gif.gif","contentUrl":"https:\/\/www.qnde.ca\/wp-content\/uploads\/2022\/02\/QNDE_logo_RGB-gif.gif","width":250,"height":64,"caption":"Quality NDT Ltd."},"image":{"@id":"https:\/\/www.qnde.ca\/#\/schema\/logo\/image\/"},"sameAs":["https:\/\/www.linkedin.com\/company\/qnde\/about\/?viewAsMember=true"]}]}},"jetpack_sharing_enabled":true,"_links":{"self":[{"href":"https:\/\/www.qnde.ca\/fr\/wp-json\/wp\/v2\/product\/23202","targetHints":{"allow":["GET"]}}],"collection":[{"href":"https:\/\/www.qnde.ca\/fr\/wp-json\/wp\/v2\/product"}],"about":[{"href":"https:\/\/www.qnde.ca\/fr\/wp-json\/wp\/v2\/types\/product"}],"wp:featuredmedia":[{"embeddable":true,"href":"https:\/\/www.qnde.ca\/fr\/wp-json\/wp\/v2\/media\/23215"}],"wp:attachment":[{"href":"https:\/\/www.qnde.ca\/fr\/wp-json\/wp\/v2\/media?parent=23202"}],"wp:term":[{"taxonomy":"product_brand","embeddable":true,"href":"https:\/\/www.qnde.ca\/fr\/wp-json\/wp\/v2\/product_brand?post=23202"},{"taxonomy":"product_cat","embeddable":true,"href":"https:\/\/www.qnde.ca\/fr\/wp-json\/wp\/v2\/product_cat?post=23202"},{"taxonomy":"product_tag","embeddable":true,"href":"https:\/\/www.qnde.ca\/fr\/wp-json\/wp\/v2\/product_tag?post=23202"}],"curies":[{"name":"wp","href":"https:\/\/api.w.org\/{rel}","templated":true}]}}