{"id":22909,"date":"2022-02-01T13:25:52","date_gmt":"2022-02-01T18:25:52","guid":{"rendered":"https:\/\/www.qnde.ca\/?post_type=product&#038;p=22909"},"modified":"2025-08-20T09:32:24","modified_gmt":"2025-08-20T13:32:24","slug":"custom-liquid-penetrant-line","status":"publish","type":"product","link":"https:\/\/www.qnde.ca\/fr\/produit\/custom-liquid-penetrant-line\/","title":{"rendered":"QNDE 1633-6 Ligne de P\u00e9n\u00e9trant Lavable \u00e0 L&rsquo;eau \u00e0 Six Stations pour Inspection Ressuage &#8211; SUR MESURE"},"content":{"rendered":"<h3><strong>QNDE-1633-6 Ligne de P\u00e9n\u00e9trant Lavable \u00e0 L&rsquo;eau \u00e0 Six Stations pour Inspection Ressuage &#8211; SUR MESURE<\/strong><\/h3>\n<p data-start=\"203\" data-end=\"454\">La ligne de p\u00e9n\u00e9trant lavable \u00e0 l\u2019eau \u00e0 six stations de Qualit\u00e9 NDE est fabriqu\u00e9e en acier inoxydable pour garantir des ann\u00e9es d\u2019utilisation sans probl\u00e8me. Cette ligne de ressuage peut \u00eatre con\u00e7ue sur mesure afin de r\u00e9pondre \u00e0 vos besoins sp\u00e9cifiques.<\/p>\n<p data-start=\"456\" data-end=\"910\">La ligne d\u2019inspection par liquide p\u00e9n\u00e9trant lavable \u00e0 l\u2019eau comprend un panneau de contr\u00f4le central avec des boutons ON\/OFF lumineux pour l\u2019ensemble de la ligne ainsi que pour la collecte de la bruine, et un contr\u00f4le de temp\u00e9rature ajustable pour le s\u00e9choir. Elle est \u00e9galement \u00e9quip\u00e9e de grilles en aluminium aux stations 2, 3 et 5, ainsi que d\u2019un s\u00e9choir dot\u00e9 d\u2019un contr\u00f4leur de temp\u00e9rature \u00e9lectronique \u00e9talonn\u00e9, avec protection contre les surcharges.<\/p>\n<p data-start=\"912\" data-end=\"1244\">La QNDE-1633-6 peut \u00eatre \u00e9quip\u00e9e de diverses options, telles qu\u2019un dessus en polypropyl\u00e8ne noir, des trous de 3\/8&Prime; tous les 2&Prime; aux stations 2, 3 et 5, ainsi qu\u2019une grille anti-\u00e9claboussures pour la station de rin\u00e7age.<br data-start=\"1129\" data-end=\"1132\" \/>Elle peut \u00e9galement inclure un kit de lumi\u00e8re UV sur support articul\u00e9 et des minuteries pour plusieurs stations.<\/p>\n<p data-start=\"1246\" data-end=\"1353\">Pour plus de d\u00e9tails sur les options offertes, veuillez consulter notre fiche technique ou notre catalogue.<\/p>\n<p data-start=\"1355\" data-end=\"1548\">Pour commander votre ligne de p\u00e9n\u00e9trant liquide pour inspection QNDE-1633-6, remplissez notre fiche produit et communiquez avec notre sp\u00e9cialiste de projet afin de nous transmettre vos besoins.<\/p>\n","protected":false},"excerpt":{"rendered":"<p>QNDE-1633-6 Ligne de P\u00e9n\u00e9trant Lavable \u00e0 L&rsquo;eau \u00e0 Six Stations pour Inspection Ressuage &#8211; SUR MESURE La ligne de p\u00e9n\u00e9trant lavable \u00e0 l\u2019eau \u00e0 six stations de Qualit\u00e9 NDE est fabriqu\u00e9e en acier inoxydable pour garantir des ann\u00e9es d\u2019utilisation sans probl\u00e8me. Cette ligne de ressuage peut \u00eatre con\u00e7ue sur mesure afin de r\u00e9pondre \u00e0 vos [&hellip;]<\/p>\n","protected":false},"featured_media":28119,"template":"","meta":{"_monsterinsights_skip_tracking":false,"_monsterinsights_sitenote_active":false,"_monsterinsights_sitenote_note":"","_monsterinsights_sitenote_category":0},"product_brand":[],"product_cat":[392,129,118,361,122],"product_tag":[],"class_list":{"0":"post-22909","1":"product","2":"type-product","3":"status-publish","4":"has-post-thumbnail","6":"product_cat-qnde-fr","7":"product_cat-magnetoscopie","8":"product_cat-ressuage","9":"product_cat-ligne-de-penetrants","10":"product_cat-equipements-ressuage","12":"first","13":"instock","14":"sold-individually","15":"shipping-taxable","16":"purchasable","17":"product-type-simple"},"yoast_head":"<!-- This site is optimized with the Yoast SEO plugin v23.9 - https:\/\/yoast.com\/wordpress\/plugins\/seo\/ -->\n<title>QNDE 1633-6 Ligne de P\u00e9n\u00e9trant Lavable \u00e0 L&#039;eau \u00e0 Six Stations pour Inspection Ressuage - SUR MESURE &#060; Qualit\u00e9 NDE<\/title>\n<meta name=\"description\" content=\"La ligne de ressuage de p\u00e9n\u00e9trant liquide lavable \u00e0 pour inspection de QNDE peut \u00eatre con\u00e7ue sur mesure pour r\u00e9pondre \u00e0 vos besoins sp\u00e9cifiques.\" \/>\n<meta name=\"robots\" content=\"index, follow, max-snippet:-1, max-image-preview:large, max-video-preview:-1\" \/>\n<link rel=\"canonical\" href=\"https:\/\/www.qnde.ca\/fr\/produit\/custom-liquid-penetrant-line\/\" \/>\n<meta name=\"twitter:label1\" content=\"Dur\u00e9e de lecture estim\u00e9e\" \/>\n\t<meta name=\"twitter:data1\" content=\"2 minutes\" \/>\n<script type=\"application\/ld+json\" class=\"yoast-schema-graph\">{\"@context\":\"https:\/\/schema.org\",\"@graph\":[{\"@type\":[\"WebPage\",\"ItemPage\"],\"@id\":\"https:\/\/www.qnde.ca\/fr\/produit\/custom-liquid-penetrant-line\/\",\"url\":\"https:\/\/www.qnde.ca\/fr\/produit\/custom-liquid-penetrant-line\/\",\"name\":\"QNDE 1633-6 Ligne de P\u00e9n\u00e9trant Lavable \u00e0 L'eau \u00e0 Six Stations pour Inspection Ressuage - SUR MESURE &#060; Qualit\u00e9 NDE\",\"isPartOf\":{\"@id\":\"https:\/\/www.qnde.ca\/#website\"},\"primaryImageOfPage\":{\"@id\":\"https:\/\/www.qnde.ca\/fr\/produit\/custom-liquid-penetrant-line\/#primaryimage\"},\"image\":{\"@id\":\"https:\/\/www.qnde.ca\/fr\/produit\/custom-liquid-penetrant-line\/#primaryimage\"},\"thumbnailUrl\":\"https:\/\/www.qnde.ca\/wp-content\/uploads\/2022\/02\/QNDE-1633-6-IMG_1628-CLEAN.png\",\"datePublished\":\"2022-02-01T18:25:52+00:00\",\"dateModified\":\"2025-08-20T13:32:24+00:00\",\"description\":\"La ligne de ressuage de p\u00e9n\u00e9trant liquide lavable \u00e0 pour inspection de QNDE peut \u00eatre con\u00e7ue sur mesure pour r\u00e9pondre \u00e0 vos besoins sp\u00e9cifiques.\",\"breadcrumb\":{\"@id\":\"https:\/\/www.qnde.ca\/fr\/produit\/custom-liquid-penetrant-line\/#breadcrumb\"},\"inLanguage\":\"fr-FR\",\"potentialAction\":[{\"@type\":\"ReadAction\",\"target\":[\"https:\/\/www.qnde.ca\/fr\/produit\/custom-liquid-penetrant-line\/\"]}]},{\"@type\":\"ImageObject\",\"inLanguage\":\"fr-FR\",\"@id\":\"https:\/\/www.qnde.ca\/fr\/produit\/custom-liquid-penetrant-line\/#primaryimage\",\"url\":\"https:\/\/www.qnde.ca\/wp-content\/uploads\/2022\/02\/QNDE-1633-6-IMG_1628-CLEAN.png\",\"contentUrl\":\"https:\/\/www.qnde.ca\/wp-content\/uploads\/2022\/02\/QNDE-1633-6-IMG_1628-CLEAN.png\",\"width\":2048,\"height\":1536},{\"@type\":\"BreadcrumbList\",\"@id\":\"https:\/\/www.qnde.ca\/fr\/produit\/custom-liquid-penetrant-line\/#breadcrumb\",\"itemListElement\":[{\"@type\":\"ListItem\",\"position\":1,\"name\":\"Accueil\",\"item\":\"https:\/\/www.qnde.ca\/fr\/\"},{\"@type\":\"ListItem\",\"position\":2,\"name\":\"Produits\",\"item\":\"https:\/\/www.qnde.ca\/fr\/produits\/\"},{\"@type\":\"ListItem\",\"position\":3,\"name\":\"Ressuage\",\"item\":\"https:\/\/www.qnde.ca\/fr\/product-category\/ressuage\/\"},{\"@type\":\"ListItem\",\"position\":4,\"name\":\"Lignes de p\u00e9n\u00e9trants\",\"item\":\"https:\/\/www.qnde.ca\/fr\/product-category\/ressuage\/ligne-de-penetrants\/\"},{\"@type\":\"ListItem\",\"position\":5,\"name\":\"QNDE 1633-6 Ligne de P\u00e9n\u00e9trant Lavable \u00e0 L&#8217;eau \u00e0 Six Stations pour Inspection Ressuage &#8211; SUR MESURE\"}]},{\"@type\":\"WebSite\",\"@id\":\"https:\/\/www.qnde.ca\/#website\",\"url\":\"https:\/\/www.qnde.ca\/\",\"name\":\"Qualit\u00e9 NDE\",\"description\":\"\u00c9quipements d&#039;essais non destructifs \",\"publisher\":{\"@id\":\"https:\/\/www.qnde.ca\/#organization\"},\"potentialAction\":[{\"@type\":\"SearchAction\",\"target\":{\"@type\":\"EntryPoint\",\"urlTemplate\":\"https:\/\/www.qnde.ca\/?s={search_term_string}\"},\"query-input\":{\"@type\":\"PropertyValueSpecification\",\"valueRequired\":true,\"valueName\":\"search_term_string\"}}],\"inLanguage\":\"fr-FR\"},{\"@type\":\"Organization\",\"@id\":\"https:\/\/www.qnde.ca\/#organization\",\"name\":\"Quality NDT Ltd.\",\"url\":\"https:\/\/www.qnde.ca\/\",\"logo\":{\"@type\":\"ImageObject\",\"inLanguage\":\"fr-FR\",\"@id\":\"https:\/\/www.qnde.ca\/#\/schema\/logo\/image\/\",\"url\":\"https:\/\/www.qnde.ca\/wp-content\/uploads\/2022\/02\/QNDE_logo_RGB-gif.gif\",\"contentUrl\":\"https:\/\/www.qnde.ca\/wp-content\/uploads\/2022\/02\/QNDE_logo_RGB-gif.gif\",\"width\":250,\"height\":64,\"caption\":\"Quality NDT Ltd.\"},\"image\":{\"@id\":\"https:\/\/www.qnde.ca\/#\/schema\/logo\/image\/\"},\"sameAs\":[\"https:\/\/www.linkedin.com\/company\/qnde\/about\/?viewAsMember=true\"]}]}<\/script>\n<!-- \/ Yoast SEO plugin. -->","yoast_head_json":{"title":"QNDE 1633-6 Ligne de P\u00e9n\u00e9trant Lavable \u00e0 L'eau \u00e0 Six Stations pour Inspection Ressuage - SUR MESURE &#060; Qualit\u00e9 NDE","description":"La ligne de ressuage de p\u00e9n\u00e9trant liquide lavable \u00e0 pour inspection de QNDE peut \u00eatre con\u00e7ue sur mesure pour r\u00e9pondre \u00e0 vos besoins sp\u00e9cifiques.","robots":{"index":"index","follow":"follow","max-snippet":"max-snippet:-1","max-image-preview":"max-image-preview:large","max-video-preview":"max-video-preview:-1"},"canonical":"https:\/\/www.qnde.ca\/fr\/produit\/custom-liquid-penetrant-line\/","twitter_misc":{"Dur\u00e9e de lecture estim\u00e9e":"2 minutes"},"schema":{"@context":"https:\/\/schema.org","@graph":[{"@type":["WebPage","ItemPage"],"@id":"https:\/\/www.qnde.ca\/fr\/produit\/custom-liquid-penetrant-line\/","url":"https:\/\/www.qnde.ca\/fr\/produit\/custom-liquid-penetrant-line\/","name":"QNDE 1633-6 Ligne de P\u00e9n\u00e9trant Lavable \u00e0 L'eau \u00e0 Six Stations pour Inspection Ressuage - SUR MESURE &#060; Qualit\u00e9 NDE","isPartOf":{"@id":"https:\/\/www.qnde.ca\/#website"},"primaryImageOfPage":{"@id":"https:\/\/www.qnde.ca\/fr\/produit\/custom-liquid-penetrant-line\/#primaryimage"},"image":{"@id":"https:\/\/www.qnde.ca\/fr\/produit\/custom-liquid-penetrant-line\/#primaryimage"},"thumbnailUrl":"https:\/\/www.qnde.ca\/wp-content\/uploads\/2022\/02\/QNDE-1633-6-IMG_1628-CLEAN.png","datePublished":"2022-02-01T18:25:52+00:00","dateModified":"2025-08-20T13:32:24+00:00","description":"La ligne de ressuage de p\u00e9n\u00e9trant liquide lavable \u00e0 pour inspection de QNDE peut \u00eatre con\u00e7ue sur mesure pour r\u00e9pondre \u00e0 vos besoins sp\u00e9cifiques.","breadcrumb":{"@id":"https:\/\/www.qnde.ca\/fr\/produit\/custom-liquid-penetrant-line\/#breadcrumb"},"inLanguage":"fr-FR","potentialAction":[{"@type":"ReadAction","target":["https:\/\/www.qnde.ca\/fr\/produit\/custom-liquid-penetrant-line\/"]}]},{"@type":"ImageObject","inLanguage":"fr-FR","@id":"https:\/\/www.qnde.ca\/fr\/produit\/custom-liquid-penetrant-line\/#primaryimage","url":"https:\/\/www.qnde.ca\/wp-content\/uploads\/2022\/02\/QNDE-1633-6-IMG_1628-CLEAN.png","contentUrl":"https:\/\/www.qnde.ca\/wp-content\/uploads\/2022\/02\/QNDE-1633-6-IMG_1628-CLEAN.png","width":2048,"height":1536},{"@type":"BreadcrumbList","@id":"https:\/\/www.qnde.ca\/fr\/produit\/custom-liquid-penetrant-line\/#breadcrumb","itemListElement":[{"@type":"ListItem","position":1,"name":"Accueil","item":"https:\/\/www.qnde.ca\/fr\/"},{"@type":"ListItem","position":2,"name":"Produits","item":"https:\/\/www.qnde.ca\/fr\/produits\/"},{"@type":"ListItem","position":3,"name":"Ressuage","item":"https:\/\/www.qnde.ca\/fr\/product-category\/ressuage\/"},{"@type":"ListItem","position":4,"name":"Lignes de p\u00e9n\u00e9trants","item":"https:\/\/www.qnde.ca\/fr\/product-category\/ressuage\/ligne-de-penetrants\/"},{"@type":"ListItem","position":5,"name":"QNDE 1633-6 Ligne de P\u00e9n\u00e9trant Lavable \u00e0 L&#8217;eau \u00e0 Six Stations pour Inspection Ressuage &#8211; SUR MESURE"}]},{"@type":"WebSite","@id":"https:\/\/www.qnde.ca\/#website","url":"https:\/\/www.qnde.ca\/","name":"Qualit\u00e9 NDE","description":"\u00c9quipements d&#039;essais non destructifs ","publisher":{"@id":"https:\/\/www.qnde.ca\/#organization"},"potentialAction":[{"@type":"SearchAction","target":{"@type":"EntryPoint","urlTemplate":"https:\/\/www.qnde.ca\/?s={search_term_string}"},"query-input":{"@type":"PropertyValueSpecification","valueRequired":true,"valueName":"search_term_string"}}],"inLanguage":"fr-FR"},{"@type":"Organization","@id":"https:\/\/www.qnde.ca\/#organization","name":"Quality NDT Ltd.","url":"https:\/\/www.qnde.ca\/","logo":{"@type":"ImageObject","inLanguage":"fr-FR","@id":"https:\/\/www.qnde.ca\/#\/schema\/logo\/image\/","url":"https:\/\/www.qnde.ca\/wp-content\/uploads\/2022\/02\/QNDE_logo_RGB-gif.gif","contentUrl":"https:\/\/www.qnde.ca\/wp-content\/uploads\/2022\/02\/QNDE_logo_RGB-gif.gif","width":250,"height":64,"caption":"Quality NDT Ltd."},"image":{"@id":"https:\/\/www.qnde.ca\/#\/schema\/logo\/image\/"},"sameAs":["https:\/\/www.linkedin.com\/company\/qnde\/about\/?viewAsMember=true"]}]}},"jetpack_sharing_enabled":true,"_links":{"self":[{"href":"https:\/\/www.qnde.ca\/fr\/wp-json\/wp\/v2\/product\/22909","targetHints":{"allow":["GET"]}}],"collection":[{"href":"https:\/\/www.qnde.ca\/fr\/wp-json\/wp\/v2\/product"}],"about":[{"href":"https:\/\/www.qnde.ca\/fr\/wp-json\/wp\/v2\/types\/product"}],"wp:featuredmedia":[{"embeddable":true,"href":"https:\/\/www.qnde.ca\/fr\/wp-json\/wp\/v2\/media\/28119"}],"wp:attachment":[{"href":"https:\/\/www.qnde.ca\/fr\/wp-json\/wp\/v2\/media?parent=22909"}],"wp:term":[{"taxonomy":"product_brand","embeddable":true,"href":"https:\/\/www.qnde.ca\/fr\/wp-json\/wp\/v2\/product_brand?post=22909"},{"taxonomy":"product_cat","embeddable":true,"href":"https:\/\/www.qnde.ca\/fr\/wp-json\/wp\/v2\/product_cat?post=22909"},{"taxonomy":"product_tag","embeddable":true,"href":"https:\/\/www.qnde.ca\/fr\/wp-json\/wp\/v2\/product_tag?post=22909"}],"curies":[{"name":"wp","href":"https:\/\/api.w.org\/{rel}","templated":true}]}}