{"id":22795,"date":"2021-12-31T10:53:49","date_gmt":"2021-12-31T15:53:49","guid":{"rendered":"https:\/\/www.qnde.ca\/?post_type=product&#038;p=22795"},"modified":"2025-11-05T09:34:53","modified_gmt":"2025-11-05T14:34:53","slug":"flawtech-ensemble-de-specimen","status":"publish","type":"product","link":"https:\/\/www.qnde.ca\/fr\/produit\/flawtech-ensemble-de-specimen\/","title":{"rendered":"Flawtech Ensemble de Sp\u00e9cimen avec D\u00e9fauts Multi-M\u00e9thode &#8211; MMK-1"},"content":{"rendered":"<h3><strong>Flawtech Ensemble de Sp\u00e9cimen avec D\u00e9fauts Multi-M\u00e9thode &#8211; MMK-1<\/strong><\/h3>\n<p>Ensemble de sp\u00e9cimens avec d\u00e9fauts NDT con\u00e7us avec une localisation pr\u00e9cise des d\u00e9fauts dans une grande vari\u00e9t\u00e9 de g\u00e9om\u00e9tries et alliages. Utilis\u00e9 dans diverses industries pour faciliter la formation, la pratique et le d\u00e9veloppement de proc\u00e9dures pour l\u2019\u00e9quipement et les techniciens NDT.<\/p>\n<p>Pour plus de sp\u00e9cimens et\/ou ensembles, voir notre catalogue.<\/p>\n<p>&nbsp;<\/p>\n<ul>\n<li>MMK-1: Ensemble NDT multi m\u00e9thode (UT, RT, MT, PT, VT et ET). L\u2019ensemble inclut deux plaques 0.375&Prime; (9.5mm), une plaque 0.5&Prime; (12.7mm), trois plaques 0.625&Prime; (18.88mm), deux pi\u00e8ces en T de 0.375&Prime; (9.5mm), une pi\u00e8ce en T de 0.5&Prime; (12.7mm) et un tuyau de 4.0&Prime; (101.6mm) Schedule 160 avec trois d\u00e9fauts al\u00e9atoires par sp\u00e9cimens. Livr\u00e9 avec une documentation compl\u00e8te pour chaque d\u00e9faut (30 d\u00e9tauts).<\/li>\n<\/ul>\n","protected":false},"excerpt":{"rendered":"<p>Flawtech Ensemble de Sp\u00e9cimen avec D\u00e9fauts Multi-M\u00e9thode &#8211; MMK-1 Ensemble de sp\u00e9cimens avec d\u00e9fauts NDT con\u00e7us avec une localisation pr\u00e9cise des d\u00e9fauts dans une grande vari\u00e9t\u00e9 de g\u00e9om\u00e9tries et alliages. Utilis\u00e9 dans diverses industries pour faciliter la formation, la pratique et le d\u00e9veloppement de proc\u00e9dures pour l\u2019\u00e9quipement et les techniciens NDT. Pour plus de sp\u00e9cimens [&hellip;]<\/p>\n","protected":false},"featured_media":27890,"template":"","meta":{"_monsterinsights_skip_tracking":false,"_monsterinsights_sitenote_active":false,"_monsterinsights_sitenote_note":"","_monsterinsights_sitenote_category":0},"product_brand":[],"product_cat":[390,148,138,144,118,123,128,124],"product_tag":[],"class_list":{"0":"post-22795","1":"product","2":"type-product","3":"status-publish","4":"has-post-thumbnail","6":"product_cat-flawtech-fr","7":"product_cat-visuel","8":"product_cat-radiographie","9":"product_cat-accessoires-exposition","10":"product_cat-ressuage","11":"product_cat-accessoires-ressuage","12":"product_cat-accessoires-ultrasons","13":"product_cat-ultrasons","15":"first","16":"instock","17":"shipping-taxable","18":"purchasable","19":"product-type-simple"},"yoast_head":"<!-- This site is optimized with the Yoast SEO plugin v23.9 - https:\/\/yoast.com\/wordpress\/plugins\/seo\/ -->\n<title>Flawtech Ensemble de Sp\u00e9cimen avec D\u00e9fauts Multi-M\u00e9thode - MMK-1 &#060; Qualit\u00e9 NDE<\/title>\n<meta name=\"description\" content=\"Flawtech MMK-1 : Ensemble de sp\u00e9cimens NDT multi-m\u00e9thodes pour la formation et la d\u00e9tection de d\u00e9fauts dans divers mat\u00e9riaux, avec documentation compl\u00e8te.\" \/>\n<meta name=\"robots\" content=\"index, follow, max-snippet:-1, max-image-preview:large, max-video-preview:-1\" \/>\n<link rel=\"canonical\" href=\"https:\/\/www.qnde.ca\/fr\/produit\/flawtech-ensemble-de-specimen\/\" \/>\n<meta name=\"twitter:label1\" content=\"Dur\u00e9e de lecture estim\u00e9e\" \/>\n\t<meta name=\"twitter:data1\" content=\"1 minute\" \/>\n<script type=\"application\/ld+json\" class=\"yoast-schema-graph\">{\"@context\":\"https:\/\/schema.org\",\"@graph\":[{\"@type\":[\"WebPage\",\"ItemPage\"],\"@id\":\"https:\/\/www.qnde.ca\/fr\/produit\/flawtech-ensemble-de-specimen\/\",\"url\":\"https:\/\/www.qnde.ca\/fr\/produit\/flawtech-ensemble-de-specimen\/\",\"name\":\"Flawtech Ensemble de Sp\u00e9cimen avec D\u00e9fauts Multi-M\u00e9thode - MMK-1 &#060; Qualit\u00e9 NDE\",\"isPartOf\":{\"@id\":\"https:\/\/www.qnde.ca\/#website\"},\"primaryImageOfPage\":{\"@id\":\"https:\/\/www.qnde.ca\/fr\/produit\/flawtech-ensemble-de-specimen\/#primaryimage\"},\"image\":{\"@id\":\"https:\/\/www.qnde.ca\/fr\/produit\/flawtech-ensemble-de-specimen\/#primaryimage\"},\"thumbnailUrl\":\"https:\/\/www.qnde.ca\/wp-content\/uploads\/2021\/12\/MMK-1-Multi-Method-NDT-Flaw-Specimen-Kit.png\",\"datePublished\":\"2021-12-31T15:53:49+00:00\",\"dateModified\":\"2025-11-05T14:34:53+00:00\",\"description\":\"Flawtech MMK-1 : Ensemble de sp\u00e9cimens NDT multi-m\u00e9thodes pour la formation et la d\u00e9tection de d\u00e9fauts dans divers mat\u00e9riaux, avec documentation compl\u00e8te.\",\"breadcrumb\":{\"@id\":\"https:\/\/www.qnde.ca\/fr\/produit\/flawtech-ensemble-de-specimen\/#breadcrumb\"},\"inLanguage\":\"fr-FR\",\"potentialAction\":[{\"@type\":\"ReadAction\",\"target\":[\"https:\/\/www.qnde.ca\/fr\/produit\/flawtech-ensemble-de-specimen\/\"]}]},{\"@type\":\"ImageObject\",\"inLanguage\":\"fr-FR\",\"@id\":\"https:\/\/www.qnde.ca\/fr\/produit\/flawtech-ensemble-de-specimen\/#primaryimage\",\"url\":\"https:\/\/www.qnde.ca\/wp-content\/uploads\/2021\/12\/MMK-1-Multi-Method-NDT-Flaw-Specimen-Kit.png\",\"contentUrl\":\"https:\/\/www.qnde.ca\/wp-content\/uploads\/2021\/12\/MMK-1-Multi-Method-NDT-Flaw-Specimen-Kit.png\",\"width\":2048,\"height\":1566,\"caption\":\"Kit visuel standard Flawtech affich\u00e9, pr\u00e9sentant divers outils et mat\u00e9riaux pour l'inspection et l'analyse de la qualit\u00e9.\"},{\"@type\":\"BreadcrumbList\",\"@id\":\"https:\/\/www.qnde.ca\/fr\/produit\/flawtech-ensemble-de-specimen\/#breadcrumb\",\"itemListElement\":[{\"@type\":\"ListItem\",\"position\":1,\"name\":\"Accueil\",\"item\":\"https:\/\/www.qnde.ca\/fr\/\"},{\"@type\":\"ListItem\",\"position\":2,\"name\":\"Produits\",\"item\":\"https:\/\/www.qnde.ca\/fr\/produits\/\"},{\"@type\":\"ListItem\",\"position\":3,\"name\":\"Ressuage\",\"item\":\"https:\/\/www.qnde.ca\/fr\/product-category\/ressuage\/\"},{\"@type\":\"ListItem\",\"position\":4,\"name\":\"Accessoires\",\"item\":\"https:\/\/www.qnde.ca\/fr\/product-category\/ressuage\/accessoires-ressuage\/\"},{\"@type\":\"ListItem\",\"position\":5,\"name\":\"Flawtech Ensemble de Sp\u00e9cimen avec D\u00e9fauts Multi-M\u00e9thode &#8211; MMK-1\"}]},{\"@type\":\"WebSite\",\"@id\":\"https:\/\/www.qnde.ca\/#website\",\"url\":\"https:\/\/www.qnde.ca\/\",\"name\":\"Qualit\u00e9 NDE\",\"description\":\"\u00c9quipements d&#039;essais non destructifs \",\"publisher\":{\"@id\":\"https:\/\/www.qnde.ca\/#organization\"},\"potentialAction\":[{\"@type\":\"SearchAction\",\"target\":{\"@type\":\"EntryPoint\",\"urlTemplate\":\"https:\/\/www.qnde.ca\/?s={search_term_string}\"},\"query-input\":{\"@type\":\"PropertyValueSpecification\",\"valueRequired\":true,\"valueName\":\"search_term_string\"}}],\"inLanguage\":\"fr-FR\"},{\"@type\":\"Organization\",\"@id\":\"https:\/\/www.qnde.ca\/#organization\",\"name\":\"Quality NDT Ltd.\",\"url\":\"https:\/\/www.qnde.ca\/\",\"logo\":{\"@type\":\"ImageObject\",\"inLanguage\":\"fr-FR\",\"@id\":\"https:\/\/www.qnde.ca\/#\/schema\/logo\/image\/\",\"url\":\"https:\/\/www.qnde.ca\/wp-content\/uploads\/2022\/02\/QNDE_logo_RGB-gif.gif\",\"contentUrl\":\"https:\/\/www.qnde.ca\/wp-content\/uploads\/2022\/02\/QNDE_logo_RGB-gif.gif\",\"width\":250,\"height\":64,\"caption\":\"Quality NDT Ltd.\"},\"image\":{\"@id\":\"https:\/\/www.qnde.ca\/#\/schema\/logo\/image\/\"},\"sameAs\":[\"https:\/\/www.linkedin.com\/company\/qnde\/about\/?viewAsMember=true\"]}]}<\/script>\n<!-- \/ Yoast SEO plugin. -->","yoast_head_json":{"title":"Flawtech Ensemble de Sp\u00e9cimen avec D\u00e9fauts Multi-M\u00e9thode - MMK-1 &#060; Qualit\u00e9 NDE","description":"Flawtech MMK-1 : Ensemble de sp\u00e9cimens NDT multi-m\u00e9thodes pour la formation et la d\u00e9tection de d\u00e9fauts dans divers mat\u00e9riaux, avec documentation compl\u00e8te.","robots":{"index":"index","follow":"follow","max-snippet":"max-snippet:-1","max-image-preview":"max-image-preview:large","max-video-preview":"max-video-preview:-1"},"canonical":"https:\/\/www.qnde.ca\/fr\/produit\/flawtech-ensemble-de-specimen\/","twitter_misc":{"Dur\u00e9e de lecture estim\u00e9e":"1 minute"},"schema":{"@context":"https:\/\/schema.org","@graph":[{"@type":["WebPage","ItemPage"],"@id":"https:\/\/www.qnde.ca\/fr\/produit\/flawtech-ensemble-de-specimen\/","url":"https:\/\/www.qnde.ca\/fr\/produit\/flawtech-ensemble-de-specimen\/","name":"Flawtech Ensemble de Sp\u00e9cimen avec D\u00e9fauts Multi-M\u00e9thode - MMK-1 &#060; Qualit\u00e9 NDE","isPartOf":{"@id":"https:\/\/www.qnde.ca\/#website"},"primaryImageOfPage":{"@id":"https:\/\/www.qnde.ca\/fr\/produit\/flawtech-ensemble-de-specimen\/#primaryimage"},"image":{"@id":"https:\/\/www.qnde.ca\/fr\/produit\/flawtech-ensemble-de-specimen\/#primaryimage"},"thumbnailUrl":"https:\/\/www.qnde.ca\/wp-content\/uploads\/2021\/12\/MMK-1-Multi-Method-NDT-Flaw-Specimen-Kit.png","datePublished":"2021-12-31T15:53:49+00:00","dateModified":"2025-11-05T14:34:53+00:00","description":"Flawtech MMK-1 : Ensemble de sp\u00e9cimens NDT multi-m\u00e9thodes pour la formation et la d\u00e9tection de d\u00e9fauts dans divers mat\u00e9riaux, avec documentation compl\u00e8te.","breadcrumb":{"@id":"https:\/\/www.qnde.ca\/fr\/produit\/flawtech-ensemble-de-specimen\/#breadcrumb"},"inLanguage":"fr-FR","potentialAction":[{"@type":"ReadAction","target":["https:\/\/www.qnde.ca\/fr\/produit\/flawtech-ensemble-de-specimen\/"]}]},{"@type":"ImageObject","inLanguage":"fr-FR","@id":"https:\/\/www.qnde.ca\/fr\/produit\/flawtech-ensemble-de-specimen\/#primaryimage","url":"https:\/\/www.qnde.ca\/wp-content\/uploads\/2021\/12\/MMK-1-Multi-Method-NDT-Flaw-Specimen-Kit.png","contentUrl":"https:\/\/www.qnde.ca\/wp-content\/uploads\/2021\/12\/MMK-1-Multi-Method-NDT-Flaw-Specimen-Kit.png","width":2048,"height":1566,"caption":"Kit visuel standard Flawtech affich\u00e9, pr\u00e9sentant divers outils et mat\u00e9riaux pour l'inspection et l'analyse de la qualit\u00e9."},{"@type":"BreadcrumbList","@id":"https:\/\/www.qnde.ca\/fr\/produit\/flawtech-ensemble-de-specimen\/#breadcrumb","itemListElement":[{"@type":"ListItem","position":1,"name":"Accueil","item":"https:\/\/www.qnde.ca\/fr\/"},{"@type":"ListItem","position":2,"name":"Produits","item":"https:\/\/www.qnde.ca\/fr\/produits\/"},{"@type":"ListItem","position":3,"name":"Ressuage","item":"https:\/\/www.qnde.ca\/fr\/product-category\/ressuage\/"},{"@type":"ListItem","position":4,"name":"Accessoires","item":"https:\/\/www.qnde.ca\/fr\/product-category\/ressuage\/accessoires-ressuage\/"},{"@type":"ListItem","position":5,"name":"Flawtech Ensemble de Sp\u00e9cimen avec D\u00e9fauts Multi-M\u00e9thode &#8211; MMK-1"}]},{"@type":"WebSite","@id":"https:\/\/www.qnde.ca\/#website","url":"https:\/\/www.qnde.ca\/","name":"Qualit\u00e9 NDE","description":"\u00c9quipements d&#039;essais non destructifs ","publisher":{"@id":"https:\/\/www.qnde.ca\/#organization"},"potentialAction":[{"@type":"SearchAction","target":{"@type":"EntryPoint","urlTemplate":"https:\/\/www.qnde.ca\/?s={search_term_string}"},"query-input":{"@type":"PropertyValueSpecification","valueRequired":true,"valueName":"search_term_string"}}],"inLanguage":"fr-FR"},{"@type":"Organization","@id":"https:\/\/www.qnde.ca\/#organization","name":"Quality NDT Ltd.","url":"https:\/\/www.qnde.ca\/","logo":{"@type":"ImageObject","inLanguage":"fr-FR","@id":"https:\/\/www.qnde.ca\/#\/schema\/logo\/image\/","url":"https:\/\/www.qnde.ca\/wp-content\/uploads\/2022\/02\/QNDE_logo_RGB-gif.gif","contentUrl":"https:\/\/www.qnde.ca\/wp-content\/uploads\/2022\/02\/QNDE_logo_RGB-gif.gif","width":250,"height":64,"caption":"Quality NDT Ltd."},"image":{"@id":"https:\/\/www.qnde.ca\/#\/schema\/logo\/image\/"},"sameAs":["https:\/\/www.linkedin.com\/company\/qnde\/about\/?viewAsMember=true"]}]}},"jetpack_sharing_enabled":true,"_links":{"self":[{"href":"https:\/\/www.qnde.ca\/fr\/wp-json\/wp\/v2\/product\/22795","targetHints":{"allow":["GET"]}}],"collection":[{"href":"https:\/\/www.qnde.ca\/fr\/wp-json\/wp\/v2\/product"}],"about":[{"href":"https:\/\/www.qnde.ca\/fr\/wp-json\/wp\/v2\/types\/product"}],"wp:featuredmedia":[{"embeddable":true,"href":"https:\/\/www.qnde.ca\/fr\/wp-json\/wp\/v2\/media\/27890"}],"wp:attachment":[{"href":"https:\/\/www.qnde.ca\/fr\/wp-json\/wp\/v2\/media?parent=22795"}],"wp:term":[{"taxonomy":"product_brand","embeddable":true,"href":"https:\/\/www.qnde.ca\/fr\/wp-json\/wp\/v2\/product_brand?post=22795"},{"taxonomy":"product_cat","embeddable":true,"href":"https:\/\/www.qnde.ca\/fr\/wp-json\/wp\/v2\/product_cat?post=22795"},{"taxonomy":"product_tag","embeddable":true,"href":"https:\/\/www.qnde.ca\/fr\/wp-json\/wp\/v2\/product_tag?post=22795"}],"curies":[{"name":"wp","href":"https:\/\/api.w.org\/{rel}","templated":true}]}}