{"id":22592,"date":"2021-12-20T13:24:19","date_gmt":"2021-12-20T18:24:19","guid":{"rendered":"https:\/\/www.qnde.ca\/?post_type=product&#038;p=22592"},"modified":"2025-12-03T09:22:23","modified_gmt":"2025-12-03T14:22:23","slug":"panneau-tam-sherwin","status":"publish","type":"product","link":"https:\/\/www.qnde.ca\/fr\/produit\/panneau-tam-sherwin\/","title":{"rendered":"Sherwin Panneau TAM"},"content":{"rendered":"<h3><strong style=\"font-size: 16px;\">Sherwin <\/strong><strong>Panneau TAM\u00a0<\/strong><\/h3>\n<p>Le panneau TAM de Sherwin est fait d&rsquo;acier inoxydable avec 5 motifs \u00e9toil\u00e9s clairs. Sherwin offre un panneau poli, et un panneau rugueux, les deux selon les sp\u00e9cifications Pratt &amp; Whitney 146040.\u00a0La moiti\u00e9 de la surface d\u2019essai est chrom\u00e9e et l\u2019autre moiti\u00e9 \u00e0 une rugosit\u00e9 moyenne pour les essais de lavabilit\u00e9 et de luminosit\u00e9 de fond.<\/p>\n<p>Options:<\/p>\n<ul>\n<li>146040: Panneau TAM Sherwin (POLI) avec bo\u00eetier et certificat avec mesures.<\/li>\n<li>146040-2: Panneau TAM Sherwin (FINI RUGUEUX) avec bo\u00eetier et certificat avec mesures.<\/li>\n<li>146040-P: Panneau TAM Sherwin (POLI) avec bo\u00eetier, certificat avec mesures, et images de d\u00e9faut.<\/li>\n<li>146040-2P: Panneau TAM Sherwin (FINI RUGUEUX) avec bo\u00eetier, certificat avec mesures, et images de d\u00e9faut.<\/li>\n<\/ul>\n","protected":false},"excerpt":{"rendered":"<p>Sherwin Panneau TAM\u00a0 Le panneau TAM de Sherwin est fait d&rsquo;acier inoxydable avec 5 motifs \u00e9toil\u00e9s clairs. Sherwin offre un panneau poli, et un panneau rugueux, les deux selon les sp\u00e9cifications Pratt &amp; Whitney 146040.\u00a0La moiti\u00e9 de la surface d\u2019essai est chrom\u00e9e et l\u2019autre moiti\u00e9 \u00e0 une rugosit\u00e9 moyenne pour les essais de lavabilit\u00e9 et [&hellip;]<\/p>\n","protected":false},"featured_media":22632,"template":"","meta":{"_monsterinsights_skip_tracking":false,"_monsterinsights_sitenote_active":false,"_monsterinsights_sitenote_note":"","_monsterinsights_sitenote_category":0},"product_brand":[],"product_cat":[402,118,123],"product_tag":[],"class_list":{"0":"post-22592","1":"product","2":"type-product","3":"status-publish","4":"has-post-thumbnail","6":"product_cat-autres-marques","7":"product_cat-ressuage","8":"product_cat-accessoires-ressuage","10":"first","11":"instock","12":"sold-individually","13":"shipping-taxable","14":"purchasable","15":"product-type-variable"},"yoast_head":"<!-- This site is optimized with the Yoast SEO plugin v23.9 - https:\/\/yoast.com\/wordpress\/plugins\/seo\/ -->\n<title>Sherwin Panneau TAM &#060; Qualit\u00e9 NDE<\/title>\n<meta name=\"description\" content=\"Le panneau TAM de Sherwin est fait d&#039;acier inoxydable avec 5 motifs \u00e9toil\u00e9s clairs pour etre le plus precis possible en validant le processus d&#039;inspection.\" \/>\n<meta name=\"robots\" content=\"index, follow, max-snippet:-1, max-image-preview:large, max-video-preview:-1\" \/>\n<link rel=\"canonical\" href=\"https:\/\/www.qnde.ca\/fr\/produit\/panneau-tam-sherwin\/\" \/>\n<meta name=\"twitter:label1\" content=\"Dur\u00e9e de lecture estim\u00e9e\" \/>\n\t<meta name=\"twitter:data1\" content=\"1 minute\" \/>\n<script type=\"application\/ld+json\" class=\"yoast-schema-graph\">{\"@context\":\"https:\/\/schema.org\",\"@graph\":[{\"@type\":[\"WebPage\",\"ItemPage\"],\"@id\":\"https:\/\/www.qnde.ca\/fr\/produit\/panneau-tam-sherwin\/\",\"url\":\"https:\/\/www.qnde.ca\/fr\/produit\/panneau-tam-sherwin\/\",\"name\":\"Sherwin Panneau TAM &#060; Qualit\u00e9 NDE\",\"isPartOf\":{\"@id\":\"https:\/\/www.qnde.ca\/#website\"},\"primaryImageOfPage\":{\"@id\":\"https:\/\/www.qnde.ca\/fr\/produit\/panneau-tam-sherwin\/#primaryimage\"},\"image\":{\"@id\":\"https:\/\/www.qnde.ca\/fr\/produit\/panneau-tam-sherwin\/#primaryimage\"},\"thumbnailUrl\":\"https:\/\/www.qnde.ca\/wp-content\/uploads\/2021\/12\/Sherwin-TAM-Panel-2021-12-20.jpg\",\"datePublished\":\"2021-12-20T18:24:19+00:00\",\"dateModified\":\"2025-12-03T14:22:23+00:00\",\"description\":\"Le panneau TAM de Sherwin est fait d'acier inoxydable avec 5 motifs \u00e9toil\u00e9s clairs pour etre le plus precis possible en validant le processus d'inspection.\",\"breadcrumb\":{\"@id\":\"https:\/\/www.qnde.ca\/fr\/produit\/panneau-tam-sherwin\/#breadcrumb\"},\"inLanguage\":\"fr-FR\",\"potentialAction\":[{\"@type\":\"ReadAction\",\"target\":[\"https:\/\/www.qnde.ca\/fr\/produit\/panneau-tam-sherwin\/\"]}]},{\"@type\":\"ImageObject\",\"inLanguage\":\"fr-FR\",\"@id\":\"https:\/\/www.qnde.ca\/fr\/produit\/panneau-tam-sherwin\/#primaryimage\",\"url\":\"https:\/\/www.qnde.ca\/wp-content\/uploads\/2021\/12\/Sherwin-TAM-Panel-2021-12-20.jpg\",\"contentUrl\":\"https:\/\/www.qnde.ca\/wp-content\/uploads\/2021\/12\/Sherwin-TAM-Panel-2021-12-20.jpg\",\"width\":720,\"height\":756,\"caption\":\"Panneaux TAM rouges de Sherwin Inc pr\u00e9sent\u00e9s sur un fond blanc.\"},{\"@type\":\"BreadcrumbList\",\"@id\":\"https:\/\/www.qnde.ca\/fr\/produit\/panneau-tam-sherwin\/#breadcrumb\",\"itemListElement\":[{\"@type\":\"ListItem\",\"position\":1,\"name\":\"Accueil\",\"item\":\"https:\/\/www.qnde.ca\/fr\/\"},{\"@type\":\"ListItem\",\"position\":2,\"name\":\"Produits\",\"item\":\"https:\/\/www.qnde.ca\/fr\/produits\/\"},{\"@type\":\"ListItem\",\"position\":3,\"name\":\"Ressuage\",\"item\":\"https:\/\/www.qnde.ca\/fr\/product-category\/ressuage\/\"},{\"@type\":\"ListItem\",\"position\":4,\"name\":\"Sherwin Panneau TAM\"}]},{\"@type\":\"WebSite\",\"@id\":\"https:\/\/www.qnde.ca\/#website\",\"url\":\"https:\/\/www.qnde.ca\/\",\"name\":\"Qualit\u00e9 NDE\",\"description\":\"\u00c9quipements d&#039;essais non destructifs \",\"publisher\":{\"@id\":\"https:\/\/www.qnde.ca\/#organization\"},\"potentialAction\":[{\"@type\":\"SearchAction\",\"target\":{\"@type\":\"EntryPoint\",\"urlTemplate\":\"https:\/\/www.qnde.ca\/?s={search_term_string}\"},\"query-input\":{\"@type\":\"PropertyValueSpecification\",\"valueRequired\":true,\"valueName\":\"search_term_string\"}}],\"inLanguage\":\"fr-FR\"},{\"@type\":\"Organization\",\"@id\":\"https:\/\/www.qnde.ca\/#organization\",\"name\":\"Quality NDT Ltd.\",\"url\":\"https:\/\/www.qnde.ca\/\",\"logo\":{\"@type\":\"ImageObject\",\"inLanguage\":\"fr-FR\",\"@id\":\"https:\/\/www.qnde.ca\/#\/schema\/logo\/image\/\",\"url\":\"https:\/\/www.qnde.ca\/wp-content\/uploads\/2022\/02\/QNDE_logo_RGB-gif.gif\",\"contentUrl\":\"https:\/\/www.qnde.ca\/wp-content\/uploads\/2022\/02\/QNDE_logo_RGB-gif.gif\",\"width\":250,\"height\":64,\"caption\":\"Quality NDT Ltd.\"},\"image\":{\"@id\":\"https:\/\/www.qnde.ca\/#\/schema\/logo\/image\/\"},\"sameAs\":[\"https:\/\/www.linkedin.com\/company\/qnde\/about\/?viewAsMember=true\"]}]}<\/script>\n<!-- \/ Yoast SEO plugin. -->","yoast_head_json":{"title":"Sherwin Panneau TAM &#060; Qualit\u00e9 NDE","description":"Le panneau TAM de Sherwin est fait d'acier inoxydable avec 5 motifs \u00e9toil\u00e9s clairs pour etre le plus precis possible en validant le processus d'inspection.","robots":{"index":"index","follow":"follow","max-snippet":"max-snippet:-1","max-image-preview":"max-image-preview:large","max-video-preview":"max-video-preview:-1"},"canonical":"https:\/\/www.qnde.ca\/fr\/produit\/panneau-tam-sherwin\/","twitter_misc":{"Dur\u00e9e de lecture estim\u00e9e":"1 minute"},"schema":{"@context":"https:\/\/schema.org","@graph":[{"@type":["WebPage","ItemPage"],"@id":"https:\/\/www.qnde.ca\/fr\/produit\/panneau-tam-sherwin\/","url":"https:\/\/www.qnde.ca\/fr\/produit\/panneau-tam-sherwin\/","name":"Sherwin Panneau TAM &#060; Qualit\u00e9 NDE","isPartOf":{"@id":"https:\/\/www.qnde.ca\/#website"},"primaryImageOfPage":{"@id":"https:\/\/www.qnde.ca\/fr\/produit\/panneau-tam-sherwin\/#primaryimage"},"image":{"@id":"https:\/\/www.qnde.ca\/fr\/produit\/panneau-tam-sherwin\/#primaryimage"},"thumbnailUrl":"https:\/\/www.qnde.ca\/wp-content\/uploads\/2021\/12\/Sherwin-TAM-Panel-2021-12-20.jpg","datePublished":"2021-12-20T18:24:19+00:00","dateModified":"2025-12-03T14:22:23+00:00","description":"Le panneau TAM de Sherwin est fait d'acier inoxydable avec 5 motifs \u00e9toil\u00e9s clairs pour etre le plus precis possible en validant le processus d'inspection.","breadcrumb":{"@id":"https:\/\/www.qnde.ca\/fr\/produit\/panneau-tam-sherwin\/#breadcrumb"},"inLanguage":"fr-FR","potentialAction":[{"@type":"ReadAction","target":["https:\/\/www.qnde.ca\/fr\/produit\/panneau-tam-sherwin\/"]}]},{"@type":"ImageObject","inLanguage":"fr-FR","@id":"https:\/\/www.qnde.ca\/fr\/produit\/panneau-tam-sherwin\/#primaryimage","url":"https:\/\/www.qnde.ca\/wp-content\/uploads\/2021\/12\/Sherwin-TAM-Panel-2021-12-20.jpg","contentUrl":"https:\/\/www.qnde.ca\/wp-content\/uploads\/2021\/12\/Sherwin-TAM-Panel-2021-12-20.jpg","width":720,"height":756,"caption":"Panneaux TAM rouges de Sherwin Inc pr\u00e9sent\u00e9s sur un fond blanc."},{"@type":"BreadcrumbList","@id":"https:\/\/www.qnde.ca\/fr\/produit\/panneau-tam-sherwin\/#breadcrumb","itemListElement":[{"@type":"ListItem","position":1,"name":"Accueil","item":"https:\/\/www.qnde.ca\/fr\/"},{"@type":"ListItem","position":2,"name":"Produits","item":"https:\/\/www.qnde.ca\/fr\/produits\/"},{"@type":"ListItem","position":3,"name":"Ressuage","item":"https:\/\/www.qnde.ca\/fr\/product-category\/ressuage\/"},{"@type":"ListItem","position":4,"name":"Sherwin Panneau TAM"}]},{"@type":"WebSite","@id":"https:\/\/www.qnde.ca\/#website","url":"https:\/\/www.qnde.ca\/","name":"Qualit\u00e9 NDE","description":"\u00c9quipements d&#039;essais non destructifs ","publisher":{"@id":"https:\/\/www.qnde.ca\/#organization"},"potentialAction":[{"@type":"SearchAction","target":{"@type":"EntryPoint","urlTemplate":"https:\/\/www.qnde.ca\/?s={search_term_string}"},"query-input":{"@type":"PropertyValueSpecification","valueRequired":true,"valueName":"search_term_string"}}],"inLanguage":"fr-FR"},{"@type":"Organization","@id":"https:\/\/www.qnde.ca\/#organization","name":"Quality NDT Ltd.","url":"https:\/\/www.qnde.ca\/","logo":{"@type":"ImageObject","inLanguage":"fr-FR","@id":"https:\/\/www.qnde.ca\/#\/schema\/logo\/image\/","url":"https:\/\/www.qnde.ca\/wp-content\/uploads\/2022\/02\/QNDE_logo_RGB-gif.gif","contentUrl":"https:\/\/www.qnde.ca\/wp-content\/uploads\/2022\/02\/QNDE_logo_RGB-gif.gif","width":250,"height":64,"caption":"Quality NDT Ltd."},"image":{"@id":"https:\/\/www.qnde.ca\/#\/schema\/logo\/image\/"},"sameAs":["https:\/\/www.linkedin.com\/company\/qnde\/about\/?viewAsMember=true"]}]}},"jetpack_sharing_enabled":true,"_links":{"self":[{"href":"https:\/\/www.qnde.ca\/fr\/wp-json\/wp\/v2\/product\/22592","targetHints":{"allow":["GET"]}}],"collection":[{"href":"https:\/\/www.qnde.ca\/fr\/wp-json\/wp\/v2\/product"}],"about":[{"href":"https:\/\/www.qnde.ca\/fr\/wp-json\/wp\/v2\/types\/product"}],"wp:featuredmedia":[{"embeddable":true,"href":"https:\/\/www.qnde.ca\/fr\/wp-json\/wp\/v2\/media\/22632"}],"wp:attachment":[{"href":"https:\/\/www.qnde.ca\/fr\/wp-json\/wp\/v2\/media?parent=22592"}],"wp:term":[{"taxonomy":"product_brand","embeddable":true,"href":"https:\/\/www.qnde.ca\/fr\/wp-json\/wp\/v2\/product_brand?post=22592"},{"taxonomy":"product_cat","embeddable":true,"href":"https:\/\/www.qnde.ca\/fr\/wp-json\/wp\/v2\/product_cat?post=22592"},{"taxonomy":"product_tag","embeddable":true,"href":"https:\/\/www.qnde.ca\/fr\/wp-json\/wp\/v2\/product_tag?post=22592"}],"curies":[{"name":"wp","href":"https:\/\/api.w.org\/{rel}","templated":true}]}}