{"id":22581,"date":"2021-12-16T14:14:07","date_gmt":"2021-12-16T19:14:07","guid":{"rendered":"https:\/\/www.qnde.ca\/?post_type=product&#038;p=22581"},"modified":"2025-06-13T08:26:11","modified_gmt":"2025-06-13T12:26:11","slug":"parker-da-series-power-pack-generateur-magnetique-portable","status":"publish","type":"product","link":"https:\/\/www.qnde.ca\/fr\/produit\/parker-da-series-power-pack-generateur-magnetique-portable\/","title":{"rendered":"Parker DA-S\u00e9ries, G\u00e9n\u00e9rateur portable pour Inspection Magn\u00e9tique"},"content":{"rendered":"<p><strong>Parker DA-S\u00e9ries, G\u00e9n\u00e9rateur portable pour Inspection Magn\u00e9tique\u00a0<\/strong><\/p>\n<p>Les g\u00e9n\u00e9rateurs \u00e9lectromagn\u00e9tiques portatifs \u00e9conomiques sont un choix id\u00e9al pour les pi\u00e8ces lourdes ou volumineuses, pour l&rsquo;\u00e9quipement mobile de service ou d&rsquo;inspection de chantier.<\/p>\n<p>Communiquez avec nous pour discuter des options disponibles et\/ou recevoir une soumission.<\/p>\n<ul>\n<li>Parker DA-750: Bloc d&rsquo;alimentation portable de Parker, 120 VAC, 60 Hz, 27Amp. Sortie 750Amp HWDC ou AC, 40lb (18.1kg).<\/li>\n<li>Parker DA-1500: Bloc d&rsquo;alimentation portable \u00e0 contr\u00f4le analogue de Parker , 230 VAC, 60 Hz, 45Amp ou 460VAC, 23Amp. Sortie 1500Amp HWDC ou AC, 100lb (45.4kg).<\/li>\n<li>Parker DA-1500-DR: Bloc d&rsquo;alimentation portable \u00e0 contr\u00f4le digital de Parker, 230 VAC, 60 Hz, 45Amp ou 460VAC, 23Amp. Sortie 1500Amp HWDC ou AC, 100lb (45.4kg).<\/li>\n<\/ul>\n","protected":false},"excerpt":{"rendered":"<p>Parker DA-S\u00e9ries, G\u00e9n\u00e9rateur portable pour Inspection Magn\u00e9tique\u00a0 Les g\u00e9n\u00e9rateurs \u00e9lectromagn\u00e9tiques portatifs \u00e9conomiques sont un choix id\u00e9al pour les pi\u00e8ces lourdes ou volumineuses, pour l&rsquo;\u00e9quipement mobile de service ou d&rsquo;inspection de chantier. Communiquez avec nous pour discuter des options disponibles et\/ou recevoir une soumission. Parker DA-750: Bloc d&rsquo;alimentation portable de Parker, 120 VAC, 60 Hz, 27Amp. [&hellip;]<\/p>\n","protected":false},"featured_media":22589,"template":"","meta":{"_monsterinsights_skip_tracking":false,"_monsterinsights_sitenote_active":false,"_monsterinsights_sitenote_note":"","_monsterinsights_sitenote_category":0},"product_brand":[],"product_cat":[395,129,132],"product_tag":[],"class_list":{"0":"post-22581","1":"product","2":"type-product","3":"status-publish","4":"has-post-thumbnail","6":"product_cat-parker-research-fr","7":"product_cat-magnetoscopie","8":"product_cat-equipements-magnetoscopie","10":"first","11":"instock","12":"shipping-taxable","13":"purchasable","14":"product-type-variable"},"yoast_head":"<!-- This site is optimized with the Yoast SEO plugin v23.9 - https:\/\/yoast.com\/wordpress\/plugins\/seo\/ -->\n<title>Parker DA-S\u00e9ries, G\u00e9n\u00e9rateur portable pour Inspection Magn\u00e9tique &#060; Qualit\u00e9 NDE<\/title>\n<meta name=\"description\" content=\"Les g\u00e9n\u00e9rateurs \u00e9lectromagn\u00e9tiques portatifs \u00e9conomiques sont un choix id\u00e9al pour les pi\u00e8ces lourdes ou volumineuses, pour l&#039;\u00e9quipement mobile de service ou d&#039;inspection de chantier.\" \/>\n<meta name=\"robots\" content=\"index, follow, max-snippet:-1, max-image-preview:large, max-video-preview:-1\" \/>\n<link rel=\"canonical\" href=\"https:\/\/www.qnde.ca\/fr\/produit\/parker-da-series-power-pack-generateur-magnetique-portable\/\" \/>\n<meta name=\"twitter:label1\" content=\"Dur\u00e9e de lecture estim\u00e9e\" \/>\n\t<meta name=\"twitter:data1\" content=\"1 minute\" \/>\n<script type=\"application\/ld+json\" class=\"yoast-schema-graph\">{\"@context\":\"https:\/\/schema.org\",\"@graph\":[{\"@type\":[\"WebPage\",\"ItemPage\"],\"@id\":\"https:\/\/www.qnde.ca\/fr\/produit\/parker-da-series-power-pack-generateur-magnetique-portable\/\",\"url\":\"https:\/\/www.qnde.ca\/fr\/produit\/parker-da-series-power-pack-generateur-magnetique-portable\/\",\"name\":\"Parker DA-S\u00e9ries, G\u00e9n\u00e9rateur portable pour Inspection Magn\u00e9tique &#060; Qualit\u00e9 NDE\",\"isPartOf\":{\"@id\":\"https:\/\/www.qnde.ca\/#website\"},\"primaryImageOfPage\":{\"@id\":\"https:\/\/www.qnde.ca\/fr\/produit\/parker-da-series-power-pack-generateur-magnetique-portable\/#primaryimage\"},\"image\":{\"@id\":\"https:\/\/www.qnde.ca\/fr\/produit\/parker-da-series-power-pack-generateur-magnetique-portable\/#primaryimage\"},\"thumbnailUrl\":\"https:\/\/www.qnde.ca\/wp-content\/uploads\/2021\/12\/Parker-DA-Series-Inspection-Magnetique-scaled.jpg\",\"datePublished\":\"2021-12-16T19:14:07+00:00\",\"dateModified\":\"2025-06-13T12:26:11+00:00\",\"description\":\"Les g\u00e9n\u00e9rateurs \u00e9lectromagn\u00e9tiques portatifs \u00e9conomiques sont un choix id\u00e9al pour les pi\u00e8ces lourdes ou volumineuses, pour l'\u00e9quipement mobile de service ou d'inspection de chantier.\",\"breadcrumb\":{\"@id\":\"https:\/\/www.qnde.ca\/fr\/produit\/parker-da-series-power-pack-generateur-magnetique-portable\/#breadcrumb\"},\"inLanguage\":\"fr-FR\",\"potentialAction\":[{\"@type\":\"ReadAction\",\"target\":[\"https:\/\/www.qnde.ca\/fr\/produit\/parker-da-series-power-pack-generateur-magnetique-portable\/\"]}]},{\"@type\":\"ImageObject\",\"inLanguage\":\"fr-FR\",\"@id\":\"https:\/\/www.qnde.ca\/fr\/produit\/parker-da-series-power-pack-generateur-magnetique-portable\/#primaryimage\",\"url\":\"https:\/\/www.qnde.ca\/wp-content\/uploads\/2021\/12\/Parker-DA-Series-Inspection-Magnetique-scaled.jpg\",\"contentUrl\":\"https:\/\/www.qnde.ca\/wp-content\/uploads\/2021\/12\/Parker-DA-Series-Inspection-Magnetique-scaled.jpg\",\"width\":2048,\"height\":2048},{\"@type\":\"BreadcrumbList\",\"@id\":\"https:\/\/www.qnde.ca\/fr\/produit\/parker-da-series-power-pack-generateur-magnetique-portable\/#breadcrumb\",\"itemListElement\":[{\"@type\":\"ListItem\",\"position\":1,\"name\":\"Accueil\",\"item\":\"https:\/\/www.qnde.ca\/fr\/\"},{\"@type\":\"ListItem\",\"position\":2,\"name\":\"Produits\",\"item\":\"https:\/\/www.qnde.ca\/fr\/produits\/\"},{\"@type\":\"ListItem\",\"position\":3,\"name\":\"Magn\u00e9toscopie\",\"item\":\"https:\/\/www.qnde.ca\/fr\/product-category\/magnetoscopie\/\"},{\"@type\":\"ListItem\",\"position\":4,\"name\":\"Parker DA-S\u00e9ries, G\u00e9n\u00e9rateur portable pour Inspection Magn\u00e9tique\"}]},{\"@type\":\"WebSite\",\"@id\":\"https:\/\/www.qnde.ca\/#website\",\"url\":\"https:\/\/www.qnde.ca\/\",\"name\":\"Qualit\u00e9 NDE\",\"description\":\"\u00c9quipements d&#039;essais non destructifs \",\"publisher\":{\"@id\":\"https:\/\/www.qnde.ca\/#organization\"},\"potentialAction\":[{\"@type\":\"SearchAction\",\"target\":{\"@type\":\"EntryPoint\",\"urlTemplate\":\"https:\/\/www.qnde.ca\/?s={search_term_string}\"},\"query-input\":{\"@type\":\"PropertyValueSpecification\",\"valueRequired\":true,\"valueName\":\"search_term_string\"}}],\"inLanguage\":\"fr-FR\"},{\"@type\":\"Organization\",\"@id\":\"https:\/\/www.qnde.ca\/#organization\",\"name\":\"Quality NDT Ltd.\",\"url\":\"https:\/\/www.qnde.ca\/\",\"logo\":{\"@type\":\"ImageObject\",\"inLanguage\":\"fr-FR\",\"@id\":\"https:\/\/www.qnde.ca\/#\/schema\/logo\/image\/\",\"url\":\"https:\/\/www.qnde.ca\/wp-content\/uploads\/2022\/02\/QNDE_logo_RGB-gif.gif\",\"contentUrl\":\"https:\/\/www.qnde.ca\/wp-content\/uploads\/2022\/02\/QNDE_logo_RGB-gif.gif\",\"width\":250,\"height\":64,\"caption\":\"Quality NDT Ltd.\"},\"image\":{\"@id\":\"https:\/\/www.qnde.ca\/#\/schema\/logo\/image\/\"},\"sameAs\":[\"https:\/\/www.linkedin.com\/company\/qnde\/about\/?viewAsMember=true\"]}]}<\/script>\n<!-- \/ Yoast SEO plugin. -->","yoast_head_json":{"title":"Parker DA-S\u00e9ries, G\u00e9n\u00e9rateur portable pour Inspection Magn\u00e9tique &#060; Qualit\u00e9 NDE","description":"Les g\u00e9n\u00e9rateurs \u00e9lectromagn\u00e9tiques portatifs \u00e9conomiques sont un choix id\u00e9al pour les pi\u00e8ces lourdes ou volumineuses, pour l'\u00e9quipement mobile de service ou d'inspection de chantier.","robots":{"index":"index","follow":"follow","max-snippet":"max-snippet:-1","max-image-preview":"max-image-preview:large","max-video-preview":"max-video-preview:-1"},"canonical":"https:\/\/www.qnde.ca\/fr\/produit\/parker-da-series-power-pack-generateur-magnetique-portable\/","twitter_misc":{"Dur\u00e9e de lecture estim\u00e9e":"1 minute"},"schema":{"@context":"https:\/\/schema.org","@graph":[{"@type":["WebPage","ItemPage"],"@id":"https:\/\/www.qnde.ca\/fr\/produit\/parker-da-series-power-pack-generateur-magnetique-portable\/","url":"https:\/\/www.qnde.ca\/fr\/produit\/parker-da-series-power-pack-generateur-magnetique-portable\/","name":"Parker DA-S\u00e9ries, G\u00e9n\u00e9rateur portable pour Inspection Magn\u00e9tique &#060; Qualit\u00e9 NDE","isPartOf":{"@id":"https:\/\/www.qnde.ca\/#website"},"primaryImageOfPage":{"@id":"https:\/\/www.qnde.ca\/fr\/produit\/parker-da-series-power-pack-generateur-magnetique-portable\/#primaryimage"},"image":{"@id":"https:\/\/www.qnde.ca\/fr\/produit\/parker-da-series-power-pack-generateur-magnetique-portable\/#primaryimage"},"thumbnailUrl":"https:\/\/www.qnde.ca\/wp-content\/uploads\/2021\/12\/Parker-DA-Series-Inspection-Magnetique-scaled.jpg","datePublished":"2021-12-16T19:14:07+00:00","dateModified":"2025-06-13T12:26:11+00:00","description":"Les g\u00e9n\u00e9rateurs \u00e9lectromagn\u00e9tiques portatifs \u00e9conomiques sont un choix id\u00e9al pour les pi\u00e8ces lourdes ou volumineuses, pour l'\u00e9quipement mobile de service ou d'inspection de chantier.","breadcrumb":{"@id":"https:\/\/www.qnde.ca\/fr\/produit\/parker-da-series-power-pack-generateur-magnetique-portable\/#breadcrumb"},"inLanguage":"fr-FR","potentialAction":[{"@type":"ReadAction","target":["https:\/\/www.qnde.ca\/fr\/produit\/parker-da-series-power-pack-generateur-magnetique-portable\/"]}]},{"@type":"ImageObject","inLanguage":"fr-FR","@id":"https:\/\/www.qnde.ca\/fr\/produit\/parker-da-series-power-pack-generateur-magnetique-portable\/#primaryimage","url":"https:\/\/www.qnde.ca\/wp-content\/uploads\/2021\/12\/Parker-DA-Series-Inspection-Magnetique-scaled.jpg","contentUrl":"https:\/\/www.qnde.ca\/wp-content\/uploads\/2021\/12\/Parker-DA-Series-Inspection-Magnetique-scaled.jpg","width":2048,"height":2048},{"@type":"BreadcrumbList","@id":"https:\/\/www.qnde.ca\/fr\/produit\/parker-da-series-power-pack-generateur-magnetique-portable\/#breadcrumb","itemListElement":[{"@type":"ListItem","position":1,"name":"Accueil","item":"https:\/\/www.qnde.ca\/fr\/"},{"@type":"ListItem","position":2,"name":"Produits","item":"https:\/\/www.qnde.ca\/fr\/produits\/"},{"@type":"ListItem","position":3,"name":"Magn\u00e9toscopie","item":"https:\/\/www.qnde.ca\/fr\/product-category\/magnetoscopie\/"},{"@type":"ListItem","position":4,"name":"Parker DA-S\u00e9ries, G\u00e9n\u00e9rateur portable pour Inspection Magn\u00e9tique"}]},{"@type":"WebSite","@id":"https:\/\/www.qnde.ca\/#website","url":"https:\/\/www.qnde.ca\/","name":"Qualit\u00e9 NDE","description":"\u00c9quipements d&#039;essais non destructifs ","publisher":{"@id":"https:\/\/www.qnde.ca\/#organization"},"potentialAction":[{"@type":"SearchAction","target":{"@type":"EntryPoint","urlTemplate":"https:\/\/www.qnde.ca\/?s={search_term_string}"},"query-input":{"@type":"PropertyValueSpecification","valueRequired":true,"valueName":"search_term_string"}}],"inLanguage":"fr-FR"},{"@type":"Organization","@id":"https:\/\/www.qnde.ca\/#organization","name":"Quality NDT Ltd.","url":"https:\/\/www.qnde.ca\/","logo":{"@type":"ImageObject","inLanguage":"fr-FR","@id":"https:\/\/www.qnde.ca\/#\/schema\/logo\/image\/","url":"https:\/\/www.qnde.ca\/wp-content\/uploads\/2022\/02\/QNDE_logo_RGB-gif.gif","contentUrl":"https:\/\/www.qnde.ca\/wp-content\/uploads\/2022\/02\/QNDE_logo_RGB-gif.gif","width":250,"height":64,"caption":"Quality NDT Ltd."},"image":{"@id":"https:\/\/www.qnde.ca\/#\/schema\/logo\/image\/"},"sameAs":["https:\/\/www.linkedin.com\/company\/qnde\/about\/?viewAsMember=true"]}]}},"jetpack_sharing_enabled":true,"_links":{"self":[{"href":"https:\/\/www.qnde.ca\/fr\/wp-json\/wp\/v2\/product\/22581","targetHints":{"allow":["GET"]}}],"collection":[{"href":"https:\/\/www.qnde.ca\/fr\/wp-json\/wp\/v2\/product"}],"about":[{"href":"https:\/\/www.qnde.ca\/fr\/wp-json\/wp\/v2\/types\/product"}],"wp:featuredmedia":[{"embeddable":true,"href":"https:\/\/www.qnde.ca\/fr\/wp-json\/wp\/v2\/media\/22589"}],"wp:attachment":[{"href":"https:\/\/www.qnde.ca\/fr\/wp-json\/wp\/v2\/media?parent=22581"}],"wp:term":[{"taxonomy":"product_brand","embeddable":true,"href":"https:\/\/www.qnde.ca\/fr\/wp-json\/wp\/v2\/product_brand?post=22581"},{"taxonomy":"product_cat","embeddable":true,"href":"https:\/\/www.qnde.ca\/fr\/wp-json\/wp\/v2\/product_cat?post=22581"},{"taxonomy":"product_tag","embeddable":true,"href":"https:\/\/www.qnde.ca\/fr\/wp-json\/wp\/v2\/product_tag?post=22581"}],"curies":[{"name":"wp","href":"https:\/\/api.w.org\/{rel}","templated":true}]}}