{"id":21837,"date":"2021-10-07T14:26:16","date_gmt":"2021-10-07T18:26:16","guid":{"rendered":"https:\/\/www.qnde.ca\/?post_type=product&#038;p=21837"},"modified":"2025-08-13T13:24:40","modified_gmt":"2025-08-13T17:24:40","slug":"ehs-shore-fr","status":"publish","type":"product","link":"https:\/\/www.qnde.ca\/fr\/produit\/ehs-shore-fr\/","title":{"rendered":"Durom\u00e8tre de duret\u00e9 Shore \u2013 EHS Series"},"content":{"rendered":"<h3><strong>Durom\u00e8tre de duret\u00e9 Shore \u2013 EHS Series<\/strong><\/h3>\n<p>Le durom\u00e8tre EHS series est con\u00e7u pour les mat\u00e9riaux extr\u00eamement mous \u00e0 extr\u00eamement durs (Shore 00, A, D ou C). Trois modes de mesures (moyenne, maximum ou moyenne maximale), capable de limite de duret\u00e9 sup\u00e9rieure et inf\u00e9rieure et d\u2019une alarme Okay\/NOT good; m\u00e9moire de 500 lectures. Les donn\u00e9es de mesures peuvent \u00eatre enregistr\u00e9es, consult\u00e9es et imprim\u00e9es par lots (avec l\u2019imprimante Wifi optionnelle). 1 an de garanti.<\/p>\n<ul>\n<li>EHS-A: Durom\u00e8tre EHS de duret\u00e9 Shore avec p\u00e9n\u00e9trateur Shore A (caoutchoucs mous \u00e0 durs), trois batteries AAA, adaptateur\/chargeur 100-240VAC, manuel de l\u2019utilisateur, certificat d\u2019\u00e9talonnage et valise de transport.<\/li>\n<li>EHS-D: Durom\u00e8tre EHS de duret\u00e9 Shore avec p\u00e9n\u00e9trateur Shore D (caoutchoucs durs aux plastiques durs), trois batteries AAA, adaptateur\/chargeur 100-240VAC, manuel de l\u2019utilisateur, certificat d\u2019\u00e9talonnage et valise de transport.<\/li>\n<\/ul>\n<h4><strong>\u00a0<\/strong><strong>Options<\/strong><\/h4>\n<ul>\n<li>EHS-Stand: Support d\u2019essai.<\/li>\n<li>EHS-Print: Mini imprimante sans fil (papier thermal).<\/li>\n<\/ul>\n<p>Contactez-nous afin de discuter de votre application, vos exigences, les options disponibles et\/ou recevoir une soumission.<\/p>\n","protected":false},"excerpt":{"rendered":"<p>Durom\u00e8tre de duret\u00e9 Shore \u2013 EHS Series Le durom\u00e8tre EHS series est con\u00e7u pour les mat\u00e9riaux extr\u00eamement mous \u00e0 extr\u00eamement durs (Shore 00, A, D ou C). Trois modes de mesures (moyenne, maximum ou moyenne maximale), capable de limite de duret\u00e9 sup\u00e9rieure et inf\u00e9rieure et d\u2019une alarme Okay\/NOT good; m\u00e9moire de 500 lectures. Les donn\u00e9es [&hellip;]<\/p>\n","protected":false},"featured_media":21844,"template":"","meta":{"_monsterinsights_skip_tracking":false,"_monsterinsights_sitenote_active":false,"_monsterinsights_sitenote_note":"","_monsterinsights_sitenote_category":0},"product_brand":[],"product_cat":[402,348],"product_tag":[],"class_list":{"0":"post-21837","1":"product","2":"type-product","3":"status-publish","4":"has-post-thumbnail","6":"product_cat-autres-marques","7":"product_cat-shore-fr","9":"first","10":"instock","11":"shipping-taxable","12":"purchasable","13":"product-type-variable"},"yoast_head":"<!-- This site is optimized with the Yoast SEO plugin v23.9 - https:\/\/yoast.com\/wordpress\/plugins\/seo\/ -->\n<title>Durom\u00e8tre de duret\u00e9 Shore \u2013 EHS Series &#060; Qualit\u00e9 NDE<\/title>\n<meta name=\"description\" content=\"Durom\u00e8tre EHS s\u00e9rie pour mat\u00e9riaux durs\/mous. Trois modes de mesures. M\u00e9moire de 500 lectures.Donn\u00e9es de mesures peuvent \u00eatre enregistr\u00e9es.Garantie de 1 an.\" \/>\n<meta name=\"robots\" content=\"index, follow, max-snippet:-1, max-image-preview:large, max-video-preview:-1\" \/>\n<link rel=\"canonical\" href=\"https:\/\/www.qnde.ca\/fr\/produit\/ehs-shore-fr\/\" \/>\n<meta name=\"twitter:label1\" content=\"Dur\u00e9e de lecture estim\u00e9e\" \/>\n\t<meta name=\"twitter:data1\" content=\"1 minute\" \/>\n<script type=\"application\/ld+json\" class=\"yoast-schema-graph\">{\"@context\":\"https:\/\/schema.org\",\"@graph\":[{\"@type\":[\"WebPage\",\"ItemPage\"],\"@id\":\"https:\/\/www.qnde.ca\/fr\/produit\/ehs-shore-fr\/\",\"url\":\"https:\/\/www.qnde.ca\/fr\/produit\/ehs-shore-fr\/\",\"name\":\"Durom\u00e8tre de duret\u00e9 Shore \u2013 EHS Series &#060; Qualit\u00e9 NDE\",\"isPartOf\":{\"@id\":\"https:\/\/www.qnde.ca\/#website\"},\"primaryImageOfPage\":{\"@id\":\"https:\/\/www.qnde.ca\/fr\/produit\/ehs-shore-fr\/#primaryimage\"},\"image\":{\"@id\":\"https:\/\/www.qnde.ca\/fr\/produit\/ehs-shore-fr\/#primaryimage\"},\"thumbnailUrl\":\"https:\/\/www.qnde.ca\/wp-content\/uploads\/2021\/10\/EHS-Series-Shore-Hardness-Durometer-Tester.png\",\"datePublished\":\"2021-10-07T18:26:16+00:00\",\"dateModified\":\"2025-08-13T17:24:40+00:00\",\"description\":\"Durom\u00e8tre EHS s\u00e9rie pour mat\u00e9riaux durs\/mous. Trois modes de mesures. M\u00e9moire de 500 lectures.Donn\u00e9es de mesures peuvent \u00eatre enregistr\u00e9es.Garantie de 1 an.\",\"breadcrumb\":{\"@id\":\"https:\/\/www.qnde.ca\/fr\/produit\/ehs-shore-fr\/#breadcrumb\"},\"inLanguage\":\"fr-FR\",\"potentialAction\":[{\"@type\":\"ReadAction\",\"target\":[\"https:\/\/www.qnde.ca\/fr\/produit\/ehs-shore-fr\/\"]}]},{\"@type\":\"ImageObject\",\"inLanguage\":\"fr-FR\",\"@id\":\"https:\/\/www.qnde.ca\/fr\/produit\/ehs-shore-fr\/#primaryimage\",\"url\":\"https:\/\/www.qnde.ca\/wp-content\/uploads\/2021\/10\/EHS-Series-Shore-Hardness-Durometer-Tester.png\",\"contentUrl\":\"https:\/\/www.qnde.ca\/wp-content\/uploads\/2021\/10\/EHS-Series-Shore-Hardness-Durometer-Tester.png\",\"width\":700,\"height\":700,\"caption\":\"EHS Series - Shore Hardness Durometer Tester\"},{\"@type\":\"BreadcrumbList\",\"@id\":\"https:\/\/www.qnde.ca\/fr\/produit\/ehs-shore-fr\/#breadcrumb\",\"itemListElement\":[{\"@type\":\"ListItem\",\"position\":1,\"name\":\"Accueil\",\"item\":\"https:\/\/www.qnde.ca\/fr\/\"},{\"@type\":\"ListItem\",\"position\":2,\"name\":\"Produits\",\"item\":\"https:\/\/www.qnde.ca\/fr\/produits\/\"},{\"@type\":\"ListItem\",\"position\":3,\"name\":\"Essai de Duret\u00e9\",\"item\":\"https:\/\/www.qnde.ca\/fr\/product-category\/essai-durete\/\"},{\"@type\":\"ListItem\",\"position\":4,\"name\":\"Shore\",\"item\":\"https:\/\/www.qnde.ca\/fr\/product-category\/essai-durete\/shore-fr\/\"},{\"@type\":\"ListItem\",\"position\":5,\"name\":\"Durom\u00e8tre de duret\u00e9 Shore \u2013 EHS Series\"}]},{\"@type\":\"WebSite\",\"@id\":\"https:\/\/www.qnde.ca\/#website\",\"url\":\"https:\/\/www.qnde.ca\/\",\"name\":\"Qualit\u00e9 NDE\",\"description\":\"\u00c9quipements d&#039;essais non destructifs \",\"publisher\":{\"@id\":\"https:\/\/www.qnde.ca\/#organization\"},\"potentialAction\":[{\"@type\":\"SearchAction\",\"target\":{\"@type\":\"EntryPoint\",\"urlTemplate\":\"https:\/\/www.qnde.ca\/?s={search_term_string}\"},\"query-input\":{\"@type\":\"PropertyValueSpecification\",\"valueRequired\":true,\"valueName\":\"search_term_string\"}}],\"inLanguage\":\"fr-FR\"},{\"@type\":\"Organization\",\"@id\":\"https:\/\/www.qnde.ca\/#organization\",\"name\":\"Quality NDT Ltd.\",\"url\":\"https:\/\/www.qnde.ca\/\",\"logo\":{\"@type\":\"ImageObject\",\"inLanguage\":\"fr-FR\",\"@id\":\"https:\/\/www.qnde.ca\/#\/schema\/logo\/image\/\",\"url\":\"https:\/\/www.qnde.ca\/wp-content\/uploads\/2022\/02\/QNDE_logo_RGB-gif.gif\",\"contentUrl\":\"https:\/\/www.qnde.ca\/wp-content\/uploads\/2022\/02\/QNDE_logo_RGB-gif.gif\",\"width\":250,\"height\":64,\"caption\":\"Quality NDT Ltd.\"},\"image\":{\"@id\":\"https:\/\/www.qnde.ca\/#\/schema\/logo\/image\/\"},\"sameAs\":[\"https:\/\/www.linkedin.com\/company\/qnde\/about\/?viewAsMember=true\"]}]}<\/script>\n<!-- \/ Yoast SEO plugin. -->","yoast_head_json":{"title":"Durom\u00e8tre de duret\u00e9 Shore \u2013 EHS Series &#060; Qualit\u00e9 NDE","description":"Durom\u00e8tre EHS s\u00e9rie pour mat\u00e9riaux durs\/mous. Trois modes de mesures. M\u00e9moire de 500 lectures.Donn\u00e9es de mesures peuvent \u00eatre enregistr\u00e9es.Garantie de 1 an.","robots":{"index":"index","follow":"follow","max-snippet":"max-snippet:-1","max-image-preview":"max-image-preview:large","max-video-preview":"max-video-preview:-1"},"canonical":"https:\/\/www.qnde.ca\/fr\/produit\/ehs-shore-fr\/","twitter_misc":{"Dur\u00e9e de lecture estim\u00e9e":"1 minute"},"schema":{"@context":"https:\/\/schema.org","@graph":[{"@type":["WebPage","ItemPage"],"@id":"https:\/\/www.qnde.ca\/fr\/produit\/ehs-shore-fr\/","url":"https:\/\/www.qnde.ca\/fr\/produit\/ehs-shore-fr\/","name":"Durom\u00e8tre de duret\u00e9 Shore \u2013 EHS Series &#060; Qualit\u00e9 NDE","isPartOf":{"@id":"https:\/\/www.qnde.ca\/#website"},"primaryImageOfPage":{"@id":"https:\/\/www.qnde.ca\/fr\/produit\/ehs-shore-fr\/#primaryimage"},"image":{"@id":"https:\/\/www.qnde.ca\/fr\/produit\/ehs-shore-fr\/#primaryimage"},"thumbnailUrl":"https:\/\/www.qnde.ca\/wp-content\/uploads\/2021\/10\/EHS-Series-Shore-Hardness-Durometer-Tester.png","datePublished":"2021-10-07T18:26:16+00:00","dateModified":"2025-08-13T17:24:40+00:00","description":"Durom\u00e8tre EHS s\u00e9rie pour mat\u00e9riaux durs\/mous. Trois modes de mesures. M\u00e9moire de 500 lectures.Donn\u00e9es de mesures peuvent \u00eatre enregistr\u00e9es.Garantie de 1 an.","breadcrumb":{"@id":"https:\/\/www.qnde.ca\/fr\/produit\/ehs-shore-fr\/#breadcrumb"},"inLanguage":"fr-FR","potentialAction":[{"@type":"ReadAction","target":["https:\/\/www.qnde.ca\/fr\/produit\/ehs-shore-fr\/"]}]},{"@type":"ImageObject","inLanguage":"fr-FR","@id":"https:\/\/www.qnde.ca\/fr\/produit\/ehs-shore-fr\/#primaryimage","url":"https:\/\/www.qnde.ca\/wp-content\/uploads\/2021\/10\/EHS-Series-Shore-Hardness-Durometer-Tester.png","contentUrl":"https:\/\/www.qnde.ca\/wp-content\/uploads\/2021\/10\/EHS-Series-Shore-Hardness-Durometer-Tester.png","width":700,"height":700,"caption":"EHS Series - Shore Hardness Durometer Tester"},{"@type":"BreadcrumbList","@id":"https:\/\/www.qnde.ca\/fr\/produit\/ehs-shore-fr\/#breadcrumb","itemListElement":[{"@type":"ListItem","position":1,"name":"Accueil","item":"https:\/\/www.qnde.ca\/fr\/"},{"@type":"ListItem","position":2,"name":"Produits","item":"https:\/\/www.qnde.ca\/fr\/produits\/"},{"@type":"ListItem","position":3,"name":"Essai de Duret\u00e9","item":"https:\/\/www.qnde.ca\/fr\/product-category\/essai-durete\/"},{"@type":"ListItem","position":4,"name":"Shore","item":"https:\/\/www.qnde.ca\/fr\/product-category\/essai-durete\/shore-fr\/"},{"@type":"ListItem","position":5,"name":"Durom\u00e8tre de duret\u00e9 Shore \u2013 EHS Series"}]},{"@type":"WebSite","@id":"https:\/\/www.qnde.ca\/#website","url":"https:\/\/www.qnde.ca\/","name":"Qualit\u00e9 NDE","description":"\u00c9quipements d&#039;essais non destructifs ","publisher":{"@id":"https:\/\/www.qnde.ca\/#organization"},"potentialAction":[{"@type":"SearchAction","target":{"@type":"EntryPoint","urlTemplate":"https:\/\/www.qnde.ca\/?s={search_term_string}"},"query-input":{"@type":"PropertyValueSpecification","valueRequired":true,"valueName":"search_term_string"}}],"inLanguage":"fr-FR"},{"@type":"Organization","@id":"https:\/\/www.qnde.ca\/#organization","name":"Quality NDT Ltd.","url":"https:\/\/www.qnde.ca\/","logo":{"@type":"ImageObject","inLanguage":"fr-FR","@id":"https:\/\/www.qnde.ca\/#\/schema\/logo\/image\/","url":"https:\/\/www.qnde.ca\/wp-content\/uploads\/2022\/02\/QNDE_logo_RGB-gif.gif","contentUrl":"https:\/\/www.qnde.ca\/wp-content\/uploads\/2022\/02\/QNDE_logo_RGB-gif.gif","width":250,"height":64,"caption":"Quality NDT Ltd."},"image":{"@id":"https:\/\/www.qnde.ca\/#\/schema\/logo\/image\/"},"sameAs":["https:\/\/www.linkedin.com\/company\/qnde\/about\/?viewAsMember=true"]}]}},"jetpack_sharing_enabled":true,"_links":{"self":[{"href":"https:\/\/www.qnde.ca\/fr\/wp-json\/wp\/v2\/product\/21837","targetHints":{"allow":["GET"]}}],"collection":[{"href":"https:\/\/www.qnde.ca\/fr\/wp-json\/wp\/v2\/product"}],"about":[{"href":"https:\/\/www.qnde.ca\/fr\/wp-json\/wp\/v2\/types\/product"}],"wp:featuredmedia":[{"embeddable":true,"href":"https:\/\/www.qnde.ca\/fr\/wp-json\/wp\/v2\/media\/21844"}],"wp:attachment":[{"href":"https:\/\/www.qnde.ca\/fr\/wp-json\/wp\/v2\/media?parent=21837"}],"wp:term":[{"taxonomy":"product_brand","embeddable":true,"href":"https:\/\/www.qnde.ca\/fr\/wp-json\/wp\/v2\/product_brand?post=21837"},{"taxonomy":"product_cat","embeddable":true,"href":"https:\/\/www.qnde.ca\/fr\/wp-json\/wp\/v2\/product_cat?post=21837"},{"taxonomy":"product_tag","embeddable":true,"href":"https:\/\/www.qnde.ca\/fr\/wp-json\/wp\/v2\/product_tag?post=21837"}],"curies":[{"name":"wp","href":"https:\/\/api.w.org\/{rel}","templated":true}]}}