{"id":21676,"date":"2021-10-07T10:11:12","date_gmt":"2021-10-07T14:11:12","guid":{"rendered":"https:\/\/www.qnde.ca\/?post_type=product&#038;p=21676"},"modified":"2025-08-11T11:18:07","modified_gmt":"2025-08-11T15:18:07","slug":"bhi-barcol-fr","status":"publish","type":"product","link":"https:\/\/www.qnde.ca\/fr\/produit\/bhi-barcol-fr\/","title":{"rendered":"Defelsko Positector BHI Mesureurs de Duret\u00e9 Barcol"},"content":{"rendered":"<h3><strong>Defelsko Positector BHI Mesureurs de Duret\u00e9 Barcol<\/strong><\/h3>\n<p>Le Positector BHI est un mesureur de duret\u00e9 Barcol robuste avec un \u00e9cran tactile couleur 71mm (2.8&Prime;). L\u2019appareil PosiTector accepte toutes les sondes PosiTector convertissant facilement votre mesureur de duret\u00e9 Barcol en un mesureur d&rsquo;\u00e9paisseur de rev\u00eatement, de point de ros\u00e9e, mesureur de profil de surface, mesureur d&rsquo;\u00e9paisseur et plus (voir le tableau de compatibilit\u00e9 des sondes ci-joint).<\/p>\n<p>Connexion USB, Wifi et Bluetooth au logiciel PosiSoft PC, MAC et t\u00e9l\u00e9phone intelligent. Durable, il est r\u00e9sistant aux solvants, acides, huiles, \u00e9tanche \u00e0 l&rsquo;eau et \u00e0 la poussi\u00e8re (IP65), il est livr\u00e9 avec une garantie de 2 ans.<\/p>\n<ul>\n<li>Ensemble de base inclut: unit\u00e9 de contr\u00f4le PosiTector BHI, sonde de duret\u00e9 Balcol, deux disques de duret\u00e9, p\u00e9n\u00e9trateur de remplacement avec outils, plaque de verre, \u00e9tui de protection en caoutchouc avec sangle de ceinture, dragonne, trois batteries alcalines AAA, c\u00e2ble USB, logiciel PosiSoft, manuel de l\u2019utilisateur, certificat d\u2019\u00e9talonnage et valise de transport rigide.\n<ul>\n<li>BHI1: Ensemble complet de mesureur de duret\u00e9 BHI-1 standard \u2013 m\u00e9moire pour 1,000 lectures.<\/li>\n<li>BHI3: Ensemble complet de mesureur de duret\u00e9 BHI-3 avanc\u00e9 \u2013 m\u00e9moire pour 250,000 lectures.<\/li>\n<\/ul>\n<\/li>\n<\/ul>\n<h4><strong>\u00a0<\/strong><strong>Options<\/strong><\/h4>\n<ul>\n<li>PRBBHI: Sonde de remplacement pour appareil de duret\u00e9 BHI.<\/li>\n<li>PWR: Ensemble d&rsquo;alimentation AC pour un fonctionnement continu avec 120VAC, 240VAC ou via le port USB int\u00e9gr\u00e9.<\/li>\n<li>PRINT: Imprimante Bluetooth l\u00e9g\u00e8re \u00e0 papier thermique (mod\u00e8les avanc\u00e9s SEULEMENT).<\/li>\n<li>GLASS: plaque de verre de remplacement pour la mise \u00e0 z\u00e9ro des p\u00e9n\u00e9trateurs us\u00e9s ou remplac\u00e9s.<\/li>\n<li>DENT-##: Embout de remplacement pour p\u00e9n\u00e9trateur (sp\u00e9cifiez fabricant, mod\u00e8le et dimension).<\/li>\n<li>HARD-##-##: Standard de duret\u00e9 certifi\u00e9 (sp\u00e9cifiez la duret\u00e9 et l\u2019\u00e9chelle requises).<\/li>\n<\/ul>\n<p>Contactez-nous afin de discuter de votre application, vos exigences, les options disponibles et\/ou recevoir une soumission.<\/p>\n","protected":false},"excerpt":{"rendered":"<p>Defelsko Positector BHI Mesureurs de Duret\u00e9 Barcol Le Positector BHI est un mesureur de duret\u00e9 Barcol robuste avec un \u00e9cran tactile couleur 71mm (2.8&Prime;). L\u2019appareil PosiTector accepte toutes les sondes PosiTector convertissant facilement votre mesureur de duret\u00e9 Barcol en un mesureur d&rsquo;\u00e9paisseur de rev\u00eatement, de point de ros\u00e9e, mesureur de profil de surface, mesureur d&rsquo;\u00e9paisseur [&hellip;]<\/p>\n","protected":false},"featured_media":21691,"template":"","meta":{"_monsterinsights_skip_tracking":false,"_monsterinsights_sitenote_active":false,"_monsterinsights_sitenote_note":"","_monsterinsights_sitenote_category":0},"product_brand":[],"product_cat":[406,342],"product_tag":[],"class_list":{"0":"post-21676","1":"product","2":"type-product","3":"status-publish","4":"has-post-thumbnail","6":"product_cat-defelsko-fr","7":"product_cat-barcol-fr","9":"first","10":"instock","11":"shipping-taxable","12":"purchasable","13":"product-type-variable"},"yoast_head":"<!-- This site is optimized with the Yoast SEO plugin v23.9 - https:\/\/yoast.com\/wordpress\/plugins\/seo\/ -->\n<title>Defelsko Positector BHI Mesureurs de Duret\u00e9 Barcol &#060; Qualit\u00e9 NDE<\/title>\n<meta name=\"description\" content=\"PosiTector BHI : mesureur de duret\u00e9 Barcol robuste, \u00e9cran tactile, compatible avec sondes PosiTector, connectivit\u00e9 USB\/Wi-Fi\/Bluetooth.\" \/>\n<meta name=\"robots\" content=\"index, follow, max-snippet:-1, max-image-preview:large, max-video-preview:-1\" \/>\n<link rel=\"canonical\" href=\"https:\/\/www.qnde.ca\/fr\/produit\/bhi-barcol-fr\/\" \/>\n<meta name=\"twitter:label1\" content=\"Dur\u00e9e de lecture estim\u00e9e\" \/>\n\t<meta name=\"twitter:data1\" content=\"2 minutes\" \/>\n<script type=\"application\/ld+json\" class=\"yoast-schema-graph\">{\"@context\":\"https:\/\/schema.org\",\"@graph\":[{\"@type\":[\"WebPage\",\"ItemPage\"],\"@id\":\"https:\/\/www.qnde.ca\/fr\/produit\/bhi-barcol-fr\/\",\"url\":\"https:\/\/www.qnde.ca\/fr\/produit\/bhi-barcol-fr\/\",\"name\":\"Defelsko Positector BHI Mesureurs de Duret\u00e9 Barcol &#060; Qualit\u00e9 NDE\",\"isPartOf\":{\"@id\":\"https:\/\/www.qnde.ca\/#website\"},\"primaryImageOfPage\":{\"@id\":\"https:\/\/www.qnde.ca\/fr\/produit\/bhi-barcol-fr\/#primaryimage\"},\"image\":{\"@id\":\"https:\/\/www.qnde.ca\/fr\/produit\/bhi-barcol-fr\/#primaryimage\"},\"thumbnailUrl\":\"https:\/\/www.qnde.ca\/wp-content\/uploads\/2021\/10\/Defelsko-Positector-BHI-\u2013-Barcol-Hardness-Tester.jpg\",\"datePublished\":\"2021-10-07T14:11:12+00:00\",\"dateModified\":\"2025-08-11T15:18:07+00:00\",\"description\":\"PosiTector BHI : mesureur de duret\u00e9 Barcol robuste, \u00e9cran tactile, compatible avec sondes PosiTector, connectivit\u00e9 USB\/Wi-Fi\/Bluetooth.\",\"breadcrumb\":{\"@id\":\"https:\/\/www.qnde.ca\/fr\/produit\/bhi-barcol-fr\/#breadcrumb\"},\"inLanguage\":\"fr-FR\",\"potentialAction\":[{\"@type\":\"ReadAction\",\"target\":[\"https:\/\/www.qnde.ca\/fr\/produit\/bhi-barcol-fr\/\"]}]},{\"@type\":\"ImageObject\",\"inLanguage\":\"fr-FR\",\"@id\":\"https:\/\/www.qnde.ca\/fr\/produit\/bhi-barcol-fr\/#primaryimage\",\"url\":\"https:\/\/www.qnde.ca\/wp-content\/uploads\/2021\/10\/Defelsko-Positector-BHI-\u2013-Barcol-Hardness-Tester.jpg\",\"contentUrl\":\"https:\/\/www.qnde.ca\/wp-content\/uploads\/2021\/10\/Defelsko-Positector-BHI-\u2013-Barcol-Hardness-Tester.jpg\",\"width\":350,\"height\":341,\"caption\":\"Defelsko Positector BHI \u2013 Barcol Hardness Tester\"},{\"@type\":\"BreadcrumbList\",\"@id\":\"https:\/\/www.qnde.ca\/fr\/produit\/bhi-barcol-fr\/#breadcrumb\",\"itemListElement\":[{\"@type\":\"ListItem\",\"position\":1,\"name\":\"Accueil\",\"item\":\"https:\/\/www.qnde.ca\/fr\/\"},{\"@type\":\"ListItem\",\"position\":2,\"name\":\"Produits\",\"item\":\"https:\/\/www.qnde.ca\/fr\/produits\/\"},{\"@type\":\"ListItem\",\"position\":3,\"name\":\"Essai de Duret\u00e9\",\"item\":\"https:\/\/www.qnde.ca\/fr\/product-category\/essai-durete\/\"},{\"@type\":\"ListItem\",\"position\":4,\"name\":\"Barcol\",\"item\":\"https:\/\/www.qnde.ca\/fr\/product-category\/essai-durete\/barcol-fr\/\"},{\"@type\":\"ListItem\",\"position\":5,\"name\":\"Defelsko Positector BHI Mesureurs de Duret\u00e9 Barcol\"}]},{\"@type\":\"WebSite\",\"@id\":\"https:\/\/www.qnde.ca\/#website\",\"url\":\"https:\/\/www.qnde.ca\/\",\"name\":\"Qualit\u00e9 NDE\",\"description\":\"\u00c9quipements d&#039;essais non destructifs \",\"publisher\":{\"@id\":\"https:\/\/www.qnde.ca\/#organization\"},\"potentialAction\":[{\"@type\":\"SearchAction\",\"target\":{\"@type\":\"EntryPoint\",\"urlTemplate\":\"https:\/\/www.qnde.ca\/?s={search_term_string}\"},\"query-input\":{\"@type\":\"PropertyValueSpecification\",\"valueRequired\":true,\"valueName\":\"search_term_string\"}}],\"inLanguage\":\"fr-FR\"},{\"@type\":\"Organization\",\"@id\":\"https:\/\/www.qnde.ca\/#organization\",\"name\":\"Quality NDT Ltd.\",\"url\":\"https:\/\/www.qnde.ca\/\",\"logo\":{\"@type\":\"ImageObject\",\"inLanguage\":\"fr-FR\",\"@id\":\"https:\/\/www.qnde.ca\/#\/schema\/logo\/image\/\",\"url\":\"https:\/\/www.qnde.ca\/wp-content\/uploads\/2022\/02\/QNDE_logo_RGB-gif.gif\",\"contentUrl\":\"https:\/\/www.qnde.ca\/wp-content\/uploads\/2022\/02\/QNDE_logo_RGB-gif.gif\",\"width\":250,\"height\":64,\"caption\":\"Quality NDT Ltd.\"},\"image\":{\"@id\":\"https:\/\/www.qnde.ca\/#\/schema\/logo\/image\/\"},\"sameAs\":[\"https:\/\/www.linkedin.com\/company\/qnde\/about\/?viewAsMember=true\"]}]}<\/script>\n<!-- \/ Yoast SEO plugin. -->","yoast_head_json":{"title":"Defelsko Positector BHI Mesureurs de Duret\u00e9 Barcol &#060; Qualit\u00e9 NDE","description":"PosiTector BHI : mesureur de duret\u00e9 Barcol robuste, \u00e9cran tactile, compatible avec sondes PosiTector, connectivit\u00e9 USB\/Wi-Fi\/Bluetooth.","robots":{"index":"index","follow":"follow","max-snippet":"max-snippet:-1","max-image-preview":"max-image-preview:large","max-video-preview":"max-video-preview:-1"},"canonical":"https:\/\/www.qnde.ca\/fr\/produit\/bhi-barcol-fr\/","twitter_misc":{"Dur\u00e9e de lecture estim\u00e9e":"2 minutes"},"schema":{"@context":"https:\/\/schema.org","@graph":[{"@type":["WebPage","ItemPage"],"@id":"https:\/\/www.qnde.ca\/fr\/produit\/bhi-barcol-fr\/","url":"https:\/\/www.qnde.ca\/fr\/produit\/bhi-barcol-fr\/","name":"Defelsko Positector BHI Mesureurs de Duret\u00e9 Barcol &#060; Qualit\u00e9 NDE","isPartOf":{"@id":"https:\/\/www.qnde.ca\/#website"},"primaryImageOfPage":{"@id":"https:\/\/www.qnde.ca\/fr\/produit\/bhi-barcol-fr\/#primaryimage"},"image":{"@id":"https:\/\/www.qnde.ca\/fr\/produit\/bhi-barcol-fr\/#primaryimage"},"thumbnailUrl":"https:\/\/www.qnde.ca\/wp-content\/uploads\/2021\/10\/Defelsko-Positector-BHI-\u2013-Barcol-Hardness-Tester.jpg","datePublished":"2021-10-07T14:11:12+00:00","dateModified":"2025-08-11T15:18:07+00:00","description":"PosiTector BHI : mesureur de duret\u00e9 Barcol robuste, \u00e9cran tactile, compatible avec sondes PosiTector, connectivit\u00e9 USB\/Wi-Fi\/Bluetooth.","breadcrumb":{"@id":"https:\/\/www.qnde.ca\/fr\/produit\/bhi-barcol-fr\/#breadcrumb"},"inLanguage":"fr-FR","potentialAction":[{"@type":"ReadAction","target":["https:\/\/www.qnde.ca\/fr\/produit\/bhi-barcol-fr\/"]}]},{"@type":"ImageObject","inLanguage":"fr-FR","@id":"https:\/\/www.qnde.ca\/fr\/produit\/bhi-barcol-fr\/#primaryimage","url":"https:\/\/www.qnde.ca\/wp-content\/uploads\/2021\/10\/Defelsko-Positector-BHI-\u2013-Barcol-Hardness-Tester.jpg","contentUrl":"https:\/\/www.qnde.ca\/wp-content\/uploads\/2021\/10\/Defelsko-Positector-BHI-\u2013-Barcol-Hardness-Tester.jpg","width":350,"height":341,"caption":"Defelsko Positector BHI \u2013 Barcol Hardness Tester"},{"@type":"BreadcrumbList","@id":"https:\/\/www.qnde.ca\/fr\/produit\/bhi-barcol-fr\/#breadcrumb","itemListElement":[{"@type":"ListItem","position":1,"name":"Accueil","item":"https:\/\/www.qnde.ca\/fr\/"},{"@type":"ListItem","position":2,"name":"Produits","item":"https:\/\/www.qnde.ca\/fr\/produits\/"},{"@type":"ListItem","position":3,"name":"Essai de Duret\u00e9","item":"https:\/\/www.qnde.ca\/fr\/product-category\/essai-durete\/"},{"@type":"ListItem","position":4,"name":"Barcol","item":"https:\/\/www.qnde.ca\/fr\/product-category\/essai-durete\/barcol-fr\/"},{"@type":"ListItem","position":5,"name":"Defelsko Positector BHI Mesureurs de Duret\u00e9 Barcol"}]},{"@type":"WebSite","@id":"https:\/\/www.qnde.ca\/#website","url":"https:\/\/www.qnde.ca\/","name":"Qualit\u00e9 NDE","description":"\u00c9quipements d&#039;essais non destructifs ","publisher":{"@id":"https:\/\/www.qnde.ca\/#organization"},"potentialAction":[{"@type":"SearchAction","target":{"@type":"EntryPoint","urlTemplate":"https:\/\/www.qnde.ca\/?s={search_term_string}"},"query-input":{"@type":"PropertyValueSpecification","valueRequired":true,"valueName":"search_term_string"}}],"inLanguage":"fr-FR"},{"@type":"Organization","@id":"https:\/\/www.qnde.ca\/#organization","name":"Quality NDT Ltd.","url":"https:\/\/www.qnde.ca\/","logo":{"@type":"ImageObject","inLanguage":"fr-FR","@id":"https:\/\/www.qnde.ca\/#\/schema\/logo\/image\/","url":"https:\/\/www.qnde.ca\/wp-content\/uploads\/2022\/02\/QNDE_logo_RGB-gif.gif","contentUrl":"https:\/\/www.qnde.ca\/wp-content\/uploads\/2022\/02\/QNDE_logo_RGB-gif.gif","width":250,"height":64,"caption":"Quality NDT Ltd."},"image":{"@id":"https:\/\/www.qnde.ca\/#\/schema\/logo\/image\/"},"sameAs":["https:\/\/www.linkedin.com\/company\/qnde\/about\/?viewAsMember=true"]}]}},"jetpack_sharing_enabled":true,"_links":{"self":[{"href":"https:\/\/www.qnde.ca\/fr\/wp-json\/wp\/v2\/product\/21676","targetHints":{"allow":["GET"]}}],"collection":[{"href":"https:\/\/www.qnde.ca\/fr\/wp-json\/wp\/v2\/product"}],"about":[{"href":"https:\/\/www.qnde.ca\/fr\/wp-json\/wp\/v2\/types\/product"}],"wp:featuredmedia":[{"embeddable":true,"href":"https:\/\/www.qnde.ca\/fr\/wp-json\/wp\/v2\/media\/21691"}],"wp:attachment":[{"href":"https:\/\/www.qnde.ca\/fr\/wp-json\/wp\/v2\/media?parent=21676"}],"wp:term":[{"taxonomy":"product_brand","embeddable":true,"href":"https:\/\/www.qnde.ca\/fr\/wp-json\/wp\/v2\/product_brand?post=21676"},{"taxonomy":"product_cat","embeddable":true,"href":"https:\/\/www.qnde.ca\/fr\/wp-json\/wp\/v2\/product_cat?post=21676"},{"taxonomy":"product_tag","embeddable":true,"href":"https:\/\/www.qnde.ca\/fr\/wp-json\/wp\/v2\/product_tag?post=21676"}],"curies":[{"name":"wp","href":"https:\/\/api.w.org\/{rel}","templated":true}]}}