{"id":21453,"date":"2021-10-06T14:19:28","date_gmt":"2021-10-06T18:19:28","guid":{"rendered":"https:\/\/www.qnde.ca\/?post_type=product&#038;p=21453"},"modified":"2022-11-04T15:54:37","modified_gmt":"2022-11-04T19:54:37","slug":"thx281-leeb-fr","status":"publish","type":"product","link":"https:\/\/www.qnde.ca\/fr\/produit\/thx281-leeb-fr\/","title":{"rendered":"Mesureur de Duret\u00e9 LEEB \u2013 THX281"},"content":{"rendered":"<h3><strong>Mesureur de Duret\u00e9 LEEB \u2013 THX281<\/strong><\/h3>\n<p>Le THX281 est un mesureur \u00e0 rebond dynamique portatif (LEEB) robuste, avec un \u00e9cran LCD 164&#215;64. La sonde standard \u00ab\u00a0D\u00a0\u00bb convertit les lectures HL aux \u00e9chelles HV, HB, HRC, HRB, HRA, HS (enregistre automatiquement jusqu\u2019\u00e0 600 groupes de donn\u00e9es). Capable de limite de duret\u00e9 sup\u00e9rieure et inf\u00e9rieure et d\u2019une alarme Okay\/NOT good. Livr\u00e9 avec le logiciel DataPro pour analyse de mesures. 2 ans de garantie.<\/p>\n<ul>\n<li>THX-281D: Appareil THL281 avec sonde de type-D de 11N\/mm<sup>2<\/sup>, bloc d\u2019essai LEEB certifi\u00e9, anneau de support, brosse de nettoyage, c\u00e2ble pour la sonde, manuel de l\u2019utilisateur, logiciel DataPro, certificat d\u2019\u00e9talonnage et valise de transport rigide.<\/li>\n<li>THX-281C: Identique au THL281D mais avec sonde de type-C de 3N\/mm<sup>2<\/sup> (pour pi\u00e8ces durcies en surface, rev\u00eatements, pi\u00e8ces \u00e0 paroi mince ou sensibles aux chocs (petite indentation)).<\/li>\n<li>THX-281G: Identique au THL281D mais avec sonde de type-G de 90N\/mm<sup>2<\/sup> (lourdes pi\u00e8ces moul\u00e9es ou forg\u00e9es).<\/li>\n<\/ul>\n<h4><strong>\u00a0<\/strong><strong>Options<\/strong><\/h4>\n<ul>\n<li>PROBE-DC: Sonde de type-DC de 11N\/mm<sup>2<\/sup> pour les espaces tr\u00e8s confin\u00e9s\u00a0(trous, mesures internes sur des machines assembl\u00e9es, etc.).<\/li>\n<li>PROBE-D+15: Sonde de type-D+15 de 11N\/mm<sup>2<\/sup> (pour mesures dans des rainures ou surfaces encastr\u00e9es.)<\/li>\n<li>PROBE-G: Sonde de type-G de 90N\/mm<sup>2<\/sup> (lourdes pi\u00e8ces moul\u00e9es ou forg\u00e9es).<\/li>\n<li>PROBE-C: Sonde de type-C de 3N\/mm<sup>2<\/sup> (pi\u00e8ces durcies en surface, rev\u00eatements, pi\u00e8ces \u00e0 paroi mince ou sensibles aux chocs (petite indentation)).<\/li>\n<li>PROBE-DL: Sonde de type-DL de 11N\/mm<sup>2<\/sup> pour des mesures dans des espaces extr\u00eamement confin\u00e9s ou \u00e0 la base de rainures.<\/li>\n<li>PRINT: Imprimante USB.<\/li>\n<li>HARD-##-##: Standard de duret\u00e9 certifi\u00e9 (sp\u00e9cifiez la duret\u00e9 et l\u2019\u00e9chelle requises).<\/li>\n<\/ul>\n<p>Contactez-nous afin de discuter de votre application, vos exigences, les options disponibles et\/ou recevoir une soumission.<\/p>\n","protected":false},"excerpt":{"rendered":"<p>Mesureur de Duret\u00e9 LEEB \u2013 THX281 Le THX281 est un mesureur \u00e0 rebond dynamique portatif (LEEB) robuste, avec un \u00e9cran LCD 164&#215;64. La sonde standard \u00ab\u00a0D\u00a0\u00bb convertit les lectures HL aux \u00e9chelles HV, HB, HRC, HRB, HRA, HS (enregistre automatiquement jusqu\u2019\u00e0 600 groupes de donn\u00e9es). Capable de limite de duret\u00e9 sup\u00e9rieure et inf\u00e9rieure et d\u2019une [&hellip;]<\/p>\n","protected":false},"featured_media":21484,"template":"","meta":{"_monsterinsights_skip_tracking":false,"_monsterinsights_sitenote_active":false,"_monsterinsights_sitenote_note":"","_monsterinsights_sitenote_category":0},"product_brand":[],"product_cat":[402,340],"product_tag":[],"class_list":{"0":"post-21453","1":"product","2":"type-product","3":"status-publish","4":"has-post-thumbnail","6":"product_cat-autres-marques","7":"product_cat-leeb-fr","9":"first","10":"instock","11":"shipping-taxable","12":"purchasable","13":"product-type-variable"},"yoast_head":"<!-- This site is optimized with the Yoast SEO plugin v23.9 - https:\/\/yoast.com\/wordpress\/plugins\/seo\/ -->\n<title>Mesureur de Duret\u00e9 LEEB \u2013 THX281 &#060; Qualit\u00e9 NDE<\/title>\n<meta name=\"description\" content=\"Mesureur \u00e0 rebond dynamique portatif (LEEB) robuste. \u00c9cran LCD 164x64. HL convertible en HV, HB, HRC, HRB, HRA, HS. (600 groupes de donn\u00e9es)\" \/>\n<meta name=\"robots\" content=\"index, follow, max-snippet:-1, max-image-preview:large, max-video-preview:-1\" \/>\n<link rel=\"canonical\" href=\"https:\/\/www.qnde.ca\/fr\/produit\/thx281-leeb-fr\/\" \/>\n<meta name=\"twitter:label1\" content=\"Dur\u00e9e de lecture estim\u00e9e\" \/>\n\t<meta name=\"twitter:data1\" content=\"2 minutes\" \/>\n<script type=\"application\/ld+json\" class=\"yoast-schema-graph\">{\"@context\":\"https:\/\/schema.org\",\"@graph\":[{\"@type\":[\"WebPage\",\"ItemPage\"],\"@id\":\"https:\/\/www.qnde.ca\/fr\/produit\/thx281-leeb-fr\/\",\"url\":\"https:\/\/www.qnde.ca\/fr\/produit\/thx281-leeb-fr\/\",\"name\":\"Mesureur de Duret\u00e9 LEEB \u2013 THX281 &#060; Qualit\u00e9 NDE\",\"isPartOf\":{\"@id\":\"https:\/\/www.qnde.ca\/#website\"},\"primaryImageOfPage\":{\"@id\":\"https:\/\/www.qnde.ca\/fr\/produit\/thx281-leeb-fr\/#primaryimage\"},\"image\":{\"@id\":\"https:\/\/www.qnde.ca\/fr\/produit\/thx281-leeb-fr\/#primaryimage\"},\"thumbnailUrl\":\"https:\/\/www.qnde.ca\/wp-content\/uploads\/2021\/10\/THX281D-LEEB-Hardnes-Tester-with-D-Type-Probe-on-Test-Block.png\",\"datePublished\":\"2021-10-06T18:19:28+00:00\",\"dateModified\":\"2022-11-04T19:54:37+00:00\",\"description\":\"Mesureur \u00e0 rebond dynamique portatif (LEEB) robuste. \u00c9cran LCD 164x64. HL convertible en HV, HB, HRC, HRB, HRA, HS. (600 groupes de donn\u00e9es)\",\"breadcrumb\":{\"@id\":\"https:\/\/www.qnde.ca\/fr\/produit\/thx281-leeb-fr\/#breadcrumb\"},\"inLanguage\":\"fr-FR\",\"potentialAction\":[{\"@type\":\"ReadAction\",\"target\":[\"https:\/\/www.qnde.ca\/fr\/produit\/thx281-leeb-fr\/\"]}]},{\"@type\":\"ImageObject\",\"inLanguage\":\"fr-FR\",\"@id\":\"https:\/\/www.qnde.ca\/fr\/produit\/thx281-leeb-fr\/#primaryimage\",\"url\":\"https:\/\/www.qnde.ca\/wp-content\/uploads\/2021\/10\/THX281D-LEEB-Hardnes-Tester-with-D-Type-Probe-on-Test-Block.png\",\"contentUrl\":\"https:\/\/www.qnde.ca\/wp-content\/uploads\/2021\/10\/THX281D-LEEB-Hardnes-Tester-with-D-Type-Probe-on-Test-Block.png\",\"width\":300,\"height\":300,\"caption\":\"THX281D - LEEB Hardnes Tester with D-Type Probe on Test Block\"},{\"@type\":\"BreadcrumbList\",\"@id\":\"https:\/\/www.qnde.ca\/fr\/produit\/thx281-leeb-fr\/#breadcrumb\",\"itemListElement\":[{\"@type\":\"ListItem\",\"position\":1,\"name\":\"Accueil\",\"item\":\"https:\/\/www.qnde.ca\/fr\/\"},{\"@type\":\"ListItem\",\"position\":2,\"name\":\"Produits\",\"item\":\"https:\/\/www.qnde.ca\/fr\/produits\/\"},{\"@type\":\"ListItem\",\"position\":3,\"name\":\"Essai de Duret\u00e9\",\"item\":\"https:\/\/www.qnde.ca\/fr\/product-category\/essai-durete\/\"},{\"@type\":\"ListItem\",\"position\":4,\"name\":\"LEEB\",\"item\":\"https:\/\/www.qnde.ca\/fr\/product-category\/essai-durete\/leeb-fr\/\"},{\"@type\":\"ListItem\",\"position\":5,\"name\":\"Mesureur de Duret\u00e9 LEEB \u2013 THX281\"}]},{\"@type\":\"WebSite\",\"@id\":\"https:\/\/www.qnde.ca\/#website\",\"url\":\"https:\/\/www.qnde.ca\/\",\"name\":\"Qualit\u00e9 NDE\",\"description\":\"\u00c9quipements d&#039;essais non destructifs \",\"publisher\":{\"@id\":\"https:\/\/www.qnde.ca\/#organization\"},\"potentialAction\":[{\"@type\":\"SearchAction\",\"target\":{\"@type\":\"EntryPoint\",\"urlTemplate\":\"https:\/\/www.qnde.ca\/?s={search_term_string}\"},\"query-input\":{\"@type\":\"PropertyValueSpecification\",\"valueRequired\":true,\"valueName\":\"search_term_string\"}}],\"inLanguage\":\"fr-FR\"},{\"@type\":\"Organization\",\"@id\":\"https:\/\/www.qnde.ca\/#organization\",\"name\":\"Quality NDT Ltd.\",\"url\":\"https:\/\/www.qnde.ca\/\",\"logo\":{\"@type\":\"ImageObject\",\"inLanguage\":\"fr-FR\",\"@id\":\"https:\/\/www.qnde.ca\/#\/schema\/logo\/image\/\",\"url\":\"https:\/\/www.qnde.ca\/wp-content\/uploads\/2022\/02\/QNDE_logo_RGB-gif.gif\",\"contentUrl\":\"https:\/\/www.qnde.ca\/wp-content\/uploads\/2022\/02\/QNDE_logo_RGB-gif.gif\",\"width\":250,\"height\":64,\"caption\":\"Quality NDT Ltd.\"},\"image\":{\"@id\":\"https:\/\/www.qnde.ca\/#\/schema\/logo\/image\/\"},\"sameAs\":[\"https:\/\/www.linkedin.com\/company\/qnde\/about\/?viewAsMember=true\"]}]}<\/script>\n<!-- \/ Yoast SEO plugin. -->","yoast_head_json":{"title":"Mesureur de Duret\u00e9 LEEB \u2013 THX281 &#060; Qualit\u00e9 NDE","description":"Mesureur \u00e0 rebond dynamique portatif (LEEB) robuste. \u00c9cran LCD 164x64. HL convertible en HV, HB, HRC, HRB, HRA, HS. (600 groupes de donn\u00e9es)","robots":{"index":"index","follow":"follow","max-snippet":"max-snippet:-1","max-image-preview":"max-image-preview:large","max-video-preview":"max-video-preview:-1"},"canonical":"https:\/\/www.qnde.ca\/fr\/produit\/thx281-leeb-fr\/","twitter_misc":{"Dur\u00e9e de lecture estim\u00e9e":"2 minutes"},"schema":{"@context":"https:\/\/schema.org","@graph":[{"@type":["WebPage","ItemPage"],"@id":"https:\/\/www.qnde.ca\/fr\/produit\/thx281-leeb-fr\/","url":"https:\/\/www.qnde.ca\/fr\/produit\/thx281-leeb-fr\/","name":"Mesureur de Duret\u00e9 LEEB \u2013 THX281 &#060; Qualit\u00e9 NDE","isPartOf":{"@id":"https:\/\/www.qnde.ca\/#website"},"primaryImageOfPage":{"@id":"https:\/\/www.qnde.ca\/fr\/produit\/thx281-leeb-fr\/#primaryimage"},"image":{"@id":"https:\/\/www.qnde.ca\/fr\/produit\/thx281-leeb-fr\/#primaryimage"},"thumbnailUrl":"https:\/\/www.qnde.ca\/wp-content\/uploads\/2021\/10\/THX281D-LEEB-Hardnes-Tester-with-D-Type-Probe-on-Test-Block.png","datePublished":"2021-10-06T18:19:28+00:00","dateModified":"2022-11-04T19:54:37+00:00","description":"Mesureur \u00e0 rebond dynamique portatif (LEEB) robuste. \u00c9cran LCD 164x64. HL convertible en HV, HB, HRC, HRB, HRA, HS. (600 groupes de donn\u00e9es)","breadcrumb":{"@id":"https:\/\/www.qnde.ca\/fr\/produit\/thx281-leeb-fr\/#breadcrumb"},"inLanguage":"fr-FR","potentialAction":[{"@type":"ReadAction","target":["https:\/\/www.qnde.ca\/fr\/produit\/thx281-leeb-fr\/"]}]},{"@type":"ImageObject","inLanguage":"fr-FR","@id":"https:\/\/www.qnde.ca\/fr\/produit\/thx281-leeb-fr\/#primaryimage","url":"https:\/\/www.qnde.ca\/wp-content\/uploads\/2021\/10\/THX281D-LEEB-Hardnes-Tester-with-D-Type-Probe-on-Test-Block.png","contentUrl":"https:\/\/www.qnde.ca\/wp-content\/uploads\/2021\/10\/THX281D-LEEB-Hardnes-Tester-with-D-Type-Probe-on-Test-Block.png","width":300,"height":300,"caption":"THX281D - LEEB Hardnes Tester with D-Type Probe on Test Block"},{"@type":"BreadcrumbList","@id":"https:\/\/www.qnde.ca\/fr\/produit\/thx281-leeb-fr\/#breadcrumb","itemListElement":[{"@type":"ListItem","position":1,"name":"Accueil","item":"https:\/\/www.qnde.ca\/fr\/"},{"@type":"ListItem","position":2,"name":"Produits","item":"https:\/\/www.qnde.ca\/fr\/produits\/"},{"@type":"ListItem","position":3,"name":"Essai de Duret\u00e9","item":"https:\/\/www.qnde.ca\/fr\/product-category\/essai-durete\/"},{"@type":"ListItem","position":4,"name":"LEEB","item":"https:\/\/www.qnde.ca\/fr\/product-category\/essai-durete\/leeb-fr\/"},{"@type":"ListItem","position":5,"name":"Mesureur de Duret\u00e9 LEEB \u2013 THX281"}]},{"@type":"WebSite","@id":"https:\/\/www.qnde.ca\/#website","url":"https:\/\/www.qnde.ca\/","name":"Qualit\u00e9 NDE","description":"\u00c9quipements d&#039;essais non destructifs ","publisher":{"@id":"https:\/\/www.qnde.ca\/#organization"},"potentialAction":[{"@type":"SearchAction","target":{"@type":"EntryPoint","urlTemplate":"https:\/\/www.qnde.ca\/?s={search_term_string}"},"query-input":{"@type":"PropertyValueSpecification","valueRequired":true,"valueName":"search_term_string"}}],"inLanguage":"fr-FR"},{"@type":"Organization","@id":"https:\/\/www.qnde.ca\/#organization","name":"Quality NDT Ltd.","url":"https:\/\/www.qnde.ca\/","logo":{"@type":"ImageObject","inLanguage":"fr-FR","@id":"https:\/\/www.qnde.ca\/#\/schema\/logo\/image\/","url":"https:\/\/www.qnde.ca\/wp-content\/uploads\/2022\/02\/QNDE_logo_RGB-gif.gif","contentUrl":"https:\/\/www.qnde.ca\/wp-content\/uploads\/2022\/02\/QNDE_logo_RGB-gif.gif","width":250,"height":64,"caption":"Quality NDT Ltd."},"image":{"@id":"https:\/\/www.qnde.ca\/#\/schema\/logo\/image\/"},"sameAs":["https:\/\/www.linkedin.com\/company\/qnde\/about\/?viewAsMember=true"]}]}},"jetpack_sharing_enabled":true,"_links":{"self":[{"href":"https:\/\/www.qnde.ca\/fr\/wp-json\/wp\/v2\/product\/21453","targetHints":{"allow":["GET"]}}],"collection":[{"href":"https:\/\/www.qnde.ca\/fr\/wp-json\/wp\/v2\/product"}],"about":[{"href":"https:\/\/www.qnde.ca\/fr\/wp-json\/wp\/v2\/types\/product"}],"wp:featuredmedia":[{"embeddable":true,"href":"https:\/\/www.qnde.ca\/fr\/wp-json\/wp\/v2\/media\/21484"}],"wp:attachment":[{"href":"https:\/\/www.qnde.ca\/fr\/wp-json\/wp\/v2\/media?parent=21453"}],"wp:term":[{"taxonomy":"product_brand","embeddable":true,"href":"https:\/\/www.qnde.ca\/fr\/wp-json\/wp\/v2\/product_brand?post=21453"},{"taxonomy":"product_cat","embeddable":true,"href":"https:\/\/www.qnde.ca\/fr\/wp-json\/wp\/v2\/product_cat?post=21453"},{"taxonomy":"product_tag","embeddable":true,"href":"https:\/\/www.qnde.ca\/fr\/wp-json\/wp\/v2\/product_tag?post=21453"}],"curies":[{"name":"wp","href":"https:\/\/api.w.org\/{rel}","templated":true}]}}