{"id":21198,"date":"2021-10-05T16:14:18","date_gmt":"2021-10-05T20:14:18","guid":{"rendered":"https:\/\/www.qnde.ca\/?post_type=product&#038;p=21198"},"modified":"2025-06-11T16:11:44","modified_gmt":"2025-06-11T20:11:44","slug":"tcm-u-fr","status":"publish","type":"product","link":"https:\/\/www.qnde.ca\/fr\/produit\/tcm-u-fr\/","title":{"rendered":"Cimetrix Mesureur de duret\u00e9 UCI TCM-U"},"content":{"rendered":"<h3><strong>Cimetrix Mesureur de duret\u00e9 UCI TCM-U<\/strong><\/h3>\n<p>Mesureur de duret\u00e9 UCI (Ultrasonic Contact Impedance) portatif qui mesure en HRC, HV, HB et r\u00e9sistance \u00e0 la traction. Importer les mesures sur votre PC (2,000 sauvegardes de donn\u00e9es et 100 groupes de donn\u00e9es). Sp\u00e9cifier la sonde UCI requise (10N, 50N ou 98N) selon votre application et la surface d\u2019\u00e9chantillon. 1 an de garantie.<\/p>\n<ul>\n<li>TCM-U2: TCM-U2 avec \u00e9cran noir et blanc (128&#215;64), sonde UCI, c\u00e2ble TCM, support sp\u00e9cial pour surfaces planes et courb\u00e9es, 2 batteries NiMh, chargeur avec c\u00e2ble, manuel de l\u2019utilisateur, c\u00e2ble USB et logiciel, certificat d\u2019\u00e9talonnage et valise de transport rigide.<\/li>\n<li>TCM-U3: TCM-U3 avec grand \u00e9cran couleur (320&#215;240), sonde UCI (10N ou 50N), c\u00e2ble TCM, support sp\u00e9cial pour surfaces planes et courb\u00e9es, 3 batteries NiMh, chargeur avec c\u00e2ble, manuel de l\u2019utilisateur, c\u00e2ble USB et logiciel, certificat d\u2019\u00e9talonnage et valise de transport rigide.<\/li>\n<\/ul>\n<h4><strong>Options:<\/strong><\/h4>\n<ul>\n<li>PROBE-D: Sonde de Type-D LEEB\/Rebond (doit avoir logiciel interne activ\u00e9 pour la fonctionnalit\u00e9 LEEB) pour les mat\u00e9riaux non ferreux et les structures \u00e0 gros grains (fonte).<\/li>\n<li>TCM-CONNECT: C\u00e2ble de remplacement, connecteurs m\u00e2le et femelle.<\/li>\n<li>TCM-PROBE-##: Sonde ultrasonique de remplacement pour la s\u00e9rie TCM (10N, 50N ou 98N disponible).<\/li>\n<li>HARD-##-##: Standard de duret\u00e9 certifi\u00e9 (sp\u00e9cifiez la duret\u00e9 et l\u2019\u00e9chelle requises).<\/li>\n<\/ul>\n<p><strong><em>\u00a0<\/em><\/strong><strong><em>NOTE:<\/em><\/strong> Les appareils UCI ne sont pas con\u00e7us pour les mesures de duret\u00e9 de structures \u00e0 gros grains (fonte), l\u2019aluminium non trait\u00e9 thermiquement et autres mat\u00e9riaux mous non-ferreux, pi\u00e8ces pesant moins de 10g (0.35oz) ou moins de 1mm (0.04&Prime;) d\u2019\u00e9paisseur.<\/p>\n<p>Contactez-nous afin de discuter de votre application, vos exigences, les options disponibles et\/ou recevoir une soumission.<\/p>\n","protected":false},"excerpt":{"rendered":"<p>Cimetrix Mesureur de duret\u00e9 UCI TCM-U Mesureur de duret\u00e9 UCI (Ultrasonic Contact Impedance) portatif qui mesure en HRC, HV, HB et r\u00e9sistance \u00e0 la traction. Importer les mesures sur votre PC (2,000 sauvegardes de donn\u00e9es et 100 groupes de donn\u00e9es). Sp\u00e9cifier la sonde UCI requise (10N, 50N ou 98N) selon votre application et la surface [&hellip;]<\/p>\n","protected":false},"featured_media":21211,"template":"","meta":{"_monsterinsights_skip_tracking":false,"_monsterinsights_sitenote_active":false,"_monsterinsights_sitenote_note":"","_monsterinsights_sitenote_category":0},"product_brand":[],"product_cat":[402,147],"product_tag":[],"class_list":{"0":"post-21198","1":"product","2":"type-product","3":"status-publish","4":"has-post-thumbnail","6":"product_cat-autres-marques","7":"product_cat-uci-fr","9":"first","10":"instock","11":"shipping-taxable","12":"purchasable","13":"product-type-variable"},"yoast_head":"<!-- This site is optimized with the Yoast SEO plugin v23.9 - https:\/\/yoast.com\/wordpress\/plugins\/seo\/ -->\n<title>Cimetrix Mesureur de duret\u00e9 UCI TCM-U &#060; Qualit\u00e9 NDE<\/title>\n<meta name=\"description\" content=\"Mesureur de duret\u00e9 UCI (Ultrasonic Contact Impedance) portatif. HRC, HV, HB et r\u00e9sistance \u00e0 la traction. (2,000 donn\u00e9es + 100 groupes de donn\u00e9es)\" \/>\n<meta name=\"robots\" content=\"index, follow, max-snippet:-1, max-image-preview:large, max-video-preview:-1\" \/>\n<link rel=\"canonical\" href=\"https:\/\/www.qnde.ca\/fr\/produit\/tcm-u-fr\/\" \/>\n<meta name=\"twitter:label1\" content=\"Dur\u00e9e de lecture estim\u00e9e\" \/>\n\t<meta name=\"twitter:data1\" content=\"2 minutes\" \/>\n<script type=\"application\/ld+json\" class=\"yoast-schema-graph\">{\"@context\":\"https:\/\/schema.org\",\"@graph\":[{\"@type\":[\"WebPage\",\"ItemPage\"],\"@id\":\"https:\/\/www.qnde.ca\/fr\/produit\/tcm-u-fr\/\",\"url\":\"https:\/\/www.qnde.ca\/fr\/produit\/tcm-u-fr\/\",\"name\":\"Cimetrix Mesureur de duret\u00e9 UCI TCM-U &#060; Qualit\u00e9 NDE\",\"isPartOf\":{\"@id\":\"https:\/\/www.qnde.ca\/#website\"},\"primaryImageOfPage\":{\"@id\":\"https:\/\/www.qnde.ca\/fr\/produit\/tcm-u-fr\/#primaryimage\"},\"image\":{\"@id\":\"https:\/\/www.qnde.ca\/fr\/produit\/tcm-u-fr\/#primaryimage\"},\"thumbnailUrl\":\"https:\/\/www.qnde.ca\/wp-content\/uploads\/2021\/10\/TCM-U2-UCI-Hardness-Tester-with-probe.png\",\"datePublished\":\"2021-10-05T20:14:18+00:00\",\"dateModified\":\"2025-06-11T20:11:44+00:00\",\"description\":\"Mesureur de duret\u00e9 UCI (Ultrasonic Contact Impedance) portatif. HRC, HV, HB et r\u00e9sistance \u00e0 la traction. (2,000 donn\u00e9es + 100 groupes de donn\u00e9es)\",\"breadcrumb\":{\"@id\":\"https:\/\/www.qnde.ca\/fr\/produit\/tcm-u-fr\/#breadcrumb\"},\"inLanguage\":\"fr-FR\",\"potentialAction\":[{\"@type\":\"ReadAction\",\"target\":[\"https:\/\/www.qnde.ca\/fr\/produit\/tcm-u-fr\/\"]}]},{\"@type\":\"ImageObject\",\"inLanguage\":\"fr-FR\",\"@id\":\"https:\/\/www.qnde.ca\/fr\/produit\/tcm-u-fr\/#primaryimage\",\"url\":\"https:\/\/www.qnde.ca\/wp-content\/uploads\/2021\/10\/TCM-U2-UCI-Hardness-Tester-with-probe.png\",\"contentUrl\":\"https:\/\/www.qnde.ca\/wp-content\/uploads\/2021\/10\/TCM-U2-UCI-Hardness-Tester-with-probe.png\",\"width\":700,\"height\":700,\"caption\":\"TCM-U2 UCI Hardness Tester with probe\"},{\"@type\":\"BreadcrumbList\",\"@id\":\"https:\/\/www.qnde.ca\/fr\/produit\/tcm-u-fr\/#breadcrumb\",\"itemListElement\":[{\"@type\":\"ListItem\",\"position\":1,\"name\":\"Accueil\",\"item\":\"https:\/\/www.qnde.ca\/fr\/\"},{\"@type\":\"ListItem\",\"position\":2,\"name\":\"Produits\",\"item\":\"https:\/\/www.qnde.ca\/fr\/produits\/\"},{\"@type\":\"ListItem\",\"position\":3,\"name\":\"Essai de Duret\u00e9\",\"item\":\"https:\/\/www.qnde.ca\/fr\/product-category\/essai-durete\/\"},{\"@type\":\"ListItem\",\"position\":4,\"name\":\"UCI\",\"item\":\"https:\/\/www.qnde.ca\/fr\/product-category\/essai-durete\/uci-fr\/\"},{\"@type\":\"ListItem\",\"position\":5,\"name\":\"Cimetrix Mesureur de duret\u00e9 UCI TCM-U\"}]},{\"@type\":\"WebSite\",\"@id\":\"https:\/\/www.qnde.ca\/#website\",\"url\":\"https:\/\/www.qnde.ca\/\",\"name\":\"Qualit\u00e9 NDE\",\"description\":\"\u00c9quipements d&#039;essais non destructifs \",\"publisher\":{\"@id\":\"https:\/\/www.qnde.ca\/#organization\"},\"potentialAction\":[{\"@type\":\"SearchAction\",\"target\":{\"@type\":\"EntryPoint\",\"urlTemplate\":\"https:\/\/www.qnde.ca\/?s={search_term_string}\"},\"query-input\":{\"@type\":\"PropertyValueSpecification\",\"valueRequired\":true,\"valueName\":\"search_term_string\"}}],\"inLanguage\":\"fr-FR\"},{\"@type\":\"Organization\",\"@id\":\"https:\/\/www.qnde.ca\/#organization\",\"name\":\"Quality NDT Ltd.\",\"url\":\"https:\/\/www.qnde.ca\/\",\"logo\":{\"@type\":\"ImageObject\",\"inLanguage\":\"fr-FR\",\"@id\":\"https:\/\/www.qnde.ca\/#\/schema\/logo\/image\/\",\"url\":\"https:\/\/www.qnde.ca\/wp-content\/uploads\/2022\/02\/QNDE_logo_RGB-gif.gif\",\"contentUrl\":\"https:\/\/www.qnde.ca\/wp-content\/uploads\/2022\/02\/QNDE_logo_RGB-gif.gif\",\"width\":250,\"height\":64,\"caption\":\"Quality NDT Ltd.\"},\"image\":{\"@id\":\"https:\/\/www.qnde.ca\/#\/schema\/logo\/image\/\"},\"sameAs\":[\"https:\/\/www.linkedin.com\/company\/qnde\/about\/?viewAsMember=true\"]}]}<\/script>\n<!-- \/ Yoast SEO plugin. -->","yoast_head_json":{"title":"Cimetrix Mesureur de duret\u00e9 UCI TCM-U &#060; Qualit\u00e9 NDE","description":"Mesureur de duret\u00e9 UCI (Ultrasonic Contact Impedance) portatif. HRC, HV, HB et r\u00e9sistance \u00e0 la traction. (2,000 donn\u00e9es + 100 groupes de donn\u00e9es)","robots":{"index":"index","follow":"follow","max-snippet":"max-snippet:-1","max-image-preview":"max-image-preview:large","max-video-preview":"max-video-preview:-1"},"canonical":"https:\/\/www.qnde.ca\/fr\/produit\/tcm-u-fr\/","twitter_misc":{"Dur\u00e9e de lecture estim\u00e9e":"2 minutes"},"schema":{"@context":"https:\/\/schema.org","@graph":[{"@type":["WebPage","ItemPage"],"@id":"https:\/\/www.qnde.ca\/fr\/produit\/tcm-u-fr\/","url":"https:\/\/www.qnde.ca\/fr\/produit\/tcm-u-fr\/","name":"Cimetrix Mesureur de duret\u00e9 UCI TCM-U &#060; Qualit\u00e9 NDE","isPartOf":{"@id":"https:\/\/www.qnde.ca\/#website"},"primaryImageOfPage":{"@id":"https:\/\/www.qnde.ca\/fr\/produit\/tcm-u-fr\/#primaryimage"},"image":{"@id":"https:\/\/www.qnde.ca\/fr\/produit\/tcm-u-fr\/#primaryimage"},"thumbnailUrl":"https:\/\/www.qnde.ca\/wp-content\/uploads\/2021\/10\/TCM-U2-UCI-Hardness-Tester-with-probe.png","datePublished":"2021-10-05T20:14:18+00:00","dateModified":"2025-06-11T20:11:44+00:00","description":"Mesureur de duret\u00e9 UCI (Ultrasonic Contact Impedance) portatif. HRC, HV, HB et r\u00e9sistance \u00e0 la traction. (2,000 donn\u00e9es + 100 groupes de donn\u00e9es)","breadcrumb":{"@id":"https:\/\/www.qnde.ca\/fr\/produit\/tcm-u-fr\/#breadcrumb"},"inLanguage":"fr-FR","potentialAction":[{"@type":"ReadAction","target":["https:\/\/www.qnde.ca\/fr\/produit\/tcm-u-fr\/"]}]},{"@type":"ImageObject","inLanguage":"fr-FR","@id":"https:\/\/www.qnde.ca\/fr\/produit\/tcm-u-fr\/#primaryimage","url":"https:\/\/www.qnde.ca\/wp-content\/uploads\/2021\/10\/TCM-U2-UCI-Hardness-Tester-with-probe.png","contentUrl":"https:\/\/www.qnde.ca\/wp-content\/uploads\/2021\/10\/TCM-U2-UCI-Hardness-Tester-with-probe.png","width":700,"height":700,"caption":"TCM-U2 UCI Hardness Tester with probe"},{"@type":"BreadcrumbList","@id":"https:\/\/www.qnde.ca\/fr\/produit\/tcm-u-fr\/#breadcrumb","itemListElement":[{"@type":"ListItem","position":1,"name":"Accueil","item":"https:\/\/www.qnde.ca\/fr\/"},{"@type":"ListItem","position":2,"name":"Produits","item":"https:\/\/www.qnde.ca\/fr\/produits\/"},{"@type":"ListItem","position":3,"name":"Essai de Duret\u00e9","item":"https:\/\/www.qnde.ca\/fr\/product-category\/essai-durete\/"},{"@type":"ListItem","position":4,"name":"UCI","item":"https:\/\/www.qnde.ca\/fr\/product-category\/essai-durete\/uci-fr\/"},{"@type":"ListItem","position":5,"name":"Cimetrix Mesureur de duret\u00e9 UCI TCM-U"}]},{"@type":"WebSite","@id":"https:\/\/www.qnde.ca\/#website","url":"https:\/\/www.qnde.ca\/","name":"Qualit\u00e9 NDE","description":"\u00c9quipements d&#039;essais non destructifs ","publisher":{"@id":"https:\/\/www.qnde.ca\/#organization"},"potentialAction":[{"@type":"SearchAction","target":{"@type":"EntryPoint","urlTemplate":"https:\/\/www.qnde.ca\/?s={search_term_string}"},"query-input":{"@type":"PropertyValueSpecification","valueRequired":true,"valueName":"search_term_string"}}],"inLanguage":"fr-FR"},{"@type":"Organization","@id":"https:\/\/www.qnde.ca\/#organization","name":"Quality NDT Ltd.","url":"https:\/\/www.qnde.ca\/","logo":{"@type":"ImageObject","inLanguage":"fr-FR","@id":"https:\/\/www.qnde.ca\/#\/schema\/logo\/image\/","url":"https:\/\/www.qnde.ca\/wp-content\/uploads\/2022\/02\/QNDE_logo_RGB-gif.gif","contentUrl":"https:\/\/www.qnde.ca\/wp-content\/uploads\/2022\/02\/QNDE_logo_RGB-gif.gif","width":250,"height":64,"caption":"Quality NDT Ltd."},"image":{"@id":"https:\/\/www.qnde.ca\/#\/schema\/logo\/image\/"},"sameAs":["https:\/\/www.linkedin.com\/company\/qnde\/about\/?viewAsMember=true"]}]}},"jetpack_sharing_enabled":true,"_links":{"self":[{"href":"https:\/\/www.qnde.ca\/fr\/wp-json\/wp\/v2\/product\/21198","targetHints":{"allow":["GET"]}}],"collection":[{"href":"https:\/\/www.qnde.ca\/fr\/wp-json\/wp\/v2\/product"}],"about":[{"href":"https:\/\/www.qnde.ca\/fr\/wp-json\/wp\/v2\/types\/product"}],"wp:featuredmedia":[{"embeddable":true,"href":"https:\/\/www.qnde.ca\/fr\/wp-json\/wp\/v2\/media\/21211"}],"wp:attachment":[{"href":"https:\/\/www.qnde.ca\/fr\/wp-json\/wp\/v2\/media?parent=21198"}],"wp:term":[{"taxonomy":"product_brand","embeddable":true,"href":"https:\/\/www.qnde.ca\/fr\/wp-json\/wp\/v2\/product_brand?post=21198"},{"taxonomy":"product_cat","embeddable":true,"href":"https:\/\/www.qnde.ca\/fr\/wp-json\/wp\/v2\/product_cat?post=21198"},{"taxonomy":"product_tag","embeddable":true,"href":"https:\/\/www.qnde.ca\/fr\/wp-json\/wp\/v2\/product_tag?post=21198"}],"curies":[{"name":"wp","href":"https:\/\/api.w.org\/{rel}","templated":true}]}}