{"id":20670,"date":"2021-09-01T13:22:32","date_gmt":"2021-09-01T17:22:32","guid":{"rendered":"https:\/\/www.qnde.ca\/?post_type=product&#038;p=20670"},"modified":"2025-08-11T16:22:33","modified_gmt":"2025-08-11T20:22:33","slug":"md-220-fr","status":"publish","type":"product","link":"https:\/\/www.qnde.ca\/fr\/produit\/md-220-fr\/","title":{"rendered":"Gould Bass \u2013 Compteur d&rsquo;Intensit\u00e9 de Champ Magn\u00e9tique \u2013 MD-220"},"content":{"rendered":"<h3><strong>Gould Bass \u2013 Compteur d&rsquo;Intensit\u00e9 de Champ Magn\u00e9tique \u2013 MD-220<\/strong><\/h3>\n<p>Gaussm\u00e8tre num\u00e9rique de base avec un \u00e9cran LCD facile \u00e0 lire de 9mm (0.35&Prime;). Le MD-220 a une plage de 0 \u00e0 199,9 gauss dans l&rsquo;une ou l&rsquo;autre des polarit\u00e9s avec une pr\u00e9cision de \u00b12 % et un temps d&rsquo;\u00e9chantillonnage de 0,3 seconde.<\/p>\n<ul>\n<li>MD220: Gaussm\u00e8tre num\u00e9rique MD-220, sonde tangentielle rigide mesurant 0,95cm x 5,08cm x 0,48cm (3\/8&Prime; W x 2&Prime;L x 3\/16&Prime;) avec c\u00e2ble de 91cm (36&Prime;), batterie rechargeable 9V, chargeur 120 VAC, dispositif d&rsquo;alignement, certificate d\u2019\u00e9talonnage et valise de transport rigide.<\/li>\n<\/ul>\n","protected":false},"excerpt":{"rendered":"<p>Gould Bass \u2013 Compteur d&rsquo;Intensit\u00e9 de Champ Magn\u00e9tique \u2013 MD-220 Gaussm\u00e8tre num\u00e9rique de base avec un \u00e9cran LCD facile \u00e0 lire de 9mm (0.35&Prime;). Le MD-220 a une plage de 0 \u00e0 199,9 gauss dans l&rsquo;une ou l&rsquo;autre des polarit\u00e9s avec une pr\u00e9cision de \u00b12 % et un temps d&rsquo;\u00e9chantillonnage de 0,3 seconde. MD220: Gaussm\u00e8tre [&hellip;]<\/p>\n","protected":false},"featured_media":20671,"template":"","meta":{"_monsterinsights_skip_tracking":false,"_monsterinsights_sitenote_active":false,"_monsterinsights_sitenote_note":"","_monsterinsights_sitenote_category":0},"product_brand":[],"product_cat":[402,134],"product_tag":[],"class_list":{"0":"post-20670","1":"product","2":"type-product","3":"status-publish","4":"has-post-thumbnail","6":"product_cat-autres-marques","7":"product_cat-accessoires-magnetoscopie","9":"first","10":"instock","11":"shipping-taxable","12":"purchasable","13":"product-type-simple"},"yoast_head":"<!-- This site is optimized with the Yoast SEO plugin v23.9 - https:\/\/yoast.com\/wordpress\/plugins\/seo\/ -->\n<title>Gould Bass \u2013 Compteur d&#039;Intensit\u00e9 de Champ Magn\u00e9tique \u2013 MD-220 &#060; Qualit\u00e9 NDE<\/title>\n<meta name=\"description\" content=\"Gaussm\u00e8tre num\u00e9rique MD-220 avec \u00e9cran LCD, pr\u00e9cision \u00b12 %, plage 0-199,9 gauss. Livr\u00e9 avec sonde, chargeur, batterie et valise.\" \/>\n<meta name=\"robots\" content=\"index, follow, max-snippet:-1, max-image-preview:large, max-video-preview:-1\" \/>\n<link rel=\"canonical\" href=\"https:\/\/www.qnde.ca\/fr\/produit\/md-220-fr\/\" \/>\n<meta name=\"twitter:label1\" content=\"Dur\u00e9e de lecture estim\u00e9e\" \/>\n\t<meta name=\"twitter:data1\" content=\"1 minute\" \/>\n<script type=\"application\/ld+json\" class=\"yoast-schema-graph\">{\"@context\":\"https:\/\/schema.org\",\"@graph\":[{\"@type\":[\"WebPage\",\"ItemPage\"],\"@id\":\"https:\/\/www.qnde.ca\/fr\/produit\/md-220-fr\/\",\"url\":\"https:\/\/www.qnde.ca\/fr\/produit\/md-220-fr\/\",\"name\":\"Gould Bass \u2013 Compteur d'Intensit\u00e9 de Champ Magn\u00e9tique \u2013 MD-220 &#060; Qualit\u00e9 NDE\",\"isPartOf\":{\"@id\":\"https:\/\/www.qnde.ca\/#website\"},\"primaryImageOfPage\":{\"@id\":\"https:\/\/www.qnde.ca\/fr\/produit\/md-220-fr\/#primaryimage\"},\"image\":{\"@id\":\"https:\/\/www.qnde.ca\/fr\/produit\/md-220-fr\/#primaryimage\"},\"thumbnailUrl\":\"https:\/\/www.qnde.ca\/wp-content\/uploads\/2021\/09\/MD-220-Digital-Gauss-Meter-kit-with-Probe-and-Case.jpg\",\"datePublished\":\"2021-09-01T17:22:32+00:00\",\"dateModified\":\"2025-08-11T20:22:33+00:00\",\"description\":\"Gaussm\u00e8tre num\u00e9rique MD-220 avec \u00e9cran LCD, pr\u00e9cision \u00b12 %, plage 0-199,9 gauss. Livr\u00e9 avec sonde, chargeur, batterie et valise.\",\"breadcrumb\":{\"@id\":\"https:\/\/www.qnde.ca\/fr\/produit\/md-220-fr\/#breadcrumb\"},\"inLanguage\":\"fr-FR\",\"potentialAction\":[{\"@type\":\"ReadAction\",\"target\":[\"https:\/\/www.qnde.ca\/fr\/produit\/md-220-fr\/\"]}]},{\"@type\":\"ImageObject\",\"inLanguage\":\"fr-FR\",\"@id\":\"https:\/\/www.qnde.ca\/fr\/produit\/md-220-fr\/#primaryimage\",\"url\":\"https:\/\/www.qnde.ca\/wp-content\/uploads\/2021\/09\/MD-220-Digital-Gauss-Meter-kit-with-Probe-and-Case.jpg\",\"contentUrl\":\"https:\/\/www.qnde.ca\/wp-content\/uploads\/2021\/09\/MD-220-Digital-Gauss-Meter-kit-with-Probe-and-Case.jpg\",\"width\":300,\"height\":201,\"caption\":\"MD-220 Digital Gauss Meter kit with Probe and Case\"},{\"@type\":\"BreadcrumbList\",\"@id\":\"https:\/\/www.qnde.ca\/fr\/produit\/md-220-fr\/#breadcrumb\",\"itemListElement\":[{\"@type\":\"ListItem\",\"position\":1,\"name\":\"Accueil\",\"item\":\"https:\/\/www.qnde.ca\/fr\/\"},{\"@type\":\"ListItem\",\"position\":2,\"name\":\"Produits\",\"item\":\"https:\/\/www.qnde.ca\/fr\/produits\/\"},{\"@type\":\"ListItem\",\"position\":3,\"name\":\"Magn\u00e9toscopie\",\"item\":\"https:\/\/www.qnde.ca\/fr\/product-category\/magnetoscopie\/\"},{\"@type\":\"ListItem\",\"position\":4,\"name\":\"Accessoires\",\"item\":\"https:\/\/www.qnde.ca\/fr\/product-category\/magnetoscopie\/accessoires-magnetoscopie\/\"},{\"@type\":\"ListItem\",\"position\":5,\"name\":\"Gould Bass \u2013 Compteur d&#8217;Intensit\u00e9 de Champ Magn\u00e9tique \u2013 MD-220\"}]},{\"@type\":\"WebSite\",\"@id\":\"https:\/\/www.qnde.ca\/#website\",\"url\":\"https:\/\/www.qnde.ca\/\",\"name\":\"Qualit\u00e9 NDE\",\"description\":\"\u00c9quipements d&#039;essais non destructifs \",\"publisher\":{\"@id\":\"https:\/\/www.qnde.ca\/#organization\"},\"potentialAction\":[{\"@type\":\"SearchAction\",\"target\":{\"@type\":\"EntryPoint\",\"urlTemplate\":\"https:\/\/www.qnde.ca\/?s={search_term_string}\"},\"query-input\":{\"@type\":\"PropertyValueSpecification\",\"valueRequired\":true,\"valueName\":\"search_term_string\"}}],\"inLanguage\":\"fr-FR\"},{\"@type\":\"Organization\",\"@id\":\"https:\/\/www.qnde.ca\/#organization\",\"name\":\"Quality NDT Ltd.\",\"url\":\"https:\/\/www.qnde.ca\/\",\"logo\":{\"@type\":\"ImageObject\",\"inLanguage\":\"fr-FR\",\"@id\":\"https:\/\/www.qnde.ca\/#\/schema\/logo\/image\/\",\"url\":\"https:\/\/www.qnde.ca\/wp-content\/uploads\/2022\/02\/QNDE_logo_RGB-gif.gif\",\"contentUrl\":\"https:\/\/www.qnde.ca\/wp-content\/uploads\/2022\/02\/QNDE_logo_RGB-gif.gif\",\"width\":250,\"height\":64,\"caption\":\"Quality NDT Ltd.\"},\"image\":{\"@id\":\"https:\/\/www.qnde.ca\/#\/schema\/logo\/image\/\"},\"sameAs\":[\"https:\/\/www.linkedin.com\/company\/qnde\/about\/?viewAsMember=true\"]}]}<\/script>\n<!-- \/ Yoast SEO plugin. -->","yoast_head_json":{"title":"Gould Bass \u2013 Compteur d'Intensit\u00e9 de Champ Magn\u00e9tique \u2013 MD-220 &#060; Qualit\u00e9 NDE","description":"Gaussm\u00e8tre num\u00e9rique MD-220 avec \u00e9cran LCD, pr\u00e9cision \u00b12 %, plage 0-199,9 gauss. Livr\u00e9 avec sonde, chargeur, batterie et valise.","robots":{"index":"index","follow":"follow","max-snippet":"max-snippet:-1","max-image-preview":"max-image-preview:large","max-video-preview":"max-video-preview:-1"},"canonical":"https:\/\/www.qnde.ca\/fr\/produit\/md-220-fr\/","twitter_misc":{"Dur\u00e9e de lecture estim\u00e9e":"1 minute"},"schema":{"@context":"https:\/\/schema.org","@graph":[{"@type":["WebPage","ItemPage"],"@id":"https:\/\/www.qnde.ca\/fr\/produit\/md-220-fr\/","url":"https:\/\/www.qnde.ca\/fr\/produit\/md-220-fr\/","name":"Gould Bass \u2013 Compteur d'Intensit\u00e9 de Champ Magn\u00e9tique \u2013 MD-220 &#060; Qualit\u00e9 NDE","isPartOf":{"@id":"https:\/\/www.qnde.ca\/#website"},"primaryImageOfPage":{"@id":"https:\/\/www.qnde.ca\/fr\/produit\/md-220-fr\/#primaryimage"},"image":{"@id":"https:\/\/www.qnde.ca\/fr\/produit\/md-220-fr\/#primaryimage"},"thumbnailUrl":"https:\/\/www.qnde.ca\/wp-content\/uploads\/2021\/09\/MD-220-Digital-Gauss-Meter-kit-with-Probe-and-Case.jpg","datePublished":"2021-09-01T17:22:32+00:00","dateModified":"2025-08-11T20:22:33+00:00","description":"Gaussm\u00e8tre num\u00e9rique MD-220 avec \u00e9cran LCD, pr\u00e9cision \u00b12 %, plage 0-199,9 gauss. Livr\u00e9 avec sonde, chargeur, batterie et valise.","breadcrumb":{"@id":"https:\/\/www.qnde.ca\/fr\/produit\/md-220-fr\/#breadcrumb"},"inLanguage":"fr-FR","potentialAction":[{"@type":"ReadAction","target":["https:\/\/www.qnde.ca\/fr\/produit\/md-220-fr\/"]}]},{"@type":"ImageObject","inLanguage":"fr-FR","@id":"https:\/\/www.qnde.ca\/fr\/produit\/md-220-fr\/#primaryimage","url":"https:\/\/www.qnde.ca\/wp-content\/uploads\/2021\/09\/MD-220-Digital-Gauss-Meter-kit-with-Probe-and-Case.jpg","contentUrl":"https:\/\/www.qnde.ca\/wp-content\/uploads\/2021\/09\/MD-220-Digital-Gauss-Meter-kit-with-Probe-and-Case.jpg","width":300,"height":201,"caption":"MD-220 Digital Gauss Meter kit with Probe and Case"},{"@type":"BreadcrumbList","@id":"https:\/\/www.qnde.ca\/fr\/produit\/md-220-fr\/#breadcrumb","itemListElement":[{"@type":"ListItem","position":1,"name":"Accueil","item":"https:\/\/www.qnde.ca\/fr\/"},{"@type":"ListItem","position":2,"name":"Produits","item":"https:\/\/www.qnde.ca\/fr\/produits\/"},{"@type":"ListItem","position":3,"name":"Magn\u00e9toscopie","item":"https:\/\/www.qnde.ca\/fr\/product-category\/magnetoscopie\/"},{"@type":"ListItem","position":4,"name":"Accessoires","item":"https:\/\/www.qnde.ca\/fr\/product-category\/magnetoscopie\/accessoires-magnetoscopie\/"},{"@type":"ListItem","position":5,"name":"Gould Bass \u2013 Compteur d&#8217;Intensit\u00e9 de Champ Magn\u00e9tique \u2013 MD-220"}]},{"@type":"WebSite","@id":"https:\/\/www.qnde.ca\/#website","url":"https:\/\/www.qnde.ca\/","name":"Qualit\u00e9 NDE","description":"\u00c9quipements d&#039;essais non destructifs ","publisher":{"@id":"https:\/\/www.qnde.ca\/#organization"},"potentialAction":[{"@type":"SearchAction","target":{"@type":"EntryPoint","urlTemplate":"https:\/\/www.qnde.ca\/?s={search_term_string}"},"query-input":{"@type":"PropertyValueSpecification","valueRequired":true,"valueName":"search_term_string"}}],"inLanguage":"fr-FR"},{"@type":"Organization","@id":"https:\/\/www.qnde.ca\/#organization","name":"Quality NDT Ltd.","url":"https:\/\/www.qnde.ca\/","logo":{"@type":"ImageObject","inLanguage":"fr-FR","@id":"https:\/\/www.qnde.ca\/#\/schema\/logo\/image\/","url":"https:\/\/www.qnde.ca\/wp-content\/uploads\/2022\/02\/QNDE_logo_RGB-gif.gif","contentUrl":"https:\/\/www.qnde.ca\/wp-content\/uploads\/2022\/02\/QNDE_logo_RGB-gif.gif","width":250,"height":64,"caption":"Quality NDT Ltd."},"image":{"@id":"https:\/\/www.qnde.ca\/#\/schema\/logo\/image\/"},"sameAs":["https:\/\/www.linkedin.com\/company\/qnde\/about\/?viewAsMember=true"]}]}},"jetpack_sharing_enabled":true,"_links":{"self":[{"href":"https:\/\/www.qnde.ca\/fr\/wp-json\/wp\/v2\/product\/20670","targetHints":{"allow":["GET"]}}],"collection":[{"href":"https:\/\/www.qnde.ca\/fr\/wp-json\/wp\/v2\/product"}],"about":[{"href":"https:\/\/www.qnde.ca\/fr\/wp-json\/wp\/v2\/types\/product"}],"wp:featuredmedia":[{"embeddable":true,"href":"https:\/\/www.qnde.ca\/fr\/wp-json\/wp\/v2\/media\/20671"}],"wp:attachment":[{"href":"https:\/\/www.qnde.ca\/fr\/wp-json\/wp\/v2\/media?parent=20670"}],"wp:term":[{"taxonomy":"product_brand","embeddable":true,"href":"https:\/\/www.qnde.ca\/fr\/wp-json\/wp\/v2\/product_brand?post=20670"},{"taxonomy":"product_cat","embeddable":true,"href":"https:\/\/www.qnde.ca\/fr\/wp-json\/wp\/v2\/product_cat?post=20670"},{"taxonomy":"product_tag","embeddable":true,"href":"https:\/\/www.qnde.ca\/fr\/wp-json\/wp\/v2\/product_tag?post=20670"}],"curies":[{"name":"wp","href":"https:\/\/api.w.org\/{rel}","templated":true}]}}