{"id":20491,"date":"2021-07-19T16:51:04","date_gmt":"2021-07-19T20:51:04","guid":{"rendered":"https:\/\/www.qnde.ca\/?post_type=product&#038;p=20491"},"modified":"2025-06-16T09:39:24","modified_gmt":"2025-06-16T13:39:24","slug":"rv-pro360-fr","status":"publish","type":"product","link":"https:\/\/www.qnde.ca\/fr\/produit\/rv-pro360-fr\/","title":{"rendered":"Rinno Vision RV-Pro360 Cam\u00e9ra sur Perche"},"content":{"rendered":"<h3><strong>Rinno Vision RV-Pro360 Cam\u00e9ra sur Perche<\/strong><\/h3>\n<p>Le RV-Pro360 est une cam\u00e9ra sans fil pour les conduits d\u2019un minimum de 125mm (4.9&Prime;) aux grandes cavit\u00e9s souterraines, diffusion Wi-Fi sur la tablette incluse ou appareils Apple et Android. La cam\u00e9ra est \u00e9tanche jusqu\u2019\u00e0 1 m (3.2&prime;) et \u00e9quipp\u00e9e d\u2019une lumi\u00e8re LED de 3300 lumens et un projecteur LED \u00e9troit pour un \u00e9clairage lointain. La tablette sans fil est \u00e9quip\u00e9e du logiciel sp\u00e9cialis\u00e9 CTSpec pour la gestion des donn\u00e9es (vid\u00e9os, vid\u00e9os 3D, images, rapports PDF, etc.). La cam\u00e9ra est aliment\u00e9e par une batterie Li-ion, pour jusqu\u2019\u00e0 4.5 heures d\u2019inspection.<\/p>\n<ul>\n<li>RVPRO360: Syst\u00e8me RV-Pro 360 complet. Inclut: cam\u00e9ra, p\u00f4le t\u00e9lescopique extensible en fibre de verre (jusqu\u2019\u00e0 9m (29.5&prime;)), tablette de visualisation, batterie li-ion rechargeable, chargeur 110\/240V, adaptateur de voiture 12V, manuel de l\u2019utilisateur et valise de transport rigide et \u00e9tanche.<\/li>\n<\/ul>\n<h4><strong>Option<\/strong><\/h4>\n<ul>\n<li>POLE-1.5: Perche\/p\u00f4le extensible en fibre de verre de 1.5m (5&prime;).<\/li>\n<\/ul>\n","protected":false},"excerpt":{"rendered":"<p>Rinno Vision RV-Pro360 Cam\u00e9ra sur Perche Le RV-Pro360 est une cam\u00e9ra sans fil pour les conduits d\u2019un minimum de 125mm (4.9&Prime;) aux grandes cavit\u00e9s souterraines, diffusion Wi-Fi sur la tablette incluse ou appareils Apple et Android. La cam\u00e9ra est \u00e9tanche jusqu\u2019\u00e0 1 m (3.2&prime;) et \u00e9quipp\u00e9e d\u2019une lumi\u00e8re LED de 3300 lumens et un projecteur [&hellip;]<\/p>\n","protected":false},"featured_media":28328,"template":"","meta":{"_monsterinsights_skip_tracking":false,"_monsterinsights_sitenote_active":false,"_monsterinsights_sitenote_note":"","_monsterinsights_sitenote_category":0},"product_brand":[],"product_cat":[402,336],"product_tag":[],"class_list":{"0":"post-20491","1":"product","2":"type-product","3":"status-publish","4":"has-post-thumbnail","6":"product_cat-autres-marques","7":"product_cat-cameras-rigides-ptz","9":"first","10":"instock","11":"shipping-taxable","12":"purchasable","13":"product-type-variable"},"yoast_head":"<!-- This site is optimized with the Yoast SEO plugin v23.9 - https:\/\/yoast.com\/wordpress\/plugins\/seo\/ -->\n<title>Rinno Vision RV-Pro360 Cam\u00e9ra sur Perche &#060; Qualit\u00e9 NDE<\/title>\n<meta name=\"description\" content=\"Cam\u00e9ra sans fil, \u00e9tanche (1 m (3.2&#039;)), \u00e9quipp\u00e9e d\u2019une LED de 3300 lumens pour les conduits d\u2019un minimum de 125mm (4.9&quot;) aux grandes cavit\u00e9s souterraines.\" \/>\n<meta name=\"robots\" content=\"index, follow, max-snippet:-1, max-image-preview:large, max-video-preview:-1\" \/>\n<link rel=\"canonical\" href=\"https:\/\/www.qnde.ca\/fr\/produit\/rv-pro360-fr\/\" \/>\n<meta name=\"twitter:label1\" content=\"Dur\u00e9e de lecture estim\u00e9e\" \/>\n\t<meta name=\"twitter:data1\" content=\"1 minute\" \/>\n<script type=\"application\/ld+json\" class=\"yoast-schema-graph\">{\"@context\":\"https:\/\/schema.org\",\"@graph\":[{\"@type\":[\"WebPage\",\"ItemPage\"],\"@id\":\"https:\/\/www.qnde.ca\/fr\/produit\/rv-pro360-fr\/\",\"url\":\"https:\/\/www.qnde.ca\/fr\/produit\/rv-pro360-fr\/\",\"name\":\"Rinno Vision RV-Pro360 Cam\u00e9ra sur Perche &#060; Qualit\u00e9 NDE\",\"isPartOf\":{\"@id\":\"https:\/\/www.qnde.ca\/#website\"},\"primaryImageOfPage\":{\"@id\":\"https:\/\/www.qnde.ca\/fr\/produit\/rv-pro360-fr\/#primaryimage\"},\"image\":{\"@id\":\"https:\/\/www.qnde.ca\/fr\/produit\/rv-pro360-fr\/#primaryimage\"},\"thumbnailUrl\":\"https:\/\/www.qnde.ca\/wp-content\/uploads\/2021\/07\/RV-Pro360-\u2013-Pole-Camera-thumbnail-1.png\",\"datePublished\":\"2021-07-19T20:51:04+00:00\",\"dateModified\":\"2025-06-16T13:39:24+00:00\",\"description\":\"Cam\u00e9ra sans fil, \u00e9tanche (1 m (3.2')), \u00e9quipp\u00e9e d\u2019une LED de 3300 lumens pour les conduits d\u2019un minimum de 125mm (4.9\\\") aux grandes cavit\u00e9s souterraines.\",\"breadcrumb\":{\"@id\":\"https:\/\/www.qnde.ca\/fr\/produit\/rv-pro360-fr\/#breadcrumb\"},\"inLanguage\":\"fr-FR\",\"potentialAction\":[{\"@type\":\"ReadAction\",\"target\":[\"https:\/\/www.qnde.ca\/fr\/produit\/rv-pro360-fr\/\"]}]},{\"@type\":\"ImageObject\",\"inLanguage\":\"fr-FR\",\"@id\":\"https:\/\/www.qnde.ca\/fr\/produit\/rv-pro360-fr\/#primaryimage\",\"url\":\"https:\/\/www.qnde.ca\/wp-content\/uploads\/2021\/07\/RV-Pro360-\u2013-Pole-Camera-thumbnail-1.png\",\"contentUrl\":\"https:\/\/www.qnde.ca\/wp-content\/uploads\/2021\/07\/RV-Pro360-\u2013-Pole-Camera-thumbnail-1.png\",\"width\":368,\"height\":264},{\"@type\":\"BreadcrumbList\",\"@id\":\"https:\/\/www.qnde.ca\/fr\/produit\/rv-pro360-fr\/#breadcrumb\",\"itemListElement\":[{\"@type\":\"ListItem\",\"position\":1,\"name\":\"Accueil\",\"item\":\"https:\/\/www.qnde.ca\/fr\/\"},{\"@type\":\"ListItem\",\"position\":2,\"name\":\"Produits\",\"item\":\"https:\/\/www.qnde.ca\/fr\/produits\/\"},{\"@type\":\"ListItem\",\"position\":3,\"name\":\"Visuel\",\"item\":\"https:\/\/www.qnde.ca\/fr\/product-category\/visuel\/\"},{\"@type\":\"ListItem\",\"position\":4,\"name\":\"Cam\u00e9ras Rigides et PTZ\",\"item\":\"https:\/\/www.qnde.ca\/fr\/product-category\/visuel\/cameras-rigides-ptz\/\"},{\"@type\":\"ListItem\",\"position\":5,\"name\":\"Rinno Vision RV-Pro360 Cam\u00e9ra sur Perche\"}]},{\"@type\":\"WebSite\",\"@id\":\"https:\/\/www.qnde.ca\/#website\",\"url\":\"https:\/\/www.qnde.ca\/\",\"name\":\"Qualit\u00e9 NDE\",\"description\":\"\u00c9quipements d&#039;essais non destructifs \",\"publisher\":{\"@id\":\"https:\/\/www.qnde.ca\/#organization\"},\"potentialAction\":[{\"@type\":\"SearchAction\",\"target\":{\"@type\":\"EntryPoint\",\"urlTemplate\":\"https:\/\/www.qnde.ca\/?s={search_term_string}\"},\"query-input\":{\"@type\":\"PropertyValueSpecification\",\"valueRequired\":true,\"valueName\":\"search_term_string\"}}],\"inLanguage\":\"fr-FR\"},{\"@type\":\"Organization\",\"@id\":\"https:\/\/www.qnde.ca\/#organization\",\"name\":\"Quality NDT Ltd.\",\"url\":\"https:\/\/www.qnde.ca\/\",\"logo\":{\"@type\":\"ImageObject\",\"inLanguage\":\"fr-FR\",\"@id\":\"https:\/\/www.qnde.ca\/#\/schema\/logo\/image\/\",\"url\":\"https:\/\/www.qnde.ca\/wp-content\/uploads\/2022\/02\/QNDE_logo_RGB-gif.gif\",\"contentUrl\":\"https:\/\/www.qnde.ca\/wp-content\/uploads\/2022\/02\/QNDE_logo_RGB-gif.gif\",\"width\":250,\"height\":64,\"caption\":\"Quality NDT Ltd.\"},\"image\":{\"@id\":\"https:\/\/www.qnde.ca\/#\/schema\/logo\/image\/\"},\"sameAs\":[\"https:\/\/www.linkedin.com\/company\/qnde\/about\/?viewAsMember=true\"]}]}<\/script>\n<!-- \/ Yoast SEO plugin. -->","yoast_head_json":{"title":"Rinno Vision RV-Pro360 Cam\u00e9ra sur Perche &#060; Qualit\u00e9 NDE","description":"Cam\u00e9ra sans fil, \u00e9tanche (1 m (3.2')), \u00e9quipp\u00e9e d\u2019une LED de 3300 lumens pour les conduits d\u2019un minimum de 125mm (4.9\") aux grandes cavit\u00e9s souterraines.","robots":{"index":"index","follow":"follow","max-snippet":"max-snippet:-1","max-image-preview":"max-image-preview:large","max-video-preview":"max-video-preview:-1"},"canonical":"https:\/\/www.qnde.ca\/fr\/produit\/rv-pro360-fr\/","twitter_misc":{"Dur\u00e9e de lecture estim\u00e9e":"1 minute"},"schema":{"@context":"https:\/\/schema.org","@graph":[{"@type":["WebPage","ItemPage"],"@id":"https:\/\/www.qnde.ca\/fr\/produit\/rv-pro360-fr\/","url":"https:\/\/www.qnde.ca\/fr\/produit\/rv-pro360-fr\/","name":"Rinno Vision RV-Pro360 Cam\u00e9ra sur Perche &#060; Qualit\u00e9 NDE","isPartOf":{"@id":"https:\/\/www.qnde.ca\/#website"},"primaryImageOfPage":{"@id":"https:\/\/www.qnde.ca\/fr\/produit\/rv-pro360-fr\/#primaryimage"},"image":{"@id":"https:\/\/www.qnde.ca\/fr\/produit\/rv-pro360-fr\/#primaryimage"},"thumbnailUrl":"https:\/\/www.qnde.ca\/wp-content\/uploads\/2021\/07\/RV-Pro360-\u2013-Pole-Camera-thumbnail-1.png","datePublished":"2021-07-19T20:51:04+00:00","dateModified":"2025-06-16T13:39:24+00:00","description":"Cam\u00e9ra sans fil, \u00e9tanche (1 m (3.2')), \u00e9quipp\u00e9e d\u2019une LED de 3300 lumens pour les conduits d\u2019un minimum de 125mm (4.9\") aux grandes cavit\u00e9s souterraines.","breadcrumb":{"@id":"https:\/\/www.qnde.ca\/fr\/produit\/rv-pro360-fr\/#breadcrumb"},"inLanguage":"fr-FR","potentialAction":[{"@type":"ReadAction","target":["https:\/\/www.qnde.ca\/fr\/produit\/rv-pro360-fr\/"]}]},{"@type":"ImageObject","inLanguage":"fr-FR","@id":"https:\/\/www.qnde.ca\/fr\/produit\/rv-pro360-fr\/#primaryimage","url":"https:\/\/www.qnde.ca\/wp-content\/uploads\/2021\/07\/RV-Pro360-\u2013-Pole-Camera-thumbnail-1.png","contentUrl":"https:\/\/www.qnde.ca\/wp-content\/uploads\/2021\/07\/RV-Pro360-\u2013-Pole-Camera-thumbnail-1.png","width":368,"height":264},{"@type":"BreadcrumbList","@id":"https:\/\/www.qnde.ca\/fr\/produit\/rv-pro360-fr\/#breadcrumb","itemListElement":[{"@type":"ListItem","position":1,"name":"Accueil","item":"https:\/\/www.qnde.ca\/fr\/"},{"@type":"ListItem","position":2,"name":"Produits","item":"https:\/\/www.qnde.ca\/fr\/produits\/"},{"@type":"ListItem","position":3,"name":"Visuel","item":"https:\/\/www.qnde.ca\/fr\/product-category\/visuel\/"},{"@type":"ListItem","position":4,"name":"Cam\u00e9ras Rigides et PTZ","item":"https:\/\/www.qnde.ca\/fr\/product-category\/visuel\/cameras-rigides-ptz\/"},{"@type":"ListItem","position":5,"name":"Rinno Vision RV-Pro360 Cam\u00e9ra sur Perche"}]},{"@type":"WebSite","@id":"https:\/\/www.qnde.ca\/#website","url":"https:\/\/www.qnde.ca\/","name":"Qualit\u00e9 NDE","description":"\u00c9quipements d&#039;essais non destructifs ","publisher":{"@id":"https:\/\/www.qnde.ca\/#organization"},"potentialAction":[{"@type":"SearchAction","target":{"@type":"EntryPoint","urlTemplate":"https:\/\/www.qnde.ca\/?s={search_term_string}"},"query-input":{"@type":"PropertyValueSpecification","valueRequired":true,"valueName":"search_term_string"}}],"inLanguage":"fr-FR"},{"@type":"Organization","@id":"https:\/\/www.qnde.ca\/#organization","name":"Quality NDT Ltd.","url":"https:\/\/www.qnde.ca\/","logo":{"@type":"ImageObject","inLanguage":"fr-FR","@id":"https:\/\/www.qnde.ca\/#\/schema\/logo\/image\/","url":"https:\/\/www.qnde.ca\/wp-content\/uploads\/2022\/02\/QNDE_logo_RGB-gif.gif","contentUrl":"https:\/\/www.qnde.ca\/wp-content\/uploads\/2022\/02\/QNDE_logo_RGB-gif.gif","width":250,"height":64,"caption":"Quality NDT Ltd."},"image":{"@id":"https:\/\/www.qnde.ca\/#\/schema\/logo\/image\/"},"sameAs":["https:\/\/www.linkedin.com\/company\/qnde\/about\/?viewAsMember=true"]}]}},"jetpack_sharing_enabled":true,"_links":{"self":[{"href":"https:\/\/www.qnde.ca\/fr\/wp-json\/wp\/v2\/product\/20491","targetHints":{"allow":["GET"]}}],"collection":[{"href":"https:\/\/www.qnde.ca\/fr\/wp-json\/wp\/v2\/product"}],"about":[{"href":"https:\/\/www.qnde.ca\/fr\/wp-json\/wp\/v2\/types\/product"}],"wp:featuredmedia":[{"embeddable":true,"href":"https:\/\/www.qnde.ca\/fr\/wp-json\/wp\/v2\/media\/28328"}],"wp:attachment":[{"href":"https:\/\/www.qnde.ca\/fr\/wp-json\/wp\/v2\/media?parent=20491"}],"wp:term":[{"taxonomy":"product_brand","embeddable":true,"href":"https:\/\/www.qnde.ca\/fr\/wp-json\/wp\/v2\/product_brand?post=20491"},{"taxonomy":"product_cat","embeddable":true,"href":"https:\/\/www.qnde.ca\/fr\/wp-json\/wp\/v2\/product_cat?post=20491"},{"taxonomy":"product_tag","embeddable":true,"href":"https:\/\/www.qnde.ca\/fr\/wp-json\/wp\/v2\/product_tag?post=20491"}],"curies":[{"name":"wp","href":"https:\/\/api.w.org\/{rel}","templated":true}]}}