{"id":20293,"date":"2021-07-01T13:24:35","date_gmt":"2021-07-01T17:24:35","guid":{"rendered":"https:\/\/www.qnde.ca\/?post_type=product&#038;p=20293"},"modified":"2025-06-16T09:03:48","modified_gmt":"2025-06-16T13:03:48","slug":"videoscope-p-series-fr","status":"publish","type":"product","link":"https:\/\/www.qnde.ca\/fr\/produit\/videoscope-p-series-fr\/","title":{"rendered":"Yateks P-Series Vid\u00e9oscope de Mesure Haute R\u00e9solution"},"content":{"rendered":"<h3><strong>Yateks P-Series Vid\u00e9oscope de Mesure Haute R\u00e9solution<\/strong><\/h3>\n<p>Le P-Series offre une mesure 3D pr\u00e9cise de point \u00e0 point, point \u00e0 ligne, point \u00e0 surface et la mesure de surface des d\u00e9fauts. La manette \u00e9lectrique permet une flexion fluide jusqu&rsquo;\u00e0 180\u00b0 sur 360\u00b0. L\u2019\u00e9cran LCD tactil HD industriel de 8&Prime; (203mm) a un r\u00e9glage en luminosit\u00e9 de 10 niveaux, 4 modes couleur ainsi qu\u2019une balance des blancs automatique\/manuelle.<\/p>\n<p>Le P-series est disponible en diam\u00e8tre de 2.8, 3.9 et 6mm (0.110&Prime;, 0.154&Prime; et 0.237&Prime;) et en longueur utile allant jusqu\u2019\u00e0 5m (196&Prime;).<\/p>\n<p>Pour plus d\u2019information, r\u00e9f\u00e9rez-vous \u00e0 la fiche technique et\/ou contactez-nous afin de discuter de votre application, vos exigences, les options disponibles et\/ou recevoir une soumission.<\/p>\n<p>* Veuillez pr\u00e9ciser la longueur utile d\u00e9sir\u00e9e au moment de passer la commande.<\/p>\n","protected":false},"excerpt":{"rendered":"<p>Yateks P-Series Vid\u00e9oscope de Mesure Haute R\u00e9solution Le P-Series offre une mesure 3D pr\u00e9cise de point \u00e0 point, point \u00e0 ligne, point \u00e0 surface et la mesure de surface des d\u00e9fauts. La manette \u00e9lectrique permet une flexion fluide jusqu&rsquo;\u00e0 180\u00b0 sur 360\u00b0. L\u2019\u00e9cran LCD tactil HD industriel de 8&Prime; (203mm) a un r\u00e9glage en luminosit\u00e9 [&hellip;]<\/p>\n","protected":false},"featured_media":20299,"template":"","meta":{"_monsterinsights_skip_tracking":false,"_monsterinsights_sitenote_active":false,"_monsterinsights_sitenote_note":"","_monsterinsights_sitenote_category":0},"product_brand":[],"product_cat":[402,152],"product_tag":[],"class_list":{"0":"post-20293","1":"product","2":"type-product","3":"status-publish","4":"has-post-thumbnail","6":"product_cat-autres-marques","7":"product_cat-videoscopes-fr","9":"first","10":"instock","11":"shipping-taxable","12":"purchasable","13":"product-type-variable"},"yoast_head":"<!-- This site is optimized with the Yoast SEO plugin v23.9 - https:\/\/yoast.com\/wordpress\/plugins\/seo\/ -->\n<title>Yateks P-Series Vid\u00e9oscope de Mesure Haute R\u00e9solution &#060; Qualit\u00e9 NDE<\/title>\n<meta name=\"description\" content=\"Offre une mesure 3D pr\u00e9cise de point \u00e0 point, point \u00e0 ligne, point \u00e0 surface et la mesure de surface des d\u00e9fauts. Flexion fluide jusqu&#039;\u00e0 180\u00b0 sur 360\u00b0.\" \/>\n<meta name=\"robots\" content=\"index, follow, max-snippet:-1, max-image-preview:large, max-video-preview:-1\" \/>\n<link rel=\"canonical\" href=\"https:\/\/www.qnde.ca\/fr\/produit\/videoscope-p-series-fr\/\" \/>\n<meta name=\"twitter:label1\" content=\"Dur\u00e9e de lecture estim\u00e9e\" \/>\n\t<meta name=\"twitter:data1\" content=\"1 minute\" \/>\n<script type=\"application\/ld+json\" class=\"yoast-schema-graph\">{\"@context\":\"https:\/\/schema.org\",\"@graph\":[{\"@type\":[\"WebPage\",\"ItemPage\"],\"@id\":\"https:\/\/www.qnde.ca\/fr\/produit\/videoscope-p-series-fr\/\",\"url\":\"https:\/\/www.qnde.ca\/fr\/produit\/videoscope-p-series-fr\/\",\"name\":\"Yateks P-Series Vid\u00e9oscope de Mesure Haute R\u00e9solution &#060; Qualit\u00e9 NDE\",\"isPartOf\":{\"@id\":\"https:\/\/www.qnde.ca\/#website\"},\"primaryImageOfPage\":{\"@id\":\"https:\/\/www.qnde.ca\/fr\/produit\/videoscope-p-series-fr\/#primaryimage\"},\"image\":{\"@id\":\"https:\/\/www.qnde.ca\/fr\/produit\/videoscope-p-series-fr\/#primaryimage\"},\"thumbnailUrl\":\"https:\/\/www.qnde.ca\/wp-content\/uploads\/2021\/07\/High-Resolution-Measuring-Digital-Videoscope-\u2013-P-Series-1.png\",\"datePublished\":\"2021-07-01T17:24:35+00:00\",\"dateModified\":\"2025-06-16T13:03:48+00:00\",\"description\":\"Offre une mesure 3D pr\u00e9cise de point \u00e0 point, point \u00e0 ligne, point \u00e0 surface et la mesure de surface des d\u00e9fauts. Flexion fluide jusqu'\u00e0 180\u00b0 sur 360\u00b0.\",\"breadcrumb\":{\"@id\":\"https:\/\/www.qnde.ca\/fr\/produit\/videoscope-p-series-fr\/#breadcrumb\"},\"inLanguage\":\"fr-FR\",\"potentialAction\":[{\"@type\":\"ReadAction\",\"target\":[\"https:\/\/www.qnde.ca\/fr\/produit\/videoscope-p-series-fr\/\"]}]},{\"@type\":\"ImageObject\",\"inLanguage\":\"fr-FR\",\"@id\":\"https:\/\/www.qnde.ca\/fr\/produit\/videoscope-p-series-fr\/#primaryimage\",\"url\":\"https:\/\/www.qnde.ca\/wp-content\/uploads\/2021\/07\/High-Resolution-Measuring-Digital-Videoscope-\u2013-P-Series-1.png\",\"contentUrl\":\"https:\/\/www.qnde.ca\/wp-content\/uploads\/2021\/07\/High-Resolution-Measuring-Digital-Videoscope-\u2013-P-Series-1.png\",\"width\":700,\"height\":388,\"caption\":\"High-Resolution Measuring Digital Videoscope \u2013 P Series\"},{\"@type\":\"BreadcrumbList\",\"@id\":\"https:\/\/www.qnde.ca\/fr\/produit\/videoscope-p-series-fr\/#breadcrumb\",\"itemListElement\":[{\"@type\":\"ListItem\",\"position\":1,\"name\":\"Accueil\",\"item\":\"https:\/\/www.qnde.ca\/fr\/\"},{\"@type\":\"ListItem\",\"position\":2,\"name\":\"Produits\",\"item\":\"https:\/\/www.qnde.ca\/fr\/produits\/\"},{\"@type\":\"ListItem\",\"position\":3,\"name\":\"Visuel\",\"item\":\"https:\/\/www.qnde.ca\/fr\/product-category\/visuel\/\"},{\"@type\":\"ListItem\",\"position\":4,\"name\":\"Vid\u00e9oscopes\",\"item\":\"https:\/\/www.qnde.ca\/fr\/product-category\/visuel\/videoscopes-fr\/\"},{\"@type\":\"ListItem\",\"position\":5,\"name\":\"Yateks P-Series Vid\u00e9oscope de Mesure Haute R\u00e9solution\"}]},{\"@type\":\"WebSite\",\"@id\":\"https:\/\/www.qnde.ca\/#website\",\"url\":\"https:\/\/www.qnde.ca\/\",\"name\":\"Qualit\u00e9 NDE\",\"description\":\"\u00c9quipements d&#039;essais non destructifs \",\"publisher\":{\"@id\":\"https:\/\/www.qnde.ca\/#organization\"},\"potentialAction\":[{\"@type\":\"SearchAction\",\"target\":{\"@type\":\"EntryPoint\",\"urlTemplate\":\"https:\/\/www.qnde.ca\/?s={search_term_string}\"},\"query-input\":{\"@type\":\"PropertyValueSpecification\",\"valueRequired\":true,\"valueName\":\"search_term_string\"}}],\"inLanguage\":\"fr-FR\"},{\"@type\":\"Organization\",\"@id\":\"https:\/\/www.qnde.ca\/#organization\",\"name\":\"Quality NDT Ltd.\",\"url\":\"https:\/\/www.qnde.ca\/\",\"logo\":{\"@type\":\"ImageObject\",\"inLanguage\":\"fr-FR\",\"@id\":\"https:\/\/www.qnde.ca\/#\/schema\/logo\/image\/\",\"url\":\"https:\/\/www.qnde.ca\/wp-content\/uploads\/2022\/02\/QNDE_logo_RGB-gif.gif\",\"contentUrl\":\"https:\/\/www.qnde.ca\/wp-content\/uploads\/2022\/02\/QNDE_logo_RGB-gif.gif\",\"width\":250,\"height\":64,\"caption\":\"Quality NDT Ltd.\"},\"image\":{\"@id\":\"https:\/\/www.qnde.ca\/#\/schema\/logo\/image\/\"},\"sameAs\":[\"https:\/\/www.linkedin.com\/company\/qnde\/about\/?viewAsMember=true\"]}]}<\/script>\n<!-- \/ Yoast SEO plugin. -->","yoast_head_json":{"title":"Yateks P-Series Vid\u00e9oscope de Mesure Haute R\u00e9solution &#060; Qualit\u00e9 NDE","description":"Offre une mesure 3D pr\u00e9cise de point \u00e0 point, point \u00e0 ligne, point \u00e0 surface et la mesure de surface des d\u00e9fauts. Flexion fluide jusqu'\u00e0 180\u00b0 sur 360\u00b0.","robots":{"index":"index","follow":"follow","max-snippet":"max-snippet:-1","max-image-preview":"max-image-preview:large","max-video-preview":"max-video-preview:-1"},"canonical":"https:\/\/www.qnde.ca\/fr\/produit\/videoscope-p-series-fr\/","twitter_misc":{"Dur\u00e9e de lecture estim\u00e9e":"1 minute"},"schema":{"@context":"https:\/\/schema.org","@graph":[{"@type":["WebPage","ItemPage"],"@id":"https:\/\/www.qnde.ca\/fr\/produit\/videoscope-p-series-fr\/","url":"https:\/\/www.qnde.ca\/fr\/produit\/videoscope-p-series-fr\/","name":"Yateks P-Series Vid\u00e9oscope de Mesure Haute R\u00e9solution &#060; Qualit\u00e9 NDE","isPartOf":{"@id":"https:\/\/www.qnde.ca\/#website"},"primaryImageOfPage":{"@id":"https:\/\/www.qnde.ca\/fr\/produit\/videoscope-p-series-fr\/#primaryimage"},"image":{"@id":"https:\/\/www.qnde.ca\/fr\/produit\/videoscope-p-series-fr\/#primaryimage"},"thumbnailUrl":"https:\/\/www.qnde.ca\/wp-content\/uploads\/2021\/07\/High-Resolution-Measuring-Digital-Videoscope-\u2013-P-Series-1.png","datePublished":"2021-07-01T17:24:35+00:00","dateModified":"2025-06-16T13:03:48+00:00","description":"Offre une mesure 3D pr\u00e9cise de point \u00e0 point, point \u00e0 ligne, point \u00e0 surface et la mesure de surface des d\u00e9fauts. Flexion fluide jusqu'\u00e0 180\u00b0 sur 360\u00b0.","breadcrumb":{"@id":"https:\/\/www.qnde.ca\/fr\/produit\/videoscope-p-series-fr\/#breadcrumb"},"inLanguage":"fr-FR","potentialAction":[{"@type":"ReadAction","target":["https:\/\/www.qnde.ca\/fr\/produit\/videoscope-p-series-fr\/"]}]},{"@type":"ImageObject","inLanguage":"fr-FR","@id":"https:\/\/www.qnde.ca\/fr\/produit\/videoscope-p-series-fr\/#primaryimage","url":"https:\/\/www.qnde.ca\/wp-content\/uploads\/2021\/07\/High-Resolution-Measuring-Digital-Videoscope-\u2013-P-Series-1.png","contentUrl":"https:\/\/www.qnde.ca\/wp-content\/uploads\/2021\/07\/High-Resolution-Measuring-Digital-Videoscope-\u2013-P-Series-1.png","width":700,"height":388,"caption":"High-Resolution Measuring Digital Videoscope \u2013 P Series"},{"@type":"BreadcrumbList","@id":"https:\/\/www.qnde.ca\/fr\/produit\/videoscope-p-series-fr\/#breadcrumb","itemListElement":[{"@type":"ListItem","position":1,"name":"Accueil","item":"https:\/\/www.qnde.ca\/fr\/"},{"@type":"ListItem","position":2,"name":"Produits","item":"https:\/\/www.qnde.ca\/fr\/produits\/"},{"@type":"ListItem","position":3,"name":"Visuel","item":"https:\/\/www.qnde.ca\/fr\/product-category\/visuel\/"},{"@type":"ListItem","position":4,"name":"Vid\u00e9oscopes","item":"https:\/\/www.qnde.ca\/fr\/product-category\/visuel\/videoscopes-fr\/"},{"@type":"ListItem","position":5,"name":"Yateks P-Series Vid\u00e9oscope de Mesure Haute R\u00e9solution"}]},{"@type":"WebSite","@id":"https:\/\/www.qnde.ca\/#website","url":"https:\/\/www.qnde.ca\/","name":"Qualit\u00e9 NDE","description":"\u00c9quipements d&#039;essais non destructifs ","publisher":{"@id":"https:\/\/www.qnde.ca\/#organization"},"potentialAction":[{"@type":"SearchAction","target":{"@type":"EntryPoint","urlTemplate":"https:\/\/www.qnde.ca\/?s={search_term_string}"},"query-input":{"@type":"PropertyValueSpecification","valueRequired":true,"valueName":"search_term_string"}}],"inLanguage":"fr-FR"},{"@type":"Organization","@id":"https:\/\/www.qnde.ca\/#organization","name":"Quality NDT Ltd.","url":"https:\/\/www.qnde.ca\/","logo":{"@type":"ImageObject","inLanguage":"fr-FR","@id":"https:\/\/www.qnde.ca\/#\/schema\/logo\/image\/","url":"https:\/\/www.qnde.ca\/wp-content\/uploads\/2022\/02\/QNDE_logo_RGB-gif.gif","contentUrl":"https:\/\/www.qnde.ca\/wp-content\/uploads\/2022\/02\/QNDE_logo_RGB-gif.gif","width":250,"height":64,"caption":"Quality NDT Ltd."},"image":{"@id":"https:\/\/www.qnde.ca\/#\/schema\/logo\/image\/"},"sameAs":["https:\/\/www.linkedin.com\/company\/qnde\/about\/?viewAsMember=true"]}]}},"jetpack_sharing_enabled":true,"_links":{"self":[{"href":"https:\/\/www.qnde.ca\/fr\/wp-json\/wp\/v2\/product\/20293","targetHints":{"allow":["GET"]}}],"collection":[{"href":"https:\/\/www.qnde.ca\/fr\/wp-json\/wp\/v2\/product"}],"about":[{"href":"https:\/\/www.qnde.ca\/fr\/wp-json\/wp\/v2\/types\/product"}],"wp:featuredmedia":[{"embeddable":true,"href":"https:\/\/www.qnde.ca\/fr\/wp-json\/wp\/v2\/media\/20299"}],"wp:attachment":[{"href":"https:\/\/www.qnde.ca\/fr\/wp-json\/wp\/v2\/media?parent=20293"}],"wp:term":[{"taxonomy":"product_brand","embeddable":true,"href":"https:\/\/www.qnde.ca\/fr\/wp-json\/wp\/v2\/product_brand?post=20293"},{"taxonomy":"product_cat","embeddable":true,"href":"https:\/\/www.qnde.ca\/fr\/wp-json\/wp\/v2\/product_cat?post=20293"},{"taxonomy":"product_tag","embeddable":true,"href":"https:\/\/www.qnde.ca\/fr\/wp-json\/wp\/v2\/product_tag?post=20293"}],"curies":[{"name":"wp","href":"https:\/\/api.w.org\/{rel}","templated":true}]}}