{"id":20260,"date":"2021-07-01T11:02:09","date_gmt":"2021-07-01T15:02:09","guid":{"rendered":"https:\/\/www.qnde.ca\/?post_type=product&#038;p=20260"},"modified":"2025-06-17T08:16:13","modified_gmt":"2025-06-17T12:16:13","slug":"videoscope-nseries-fr","status":"publish","type":"product","link":"https:\/\/www.qnde.ca\/fr\/produit\/videoscope-nseries-fr\/","title":{"rendered":"Yateks N-Series Vid\u00e9oscope Num\u00e9rique Articul\u00e9"},"content":{"rendered":"<h3><strong>Yateks N-Series Vid\u00e9oscope Num\u00e9rique Articul\u00e9<\/strong><\/h3>\n<p>Le vid\u00e9oscope num\u00e9rique articul\u00e9 N-Series est une cam\u00e9ra d\u2019inspection articul\u00e9e, flexible \u00e0 haute r\u00e9solution. La manette \u00e9lectrique permet une flexion fluide jusqu&rsquo;\u00e0 180\u00b0 sur 360\u00b0. L\u2019\u00e9cran LCD de 127mm (5&Prime;) LCD a un r\u00e9glage en luminosit\u00e9 de 10 niveaux, 6 modes couleur ainsi qu\u2019une balance des blancs automatique\/manuelle.<\/p>\n<ul>\n<li>Les vid\u00e9oscopes de 2.2mm (0.086&Prime;) sont disponible en longueurs utiles de 1.0, 1.5, 2.0, 3.0 et 5.0m (39&Prime;, 59&Prime;, 78&Prime;, 118&Prime; et 196&Prime;) avec une cam\u00e9ra frontale, FOV de 110\u00b0 et une distance focale ajustable de 7 \u00e0 80mm (0.25&Prime; \u00e0 3.1&Prime;).<\/li>\n<li>Les vid\u00e9oscopes de 3.9mm (0.153&Prime;) sont disponible en longueurs utiles de 1.0, 1.5, 2.0, 3.0 et 5.0m (39&Prime;, 59&Prime;, 78&Prime;, 118&Prime; et 196&Prime;) avec une cam\u00e9ra frontale, FOV de 110\u00b0 et une distance focale ajustable de 7 \u00e0 80mm (0.25&Prime; \u00e0 3.1&Prime;).<\/li>\n<li>Les vid\u00e9oscopes de 6.0mm sont disponible en longueurs utiles de 1.0, 1.5. 2.0, 3.0, 5.0 et 8.0m (39&Prime;, 59&Prime;, 78&Prime;, 118&Prime;, 196&Prime; et 314&Prime;) avec une cam\u00e9ra frontale, FOV de 80\u00b0 et une distance focale ajustable de 7 \u00e0 80mm. Une camera lat\u00e9rale est \u00e9galement disponible avec un FOV de 90\u00b0 FOV et une distance focale ajustable de 3 \u00e0 30mm.<\/li>\n<\/ul>\n<p>L\u2019ensemble complet inclut le vid\u00e9oscope num\u00e9rique articul\u00e9 N-Series, carte m\u00e9moire TF avec lecteur de carte, c\u00e2ble d&rsquo;alimentation pour un fonctionnement branch\u00e9, chargeur avec batteries Li-ion pour un fonctionnement portable, fil de conversion vid\u00e9o, c\u00e2ble de donn\u00e9es USB mini et manuel de l\u2019utilisateur, le tout dans une valise de transport rigide.<\/p>\n<p>Contactez-nous afin de discuter de votre application, vos exigences, les options disponibles et\/ou recevoir une soumission.<\/p>\n","protected":false},"excerpt":{"rendered":"<p>Yateks N-Series Vid\u00e9oscope Num\u00e9rique Articul\u00e9 Le vid\u00e9oscope num\u00e9rique articul\u00e9 N-Series est une cam\u00e9ra d\u2019inspection articul\u00e9e, flexible \u00e0 haute r\u00e9solution. La manette \u00e9lectrique permet une flexion fluide jusqu&rsquo;\u00e0 180\u00b0 sur 360\u00b0. L\u2019\u00e9cran LCD de 127mm (5&Prime;) LCD a un r\u00e9glage en luminosit\u00e9 de 10 niveaux, 6 modes couleur ainsi qu\u2019une balance des blancs automatique\/manuelle. Les vid\u00e9oscopes [&hellip;]<\/p>\n","protected":false},"featured_media":20289,"template":"","meta":{"_monsterinsights_skip_tracking":false,"_monsterinsights_sitenote_active":false,"_monsterinsights_sitenote_note":"","_monsterinsights_sitenote_category":0},"product_brand":[],"product_cat":[402,152],"product_tag":[],"class_list":{"0":"post-20260","1":"product","2":"type-product","3":"status-publish","4":"has-post-thumbnail","6":"product_cat-autres-marques","7":"product_cat-videoscopes-fr","9":"first","10":"instock","11":"shipping-taxable","12":"purchasable","13":"product-type-variable","14":"has-default-attributes"},"yoast_head":"<!-- This site is optimized with the Yoast SEO plugin v23.9 - https:\/\/yoast.com\/wordpress\/plugins\/seo\/ -->\n<title>Yateks N-Series Vid\u00e9oscope Num\u00e9rique Articul\u00e9 &#060; Qualit\u00e9 NDE<\/title>\n<meta name=\"description\" content=\"Cam\u00e9ra d\u2019inspection articul\u00e9e \u00e0 haute r\u00e9solution. Flexion fluide jusqu&#039;\u00e0 180\u00b0 sur 360\u00b0. Distance focale ajustable de 7 \u00e0 80mm (0.25&quot; \u00e0 3.1&quot;).\" \/>\n<meta name=\"robots\" content=\"index, follow, max-snippet:-1, max-image-preview:large, max-video-preview:-1\" \/>\n<link rel=\"canonical\" href=\"https:\/\/www.qnde.ca\/fr\/produit\/videoscope-nseries-fr\/\" \/>\n<meta name=\"twitter:label1\" content=\"Dur\u00e9e de lecture estim\u00e9e\" \/>\n\t<meta name=\"twitter:data1\" content=\"2 minutes\" \/>\n<script type=\"application\/ld+json\" class=\"yoast-schema-graph\">{\"@context\":\"https:\/\/schema.org\",\"@graph\":[{\"@type\":[\"WebPage\",\"ItemPage\"],\"@id\":\"https:\/\/www.qnde.ca\/fr\/produit\/videoscope-nseries-fr\/\",\"url\":\"https:\/\/www.qnde.ca\/fr\/produit\/videoscope-nseries-fr\/\",\"name\":\"Yateks N-Series Vid\u00e9oscope Num\u00e9rique Articul\u00e9 &#060; Qualit\u00e9 NDE\",\"isPartOf\":{\"@id\":\"https:\/\/www.qnde.ca\/#website\"},\"primaryImageOfPage\":{\"@id\":\"https:\/\/www.qnde.ca\/fr\/produit\/videoscope-nseries-fr\/#primaryimage\"},\"image\":{\"@id\":\"https:\/\/www.qnde.ca\/fr\/produit\/videoscope-nseries-fr\/#primaryimage\"},\"thumbnailUrl\":\"https:\/\/www.qnde.ca\/wp-content\/uploads\/2021\/07\/Articulated-digital-videoscope-\u2013-N-Series-6mm-diameter-x-3.0m-long-unit-1.jpg\",\"datePublished\":\"2021-07-01T15:02:09+00:00\",\"dateModified\":\"2025-06-17T12:16:13+00:00\",\"description\":\"Cam\u00e9ra d\u2019inspection articul\u00e9e \u00e0 haute r\u00e9solution. Flexion fluide jusqu'\u00e0 180\u00b0 sur 360\u00b0. Distance focale ajustable de 7 \u00e0 80mm (0.25\\\" \u00e0 3.1\\\").\",\"breadcrumb\":{\"@id\":\"https:\/\/www.qnde.ca\/fr\/produit\/videoscope-nseries-fr\/#breadcrumb\"},\"inLanguage\":\"fr-FR\",\"potentialAction\":[{\"@type\":\"ReadAction\",\"target\":[\"https:\/\/www.qnde.ca\/fr\/produit\/videoscope-nseries-fr\/\"]}]},{\"@type\":\"ImageObject\",\"inLanguage\":\"fr-FR\",\"@id\":\"https:\/\/www.qnde.ca\/fr\/produit\/videoscope-nseries-fr\/#primaryimage\",\"url\":\"https:\/\/www.qnde.ca\/wp-content\/uploads\/2021\/07\/Articulated-digital-videoscope-\u2013-N-Series-6mm-diameter-x-3.0m-long-unit-1.jpg\",\"contentUrl\":\"https:\/\/www.qnde.ca\/wp-content\/uploads\/2021\/07\/Articulated-digital-videoscope-\u2013-N-Series-6mm-diameter-x-3.0m-long-unit-1.jpg\",\"width\":700,\"height\":700,\"caption\":\"Articulated digital videoscope \u2013 N Series, 6mm diameter x 3.0m long unit\"},{\"@type\":\"BreadcrumbList\",\"@id\":\"https:\/\/www.qnde.ca\/fr\/produit\/videoscope-nseries-fr\/#breadcrumb\",\"itemListElement\":[{\"@type\":\"ListItem\",\"position\":1,\"name\":\"Accueil\",\"item\":\"https:\/\/www.qnde.ca\/fr\/\"},{\"@type\":\"ListItem\",\"position\":2,\"name\":\"Produits\",\"item\":\"https:\/\/www.qnde.ca\/fr\/produits\/\"},{\"@type\":\"ListItem\",\"position\":3,\"name\":\"Visuel\",\"item\":\"https:\/\/www.qnde.ca\/fr\/product-category\/visuel\/\"},{\"@type\":\"ListItem\",\"position\":4,\"name\":\"Vid\u00e9oscopes\",\"item\":\"https:\/\/www.qnde.ca\/fr\/product-category\/visuel\/videoscopes-fr\/\"},{\"@type\":\"ListItem\",\"position\":5,\"name\":\"Yateks N-Series Vid\u00e9oscope Num\u00e9rique Articul\u00e9\"}]},{\"@type\":\"WebSite\",\"@id\":\"https:\/\/www.qnde.ca\/#website\",\"url\":\"https:\/\/www.qnde.ca\/\",\"name\":\"Qualit\u00e9 NDE\",\"description\":\"\u00c9quipements d&#039;essais non destructifs \",\"publisher\":{\"@id\":\"https:\/\/www.qnde.ca\/#organization\"},\"potentialAction\":[{\"@type\":\"SearchAction\",\"target\":{\"@type\":\"EntryPoint\",\"urlTemplate\":\"https:\/\/www.qnde.ca\/?s={search_term_string}\"},\"query-input\":{\"@type\":\"PropertyValueSpecification\",\"valueRequired\":true,\"valueName\":\"search_term_string\"}}],\"inLanguage\":\"fr-FR\"},{\"@type\":\"Organization\",\"@id\":\"https:\/\/www.qnde.ca\/#organization\",\"name\":\"Quality NDT Ltd.\",\"url\":\"https:\/\/www.qnde.ca\/\",\"logo\":{\"@type\":\"ImageObject\",\"inLanguage\":\"fr-FR\",\"@id\":\"https:\/\/www.qnde.ca\/#\/schema\/logo\/image\/\",\"url\":\"https:\/\/www.qnde.ca\/wp-content\/uploads\/2022\/02\/QNDE_logo_RGB-gif.gif\",\"contentUrl\":\"https:\/\/www.qnde.ca\/wp-content\/uploads\/2022\/02\/QNDE_logo_RGB-gif.gif\",\"width\":250,\"height\":64,\"caption\":\"Quality NDT Ltd.\"},\"image\":{\"@id\":\"https:\/\/www.qnde.ca\/#\/schema\/logo\/image\/\"},\"sameAs\":[\"https:\/\/www.linkedin.com\/company\/qnde\/about\/?viewAsMember=true\"]}]}<\/script>\n<!-- \/ Yoast SEO plugin. -->","yoast_head_json":{"title":"Yateks N-Series Vid\u00e9oscope Num\u00e9rique Articul\u00e9 &#060; Qualit\u00e9 NDE","description":"Cam\u00e9ra d\u2019inspection articul\u00e9e \u00e0 haute r\u00e9solution. Flexion fluide jusqu'\u00e0 180\u00b0 sur 360\u00b0. Distance focale ajustable de 7 \u00e0 80mm (0.25\" \u00e0 3.1\").","robots":{"index":"index","follow":"follow","max-snippet":"max-snippet:-1","max-image-preview":"max-image-preview:large","max-video-preview":"max-video-preview:-1"},"canonical":"https:\/\/www.qnde.ca\/fr\/produit\/videoscope-nseries-fr\/","twitter_misc":{"Dur\u00e9e de lecture estim\u00e9e":"2 minutes"},"schema":{"@context":"https:\/\/schema.org","@graph":[{"@type":["WebPage","ItemPage"],"@id":"https:\/\/www.qnde.ca\/fr\/produit\/videoscope-nseries-fr\/","url":"https:\/\/www.qnde.ca\/fr\/produit\/videoscope-nseries-fr\/","name":"Yateks N-Series Vid\u00e9oscope Num\u00e9rique Articul\u00e9 &#060; Qualit\u00e9 NDE","isPartOf":{"@id":"https:\/\/www.qnde.ca\/#website"},"primaryImageOfPage":{"@id":"https:\/\/www.qnde.ca\/fr\/produit\/videoscope-nseries-fr\/#primaryimage"},"image":{"@id":"https:\/\/www.qnde.ca\/fr\/produit\/videoscope-nseries-fr\/#primaryimage"},"thumbnailUrl":"https:\/\/www.qnde.ca\/wp-content\/uploads\/2021\/07\/Articulated-digital-videoscope-\u2013-N-Series-6mm-diameter-x-3.0m-long-unit-1.jpg","datePublished":"2021-07-01T15:02:09+00:00","dateModified":"2025-06-17T12:16:13+00:00","description":"Cam\u00e9ra d\u2019inspection articul\u00e9e \u00e0 haute r\u00e9solution. Flexion fluide jusqu'\u00e0 180\u00b0 sur 360\u00b0. Distance focale ajustable de 7 \u00e0 80mm (0.25\" \u00e0 3.1\").","breadcrumb":{"@id":"https:\/\/www.qnde.ca\/fr\/produit\/videoscope-nseries-fr\/#breadcrumb"},"inLanguage":"fr-FR","potentialAction":[{"@type":"ReadAction","target":["https:\/\/www.qnde.ca\/fr\/produit\/videoscope-nseries-fr\/"]}]},{"@type":"ImageObject","inLanguage":"fr-FR","@id":"https:\/\/www.qnde.ca\/fr\/produit\/videoscope-nseries-fr\/#primaryimage","url":"https:\/\/www.qnde.ca\/wp-content\/uploads\/2021\/07\/Articulated-digital-videoscope-\u2013-N-Series-6mm-diameter-x-3.0m-long-unit-1.jpg","contentUrl":"https:\/\/www.qnde.ca\/wp-content\/uploads\/2021\/07\/Articulated-digital-videoscope-\u2013-N-Series-6mm-diameter-x-3.0m-long-unit-1.jpg","width":700,"height":700,"caption":"Articulated digital videoscope \u2013 N Series, 6mm diameter x 3.0m long unit"},{"@type":"BreadcrumbList","@id":"https:\/\/www.qnde.ca\/fr\/produit\/videoscope-nseries-fr\/#breadcrumb","itemListElement":[{"@type":"ListItem","position":1,"name":"Accueil","item":"https:\/\/www.qnde.ca\/fr\/"},{"@type":"ListItem","position":2,"name":"Produits","item":"https:\/\/www.qnde.ca\/fr\/produits\/"},{"@type":"ListItem","position":3,"name":"Visuel","item":"https:\/\/www.qnde.ca\/fr\/product-category\/visuel\/"},{"@type":"ListItem","position":4,"name":"Vid\u00e9oscopes","item":"https:\/\/www.qnde.ca\/fr\/product-category\/visuel\/videoscopes-fr\/"},{"@type":"ListItem","position":5,"name":"Yateks N-Series Vid\u00e9oscope Num\u00e9rique Articul\u00e9"}]},{"@type":"WebSite","@id":"https:\/\/www.qnde.ca\/#website","url":"https:\/\/www.qnde.ca\/","name":"Qualit\u00e9 NDE","description":"\u00c9quipements d&#039;essais non destructifs ","publisher":{"@id":"https:\/\/www.qnde.ca\/#organization"},"potentialAction":[{"@type":"SearchAction","target":{"@type":"EntryPoint","urlTemplate":"https:\/\/www.qnde.ca\/?s={search_term_string}"},"query-input":{"@type":"PropertyValueSpecification","valueRequired":true,"valueName":"search_term_string"}}],"inLanguage":"fr-FR"},{"@type":"Organization","@id":"https:\/\/www.qnde.ca\/#organization","name":"Quality NDT Ltd.","url":"https:\/\/www.qnde.ca\/","logo":{"@type":"ImageObject","inLanguage":"fr-FR","@id":"https:\/\/www.qnde.ca\/#\/schema\/logo\/image\/","url":"https:\/\/www.qnde.ca\/wp-content\/uploads\/2022\/02\/QNDE_logo_RGB-gif.gif","contentUrl":"https:\/\/www.qnde.ca\/wp-content\/uploads\/2022\/02\/QNDE_logo_RGB-gif.gif","width":250,"height":64,"caption":"Quality NDT Ltd."},"image":{"@id":"https:\/\/www.qnde.ca\/#\/schema\/logo\/image\/"},"sameAs":["https:\/\/www.linkedin.com\/company\/qnde\/about\/?viewAsMember=true"]}]}},"jetpack_sharing_enabled":true,"_links":{"self":[{"href":"https:\/\/www.qnde.ca\/fr\/wp-json\/wp\/v2\/product\/20260","targetHints":{"allow":["GET"]}}],"collection":[{"href":"https:\/\/www.qnde.ca\/fr\/wp-json\/wp\/v2\/product"}],"about":[{"href":"https:\/\/www.qnde.ca\/fr\/wp-json\/wp\/v2\/types\/product"}],"wp:featuredmedia":[{"embeddable":true,"href":"https:\/\/www.qnde.ca\/fr\/wp-json\/wp\/v2\/media\/20289"}],"wp:attachment":[{"href":"https:\/\/www.qnde.ca\/fr\/wp-json\/wp\/v2\/media?parent=20260"}],"wp:term":[{"taxonomy":"product_brand","embeddable":true,"href":"https:\/\/www.qnde.ca\/fr\/wp-json\/wp\/v2\/product_brand?post=20260"},{"taxonomy":"product_cat","embeddable":true,"href":"https:\/\/www.qnde.ca\/fr\/wp-json\/wp\/v2\/product_cat?post=20260"},{"taxonomy":"product_tag","embeddable":true,"href":"https:\/\/www.qnde.ca\/fr\/wp-json\/wp\/v2\/product_tag?post=20260"}],"curies":[{"name":"wp","href":"https:\/\/api.w.org\/{rel}","templated":true}]}}