{"id":20251,"date":"2021-06-29T17:00:50","date_gmt":"2021-06-29T21:00:50","guid":{"rendered":"https:\/\/www.qnde.ca\/?post_type=product&#038;p=20251"},"modified":"2022-11-04T15:57:19","modified_gmt":"2022-11-04T19:57:19","slug":"guide-fibres-optiques","status":"publish","type":"product","link":"https:\/\/www.qnde.ca\/fr\/produit\/guide-fibres-optiques\/","title":{"rendered":"Guide de Lumi\u00e8re \u00e0 Fibres Optiques"},"content":{"rendered":"<h3><strong>Guide de Lumi\u00e8re \u00e0 Fibres Optiques <\/strong><\/h3>\n<p>Les guides de lumi\u00e8re \u00e0 fibres optiques sont scell\u00e9s de silicone, \u00e9tanche \u00e0 l\u2019eau, avec un diam\u00e8tre externe de 10mm (0.39&Prime;). Les extr\u00e9mit\u00e9s ont des r\u00e9ducteurs de tension pour assurer un rayon de courbure doux et minimiser le bris des fibres. Chaque guide de lumi\u00e8re est livr\u00e9 avec des adaptateurs Storz, Wolf et Olympus.<\/p>\n<h4><strong>Mod\u00e8les<\/strong><\/h4>\n<ul>\n<li>LG-5&#215;25: guides de lumi\u00e8re \u00e0 fibres optiques, conduit interne de 5mm x 2.5m long (0.20&Prime; x 8.2&prime;)\u00a0 (adaptateurs Storz, Wolf et Olympus incluent).<\/li>\n<li>LG-5&#215;50: guides de lumi\u00e8re \u00e0 fibres optiques, conduit interne de 5mm x 5m long (0.20&Prime; x 16.4&prime;) (adaptateurs Storz, Wolf et Olympus incluent).<\/li>\n<li>LG-4&#215;18: guides de lumi\u00e8re \u00e0 fibres optiques, conduit interne de 4mm x 1.8m long (0.15&Prime; x 6.0&prime;) (adaptateurs Storz, Wolf et Olympus incluent).<\/li>\n<li>LG-4&#215;25: guides de lumi\u00e8re \u00e0 fibres optiques, conduit interne de 4mm x 2.5m long (0.15&Prime; x 8.2&prime;) (adaptateurs Storz, Wolf et Olympus incluent).<\/li>\n<\/ul>\n","protected":false},"excerpt":{"rendered":"<p>Guide de Lumi\u00e8re \u00e0 Fibres Optiques Les guides de lumi\u00e8re \u00e0 fibres optiques sont scell\u00e9s de silicone, \u00e9tanche \u00e0 l\u2019eau, avec un diam\u00e8tre externe de 10mm (0.39&Prime;). Les extr\u00e9mit\u00e9s ont des r\u00e9ducteurs de tension pour assurer un rayon de courbure doux et minimiser le bris des fibres. Chaque guide de lumi\u00e8re est livr\u00e9 avec des [&hellip;]<\/p>\n","protected":false},"featured_media":20248,"template":"","meta":{"_monsterinsights_skip_tracking":false,"_monsterinsights_sitenote_active":false,"_monsterinsights_sitenote_note":"","_monsterinsights_sitenote_category":0},"product_brand":[],"product_cat":[402,151],"product_tag":[],"class_list":{"0":"post-20251","1":"product","2":"type-product","3":"status-publish","4":"has-post-thumbnail","6":"product_cat-autres-marques","7":"product_cat-sources-guides-lumieres","9":"first","10":"instock","11":"shipping-taxable","12":"purchasable","13":"product-type-variable"},"yoast_head":"<!-- This site is optimized with the Yoast SEO plugin v23.9 - https:\/\/yoast.com\/wordpress\/plugins\/seo\/ -->\n<title>Guide de Lumi\u00e8re \u00e0 Fibres Optiques &#060; Qualit\u00e9 NDE<\/title>\n<meta name=\"description\" content=\"Scell\u00e9s de silicone, \u00e9tanche \u00e0 l\u2019eau, avec un diam\u00e8tre externe de 10mm (0.39&quot;). Livr\u00e9 avec des adaptateurs Storz, Wolf et Olympus.\" \/>\n<meta name=\"robots\" content=\"index, follow, max-snippet:-1, max-image-preview:large, max-video-preview:-1\" \/>\n<link rel=\"canonical\" href=\"https:\/\/www.qnde.ca\/fr\/produit\/guide-fibres-optiques\/\" \/>\n<meta name=\"twitter:label1\" content=\"Dur\u00e9e de lecture estim\u00e9e\" \/>\n\t<meta name=\"twitter:data1\" content=\"1 minute\" \/>\n<script type=\"application\/ld+json\" class=\"yoast-schema-graph\">{\"@context\":\"https:\/\/schema.org\",\"@graph\":[{\"@type\":[\"WebPage\",\"ItemPage\"],\"@id\":\"https:\/\/www.qnde.ca\/fr\/produit\/guide-fibres-optiques\/\",\"url\":\"https:\/\/www.qnde.ca\/fr\/produit\/guide-fibres-optiques\/\",\"name\":\"Guide de Lumi\u00e8re \u00e0 Fibres Optiques &#060; Qualit\u00e9 NDE\",\"isPartOf\":{\"@id\":\"https:\/\/www.qnde.ca\/#website\"},\"primaryImageOfPage\":{\"@id\":\"https:\/\/www.qnde.ca\/fr\/produit\/guide-fibres-optiques\/#primaryimage\"},\"image\":{\"@id\":\"https:\/\/www.qnde.ca\/fr\/produit\/guide-fibres-optiques\/#primaryimage\"},\"thumbnailUrl\":\"https:\/\/www.qnde.ca\/wp-content\/uploads\/2021\/06\/Fiber-optic-light-guide-cables-including-the-Storz-Wolf-and-Olympus-adapters.jpg\",\"datePublished\":\"2021-06-29T21:00:50+00:00\",\"dateModified\":\"2022-11-04T19:57:19+00:00\",\"description\":\"Scell\u00e9s de silicone, \u00e9tanche \u00e0 l\u2019eau, avec un diam\u00e8tre externe de 10mm (0.39\\\"). Livr\u00e9 avec des adaptateurs Storz, Wolf et Olympus.\",\"breadcrumb\":{\"@id\":\"https:\/\/www.qnde.ca\/fr\/produit\/guide-fibres-optiques\/#breadcrumb\"},\"inLanguage\":\"fr-FR\",\"potentialAction\":[{\"@type\":\"ReadAction\",\"target\":[\"https:\/\/www.qnde.ca\/fr\/produit\/guide-fibres-optiques\/\"]}]},{\"@type\":\"ImageObject\",\"inLanguage\":\"fr-FR\",\"@id\":\"https:\/\/www.qnde.ca\/fr\/produit\/guide-fibres-optiques\/#primaryimage\",\"url\":\"https:\/\/www.qnde.ca\/wp-content\/uploads\/2021\/06\/Fiber-optic-light-guide-cables-including-the-Storz-Wolf-and-Olympus-adapters.jpg\",\"contentUrl\":\"https:\/\/www.qnde.ca\/wp-content\/uploads\/2021\/06\/Fiber-optic-light-guide-cables-including-the-Storz-Wolf-and-Olympus-adapters.jpg\",\"width\":700,\"height\":700,\"caption\":\"Fiber optic light guide cables including the Storz, Wolf and Olympus adapters\"},{\"@type\":\"BreadcrumbList\",\"@id\":\"https:\/\/www.qnde.ca\/fr\/produit\/guide-fibres-optiques\/#breadcrumb\",\"itemListElement\":[{\"@type\":\"ListItem\",\"position\":1,\"name\":\"Accueil\",\"item\":\"https:\/\/www.qnde.ca\/fr\/\"},{\"@type\":\"ListItem\",\"position\":2,\"name\":\"Produits\",\"item\":\"https:\/\/www.qnde.ca\/fr\/produits\/\"},{\"@type\":\"ListItem\",\"position\":3,\"name\":\"Visuel\",\"item\":\"https:\/\/www.qnde.ca\/fr\/product-category\/visuel\/\"},{\"@type\":\"ListItem\",\"position\":4,\"name\":\"Sources et Guides de Lumi\u00e8res\",\"item\":\"https:\/\/www.qnde.ca\/fr\/product-category\/visuel\/sources-guides-lumieres\/\"},{\"@type\":\"ListItem\",\"position\":5,\"name\":\"Guide de Lumi\u00e8re \u00e0 Fibres Optiques\"}]},{\"@type\":\"WebSite\",\"@id\":\"https:\/\/www.qnde.ca\/#website\",\"url\":\"https:\/\/www.qnde.ca\/\",\"name\":\"Qualit\u00e9 NDE\",\"description\":\"\u00c9quipements d&#039;essais non destructifs \",\"publisher\":{\"@id\":\"https:\/\/www.qnde.ca\/#organization\"},\"potentialAction\":[{\"@type\":\"SearchAction\",\"target\":{\"@type\":\"EntryPoint\",\"urlTemplate\":\"https:\/\/www.qnde.ca\/?s={search_term_string}\"},\"query-input\":{\"@type\":\"PropertyValueSpecification\",\"valueRequired\":true,\"valueName\":\"search_term_string\"}}],\"inLanguage\":\"fr-FR\"},{\"@type\":\"Organization\",\"@id\":\"https:\/\/www.qnde.ca\/#organization\",\"name\":\"Quality NDT Ltd.\",\"url\":\"https:\/\/www.qnde.ca\/\",\"logo\":{\"@type\":\"ImageObject\",\"inLanguage\":\"fr-FR\",\"@id\":\"https:\/\/www.qnde.ca\/#\/schema\/logo\/image\/\",\"url\":\"https:\/\/www.qnde.ca\/wp-content\/uploads\/2022\/02\/QNDE_logo_RGB-gif.gif\",\"contentUrl\":\"https:\/\/www.qnde.ca\/wp-content\/uploads\/2022\/02\/QNDE_logo_RGB-gif.gif\",\"width\":250,\"height\":64,\"caption\":\"Quality NDT Ltd.\"},\"image\":{\"@id\":\"https:\/\/www.qnde.ca\/#\/schema\/logo\/image\/\"},\"sameAs\":[\"https:\/\/www.linkedin.com\/company\/qnde\/about\/?viewAsMember=true\"]}]}<\/script>\n<!-- \/ Yoast SEO plugin. -->","yoast_head_json":{"title":"Guide de Lumi\u00e8re \u00e0 Fibres Optiques &#060; Qualit\u00e9 NDE","description":"Scell\u00e9s de silicone, \u00e9tanche \u00e0 l\u2019eau, avec un diam\u00e8tre externe de 10mm (0.39\"). Livr\u00e9 avec des adaptateurs Storz, Wolf et Olympus.","robots":{"index":"index","follow":"follow","max-snippet":"max-snippet:-1","max-image-preview":"max-image-preview:large","max-video-preview":"max-video-preview:-1"},"canonical":"https:\/\/www.qnde.ca\/fr\/produit\/guide-fibres-optiques\/","twitter_misc":{"Dur\u00e9e de lecture estim\u00e9e":"1 minute"},"schema":{"@context":"https:\/\/schema.org","@graph":[{"@type":["WebPage","ItemPage"],"@id":"https:\/\/www.qnde.ca\/fr\/produit\/guide-fibres-optiques\/","url":"https:\/\/www.qnde.ca\/fr\/produit\/guide-fibres-optiques\/","name":"Guide de Lumi\u00e8re \u00e0 Fibres Optiques &#060; Qualit\u00e9 NDE","isPartOf":{"@id":"https:\/\/www.qnde.ca\/#website"},"primaryImageOfPage":{"@id":"https:\/\/www.qnde.ca\/fr\/produit\/guide-fibres-optiques\/#primaryimage"},"image":{"@id":"https:\/\/www.qnde.ca\/fr\/produit\/guide-fibres-optiques\/#primaryimage"},"thumbnailUrl":"https:\/\/www.qnde.ca\/wp-content\/uploads\/2021\/06\/Fiber-optic-light-guide-cables-including-the-Storz-Wolf-and-Olympus-adapters.jpg","datePublished":"2021-06-29T21:00:50+00:00","dateModified":"2022-11-04T19:57:19+00:00","description":"Scell\u00e9s de silicone, \u00e9tanche \u00e0 l\u2019eau, avec un diam\u00e8tre externe de 10mm (0.39\"). Livr\u00e9 avec des adaptateurs Storz, Wolf et Olympus.","breadcrumb":{"@id":"https:\/\/www.qnde.ca\/fr\/produit\/guide-fibres-optiques\/#breadcrumb"},"inLanguage":"fr-FR","potentialAction":[{"@type":"ReadAction","target":["https:\/\/www.qnde.ca\/fr\/produit\/guide-fibres-optiques\/"]}]},{"@type":"ImageObject","inLanguage":"fr-FR","@id":"https:\/\/www.qnde.ca\/fr\/produit\/guide-fibres-optiques\/#primaryimage","url":"https:\/\/www.qnde.ca\/wp-content\/uploads\/2021\/06\/Fiber-optic-light-guide-cables-including-the-Storz-Wolf-and-Olympus-adapters.jpg","contentUrl":"https:\/\/www.qnde.ca\/wp-content\/uploads\/2021\/06\/Fiber-optic-light-guide-cables-including-the-Storz-Wolf-and-Olympus-adapters.jpg","width":700,"height":700,"caption":"Fiber optic light guide cables including the Storz, Wolf and Olympus adapters"},{"@type":"BreadcrumbList","@id":"https:\/\/www.qnde.ca\/fr\/produit\/guide-fibres-optiques\/#breadcrumb","itemListElement":[{"@type":"ListItem","position":1,"name":"Accueil","item":"https:\/\/www.qnde.ca\/fr\/"},{"@type":"ListItem","position":2,"name":"Produits","item":"https:\/\/www.qnde.ca\/fr\/produits\/"},{"@type":"ListItem","position":3,"name":"Visuel","item":"https:\/\/www.qnde.ca\/fr\/product-category\/visuel\/"},{"@type":"ListItem","position":4,"name":"Sources et Guides de Lumi\u00e8res","item":"https:\/\/www.qnde.ca\/fr\/product-category\/visuel\/sources-guides-lumieres\/"},{"@type":"ListItem","position":5,"name":"Guide de Lumi\u00e8re \u00e0 Fibres Optiques"}]},{"@type":"WebSite","@id":"https:\/\/www.qnde.ca\/#website","url":"https:\/\/www.qnde.ca\/","name":"Qualit\u00e9 NDE","description":"\u00c9quipements d&#039;essais non destructifs ","publisher":{"@id":"https:\/\/www.qnde.ca\/#organization"},"potentialAction":[{"@type":"SearchAction","target":{"@type":"EntryPoint","urlTemplate":"https:\/\/www.qnde.ca\/?s={search_term_string}"},"query-input":{"@type":"PropertyValueSpecification","valueRequired":true,"valueName":"search_term_string"}}],"inLanguage":"fr-FR"},{"@type":"Organization","@id":"https:\/\/www.qnde.ca\/#organization","name":"Quality NDT Ltd.","url":"https:\/\/www.qnde.ca\/","logo":{"@type":"ImageObject","inLanguage":"fr-FR","@id":"https:\/\/www.qnde.ca\/#\/schema\/logo\/image\/","url":"https:\/\/www.qnde.ca\/wp-content\/uploads\/2022\/02\/QNDE_logo_RGB-gif.gif","contentUrl":"https:\/\/www.qnde.ca\/wp-content\/uploads\/2022\/02\/QNDE_logo_RGB-gif.gif","width":250,"height":64,"caption":"Quality NDT Ltd."},"image":{"@id":"https:\/\/www.qnde.ca\/#\/schema\/logo\/image\/"},"sameAs":["https:\/\/www.linkedin.com\/company\/qnde\/about\/?viewAsMember=true"]}]}},"jetpack_sharing_enabled":true,"_links":{"self":[{"href":"https:\/\/www.qnde.ca\/fr\/wp-json\/wp\/v2\/product\/20251","targetHints":{"allow":["GET"]}}],"collection":[{"href":"https:\/\/www.qnde.ca\/fr\/wp-json\/wp\/v2\/product"}],"about":[{"href":"https:\/\/www.qnde.ca\/fr\/wp-json\/wp\/v2\/types\/product"}],"wp:featuredmedia":[{"embeddable":true,"href":"https:\/\/www.qnde.ca\/fr\/wp-json\/wp\/v2\/media\/20248"}],"wp:attachment":[{"href":"https:\/\/www.qnde.ca\/fr\/wp-json\/wp\/v2\/media?parent=20251"}],"wp:term":[{"taxonomy":"product_brand","embeddable":true,"href":"https:\/\/www.qnde.ca\/fr\/wp-json\/wp\/v2\/product_brand?post=20251"},{"taxonomy":"product_cat","embeddable":true,"href":"https:\/\/www.qnde.ca\/fr\/wp-json\/wp\/v2\/product_cat?post=20251"},{"taxonomy":"product_tag","embeddable":true,"href":"https:\/\/www.qnde.ca\/fr\/wp-json\/wp\/v2\/product_tag?post=20251"}],"curies":[{"name":"wp","href":"https:\/\/api.w.org\/{rel}","templated":true}]}}