{"id":20231,"date":"2021-06-29T11:36:56","date_gmt":"2021-06-29T15:36:56","guid":{"rendered":"https:\/\/www.qnde.ca\/?post_type=product&#038;p=20231"},"modified":"2022-11-10T15:44:13","modified_gmt":"2022-11-10T20:44:13","slug":"source-led-ms","status":"publish","type":"product","link":"https:\/\/www.qnde.ca\/fr\/produit\/source-led-ms\/","title":{"rendered":"Zibra Source de Lumi\u00e8re LED \u2013 MS"},"content":{"rendered":"<h3><strong>Zibra Source de Lumi\u00e8re LED \u2013 MS<\/strong><\/h3>\n<p>La source LED compact est \u00e9quipp\u00e9 d\u2019une conexion ACME et est livr\u00e9e avec des adaptateurs pour les guides de lumi\u00e8res Storz et Olympus. L\u2019\u00e9clairage r\u00e9glable \u00e9lectroniquement permet une luminosit\u00e9 de 100 \u00e0 1350 lumens \u2013 Temp\u00e9rature couleur de 6500K. Alimentation 12V, elle est certifi\u00e9e UL, CSA, IEC and CE. La source mesure 128mm L x 88.9mm l x 68.6mm H (5&Prime;L x 3.5&Prime;l x 2.7&Prime;H) et p\u00e8se 1lb (454g).<\/p>\n<h4><strong>Mod\u00e8les<\/strong><\/h4>\n<ul>\n<li>MSLED: Source de lumi\u00e8re compact LED pour les scopes avec \u00e9clairage r\u00e9glable \u00e9lectroniquement de 100 \u00e0 1350 lumens \u2013 Temp\u00e9rature couleur de 6500K, 128mm L x 88.9mm l x 68.6mm H (5&Prime;L x 3.5&Prime;l x 2.7&Prime;H). Alimentation 12V. Certifi\u00e9 UL, CSA, CE.<\/li>\n<li><a href=\"https:\/\/www.qnde.ca\/fr\/produit\/source-manche-led\/\">LHDLE<\/a>: Lumi\u00e8re\/manche LED, 107 lumens \u2013 temp\u00e9rature de couleur 5100K. Autonomie de 1.5 heures sur 3x batteries AAA.<\/li>\n<li><a href=\"https:\/\/www.qnde.ca\/fr\/produit\/source-illuminator-fr\/\">ILLUM<\/a>: Source de lumi\u00e8re froide LED pour les scopes avec \u00e9clairage r\u00e9glable \u00e9lectroniquement de 100 \u00e0 1850 lumens \u2013 Temp\u00e9rature de couleur 6000K, 279mm L x 480mm l x 450mm H (11&Prime;L x 18.9&Prime;l x 17.7&Prime;H), 110-220V\/60Hz.<\/li>\n<\/ul>\n","protected":false},"excerpt":{"rendered":"<p>Zibra Source de Lumi\u00e8re LED \u2013 MS La source LED compact est \u00e9quipp\u00e9 d\u2019une conexion ACME et est livr\u00e9e avec des adaptateurs pour les guides de lumi\u00e8res Storz et Olympus. L\u2019\u00e9clairage r\u00e9glable \u00e9lectroniquement permet une luminosit\u00e9 de 100 \u00e0 1350 lumens \u2013 Temp\u00e9rature couleur de 6500K. Alimentation 12V, elle est certifi\u00e9e UL, CSA, IEC and [&hellip;]<\/p>\n","protected":false},"featured_media":20235,"template":"","meta":{"_monsterinsights_skip_tracking":false,"_monsterinsights_sitenote_active":false,"_monsterinsights_sitenote_note":"","_monsterinsights_sitenote_category":0},"product_brand":[],"product_cat":[402,151],"product_tag":[],"class_list":{"0":"post-20231","1":"product","2":"type-product","3":"status-publish","4":"has-post-thumbnail","6":"product_cat-autres-marques","7":"product_cat-sources-guides-lumieres","9":"first","10":"instock","11":"shipping-taxable","12":"purchasable","13":"product-type-variable"},"yoast_head":"<!-- This site is optimized with the Yoast SEO plugin v23.9 - https:\/\/yoast.com\/wordpress\/plugins\/seo\/ -->\n<title>Zibra Source de Lumi\u00e8re LED \u2013 MS &#060; Qualit\u00e9 NDE<\/title>\n<meta name=\"description\" content=\"Source compact avec \u00e9clairage r\u00e9glable \u00e9lectroniquement de 100 \u00e0 1350 lumens \u2013 Temp\u00e9rature couleur 6500K. Alimentation 12V. Certifi\u00e9 UL, CSA, CE.\" \/>\n<meta name=\"robots\" content=\"index, follow, max-snippet:-1, max-image-preview:large, max-video-preview:-1\" \/>\n<link rel=\"canonical\" href=\"https:\/\/www.qnde.ca\/fr\/produit\/source-led-ms\/\" \/>\n<meta name=\"twitter:label1\" content=\"Dur\u00e9e de lecture estim\u00e9e\" \/>\n\t<meta name=\"twitter:data1\" content=\"1 minute\" \/>\n<script type=\"application\/ld+json\" class=\"yoast-schema-graph\">{\"@context\":\"https:\/\/schema.org\",\"@graph\":[{\"@type\":[\"WebPage\",\"ItemPage\"],\"@id\":\"https:\/\/www.qnde.ca\/fr\/produit\/source-led-ms\/\",\"url\":\"https:\/\/www.qnde.ca\/fr\/produit\/source-led-ms\/\",\"name\":\"Zibra Source de Lumi\u00e8re LED \u2013 MS &#060; Qualit\u00e9 NDE\",\"isPartOf\":{\"@id\":\"https:\/\/www.qnde.ca\/#website\"},\"primaryImageOfPage\":{\"@id\":\"https:\/\/www.qnde.ca\/fr\/produit\/source-led-ms\/#primaryimage\"},\"image\":{\"@id\":\"https:\/\/www.qnde.ca\/fr\/produit\/source-led-ms\/#primaryimage\"},\"thumbnailUrl\":\"https:\/\/www.qnde.ca\/wp-content\/uploads\/2021\/06\/Compact-LED-Light-Source-for-boroscope-\u2013-Item-MSLED.jpg\",\"datePublished\":\"2021-06-29T15:36:56+00:00\",\"dateModified\":\"2022-11-10T20:44:13+00:00\",\"description\":\"Source compact avec \u00e9clairage r\u00e9glable \u00e9lectroniquement de 100 \u00e0 1350 lumens \u2013 Temp\u00e9rature couleur 6500K. Alimentation 12V. Certifi\u00e9 UL, CSA, CE.\",\"breadcrumb\":{\"@id\":\"https:\/\/www.qnde.ca\/fr\/produit\/source-led-ms\/#breadcrumb\"},\"inLanguage\":\"fr-FR\",\"potentialAction\":[{\"@type\":\"ReadAction\",\"target\":[\"https:\/\/www.qnde.ca\/fr\/produit\/source-led-ms\/\"]}]},{\"@type\":\"ImageObject\",\"inLanguage\":\"fr-FR\",\"@id\":\"https:\/\/www.qnde.ca\/fr\/produit\/source-led-ms\/#primaryimage\",\"url\":\"https:\/\/www.qnde.ca\/wp-content\/uploads\/2021\/06\/Compact-LED-Light-Source-for-boroscope-\u2013-Item-MSLED.jpg\",\"contentUrl\":\"https:\/\/www.qnde.ca\/wp-content\/uploads\/2021\/06\/Compact-LED-Light-Source-for-boroscope-\u2013-Item-MSLED.jpg\",\"width\":700,\"height\":700,\"caption\":\"Compact LED Light Source for boroscope \u2013 Item MSLED\"},{\"@type\":\"BreadcrumbList\",\"@id\":\"https:\/\/www.qnde.ca\/fr\/produit\/source-led-ms\/#breadcrumb\",\"itemListElement\":[{\"@type\":\"ListItem\",\"position\":1,\"name\":\"Accueil\",\"item\":\"https:\/\/www.qnde.ca\/fr\/\"},{\"@type\":\"ListItem\",\"position\":2,\"name\":\"Produits\",\"item\":\"https:\/\/www.qnde.ca\/fr\/produits\/\"},{\"@type\":\"ListItem\",\"position\":3,\"name\":\"Visuel\",\"item\":\"https:\/\/www.qnde.ca\/fr\/product-category\/visuel\/\"},{\"@type\":\"ListItem\",\"position\":4,\"name\":\"Sources et Guides de Lumi\u00e8res\",\"item\":\"https:\/\/www.qnde.ca\/fr\/product-category\/visuel\/sources-guides-lumieres\/\"},{\"@type\":\"ListItem\",\"position\":5,\"name\":\"Zibra Source de Lumi\u00e8re LED \u2013 MS\"}]},{\"@type\":\"WebSite\",\"@id\":\"https:\/\/www.qnde.ca\/#website\",\"url\":\"https:\/\/www.qnde.ca\/\",\"name\":\"Qualit\u00e9 NDE\",\"description\":\"\u00c9quipements d&#039;essais non destructifs \",\"publisher\":{\"@id\":\"https:\/\/www.qnde.ca\/#organization\"},\"potentialAction\":[{\"@type\":\"SearchAction\",\"target\":{\"@type\":\"EntryPoint\",\"urlTemplate\":\"https:\/\/www.qnde.ca\/?s={search_term_string}\"},\"query-input\":{\"@type\":\"PropertyValueSpecification\",\"valueRequired\":true,\"valueName\":\"search_term_string\"}}],\"inLanguage\":\"fr-FR\"},{\"@type\":\"Organization\",\"@id\":\"https:\/\/www.qnde.ca\/#organization\",\"name\":\"Quality NDT Ltd.\",\"url\":\"https:\/\/www.qnde.ca\/\",\"logo\":{\"@type\":\"ImageObject\",\"inLanguage\":\"fr-FR\",\"@id\":\"https:\/\/www.qnde.ca\/#\/schema\/logo\/image\/\",\"url\":\"https:\/\/www.qnde.ca\/wp-content\/uploads\/2022\/02\/QNDE_logo_RGB-gif.gif\",\"contentUrl\":\"https:\/\/www.qnde.ca\/wp-content\/uploads\/2022\/02\/QNDE_logo_RGB-gif.gif\",\"width\":250,\"height\":64,\"caption\":\"Quality NDT Ltd.\"},\"image\":{\"@id\":\"https:\/\/www.qnde.ca\/#\/schema\/logo\/image\/\"},\"sameAs\":[\"https:\/\/www.linkedin.com\/company\/qnde\/about\/?viewAsMember=true\"]}]}<\/script>\n<!-- \/ Yoast SEO plugin. -->","yoast_head_json":{"title":"Zibra Source de Lumi\u00e8re LED \u2013 MS &#060; Qualit\u00e9 NDE","description":"Source compact avec \u00e9clairage r\u00e9glable \u00e9lectroniquement de 100 \u00e0 1350 lumens \u2013 Temp\u00e9rature couleur 6500K. Alimentation 12V. Certifi\u00e9 UL, CSA, CE.","robots":{"index":"index","follow":"follow","max-snippet":"max-snippet:-1","max-image-preview":"max-image-preview:large","max-video-preview":"max-video-preview:-1"},"canonical":"https:\/\/www.qnde.ca\/fr\/produit\/source-led-ms\/","twitter_misc":{"Dur\u00e9e de lecture estim\u00e9e":"1 minute"},"schema":{"@context":"https:\/\/schema.org","@graph":[{"@type":["WebPage","ItemPage"],"@id":"https:\/\/www.qnde.ca\/fr\/produit\/source-led-ms\/","url":"https:\/\/www.qnde.ca\/fr\/produit\/source-led-ms\/","name":"Zibra Source de Lumi\u00e8re LED \u2013 MS &#060; Qualit\u00e9 NDE","isPartOf":{"@id":"https:\/\/www.qnde.ca\/#website"},"primaryImageOfPage":{"@id":"https:\/\/www.qnde.ca\/fr\/produit\/source-led-ms\/#primaryimage"},"image":{"@id":"https:\/\/www.qnde.ca\/fr\/produit\/source-led-ms\/#primaryimage"},"thumbnailUrl":"https:\/\/www.qnde.ca\/wp-content\/uploads\/2021\/06\/Compact-LED-Light-Source-for-boroscope-\u2013-Item-MSLED.jpg","datePublished":"2021-06-29T15:36:56+00:00","dateModified":"2022-11-10T20:44:13+00:00","description":"Source compact avec \u00e9clairage r\u00e9glable \u00e9lectroniquement de 100 \u00e0 1350 lumens \u2013 Temp\u00e9rature couleur 6500K. Alimentation 12V. Certifi\u00e9 UL, CSA, CE.","breadcrumb":{"@id":"https:\/\/www.qnde.ca\/fr\/produit\/source-led-ms\/#breadcrumb"},"inLanguage":"fr-FR","potentialAction":[{"@type":"ReadAction","target":["https:\/\/www.qnde.ca\/fr\/produit\/source-led-ms\/"]}]},{"@type":"ImageObject","inLanguage":"fr-FR","@id":"https:\/\/www.qnde.ca\/fr\/produit\/source-led-ms\/#primaryimage","url":"https:\/\/www.qnde.ca\/wp-content\/uploads\/2021\/06\/Compact-LED-Light-Source-for-boroscope-\u2013-Item-MSLED.jpg","contentUrl":"https:\/\/www.qnde.ca\/wp-content\/uploads\/2021\/06\/Compact-LED-Light-Source-for-boroscope-\u2013-Item-MSLED.jpg","width":700,"height":700,"caption":"Compact LED Light Source for boroscope \u2013 Item MSLED"},{"@type":"BreadcrumbList","@id":"https:\/\/www.qnde.ca\/fr\/produit\/source-led-ms\/#breadcrumb","itemListElement":[{"@type":"ListItem","position":1,"name":"Accueil","item":"https:\/\/www.qnde.ca\/fr\/"},{"@type":"ListItem","position":2,"name":"Produits","item":"https:\/\/www.qnde.ca\/fr\/produits\/"},{"@type":"ListItem","position":3,"name":"Visuel","item":"https:\/\/www.qnde.ca\/fr\/product-category\/visuel\/"},{"@type":"ListItem","position":4,"name":"Sources et Guides de Lumi\u00e8res","item":"https:\/\/www.qnde.ca\/fr\/product-category\/visuel\/sources-guides-lumieres\/"},{"@type":"ListItem","position":5,"name":"Zibra Source de Lumi\u00e8re LED \u2013 MS"}]},{"@type":"WebSite","@id":"https:\/\/www.qnde.ca\/#website","url":"https:\/\/www.qnde.ca\/","name":"Qualit\u00e9 NDE","description":"\u00c9quipements d&#039;essais non destructifs ","publisher":{"@id":"https:\/\/www.qnde.ca\/#organization"},"potentialAction":[{"@type":"SearchAction","target":{"@type":"EntryPoint","urlTemplate":"https:\/\/www.qnde.ca\/?s={search_term_string}"},"query-input":{"@type":"PropertyValueSpecification","valueRequired":true,"valueName":"search_term_string"}}],"inLanguage":"fr-FR"},{"@type":"Organization","@id":"https:\/\/www.qnde.ca\/#organization","name":"Quality NDT Ltd.","url":"https:\/\/www.qnde.ca\/","logo":{"@type":"ImageObject","inLanguage":"fr-FR","@id":"https:\/\/www.qnde.ca\/#\/schema\/logo\/image\/","url":"https:\/\/www.qnde.ca\/wp-content\/uploads\/2022\/02\/QNDE_logo_RGB-gif.gif","contentUrl":"https:\/\/www.qnde.ca\/wp-content\/uploads\/2022\/02\/QNDE_logo_RGB-gif.gif","width":250,"height":64,"caption":"Quality NDT Ltd."},"image":{"@id":"https:\/\/www.qnde.ca\/#\/schema\/logo\/image\/"},"sameAs":["https:\/\/www.linkedin.com\/company\/qnde\/about\/?viewAsMember=true"]}]}},"jetpack_sharing_enabled":true,"_links":{"self":[{"href":"https:\/\/www.qnde.ca\/fr\/wp-json\/wp\/v2\/product\/20231","targetHints":{"allow":["GET"]}}],"collection":[{"href":"https:\/\/www.qnde.ca\/fr\/wp-json\/wp\/v2\/product"}],"about":[{"href":"https:\/\/www.qnde.ca\/fr\/wp-json\/wp\/v2\/types\/product"}],"wp:featuredmedia":[{"embeddable":true,"href":"https:\/\/www.qnde.ca\/fr\/wp-json\/wp\/v2\/media\/20235"}],"wp:attachment":[{"href":"https:\/\/www.qnde.ca\/fr\/wp-json\/wp\/v2\/media?parent=20231"}],"wp:term":[{"taxonomy":"product_brand","embeddable":true,"href":"https:\/\/www.qnde.ca\/fr\/wp-json\/wp\/v2\/product_brand?post=20231"},{"taxonomy":"product_cat","embeddable":true,"href":"https:\/\/www.qnde.ca\/fr\/wp-json\/wp\/v2\/product_cat?post=20231"},{"taxonomy":"product_tag","embeddable":true,"href":"https:\/\/www.qnde.ca\/fr\/wp-json\/wp\/v2\/product_tag?post=20231"}],"curies":[{"name":"wp","href":"https:\/\/api.w.org\/{rel}","templated":true}]}}