{"id":20148,"date":"2021-06-29T10:34:15","date_gmt":"2021-06-29T14:34:15","guid":{"rendered":"https:\/\/www.qnde.ca\/?post_type=product&#038;p=20148"},"modified":"2022-11-09T14:30:32","modified_gmt":"2022-11-09T19:30:32","slug":"fibroscope-ultra-fin","status":"publish","type":"product","link":"https:\/\/www.qnde.ca\/fr\/produit\/fibroscope-ultra-fin\/","title":{"rendered":"Strahl Fibroscope Ultra-Fin"},"content":{"rendered":"<h3><strong>Strahl Fibroscope Ultra-Fin<\/strong><\/h3>\n<p>Les fibroscopes ultra-fin sont faits aux \u00c9.-U. et utilisent des fibres de quartz Japonaises dens\u00e9ment emball\u00e9s pour g\u00e9n\u00e9rer les images (0.37mm (0.0146&Prime;) \u2013 3000 fibres), (0.5mm (0.0197&Prime;) \u2013 3000 fibres), (0.75mm (0.295&Prime;) \u2013 10,000 fibres). Elles sont recouvertes d\u2019une gaine de polyamide noire pour prot\u00e9ger les optiques et les fibres optiques qui illuminent la zone d\u2019inspection depuis le bout du fibroscope. L\u2019oculaire de 32mm est focalisable de sorte que vous pouvez focaliser sur un point dans la zone d&rsquo;inspection. Si vous endommagez l\u2019ensemble de fibres optiques, ce dernier peut \u00eatre remplac\u00e9 au-lieu de remplacer le fibroscope au complet, rendant les r\u00e9parations beaucoup plus faciles et \u00e9conomiques.<\/p>\n<p>Le connecteur peut recevoir la plupart des sources lumineuses commerciales sur le march\u00e9 (ACMI, Storz, Olympus and Wolf).<\/p>\n<h4><strong>0.37mm<\/strong><\/h4>\n<ul>\n<li>0.37&#215;500-0: Fibroscope ultra-fin, 0.37mm (0.0146&Prime;) de diam\u00e8tre x 500mm (24.0&Prime;) longueur utile (25mm, rayon de courbure minimal) \u2013 0\u00b0 DOV.<\/li>\n<\/ul>\n<h4><strong>0.5mm<\/strong><\/h4>\n<ul>\n<li>0.5&#215;305-0: Fibroscope ultra-fin, 0.5mm (0.0197&Prime;) de diam\u00e8tre x 305mm (12.0&Prime;) longueur utile (25mm, rayon de courbure minimal) \u2013 0\u00b0 DOV.<\/li>\n<li>0.5&#215;610-0: Fibroscope Ultra-Fin, 0.5mm (0.0197&Prime;) de diam\u00e8tre x 610mm (24.0&Prime;) longueur utile (25mm, rayon de courbure minimal) \u2013 0\u00b0 DOV.<\/li>\n<\/ul>\n<h4><strong>0.75mm<\/strong><\/h4>\n<ul>\n<li>0.75&#215;305-0: Fibroscope ultra-fin, 0.75mm (0.0295&Prime;) de diam\u00e8tre x 305mm (12.0&Prime;) longueur utile (25mm, rayon de courbure minimal) \u2013 0\u00b0 DOV.<\/li>\n<li>0.75&#215;610-0: Fibroscope ultra-fin, 0.75mm (0.0295&Prime;) de diam\u00e8tre x 610mm (24.0&Prime;) longueur utile (25mm, rayon de courbure minimal) \u2013 0\u00b0 DOV.<\/li>\n<\/ul>\n<h4><strong>1.0mm<\/strong><\/h4>\n<ul>\n<li>1.0&#215;305-0: Fibroscope ultra-fin, 1.0mm (0.0394&Prime;) de diam\u00e8tre x 305mm (12.0&Prime;) longueur utile (25mm, rayon de courbure minimal) \u2013 0\u00b0 DOV.<\/li>\n<li>1.0&#215;610-0: Fibroscope ultra-fin, 1.0mm (0.0394&Prime;) de diam\u00e8tre x 610mm (24.0&Prime;) longueur utile (25mm, rayon de courbure minimal) \u2013 0\u00b0 DOV.<\/li>\n<\/ul>\n<h4><strong>Options<\/strong><\/h4>\n<ul>\n<li><a href=\"https:\/\/www.qnde.ca\/fr\/produit\/source-manche-led\/\">LHDLE<\/a>: Lumi\u00e8re\/manche LED, 107 lumens \u2013 temp\u00e9rature de couleur 5100K. Autonomie de 1.5 heures sur 3x batteries AAA.<\/li>\n<li><a href=\"https:\/\/www.qnde.ca\/fr\/produit\/source-led-ms\/\">MSLED<\/a>: Source de lumi\u00e8re compact LED pour les scopes avec \u00e9clairage r\u00e9glable \u00e9lectroniquement de 100 \u00e0 1350 lumens \u2013 Temp\u00e9rature couleur de 6500K, 128mm L x 88.9mm l x 68.6mm H (5&Prime;L x 3.5&Prime;l x 2.7&Prime;H). Alimentation 12V. Certifi\u00e9 UL, CSA, CE.<\/li>\n<li><a href=\"https:\/\/www.qnde.ca\/fr\/produit\/source-illuminator-fr\/\">ILLUM<\/a>: Source de lumi\u00e8re froide LED pour les scopes avec \u00e9clairage r\u00e9glable \u00e9lectroniquement de 100 \u00e0 1850 lumens \u2013 Temp\u00e9rature de couleur 6000K, 279mm L x 480mm l x 450mm H (11&Prime;L x 18.9&Prime;l x 17.7&Prime;H), 110-220V\/60Hz.<\/li>\n<li>CAM: Cam\u00e9ra CCD portative pour fibroscope, (r\u00e9solution 1,300,000 pixel), avec \u00e9cran LCD couleur de 7&Prime;.<\/li>\n<\/ul>\n","protected":false},"excerpt":{"rendered":"<p>Strahl Fibroscope Ultra-Fin Les fibroscopes ultra-fin sont faits aux \u00c9.-U. et utilisent des fibres de quartz Japonaises dens\u00e9ment emball\u00e9s pour g\u00e9n\u00e9rer les images (0.37mm (0.0146&Prime;) \u2013 3000 fibres), (0.5mm (0.0197&Prime;) \u2013 3000 fibres), (0.75mm (0.295&Prime;) \u2013 10,000 fibres). Elles sont recouvertes d\u2019une gaine de polyamide noire pour prot\u00e9ger les optiques et les fibres optiques qui [&hellip;]<\/p>\n","protected":false},"featured_media":20181,"template":"","meta":{"_monsterinsights_skip_tracking":false,"_monsterinsights_sitenote_active":false,"_monsterinsights_sitenote_note":"","_monsterinsights_sitenote_category":0},"product_brand":[],"product_cat":[402,150],"product_tag":[],"class_list":{"0":"post-20148","1":"product","2":"type-product","3":"status-publish","4":"has-post-thumbnail","6":"product_cat-autres-marques","7":"product_cat-fibroscopes","9":"first","10":"instock","11":"shipping-taxable","12":"purchasable","13":"product-type-variable"},"yoast_head":"<!-- This site is optimized with the Yoast SEO plugin v23.9 - https:\/\/yoast.com\/wordpress\/plugins\/seo\/ -->\n<title>Strahl Fibroscope Ultra-Fin &#060; Qualit\u00e9 NDE<\/title>\n<meta name=\"description\" content=\"Fibres de quartz Japonaises dens\u00e9ment emball\u00e9s, recouvertes d\u2019une gaine de polyamide noire pour prot\u00e9ger les optiques et les fibres optiques.\" \/>\n<meta name=\"robots\" content=\"index, follow, max-snippet:-1, max-image-preview:large, max-video-preview:-1\" \/>\n<link rel=\"canonical\" href=\"https:\/\/www.qnde.ca\/fr\/produit\/fibroscope-ultra-fin\/\" \/>\n<meta name=\"twitter:label1\" content=\"Dur\u00e9e de lecture estim\u00e9e\" \/>\n\t<meta name=\"twitter:data1\" content=\"2 minutes\" \/>\n<script type=\"application\/ld+json\" class=\"yoast-schema-graph\">{\"@context\":\"https:\/\/schema.org\",\"@graph\":[{\"@type\":[\"WebPage\",\"ItemPage\"],\"@id\":\"https:\/\/www.qnde.ca\/fr\/produit\/fibroscope-ultra-fin\/\",\"url\":\"https:\/\/www.qnde.ca\/fr\/produit\/fibroscope-ultra-fin\/\",\"name\":\"Strahl Fibroscope Ultra-Fin &#060; Qualit\u00e9 NDE\",\"isPartOf\":{\"@id\":\"https:\/\/www.qnde.ca\/#website\"},\"primaryImageOfPage\":{\"@id\":\"https:\/\/www.qnde.ca\/fr\/produit\/fibroscope-ultra-fin\/#primaryimage\"},\"image\":{\"@id\":\"https:\/\/www.qnde.ca\/fr\/produit\/fibroscope-ultra-fin\/#primaryimage\"},\"thumbnailUrl\":\"https:\/\/www.qnde.ca\/wp-content\/uploads\/2021\/06\/Ultra-Fine-fiberscope-0.5mm-0.0197-in-diameter-x-305mm-12.0-working-length-\u2013-Item-0.5x305-0.jpg\",\"datePublished\":\"2021-06-29T14:34:15+00:00\",\"dateModified\":\"2022-11-09T19:30:32+00:00\",\"description\":\"Fibres de quartz Japonaises dens\u00e9ment emball\u00e9s, recouvertes d\u2019une gaine de polyamide noire pour prot\u00e9ger les optiques et les fibres optiques.\",\"breadcrumb\":{\"@id\":\"https:\/\/www.qnde.ca\/fr\/produit\/fibroscope-ultra-fin\/#breadcrumb\"},\"inLanguage\":\"fr-FR\",\"potentialAction\":[{\"@type\":\"ReadAction\",\"target\":[\"https:\/\/www.qnde.ca\/fr\/produit\/fibroscope-ultra-fin\/\"]}]},{\"@type\":\"ImageObject\",\"inLanguage\":\"fr-FR\",\"@id\":\"https:\/\/www.qnde.ca\/fr\/produit\/fibroscope-ultra-fin\/#primaryimage\",\"url\":\"https:\/\/www.qnde.ca\/wp-content\/uploads\/2021\/06\/Ultra-Fine-fiberscope-0.5mm-0.0197-in-diameter-x-305mm-12.0-working-length-\u2013-Item-0.5x305-0.jpg\",\"contentUrl\":\"https:\/\/www.qnde.ca\/wp-content\/uploads\/2021\/06\/Ultra-Fine-fiberscope-0.5mm-0.0197-in-diameter-x-305mm-12.0-working-length-\u2013-Item-0.5x305-0.jpg\",\"width\":700,\"height\":700,\"caption\":\"Ultra-Fine fiberscope, 0.5mm (0.0197\u201d) in diameter x 305mm (12.0\u201d) working length \u2013 Item 0.5x305-0\"},{\"@type\":\"BreadcrumbList\",\"@id\":\"https:\/\/www.qnde.ca\/fr\/produit\/fibroscope-ultra-fin\/#breadcrumb\",\"itemListElement\":[{\"@type\":\"ListItem\",\"position\":1,\"name\":\"Accueil\",\"item\":\"https:\/\/www.qnde.ca\/fr\/\"},{\"@type\":\"ListItem\",\"position\":2,\"name\":\"Produits\",\"item\":\"https:\/\/www.qnde.ca\/fr\/produits\/\"},{\"@type\":\"ListItem\",\"position\":3,\"name\":\"Visuel\",\"item\":\"https:\/\/www.qnde.ca\/fr\/product-category\/visuel\/\"},{\"@type\":\"ListItem\",\"position\":4,\"name\":\"Fibroscopes\",\"item\":\"https:\/\/www.qnde.ca\/fr\/product-category\/visuel\/fibroscopes\/\"},{\"@type\":\"ListItem\",\"position\":5,\"name\":\"Strahl Fibroscope Ultra-Fin\"}]},{\"@type\":\"WebSite\",\"@id\":\"https:\/\/www.qnde.ca\/#website\",\"url\":\"https:\/\/www.qnde.ca\/\",\"name\":\"Qualit\u00e9 NDE\",\"description\":\"\u00c9quipements d&#039;essais non destructifs \",\"publisher\":{\"@id\":\"https:\/\/www.qnde.ca\/#organization\"},\"potentialAction\":[{\"@type\":\"SearchAction\",\"target\":{\"@type\":\"EntryPoint\",\"urlTemplate\":\"https:\/\/www.qnde.ca\/?s={search_term_string}\"},\"query-input\":{\"@type\":\"PropertyValueSpecification\",\"valueRequired\":true,\"valueName\":\"search_term_string\"}}],\"inLanguage\":\"fr-FR\"},{\"@type\":\"Organization\",\"@id\":\"https:\/\/www.qnde.ca\/#organization\",\"name\":\"Quality NDT Ltd.\",\"url\":\"https:\/\/www.qnde.ca\/\",\"logo\":{\"@type\":\"ImageObject\",\"inLanguage\":\"fr-FR\",\"@id\":\"https:\/\/www.qnde.ca\/#\/schema\/logo\/image\/\",\"url\":\"https:\/\/www.qnde.ca\/wp-content\/uploads\/2022\/02\/QNDE_logo_RGB-gif.gif\",\"contentUrl\":\"https:\/\/www.qnde.ca\/wp-content\/uploads\/2022\/02\/QNDE_logo_RGB-gif.gif\",\"width\":250,\"height\":64,\"caption\":\"Quality NDT Ltd.\"},\"image\":{\"@id\":\"https:\/\/www.qnde.ca\/#\/schema\/logo\/image\/\"},\"sameAs\":[\"https:\/\/www.linkedin.com\/company\/qnde\/about\/?viewAsMember=true\"]}]}<\/script>\n<!-- \/ Yoast SEO plugin. -->","yoast_head_json":{"title":"Strahl Fibroscope Ultra-Fin &#060; Qualit\u00e9 NDE","description":"Fibres de quartz Japonaises dens\u00e9ment emball\u00e9s, recouvertes d\u2019une gaine de polyamide noire pour prot\u00e9ger les optiques et les fibres optiques.","robots":{"index":"index","follow":"follow","max-snippet":"max-snippet:-1","max-image-preview":"max-image-preview:large","max-video-preview":"max-video-preview:-1"},"canonical":"https:\/\/www.qnde.ca\/fr\/produit\/fibroscope-ultra-fin\/","twitter_misc":{"Dur\u00e9e de lecture estim\u00e9e":"2 minutes"},"schema":{"@context":"https:\/\/schema.org","@graph":[{"@type":["WebPage","ItemPage"],"@id":"https:\/\/www.qnde.ca\/fr\/produit\/fibroscope-ultra-fin\/","url":"https:\/\/www.qnde.ca\/fr\/produit\/fibroscope-ultra-fin\/","name":"Strahl Fibroscope Ultra-Fin &#060; Qualit\u00e9 NDE","isPartOf":{"@id":"https:\/\/www.qnde.ca\/#website"},"primaryImageOfPage":{"@id":"https:\/\/www.qnde.ca\/fr\/produit\/fibroscope-ultra-fin\/#primaryimage"},"image":{"@id":"https:\/\/www.qnde.ca\/fr\/produit\/fibroscope-ultra-fin\/#primaryimage"},"thumbnailUrl":"https:\/\/www.qnde.ca\/wp-content\/uploads\/2021\/06\/Ultra-Fine-fiberscope-0.5mm-0.0197-in-diameter-x-305mm-12.0-working-length-\u2013-Item-0.5x305-0.jpg","datePublished":"2021-06-29T14:34:15+00:00","dateModified":"2022-11-09T19:30:32+00:00","description":"Fibres de quartz Japonaises dens\u00e9ment emball\u00e9s, recouvertes d\u2019une gaine de polyamide noire pour prot\u00e9ger les optiques et les fibres optiques.","breadcrumb":{"@id":"https:\/\/www.qnde.ca\/fr\/produit\/fibroscope-ultra-fin\/#breadcrumb"},"inLanguage":"fr-FR","potentialAction":[{"@type":"ReadAction","target":["https:\/\/www.qnde.ca\/fr\/produit\/fibroscope-ultra-fin\/"]}]},{"@type":"ImageObject","inLanguage":"fr-FR","@id":"https:\/\/www.qnde.ca\/fr\/produit\/fibroscope-ultra-fin\/#primaryimage","url":"https:\/\/www.qnde.ca\/wp-content\/uploads\/2021\/06\/Ultra-Fine-fiberscope-0.5mm-0.0197-in-diameter-x-305mm-12.0-working-length-\u2013-Item-0.5x305-0.jpg","contentUrl":"https:\/\/www.qnde.ca\/wp-content\/uploads\/2021\/06\/Ultra-Fine-fiberscope-0.5mm-0.0197-in-diameter-x-305mm-12.0-working-length-\u2013-Item-0.5x305-0.jpg","width":700,"height":700,"caption":"Ultra-Fine fiberscope, 0.5mm (0.0197\u201d) in diameter x 305mm (12.0\u201d) working length \u2013 Item 0.5x305-0"},{"@type":"BreadcrumbList","@id":"https:\/\/www.qnde.ca\/fr\/produit\/fibroscope-ultra-fin\/#breadcrumb","itemListElement":[{"@type":"ListItem","position":1,"name":"Accueil","item":"https:\/\/www.qnde.ca\/fr\/"},{"@type":"ListItem","position":2,"name":"Produits","item":"https:\/\/www.qnde.ca\/fr\/produits\/"},{"@type":"ListItem","position":3,"name":"Visuel","item":"https:\/\/www.qnde.ca\/fr\/product-category\/visuel\/"},{"@type":"ListItem","position":4,"name":"Fibroscopes","item":"https:\/\/www.qnde.ca\/fr\/product-category\/visuel\/fibroscopes\/"},{"@type":"ListItem","position":5,"name":"Strahl Fibroscope Ultra-Fin"}]},{"@type":"WebSite","@id":"https:\/\/www.qnde.ca\/#website","url":"https:\/\/www.qnde.ca\/","name":"Qualit\u00e9 NDE","description":"\u00c9quipements d&#039;essais non destructifs ","publisher":{"@id":"https:\/\/www.qnde.ca\/#organization"},"potentialAction":[{"@type":"SearchAction","target":{"@type":"EntryPoint","urlTemplate":"https:\/\/www.qnde.ca\/?s={search_term_string}"},"query-input":{"@type":"PropertyValueSpecification","valueRequired":true,"valueName":"search_term_string"}}],"inLanguage":"fr-FR"},{"@type":"Organization","@id":"https:\/\/www.qnde.ca\/#organization","name":"Quality NDT Ltd.","url":"https:\/\/www.qnde.ca\/","logo":{"@type":"ImageObject","inLanguage":"fr-FR","@id":"https:\/\/www.qnde.ca\/#\/schema\/logo\/image\/","url":"https:\/\/www.qnde.ca\/wp-content\/uploads\/2022\/02\/QNDE_logo_RGB-gif.gif","contentUrl":"https:\/\/www.qnde.ca\/wp-content\/uploads\/2022\/02\/QNDE_logo_RGB-gif.gif","width":250,"height":64,"caption":"Quality NDT Ltd."},"image":{"@id":"https:\/\/www.qnde.ca\/#\/schema\/logo\/image\/"},"sameAs":["https:\/\/www.linkedin.com\/company\/qnde\/about\/?viewAsMember=true"]}]}},"jetpack_sharing_enabled":true,"_links":{"self":[{"href":"https:\/\/www.qnde.ca\/fr\/wp-json\/wp\/v2\/product\/20148","targetHints":{"allow":["GET"]}}],"collection":[{"href":"https:\/\/www.qnde.ca\/fr\/wp-json\/wp\/v2\/product"}],"about":[{"href":"https:\/\/www.qnde.ca\/fr\/wp-json\/wp\/v2\/types\/product"}],"wp:featuredmedia":[{"embeddable":true,"href":"https:\/\/www.qnde.ca\/fr\/wp-json\/wp\/v2\/media\/20181"}],"wp:attachment":[{"href":"https:\/\/www.qnde.ca\/fr\/wp-json\/wp\/v2\/media?parent=20148"}],"wp:term":[{"taxonomy":"product_brand","embeddable":true,"href":"https:\/\/www.qnde.ca\/fr\/wp-json\/wp\/v2\/product_brand?post=20148"},{"taxonomy":"product_cat","embeddable":true,"href":"https:\/\/www.qnde.ca\/fr\/wp-json\/wp\/v2\/product_cat?post=20148"},{"taxonomy":"product_tag","embeddable":true,"href":"https:\/\/www.qnde.ca\/fr\/wp-json\/wp\/v2\/product_tag?post=20148"}],"curies":[{"name":"wp","href":"https:\/\/api.w.org\/{rel}","templated":true}]}}