{"id":20068,"date":"2021-06-23T10:34:31","date_gmt":"2021-06-23T14:34:31","guid":{"rendered":"https:\/\/www.qnde.ca\/?post_type=product&#038;p=20068"},"modified":"2025-06-17T15:02:45","modified_gmt":"2025-06-17T19:02:45","slug":"vidi-12-fr","status":"publish","type":"product","link":"https:\/\/www.qnde.ca\/fr\/produit\/vidi-12-fr\/","title":{"rendered":"Vidisco VIDI 12, Syst\u00e8me DR Sans-Fil"},"content":{"rendered":"<h3><strong>Vidisco VIDI 12, <\/strong><strong>Syst\u00e8me DR Sans-Fil<\/strong><\/h3>\n<p>Con\u00e7u pour le NDT, ce panneau DDA sans-fil (jusqu\u2019\u00e0 300m (900&prime;)) a un espacement des pixels de 124 microns, une surface d\u2019imagerie de 254 x 317mm (10&Prime; x 12.48&Prime;) et est \u00e9tanche \u00e0 l\u2019eau. Enti\u00e8rement aliment\u00e9 par batteries pour plus de 5 heures d\u2019inspection continue.<\/p>\n<p>Le logiciel tout-en-un inclut tous les modules pour le DR, la gestion d\u2019image et donn\u00e9es pertinentes telles que notes, photos num\u00e9riques ou commentaires audio faits lors de l\u2019inspection. Le logiciel permet d\u2019instantan\u00e9ment sauvegarder ou rechercher \u00e0 travers des ann\u00e9es d\u2019images en utilisant des mots cl\u00e9s, num\u00e9ro de s\u00e9rie, date, etc. Conforme DICONDE avec tous les autres fabricants.<\/p>\n<h4><strong>Mod\u00e8les<\/strong><\/h4>\n<ul>\n<li>VIDI 12: Panneau Vidisco de 254 x 317mm (10&Prime; x 12.48&Prime;) (124 microns), mini sans-fil, robuste ordinateur portable certifi\u00e9 MIL, valise de transport robuste.<\/li>\n<li><a href=\"https:\/\/www.qnde.ca\/fr\/produit\/vidi-17-fr\/\">VIDI 17<\/a>: Panneau Vidisco de 358 x 431mm (14.09&Prime; x 16.96&Prime;) (140 microns), mini sans-fil, robuste ordinateur portable certifi\u00e9 MIL, valise de transport robuste.<\/li>\n<li><a href=\"https:\/\/www.qnde.ca\/fr\/produit\/bolt-6k-fr\/\">BOLT 6K<\/a>: Panneau Vidisco Bolt 6K de 145 x 114mm (70&Prime; x 4.48&Prime;)(50 microns), mini sans-fil, robuste ordinateur portable certifi\u00e9 MIL, valise de transport robuste.<\/li>\n<\/ul>\n","protected":false},"excerpt":{"rendered":"<p>Vidisco VIDI 12, Syst\u00e8me DR Sans-Fil Con\u00e7u pour le NDT, ce panneau DDA sans-fil (jusqu\u2019\u00e0 300m (900&prime;)) a un espacement des pixels de 124 microns, une surface d\u2019imagerie de 254 x 317mm (10&Prime; x 12.48&Prime;) et est \u00e9tanche \u00e0 l\u2019eau. Enti\u00e8rement aliment\u00e9 par batteries pour plus de 5 heures d\u2019inspection continue. Le logiciel tout-en-un inclut [&hellip;]<\/p>\n","protected":false},"featured_media":20072,"template":"","meta":{"_monsterinsights_skip_tracking":false,"_monsterinsights_sitenote_active":false,"_monsterinsights_sitenote_note":"","_monsterinsights_sitenote_category":0},"product_brand":[],"product_cat":[402,142],"product_tag":[],"class_list":{"0":"post-20068","1":"product","2":"type-product","3":"status-publish","4":"has-post-thumbnail","6":"product_cat-autres-marques","7":"product_cat-radiologie-numerique-dr","9":"first","10":"instock","11":"shipping-taxable","12":"purchasable","13":"product-type-variable"},"yoast_head":"<!-- This site is optimized with the Yoast SEO plugin v23.9 - https:\/\/yoast.com\/wordpress\/plugins\/seo\/ -->\n<title>Vidisco VIDI 12, Syst\u00e8me DR Sans-Fil &#060; Qualit\u00e9 NDE<\/title>\n<meta name=\"description\" content=\"Panneau Vidisco de 10&quot; x 12.48&quot; (254 x 317mm) (124 microns), mini sans-fil, robuste ordinateur portable certifi\u00e9 MIL, valise de transport robuste.\" \/>\n<meta name=\"robots\" content=\"index, follow, max-snippet:-1, max-image-preview:large, max-video-preview:-1\" \/>\n<link rel=\"canonical\" href=\"https:\/\/www.qnde.ca\/fr\/produit\/vidi-12-fr\/\" \/>\n<meta name=\"twitter:label1\" content=\"Dur\u00e9e de lecture estim\u00e9e\" \/>\n\t<meta name=\"twitter:data1\" content=\"1 minute\" \/>\n<script type=\"application\/ld+json\" class=\"yoast-schema-graph\">{\"@context\":\"https:\/\/schema.org\",\"@graph\":[{\"@type\":[\"WebPage\",\"ItemPage\"],\"@id\":\"https:\/\/www.qnde.ca\/fr\/produit\/vidi-12-fr\/\",\"url\":\"https:\/\/www.qnde.ca\/fr\/produit\/vidi-12-fr\/\",\"name\":\"Vidisco VIDI 12, Syst\u00e8me DR Sans-Fil &#060; Qualit\u00e9 NDE\",\"isPartOf\":{\"@id\":\"https:\/\/www.qnde.ca\/#website\"},\"primaryImageOfPage\":{\"@id\":\"https:\/\/www.qnde.ca\/fr\/produit\/vidi-12-fr\/#primaryimage\"},\"image\":{\"@id\":\"https:\/\/www.qnde.ca\/fr\/produit\/vidi-12-fr\/#primaryimage\"},\"thumbnailUrl\":\"https:\/\/www.qnde.ca\/wp-content\/uploads\/2021\/06\/VD-12-Vidisco-panel-with-MIL-laptop-and-rugged-case-shown-with-x-ray-tube.png\",\"datePublished\":\"2021-06-23T14:34:31+00:00\",\"dateModified\":\"2025-06-17T19:02:45+00:00\",\"description\":\"Panneau Vidisco de 10\\\" x 12.48\\\" (254 x 317mm) (124 microns), mini sans-fil, robuste ordinateur portable certifi\u00e9 MIL, valise de transport robuste.\",\"breadcrumb\":{\"@id\":\"https:\/\/www.qnde.ca\/fr\/produit\/vidi-12-fr\/#breadcrumb\"},\"inLanguage\":\"fr-FR\",\"potentialAction\":[{\"@type\":\"ReadAction\",\"target\":[\"https:\/\/www.qnde.ca\/fr\/produit\/vidi-12-fr\/\"]}]},{\"@type\":\"ImageObject\",\"inLanguage\":\"fr-FR\",\"@id\":\"https:\/\/www.qnde.ca\/fr\/produit\/vidi-12-fr\/#primaryimage\",\"url\":\"https:\/\/www.qnde.ca\/wp-content\/uploads\/2021\/06\/VD-12-Vidisco-panel-with-MIL-laptop-and-rugged-case-shown-with-x-ray-tube.png\",\"contentUrl\":\"https:\/\/www.qnde.ca\/wp-content\/uploads\/2021\/06\/VD-12-Vidisco-panel-with-MIL-laptop-and-rugged-case-shown-with-x-ray-tube.png\",\"width\":2048,\"height\":1286,\"caption\":\"VD 12 - Vidisco panel with MIL laptop and rugged case shown with x-ray tube\"},{\"@type\":\"BreadcrumbList\",\"@id\":\"https:\/\/www.qnde.ca\/fr\/produit\/vidi-12-fr\/#breadcrumb\",\"itemListElement\":[{\"@type\":\"ListItem\",\"position\":1,\"name\":\"Accueil\",\"item\":\"https:\/\/www.qnde.ca\/fr\/\"},{\"@type\":\"ListItem\",\"position\":2,\"name\":\"Produits\",\"item\":\"https:\/\/www.qnde.ca\/fr\/produits\/\"},{\"@type\":\"ListItem\",\"position\":3,\"name\":\"Radiographie\",\"item\":\"https:\/\/www.qnde.ca\/fr\/product-category\/radiographie\/\"},{\"@type\":\"ListItem\",\"position\":4,\"name\":\"Radiologie Num\u00e9rique DR\",\"item\":\"https:\/\/www.qnde.ca\/fr\/product-category\/radiographie\/radiologie-numerique-dr\/\"},{\"@type\":\"ListItem\",\"position\":5,\"name\":\"Vidisco VIDI 12, Syst\u00e8me DR Sans-Fil\"}]},{\"@type\":\"WebSite\",\"@id\":\"https:\/\/www.qnde.ca\/#website\",\"url\":\"https:\/\/www.qnde.ca\/\",\"name\":\"Qualit\u00e9 NDE\",\"description\":\"\u00c9quipements d&#039;essais non destructifs \",\"publisher\":{\"@id\":\"https:\/\/www.qnde.ca\/#organization\"},\"potentialAction\":[{\"@type\":\"SearchAction\",\"target\":{\"@type\":\"EntryPoint\",\"urlTemplate\":\"https:\/\/www.qnde.ca\/?s={search_term_string}\"},\"query-input\":{\"@type\":\"PropertyValueSpecification\",\"valueRequired\":true,\"valueName\":\"search_term_string\"}}],\"inLanguage\":\"fr-FR\"},{\"@type\":\"Organization\",\"@id\":\"https:\/\/www.qnde.ca\/#organization\",\"name\":\"Quality NDT Ltd.\",\"url\":\"https:\/\/www.qnde.ca\/\",\"logo\":{\"@type\":\"ImageObject\",\"inLanguage\":\"fr-FR\",\"@id\":\"https:\/\/www.qnde.ca\/#\/schema\/logo\/image\/\",\"url\":\"https:\/\/www.qnde.ca\/wp-content\/uploads\/2022\/02\/QNDE_logo_RGB-gif.gif\",\"contentUrl\":\"https:\/\/www.qnde.ca\/wp-content\/uploads\/2022\/02\/QNDE_logo_RGB-gif.gif\",\"width\":250,\"height\":64,\"caption\":\"Quality NDT Ltd.\"},\"image\":{\"@id\":\"https:\/\/www.qnde.ca\/#\/schema\/logo\/image\/\"},\"sameAs\":[\"https:\/\/www.linkedin.com\/company\/qnde\/about\/?viewAsMember=true\"]}]}<\/script>\n<!-- \/ Yoast SEO plugin. -->","yoast_head_json":{"title":"Vidisco VIDI 12, Syst\u00e8me DR Sans-Fil &#060; Qualit\u00e9 NDE","description":"Panneau Vidisco de 10\" x 12.48\" (254 x 317mm) (124 microns), mini sans-fil, robuste ordinateur portable certifi\u00e9 MIL, valise de transport robuste.","robots":{"index":"index","follow":"follow","max-snippet":"max-snippet:-1","max-image-preview":"max-image-preview:large","max-video-preview":"max-video-preview:-1"},"canonical":"https:\/\/www.qnde.ca\/fr\/produit\/vidi-12-fr\/","twitter_misc":{"Dur\u00e9e de lecture estim\u00e9e":"1 minute"},"schema":{"@context":"https:\/\/schema.org","@graph":[{"@type":["WebPage","ItemPage"],"@id":"https:\/\/www.qnde.ca\/fr\/produit\/vidi-12-fr\/","url":"https:\/\/www.qnde.ca\/fr\/produit\/vidi-12-fr\/","name":"Vidisco VIDI 12, Syst\u00e8me DR Sans-Fil &#060; Qualit\u00e9 NDE","isPartOf":{"@id":"https:\/\/www.qnde.ca\/#website"},"primaryImageOfPage":{"@id":"https:\/\/www.qnde.ca\/fr\/produit\/vidi-12-fr\/#primaryimage"},"image":{"@id":"https:\/\/www.qnde.ca\/fr\/produit\/vidi-12-fr\/#primaryimage"},"thumbnailUrl":"https:\/\/www.qnde.ca\/wp-content\/uploads\/2021\/06\/VD-12-Vidisco-panel-with-MIL-laptop-and-rugged-case-shown-with-x-ray-tube.png","datePublished":"2021-06-23T14:34:31+00:00","dateModified":"2025-06-17T19:02:45+00:00","description":"Panneau Vidisco de 10\" x 12.48\" (254 x 317mm) (124 microns), mini sans-fil, robuste ordinateur portable certifi\u00e9 MIL, valise de transport robuste.","breadcrumb":{"@id":"https:\/\/www.qnde.ca\/fr\/produit\/vidi-12-fr\/#breadcrumb"},"inLanguage":"fr-FR","potentialAction":[{"@type":"ReadAction","target":["https:\/\/www.qnde.ca\/fr\/produit\/vidi-12-fr\/"]}]},{"@type":"ImageObject","inLanguage":"fr-FR","@id":"https:\/\/www.qnde.ca\/fr\/produit\/vidi-12-fr\/#primaryimage","url":"https:\/\/www.qnde.ca\/wp-content\/uploads\/2021\/06\/VD-12-Vidisco-panel-with-MIL-laptop-and-rugged-case-shown-with-x-ray-tube.png","contentUrl":"https:\/\/www.qnde.ca\/wp-content\/uploads\/2021\/06\/VD-12-Vidisco-panel-with-MIL-laptop-and-rugged-case-shown-with-x-ray-tube.png","width":2048,"height":1286,"caption":"VD 12 - Vidisco panel with MIL laptop and rugged case shown with x-ray tube"},{"@type":"BreadcrumbList","@id":"https:\/\/www.qnde.ca\/fr\/produit\/vidi-12-fr\/#breadcrumb","itemListElement":[{"@type":"ListItem","position":1,"name":"Accueil","item":"https:\/\/www.qnde.ca\/fr\/"},{"@type":"ListItem","position":2,"name":"Produits","item":"https:\/\/www.qnde.ca\/fr\/produits\/"},{"@type":"ListItem","position":3,"name":"Radiographie","item":"https:\/\/www.qnde.ca\/fr\/product-category\/radiographie\/"},{"@type":"ListItem","position":4,"name":"Radiologie Num\u00e9rique DR","item":"https:\/\/www.qnde.ca\/fr\/product-category\/radiographie\/radiologie-numerique-dr\/"},{"@type":"ListItem","position":5,"name":"Vidisco VIDI 12, Syst\u00e8me DR Sans-Fil"}]},{"@type":"WebSite","@id":"https:\/\/www.qnde.ca\/#website","url":"https:\/\/www.qnde.ca\/","name":"Qualit\u00e9 NDE","description":"\u00c9quipements d&#039;essais non destructifs ","publisher":{"@id":"https:\/\/www.qnde.ca\/#organization"},"potentialAction":[{"@type":"SearchAction","target":{"@type":"EntryPoint","urlTemplate":"https:\/\/www.qnde.ca\/?s={search_term_string}"},"query-input":{"@type":"PropertyValueSpecification","valueRequired":true,"valueName":"search_term_string"}}],"inLanguage":"fr-FR"},{"@type":"Organization","@id":"https:\/\/www.qnde.ca\/#organization","name":"Quality NDT Ltd.","url":"https:\/\/www.qnde.ca\/","logo":{"@type":"ImageObject","inLanguage":"fr-FR","@id":"https:\/\/www.qnde.ca\/#\/schema\/logo\/image\/","url":"https:\/\/www.qnde.ca\/wp-content\/uploads\/2022\/02\/QNDE_logo_RGB-gif.gif","contentUrl":"https:\/\/www.qnde.ca\/wp-content\/uploads\/2022\/02\/QNDE_logo_RGB-gif.gif","width":250,"height":64,"caption":"Quality NDT Ltd."},"image":{"@id":"https:\/\/www.qnde.ca\/#\/schema\/logo\/image\/"},"sameAs":["https:\/\/www.linkedin.com\/company\/qnde\/about\/?viewAsMember=true"]}]}},"jetpack_sharing_enabled":true,"_links":{"self":[{"href":"https:\/\/www.qnde.ca\/fr\/wp-json\/wp\/v2\/product\/20068","targetHints":{"allow":["GET"]}}],"collection":[{"href":"https:\/\/www.qnde.ca\/fr\/wp-json\/wp\/v2\/product"}],"about":[{"href":"https:\/\/www.qnde.ca\/fr\/wp-json\/wp\/v2\/types\/product"}],"wp:featuredmedia":[{"embeddable":true,"href":"https:\/\/www.qnde.ca\/fr\/wp-json\/wp\/v2\/media\/20072"}],"wp:attachment":[{"href":"https:\/\/www.qnde.ca\/fr\/wp-json\/wp\/v2\/media?parent=20068"}],"wp:term":[{"taxonomy":"product_brand","embeddable":true,"href":"https:\/\/www.qnde.ca\/fr\/wp-json\/wp\/v2\/product_brand?post=20068"},{"taxonomy":"product_cat","embeddable":true,"href":"https:\/\/www.qnde.ca\/fr\/wp-json\/wp\/v2\/product_cat?post=20068"},{"taxonomy":"product_tag","embeddable":true,"href":"https:\/\/www.qnde.ca\/fr\/wp-json\/wp\/v2\/product_tag?post=20068"}],"curies":[{"name":"wp","href":"https:\/\/api.w.org\/{rel}","templated":true}]}}