{"id":20017,"date":"2021-06-17T11:42:19","date_gmt":"2021-06-17T15:42:19","guid":{"rendered":"https:\/\/www.qnde.ca\/?post_type=product&#038;p=20017"},"modified":"2022-11-09T11:57:14","modified_gmt":"2022-11-09T16:57:14","slug":"boroscope-semi-rigide-super-fin","status":"publish","type":"product","link":"https:\/\/www.qnde.ca\/fr\/produit\/boroscope-semi-rigide-super-fin\/","title":{"rendered":"Strahl Boroscope Semi-Rigide Super Fin"},"content":{"rendered":"<h3><strong>Strahl Boroscope Semi-Rigide Super Fin<\/strong><\/h3>\n<p>Boroscope semi-rigide de tr\u00e8s petit diam\u00e8tre qui peut \u00eatre l\u00e9g\u00e8rement fl\u00e9chi pour l\u2019inspection de surfaces et pi\u00e8ces usin\u00e9es par de tr\u00e8s petits trous d\u2019acc\u00e8s. Fait enti\u00e8rement de stainless, ils sont \u00e9tanches \u00e0 l\u2019eau et \u00e9quipp\u00e9 d\u2019un oculaire universel de 32mm. Ces boroscopes de construction allemande ont un champ de vision (FOV) de 45\u00b0 et sont disponible en diam\u00e8tre de 1.9mm (0.075&Prime;), avec une longueur utile \u00a0jusqu\u2019\u00e0 1200mm (47&Prime;).<\/p>\n<p>Le connecteur peut recevoir la plupart des sources lumineuses commerciales sur le march\u00e9 (ACMI, Storz, Olympus and Wolf).<\/p>\n<ul>\n<li>1.9&#215;508-0: Boroscope semi-rigide, 1.9mm (0.075&Prime;) de diam\u00e8tre x 508mm (20.0&Prime;) longueur utile \u2013 0\u00b0 DOV avec lumi\u00e8re\/manche LED de 107 lumens (3x batteries AAA).<\/li>\n<li>1.9&#215;900-0: Boroscope semi-rigide, 1.9mm (0.075&Prime;) de diam\u00e8tre x 900mm (35.5&Prime;) longueur utile \u2013 0\u00b0 DOV avec lumi\u00e8re\/manche LED de 107 lumens (3x batteries AAA).<\/li>\n<li>1.9&#215;1200-0: Boroscope semi-rigide, 1.9mm (0.075&Prime;) de diam\u00e8tre x 1200mm (47.25\u201d) longueur utile \u2013 0\u00b0 DOV avec lumi\u00e8re\/manche LED de 107 lumens (3x batteries AAA).<\/li>\n<\/ul>\n<h4><strong>Options<\/strong><\/h4>\n<ul>\n<li><a href=\"https:\/\/www.qnde.ca\/fr\/produit\/source-manche-led\/\">LHDLE<\/a>: Lumi\u00e8re\/manche LED, 107 lumens \u2013 temp\u00e9rature de couleur 5100K. Autonomie de 1.5 heures sur 3x batteries AAA.<\/li>\n<li>CAM: Cam\u00e9ra boroscope CCD Portative, (r\u00e9solution 1,300,000 pixel), avec \u00e9cran LCD couleur de 7&Prime;.<\/li>\n<\/ul>\n","protected":false},"excerpt":{"rendered":"<p>Strahl Boroscope Semi-Rigide Super Fin Boroscope semi-rigide de tr\u00e8s petit diam\u00e8tre qui peut \u00eatre l\u00e9g\u00e8rement fl\u00e9chi pour l\u2019inspection de surfaces et pi\u00e8ces usin\u00e9es par de tr\u00e8s petits trous d\u2019acc\u00e8s. Fait enti\u00e8rement de stainless, ils sont \u00e9tanches \u00e0 l\u2019eau et \u00e9quipp\u00e9 d\u2019un oculaire universel de 32mm. Ces boroscopes de construction allemande ont un champ de vision [&hellip;]<\/p>\n","protected":false},"featured_media":20030,"template":"","meta":{"_monsterinsights_skip_tracking":false,"_monsterinsights_sitenote_active":false,"_monsterinsights_sitenote_note":"","_monsterinsights_sitenote_category":0},"product_brand":[],"product_cat":[402,149],"product_tag":[],"class_list":{"0":"post-20017","1":"product","2":"type-product","3":"status-publish","4":"has-post-thumbnail","6":"product_cat-autres-marques","7":"product_cat-boroscopes-rigides","9":"first","10":"instock","11":"shipping-taxable","12":"purchasable","13":"product-type-variable"},"yoast_head":"<!-- This site is optimized with the Yoast SEO plugin v23.9 - https:\/\/yoast.com\/wordpress\/plugins\/seo\/ -->\n<title>Strahl Boroscope Semi-Rigide Super Fin &#060; Qualit\u00e9 NDE<\/title>\n<meta name=\"description\" content=\"Boroscope semi-rigide de tr\u00e8s petit diam\u00e8tre pour l\u2019inspection de surfaces et pi\u00e8ces usin\u00e9es par de tr\u00e8s petits trous d\u2019acc\u00e8s.\" \/>\n<meta name=\"robots\" content=\"index, follow, max-snippet:-1, max-image-preview:large, max-video-preview:-1\" \/>\n<link rel=\"canonical\" href=\"https:\/\/www.qnde.ca\/fr\/produit\/boroscope-semi-rigide-super-fin\/\" \/>\n<meta name=\"twitter:label1\" content=\"Dur\u00e9e de lecture estim\u00e9e\" \/>\n\t<meta name=\"twitter:data1\" content=\"1 minute\" \/>\n<script type=\"application\/ld+json\" class=\"yoast-schema-graph\">{\"@context\":\"https:\/\/schema.org\",\"@graph\":[{\"@type\":[\"WebPage\",\"ItemPage\"],\"@id\":\"https:\/\/www.qnde.ca\/fr\/produit\/boroscope-semi-rigide-super-fin\/\",\"url\":\"https:\/\/www.qnde.ca\/fr\/produit\/boroscope-semi-rigide-super-fin\/\",\"name\":\"Strahl Boroscope Semi-Rigide Super Fin &#060; Qualit\u00e9 NDE\",\"isPartOf\":{\"@id\":\"https:\/\/www.qnde.ca\/#website\"},\"primaryImageOfPage\":{\"@id\":\"https:\/\/www.qnde.ca\/fr\/produit\/boroscope-semi-rigide-super-fin\/#primaryimage\"},\"image\":{\"@id\":\"https:\/\/www.qnde.ca\/fr\/produit\/boroscope-semi-rigide-super-fin\/#primaryimage\"},\"thumbnailUrl\":\"https:\/\/www.qnde.ca\/wp-content\/uploads\/2021\/06\/Semi-Rigid-Boroscope-1.9mm-0.075-in-diameter-x-508mm-20.0-working-length-\u2013-0\u00b0-DOV-with-LED-light-handle-\u2013-Item-1.9x808-0.jpg\",\"datePublished\":\"2021-06-17T15:42:19+00:00\",\"dateModified\":\"2022-11-09T16:57:14+00:00\",\"description\":\"Boroscope semi-rigide de tr\u00e8s petit diam\u00e8tre pour l\u2019inspection de surfaces et pi\u00e8ces usin\u00e9es par de tr\u00e8s petits trous d\u2019acc\u00e8s.\",\"breadcrumb\":{\"@id\":\"https:\/\/www.qnde.ca\/fr\/produit\/boroscope-semi-rigide-super-fin\/#breadcrumb\"},\"inLanguage\":\"fr-FR\",\"potentialAction\":[{\"@type\":\"ReadAction\",\"target\":[\"https:\/\/www.qnde.ca\/fr\/produit\/boroscope-semi-rigide-super-fin\/\"]}]},{\"@type\":\"ImageObject\",\"inLanguage\":\"fr-FR\",\"@id\":\"https:\/\/www.qnde.ca\/fr\/produit\/boroscope-semi-rigide-super-fin\/#primaryimage\",\"url\":\"https:\/\/www.qnde.ca\/wp-content\/uploads\/2021\/06\/Semi-Rigid-Boroscope-1.9mm-0.075-in-diameter-x-508mm-20.0-working-length-\u2013-0\u00b0-DOV-with-LED-light-handle-\u2013-Item-1.9x808-0.jpg\",\"contentUrl\":\"https:\/\/www.qnde.ca\/wp-content\/uploads\/2021\/06\/Semi-Rigid-Boroscope-1.9mm-0.075-in-diameter-x-508mm-20.0-working-length-\u2013-0\u00b0-DOV-with-LED-light-handle-\u2013-Item-1.9x808-0.jpg\",\"width\":700,\"height\":700,\"caption\":\"Semi-Rigid Boroscope, 1.9mm (0.075\u201d) in diameter x 508mm (20.0\u201d) working length \u2013 0\u00b0 DOV with LED light handle \u2013 Item 1.9x808-0\"},{\"@type\":\"BreadcrumbList\",\"@id\":\"https:\/\/www.qnde.ca\/fr\/produit\/boroscope-semi-rigide-super-fin\/#breadcrumb\",\"itemListElement\":[{\"@type\":\"ListItem\",\"position\":1,\"name\":\"Accueil\",\"item\":\"https:\/\/www.qnde.ca\/fr\/\"},{\"@type\":\"ListItem\",\"position\":2,\"name\":\"Produits\",\"item\":\"https:\/\/www.qnde.ca\/fr\/produits\/\"},{\"@type\":\"ListItem\",\"position\":3,\"name\":\"Visuel\",\"item\":\"https:\/\/www.qnde.ca\/fr\/product-category\/visuel\/\"},{\"@type\":\"ListItem\",\"position\":4,\"name\":\"Boroscopes Rigides\",\"item\":\"https:\/\/www.qnde.ca\/fr\/product-category\/visuel\/boroscopes-rigides\/\"},{\"@type\":\"ListItem\",\"position\":5,\"name\":\"Strahl Boroscope Semi-Rigide Super Fin\"}]},{\"@type\":\"WebSite\",\"@id\":\"https:\/\/www.qnde.ca\/#website\",\"url\":\"https:\/\/www.qnde.ca\/\",\"name\":\"Qualit\u00e9 NDE\",\"description\":\"\u00c9quipements d&#039;essais non destructifs \",\"publisher\":{\"@id\":\"https:\/\/www.qnde.ca\/#organization\"},\"potentialAction\":[{\"@type\":\"SearchAction\",\"target\":{\"@type\":\"EntryPoint\",\"urlTemplate\":\"https:\/\/www.qnde.ca\/?s={search_term_string}\"},\"query-input\":{\"@type\":\"PropertyValueSpecification\",\"valueRequired\":true,\"valueName\":\"search_term_string\"}}],\"inLanguage\":\"fr-FR\"},{\"@type\":\"Organization\",\"@id\":\"https:\/\/www.qnde.ca\/#organization\",\"name\":\"Quality NDT Ltd.\",\"url\":\"https:\/\/www.qnde.ca\/\",\"logo\":{\"@type\":\"ImageObject\",\"inLanguage\":\"fr-FR\",\"@id\":\"https:\/\/www.qnde.ca\/#\/schema\/logo\/image\/\",\"url\":\"https:\/\/www.qnde.ca\/wp-content\/uploads\/2022\/02\/QNDE_logo_RGB-gif.gif\",\"contentUrl\":\"https:\/\/www.qnde.ca\/wp-content\/uploads\/2022\/02\/QNDE_logo_RGB-gif.gif\",\"width\":250,\"height\":64,\"caption\":\"Quality NDT Ltd.\"},\"image\":{\"@id\":\"https:\/\/www.qnde.ca\/#\/schema\/logo\/image\/\"},\"sameAs\":[\"https:\/\/www.linkedin.com\/company\/qnde\/about\/?viewAsMember=true\"]}]}<\/script>\n<!-- \/ Yoast SEO plugin. -->","yoast_head_json":{"title":"Strahl Boroscope Semi-Rigide Super Fin &#060; Qualit\u00e9 NDE","description":"Boroscope semi-rigide de tr\u00e8s petit diam\u00e8tre pour l\u2019inspection de surfaces et pi\u00e8ces usin\u00e9es par de tr\u00e8s petits trous d\u2019acc\u00e8s.","robots":{"index":"index","follow":"follow","max-snippet":"max-snippet:-1","max-image-preview":"max-image-preview:large","max-video-preview":"max-video-preview:-1"},"canonical":"https:\/\/www.qnde.ca\/fr\/produit\/boroscope-semi-rigide-super-fin\/","twitter_misc":{"Dur\u00e9e de lecture estim\u00e9e":"1 minute"},"schema":{"@context":"https:\/\/schema.org","@graph":[{"@type":["WebPage","ItemPage"],"@id":"https:\/\/www.qnde.ca\/fr\/produit\/boroscope-semi-rigide-super-fin\/","url":"https:\/\/www.qnde.ca\/fr\/produit\/boroscope-semi-rigide-super-fin\/","name":"Strahl Boroscope Semi-Rigide Super Fin &#060; Qualit\u00e9 NDE","isPartOf":{"@id":"https:\/\/www.qnde.ca\/#website"},"primaryImageOfPage":{"@id":"https:\/\/www.qnde.ca\/fr\/produit\/boroscope-semi-rigide-super-fin\/#primaryimage"},"image":{"@id":"https:\/\/www.qnde.ca\/fr\/produit\/boroscope-semi-rigide-super-fin\/#primaryimage"},"thumbnailUrl":"https:\/\/www.qnde.ca\/wp-content\/uploads\/2021\/06\/Semi-Rigid-Boroscope-1.9mm-0.075-in-diameter-x-508mm-20.0-working-length-\u2013-0\u00b0-DOV-with-LED-light-handle-\u2013-Item-1.9x808-0.jpg","datePublished":"2021-06-17T15:42:19+00:00","dateModified":"2022-11-09T16:57:14+00:00","description":"Boroscope semi-rigide de tr\u00e8s petit diam\u00e8tre pour l\u2019inspection de surfaces et pi\u00e8ces usin\u00e9es par de tr\u00e8s petits trous d\u2019acc\u00e8s.","breadcrumb":{"@id":"https:\/\/www.qnde.ca\/fr\/produit\/boroscope-semi-rigide-super-fin\/#breadcrumb"},"inLanguage":"fr-FR","potentialAction":[{"@type":"ReadAction","target":["https:\/\/www.qnde.ca\/fr\/produit\/boroscope-semi-rigide-super-fin\/"]}]},{"@type":"ImageObject","inLanguage":"fr-FR","@id":"https:\/\/www.qnde.ca\/fr\/produit\/boroscope-semi-rigide-super-fin\/#primaryimage","url":"https:\/\/www.qnde.ca\/wp-content\/uploads\/2021\/06\/Semi-Rigid-Boroscope-1.9mm-0.075-in-diameter-x-508mm-20.0-working-length-\u2013-0\u00b0-DOV-with-LED-light-handle-\u2013-Item-1.9x808-0.jpg","contentUrl":"https:\/\/www.qnde.ca\/wp-content\/uploads\/2021\/06\/Semi-Rigid-Boroscope-1.9mm-0.075-in-diameter-x-508mm-20.0-working-length-\u2013-0\u00b0-DOV-with-LED-light-handle-\u2013-Item-1.9x808-0.jpg","width":700,"height":700,"caption":"Semi-Rigid Boroscope, 1.9mm (0.075\u201d) in diameter x 508mm (20.0\u201d) working length \u2013 0\u00b0 DOV with LED light handle \u2013 Item 1.9x808-0"},{"@type":"BreadcrumbList","@id":"https:\/\/www.qnde.ca\/fr\/produit\/boroscope-semi-rigide-super-fin\/#breadcrumb","itemListElement":[{"@type":"ListItem","position":1,"name":"Accueil","item":"https:\/\/www.qnde.ca\/fr\/"},{"@type":"ListItem","position":2,"name":"Produits","item":"https:\/\/www.qnde.ca\/fr\/produits\/"},{"@type":"ListItem","position":3,"name":"Visuel","item":"https:\/\/www.qnde.ca\/fr\/product-category\/visuel\/"},{"@type":"ListItem","position":4,"name":"Boroscopes Rigides","item":"https:\/\/www.qnde.ca\/fr\/product-category\/visuel\/boroscopes-rigides\/"},{"@type":"ListItem","position":5,"name":"Strahl Boroscope Semi-Rigide Super Fin"}]},{"@type":"WebSite","@id":"https:\/\/www.qnde.ca\/#website","url":"https:\/\/www.qnde.ca\/","name":"Qualit\u00e9 NDE","description":"\u00c9quipements d&#039;essais non destructifs ","publisher":{"@id":"https:\/\/www.qnde.ca\/#organization"},"potentialAction":[{"@type":"SearchAction","target":{"@type":"EntryPoint","urlTemplate":"https:\/\/www.qnde.ca\/?s={search_term_string}"},"query-input":{"@type":"PropertyValueSpecification","valueRequired":true,"valueName":"search_term_string"}}],"inLanguage":"fr-FR"},{"@type":"Organization","@id":"https:\/\/www.qnde.ca\/#organization","name":"Quality NDT Ltd.","url":"https:\/\/www.qnde.ca\/","logo":{"@type":"ImageObject","inLanguage":"fr-FR","@id":"https:\/\/www.qnde.ca\/#\/schema\/logo\/image\/","url":"https:\/\/www.qnde.ca\/wp-content\/uploads\/2022\/02\/QNDE_logo_RGB-gif.gif","contentUrl":"https:\/\/www.qnde.ca\/wp-content\/uploads\/2022\/02\/QNDE_logo_RGB-gif.gif","width":250,"height":64,"caption":"Quality NDT Ltd."},"image":{"@id":"https:\/\/www.qnde.ca\/#\/schema\/logo\/image\/"},"sameAs":["https:\/\/www.linkedin.com\/company\/qnde\/about\/?viewAsMember=true"]}]}},"jetpack_sharing_enabled":true,"_links":{"self":[{"href":"https:\/\/www.qnde.ca\/fr\/wp-json\/wp\/v2\/product\/20017","targetHints":{"allow":["GET"]}}],"collection":[{"href":"https:\/\/www.qnde.ca\/fr\/wp-json\/wp\/v2\/product"}],"about":[{"href":"https:\/\/www.qnde.ca\/fr\/wp-json\/wp\/v2\/types\/product"}],"wp:featuredmedia":[{"embeddable":true,"href":"https:\/\/www.qnde.ca\/fr\/wp-json\/wp\/v2\/media\/20030"}],"wp:attachment":[{"href":"https:\/\/www.qnde.ca\/fr\/wp-json\/wp\/v2\/media?parent=20017"}],"wp:term":[{"taxonomy":"product_brand","embeddable":true,"href":"https:\/\/www.qnde.ca\/fr\/wp-json\/wp\/v2\/product_brand?post=20017"},{"taxonomy":"product_cat","embeddable":true,"href":"https:\/\/www.qnde.ca\/fr\/wp-json\/wp\/v2\/product_cat?post=20017"},{"taxonomy":"product_tag","embeddable":true,"href":"https:\/\/www.qnde.ca\/fr\/wp-json\/wp\/v2\/product_tag?post=20017"}],"curies":[{"name":"wp","href":"https:\/\/api.w.org\/{rel}","templated":true}]}}