{"id":19976,"date":"2021-06-17T11:06:49","date_gmt":"2021-06-17T15:06:49","guid":{"rendered":"https:\/\/www.qnde.ca\/?post_type=product&#038;p=19976"},"modified":"2022-11-09T11:56:34","modified_gmt":"2022-11-09T16:56:34","slug":"boroscope-rigide-modulaire","status":"publish","type":"product","link":"https:\/\/www.qnde.ca\/fr\/produit\/boroscope-rigide-modulaire\/","title":{"rendered":"IT Concepts Boroscope Rigide Modulaire avec Tube d\u2019Insertion Rotatif"},"content":{"rendered":"<h3><strong>IT Concepts Boroscope Rigide Modulaire avec Tube d\u2019Insertion Rotatif<\/strong><\/h3>\n<p>Cette s\u00e9rie de boroscopes poss\u00e8de un tube d\u2019insertion rotatif 360\u00b0 interchangeable, avec une direction de vue de 0\u00b0, 30\u00b0, 70\u00b0 ou 90\u00b0 ce qui procure une grande libert\u00e9 d\u2019inspection sans avoir \u00e0 bouger le boroscope lui-m\u00eame. Ces appareils de construction allemande ont un champ de vision (FOV) de 80\u00b0 et un diam\u00e8tre de 4.4mm (0.175&Prime;) pour une longueur utile \u00a0de 278mm (11.0&Prime;). Bague de mise au point sur l&rsquo;oculaire.<\/p>\n<p>Le connecteur peut recevoir la plupart des sources lumineuses commerciales sur le march\u00e9 (ACMI, Storz, Olympus and Wolf).<\/p>\n<h4><strong>4&#215;278<\/strong><\/h4>\n<ul>\n<li>4&#215;278-0: Boroscope rigide modulaire avec tube d\u2019insertion rotatif, 4.4mm (0.175&Prime;) de diam\u00e8tre x 278mm (11.0&Prime;) longueur utile \u2013 0\u00b0 DOV.<\/li>\n<li>4&#215;278-30: Boroscope rigide modulaire avec tube d\u2019insertion rotatif, 4.4mm (0.175&Prime;) de diam\u00e8tre x 278mm (11.0&Prime;) longueur utile \u2013 30\u00b0 DOV.<\/li>\n<li>4&#215;278-70: Boroscope rigide modulaire avec tube d\u2019insertion rotatif, 4.4mm (0.175&Prime;) de diam\u00e8tre x 278mm (11.0&Prime;) longueur utile \u2013 70\u00b0 DOV.<\/li>\n<li>4&#215;278-90: Boroscope rigide modulaire avec tube d\u2019insertion rotatif, 4.4mm (0.175&Prime;) de diam\u00e8tre x 278mm (11.0&Prime;) longueur utile \u2013 90\u00b0 DOV.<\/li>\n<\/ul>\n<h4><strong>Options<\/strong><\/h4>\n<ul>\n<li><a href=\"https:\/\/www.qnde.ca\/fr\/produit\/source-manche-led\/\">LHDLE<\/a>: Lumi\u00e8re\/manche LED, 107 lumens \u2013 temp\u00e9rature de couleur 5100K. Autonomie de 1.5 heures sur 3x batteries AAA.<\/li>\n<li>CAM: Cam\u00e9ra boroscope CCD Portative, (r\u00e9solution 1,300,000 pixel), avec \u00e9cran LCD couleur de 7&Prime;.<\/li>\n<\/ul>\n","protected":false},"excerpt":{"rendered":"<p>IT Concepts Boroscope Rigide Modulaire avec Tube d\u2019Insertion Rotatif Cette s\u00e9rie de boroscopes poss\u00e8de un tube d\u2019insertion rotatif 360\u00b0 interchangeable, avec une direction de vue de 0\u00b0, 30\u00b0, 70\u00b0 ou 90\u00b0 ce qui procure une grande libert\u00e9 d\u2019inspection sans avoir \u00e0 bouger le boroscope lui-m\u00eame. Ces appareils de construction allemande ont un champ de vision [&hellip;]<\/p>\n","protected":false},"featured_media":19994,"template":"","meta":{"_monsterinsights_skip_tracking":false,"_monsterinsights_sitenote_active":false,"_monsterinsights_sitenote_note":"","_monsterinsights_sitenote_category":0},"product_brand":[],"product_cat":[402,149],"product_tag":[],"class_list":{"0":"post-19976","1":"product","2":"type-product","3":"status-publish","4":"has-post-thumbnail","6":"product_cat-autres-marques","7":"product_cat-boroscopes-rigides","9":"first","10":"instock","11":"shipping-taxable","12":"purchasable","13":"product-type-variable"},"yoast_head":"<!-- This site is optimized with the Yoast SEO plugin v23.9 - https:\/\/yoast.com\/wordpress\/plugins\/seo\/ -->\n<title>IT Concepts Boroscope Rigide Modulaire avec Tube d\u2019Insertion Rotatif &#060; Qualit\u00e9 NDE<\/title>\n<meta name=\"description\" content=\"Boroscopes avec tube d\u2019insertion rotatif 360\u00b0 interchangeable, DOV 0\u00b0, 30\u00b0, 70\u00b0 ou 90\u00b0 pour grande libert\u00e9 d\u2019inspection sans avoir \u00e0 bouger le boroscope.\" \/>\n<meta name=\"robots\" content=\"index, follow, max-snippet:-1, max-image-preview:large, max-video-preview:-1\" \/>\n<link rel=\"canonical\" href=\"https:\/\/www.qnde.ca\/fr\/produit\/boroscope-rigide-modulaire\/\" \/>\n<meta name=\"twitter:label1\" content=\"Dur\u00e9e de lecture estim\u00e9e\" \/>\n\t<meta name=\"twitter:data1\" content=\"1 minute\" \/>\n<script type=\"application\/ld+json\" class=\"yoast-schema-graph\">{\"@context\":\"https:\/\/schema.org\",\"@graph\":[{\"@type\":[\"WebPage\",\"ItemPage\"],\"@id\":\"https:\/\/www.qnde.ca\/fr\/produit\/boroscope-rigide-modulaire\/\",\"url\":\"https:\/\/www.qnde.ca\/fr\/produit\/boroscope-rigide-modulaire\/\",\"name\":\"IT Concepts Boroscope Rigide Modulaire avec Tube d\u2019Insertion Rotatif &#060; Qualit\u00e9 NDE\",\"isPartOf\":{\"@id\":\"https:\/\/www.qnde.ca\/#website\"},\"primaryImageOfPage\":{\"@id\":\"https:\/\/www.qnde.ca\/fr\/produit\/boroscope-rigide-modulaire\/#primaryimage\"},\"image\":{\"@id\":\"https:\/\/www.qnde.ca\/fr\/produit\/boroscope-rigide-modulaire\/#primaryimage\"},\"thumbnailUrl\":\"https:\/\/www.qnde.ca\/wp-content\/uploads\/2021\/06\/Modular-Rigid-Boroscope-with-rotatable-sleeve-4.4mm-0.175-in-diameter-x-278mm-11.0-working-length-\u2013-0\u00b0-DOV-\u2013-Item-4.4x278-30-shown-with-optional-with-optional-LHDLE-LED-light-handle.jpg\",\"datePublished\":\"2021-06-17T15:06:49+00:00\",\"dateModified\":\"2022-11-09T16:56:34+00:00\",\"description\":\"Boroscopes avec tube d\u2019insertion rotatif 360\u00b0 interchangeable, DOV 0\u00b0, 30\u00b0, 70\u00b0 ou 90\u00b0 pour grande libert\u00e9 d\u2019inspection sans avoir \u00e0 bouger le boroscope.\",\"breadcrumb\":{\"@id\":\"https:\/\/www.qnde.ca\/fr\/produit\/boroscope-rigide-modulaire\/#breadcrumb\"},\"inLanguage\":\"fr-FR\",\"potentialAction\":[{\"@type\":\"ReadAction\",\"target\":[\"https:\/\/www.qnde.ca\/fr\/produit\/boroscope-rigide-modulaire\/\"]}]},{\"@type\":\"ImageObject\",\"inLanguage\":\"fr-FR\",\"@id\":\"https:\/\/www.qnde.ca\/fr\/produit\/boroscope-rigide-modulaire\/#primaryimage\",\"url\":\"https:\/\/www.qnde.ca\/wp-content\/uploads\/2021\/06\/Modular-Rigid-Boroscope-with-rotatable-sleeve-4.4mm-0.175-in-diameter-x-278mm-11.0-working-length-\u2013-0\u00b0-DOV-\u2013-Item-4.4x278-30-shown-with-optional-with-optional-LHDLE-LED-light-handle.jpg\",\"contentUrl\":\"https:\/\/www.qnde.ca\/wp-content\/uploads\/2021\/06\/Modular-Rigid-Boroscope-with-rotatable-sleeve-4.4mm-0.175-in-diameter-x-278mm-11.0-working-length-\u2013-0\u00b0-DOV-\u2013-Item-4.4x278-30-shown-with-optional-with-optional-LHDLE-LED-light-handle.jpg\",\"width\":700,\"height\":700,\"caption\":\"Modular Rigid Boroscope with rotatable sleeve, 4.4mm (0.175\u201d) in diameter x 278mm (11.0\u201d) working length \u2013 0\u00b0 DOV \u2013 Item 4.4x278-30 shown with optional with optional LHDLE LED light handle\"},{\"@type\":\"BreadcrumbList\",\"@id\":\"https:\/\/www.qnde.ca\/fr\/produit\/boroscope-rigide-modulaire\/#breadcrumb\",\"itemListElement\":[{\"@type\":\"ListItem\",\"position\":1,\"name\":\"Accueil\",\"item\":\"https:\/\/www.qnde.ca\/fr\/\"},{\"@type\":\"ListItem\",\"position\":2,\"name\":\"Produits\",\"item\":\"https:\/\/www.qnde.ca\/fr\/produits\/\"},{\"@type\":\"ListItem\",\"position\":3,\"name\":\"Visuel\",\"item\":\"https:\/\/www.qnde.ca\/fr\/product-category\/visuel\/\"},{\"@type\":\"ListItem\",\"position\":4,\"name\":\"Boroscopes Rigides\",\"item\":\"https:\/\/www.qnde.ca\/fr\/product-category\/visuel\/boroscopes-rigides\/\"},{\"@type\":\"ListItem\",\"position\":5,\"name\":\"IT Concepts Boroscope Rigide Modulaire avec Tube d\u2019Insertion Rotatif\"}]},{\"@type\":\"WebSite\",\"@id\":\"https:\/\/www.qnde.ca\/#website\",\"url\":\"https:\/\/www.qnde.ca\/\",\"name\":\"Qualit\u00e9 NDE\",\"description\":\"\u00c9quipements d&#039;essais non destructifs \",\"publisher\":{\"@id\":\"https:\/\/www.qnde.ca\/#organization\"},\"potentialAction\":[{\"@type\":\"SearchAction\",\"target\":{\"@type\":\"EntryPoint\",\"urlTemplate\":\"https:\/\/www.qnde.ca\/?s={search_term_string}\"},\"query-input\":{\"@type\":\"PropertyValueSpecification\",\"valueRequired\":true,\"valueName\":\"search_term_string\"}}],\"inLanguage\":\"fr-FR\"},{\"@type\":\"Organization\",\"@id\":\"https:\/\/www.qnde.ca\/#organization\",\"name\":\"Quality NDT Ltd.\",\"url\":\"https:\/\/www.qnde.ca\/\",\"logo\":{\"@type\":\"ImageObject\",\"inLanguage\":\"fr-FR\",\"@id\":\"https:\/\/www.qnde.ca\/#\/schema\/logo\/image\/\",\"url\":\"https:\/\/www.qnde.ca\/wp-content\/uploads\/2022\/02\/QNDE_logo_RGB-gif.gif\",\"contentUrl\":\"https:\/\/www.qnde.ca\/wp-content\/uploads\/2022\/02\/QNDE_logo_RGB-gif.gif\",\"width\":250,\"height\":64,\"caption\":\"Quality NDT Ltd.\"},\"image\":{\"@id\":\"https:\/\/www.qnde.ca\/#\/schema\/logo\/image\/\"},\"sameAs\":[\"https:\/\/www.linkedin.com\/company\/qnde\/about\/?viewAsMember=true\"]}]}<\/script>\n<!-- \/ Yoast SEO plugin. -->","yoast_head_json":{"title":"IT Concepts Boroscope Rigide Modulaire avec Tube d\u2019Insertion Rotatif &#060; Qualit\u00e9 NDE","description":"Boroscopes avec tube d\u2019insertion rotatif 360\u00b0 interchangeable, DOV 0\u00b0, 30\u00b0, 70\u00b0 ou 90\u00b0 pour grande libert\u00e9 d\u2019inspection sans avoir \u00e0 bouger le boroscope.","robots":{"index":"index","follow":"follow","max-snippet":"max-snippet:-1","max-image-preview":"max-image-preview:large","max-video-preview":"max-video-preview:-1"},"canonical":"https:\/\/www.qnde.ca\/fr\/produit\/boroscope-rigide-modulaire\/","twitter_misc":{"Dur\u00e9e de lecture estim\u00e9e":"1 minute"},"schema":{"@context":"https:\/\/schema.org","@graph":[{"@type":["WebPage","ItemPage"],"@id":"https:\/\/www.qnde.ca\/fr\/produit\/boroscope-rigide-modulaire\/","url":"https:\/\/www.qnde.ca\/fr\/produit\/boroscope-rigide-modulaire\/","name":"IT Concepts Boroscope Rigide Modulaire avec Tube d\u2019Insertion Rotatif &#060; Qualit\u00e9 NDE","isPartOf":{"@id":"https:\/\/www.qnde.ca\/#website"},"primaryImageOfPage":{"@id":"https:\/\/www.qnde.ca\/fr\/produit\/boroscope-rigide-modulaire\/#primaryimage"},"image":{"@id":"https:\/\/www.qnde.ca\/fr\/produit\/boroscope-rigide-modulaire\/#primaryimage"},"thumbnailUrl":"https:\/\/www.qnde.ca\/wp-content\/uploads\/2021\/06\/Modular-Rigid-Boroscope-with-rotatable-sleeve-4.4mm-0.175-in-diameter-x-278mm-11.0-working-length-\u2013-0\u00b0-DOV-\u2013-Item-4.4x278-30-shown-with-optional-with-optional-LHDLE-LED-light-handle.jpg","datePublished":"2021-06-17T15:06:49+00:00","dateModified":"2022-11-09T16:56:34+00:00","description":"Boroscopes avec tube d\u2019insertion rotatif 360\u00b0 interchangeable, DOV 0\u00b0, 30\u00b0, 70\u00b0 ou 90\u00b0 pour grande libert\u00e9 d\u2019inspection sans avoir \u00e0 bouger le boroscope.","breadcrumb":{"@id":"https:\/\/www.qnde.ca\/fr\/produit\/boroscope-rigide-modulaire\/#breadcrumb"},"inLanguage":"fr-FR","potentialAction":[{"@type":"ReadAction","target":["https:\/\/www.qnde.ca\/fr\/produit\/boroscope-rigide-modulaire\/"]}]},{"@type":"ImageObject","inLanguage":"fr-FR","@id":"https:\/\/www.qnde.ca\/fr\/produit\/boroscope-rigide-modulaire\/#primaryimage","url":"https:\/\/www.qnde.ca\/wp-content\/uploads\/2021\/06\/Modular-Rigid-Boroscope-with-rotatable-sleeve-4.4mm-0.175-in-diameter-x-278mm-11.0-working-length-\u2013-0\u00b0-DOV-\u2013-Item-4.4x278-30-shown-with-optional-with-optional-LHDLE-LED-light-handle.jpg","contentUrl":"https:\/\/www.qnde.ca\/wp-content\/uploads\/2021\/06\/Modular-Rigid-Boroscope-with-rotatable-sleeve-4.4mm-0.175-in-diameter-x-278mm-11.0-working-length-\u2013-0\u00b0-DOV-\u2013-Item-4.4x278-30-shown-with-optional-with-optional-LHDLE-LED-light-handle.jpg","width":700,"height":700,"caption":"Modular Rigid Boroscope with rotatable sleeve, 4.4mm (0.175\u201d) in diameter x 278mm (11.0\u201d) working length \u2013 0\u00b0 DOV \u2013 Item 4.4x278-30 shown with optional with optional LHDLE LED light handle"},{"@type":"BreadcrumbList","@id":"https:\/\/www.qnde.ca\/fr\/produit\/boroscope-rigide-modulaire\/#breadcrumb","itemListElement":[{"@type":"ListItem","position":1,"name":"Accueil","item":"https:\/\/www.qnde.ca\/fr\/"},{"@type":"ListItem","position":2,"name":"Produits","item":"https:\/\/www.qnde.ca\/fr\/produits\/"},{"@type":"ListItem","position":3,"name":"Visuel","item":"https:\/\/www.qnde.ca\/fr\/product-category\/visuel\/"},{"@type":"ListItem","position":4,"name":"Boroscopes Rigides","item":"https:\/\/www.qnde.ca\/fr\/product-category\/visuel\/boroscopes-rigides\/"},{"@type":"ListItem","position":5,"name":"IT Concepts Boroscope Rigide Modulaire avec Tube d\u2019Insertion Rotatif"}]},{"@type":"WebSite","@id":"https:\/\/www.qnde.ca\/#website","url":"https:\/\/www.qnde.ca\/","name":"Qualit\u00e9 NDE","description":"\u00c9quipements d&#039;essais non destructifs ","publisher":{"@id":"https:\/\/www.qnde.ca\/#organization"},"potentialAction":[{"@type":"SearchAction","target":{"@type":"EntryPoint","urlTemplate":"https:\/\/www.qnde.ca\/?s={search_term_string}"},"query-input":{"@type":"PropertyValueSpecification","valueRequired":true,"valueName":"search_term_string"}}],"inLanguage":"fr-FR"},{"@type":"Organization","@id":"https:\/\/www.qnde.ca\/#organization","name":"Quality NDT Ltd.","url":"https:\/\/www.qnde.ca\/","logo":{"@type":"ImageObject","inLanguage":"fr-FR","@id":"https:\/\/www.qnde.ca\/#\/schema\/logo\/image\/","url":"https:\/\/www.qnde.ca\/wp-content\/uploads\/2022\/02\/QNDE_logo_RGB-gif.gif","contentUrl":"https:\/\/www.qnde.ca\/wp-content\/uploads\/2022\/02\/QNDE_logo_RGB-gif.gif","width":250,"height":64,"caption":"Quality NDT Ltd."},"image":{"@id":"https:\/\/www.qnde.ca\/#\/schema\/logo\/image\/"},"sameAs":["https:\/\/www.linkedin.com\/company\/qnde\/about\/?viewAsMember=true"]}]}},"jetpack_sharing_enabled":true,"_links":{"self":[{"href":"https:\/\/www.qnde.ca\/fr\/wp-json\/wp\/v2\/product\/19976","targetHints":{"allow":["GET"]}}],"collection":[{"href":"https:\/\/www.qnde.ca\/fr\/wp-json\/wp\/v2\/product"}],"about":[{"href":"https:\/\/www.qnde.ca\/fr\/wp-json\/wp\/v2\/types\/product"}],"wp:featuredmedia":[{"embeddable":true,"href":"https:\/\/www.qnde.ca\/fr\/wp-json\/wp\/v2\/media\/19994"}],"wp:attachment":[{"href":"https:\/\/www.qnde.ca\/fr\/wp-json\/wp\/v2\/media?parent=19976"}],"wp:term":[{"taxonomy":"product_brand","embeddable":true,"href":"https:\/\/www.qnde.ca\/fr\/wp-json\/wp\/v2\/product_brand?post=19976"},{"taxonomy":"product_cat","embeddable":true,"href":"https:\/\/www.qnde.ca\/fr\/wp-json\/wp\/v2\/product_cat?post=19976"},{"taxonomy":"product_tag","embeddable":true,"href":"https:\/\/www.qnde.ca\/fr\/wp-json\/wp\/v2\/product_tag?post=19976"}],"curies":[{"name":"wp","href":"https:\/\/api.w.org\/{rel}","templated":true}]}}