{"id":19850,"date":"2021-06-17T09:43:47","date_gmt":"2021-06-17T13:43:47","guid":{"rendered":"https:\/\/www.qnde.ca\/?post_type=product&#038;p=19850"},"modified":"2022-11-09T11:56:12","modified_gmt":"2022-11-09T16:56:12","slug":"boroscope-rigide-fr","status":"publish","type":"product","link":"https:\/\/www.qnde.ca\/fr\/produit\/boroscope-rigide-fr\/","title":{"rendered":"QNDE Boroscope Rigide"},"content":{"rendered":"<h3><strong>QNDE Boroscope Rigide<\/strong><\/h3>\n<p>Les boroscopes rigides procurent une r\u00e9solution significativement plus \u00e9lev\u00e9 que les fibroscopes et vid\u00e9oscopes \u00e0 des prix beaucoup plus bas. Fait enti\u00e8rement de stainless, ils sont \u00e9tanches \u00e0 l\u2019eau et \u00e9quipp\u00e9s d\u2019un oculaire universel de 32mm. Ces boroscopes de construction allemande ont un champ de vision (FOV) de 55\u00b0 et sont disponible en diam\u00e8tres de (2.7mm, 3.0mm, 4.0mm, 5.0mm et 6.0mm) (0.11&Prime;, 0.12&Prime;, 0.16&Prime;, 0.19&Prime; et 0.20&Prime;), avec une longueur utile allant jusqu\u2019\u00e0 600mm (23.6&Prime;) et direction de vue (DOV) de 0\u00b0, 30\u00b0, 70\u00b0, 90\u00b0 ou 110\u00b0.<\/p>\n<p>Le connecteur peut recevoir la plupart des sources lumineuses commerciales sur le march\u00e9 (ACMI, Storz, Olympus and Wolf).<\/p>\n<h4><strong>2.7&#215;175<\/strong><\/h4>\n<ul>\n<li>2.7&#215;175-0: Boroscope rigide, 2.7mm (0.11&Prime;) de diam\u00e8tre x 175mm (6.88&Prime;) longueur utile \u2013 0\u00b0 DOV avec lumi\u00e8re\/manche LED de 107 lumens (3x batteries AAA).<\/li>\n<li>2.7&#215;175-30: Boroscope rigide, 2.7mm (0.11&Prime;) de diam\u00e8tre x 175mm (6.88&Prime;) longueur utile \u2013 30\u00b0 DOV avec lumi\u00e8re\/manche LED de 107 lumens (3x batteries AAA).<\/li>\n<li>2.7&#215;175-70: Boroscope rigide, 2.7mm (0.11&Prime;) de diam\u00e8tre x 175mm (6.88&Prime;) longueur utile \u2013 70\u00b0 DOV avec lumi\u00e8re\/manche LED de 107 lumens (3x batteries AAA).<\/li>\n<\/ul>\n<h4><strong>3.0&#215;302<\/strong><\/h4>\n<ul>\n<li>3.0&#215;302-0: Boroscope rigide, 3.0mm (0.12&Prime;) de diam\u00e8tre x 302mm (11.88&Prime;) longueur utile \u2013 0\u00b0 DOV avec lumi\u00e8re\/manche LED de 107 lumens (3x batteries AAA).<\/li>\n<li>3.0&#215;302-30: Boroscope rigide, 3.0mm (0.12&Prime;) de diam\u00e8tre x 302mm (11.88&Prime;) longueur utile \u2013 30\u00b0 DOV avec lumi\u00e8re\/manche LED de 107 lumens (3x batteries AAA).<\/li>\n<li>3.0&#215;302-70: Boroscope rigide, 3.0mm (0.12&Prime;) de diam\u00e8tre x 302mm (11.88&Prime;) longueur utile \u2013 70\u00b0 DOV avec lumi\u00e8re\/manche LED de 107 lumens (3x batteries AAA).<\/li>\n<\/ul>\n<h4><strong>4.0&#215;302<\/strong><\/h4>\n<ul>\n<li>4.0&#215;302-0: Boroscope rigide, 4.0mm (0.16&Prime;) de diam\u00e8tre x 302mm (11.88&Prime;) longueur utile \u2013 0\u00b0 DOV avec lumi\u00e8re\/manche LED de 107 lumens (3x batteries AAA).<\/li>\n<li>4.0&#215;302-30: Boroscope rigide, 4.0mm (0.16&Prime;) de diam\u00e8tre x 302mm (11.88&Prime;) longueur utile \u2013 30\u00b0 DOV avec lumi\u00e8re\/manche LED de 107 lumens (3x batteries AAA).<\/li>\n<li>4.0&#215;302-70: Boroscope rigide, 4.0mm (0.16&Prime;) de diam\u00e8tre x 302mm (11.88&Prime;) longueur utile \u2013 70\u00b0 DOV avec lumi\u00e8re\/manche LED de 107 lumens (3x batteries AAA).<\/li>\n<li>4.0&#215;302-90: Boroscope rigide, 4.0mm (0.16&Prime;) de diam\u00e8tre x 302mm (11.88&Prime;) longueur utile \u2013 90\u00b0 DOV avec lumi\u00e8re\/manche LED de 107 lumens (3x batteries AAA).<\/li>\n<li>4.0&#215;302-110: Boroscope rigide, 4.0mm (0.16&Prime;) de diam\u00e8tre x 302mm (11.88&Prime;) longueur utile \u2013 110\u00b0 DOV avec lumi\u00e8re\/manche LED de 107 lumens (3x batteries AAA).<\/li>\n<\/ul>\n<h4><strong>4.0&#215;430<\/strong><\/h4>\n<ul>\n<li>4.0&#215;430-0: Boroscope rigide, 4.0mm (0.16&Prime;) de diam\u00e8tre x 430mm (16.92&Prime;) longueur utile \u2013 0\u00b0 DOV avec lumi\u00e8re\/manche LED de 107 lumens (3x batteries AAA).<\/li>\n<li>4.0&#215;430-30: Boroscope rigide, 4.0mm (0.16&Prime;) de diam\u00e8tre x 430mm (16.92&Prime;) longueur utile \u2013 30\u00b0 DOV avec lumi\u00e8re\/manche LED de 107 lumens (3x batteries AAA).<\/li>\n<li>4.0&#215;430-70: Boroscope rigide, 4.0mm (0.16&Prime;) de diam\u00e8tre x 430mm (16.92&Prime;) longueur utile \u2013 70\u00b0 DOV avec lumi\u00e8re\/manche LED de 107 lumens (3x batteries AAA).<\/li>\n<li>4.0&#215;430-90: Boroscope rigide, 4.0mm (0.16&Prime;) de diam\u00e8tre x 430mm (16.92&Prime;) longueur utile \u2013 90\u00b0 DOV avec lumi\u00e8re\/manche LED de 107 lumens (3x batteries AAA).<\/li>\n<li>4.0&#215;430-110: Boroscope rigide, 4.0mm (0.16&Prime;) de diam\u00e8tre x 430mm (16.92&Prime;) longueur utile \u2013 110\u00b0 DOV avec lumi\u00e8re\/manche LED de 107 lumens (3x batteries AAA).<\/li>\n<\/ul>\n<h4><strong>5.0&#215;600<\/strong><\/h4>\n<ul>\n<li>5.0&#215;600-0: Boroscope rigide, 5.0mm (0.19&Prime;) de diam\u00e8tre x 600mm (23.6&Prime;) longueur utile \u2013 0\u00b0 DOV avec lumi\u00e8re\/manche LED de 107 lumens (3x batteries AAA).<\/li>\n<li>5.0&#215;600-30: Boroscope rigide, 5.0mm (0.19&Prime;) de diam\u00e8tre x 600mm (23.6&Prime;) longueur utile \u2013 30\u00b0 DOV avec lumi\u00e8re\/manche LED de 107 lumens (3x batteries AAA).<\/li>\n<li>5.0&#215;600-70: Boroscope rigide, 5.0mm (0.19&Prime;) de diam\u00e8tre x 600mm (23.6&Prime;) longueur utile \u2013 70\u00b0 DOV avec lumi\u00e8re\/manche LED de 107 lumens (3x batteries AAA).<\/li>\n<li>5.0&#215;600-90: Boroscope rigide, 5.0mm (0.19&Prime;) de diam\u00e8tre x 600mm (23.6&Prime;) longueur utile \u2013 90\u00b0 DOV avec lumi\u00e8re\/manche LED de 107 lumens (3x batteries AAA).<\/li>\n<\/ul>\n<h4><strong>6.0&#215;430<\/strong><\/h4>\n<ul>\n<li>6.0&#215;430-0: Boroscope rigide, 6.0mm (0.20&Prime;) de diam\u00e8tre x 430mm (16.92&Prime;) longueur utile \u2013 0\u00b0 DOV avec lumi\u00e8re\/manche LED de 107 lumens (3x batteries AAA).<\/li>\n<li>6.0&#215;430-30: Boroscope rigide, 6.0mm (0.20&Prime;) de diam\u00e8tre x 430mm (16.92&Prime;) longueur utile \u2013 30\u00b0 DOV avec lumi\u00e8re\/manche LED de 107 lumens (3x batteries AAA).<\/li>\n<li>6.0&#215;430-70: Boroscope rigide, 6.0mm (0.20&Prime;) de diam\u00e8tre x 430mm (16.92&Prime;) longueur utile \u2013 70\u00b0 DOV avec lumi\u00e8re\/manche LED de 107 lumens (3x batteries AAA).<\/li>\n<li>6.0&#215;430-90: Boroscope rigide, 6.0mm (0.20&Prime;) de diam\u00e8tre x 430mm (16.92&Prime;) longueur utile \u2013 90\u00b0 DOV avec lumi\u00e8re\/manche LED de 107 lumens (3x batteries AAA).<\/li>\n<li>6.0&#215;430-110: Boroscope rigide, 6.0mm (0.20&Prime;) de diam\u00e8tre x 430mm (16.92&Prime;) longueur utile \u2013 110\u00b0 DOV avec lumi\u00e8re\/manche LED de 107 lumens (3x batteries AAA).<\/li>\n<\/ul>\n<h4><strong>Ajout<\/strong><\/h4>\n<ul>\n<li>CAM: Cam\u00e9ra CCD portative pour boroscope, (r\u00e9solution 1,300,000 pixel), avec \u00e9cran LCD couleur de 7&Prime;.<\/li>\n<\/ul>\n","protected":false},"excerpt":{"rendered":"<p>QNDE Boroscope Rigide Les boroscopes rigides procurent une r\u00e9solution significativement plus \u00e9lev\u00e9 que les fibroscopes et vid\u00e9oscopes \u00e0 des prix beaucoup plus bas. Fait enti\u00e8rement de stainless, ils sont \u00e9tanches \u00e0 l\u2019eau et \u00e9quipp\u00e9s d\u2019un oculaire universel de 32mm. Ces boroscopes de construction allemande ont un champ de vision (FOV) de 55\u00b0 et sont disponible [&hellip;]<\/p>\n","protected":false},"featured_media":19971,"template":"","meta":{"_monsterinsights_skip_tracking":false,"_monsterinsights_sitenote_active":false,"_monsterinsights_sitenote_note":"","_monsterinsights_sitenote_category":0},"product_brand":[],"product_cat":[392,149],"product_tag":[],"class_list":{"0":"post-19850","1":"product","2":"type-product","3":"status-publish","4":"has-post-thumbnail","6":"product_cat-qnde-fr","7":"product_cat-boroscopes-rigides","9":"first","10":"instock","11":"shipping-taxable","12":"purchasable","13":"product-type-variable"},"yoast_head":"<!-- This site is optimized with the Yoast SEO plugin v23.9 - https:\/\/yoast.com\/wordpress\/plugins\/seo\/ -->\n<title>QNDE Boroscope Rigide &#060; Qualit\u00e9 NDE<\/title>\n<meta name=\"description\" content=\"Les boroscopes rigides procurent une r\u00e9solution significativement plus \u00e9lev\u00e9 que les fibroscopes et vid\u00e9oscopes \u00e0 des prix beaucoup plus bas.\" \/>\n<meta name=\"robots\" content=\"index, follow, max-snippet:-1, max-image-preview:large, max-video-preview:-1\" \/>\n<link rel=\"canonical\" href=\"https:\/\/www.qnde.ca\/fr\/produit\/boroscope-rigide-fr\/\" \/>\n<meta name=\"twitter:label1\" content=\"Dur\u00e9e de lecture estim\u00e9e\" \/>\n\t<meta name=\"twitter:data1\" content=\"4 minutes\" \/>\n<script type=\"application\/ld+json\" class=\"yoast-schema-graph\">{\"@context\":\"https:\/\/schema.org\",\"@graph\":[{\"@type\":[\"WebPage\",\"ItemPage\"],\"@id\":\"https:\/\/www.qnde.ca\/fr\/produit\/boroscope-rigide-fr\/\",\"url\":\"https:\/\/www.qnde.ca\/fr\/produit\/boroscope-rigide-fr\/\",\"name\":\"QNDE Boroscope Rigide &#060; Qualit\u00e9 NDE\",\"isPartOf\":{\"@id\":\"https:\/\/www.qnde.ca\/#website\"},\"primaryImageOfPage\":{\"@id\":\"https:\/\/www.qnde.ca\/fr\/produit\/boroscope-rigide-fr\/#primaryimage\"},\"image\":{\"@id\":\"https:\/\/www.qnde.ca\/fr\/produit\/boroscope-rigide-fr\/#primaryimage\"},\"thumbnailUrl\":\"https:\/\/www.qnde.ca\/wp-content\/uploads\/2021\/06\/Rigid-Boroscope-4.0mm-0.16-in-diameter-x-302mm-11.88-working-length-\u2013-90\u00b0-DOV-with-LED-light-handle-\u2013-Item-4.0x302-0.jpg\",\"datePublished\":\"2021-06-17T13:43:47+00:00\",\"dateModified\":\"2022-11-09T16:56:12+00:00\",\"description\":\"Les boroscopes rigides procurent une r\u00e9solution significativement plus \u00e9lev\u00e9 que les fibroscopes et vid\u00e9oscopes \u00e0 des prix beaucoup plus bas.\",\"breadcrumb\":{\"@id\":\"https:\/\/www.qnde.ca\/fr\/produit\/boroscope-rigide-fr\/#breadcrumb\"},\"inLanguage\":\"fr-FR\",\"potentialAction\":[{\"@type\":\"ReadAction\",\"target\":[\"https:\/\/www.qnde.ca\/fr\/produit\/boroscope-rigide-fr\/\"]}]},{\"@type\":\"ImageObject\",\"inLanguage\":\"fr-FR\",\"@id\":\"https:\/\/www.qnde.ca\/fr\/produit\/boroscope-rigide-fr\/#primaryimage\",\"url\":\"https:\/\/www.qnde.ca\/wp-content\/uploads\/2021\/06\/Rigid-Boroscope-4.0mm-0.16-in-diameter-x-302mm-11.88-working-length-\u2013-90\u00b0-DOV-with-LED-light-handle-\u2013-Item-4.0x302-0.jpg\",\"contentUrl\":\"https:\/\/www.qnde.ca\/wp-content\/uploads\/2021\/06\/Rigid-Boroscope-4.0mm-0.16-in-diameter-x-302mm-11.88-working-length-\u2013-90\u00b0-DOV-with-LED-light-handle-\u2013-Item-4.0x302-0.jpg\",\"width\":700,\"height\":700,\"caption\":\"Rigid Boroscope, 4.0mm (0.16\u201d) in diameter x 302mm (11.88\u201d) working length \u2013 90\u00b0 DOV with LED light handle \u2013 Item 4.0x302-0\"},{\"@type\":\"BreadcrumbList\",\"@id\":\"https:\/\/www.qnde.ca\/fr\/produit\/boroscope-rigide-fr\/#breadcrumb\",\"itemListElement\":[{\"@type\":\"ListItem\",\"position\":1,\"name\":\"Accueil\",\"item\":\"https:\/\/www.qnde.ca\/fr\/\"},{\"@type\":\"ListItem\",\"position\":2,\"name\":\"Produits\",\"item\":\"https:\/\/www.qnde.ca\/fr\/produits\/\"},{\"@type\":\"ListItem\",\"position\":3,\"name\":\"Visuel\",\"item\":\"https:\/\/www.qnde.ca\/fr\/product-category\/visuel\/\"},{\"@type\":\"ListItem\",\"position\":4,\"name\":\"Boroscopes Rigides\",\"item\":\"https:\/\/www.qnde.ca\/fr\/product-category\/visuel\/boroscopes-rigides\/\"},{\"@type\":\"ListItem\",\"position\":5,\"name\":\"QNDE Boroscope Rigide\"}]},{\"@type\":\"WebSite\",\"@id\":\"https:\/\/www.qnde.ca\/#website\",\"url\":\"https:\/\/www.qnde.ca\/\",\"name\":\"Qualit\u00e9 NDE\",\"description\":\"\u00c9quipements d&#039;essais non destructifs \",\"publisher\":{\"@id\":\"https:\/\/www.qnde.ca\/#organization\"},\"potentialAction\":[{\"@type\":\"SearchAction\",\"target\":{\"@type\":\"EntryPoint\",\"urlTemplate\":\"https:\/\/www.qnde.ca\/?s={search_term_string}\"},\"query-input\":{\"@type\":\"PropertyValueSpecification\",\"valueRequired\":true,\"valueName\":\"search_term_string\"}}],\"inLanguage\":\"fr-FR\"},{\"@type\":\"Organization\",\"@id\":\"https:\/\/www.qnde.ca\/#organization\",\"name\":\"Quality NDT Ltd.\",\"url\":\"https:\/\/www.qnde.ca\/\",\"logo\":{\"@type\":\"ImageObject\",\"inLanguage\":\"fr-FR\",\"@id\":\"https:\/\/www.qnde.ca\/#\/schema\/logo\/image\/\",\"url\":\"https:\/\/www.qnde.ca\/wp-content\/uploads\/2022\/02\/QNDE_logo_RGB-gif.gif\",\"contentUrl\":\"https:\/\/www.qnde.ca\/wp-content\/uploads\/2022\/02\/QNDE_logo_RGB-gif.gif\",\"width\":250,\"height\":64,\"caption\":\"Quality NDT Ltd.\"},\"image\":{\"@id\":\"https:\/\/www.qnde.ca\/#\/schema\/logo\/image\/\"},\"sameAs\":[\"https:\/\/www.linkedin.com\/company\/qnde\/about\/?viewAsMember=true\"]}]}<\/script>\n<!-- \/ Yoast SEO plugin. -->","yoast_head_json":{"title":"QNDE Boroscope Rigide &#060; Qualit\u00e9 NDE","description":"Les boroscopes rigides procurent une r\u00e9solution significativement plus \u00e9lev\u00e9 que les fibroscopes et vid\u00e9oscopes \u00e0 des prix beaucoup plus bas.","robots":{"index":"index","follow":"follow","max-snippet":"max-snippet:-1","max-image-preview":"max-image-preview:large","max-video-preview":"max-video-preview:-1"},"canonical":"https:\/\/www.qnde.ca\/fr\/produit\/boroscope-rigide-fr\/","twitter_misc":{"Dur\u00e9e de lecture estim\u00e9e":"4 minutes"},"schema":{"@context":"https:\/\/schema.org","@graph":[{"@type":["WebPage","ItemPage"],"@id":"https:\/\/www.qnde.ca\/fr\/produit\/boroscope-rigide-fr\/","url":"https:\/\/www.qnde.ca\/fr\/produit\/boroscope-rigide-fr\/","name":"QNDE Boroscope Rigide &#060; Qualit\u00e9 NDE","isPartOf":{"@id":"https:\/\/www.qnde.ca\/#website"},"primaryImageOfPage":{"@id":"https:\/\/www.qnde.ca\/fr\/produit\/boroscope-rigide-fr\/#primaryimage"},"image":{"@id":"https:\/\/www.qnde.ca\/fr\/produit\/boroscope-rigide-fr\/#primaryimage"},"thumbnailUrl":"https:\/\/www.qnde.ca\/wp-content\/uploads\/2021\/06\/Rigid-Boroscope-4.0mm-0.16-in-diameter-x-302mm-11.88-working-length-\u2013-90\u00b0-DOV-with-LED-light-handle-\u2013-Item-4.0x302-0.jpg","datePublished":"2021-06-17T13:43:47+00:00","dateModified":"2022-11-09T16:56:12+00:00","description":"Les boroscopes rigides procurent une r\u00e9solution significativement plus \u00e9lev\u00e9 que les fibroscopes et vid\u00e9oscopes \u00e0 des prix beaucoup plus bas.","breadcrumb":{"@id":"https:\/\/www.qnde.ca\/fr\/produit\/boroscope-rigide-fr\/#breadcrumb"},"inLanguage":"fr-FR","potentialAction":[{"@type":"ReadAction","target":["https:\/\/www.qnde.ca\/fr\/produit\/boroscope-rigide-fr\/"]}]},{"@type":"ImageObject","inLanguage":"fr-FR","@id":"https:\/\/www.qnde.ca\/fr\/produit\/boroscope-rigide-fr\/#primaryimage","url":"https:\/\/www.qnde.ca\/wp-content\/uploads\/2021\/06\/Rigid-Boroscope-4.0mm-0.16-in-diameter-x-302mm-11.88-working-length-\u2013-90\u00b0-DOV-with-LED-light-handle-\u2013-Item-4.0x302-0.jpg","contentUrl":"https:\/\/www.qnde.ca\/wp-content\/uploads\/2021\/06\/Rigid-Boroscope-4.0mm-0.16-in-diameter-x-302mm-11.88-working-length-\u2013-90\u00b0-DOV-with-LED-light-handle-\u2013-Item-4.0x302-0.jpg","width":700,"height":700,"caption":"Rigid Boroscope, 4.0mm (0.16\u201d) in diameter x 302mm (11.88\u201d) working length \u2013 90\u00b0 DOV with LED light handle \u2013 Item 4.0x302-0"},{"@type":"BreadcrumbList","@id":"https:\/\/www.qnde.ca\/fr\/produit\/boroscope-rigide-fr\/#breadcrumb","itemListElement":[{"@type":"ListItem","position":1,"name":"Accueil","item":"https:\/\/www.qnde.ca\/fr\/"},{"@type":"ListItem","position":2,"name":"Produits","item":"https:\/\/www.qnde.ca\/fr\/produits\/"},{"@type":"ListItem","position":3,"name":"Visuel","item":"https:\/\/www.qnde.ca\/fr\/product-category\/visuel\/"},{"@type":"ListItem","position":4,"name":"Boroscopes Rigides","item":"https:\/\/www.qnde.ca\/fr\/product-category\/visuel\/boroscopes-rigides\/"},{"@type":"ListItem","position":5,"name":"QNDE Boroscope Rigide"}]},{"@type":"WebSite","@id":"https:\/\/www.qnde.ca\/#website","url":"https:\/\/www.qnde.ca\/","name":"Qualit\u00e9 NDE","description":"\u00c9quipements d&#039;essais non destructifs ","publisher":{"@id":"https:\/\/www.qnde.ca\/#organization"},"potentialAction":[{"@type":"SearchAction","target":{"@type":"EntryPoint","urlTemplate":"https:\/\/www.qnde.ca\/?s={search_term_string}"},"query-input":{"@type":"PropertyValueSpecification","valueRequired":true,"valueName":"search_term_string"}}],"inLanguage":"fr-FR"},{"@type":"Organization","@id":"https:\/\/www.qnde.ca\/#organization","name":"Quality NDT Ltd.","url":"https:\/\/www.qnde.ca\/","logo":{"@type":"ImageObject","inLanguage":"fr-FR","@id":"https:\/\/www.qnde.ca\/#\/schema\/logo\/image\/","url":"https:\/\/www.qnde.ca\/wp-content\/uploads\/2022\/02\/QNDE_logo_RGB-gif.gif","contentUrl":"https:\/\/www.qnde.ca\/wp-content\/uploads\/2022\/02\/QNDE_logo_RGB-gif.gif","width":250,"height":64,"caption":"Quality NDT Ltd."},"image":{"@id":"https:\/\/www.qnde.ca\/#\/schema\/logo\/image\/"},"sameAs":["https:\/\/www.linkedin.com\/company\/qnde\/about\/?viewAsMember=true"]}]}},"jetpack_sharing_enabled":true,"_links":{"self":[{"href":"https:\/\/www.qnde.ca\/fr\/wp-json\/wp\/v2\/product\/19850","targetHints":{"allow":["GET"]}}],"collection":[{"href":"https:\/\/www.qnde.ca\/fr\/wp-json\/wp\/v2\/product"}],"about":[{"href":"https:\/\/www.qnde.ca\/fr\/wp-json\/wp\/v2\/types\/product"}],"wp:featuredmedia":[{"embeddable":true,"href":"https:\/\/www.qnde.ca\/fr\/wp-json\/wp\/v2\/media\/19971"}],"wp:attachment":[{"href":"https:\/\/www.qnde.ca\/fr\/wp-json\/wp\/v2\/media?parent=19850"}],"wp:term":[{"taxonomy":"product_brand","embeddable":true,"href":"https:\/\/www.qnde.ca\/fr\/wp-json\/wp\/v2\/product_brand?post=19850"},{"taxonomy":"product_cat","embeddable":true,"href":"https:\/\/www.qnde.ca\/fr\/wp-json\/wp\/v2\/product_cat?post=19850"},{"taxonomy":"product_tag","embeddable":true,"href":"https:\/\/www.qnde.ca\/fr\/wp-json\/wp\/v2\/product_tag?post=19850"}],"curies":[{"name":"wp","href":"https:\/\/api.w.org\/{rel}","templated":true}]}}