{"id":19789,"date":"2021-04-26T16:31:45","date_gmt":"2021-04-26T20:31:45","guid":{"rendered":"https:\/\/www.qnde.ca\/?post_type=product&#038;p=19789"},"modified":"2025-08-18T14:07:53","modified_gmt":"2025-08-18T18:07:53","slug":"woodpecker-wp632am-fr","status":"publish","type":"product","link":"https:\/\/www.qnde.ca\/fr\/produit\/woodpecker-wp632am-fr\/","title":{"rendered":"Cadex Woodpecker WP632AM-R Marteau Automatique d\u2019Inspection"},"content":{"rendered":"<h3><strong>Cadex Woodpecker WP632AM-R Marteau Automatique d\u2019Inspection<\/strong><\/h3>\n<p>Le marteau automatique portable Woodpecker est approuv\u00e9 par Airbus, Boeing, Bombardier et autres (Num\u00e9ro de stock OTAN 6635-99-282-4319). Il quantifie l\u2019inspection permettant de d\u00e9tecter les d\u00e9laminations, les fronti\u00e8res entre diff\u00e9rents mat\u00e9riaux, de d\u00e9tecter le vieillissement et durcissement des colles, de localiser les zones non remplies, de d\u00e9tecter les infiltrations d\u2019eau, trouver les supports et autres.<\/p>\n<p>Visionnez la fiche technique et les vid\u00e9os pour plus d\u2019information.<\/p>\n<p>Contactez-nous afin de discuter de votre application, vos exigences, les options disponibles et\/ou recevoir une soumission.<\/p>\n<ul>\n<li>WP-632AM-R: Woodpecker WP632AM-R marteau automatique d\u2019inspection portatif, ensemble complet.<\/li>\n<li>WP-632-XY: Woodpecker scanneur deux axes pour l&rsquo;appareil WP632AM avec logiciel (g\u00e9n\u00e8re une carte C-Scan en couleur).<\/li>\n<\/ul>\n","protected":false},"excerpt":{"rendered":"<p>Cadex Woodpecker WP632AM-R Marteau Automatique d\u2019Inspection Le marteau automatique portable Woodpecker est approuv\u00e9 par Airbus, Boeing, Bombardier et autres (Num\u00e9ro de stock OTAN 6635-99-282-4319). Il quantifie l\u2019inspection permettant de d\u00e9tecter les d\u00e9laminations, les fronti\u00e8res entre diff\u00e9rents mat\u00e9riaux, de d\u00e9tecter le vieillissement et durcissement des colles, de localiser les zones non remplies, de d\u00e9tecter les infiltrations [&hellip;]<\/p>\n","protected":false},"featured_media":19794,"template":"","meta":{"_monsterinsights_skip_tracking":false,"_monsterinsights_sitenote_active":false,"_monsterinsights_sitenote_note":"","_monsterinsights_sitenote_category":0},"product_brand":[],"product_cat":[402,127],"product_tag":[],"class_list":{"0":"post-19789","1":"product","2":"type-product","3":"status-publish","4":"has-post-thumbnail","6":"product_cat-autres-marques","7":"product_cat-composites-ultrasons","9":"first","10":"instock","11":"shipping-taxable","12":"purchasable","13":"product-type-variable"},"yoast_head":"<!-- This site is optimized with the Yoast SEO plugin v23.9 - https:\/\/yoast.com\/wordpress\/plugins\/seo\/ -->\n<title>Cadex Woodpecker WP632AM-R Marteau Automatique d\u2019Inspection &#060; Qualit\u00e9 NDE<\/title>\n<meta name=\"description\" content=\"Cadex Woodpecker WP632AM-R, marteau automatique portable approuv\u00e9 par par Airbus, Boeing, Bombardier et autres (Num\u00e9ro de stock OTAN 6635-99-282-4319).\" \/>\n<meta name=\"robots\" content=\"index, follow, max-snippet:-1, max-image-preview:large, max-video-preview:-1\" \/>\n<link rel=\"canonical\" href=\"https:\/\/www.qnde.ca\/fr\/produit\/woodpecker-wp632am-fr\/\" \/>\n<meta name=\"twitter:label1\" content=\"Dur\u00e9e de lecture estim\u00e9e\" \/>\n\t<meta name=\"twitter:data1\" content=\"1 minute\" \/>\n<script type=\"application\/ld+json\" class=\"yoast-schema-graph\">{\"@context\":\"https:\/\/schema.org\",\"@graph\":[{\"@type\":[\"WebPage\",\"ItemPage\"],\"@id\":\"https:\/\/www.qnde.ca\/fr\/produit\/woodpecker-wp632am-fr\/\",\"url\":\"https:\/\/www.qnde.ca\/fr\/produit\/woodpecker-wp632am-fr\/\",\"name\":\"Cadex Woodpecker WP632AM-R Marteau Automatique d\u2019Inspection &#060; Qualit\u00e9 NDE\",\"isPartOf\":{\"@id\":\"https:\/\/www.qnde.ca\/#website\"},\"primaryImageOfPage\":{\"@id\":\"https:\/\/www.qnde.ca\/fr\/produit\/woodpecker-wp632am-fr\/#primaryimage\"},\"image\":{\"@id\":\"https:\/\/www.qnde.ca\/fr\/produit\/woodpecker-wp632am-fr\/#primaryimage\"},\"thumbnailUrl\":\"https:\/\/www.qnde.ca\/wp-content\/uploads\/2021\/04\/Woodpecker-WP632AM-handheld-automatic-tap-tester.jpg\",\"datePublished\":\"2021-04-26T20:31:45+00:00\",\"dateModified\":\"2025-08-18T18:07:53+00:00\",\"description\":\"Cadex Woodpecker WP632AM-R, marteau automatique portable approuv\u00e9 par par Airbus, Boeing, Bombardier et autres (Num\u00e9ro de stock OTAN 6635-99-282-4319).\",\"breadcrumb\":{\"@id\":\"https:\/\/www.qnde.ca\/fr\/produit\/woodpecker-wp632am-fr\/#breadcrumb\"},\"inLanguage\":\"fr-FR\",\"potentialAction\":[{\"@type\":\"ReadAction\",\"target\":[\"https:\/\/www.qnde.ca\/fr\/produit\/woodpecker-wp632am-fr\/\"]}]},{\"@type\":\"ImageObject\",\"inLanguage\":\"fr-FR\",\"@id\":\"https:\/\/www.qnde.ca\/fr\/produit\/woodpecker-wp632am-fr\/#primaryimage\",\"url\":\"https:\/\/www.qnde.ca\/wp-content\/uploads\/2021\/04\/Woodpecker-WP632AM-handheld-automatic-tap-tester.jpg\",\"contentUrl\":\"https:\/\/www.qnde.ca\/wp-content\/uploads\/2021\/04\/Woodpecker-WP632AM-handheld-automatic-tap-tester.jpg\",\"width\":300,\"height\":159,\"caption\":\"Woodpecker WP632AM, handheld automatic tap tester\"},{\"@type\":\"BreadcrumbList\",\"@id\":\"https:\/\/www.qnde.ca\/fr\/produit\/woodpecker-wp632am-fr\/#breadcrumb\",\"itemListElement\":[{\"@type\":\"ListItem\",\"position\":1,\"name\":\"Accueil\",\"item\":\"https:\/\/www.qnde.ca\/fr\/\"},{\"@type\":\"ListItem\",\"position\":2,\"name\":\"Produits\",\"item\":\"https:\/\/www.qnde.ca\/fr\/produits\/\"},{\"@type\":\"ListItem\",\"position\":3,\"name\":\"Ultrasons\",\"item\":\"https:\/\/www.qnde.ca\/fr\/product-category\/ultrasons\/\"},{\"@type\":\"ListItem\",\"position\":4,\"name\":\"Composites\",\"item\":\"https:\/\/www.qnde.ca\/fr\/product-category\/ultrasons\/composites-ultrasons\/\"},{\"@type\":\"ListItem\",\"position\":5,\"name\":\"Cadex Woodpecker WP632AM-R Marteau Automatique d\u2019Inspection\"}]},{\"@type\":\"WebSite\",\"@id\":\"https:\/\/www.qnde.ca\/#website\",\"url\":\"https:\/\/www.qnde.ca\/\",\"name\":\"Qualit\u00e9 NDE\",\"description\":\"\u00c9quipements d&#039;essais non destructifs \",\"publisher\":{\"@id\":\"https:\/\/www.qnde.ca\/#organization\"},\"potentialAction\":[{\"@type\":\"SearchAction\",\"target\":{\"@type\":\"EntryPoint\",\"urlTemplate\":\"https:\/\/www.qnde.ca\/?s={search_term_string}\"},\"query-input\":{\"@type\":\"PropertyValueSpecification\",\"valueRequired\":true,\"valueName\":\"search_term_string\"}}],\"inLanguage\":\"fr-FR\"},{\"@type\":\"Organization\",\"@id\":\"https:\/\/www.qnde.ca\/#organization\",\"name\":\"Quality NDT Ltd.\",\"url\":\"https:\/\/www.qnde.ca\/\",\"logo\":{\"@type\":\"ImageObject\",\"inLanguage\":\"fr-FR\",\"@id\":\"https:\/\/www.qnde.ca\/#\/schema\/logo\/image\/\",\"url\":\"https:\/\/www.qnde.ca\/wp-content\/uploads\/2022\/02\/QNDE_logo_RGB-gif.gif\",\"contentUrl\":\"https:\/\/www.qnde.ca\/wp-content\/uploads\/2022\/02\/QNDE_logo_RGB-gif.gif\",\"width\":250,\"height\":64,\"caption\":\"Quality NDT Ltd.\"},\"image\":{\"@id\":\"https:\/\/www.qnde.ca\/#\/schema\/logo\/image\/\"},\"sameAs\":[\"https:\/\/www.linkedin.com\/company\/qnde\/about\/?viewAsMember=true\"]}]}<\/script>\n<!-- \/ Yoast SEO plugin. -->","yoast_head_json":{"title":"Cadex Woodpecker WP632AM-R Marteau Automatique d\u2019Inspection &#060; Qualit\u00e9 NDE","description":"Cadex Woodpecker WP632AM-R, marteau automatique portable approuv\u00e9 par par Airbus, Boeing, Bombardier et autres (Num\u00e9ro de stock OTAN 6635-99-282-4319).","robots":{"index":"index","follow":"follow","max-snippet":"max-snippet:-1","max-image-preview":"max-image-preview:large","max-video-preview":"max-video-preview:-1"},"canonical":"https:\/\/www.qnde.ca\/fr\/produit\/woodpecker-wp632am-fr\/","twitter_misc":{"Dur\u00e9e de lecture estim\u00e9e":"1 minute"},"schema":{"@context":"https:\/\/schema.org","@graph":[{"@type":["WebPage","ItemPage"],"@id":"https:\/\/www.qnde.ca\/fr\/produit\/woodpecker-wp632am-fr\/","url":"https:\/\/www.qnde.ca\/fr\/produit\/woodpecker-wp632am-fr\/","name":"Cadex Woodpecker WP632AM-R Marteau Automatique d\u2019Inspection &#060; Qualit\u00e9 NDE","isPartOf":{"@id":"https:\/\/www.qnde.ca\/#website"},"primaryImageOfPage":{"@id":"https:\/\/www.qnde.ca\/fr\/produit\/woodpecker-wp632am-fr\/#primaryimage"},"image":{"@id":"https:\/\/www.qnde.ca\/fr\/produit\/woodpecker-wp632am-fr\/#primaryimage"},"thumbnailUrl":"https:\/\/www.qnde.ca\/wp-content\/uploads\/2021\/04\/Woodpecker-WP632AM-handheld-automatic-tap-tester.jpg","datePublished":"2021-04-26T20:31:45+00:00","dateModified":"2025-08-18T18:07:53+00:00","description":"Cadex Woodpecker WP632AM-R, marteau automatique portable approuv\u00e9 par par Airbus, Boeing, Bombardier et autres (Num\u00e9ro de stock OTAN 6635-99-282-4319).","breadcrumb":{"@id":"https:\/\/www.qnde.ca\/fr\/produit\/woodpecker-wp632am-fr\/#breadcrumb"},"inLanguage":"fr-FR","potentialAction":[{"@type":"ReadAction","target":["https:\/\/www.qnde.ca\/fr\/produit\/woodpecker-wp632am-fr\/"]}]},{"@type":"ImageObject","inLanguage":"fr-FR","@id":"https:\/\/www.qnde.ca\/fr\/produit\/woodpecker-wp632am-fr\/#primaryimage","url":"https:\/\/www.qnde.ca\/wp-content\/uploads\/2021\/04\/Woodpecker-WP632AM-handheld-automatic-tap-tester.jpg","contentUrl":"https:\/\/www.qnde.ca\/wp-content\/uploads\/2021\/04\/Woodpecker-WP632AM-handheld-automatic-tap-tester.jpg","width":300,"height":159,"caption":"Woodpecker WP632AM, handheld automatic tap tester"},{"@type":"BreadcrumbList","@id":"https:\/\/www.qnde.ca\/fr\/produit\/woodpecker-wp632am-fr\/#breadcrumb","itemListElement":[{"@type":"ListItem","position":1,"name":"Accueil","item":"https:\/\/www.qnde.ca\/fr\/"},{"@type":"ListItem","position":2,"name":"Produits","item":"https:\/\/www.qnde.ca\/fr\/produits\/"},{"@type":"ListItem","position":3,"name":"Ultrasons","item":"https:\/\/www.qnde.ca\/fr\/product-category\/ultrasons\/"},{"@type":"ListItem","position":4,"name":"Composites","item":"https:\/\/www.qnde.ca\/fr\/product-category\/ultrasons\/composites-ultrasons\/"},{"@type":"ListItem","position":5,"name":"Cadex Woodpecker WP632AM-R Marteau Automatique d\u2019Inspection"}]},{"@type":"WebSite","@id":"https:\/\/www.qnde.ca\/#website","url":"https:\/\/www.qnde.ca\/","name":"Qualit\u00e9 NDE","description":"\u00c9quipements d&#039;essais non destructifs ","publisher":{"@id":"https:\/\/www.qnde.ca\/#organization"},"potentialAction":[{"@type":"SearchAction","target":{"@type":"EntryPoint","urlTemplate":"https:\/\/www.qnde.ca\/?s={search_term_string}"},"query-input":{"@type":"PropertyValueSpecification","valueRequired":true,"valueName":"search_term_string"}}],"inLanguage":"fr-FR"},{"@type":"Organization","@id":"https:\/\/www.qnde.ca\/#organization","name":"Quality NDT Ltd.","url":"https:\/\/www.qnde.ca\/","logo":{"@type":"ImageObject","inLanguage":"fr-FR","@id":"https:\/\/www.qnde.ca\/#\/schema\/logo\/image\/","url":"https:\/\/www.qnde.ca\/wp-content\/uploads\/2022\/02\/QNDE_logo_RGB-gif.gif","contentUrl":"https:\/\/www.qnde.ca\/wp-content\/uploads\/2022\/02\/QNDE_logo_RGB-gif.gif","width":250,"height":64,"caption":"Quality NDT Ltd."},"image":{"@id":"https:\/\/www.qnde.ca\/#\/schema\/logo\/image\/"},"sameAs":["https:\/\/www.linkedin.com\/company\/qnde\/about\/?viewAsMember=true"]}]}},"jetpack_sharing_enabled":true,"_links":{"self":[{"href":"https:\/\/www.qnde.ca\/fr\/wp-json\/wp\/v2\/product\/19789","targetHints":{"allow":["GET"]}}],"collection":[{"href":"https:\/\/www.qnde.ca\/fr\/wp-json\/wp\/v2\/product"}],"about":[{"href":"https:\/\/www.qnde.ca\/fr\/wp-json\/wp\/v2\/types\/product"}],"wp:featuredmedia":[{"embeddable":true,"href":"https:\/\/www.qnde.ca\/fr\/wp-json\/wp\/v2\/media\/19794"}],"wp:attachment":[{"href":"https:\/\/www.qnde.ca\/fr\/wp-json\/wp\/v2\/media?parent=19789"}],"wp:term":[{"taxonomy":"product_brand","embeddable":true,"href":"https:\/\/www.qnde.ca\/fr\/wp-json\/wp\/v2\/product_brand?post=19789"},{"taxonomy":"product_cat","embeddable":true,"href":"https:\/\/www.qnde.ca\/fr\/wp-json\/wp\/v2\/product_cat?post=19789"},{"taxonomy":"product_tag","embeddable":true,"href":"https:\/\/www.qnde.ca\/fr\/wp-json\/wp\/v2\/product_tag?post=19789"}],"curies":[{"name":"wp","href":"https:\/\/api.w.org\/{rel}","templated":true}]}}