{"id":19783,"date":"2021-04-26T16:25:08","date_gmt":"2021-04-26T20:25:08","guid":{"rendered":"https:\/\/www.qnde.ca\/?post_type=product&#038;p=19783"},"modified":"2025-08-18T14:11:20","modified_gmt":"2025-08-18T18:11:20","slug":"bondhub-ii-fr","status":"publish","type":"product","link":"https:\/\/www.qnde.ca\/fr\/produit\/bondhub-ii-fr\/","title":{"rendered":"NDT Systems Syst\u00e8me d\u2019Imagerie de Composite BondHub II"},"content":{"rendered":"<h3><strong>NDT Systems Syst\u00e8me d\u2019Imagerie de Composite<\/strong><strong style=\"font-size: 16px;\">\u00a0BondHub II<\/strong><\/h3>\n<p>Le BondHub II avec le Bondascope 3100 est un syst\u00e8me portable d\u2019imagerie C-Scan automatis\u00e9 pour la cartographie d&rsquo;\u00e9paisseur de composite, d\u2019adh\u00e9rence, d\u00e9tection de d\u00e9lamination, d\u00e9fauts ou dommages d\u2019impact. Qu\u2019il s\u2019agisse d\u2019un lamin\u00e9 traditionnel d\u2019aluminium ou de composite en fibre de carbone, ce syst\u00e8me peut voir au travers des pi\u00e8ces et cr\u00e9er une carte d\u2019inspection compl\u00e8te.<\/p>\n<p>Visionnez la fiche technique et les vid\u00e9os pour plus d\u2019information.<\/p>\n<p>Contactez-nous afin de discuter de votre application, vos exigences, les options disponibles et\/ou recevoir une soumission.<\/p>\n<ul>\n<li>BONDHUB-2: BondHub ensemble complet: BondHub syst\u00e8me d\u2019acquisition de donn\u00e9es C-Scan avec ordinateur, clavier, souris, deux batteries Li-ion, chargeur 120VAC, c\u00e2ble de connexion Bondhub, manuel de l\u2019utilisateur et valise de transport rigide.<\/li>\n<li><a href=\"https:\/\/www.qnde.ca\/fr\/produit\/bondascope-3100-fr\/\">BOND-3100<\/a>: Bondascope 3100 ensemble complet: appareil Bondascope 3100, batterie, chargeur 120VAC, manuel de l\u2019utilisateur, certificat d\u2019\u00e9talonnage et valise de transport rigide.<\/li>\n<\/ul>\n<h4><strong>Autres mod\u00e8les:<\/strong><\/h4>\n<ul>\n<li><a href=\"https:\/\/www.qnde.ca\/fr\/produit\/crosscan-fr\/\">CrosScan<\/a>: Scanner automatique portatif de haute pr\u00e9cision \u00e0 deux axes (18\u201dL x 15\u201dH), r\u00e9solution de 0.02&Prime;, vitesse de balayage de 8&Prime; \u00e0 la seconde, (batteries ou 120VAC) avec syst\u00e8me int\u00e9gr\u00e9 de sous-vide pour une adh\u00e9rence solide \u00e0 toute surface et syst\u00e8me d\u2019irrigation de couplant.<\/li>\n<li><a href=\"https:\/\/www.qnde.ca\/fr\/produit\/slidescan-fr\/\">SlideScan<\/a>: SlideScan scanneur manuel portatif de pr\u00e9cision \u00e0 deux axes, ensemble complet \u2013 trois grandeur disponibles.<\/li>\n<\/ul>\n","protected":false},"excerpt":{"rendered":"<p>NDT Systems Syst\u00e8me d\u2019Imagerie de Composite\u00a0BondHub II Le BondHub II avec le Bondascope 3100 est un syst\u00e8me portable d\u2019imagerie C-Scan automatis\u00e9 pour la cartographie d&rsquo;\u00e9paisseur de composite, d\u2019adh\u00e9rence, d\u00e9tection de d\u00e9lamination, d\u00e9fauts ou dommages d\u2019impact. Qu\u2019il s\u2019agisse d\u2019un lamin\u00e9 traditionnel d\u2019aluminium ou de composite en fibre de carbone, ce syst\u00e8me peut voir au travers des [&hellip;]<\/p>\n","protected":false},"featured_media":19785,"template":"","meta":{"_monsterinsights_skip_tracking":false,"_monsterinsights_sitenote_active":false,"_monsterinsights_sitenote_note":"","_monsterinsights_sitenote_category":0},"product_brand":[],"product_cat":[407,328,127],"product_tag":[],"class_list":{"0":"post-19783","1":"product","2":"type-product","3":"status-publish","4":"has-post-thumbnail","6":"product_cat-ndt-systems-fr","7":"product_cat-scanners-ultrasons","8":"product_cat-composites-ultrasons","10":"first","11":"instock","12":"shipping-taxable","13":"purchasable","14":"product-type-variable"},"yoast_head":"<!-- This site is optimized with the Yoast SEO plugin v23.9 - https:\/\/yoast.com\/wordpress\/plugins\/seo\/ -->\n<title>NDT Systems Syst\u00e8me d\u2019Imagerie de Composite BondHub II &#060; Qualit\u00e9 NDE<\/title>\n<meta name=\"description\" content=\"BondHub II : syst\u00e8me portable C-Scan pour composites. Cartographie d\u2019\u00e9paisseur, adh\u00e9rence, d\u00e9lamination, avec scanner automatis\u00e9 ou manuel.\" \/>\n<meta name=\"robots\" content=\"index, follow, max-snippet:-1, max-image-preview:large, max-video-preview:-1\" \/>\n<link rel=\"canonical\" href=\"https:\/\/www.qnde.ca\/fr\/produit\/bondhub-ii-fr\/\" \/>\n<meta name=\"twitter:label1\" content=\"Dur\u00e9e de lecture estim\u00e9e\" \/>\n\t<meta name=\"twitter:data1\" content=\"2 minutes\" \/>\n<script type=\"application\/ld+json\" class=\"yoast-schema-graph\">{\"@context\":\"https:\/\/schema.org\",\"@graph\":[{\"@type\":[\"WebPage\",\"ItemPage\"],\"@id\":\"https:\/\/www.qnde.ca\/fr\/produit\/bondhub-ii-fr\/\",\"url\":\"https:\/\/www.qnde.ca\/fr\/produit\/bondhub-ii-fr\/\",\"name\":\"NDT Systems Syst\u00e8me d\u2019Imagerie de Composite BondHub II &#060; Qualit\u00e9 NDE\",\"isPartOf\":{\"@id\":\"https:\/\/www.qnde.ca\/#website\"},\"primaryImageOfPage\":{\"@id\":\"https:\/\/www.qnde.ca\/fr\/produit\/bondhub-ii-fr\/#primaryimage\"},\"image\":{\"@id\":\"https:\/\/www.qnde.ca\/fr\/produit\/bondhub-ii-fr\/#primaryimage\"},\"thumbnailUrl\":\"https:\/\/www.qnde.ca\/wp-content\/uploads\/2021\/04\/BondHub-Portable-automated-composite-C-Scan-imaging-system.png\",\"datePublished\":\"2021-04-26T20:25:08+00:00\",\"dateModified\":\"2025-08-18T18:11:20+00:00\",\"description\":\"BondHub II : syst\u00e8me portable C-Scan pour composites. Cartographie d\u2019\u00e9paisseur, adh\u00e9rence, d\u00e9lamination, avec scanner automatis\u00e9 ou manuel.\",\"breadcrumb\":{\"@id\":\"https:\/\/www.qnde.ca\/fr\/produit\/bondhub-ii-fr\/#breadcrumb\"},\"inLanguage\":\"fr-FR\",\"potentialAction\":[{\"@type\":\"ReadAction\",\"target\":[\"https:\/\/www.qnde.ca\/fr\/produit\/bondhub-ii-fr\/\"]}]},{\"@type\":\"ImageObject\",\"inLanguage\":\"fr-FR\",\"@id\":\"https:\/\/www.qnde.ca\/fr\/produit\/bondhub-ii-fr\/#primaryimage\",\"url\":\"https:\/\/www.qnde.ca\/wp-content\/uploads\/2021\/04\/BondHub-Portable-automated-composite-C-Scan-imaging-system.png\",\"contentUrl\":\"https:\/\/www.qnde.ca\/wp-content\/uploads\/2021\/04\/BondHub-Portable-automated-composite-C-Scan-imaging-system.png\",\"width\":508,\"height\":584,\"caption\":\"BondHub Portable automated composite C-Scan imaging system\"},{\"@type\":\"BreadcrumbList\",\"@id\":\"https:\/\/www.qnde.ca\/fr\/produit\/bondhub-ii-fr\/#breadcrumb\",\"itemListElement\":[{\"@type\":\"ListItem\",\"position\":1,\"name\":\"Accueil\",\"item\":\"https:\/\/www.qnde.ca\/fr\/\"},{\"@type\":\"ListItem\",\"position\":2,\"name\":\"Produits\",\"item\":\"https:\/\/www.qnde.ca\/fr\/produits\/\"},{\"@type\":\"ListItem\",\"position\":3,\"name\":\"Ultrasons\",\"item\":\"https:\/\/www.qnde.ca\/fr\/product-category\/ultrasons\/\"},{\"@type\":\"ListItem\",\"position\":4,\"name\":\"Composites\",\"item\":\"https:\/\/www.qnde.ca\/fr\/product-category\/ultrasons\/composites-ultrasons\/\"},{\"@type\":\"ListItem\",\"position\":5,\"name\":\"NDT Systems Syst\u00e8me d\u2019Imagerie de Composite BondHub II\"}]},{\"@type\":\"WebSite\",\"@id\":\"https:\/\/www.qnde.ca\/#website\",\"url\":\"https:\/\/www.qnde.ca\/\",\"name\":\"Qualit\u00e9 NDE\",\"description\":\"\u00c9quipements d&#039;essais non destructifs \",\"publisher\":{\"@id\":\"https:\/\/www.qnde.ca\/#organization\"},\"potentialAction\":[{\"@type\":\"SearchAction\",\"target\":{\"@type\":\"EntryPoint\",\"urlTemplate\":\"https:\/\/www.qnde.ca\/?s={search_term_string}\"},\"query-input\":{\"@type\":\"PropertyValueSpecification\",\"valueRequired\":true,\"valueName\":\"search_term_string\"}}],\"inLanguage\":\"fr-FR\"},{\"@type\":\"Organization\",\"@id\":\"https:\/\/www.qnde.ca\/#organization\",\"name\":\"Quality NDT Ltd.\",\"url\":\"https:\/\/www.qnde.ca\/\",\"logo\":{\"@type\":\"ImageObject\",\"inLanguage\":\"fr-FR\",\"@id\":\"https:\/\/www.qnde.ca\/#\/schema\/logo\/image\/\",\"url\":\"https:\/\/www.qnde.ca\/wp-content\/uploads\/2022\/02\/QNDE_logo_RGB-gif.gif\",\"contentUrl\":\"https:\/\/www.qnde.ca\/wp-content\/uploads\/2022\/02\/QNDE_logo_RGB-gif.gif\",\"width\":250,\"height\":64,\"caption\":\"Quality NDT Ltd.\"},\"image\":{\"@id\":\"https:\/\/www.qnde.ca\/#\/schema\/logo\/image\/\"},\"sameAs\":[\"https:\/\/www.linkedin.com\/company\/qnde\/about\/?viewAsMember=true\"]}]}<\/script>\n<!-- \/ Yoast SEO plugin. -->","yoast_head_json":{"title":"NDT Systems Syst\u00e8me d\u2019Imagerie de Composite BondHub II &#060; Qualit\u00e9 NDE","description":"BondHub II : syst\u00e8me portable C-Scan pour composites. Cartographie d\u2019\u00e9paisseur, adh\u00e9rence, d\u00e9lamination, avec scanner automatis\u00e9 ou manuel.","robots":{"index":"index","follow":"follow","max-snippet":"max-snippet:-1","max-image-preview":"max-image-preview:large","max-video-preview":"max-video-preview:-1"},"canonical":"https:\/\/www.qnde.ca\/fr\/produit\/bondhub-ii-fr\/","twitter_misc":{"Dur\u00e9e de lecture estim\u00e9e":"2 minutes"},"schema":{"@context":"https:\/\/schema.org","@graph":[{"@type":["WebPage","ItemPage"],"@id":"https:\/\/www.qnde.ca\/fr\/produit\/bondhub-ii-fr\/","url":"https:\/\/www.qnde.ca\/fr\/produit\/bondhub-ii-fr\/","name":"NDT Systems Syst\u00e8me d\u2019Imagerie de Composite BondHub II &#060; Qualit\u00e9 NDE","isPartOf":{"@id":"https:\/\/www.qnde.ca\/#website"},"primaryImageOfPage":{"@id":"https:\/\/www.qnde.ca\/fr\/produit\/bondhub-ii-fr\/#primaryimage"},"image":{"@id":"https:\/\/www.qnde.ca\/fr\/produit\/bondhub-ii-fr\/#primaryimage"},"thumbnailUrl":"https:\/\/www.qnde.ca\/wp-content\/uploads\/2021\/04\/BondHub-Portable-automated-composite-C-Scan-imaging-system.png","datePublished":"2021-04-26T20:25:08+00:00","dateModified":"2025-08-18T18:11:20+00:00","description":"BondHub II : syst\u00e8me portable C-Scan pour composites. Cartographie d\u2019\u00e9paisseur, adh\u00e9rence, d\u00e9lamination, avec scanner automatis\u00e9 ou manuel.","breadcrumb":{"@id":"https:\/\/www.qnde.ca\/fr\/produit\/bondhub-ii-fr\/#breadcrumb"},"inLanguage":"fr-FR","potentialAction":[{"@type":"ReadAction","target":["https:\/\/www.qnde.ca\/fr\/produit\/bondhub-ii-fr\/"]}]},{"@type":"ImageObject","inLanguage":"fr-FR","@id":"https:\/\/www.qnde.ca\/fr\/produit\/bondhub-ii-fr\/#primaryimage","url":"https:\/\/www.qnde.ca\/wp-content\/uploads\/2021\/04\/BondHub-Portable-automated-composite-C-Scan-imaging-system.png","contentUrl":"https:\/\/www.qnde.ca\/wp-content\/uploads\/2021\/04\/BondHub-Portable-automated-composite-C-Scan-imaging-system.png","width":508,"height":584,"caption":"BondHub Portable automated composite C-Scan imaging system"},{"@type":"BreadcrumbList","@id":"https:\/\/www.qnde.ca\/fr\/produit\/bondhub-ii-fr\/#breadcrumb","itemListElement":[{"@type":"ListItem","position":1,"name":"Accueil","item":"https:\/\/www.qnde.ca\/fr\/"},{"@type":"ListItem","position":2,"name":"Produits","item":"https:\/\/www.qnde.ca\/fr\/produits\/"},{"@type":"ListItem","position":3,"name":"Ultrasons","item":"https:\/\/www.qnde.ca\/fr\/product-category\/ultrasons\/"},{"@type":"ListItem","position":4,"name":"Composites","item":"https:\/\/www.qnde.ca\/fr\/product-category\/ultrasons\/composites-ultrasons\/"},{"@type":"ListItem","position":5,"name":"NDT Systems Syst\u00e8me d\u2019Imagerie de Composite BondHub II"}]},{"@type":"WebSite","@id":"https:\/\/www.qnde.ca\/#website","url":"https:\/\/www.qnde.ca\/","name":"Qualit\u00e9 NDE","description":"\u00c9quipements d&#039;essais non destructifs ","publisher":{"@id":"https:\/\/www.qnde.ca\/#organization"},"potentialAction":[{"@type":"SearchAction","target":{"@type":"EntryPoint","urlTemplate":"https:\/\/www.qnde.ca\/?s={search_term_string}"},"query-input":{"@type":"PropertyValueSpecification","valueRequired":true,"valueName":"search_term_string"}}],"inLanguage":"fr-FR"},{"@type":"Organization","@id":"https:\/\/www.qnde.ca\/#organization","name":"Quality NDT Ltd.","url":"https:\/\/www.qnde.ca\/","logo":{"@type":"ImageObject","inLanguage":"fr-FR","@id":"https:\/\/www.qnde.ca\/#\/schema\/logo\/image\/","url":"https:\/\/www.qnde.ca\/wp-content\/uploads\/2022\/02\/QNDE_logo_RGB-gif.gif","contentUrl":"https:\/\/www.qnde.ca\/wp-content\/uploads\/2022\/02\/QNDE_logo_RGB-gif.gif","width":250,"height":64,"caption":"Quality NDT Ltd."},"image":{"@id":"https:\/\/www.qnde.ca\/#\/schema\/logo\/image\/"},"sameAs":["https:\/\/www.linkedin.com\/company\/qnde\/about\/?viewAsMember=true"]}]}},"jetpack_sharing_enabled":true,"_links":{"self":[{"href":"https:\/\/www.qnde.ca\/fr\/wp-json\/wp\/v2\/product\/19783","targetHints":{"allow":["GET"]}}],"collection":[{"href":"https:\/\/www.qnde.ca\/fr\/wp-json\/wp\/v2\/product"}],"about":[{"href":"https:\/\/www.qnde.ca\/fr\/wp-json\/wp\/v2\/types\/product"}],"wp:featuredmedia":[{"embeddable":true,"href":"https:\/\/www.qnde.ca\/fr\/wp-json\/wp\/v2\/media\/19785"}],"wp:attachment":[{"href":"https:\/\/www.qnde.ca\/fr\/wp-json\/wp\/v2\/media?parent=19783"}],"wp:term":[{"taxonomy":"product_brand","embeddable":true,"href":"https:\/\/www.qnde.ca\/fr\/wp-json\/wp\/v2\/product_brand?post=19783"},{"taxonomy":"product_cat","embeddable":true,"href":"https:\/\/www.qnde.ca\/fr\/wp-json\/wp\/v2\/product_cat?post=19783"},{"taxonomy":"product_tag","embeddable":true,"href":"https:\/\/www.qnde.ca\/fr\/wp-json\/wp\/v2\/product_tag?post=19783"}],"curies":[{"name":"wp","href":"https:\/\/api.w.org\/{rel}","templated":true}]}}