{"id":19772,"date":"2021-04-26T15:34:04","date_gmt":"2021-04-26T19:34:04","guid":{"rendered":"https:\/\/www.qnde.ca\/?post_type=product&#038;p=19772"},"modified":"2025-08-18T14:18:13","modified_gmt":"2025-08-18T18:18:13","slug":"wheelprobe-fr","status":"publish","type":"product","link":"https:\/\/www.qnde.ca\/fr\/produit\/wheelprobe-fr\/","title":{"rendered":"Sonatest WheelProbe Roue Ultrasonique \u00e0 un \u00c9l\u00e9ment"},"content":{"rendered":"<h3><strong>Sonatest WheelProbe Roue Ultrasonique \u00e0 un \u00c9l\u00e9ment<\/strong><\/h3>\n<p>La roue ultrasonique WheelProbe \u00e0 un \u00e9l\u00e9ment pour l\u2019inspection ultrasonique quasi sec. Avec un \u00e9l\u00e9ment, la sonde d\u2019immersion de 15mm, est disponible en 1MHz, 2MHz, 5MHz et 10MHz, avec une roue basse pression de 38mm et une roue haute pression de 25mm. Elle est \u00e9quip\u00e9e d&rsquo;un encodeur de positionnement optique et peut \u00eatre connect\u00e9e \u00e0 n&rsquo;importe quel d\u00e9tecteur de d\u00e9fauts conventionnels. Disponible avec connecteurs BNC ou LEMO<\/p>\n<p>Visionnez la fiche technique et les vid\u00e9os pour plus d\u2019information.<\/p>\n<p>Contactez-nous afin de discuter de votre application, vos exigences, les options disponibles et\/ou recevoir une soumission.<\/p>\n","protected":false},"excerpt":{"rendered":"<p>Sonatest WheelProbe Roue Ultrasonique \u00e0 un \u00c9l\u00e9ment La roue ultrasonique WheelProbe \u00e0 un \u00e9l\u00e9ment pour l\u2019inspection ultrasonique quasi sec. Avec un \u00e9l\u00e9ment, la sonde d\u2019immersion de 15mm, est disponible en 1MHz, 2MHz, 5MHz et 10MHz, avec une roue basse pression de 38mm et une roue haute pression de 25mm. Elle est \u00e9quip\u00e9e d&rsquo;un encodeur de [&hellip;]<\/p>\n","protected":false},"featured_media":19773,"template":"","meta":{"_monsterinsights_skip_tracking":false,"_monsterinsights_sitenote_active":false,"_monsterinsights_sitenote_note":"","_monsterinsights_sitenote_category":0},"product_brand":[],"product_cat":[401,127],"product_tag":[],"class_list":{"0":"post-19772","1":"product","2":"type-product","3":"status-publish","4":"has-post-thumbnail","6":"product_cat-sonatest-fr","7":"product_cat-composites-ultrasons","9":"first","10":"instock","11":"shipping-taxable","12":"purchasable","13":"product-type-simple"},"yoast_head":"<!-- This site is optimized with the Yoast SEO plugin v23.9 - https:\/\/yoast.com\/wordpress\/plugins\/seo\/ -->\n<title>Sonatest WheelProbe Roue Ultrasonique \u00e0 un \u00c9l\u00e9ment &#060; Qualit\u00e9 NDE<\/title>\n<meta name=\"description\" content=\"Sonatest: Wheelprobe\/Roue ultrasonique \u00e0 un \u00e9l\u00e9ment.Disponible avec connecteurs BNC ou LEMO. Contactez-nous afin de disctuter de vos options.\" \/>\n<meta name=\"robots\" content=\"index, follow, max-snippet:-1, max-image-preview:large, max-video-preview:-1\" \/>\n<link rel=\"canonical\" href=\"https:\/\/www.qnde.ca\/fr\/produit\/wheelprobe-fr\/\" \/>\n<meta name=\"twitter:label1\" content=\"Dur\u00e9e de lecture estim\u00e9e\" \/>\n\t<meta name=\"twitter:data1\" content=\"1 minute\" \/>\n<script type=\"application\/ld+json\" class=\"yoast-schema-graph\">{\"@context\":\"https:\/\/schema.org\",\"@graph\":[{\"@type\":[\"WebPage\",\"ItemPage\"],\"@id\":\"https:\/\/www.qnde.ca\/fr\/produit\/wheelprobe-fr\/\",\"url\":\"https:\/\/www.qnde.ca\/fr\/produit\/wheelprobe-fr\/\",\"name\":\"Sonatest WheelProbe Roue Ultrasonique \u00e0 un \u00c9l\u00e9ment &#060; Qualit\u00e9 NDE\",\"isPartOf\":{\"@id\":\"https:\/\/www.qnde.ca\/#website\"},\"primaryImageOfPage\":{\"@id\":\"https:\/\/www.qnde.ca\/fr\/produit\/wheelprobe-fr\/#primaryimage\"},\"image\":{\"@id\":\"https:\/\/www.qnde.ca\/fr\/produit\/wheelprobe-fr\/#primaryimage\"},\"thumbnailUrl\":\"https:\/\/www.qnde.ca\/wp-content\/uploads\/2021\/04\/Sonatest-WheelProbe-Single-Element-Ultrasonic-Probe.jpg\",\"datePublished\":\"2021-04-26T19:34:04+00:00\",\"dateModified\":\"2025-08-18T18:18:13+00:00\",\"description\":\"Sonatest: Wheelprobe\/Roue ultrasonique \u00e0 un \u00e9l\u00e9ment.Disponible avec connecteurs BNC ou LEMO. Contactez-nous afin de disctuter de vos options.\",\"breadcrumb\":{\"@id\":\"https:\/\/www.qnde.ca\/fr\/produit\/wheelprobe-fr\/#breadcrumb\"},\"inLanguage\":\"fr-FR\",\"potentialAction\":[{\"@type\":\"ReadAction\",\"target\":[\"https:\/\/www.qnde.ca\/fr\/produit\/wheelprobe-fr\/\"]}]},{\"@type\":\"ImageObject\",\"inLanguage\":\"fr-FR\",\"@id\":\"https:\/\/www.qnde.ca\/fr\/produit\/wheelprobe-fr\/#primaryimage\",\"url\":\"https:\/\/www.qnde.ca\/wp-content\/uploads\/2021\/04\/Sonatest-WheelProbe-Single-Element-Ultrasonic-Probe.jpg\",\"contentUrl\":\"https:\/\/www.qnde.ca\/wp-content\/uploads\/2021\/04\/Sonatest-WheelProbe-Single-Element-Ultrasonic-Probe.jpg\",\"width\":800,\"height\":600,\"caption\":\"Sonatest WheelProbe, Single Element Ultrasonic Probe\"},{\"@type\":\"BreadcrumbList\",\"@id\":\"https:\/\/www.qnde.ca\/fr\/produit\/wheelprobe-fr\/#breadcrumb\",\"itemListElement\":[{\"@type\":\"ListItem\",\"position\":1,\"name\":\"Accueil\",\"item\":\"https:\/\/www.qnde.ca\/fr\/\"},{\"@type\":\"ListItem\",\"position\":2,\"name\":\"Produits\",\"item\":\"https:\/\/www.qnde.ca\/fr\/produits\/\"},{\"@type\":\"ListItem\",\"position\":3,\"name\":\"Ultrasons\",\"item\":\"https:\/\/www.qnde.ca\/fr\/product-category\/ultrasons\/\"},{\"@type\":\"ListItem\",\"position\":4,\"name\":\"Composites\",\"item\":\"https:\/\/www.qnde.ca\/fr\/product-category\/ultrasons\/composites-ultrasons\/\"},{\"@type\":\"ListItem\",\"position\":5,\"name\":\"Sonatest WheelProbe Roue Ultrasonique \u00e0 un \u00c9l\u00e9ment\"}]},{\"@type\":\"WebSite\",\"@id\":\"https:\/\/www.qnde.ca\/#website\",\"url\":\"https:\/\/www.qnde.ca\/\",\"name\":\"Qualit\u00e9 NDE\",\"description\":\"\u00c9quipements d&#039;essais non destructifs \",\"publisher\":{\"@id\":\"https:\/\/www.qnde.ca\/#organization\"},\"potentialAction\":[{\"@type\":\"SearchAction\",\"target\":{\"@type\":\"EntryPoint\",\"urlTemplate\":\"https:\/\/www.qnde.ca\/?s={search_term_string}\"},\"query-input\":{\"@type\":\"PropertyValueSpecification\",\"valueRequired\":true,\"valueName\":\"search_term_string\"}}],\"inLanguage\":\"fr-FR\"},{\"@type\":\"Organization\",\"@id\":\"https:\/\/www.qnde.ca\/#organization\",\"name\":\"Quality NDT Ltd.\",\"url\":\"https:\/\/www.qnde.ca\/\",\"logo\":{\"@type\":\"ImageObject\",\"inLanguage\":\"fr-FR\",\"@id\":\"https:\/\/www.qnde.ca\/#\/schema\/logo\/image\/\",\"url\":\"https:\/\/www.qnde.ca\/wp-content\/uploads\/2022\/02\/QNDE_logo_RGB-gif.gif\",\"contentUrl\":\"https:\/\/www.qnde.ca\/wp-content\/uploads\/2022\/02\/QNDE_logo_RGB-gif.gif\",\"width\":250,\"height\":64,\"caption\":\"Quality NDT Ltd.\"},\"image\":{\"@id\":\"https:\/\/www.qnde.ca\/#\/schema\/logo\/image\/\"},\"sameAs\":[\"https:\/\/www.linkedin.com\/company\/qnde\/about\/?viewAsMember=true\"]}]}<\/script>\n<!-- \/ Yoast SEO plugin. -->","yoast_head_json":{"title":"Sonatest WheelProbe Roue Ultrasonique \u00e0 un \u00c9l\u00e9ment &#060; Qualit\u00e9 NDE","description":"Sonatest: Wheelprobe\/Roue ultrasonique \u00e0 un \u00e9l\u00e9ment.Disponible avec connecteurs BNC ou LEMO. Contactez-nous afin de disctuter de vos options.","robots":{"index":"index","follow":"follow","max-snippet":"max-snippet:-1","max-image-preview":"max-image-preview:large","max-video-preview":"max-video-preview:-1"},"canonical":"https:\/\/www.qnde.ca\/fr\/produit\/wheelprobe-fr\/","twitter_misc":{"Dur\u00e9e de lecture estim\u00e9e":"1 minute"},"schema":{"@context":"https:\/\/schema.org","@graph":[{"@type":["WebPage","ItemPage"],"@id":"https:\/\/www.qnde.ca\/fr\/produit\/wheelprobe-fr\/","url":"https:\/\/www.qnde.ca\/fr\/produit\/wheelprobe-fr\/","name":"Sonatest WheelProbe Roue Ultrasonique \u00e0 un \u00c9l\u00e9ment &#060; Qualit\u00e9 NDE","isPartOf":{"@id":"https:\/\/www.qnde.ca\/#website"},"primaryImageOfPage":{"@id":"https:\/\/www.qnde.ca\/fr\/produit\/wheelprobe-fr\/#primaryimage"},"image":{"@id":"https:\/\/www.qnde.ca\/fr\/produit\/wheelprobe-fr\/#primaryimage"},"thumbnailUrl":"https:\/\/www.qnde.ca\/wp-content\/uploads\/2021\/04\/Sonatest-WheelProbe-Single-Element-Ultrasonic-Probe.jpg","datePublished":"2021-04-26T19:34:04+00:00","dateModified":"2025-08-18T18:18:13+00:00","description":"Sonatest: Wheelprobe\/Roue ultrasonique \u00e0 un \u00e9l\u00e9ment.Disponible avec connecteurs BNC ou LEMO. Contactez-nous afin de disctuter de vos options.","breadcrumb":{"@id":"https:\/\/www.qnde.ca\/fr\/produit\/wheelprobe-fr\/#breadcrumb"},"inLanguage":"fr-FR","potentialAction":[{"@type":"ReadAction","target":["https:\/\/www.qnde.ca\/fr\/produit\/wheelprobe-fr\/"]}]},{"@type":"ImageObject","inLanguage":"fr-FR","@id":"https:\/\/www.qnde.ca\/fr\/produit\/wheelprobe-fr\/#primaryimage","url":"https:\/\/www.qnde.ca\/wp-content\/uploads\/2021\/04\/Sonatest-WheelProbe-Single-Element-Ultrasonic-Probe.jpg","contentUrl":"https:\/\/www.qnde.ca\/wp-content\/uploads\/2021\/04\/Sonatest-WheelProbe-Single-Element-Ultrasonic-Probe.jpg","width":800,"height":600,"caption":"Sonatest WheelProbe, Single Element Ultrasonic Probe"},{"@type":"BreadcrumbList","@id":"https:\/\/www.qnde.ca\/fr\/produit\/wheelprobe-fr\/#breadcrumb","itemListElement":[{"@type":"ListItem","position":1,"name":"Accueil","item":"https:\/\/www.qnde.ca\/fr\/"},{"@type":"ListItem","position":2,"name":"Produits","item":"https:\/\/www.qnde.ca\/fr\/produits\/"},{"@type":"ListItem","position":3,"name":"Ultrasons","item":"https:\/\/www.qnde.ca\/fr\/product-category\/ultrasons\/"},{"@type":"ListItem","position":4,"name":"Composites","item":"https:\/\/www.qnde.ca\/fr\/product-category\/ultrasons\/composites-ultrasons\/"},{"@type":"ListItem","position":5,"name":"Sonatest WheelProbe Roue Ultrasonique \u00e0 un \u00c9l\u00e9ment"}]},{"@type":"WebSite","@id":"https:\/\/www.qnde.ca\/#website","url":"https:\/\/www.qnde.ca\/","name":"Qualit\u00e9 NDE","description":"\u00c9quipements d&#039;essais non destructifs ","publisher":{"@id":"https:\/\/www.qnde.ca\/#organization"},"potentialAction":[{"@type":"SearchAction","target":{"@type":"EntryPoint","urlTemplate":"https:\/\/www.qnde.ca\/?s={search_term_string}"},"query-input":{"@type":"PropertyValueSpecification","valueRequired":true,"valueName":"search_term_string"}}],"inLanguage":"fr-FR"},{"@type":"Organization","@id":"https:\/\/www.qnde.ca\/#organization","name":"Quality NDT Ltd.","url":"https:\/\/www.qnde.ca\/","logo":{"@type":"ImageObject","inLanguage":"fr-FR","@id":"https:\/\/www.qnde.ca\/#\/schema\/logo\/image\/","url":"https:\/\/www.qnde.ca\/wp-content\/uploads\/2022\/02\/QNDE_logo_RGB-gif.gif","contentUrl":"https:\/\/www.qnde.ca\/wp-content\/uploads\/2022\/02\/QNDE_logo_RGB-gif.gif","width":250,"height":64,"caption":"Quality NDT Ltd."},"image":{"@id":"https:\/\/www.qnde.ca\/#\/schema\/logo\/image\/"},"sameAs":["https:\/\/www.linkedin.com\/company\/qnde\/about\/?viewAsMember=true"]}]}},"jetpack_sharing_enabled":true,"_links":{"self":[{"href":"https:\/\/www.qnde.ca\/fr\/wp-json\/wp\/v2\/product\/19772","targetHints":{"allow":["GET"]}}],"collection":[{"href":"https:\/\/www.qnde.ca\/fr\/wp-json\/wp\/v2\/product"}],"about":[{"href":"https:\/\/www.qnde.ca\/fr\/wp-json\/wp\/v2\/types\/product"}],"wp:featuredmedia":[{"embeddable":true,"href":"https:\/\/www.qnde.ca\/fr\/wp-json\/wp\/v2\/media\/19773"}],"wp:attachment":[{"href":"https:\/\/www.qnde.ca\/fr\/wp-json\/wp\/v2\/media?parent=19772"}],"wp:term":[{"taxonomy":"product_brand","embeddable":true,"href":"https:\/\/www.qnde.ca\/fr\/wp-json\/wp\/v2\/product_brand?post=19772"},{"taxonomy":"product_cat","embeddable":true,"href":"https:\/\/www.qnde.ca\/fr\/wp-json\/wp\/v2\/product_cat?post=19772"},{"taxonomy":"product_tag","embeddable":true,"href":"https:\/\/www.qnde.ca\/fr\/wp-json\/wp\/v2\/product_tag?post=19772"}],"curies":[{"name":"wp","href":"https:\/\/api.w.org\/{rel}","templated":true}]}}